{"id":3,"date":"2019-09-02T14:49:17","date_gmt":"2019-09-02T12:49:17","guid":{"rendered":"http:\/\/tienda.pcmadrid.es\/?page_id=3"},"modified":"2019-10-22T16:01:52","modified_gmt":"2019-10-22T14:01:52","slug":"politica-privacidad","status":"publish","type":"page","link":"https:\/\/www.pcmadrid.es\/tienda\/politica-privacidad\/","title":{"rendered":"Pol\u00edtica de privacidad"},"content":{"rendered":"<h2 class=\"titulo-subrayado m-t-3 url-break h3\">PCMADRID UTILIZA COOKIES DE DIFERENTES TIPOS:<\/h2>\n<ul class=\"text-only-content\">\n<li><strong>Cookies de sesi\u00f3n<\/strong>: dise\u00f1adas para recabar y almacenar datos mientras el usuario accede a una p\u00e1gina web. Se suelen emplear para almacenar informaci\u00f3n que s\u00f3lo interesa conservar para la prestaci\u00f3n del servicio solicitado por el usuario en una sola ocasi\u00f3n (por ejemplo, una lista de productos adquiridos).<\/li>\n<\/ul>\n<p>&nbsp;<\/p>\n<ul class=\"text-only-content\">\n<li><strong>Cookies persistentes<\/strong>: Son un tipo de cookies por las que los datos siguen almacenados en el terminal y puede accederse a ellos y ser tratados durante un periodo definido. Tienen fecha de borrado. Se utilizan por ejemplo en el proceso de compra o registro para evitar tener que introducir nuestros datos constantemente.<\/li>\n<\/ul>\n<ul class=\"text-only-content\">\n<li><strong>Cookies propias:<\/strong>\u00a0Son aquellas que se env\u00edan al dispositivo del usuario gestionadas exclusivamente por nosotros para el mejor funcionamiento del sitio.<\/li>\n<\/ul>\n<p>&nbsp;<\/p>\n<ul class=\"text-only-content\">\n<li><strong>Cookies de terceros:<\/strong>\u00a0Son aquellas que se env\u00edan al dispositivo del usuario desde un equipo o dominio que no es gestionado por nosotros sino por otra entidad, que tratar\u00e1 los datos obtenidos.<\/li>\n<\/ul>\n<ul class=\"text-only-content\">\n<li><strong>Cookies de registro<\/strong>: Cuando el usuario entra en nuestra web e inicia sesi\u00f3n se instala una cookie propia y temporal para que pueda navegar por su zona de usuario sin tener que introducir sus datos continuamente. Esta cookie desaparecer\u00e1 cuando cierre sesi\u00f3n.<\/li>\n<\/ul>\n<p>&nbsp;<\/p>\n<ul class=\"text-only-content\">\n<li><strong>Cookies de an\u00e1lisis<\/strong>: Sirven para estudiar el comportamiento de los usuarios de forma an\u00f3nima al navegar por nuestra web. As\u00ed podremos conocer los contenidos m\u00e1s vistos, el n\u00famero de visitantes, etc. Una informaci\u00f3n que utilizaremos para mejorar la experiencia de navegaci\u00f3n y optimizar nuestros servicios. Pueden ser propias pero tambi\u00e9n de terceros. Entre \u00e9stas \u00faltimas se encuentran las cookies de Google Analytics y las de Iadvice.<\/li>\n<\/ul>\n<p>&nbsp;<\/p>\n<ul class=\"text-only-content\">\n<li><strong>Cookies publicitarias de terceros<\/strong>: El objetivo es optimizar la exposici\u00f3n de anuncios publicitarios. Para gestionar estos servicios utilizamos la plataforma de Doubleclick de Google que almacena informaci\u00f3n sobre los anuncios que han sido mostrados a un usuario, los que le interesan y si visita la web del anunciante.<\/li>\n<\/ul>\n<p>&nbsp;<\/p>\n<h3 class=\"titulo-subrayado m-t-3 h3\">DATOS DE INTER\u00c9S SOBRE COOKIES:<\/h3>\n<p>Opciones de navegador :<\/p>\n<ul class=\"text-only-content\">\n<li><strong>Chrome<\/strong>, desde\u00a0<a class=\"url-break\" href=\"http:\/\/support.google.com\/chrome\/bin\/answer.py?hl=es&amp;answer=95647\" target=\"_blank\" rel=\"noopener noreferrer\">http:\/\/support.google.com\/chrome\/bin\/answer.py?hl=es&amp;answer=95647<\/a><\/li>\n<li><strong>Safari<\/strong>, desde\u00a0<a class=\"url-break\" href=\"http:\/\/support.apple.com\/kb\/ph5042\" target=\"_blank\" rel=\"noopener noreferrer\">http:\/\/support.apple.com\/kb\/ph5042<\/a><\/li>\n<li><strong>Explorer<\/strong>, desde\u00a0<a class=\"url-break\" href=\"http:\/\/windows.microsoft.com\/es-es\/windows7\/how-to-manage-cookies-in-internet-explorer-9\" target=\"_blank\" rel=\"noopener noreferrer\">http:\/\/windows.microsoft.com\/es-es\/windows7\/how-to-manage-cookies-in-internet-explorer-9<\/a><\/li>\n<li><strong>Firefox<\/strong>, desde\u00a0<a class=\"url-break\" href=\"http:\/\/support.mozilla.org\/es\/kb\/habilitar-y-deshabilitar-cookies-que-los-sitios-we\" target=\"_blank\" rel=\"noopener noreferrer\">http:\/\/support.mozilla.org\/es\/kb\/habilitar-y-deshabilitar-cookies-que-los-sitios-we<\/a><\/li>\n<\/ul>\n<p>Cookies de Google:<\/p>\n<ul class=\"text-only-content\">\n<li><a class=\"url-break\" href=\"http:\/\/www.google.es\/intl\/es\/policies\/technologies\/types\/\" target=\"_blank\" rel=\"noopener noreferrer\">http:\/\/www.google.es\/intl\/es\/policies\/technologies\/types\/<\/a><\/li>\n<li><a class=\"url-break\" href=\"http:\/\/www.google.es\/policies\/technologies\/ads\/\" target=\"_blank\" rel=\"noopener noreferrer\">http:\/\/www.google.es\/policies\/technologies\/ads\/<\/a><\/li>\n<li><a class=\"url-break\" href=\"https:\/\/developers.google.com\/analytics\/devguides\/collection\/analyticsjs\/cookie-usage\" target=\"_blank\" rel=\"noopener noreferrer\">https:\/\/developers.google.com\/analytics\/devguides\/collection\/analyticsjs\/cookie-usage<\/a><\/li>\n<\/ul>\n<p>Si decide deshabilitar las Cookies no podremos ofrecerle algunos de nuestros servicios como, por ejemplo, permanecer identificado o mantener las compras en su carrito.<\/p>\n","protected":false},"excerpt":{"rendered":"<p>PCMADRID UTILIZA COOKIES DE DIFERENTES TIPOS: Cookies de sesi\u00f3n: dise\u00f1adas para recabar y almacenar datos mientras el usuario accede a una p\u00e1gina web. Se suelen emplear para almacenar informaci\u00f3n que s\u00f3lo interesa conservar para la prestaci\u00f3n del servicio solicitado por el usuario en una sola ocasi\u00f3n (por ejemplo, una lista de productos adquiridos). &nbsp; Cookies [&hellip;]<\/p>\n","protected":false},"author":1,"featured_media":0,"parent":0,"menu_order":0,"comment_status":"closed","ping_status":"open","template":"","meta":{"_et_pb_use_builder":"","_et_pb_old_content":"","_et_gb_content_width":"","footnotes":""},"class_list":["post-3","page","type-page","status-publish","hentry"],"yoast_head":"<!-- This site is optimized with the Yoast SEO plugin v26.5 - https:\/\/yoast.com\/wordpress\/plugins\/seo\/ -->\n<title>Pol\u00edtica de privacidad | Tienda PCMADRID<\/title>\n<meta name=\"robots\" content=\"index, follow, max-snippet:-1, max-image-preview:large, max-video-preview:-1\" \/>\n<link rel=\"canonical\" href=\"https:\/\/www.pcmadrid.es\/tienda\/politica-privacidad\/\" \/>\n<meta name=\"twitter:label1\" content=\"Tiempo de lectura\" \/>\n\t<meta name=\"twitter:data1\" content=\"2 minutos\" \/>\n<script type=\"application\/ld+json\" class=\"yoast-schema-graph\">{\"@context\":\"https:\/\/schema.org\",\"@graph\":[{\"@type\":\"WebPage\",\"@id\":\"https:\/\/www.pcmadrid.es\/tienda\/politica-privacidad\/\",\"url\":\"https:\/\/www.pcmadrid.es\/tienda\/politica-privacidad\/\",\"name\":\"Pol\u00edtica de privacidad | Tienda PCMADRID\",\"isPartOf\":{\"@id\":\"https:\/\/www.pcmadrid.es\/tienda\/#website\"},\"datePublished\":\"2019-09-02T12:49:17+00:00\",\"dateModified\":\"2019-10-22T14:01:52+00:00\",\"breadcrumb\":{\"@id\":\"https:\/\/www.pcmadrid.es\/tienda\/politica-privacidad\/#breadcrumb\"},\"inLanguage\":\"es\",\"potentialAction\":[{\"@type\":\"ReadAction\",\"target\":[\"https:\/\/www.pcmadrid.es\/tienda\/politica-privacidad\/\"]}]},{\"@type\":\"BreadcrumbList\",\"@id\":\"https:\/\/www.pcmadrid.es\/tienda\/politica-privacidad\/#breadcrumb\",\"itemListElement\":[{\"@type\":\"ListItem\",\"position\":1,\"name\":\"Portada\",\"item\":\"https:\/\/www.pcmadrid.es\/tienda\/\"},{\"@type\":\"ListItem\",\"position\":2,\"name\":\"Pol\u00edtica de privacidad\"}]},{\"@type\":\"WebSite\",\"@id\":\"https:\/\/www.pcmadrid.es\/tienda\/#website\",\"url\":\"https:\/\/www.pcmadrid.es\/tienda\/\",\"name\":\"Tienda PCMADRID\",\"description\":\"Venta y reparaciones de ordenadores\",\"publisher\":{\"@id\":\"https:\/\/www.pcmadrid.es\/tienda\/#organization\"},\"potentialAction\":[{\"@type\":\"SearchAction\",\"target\":{\"@type\":\"EntryPoint\",\"urlTemplate\":\"https:\/\/www.pcmadrid.es\/tienda\/?s={search_term_string}\"},\"query-input\":{\"@type\":\"PropertyValueSpecification\",\"valueRequired\":true,\"valueName\":\"search_term_string\"}}],\"inLanguage\":\"es\"},{\"@type\":\"Organization\",\"@id\":\"https:\/\/www.pcmadrid.es\/tienda\/#organization\",\"name\":\"PCMADRID\",\"url\":\"https:\/\/www.pcmadrid.es\/tienda\/\",\"logo\":{\"@type\":\"ImageObject\",\"inLanguage\":\"es\",\"@id\":\"https:\/\/www.pcmadrid.es\/tienda\/#\/schema\/logo\/image\/\",\"url\":\"https:\/\/i0.wp.com\/www.pcmadrid.es\/tienda\/wp-content\/uploads\/2019\/10\/pcmadridlogo..png?fit=750%2C300&ssl=1\",\"contentUrl\":\"https:\/\/i0.wp.com\/www.pcmadrid.es\/tienda\/wp-content\/uploads\/2019\/10\/pcmadridlogo..png?fit=750%2C300&ssl=1\",\"width\":750,\"height\":300,\"caption\":\"PCMADRID\"},\"image\":{\"@id\":\"https:\/\/www.pcmadrid.es\/tienda\/#\/schema\/logo\/image\/\"},\"sameAs\":[\"https:\/\/www.facebook.com\/pcmadridinformatica\",\"https:\/\/x.com\/pc_madrid\",\"https:\/\/www.youtube.com\/channel\/UCIbQq9k6BBrU5x2wqDIHr7A\",\"https:\/\/www.instagram.com\/pcmadrid_informatica\/?hl=es\",\"https:\/\/www.linkedin.com\/company\/9348326\/admin\/\",\"https:\/\/www.pinterest.es\/pcmadrid_informatica\/\"]}]}<\/script>\n<!-- \/ Yoast SEO plugin. -->","yoast_head_json":{"title":"Pol\u00edtica de privacidad | Tienda PCMADRID","robots":{"index":"index","follow":"follow","max-snippet":"max-snippet:-1","max-image-preview":"max-image-preview:large","max-video-preview":"max-video-preview:-1"},"canonical":"https:\/\/www.pcmadrid.es\/tienda\/politica-privacidad\/","twitter_misc":{"Tiempo de lectura":"2 minutos"},"schema":{"@context":"https:\/\/schema.org","@graph":[{"@type":"WebPage","@id":"https:\/\/www.pcmadrid.es\/tienda\/politica-privacidad\/","url":"https:\/\/www.pcmadrid.es\/tienda\/politica-privacidad\/","name":"Pol\u00edtica de privacidad | Tienda PCMADRID","isPartOf":{"@id":"https:\/\/www.pcmadrid.es\/tienda\/#website"},"datePublished":"2019-09-02T12:49:17+00:00","dateModified":"2019-10-22T14:01:52+00:00","breadcrumb":{"@id":"https:\/\/www.pcmadrid.es\/tienda\/politica-privacidad\/#breadcrumb"},"inLanguage":"es","potentialAction":[{"@type":"ReadAction","target":["https:\/\/www.pcmadrid.es\/tienda\/politica-privacidad\/"]}]},{"@type":"BreadcrumbList","@id":"https:\/\/www.pcmadrid.es\/tienda\/politica-privacidad\/#breadcrumb","itemListElement":[{"@type":"ListItem","position":1,"name":"Portada","item":"https:\/\/www.pcmadrid.es\/tienda\/"},{"@type":"ListItem","position":2,"name":"Pol\u00edtica de privacidad"}]},{"@type":"WebSite","@id":"https:\/\/www.pcmadrid.es\/tienda\/#website","url":"https:\/\/www.pcmadrid.es\/tienda\/","name":"Tienda PCMADRID","description":"Venta y reparaciones de ordenadores","publisher":{"@id":"https:\/\/www.pcmadrid.es\/tienda\/#organization"},"potentialAction":[{"@type":"SearchAction","target":{"@type":"EntryPoint","urlTemplate":"https:\/\/www.pcmadrid.es\/tienda\/?s={search_term_string}"},"query-input":{"@type":"PropertyValueSpecification","valueRequired":true,"valueName":"search_term_string"}}],"inLanguage":"es"},{"@type":"Organization","@id":"https:\/\/www.pcmadrid.es\/tienda\/#organization","name":"PCMADRID","url":"https:\/\/www.pcmadrid.es\/tienda\/","logo":{"@type":"ImageObject","inLanguage":"es","@id":"https:\/\/www.pcmadrid.es\/tienda\/#\/schema\/logo\/image\/","url":"https:\/\/i0.wp.com\/www.pcmadrid.es\/tienda\/wp-content\/uploads\/2019\/10\/pcmadridlogo..png?fit=750%2C300&ssl=1","contentUrl":"https:\/\/i0.wp.com\/www.pcmadrid.es\/tienda\/wp-content\/uploads\/2019\/10\/pcmadridlogo..png?fit=750%2C300&ssl=1","width":750,"height":300,"caption":"PCMADRID"},"image":{"@id":"https:\/\/www.pcmadrid.es\/tienda\/#\/schema\/logo\/image\/"},"sameAs":["https:\/\/www.facebook.com\/pcmadridinformatica","https:\/\/x.com\/pc_madrid","https:\/\/www.youtube.com\/channel\/UCIbQq9k6BBrU5x2wqDIHr7A","https:\/\/www.instagram.com\/pcmadrid_informatica\/?hl=es","https:\/\/www.linkedin.com\/company\/9348326\/admin\/","https:\/\/www.pinterest.es\/pcmadrid_informatica\/"]}]}},"jetpack_sharing_enabled":true,"_links":{"self":[{"href":"https:\/\/www.pcmadrid.es\/tienda\/wp-json\/wp\/v2\/pages\/3","targetHints":{"allow":["GET"]}}],"collection":[{"href":"https:\/\/www.pcmadrid.es\/tienda\/wp-json\/wp\/v2\/pages"}],"about":[{"href":"https:\/\/www.pcmadrid.es\/tienda\/wp-json\/wp\/v2\/types\/page"}],"author":[{"embeddable":true,"href":"https:\/\/www.pcmadrid.es\/tienda\/wp-json\/wp\/v2\/users\/1"}],"replies":[{"embeddable":true,"href":"https:\/\/www.pcmadrid.es\/tienda\/wp-json\/wp\/v2\/comments?post=3"}],"version-history":[{"count":0,"href":"https:\/\/www.pcmadrid.es\/tienda\/wp-json\/wp\/v2\/pages\/3\/revisions"}],"wp:attachment":[{"href":"https:\/\/www.pcmadrid.es\/tienda\/wp-json\/wp\/v2\/media?parent=3"}],"curies":[{"name":"wp","href":"https:\/\/api.w.org\/{rel}","templated":true}]}}