{"id":6915,"date":"2019-10-22T15:58:05","date_gmt":"2019-10-22T13:58:05","guid":{"rendered":"https:\/\/tienda.pcmadrid.es\/?page_id=6915"},"modified":"2024-03-20T15:42:10","modified_gmt":"2024-03-20T14:42:10","slug":"terminos-y-condiciones","status":"publish","type":"page","link":"https:\/\/www.pcmadrid.es\/tienda\/terminos-y-condiciones\/","title":{"rendered":"T\u00e9rminos y condiciones"},"content":{"rendered":"<h3><strong>Condiciones Generales de\u00a0PCMADRID<\/strong><\/h3>\n<h4>1- Generales:<\/h4>\n<p>Las presentes condiciones generales de venta se aplican estrictamente a todas las ventas de productos efectuadas en Espa\u00f1a, incluido las Islas Canarias y las Islas Baleares por PCMADRID Inform\u00e1tica, con representante Satitec Group S.L, Copyright 2018. Satitec Group S.L B-88083449 en adelante PCMADRID, con destino a personas f\u00edsicas y jur\u00eddicas.<\/p>\n<p>Todo pedido hecho a PCMADRID\u00a0implica necesariamente a t\u00edtulo de condici\u00f3n esencial, determinante e imprescindible, la aceptaci\u00f3n sin reservas por el Cliente de las Condiciones Generales de Venta de PCMADRID\u00a0vigentes el d\u00eda en que se lleve a cabo el pedido correspondiente. Adem\u00e1s, el Cliente reconoce que la aceptaci\u00f3n de las presentes condiciones implicar\u00e1 la aplicaci\u00f3n de \u00e9stas al pedido al que se refieren, as\u00ed como a todo pedido posterior, con excepci\u00f3n de aquellos casos en que nuevas condiciones sean puestas en su conocimiento por PCMADRID.\u00a0El hecho que PCMADRID\u00a0no recurra en un momento dado a cualquiera de las presentes condiciones no puede ser interpretado ni equivaldr\u00e1 a renunciar a recurrir a ellas en el futuro o en el pasado.<\/p>\n<p>Ley aplicable y jurisdicci\u00f3n competente.\u00a0La interpretaci\u00f3n y la ejecuci\u00f3n de las condiciones, as\u00ed como todos los actos que se sean consecuencia de ellas, quedar\u00e1n sometidos al\u00a0derecho espa\u00f1ol, salvo que existan disposiciones de orden p\u00fablico contrarias a ello.<\/p>\n<h4>2- Precios:<\/h4>\n<p>Los precios publicados en PCMADRID son en Euros y son vigentes salvo error tipogr\u00e1fico. Todos los precios llevan el IVA incluido aplicable en el d\u00eda del pedido, cualquier cambio de tasa de IVA ser\u00e1 aplicado autom\u00e1ticamente a los precios de los productos en venta en PCMADRID<\/p>\n<p>Las ofertas sobre productos en venta en PCMADRID\u00a0se mostrar\u00e1n en el apartado \u201cOfertas\u201d o se indicar\u00e1 en la ficha del producto y, si no se indica lo contrario, ser\u00e1n v\u00e1lidas mientras se muestren en pantalla.<\/p>\n<h4>3- Diferentes modos de Pago:<\/h4>\n<p>Al formular el pedido, el cliente puede elegir libremente abonar las compras que realice en PCMADRID mediante: Pasarela segura de pago con tarjeta, Paypal, transferencia bancaria o ingreso bancario.<\/p>\n<h4>3-1 SeQura:<\/h4>\n<p>Paga a tu ritmo: Elige pagar con total flexibilidad. T\u00fa decides, sin inter\u00e9s o con un peque\u00f1o coste y plazos de hasta 12 meses. Adelanta los pagos o cambia las fechas, est\u00e1s en control de tus finanzas. Costes claros, transparentes y con aprobaci\u00f3n al instante.<\/p>\n<p>Suena bien, \u00bfno? Haz tus compras con seQura en un plis. Con solo 5 datos, sin papeleo y sin subir ning\u00fan documento. F\u00e1cil, r\u00e1pido y seguro.<\/p>\n<ol>\n<li>Elige seQura como m\u00e9todo de pago y selecciona la cantidad de cuotas\u00a0 al finalizar tu pedido.<\/li>\n<li>Completa 5 datos y al instante te\u00a0 confirmamos tu compra. Hoy solo pagas el primer plazo.<\/li>\n<li>Disfruta de tu compra y paga c\u00f3modamente. Tus pagos se har\u00e1n autom\u00e1ticamente cada mes.<\/li>\n<\/ol>\n<h4>4- Producto:<\/h4>\n<p>Las ofertas presentadas por PCMADRID son v\u00e1lidas dentro del l\u00edmite de las existencias disponibles y\/o errores de stock. PCMADRID se reserva el derecho de modificar el surtido de productos en funci\u00f3n de las dificultades impuestas por sus proveedores.<\/p>\n<h4>5- Env\u00edos:<\/h4>\n<ol>\n<li>Los productos adquiridos se entregar\u00e1n a la persona y a la direcci\u00f3n indicada en el pedido, tambi\u00e9n se podr\u00e1n recoger en nuestras tiendas de Madrid si as\u00ed se solicita.<\/li>\n<li>Por defecto, las facturas se enviar\u00e1n a la direcci\u00f3n email indicada por el cliente en la hora de su alta en PCMADRID.<\/li>\n<li>Los s\u00e1bados, domingos y festivos no habr\u00e1 ni salida ni entrega de pedidos.<\/li>\n<li>No obstante su demora por retrasos en proveedor de env\u00edos, en este caso MRW, no implicar\u00e1 ni anulaci\u00f3n del pedido ni indemnizaci\u00f3n alguna.<\/li>\n<li>Un pedido se considera entregado en el momento en que el transportista entrega el paquete o los paquetes al cliente y este firma el documento de recepci\u00f3n de entrega. Corresponde al cliente verificar el estado de la mercanc\u00eda a la recepcione e indicar todas las anomal\u00edas en el albar\u00e1n de recepci\u00f3n de entrega en el momento de la recepci\u00f3n.<\/li>\n<li>Para env\u00edos fuera de Espa\u00f1a y Portugal cons\u00faltenos por favor.<\/li>\n<\/ol>\n<h3>6- Pol\u00edticas de devoluciones y anulaciones<\/h3>\n<h4>6-1 Devoluci\u00f3n de mercanc\u00eda:<\/h4>\n<p>Nuestra pol\u00edtica, cumpliendo con la normativa vigente, es concederle el derecho de devolver cualquier art\u00edculo comprado en PCMADRID en el plazo de 14 d\u00edas desde la fecha de recepci\u00f3n.<\/p>\n<p>No tendr\u00e1 que aportar ninguna explicaci\u00f3n, cualquier art\u00edculo, comprado en PCMADRID\u00a0, <strong>devuelto en su embalaje original, precintado y en perfectas condiciones<\/strong> ser\u00e1 aceptado sin m\u00e1s.<\/p>\n<p>En un plazo m\u00e1ximo de 14 d\u00edas laborables de la recepci\u00f3n de la devoluci\u00f3n, PCMADRID se compromete a su reembolso.<\/p>\n<p>Antes de realizar la devoluci\u00f3n, tendr\u00e1 que comunicarlo al departamento de Atenci\u00f3n al cliente o llamando al 91-5996504.<\/p>\n<p>Si la causa de la devoluci\u00f3n fuese que el art\u00edculo devuelto es defectuoso o no corresponde a lo solicitado en el pedido, PCMADRID correr\u00e1 con los gastos de la devoluci\u00f3n y nuevo env\u00edo. Si el motivo de la devoluci\u00f3n es que el producto est\u00e1 en perfectas condiciones pero se ha equivocado o no le satisface, le reembolsaremos el importe pero no los gastos de env\u00edo ni los gastos de devoluci\u00f3n.<\/p>\n<h4>6-2 Anulaci\u00f3n de pedido:<\/h4>\n<p>Si la anulaci\u00f3n del pedido llega antes de la salida de mercanc\u00eda el cliente no tendr\u00e1 ning\u00fan gasto. En el caso de una anulaci\u00f3n despu\u00e9s de la salida del pedido, el cliente tendr\u00e1 a su cargo los gastos de env\u00edo as\u00ed como los gastos de devoluci\u00f3n de este mismo pedido.<\/p>\n<h3>7- Garant\u00eda<\/h3>\n<p>PCMADRID se rige por las leyes de garant\u00edas al consumidor del territorio espa\u00f1ol y tramitar\u00e1 por el cliente la garant\u00eda de los productos que presenten alg\u00fan fallo durante el primer a\u00f1o desde la fecha de compra.<\/p>\n<p>En los productos con 2 a\u00f1os de garant\u00eda, PCMADRID aplicar\u00e1 lo mencionado arriba para el primer a\u00f1o, siendo el cliente el que tramitar\u00e1 la garant\u00eda con el fabricante del producto durante el segundo a\u00f1o presentando a este la factura o ticket de compra.<\/p>\n<h3>8- Dudas y ayuda<\/h3>\n<p>Si tiene cualquier duda adicional sobre su proceso de compra puede ponerse en contacto con nosotros llamando al 91-5996504 o por correo: <strong><a href=\"mailto:info@pcmadrid.es\">info@pcmadrid.es<\/a><\/strong>.<\/p>\n<p>&nbsp;<\/p>\n<p>&nbsp;<\/p>\n<p>&nbsp;<\/p>\n","protected":false},"excerpt":{"rendered":"<p>Condiciones Generales de\u00a0PCMADRID 1- Generales: Las presentes condiciones generales de venta se aplican estrictamente a todas las ventas de productos efectuadas en Espa\u00f1a, incluido las Islas Canarias y las Islas Baleares por PCMADRID Inform\u00e1tica, con representante Satitec Group S.L, Copyright 2018. Satitec Group S.L B-88083449 en adelante PCMADRID, con destino a personas f\u00edsicas y jur\u00eddicas. [&hellip;]<\/p>\n","protected":false},"author":1,"featured_media":0,"parent":0,"menu_order":0,"comment_status":"closed","ping_status":"closed","template":"","meta":{"_et_pb_use_builder":"","_et_pb_old_content":"","_et_gb_content_width":"","footnotes":""},"class_list":["post-6915","page","type-page","status-publish","hentry"],"yoast_head":"<!-- This site is optimized with the Yoast SEO plugin v26.5 - https:\/\/yoast.com\/wordpress\/plugins\/seo\/ -->\n<title>T\u00e9rminos y condiciones | Tienda PCMADRID<\/title>\n<meta name=\"robots\" content=\"index, nofollow, max-snippet:-1, max-image-preview:large, max-video-preview:-1\" \/>\n<link rel=\"canonical\" href=\"https:\/\/www.pcmadrid.es\/tienda\/terminos-y-condiciones\/\" \/>\n<meta name=\"twitter:label1\" content=\"Tiempo de lectura\" \/>\n\t<meta name=\"twitter:data1\" content=\"5 minutos\" \/>\n<script type=\"application\/ld+json\" class=\"yoast-schema-graph\">{\"@context\":\"https:\/\/schema.org\",\"@graph\":[{\"@type\":\"WebPage\",\"@id\":\"https:\/\/www.pcmadrid.es\/tienda\/terminos-y-condiciones\/\",\"url\":\"https:\/\/www.pcmadrid.es\/tienda\/terminos-y-condiciones\/\",\"name\":\"T\u00e9rminos y condiciones | Tienda PCMADRID\",\"isPartOf\":{\"@id\":\"https:\/\/www.pcmadrid.es\/tienda\/#website\"},\"datePublished\":\"2019-10-22T13:58:05+00:00\",\"dateModified\":\"2024-03-20T14:42:10+00:00\",\"breadcrumb\":{\"@id\":\"https:\/\/www.pcmadrid.es\/tienda\/terminos-y-condiciones\/#breadcrumb\"},\"inLanguage\":\"es\",\"potentialAction\":[{\"@type\":\"ReadAction\",\"target\":[\"https:\/\/www.pcmadrid.es\/tienda\/terminos-y-condiciones\/\"]}]},{\"@type\":\"BreadcrumbList\",\"@id\":\"https:\/\/www.pcmadrid.es\/tienda\/terminos-y-condiciones\/#breadcrumb\",\"itemListElement\":[{\"@type\":\"ListItem\",\"position\":1,\"name\":\"Portada\",\"item\":\"https:\/\/www.pcmadrid.es\/tienda\/\"},{\"@type\":\"ListItem\",\"position\":2,\"name\":\"T\u00e9rminos y condiciones\"}]},{\"@type\":\"WebSite\",\"@id\":\"https:\/\/www.pcmadrid.es\/tienda\/#website\",\"url\":\"https:\/\/www.pcmadrid.es\/tienda\/\",\"name\":\"Tienda PCMADRID\",\"description\":\"Venta y reparaciones de ordenadores\",\"publisher\":{\"@id\":\"https:\/\/www.pcmadrid.es\/tienda\/#organization\"},\"potentialAction\":[{\"@type\":\"SearchAction\",\"target\":{\"@type\":\"EntryPoint\",\"urlTemplate\":\"https:\/\/www.pcmadrid.es\/tienda\/?s={search_term_string}\"},\"query-input\":{\"@type\":\"PropertyValueSpecification\",\"valueRequired\":true,\"valueName\":\"search_term_string\"}}],\"inLanguage\":\"es\"},{\"@type\":\"Organization\",\"@id\":\"https:\/\/www.pcmadrid.es\/tienda\/#organization\",\"name\":\"PCMADRID\",\"url\":\"https:\/\/www.pcmadrid.es\/tienda\/\",\"logo\":{\"@type\":\"ImageObject\",\"inLanguage\":\"es\",\"@id\":\"https:\/\/www.pcmadrid.es\/tienda\/#\/schema\/logo\/image\/\",\"url\":\"https:\/\/i0.wp.com\/www.pcmadrid.es\/tienda\/wp-content\/uploads\/2019\/10\/pcmadridlogo..png?fit=750%2C300&ssl=1\",\"contentUrl\":\"https:\/\/i0.wp.com\/www.pcmadrid.es\/tienda\/wp-content\/uploads\/2019\/10\/pcmadridlogo..png?fit=750%2C300&ssl=1\",\"width\":750,\"height\":300,\"caption\":\"PCMADRID\"},\"image\":{\"@id\":\"https:\/\/www.pcmadrid.es\/tienda\/#\/schema\/logo\/image\/\"},\"sameAs\":[\"https:\/\/www.facebook.com\/pcmadridinformatica\",\"https:\/\/x.com\/pc_madrid\",\"https:\/\/www.youtube.com\/channel\/UCIbQq9k6BBrU5x2wqDIHr7A\",\"https:\/\/www.instagram.com\/pcmadrid_informatica\/?hl=es\",\"https:\/\/www.linkedin.com\/company\/9348326\/admin\/\",\"https:\/\/www.pinterest.es\/pcmadrid_informatica\/\"]}]}<\/script>\n<!-- \/ Yoast SEO plugin. -->","yoast_head_json":{"title":"T\u00e9rminos y condiciones | Tienda PCMADRID","robots":{"index":"index","follow":"nofollow","max-snippet":"max-snippet:-1","max-image-preview":"max-image-preview:large","max-video-preview":"max-video-preview:-1"},"canonical":"https:\/\/www.pcmadrid.es\/tienda\/terminos-y-condiciones\/","twitter_misc":{"Tiempo de lectura":"5 minutos"},"schema":{"@context":"https:\/\/schema.org","@graph":[{"@type":"WebPage","@id":"https:\/\/www.pcmadrid.es\/tienda\/terminos-y-condiciones\/","url":"https:\/\/www.pcmadrid.es\/tienda\/terminos-y-condiciones\/","name":"T\u00e9rminos y condiciones | Tienda PCMADRID","isPartOf":{"@id":"https:\/\/www.pcmadrid.es\/tienda\/#website"},"datePublished":"2019-10-22T13:58:05+00:00","dateModified":"2024-03-20T14:42:10+00:00","breadcrumb":{"@id":"https:\/\/www.pcmadrid.es\/tienda\/terminos-y-condiciones\/#breadcrumb"},"inLanguage":"es","potentialAction":[{"@type":"ReadAction","target":["https:\/\/www.pcmadrid.es\/tienda\/terminos-y-condiciones\/"]}]},{"@type":"BreadcrumbList","@id":"https:\/\/www.pcmadrid.es\/tienda\/terminos-y-condiciones\/#breadcrumb","itemListElement":[{"@type":"ListItem","position":1,"name":"Portada","item":"https:\/\/www.pcmadrid.es\/tienda\/"},{"@type":"ListItem","position":2,"name":"T\u00e9rminos y condiciones"}]},{"@type":"WebSite","@id":"https:\/\/www.pcmadrid.es\/tienda\/#website","url":"https:\/\/www.pcmadrid.es\/tienda\/","name":"Tienda PCMADRID","description":"Venta y reparaciones de ordenadores","publisher":{"@id":"https:\/\/www.pcmadrid.es\/tienda\/#organization"},"potentialAction":[{"@type":"SearchAction","target":{"@type":"EntryPoint","urlTemplate":"https:\/\/www.pcmadrid.es\/tienda\/?s={search_term_string}"},"query-input":{"@type":"PropertyValueSpecification","valueRequired":true,"valueName":"search_term_string"}}],"inLanguage":"es"},{"@type":"Organization","@id":"https:\/\/www.pcmadrid.es\/tienda\/#organization","name":"PCMADRID","url":"https:\/\/www.pcmadrid.es\/tienda\/","logo":{"@type":"ImageObject","inLanguage":"es","@id":"https:\/\/www.pcmadrid.es\/tienda\/#\/schema\/logo\/image\/","url":"https:\/\/i0.wp.com\/www.pcmadrid.es\/tienda\/wp-content\/uploads\/2019\/10\/pcmadridlogo..png?fit=750%2C300&ssl=1","contentUrl":"https:\/\/i0.wp.com\/www.pcmadrid.es\/tienda\/wp-content\/uploads\/2019\/10\/pcmadridlogo..png?fit=750%2C300&ssl=1","width":750,"height":300,"caption":"PCMADRID"},"image":{"@id":"https:\/\/www.pcmadrid.es\/tienda\/#\/schema\/logo\/image\/"},"sameAs":["https:\/\/www.facebook.com\/pcmadridinformatica","https:\/\/x.com\/pc_madrid","https:\/\/www.youtube.com\/channel\/UCIbQq9k6BBrU5x2wqDIHr7A","https:\/\/www.instagram.com\/pcmadrid_informatica\/?hl=es","https:\/\/www.linkedin.com\/company\/9348326\/admin\/","https:\/\/www.pinterest.es\/pcmadrid_informatica\/"]}]}},"jetpack_sharing_enabled":true,"_links":{"self":[{"href":"https:\/\/www.pcmadrid.es\/tienda\/wp-json\/wp\/v2\/pages\/6915","targetHints":{"allow":["GET"]}}],"collection":[{"href":"https:\/\/www.pcmadrid.es\/tienda\/wp-json\/wp\/v2\/pages"}],"about":[{"href":"https:\/\/www.pcmadrid.es\/tienda\/wp-json\/wp\/v2\/types\/page"}],"author":[{"embeddable":true,"href":"https:\/\/www.pcmadrid.es\/tienda\/wp-json\/wp\/v2\/users\/1"}],"replies":[{"embeddable":true,"href":"https:\/\/www.pcmadrid.es\/tienda\/wp-json\/wp\/v2\/comments?post=6915"}],"version-history":[{"count":0,"href":"https:\/\/www.pcmadrid.es\/tienda\/wp-json\/wp\/v2\/pages\/6915\/revisions"}],"wp:attachment":[{"href":"https:\/\/www.pcmadrid.es\/tienda\/wp-json\/wp\/v2\/media?parent=6915"}],"curies":[{"name":"wp","href":"https:\/\/api.w.org\/{rel}","templated":true}]}}