{"id":10409,"date":"2022-11-19T22:14:07","date_gmt":"2022-11-19T21:14:07","guid":{"rendered":"https:\/\/www.pcmadrid.es\/tienda\/?post_type=product&#038;p=10409"},"modified":"2025-05-09T10:57:18","modified_gmt":"2025-05-09T08:57:18","slug":"monitor-gaming-xiaomi-mi-2k","status":"publish","type":"product","link":"https:\/\/www.pcmadrid.es\/tienda\/producto\/monitor-gaming-xiaomi-mi-2k\/","title":{"rendered":"Monitor Gaming Xiaomi Mi 2K 27&#8243;  FullHD (IPS QHD, 165 Hz, 1ms)"},"content":{"rendered":"<p>&nbsp;<\/p>\n<h2 style=\"text-align: center\"><span style=\"color: #99cc00;line-height: 125%\">Monitor Gaming Xiaomi Mi 2K 27&#8243; FullHD (IPS QHD, 165 Hz, 1ms)<\/span><\/h2>\n<h3>Experiencia inmersiva y velocidad asombrosa.<\/h3>\n<p style=\"text-align: justify\">El <a href=\"https:\/\/www.mi.com\/es\/product\/mi-2k-gaming-monitor-27\"><span style=\"color: #99cc00\"><strong>Monitor Gaming Xiaomi Mi 2K de 27&#8243;<\/strong><\/span><\/a> est\u00e1 dise\u00f1ado para jugadores que buscan rendimiento y calidad de imagen. Con una resoluci\u00f3n QHD de 2560 \u00d7 1440 p\u00edxeles, el panel IPS asegura colores precisos y amplios \u00e1ngulos de visi\u00f3n, mientras que la tecnolog\u00eda HDR mejora la profundidad de los contrastes y la viveza de los colores. Su tasa de refresco de 165 Hz y su r\u00e1pido tiempo de respuesta IMBC de 1 ms eliminan el desenfoque de movimiento, ofreciendo una experiencia fluida y precisa en juegos de alta velocidad. Perfecto para gaming competitivo, este monitor asegura inmersi\u00f3n y respuesta inmediata, mejorando significativamente el rendimiento en juegos.<\/p>\n<p><img data-recalc-dims=\"1\" loading=\"lazy\" decoding=\"async\" class=\"aligncenter wp-image-10415 size-full\" src=\"https:\/\/i0.wp.com\/www.pcmadrid.es\/tienda\/wp-content\/uploads\/2022\/11\/art_xia-m-mi-2k-gam-mon-27_1.jpg?resize=800%2C800&#038;ssl=1\" alt=\"Monitor Gaming Xiaomi Mi 2K 27&quot; FullHD (IPS QHD, 165 Hz, 1ms)\" width=\"800\" height=\"800\" srcset=\"https:\/\/i0.wp.com\/www.pcmadrid.es\/tienda\/wp-content\/uploads\/2022\/11\/art_xia-m-mi-2k-gam-mon-27_1.jpg?w=800&amp;ssl=1 800w, https:\/\/i0.wp.com\/www.pcmadrid.es\/tienda\/wp-content\/uploads\/2022\/11\/art_xia-m-mi-2k-gam-mon-27_1.jpg?resize=300%2C300&amp;ssl=1 300w, https:\/\/i0.wp.com\/www.pcmadrid.es\/tienda\/wp-content\/uploads\/2022\/11\/art_xia-m-mi-2k-gam-mon-27_1.jpg?resize=150%2C150&amp;ssl=1 150w, https:\/\/i0.wp.com\/www.pcmadrid.es\/tienda\/wp-content\/uploads\/2022\/11\/art_xia-m-mi-2k-gam-mon-27_1.jpg?resize=768%2C768&amp;ssl=1 768w, https:\/\/i0.wp.com\/www.pcmadrid.es\/tienda\/wp-content\/uploads\/2022\/11\/art_xia-m-mi-2k-gam-mon-27_1.jpg?resize=65%2C65&amp;ssl=1 65w, https:\/\/i0.wp.com\/www.pcmadrid.es\/tienda\/wp-content\/uploads\/2022\/11\/art_xia-m-mi-2k-gam-mon-27_1.jpg?resize=600%2C600&amp;ssl=1 600w, https:\/\/i0.wp.com\/www.pcmadrid.es\/tienda\/wp-content\/uploads\/2022\/11\/art_xia-m-mi-2k-gam-mon-27_1.jpg?resize=100%2C100&amp;ssl=1 100w\" sizes=\"(max-width: 800px) 100vw, 800px\" \/><\/p>\n<h3><strong>Monitor Gaming Xiaomi Mi 2K <\/strong><strong>para juegos\u00a0<\/strong><\/h3>\n<h4><strong>Libera tu potencial de juego.<\/strong><\/h4>\n<p style=\"text-align: justify\">Amplia gama de colores, imagen ultra clara, y alta frecuencia de actualizaci\u00f3n para una experiencia de juego ultra clara\u2026 \u00a1Lo tienes todo!<\/p>\n<hr \/>\n<h4><strong>Pantalla QHD 2K ultran\u00edtida:<\/strong><\/h4>\n<p style=\"text-align: justify\">La combinaci\u00f3n de la resoluci\u00f3n de 2560 \u00d7 1440 y la gran pantalla de 27&#8243; hace que cada movimiento de tu oponente se vea m\u00e1s n\u00edtido. Las im\u00e1genes ultran\u00edtidas te preparan para los ataques del rival en cualquier momento.<\/p>\n<hr \/>\n<h4><strong>Pantalla de \u00e1ngulo amplio de 178\u00b0 con biseles finos:<\/strong><\/h4>\n<p style=\"text-align: justify\">La pantalla dura IPS tiene un \u00e1ngulo de visi\u00f3n ultraamplio de 178\u00b0, ofreciendo una visi\u00f3n v\u00edvida y realista desde todos los \u00e1ngulos. El dise\u00f1o de marco delgado en tres lados permite combinaciones de varias pantallas sin interrupciones.<\/p>\n<hr \/>\n<h4><strong>Tasa de refresco ultra de 165 Hz:<\/strong><\/h4>\n<p style=\"text-align: justify\">Un buen jugador necesita una pantalla fluida. La frecuencia de actualizaci\u00f3n ultraalta de 165 Hz evita la vibraci\u00f3n y permite apuntar a los enemigos con mayor precisi\u00f3n.<\/p>\n<hr \/>\n<h4><strong>Respuesta r\u00e1pida del IMBC de 1 ms:<\/strong><\/h4>\n<p style=\"text-align: justify\">El resultado de una batalla se decide en un abrir y cerrar de ojos. El Mi 2K Gaming Monitor 27&#8243; tiene una respuesta r\u00e1pida del IMBC de 1 ms, lo que te permite ir siempre un paso por delante.<\/p>\n<hr \/>\n<h4><strong>Tecnolog\u00eda Adaptive-Sync:<\/strong><\/h4>\n<p style=\"text-align: justify\">La tecnolog\u00eda Adaptive-Sync sincroniza la velocidad de transferencia entre la tarjeta gr\u00e1fica y el monitor, eliminando la separaci\u00f3n y retraso de la pantalla para una experiencia de juego estable y fluida.<\/p>\n<hr \/>\n<h4><strong>Admite una amplia gama de colores DCI-P3 al 95 %:<\/strong><\/h4>\n<p style=\"text-align: justify\">El Mi 2K Gaming Monitor 27&#8243; abarca el 95 % de la gama DCI-P3 y el 100 % de la gama sRGB, proporcionando una precisi\u00f3n de hasta 16,7 millones de colores con m\u00e1s de 400 cd\/m\u00b2 con HDR.<\/p>\n<hr \/>\n<h4><strong>Calibraci\u00f3n de color original de Delta E &lt; 2:<\/strong><\/h4>\n<p style=\"text-align: justify\">Cada Mi 2K Gaming Monitor 27&#8243; se ha calibrado seg\u00fan el est\u00e1ndar de Delta E &lt; 2 (valor t\u00edpico). Las im\u00e1genes en pantalla son realistas, con colores n\u00edtidos y precisos.<\/p>\n<hr \/>\n<h4><strong>Mejora de la pantalla HDR:<\/strong><\/h4>\n<p style=\"text-align: justify\">La tecnolog\u00eda de mejora de la pantalla HDR aumenta los detalles ajustando el brillo para obtener mayor visibilidad en \u00e1reas m\u00e1s oscuras.<\/p>\n<hr \/>\n<h4><strong>C\u00f3moda para la vista:<\/strong><\/h4>\n<p style=\"text-align: justify\">El modo de luz azul reducida filtra la luz azul de onda corta, reduciendo la fatiga ocular y permiti\u00e9ndote jugar con comodidad.<\/p>\n<hr \/>\n<h4><strong>Muchos puertos, para diversos usos:<\/strong><\/h4>\n<p style=\"text-align: justify\">El Mi 2K Gaming Monitor 27&#8243; es compatible con puertos DisplayPort, HDMI, auriculares y USB 3.0, facilitando la conexi\u00f3n de todos tus dispositivos.<\/p>\n<hr \/>\n<h4><strong>Ajuste libre:<\/strong><\/h4>\n<p style=\"text-align: justify\">El Mi 2K Gaming Monitor 27&#8243; incluye un soporte giratorio con altura ajustable, permitiendo el montaje en pared y el mejor \u00e1ngulo de visi\u00f3n.<\/p>\n<hr \/>\n<h4><strong>Disipaci\u00f3n de calor oculta:<\/strong><\/h4>\n<p style=\"text-align: justify\">El Mi 2K Gaming Monitor 27&#8243; utiliza un dise\u00f1o de disipaci\u00f3n de calor oculto detr\u00e1s de la base para mantener un aspecto perfecto.<\/p>\n<hr \/>\n<h4><strong>Cubierta posterior magn\u00e9tica:<\/strong><\/h4>\n<p style=\"text-align: justify\">La cubierta posterior magn\u00e9tica es f\u00e1cil de usar y se encaja perfectamente en la pinza del soporte. Solo enc\u00e1jala para instalarla y presiona un bot\u00f3n para desmontarla.<\/p>\n<hr \/>\n<h4><strong>Revestimiento refinado:<\/strong><\/h4>\n<p style=\"text-align: justify\">Se ha tomado en cuenta cada detalle del monitor Mi 2K Gaming Monitor 27&#8243; con cuidado. El revestimiento refinado garantiza gran calidad por dentro y por fuera.<\/p>\n<hr \/>\n<h3>Beneficios Claves: Velocidad de Respuesta R\u00e1pida y Comodidad Visual<\/h3>\n<p style=\"text-align: justify\">Con una respuesta r\u00e1pida del IMBC de 1 ms, este Monitor Gaming<span style=\"color: #99cc00\"><span style=\"color: #000000\">\u00a0<\/span><strong><a style=\"color: #99cc00\" href=\"https:\/\/www.mi.com\/es\/product\/mi-2k-gaming-monitor-27\">Xiaomi Mi 2K<\/a><\/strong><\/span> asegura que cada acci\u00f3n que realices se refleje instant\u00e1neamente en la pantalla. Esto es crucial en juegos competitivos donde cada milisegundo cuenta, permiti\u00e9ndote anticipar y reaccionar a los movimientos de tus oponentes. La velocidad de respuesta r\u00e1pida no solo mejora tu rendimiento en el juego, sino que tambi\u00e9n te brinda la confianza necesaria para tomar decisiones r\u00e1pidas, elevando tu experiencia de juego al siguiente nivel. Con ell modo de luz azul reducida del monitor te permite jugar durante horas sin experimentar fatiga ocular. Al filtrar la luz azul de onda corta, este monitor protege tus ojos, permiti\u00e9ndote sumergirte en sesiones prolongadas de juego sin molestias.<\/p>\n<p>&nbsp;<\/p>\n<h3>Especificaciones t\u00e9cnicas Monitor Gaming Xiaomi Mi 2K :<\/h3>\n<table style=\"width: 100%;border-collapse: collapse;font-family: Arial, sans-serif\">\n<tbody>\n<tr>\n<td style=\"background-color: #f2f2f2;padding: 10px;border: 1px solid #ddd\" colspan=\"2\"><span style=\"font-size: 14pt\"><strong>Especificaciones<\/strong><\/span><\/td>\n<\/tr>\n<tr>\n<td style=\"border: 1px solid #ddd;padding: 10px\">Tama\u00f1o de pantalla<\/td>\n<td style=\"border: 1px solid #ddd;padding: 10px\">68,6 cm (27 pulgadas)<\/td>\n<\/tr>\n<tr>\n<td style=\"border: 1px solid #ddd;padding: 10px\">Resoluci\u00f3n recomendada<\/td>\n<td style=\"border: 1px solid #ddd;padding: 10px\">2560 \u00d7 1440<\/td>\n<\/tr>\n<tr>\n<td style=\"border: 1px solid #ddd;padding: 10px\">Resoluci\u00f3n M\u00e1xima<\/td>\n<td style=\"border: 1px solid #ddd;padding: 10px\">2560 \u00d7 1440<\/td>\n<\/tr>\n<tr>\n<td style=\"border: 1px solid #ddd;padding: 10px\">Tiempo de respuesta<\/td>\n<td style=\"border: 1px solid #ddd;padding: 10px\">1 ms (IMBC), 4 ms (GTG)<\/td>\n<\/tr>\n<tr>\n<td style=\"border: 1px solid #ddd;padding: 10px\">Frecuencia de actualizaci\u00f3n<\/td>\n<td style=\"border: 1px solid #ddd;padding: 10px\">165 Hz<\/td>\n<\/tr>\n<tr>\n<td style=\"border: 1px solid #ddd;padding: 10px\">Gama de colores<\/td>\n<td style=\"border: 1px solid #ddd;padding: 10px\">95% DCI-P3, 100% sRGB<\/td>\n<\/tr>\n<tr>\n<td style=\"border: 1px solid #ddd;padding: 10px\">N\u00famero de colores<\/td>\n<td style=\"border: 1px solid #ddd;padding: 10px\">16,7 millones<\/td>\n<\/tr>\n<tr>\n<td style=\"border: 1px solid #ddd;padding: 10px\">HDR<\/td>\n<td style=\"border: 1px solid #ddd;padding: 10px\">VESA DisplayHDR \u2122 400<\/td>\n<\/tr>\n<tr>\n<td style=\"border: 1px solid #ddd;padding: 10px\">Contraste<\/td>\n<td style=\"border: 1px solid #ddd;padding: 10px\">1000: 1 (TIPO)<\/td>\n<\/tr>\n<tr>\n<td style=\"border: 1px solid #ddd;padding: 10px\"><span style=\"background-color: #f2f2f2\">N\u00famero y tipo de puertos<\/span><\/td>\n<td style=\"border: 1px solid #ddd;padding: 10px\">Puerto DP 1.4\u00d71, Puerto HDMI 2.0\u00d72, Puerto USB IN\u00d71, Puerto USB 3.0\u00d72, Puerto de AUDIO\u00d71, Puerto de cable de entrada de CA\u00d71,<\/td>\n<\/tr>\n<tr>\n<td style=\"border: 1px solid #ddd;padding: 10px\">Potencia nominal<\/td>\n<td style=\"border: 1px solid #ddd;padding: 10px\">35 W (TIPO), 75 W m\u00e1x.<\/td>\n<\/tr>\n<tr>\n<td style=\"border: 1px solid #ddd;padding: 10px\">Voltaje nominal<\/td>\n<td style=\"border: 1px solid #ddd;padding: 10px\">100-240 V ~<\/td>\n<\/tr>\n<tr>\n<td style=\"border: 1px solid #ddd;padding: 10px\">Corriente nominal<\/td>\n<td style=\"border: 1px solid #ddd;padding: 10px\">1,5 A<\/td>\n<\/tr>\n<tr>\n<td style=\"border: 1px solid #ddd;padding: 10px\">Temperatura de funcionamiento<\/td>\n<td style=\"border: 1px solid #ddd;padding: 10px\">0 \u00b0 C hasta 45 \u00b0 C<\/td>\n<\/tr>\n<tr>\n<td style=\"border: 1px solid #ddd;padding: 10px\">Peso neto<\/td>\n<td style=\"border: 1px solid #ddd;padding: 10px\">6,53 kg<\/td>\n<\/tr>\n<tr>\n<td style=\"border: 1px solid #ddd;padding: 10px\">Humedad de funcionamiento<\/td>\n<td style=\"border: 1px solid #ddd;padding: 10px\">20% RH-80% RH<\/td>\n<\/tr>\n<tr>\n<td style=\"border: 1px solid #ddd;padding: 10px\">Dimensiones<\/td>\n<td style=\"border: 1px solid #ddd;padding: 10px\">609,44 (largo) \u00d7 200,00 (ancho) \u00d7 461,25 (alto) mm<\/td>\n<\/tr>\n<tr>\n<td style=\"border: 1px solid #ddd;padding: 10px\">Ajustes soportados<\/td>\n<td style=\"border: 1px solid #ddd;padding: 10px\">Vertical \/ inclinaci\u00f3n \/ rotaci\u00f3n \/ modo retrato \/ montaje en pared (75 \u00d7 75 mm)<\/td>\n<\/tr>\n<\/tbody>\n<\/table>\n<h2><span style=\"color: #99cc00;font-size: 22px\">Garant\u00eda y soporte: Seguridad para tus necesidades<\/span><\/h2>\n<p>Incluye una garant\u00eda de 3 a\u00f1os para asegurar que tu inversi\u00f3n est\u00e9 protegida. Adem\u00e1s, ofrecemos <a href=\"https:\/\/www.pcmadrid.es\/tienda\/categoria-producto\/reparaciones\/\"><span style=\"color: #99cc00\">soporte t\u00e9cnico especializado<\/span><\/a> para garantizar el \u00f3ptimo funcionamiento de tu equipo.<\/p>\n<p style=\"text-align: justify\">\n","protected":false},"excerpt":{"rendered":"<p style=\"text-align: justify\"><span class=\"xm-text f30 f-light text4\" data-key=\"overview_29\" data-type=\"text\" data-id=\"ht9plvz3j3\">El Monitor Gaming Xiaomi Mi 2K de 27&#8243; ofrece una impresionante resoluci\u00f3n QHD (2560 \u00d7 1440) en un panel IPS, con una tasa de refresco de 165 Hz y una r\u00e1pida respuesta IMBC de 1 ms. Equipado con tecnolog\u00eda HDR, proporciona colores vibrantes y un contraste n\u00edtido, ideal para una experiencia de juego fluida y envolvente, permitiendo a los jugadores reaccionar r\u00e1pidamente y disfrutar de gr\u00e1ficos detallados.<\/span><\/p>\n","protected":false},"featured_media":10415,"comment_status":"open","ping_status":"closed","template":"","meta":{"_et_pb_use_builder":"","_et_pb_old_content":"","_et_gb_content_width":""},"product_brand":[],"product_cat":[527,96,247,65],"product_tag":[],"class_list":{"0":"post-10409","1":"product","2":"type-product","3":"status-publish","4":"has-post-thumbnail","6":"product_cat-monitores","7":"product_cat-ofertas","8":"product_cat-perifericos","9":"product_cat-todos","11":"first","12":"instock","13":"taxable","14":"shipping-taxable","15":"purchasable","16":"product-type-simple"},"yoast_head":"<!-- This site is optimized with the Yoast SEO plugin v26.5 - https:\/\/yoast.com\/wordpress\/plugins\/seo\/ -->\n<title>Monitor Gaming Xiaomi Mi 2K 27&quot; FullHD (IPS QHD, 165 Hz, 1ms) | Tienda PCMADRID<\/title>\n<meta name=\"description\" content=\"Monitor Gaming Xiaomi Mi 2K 27&quot; resoluci\u00f3n QHD (2560 \u00d7 1440),panel IPS, frecuencia 165 Hz, espuesta IMBC 1 ms, HDR, colores vibrantes y gr\u00e1ficos detallados\" \/>\n<meta name=\"robots\" content=\"index, follow, max-snippet:-1, max-image-preview:large, max-video-preview:-1\" \/>\n<link rel=\"canonical\" href=\"https:\/\/www.pcmadrid.es\/tienda\/producto\/monitor-gaming-xiaomi-mi-2k\/\" \/>\n<meta name=\"twitter:label1\" content=\"Tiempo de lectura\" \/>\n\t<meta name=\"twitter:data1\" content=\"5 minutos\" \/>\n<script type=\"application\/ld+json\" class=\"yoast-schema-graph\">{\"@context\":\"https:\/\/schema.org\",\"@graph\":[{\"@type\":\"WebPage\",\"@id\":\"https:\/\/www.pcmadrid.es\/tienda\/producto\/monitor-gaming-xiaomi-mi-2k\/\",\"url\":\"https:\/\/www.pcmadrid.es\/tienda\/producto\/monitor-gaming-xiaomi-mi-2k\/\",\"name\":\"Monitor Gaming Xiaomi Mi 2K 27\\\" FullHD (IPS QHD, 165 Hz, 1ms) | Tienda PCMADRID\",\"isPartOf\":{\"@id\":\"https:\/\/www.pcmadrid.es\/tienda\/#website\"},\"primaryImageOfPage\":{\"@id\":\"https:\/\/www.pcmadrid.es\/tienda\/producto\/monitor-gaming-xiaomi-mi-2k\/#primaryimage\"},\"image\":{\"@id\":\"https:\/\/www.pcmadrid.es\/tienda\/producto\/monitor-gaming-xiaomi-mi-2k\/#primaryimage\"},\"thumbnailUrl\":\"https:\/\/i0.wp.com\/www.pcmadrid.es\/tienda\/wp-content\/uploads\/2022\/11\/art_xia-m-mi-2k-gam-mon-27_1.jpg?fit=800%2C800&ssl=1\",\"datePublished\":\"2022-11-19T21:14:07+00:00\",\"dateModified\":\"2025-05-09T08:57:18+00:00\",\"description\":\"Monitor Gaming Xiaomi Mi 2K 27\\\" resoluci\u00f3n QHD (2560 \u00d7 1440),panel IPS, frecuencia 165 Hz, espuesta IMBC 1 ms, HDR, colores vibrantes y gr\u00e1ficos detallados\",\"breadcrumb\":{\"@id\":\"https:\/\/www.pcmadrid.es\/tienda\/producto\/monitor-gaming-xiaomi-mi-2k\/#breadcrumb\"},\"inLanguage\":\"es\",\"potentialAction\":[{\"@type\":\"ReadAction\",\"target\":[\"https:\/\/www.pcmadrid.es\/tienda\/producto\/monitor-gaming-xiaomi-mi-2k\/\"]}]},{\"@type\":\"ImageObject\",\"inLanguage\":\"es\",\"@id\":\"https:\/\/www.pcmadrid.es\/tienda\/producto\/monitor-gaming-xiaomi-mi-2k\/#primaryimage\",\"url\":\"https:\/\/i0.wp.com\/www.pcmadrid.es\/tienda\/wp-content\/uploads\/2022\/11\/art_xia-m-mi-2k-gam-mon-27_1.jpg?fit=800%2C800&ssl=1\",\"contentUrl\":\"https:\/\/i0.wp.com\/www.pcmadrid.es\/tienda\/wp-content\/uploads\/2022\/11\/art_xia-m-mi-2k-gam-mon-27_1.jpg?fit=800%2C800&ssl=1\",\"width\":800,\"height\":800,\"caption\":\"minitor 2k gaming 165hz oferta\"},{\"@type\":\"BreadcrumbList\",\"@id\":\"https:\/\/www.pcmadrid.es\/tienda\/producto\/monitor-gaming-xiaomi-mi-2k\/#breadcrumb\",\"itemListElement\":[{\"@type\":\"ListItem\",\"position\":1,\"name\":\"Portada\",\"item\":\"https:\/\/www.pcmadrid.es\/tienda\/\"},{\"@type\":\"ListItem\",\"position\":2,\"name\":\"Todos los productos\",\"item\":\"https:\/\/www.pcmadrid.es\/tienda\/todos-los-productos\/\"},{\"@type\":\"ListItem\",\"position\":3,\"name\":\"Monitor Gaming Xiaomi Mi 2K 27&#8243; FullHD (IPS QHD, 165 Hz, 1ms)\"}]},{\"@type\":\"WebSite\",\"@id\":\"https:\/\/www.pcmadrid.es\/tienda\/#website\",\"url\":\"https:\/\/www.pcmadrid.es\/tienda\/\",\"name\":\"Tienda PCMADRID\",\"description\":\"Venta y reparaciones de ordenadores\",\"publisher\":{\"@id\":\"https:\/\/www.pcmadrid.es\/tienda\/#organization\"},\"potentialAction\":[{\"@type\":\"SearchAction\",\"target\":{\"@type\":\"EntryPoint\",\"urlTemplate\":\"https:\/\/www.pcmadrid.es\/tienda\/?s={search_term_string}\"},\"query-input\":{\"@type\":\"PropertyValueSpecification\",\"valueRequired\":true,\"valueName\":\"search_term_string\"}}],\"inLanguage\":\"es\"},{\"@type\":\"Organization\",\"@id\":\"https:\/\/www.pcmadrid.es\/tienda\/#organization\",\"name\":\"PCMADRID\",\"url\":\"https:\/\/www.pcmadrid.es\/tienda\/\",\"logo\":{\"@type\":\"ImageObject\",\"inLanguage\":\"es\",\"@id\":\"https:\/\/www.pcmadrid.es\/tienda\/#\/schema\/logo\/image\/\",\"url\":\"https:\/\/i0.wp.com\/www.pcmadrid.es\/tienda\/wp-content\/uploads\/2019\/10\/pcmadridlogo..png?fit=750%2C300&ssl=1\",\"contentUrl\":\"https:\/\/i0.wp.com\/www.pcmadrid.es\/tienda\/wp-content\/uploads\/2019\/10\/pcmadridlogo..png?fit=750%2C300&ssl=1\",\"width\":750,\"height\":300,\"caption\":\"PCMADRID\"},\"image\":{\"@id\":\"https:\/\/www.pcmadrid.es\/tienda\/#\/schema\/logo\/image\/\"},\"sameAs\":[\"https:\/\/www.facebook.com\/pcmadridinformatica\",\"https:\/\/x.com\/pc_madrid\",\"https:\/\/www.youtube.com\/channel\/UCIbQq9k6BBrU5x2wqDIHr7A\",\"https:\/\/www.instagram.com\/pcmadrid_informatica\/?hl=es\",\"https:\/\/www.linkedin.com\/company\/9348326\/admin\/\",\"https:\/\/www.pinterest.es\/pcmadrid_informatica\/\"]}]}<\/script>\n<!-- \/ Yoast SEO plugin. -->","yoast_head_json":{"title":"Monitor Gaming Xiaomi Mi 2K 27\" FullHD (IPS QHD, 165 Hz, 1ms) | Tienda PCMADRID","description":"Monitor Gaming Xiaomi Mi 2K 27\" resoluci\u00f3n QHD (2560 \u00d7 1440),panel IPS, frecuencia 165 Hz, espuesta IMBC 1 ms, HDR, colores vibrantes y gr\u00e1ficos detallados","robots":{"index":"index","follow":"follow","max-snippet":"max-snippet:-1","max-image-preview":"max-image-preview:large","max-video-preview":"max-video-preview:-1"},"canonical":"https:\/\/www.pcmadrid.es\/tienda\/producto\/monitor-gaming-xiaomi-mi-2k\/","twitter_misc":{"Tiempo de lectura":"5 minutos"},"schema":{"@context":"https:\/\/schema.org","@graph":[{"@type":"WebPage","@id":"https:\/\/www.pcmadrid.es\/tienda\/producto\/monitor-gaming-xiaomi-mi-2k\/","url":"https:\/\/www.pcmadrid.es\/tienda\/producto\/monitor-gaming-xiaomi-mi-2k\/","name":"Monitor Gaming Xiaomi Mi 2K 27\" FullHD (IPS QHD, 165 Hz, 1ms) | Tienda PCMADRID","isPartOf":{"@id":"https:\/\/www.pcmadrid.es\/tienda\/#website"},"primaryImageOfPage":{"@id":"https:\/\/www.pcmadrid.es\/tienda\/producto\/monitor-gaming-xiaomi-mi-2k\/#primaryimage"},"image":{"@id":"https:\/\/www.pcmadrid.es\/tienda\/producto\/monitor-gaming-xiaomi-mi-2k\/#primaryimage"},"thumbnailUrl":"https:\/\/i0.wp.com\/www.pcmadrid.es\/tienda\/wp-content\/uploads\/2022\/11\/art_xia-m-mi-2k-gam-mon-27_1.jpg?fit=800%2C800&ssl=1","datePublished":"2022-11-19T21:14:07+00:00","dateModified":"2025-05-09T08:57:18+00:00","description":"Monitor Gaming Xiaomi Mi 2K 27\" resoluci\u00f3n QHD (2560 \u00d7 1440),panel IPS, frecuencia 165 Hz, espuesta IMBC 1 ms, HDR, colores vibrantes y gr\u00e1ficos detallados","breadcrumb":{"@id":"https:\/\/www.pcmadrid.es\/tienda\/producto\/monitor-gaming-xiaomi-mi-2k\/#breadcrumb"},"inLanguage":"es","potentialAction":[{"@type":"ReadAction","target":["https:\/\/www.pcmadrid.es\/tienda\/producto\/monitor-gaming-xiaomi-mi-2k\/"]}]},{"@type":"ImageObject","inLanguage":"es","@id":"https:\/\/www.pcmadrid.es\/tienda\/producto\/monitor-gaming-xiaomi-mi-2k\/#primaryimage","url":"https:\/\/i0.wp.com\/www.pcmadrid.es\/tienda\/wp-content\/uploads\/2022\/11\/art_xia-m-mi-2k-gam-mon-27_1.jpg?fit=800%2C800&ssl=1","contentUrl":"https:\/\/i0.wp.com\/www.pcmadrid.es\/tienda\/wp-content\/uploads\/2022\/11\/art_xia-m-mi-2k-gam-mon-27_1.jpg?fit=800%2C800&ssl=1","width":800,"height":800,"caption":"minitor 2k gaming 165hz oferta"},{"@type":"BreadcrumbList","@id":"https:\/\/www.pcmadrid.es\/tienda\/producto\/monitor-gaming-xiaomi-mi-2k\/#breadcrumb","itemListElement":[{"@type":"ListItem","position":1,"name":"Portada","item":"https:\/\/www.pcmadrid.es\/tienda\/"},{"@type":"ListItem","position":2,"name":"Todos los productos","item":"https:\/\/www.pcmadrid.es\/tienda\/todos-los-productos\/"},{"@type":"ListItem","position":3,"name":"Monitor Gaming Xiaomi Mi 2K 27&#8243; FullHD (IPS QHD, 165 Hz, 1ms)"}]},{"@type":"WebSite","@id":"https:\/\/www.pcmadrid.es\/tienda\/#website","url":"https:\/\/www.pcmadrid.es\/tienda\/","name":"Tienda PCMADRID","description":"Venta y reparaciones de ordenadores","publisher":{"@id":"https:\/\/www.pcmadrid.es\/tienda\/#organization"},"potentialAction":[{"@type":"SearchAction","target":{"@type":"EntryPoint","urlTemplate":"https:\/\/www.pcmadrid.es\/tienda\/?s={search_term_string}"},"query-input":{"@type":"PropertyValueSpecification","valueRequired":true,"valueName":"search_term_string"}}],"inLanguage":"es"},{"@type":"Organization","@id":"https:\/\/www.pcmadrid.es\/tienda\/#organization","name":"PCMADRID","url":"https:\/\/www.pcmadrid.es\/tienda\/","logo":{"@type":"ImageObject","inLanguage":"es","@id":"https:\/\/www.pcmadrid.es\/tienda\/#\/schema\/logo\/image\/","url":"https:\/\/i0.wp.com\/www.pcmadrid.es\/tienda\/wp-content\/uploads\/2019\/10\/pcmadridlogo..png?fit=750%2C300&ssl=1","contentUrl":"https:\/\/i0.wp.com\/www.pcmadrid.es\/tienda\/wp-content\/uploads\/2019\/10\/pcmadridlogo..png?fit=750%2C300&ssl=1","width":750,"height":300,"caption":"PCMADRID"},"image":{"@id":"https:\/\/www.pcmadrid.es\/tienda\/#\/schema\/logo\/image\/"},"sameAs":["https:\/\/www.facebook.com\/pcmadridinformatica","https:\/\/x.com\/pc_madrid","https:\/\/www.youtube.com\/channel\/UCIbQq9k6BBrU5x2wqDIHr7A","https:\/\/www.instagram.com\/pcmadrid_informatica\/?hl=es","https:\/\/www.linkedin.com\/company\/9348326\/admin\/","https:\/\/www.pinterest.es\/pcmadrid_informatica\/"]}]}},"jetpack_sharing_enabled":true,"_links":{"self":[{"href":"https:\/\/www.pcmadrid.es\/tienda\/wp-json\/wp\/v2\/product\/10409","targetHints":{"allow":["GET"]}}],"collection":[{"href":"https:\/\/www.pcmadrid.es\/tienda\/wp-json\/wp\/v2\/product"}],"about":[{"href":"https:\/\/www.pcmadrid.es\/tienda\/wp-json\/wp\/v2\/types\/product"}],"replies":[{"embeddable":true,"href":"https:\/\/www.pcmadrid.es\/tienda\/wp-json\/wp\/v2\/comments?post=10409"}],"wp:featuredmedia":[{"embeddable":true,"href":"https:\/\/www.pcmadrid.es\/tienda\/wp-json\/wp\/v2\/media\/10415"}],"wp:attachment":[{"href":"https:\/\/www.pcmadrid.es\/tienda\/wp-json\/wp\/v2\/media?parent=10409"}],"wp:term":[{"taxonomy":"product_brand","embeddable":true,"href":"https:\/\/www.pcmadrid.es\/tienda\/wp-json\/wp\/v2\/product_brand?post=10409"},{"taxonomy":"product_cat","embeddable":true,"href":"https:\/\/www.pcmadrid.es\/tienda\/wp-json\/wp\/v2\/product_cat?post=10409"},{"taxonomy":"product_tag","embeddable":true,"href":"https:\/\/www.pcmadrid.es\/tienda\/wp-json\/wp\/v2\/product_tag?post=10409"}],"curies":[{"name":"wp","href":"https:\/\/api.w.org\/{rel}","templated":true}]}}