{"id":10432,"date":"2022-11-19T23:51:10","date_gmt":"2022-11-19T22:51:10","guid":{"rendered":"https:\/\/www.pcmadrid.es\/tienda\/?post_type=product&#038;p=10432"},"modified":"2024-03-22T10:03:47","modified_gmt":"2024-03-22T09:03:47","slug":"pc-all-in-one-medion-e23403-intel-core-i3-1005g1","status":"publish","type":"product","link":"https:\/\/www.pcmadrid.es\/tienda\/producto\/pc-all-in-one-medion-e23403-intel-core-i3-1005g1\/","title":{"rendered":"PC All in One Medion E23403 Intel Core i3 1005G1"},"content":{"rendered":"<h1 style=\"text-align: center;\">PC All in One Medion E23403 Intel Core i3 1005G1<\/h1>\n<p><img data-recalc-dims=\"1\" loading=\"lazy\" decoding=\"async\" class=\"aligncenter size-full wp-image-10433\" src=\"https:\/\/i0.wp.com\/www.pcmadrid.es\/tienda\/wp-content\/uploads\/2022\/11\/art_med-aio-md62219_1.webp?resize=800%2C800&#038;ssl=1\" alt=\"\" width=\"800\" height=\"800\" srcset=\"https:\/\/i0.wp.com\/www.pcmadrid.es\/tienda\/wp-content\/uploads\/2022\/11\/art_med-aio-md62219_1.webp?w=800&amp;ssl=1 800w, https:\/\/i0.wp.com\/www.pcmadrid.es\/tienda\/wp-content\/uploads\/2022\/11\/art_med-aio-md62219_1.webp?resize=300%2C300&amp;ssl=1 300w, https:\/\/i0.wp.com\/www.pcmadrid.es\/tienda\/wp-content\/uploads\/2022\/11\/art_med-aio-md62219_1.webp?resize=150%2C150&amp;ssl=1 150w, https:\/\/i0.wp.com\/www.pcmadrid.es\/tienda\/wp-content\/uploads\/2022\/11\/art_med-aio-md62219_1.webp?resize=768%2C768&amp;ssl=1 768w, https:\/\/i0.wp.com\/www.pcmadrid.es\/tienda\/wp-content\/uploads\/2022\/11\/art_med-aio-md62219_1.webp?resize=65%2C65&amp;ssl=1 65w, https:\/\/i0.wp.com\/www.pcmadrid.es\/tienda\/wp-content\/uploads\/2022\/11\/art_med-aio-md62219_1.webp?resize=600%2C600&amp;ssl=1 600w, https:\/\/i0.wp.com\/www.pcmadrid.es\/tienda\/wp-content\/uploads\/2022\/11\/art_med-aio-md62219_1.webp?resize=100%2C100&amp;ssl=1 100w\" sizes=\"(max-width: 800px) 100vw, 800px\" \/><\/p>\n<p>&nbsp;<\/p>\n<h2>MEDION\u00ae AKOYA\u00ae E23403<\/h2>\n<p>Intel\u00ae Core\u2122 i3-1005G1, Windows 11 Pro, pantalla FHD de 60,5 cm (23,8&#8243;), 256 GB SSD, 8 GB RAM<\/p>\n<ul>\n<li>Procesador Intel\u00ae Core\u2122 i3-1005G1<\/li>\n<li>Windows 11 Home<\/li>\n<li>Pantalla Full HD de 60,5 cm (23,8&#8243;)<\/li>\n<li>256 GB SSD<\/li>\n<li>8 GB DE RAM DDR4<\/li>\n<\/ul>\n<h2>Ahorra espacio, es divertido<\/h2>\n<p>Este PC AIO E23403 ser\u00e1 una verdadera atracci\u00f3n para tu hogar. La carcasa, extremadamente delgada y casi sin marco, con su elegante cubierta de aluminio, atrae todas las miradas, y adem\u00e1s incluye el ordenador completo. As\u00ed, podr\u00e1s cambiar una enorme caja PC de sobremesa por una elegante pieza, que incluso se adapta a la sala de estar. Tambi\u00e9n puedes estar seguro de disfrutar de una visualizaci\u00f3n de primera clase en la pantalla, ya que la pantalla Full HD con su gran diagonal de 23,8 pulgadas (60 cent\u00edmetros) proporciona unas im\u00e1genes perfectas. Desde el trabajo y el entretenimiento hasta las videollamadas con amigos y familiares: este potente PC All-in-One con procesador Intel\u00ae Core\u2122 i3 y sistema de sonido Dolby Audio\u2122 te ofrece todo lo que necesitas en el d\u00eda a d\u00eda, y ahorra espacio en tu escritorio.<\/p>\n<h2>Valores internos<\/h2>\n<p>El AIO E23403 cuenta con una tecnolog\u00eda que te ayudar\u00e1 a manejar el d\u00eda a d\u00eda. Con 8 GBytes de memoria DDR4 ultrarr\u00e1pida, est\u00e1 perfectamente equipado para ejecutar m\u00faltiples tareas a la vez. Una SSD con 256 GBytes de espacio de almacenamiento pone fin a la preocupaci\u00f3n por el almacenamiento. Esto hace que el AIO E23403 sea el ordenador dom\u00e9stico ideal<\/p>\n<p>&nbsp;<\/p>\n<h2>Procesador Intel\u00ae Core\u2122 i3. El rendimiento fiable m\u00e1s<\/h2>\n<p>Con el procesador Intel\u00ae Core\u2122 i3 de d\u00e9cima generaci\u00f3n, tu PC simplemente rinde mejor. Gracias a las modernas tecnolog\u00edas y a la mejora de los gr\u00e1ficos, el procesador garantiza un rendimiento que puede hacer frente a todas las aplicaciones actuales y tambi\u00e9n proporciona el mejor soporte para la multitarea. Gracias al nuevo est\u00e1ndar WLAN Wi-Fi 6, tu PC tambi\u00e9n se conecta de forma r\u00e1pida y segura.<\/p>\n<p>Intel, el logotipo de Intel, Intel Inside, Core y Core Inside son marcas comerciales de Intel Corporation o sus filiales en Estados Unidos y otros pa\u00edses<\/p>\n<p>&nbsp;<\/p>\n<h2>Windows 11 Home. Te acerca a lo que amas<\/h2>\n<p>Familia, amigos, pasiones, m\u00fasica, creaciones: Windows 11 es el \u00fanico lugar para todo. Con una nueva sensaci\u00f3n de frescura y herramientas que facilitan el trabajo eficiente, tiene todo lo que necesitas para el futuro.<\/p>\n<p>Debe aceptar las condiciones de licencia y garant\u00eda del software adjuntas (microsoft.com\/useterms).<\/p>\n<p>El software del sistema operativo y las actualizaciones requieren mucha memoria;<br \/>\nla capacidad de memoria del usuario es menor. Para m\u00e1s informaci\u00f3n, pulse aqu\u00ed:\u00a0<a href=\"https:\/\/www.microsoft.com\/en-us\/windows\/windows-11-specifications\">https:\/\/www.microsoft.com\/en-us\/windows\/windows-11-specifications<\/a><\/p>\n<p>Windows 11 se actualiza autom\u00e1ticamente (siempre activado).<br \/>\nPueden aplicarse cargos del proveedor de servicios de Internet. Es posible que con el tiempo se produzcan necesidades adicionales de almacenamiento y\/o hardware.<br \/>\nPara m\u00e1s informaci\u00f3n, consulte\u00a0<a href=\"https:\/\/www.microsoft.com\/es-es\/windows\/windows-11-specifications\">https:\/\/www.microsoft.com\/es-es\/windows\/windows-11-specifications<\/a><\/p>\n<h2>Pantalla FHD de 60,5 cm (23,8&#8243;) con tecnolog\u00eda IPS<\/h2>\n<p>Una pantalla Full HD de gran nitidez muestra pel\u00edculas, juegos y otras aplicaciones con un brillo y una claridad perfectos. La tecnolog\u00eda IPS garantiza un \u00e1ngulo de visi\u00f3n casi ilimitado: incluso si se mira la pantalla desde un lado o desde arriba, se sigue viendo una imagen brillante y de alto contraste.<\/p>\n<h2>SSD de 256 GB<\/h2>\n<p><b>M\u00e1s r\u00e1pido gracias a la tecnolog\u00eda SSD<br \/>\n<\/b><br \/>\nEl disco duro SSD con 256 GB de memoria es especialmente r\u00e1pido y acelera el sistema reduciendo los tiempos de arranque y carga de los programas. De este modo, podr\u00e1s empezar a trabajar en cuanto enciendas el ordenador o hagas clic en el icono de un programa.<\/p>\n<h2>8 GB de memoria DDR4<\/h2>\n<p><b>Memoria RAM de alta calidad<br \/>\n<\/b><br \/>\nGracias a su mayor frecuencia de reloj, la memoria RAM DDR4 del sistema funciona mucho m\u00e1s r\u00e1pido y acelera los tiempos de carga de tus programas. Al mismo tiempo, la memoria RAM DDR4 ahorra energ\u00eda debido a su menor voltaje y es significativamente m\u00e1s eficiente.<\/p>\n<h2>Intel\u00ae Wi-Fi AX201 con funci\u00f3n Bluetooth integrada<\/h2>\n<p><b>Navega m\u00e1s r\u00e1pido sin cables<br \/>\n<\/b>La tecnolog\u00eda Intel Wi-Fi 6 integrada garantiza una transferencia de datos inal\u00e1mbrica \u00f3ptima, para que puedas navegar m\u00e1s r\u00e1pido. La \u00faltima tecnolog\u00eda Wi-Fi te mantiene m\u00e1s seguro en l\u00ednea y preparado para las futuras generaciones de routers. Su sistema responde m\u00e1s r\u00e1pido porque las latencias se reducen significativamente. Experimenta el rendimiento concentrado de la WLAN.<\/p>\n<p>La marca y los logotipos de Bluetooth\u00ae son marcas registradas de Bluetooth SIG, Inc. y son utilizados por MEDION\u00ae bajo licencia.<\/p>\n<h2>Caracter\u00edsticas principales<\/h2>\n<ul>\n<li><b>Procesador (CPU)<\/b><\/li>\n<li>Tipo de procesador : Intel Core i3 10. Gen<\/li>\n<li>N\u00famero de procesadores : Core i3-1005G1<\/li>\n<li>Velocidad del procesador : 3,4 GHz<\/li>\n<li>N\u00famero de n\u00facleos del procesador : 4<\/li>\n<li>Cach\u00e9 (MB) : 4,00<\/li>\n<li><b>Software<\/b><\/li>\n<li>Sistema operativo : Windows 11 Pro<\/li>\n<li><b>Tarjeta de v\u00eddeo (GPU)<\/b><\/li>\n<li>Modelo de procesador gr\u00e1fico : Intel\u00ae UHD<\/li>\n<li>Procesador gr\u00e1fico : Gr\u00e1ficos integrados<\/li>\n<li><b>Memoria de trabajo (RAM)<\/b><\/li>\n<li>Memoria RAM : 8GB<\/li>\n<li>Tipo de memoria RAM : DDR4 2666 MHz<\/li>\n<li><b>Almacenamiento<\/b><\/li>\n<li>Capacidad del disco duro SSD : 256 GB<\/li>\n<li>Tipo de disco duro : SSD<\/li>\n<li>Dispositivo de almacenamiento \u00f3ptico : no hay unidad<\/li>\n<li><b>Pantalla<\/b><\/li>\n<li>Tama\u00f1o de pantalla : 60,5 cm (23,8 pulgadas)<\/li>\n<li>Max. Resoluci\u00f3n : 1920&#215;1080<\/li>\n<li>Tecnolog\u00eda de visualizaci\u00f3n : LCD IPS<\/li>\n<li>Relaci\u00f3n de aspecto : 16:09<\/li>\n<li>Tipo de pantalla : estera<\/li>\n<li><b>Contiene<\/b><\/li>\n<li>MEDION\u00ae AKOYA\u00ae All-in-One E23403 (MD63870)<\/li>\n<li>Fuente de alimentaci\u00f3n externa<\/li>\n<li>Rat\u00f3n y teclado inal\u00e1mbricos<\/li>\n<li>Tarjeta de garant\u00eda<\/li>\n<li>Gu\u00eda de inicio r\u00e1pido<\/li>\n<li>Manual de seguridad<\/li>\n<li><b>Conexiones<\/b><\/li>\n<li>Conexiones\/interfaces :\n<ul>\n<li>1 x USB 3.2 Gen 1 Tipo A<\/li>\n<li>2 x USB 2.0<\/li>\n<li>1 x HDMI<\/li>\n<li>1 x RJ45<\/li>\n<li>1 x Audio out<\/li>\n<li>1 x Mic in<\/li>\n<\/ul>\n<\/li>\n<li><b>Caracter\u00edsticas y dise\u00f1o<br \/>\n<\/b><\/li>\n<li>Tipo de producto : Todo en uno<\/li>\n<li>Funciones<\/li>\n<li>Bluetooth<\/li>\n<li>Interruptor ON\/OFF<\/li>\n<li>Altavoces integrados<\/li>\n<li>Puerto\/conectores USB integrados<\/li>\n<li>Adaptador Wi-Fi integrado<\/li>\n<li>Toma de auriculares<\/li>\n<li>Bisel delgado<\/li>\n<li>WI-FI<\/li>\n<li>Tipo de producto : PC multimedia<\/li>\n<li>L\u00ednea de productos : AKOYA<\/li>\n<li><b>Software<\/b><\/li>\n<li>Windows 11 Home<\/li>\n<li><b>Propiedades<\/b><\/li>\n<li>Art\u00edculo n\u00famero: 30034691<\/li>\n<li>Medidas de la anchura: 542 mm<\/li>\n<li>Dimensiones de altura: 418 mm<\/li>\n<li>Dimensiones de profundidad: 152 mm<\/li>\n<li>Peso: 3,02 kg<\/li>\n<li>Garantia: 36 Meses<\/li>\n<\/ul>\n<p>&nbsp;<\/p>\n<p><strong>Software Incluido:<\/strong><\/p>\n<p><a href=\"https:\/\/www.pcmadrid.es\/tienda\/producto\/microsoft-windows-11-pro-licencia-digital\/\"><strong>Windows 11 Pro<\/strong><\/a><\/p>\n<p><a href=\"https:\/\/www.pcmadrid.es\/tienda\/producto\/licencia-office-2021-pro-plus-windows\/\"><strong>Office 2021 Pro<\/strong><\/a><\/p>\n<p>&nbsp;<\/p>\n<p>&nbsp;<\/p>\n<h1 style=\"text-align: center;\">PC All in One Medion E23403 Intel Core i3 1005G1<\/h1>\n","protected":false},"excerpt":{"rendered":"<h2>Pack completo \u2013 con teclado y rat\u00f3n<\/h2>\n<p>El MEDION\u00ae AKOYA\u00ae E23301 All-in-one viene con un pr\u00e1ctico pack de teclado y rat\u00f3n para que puedas utilizar tu PC directamente. Ambos dispositivos son de entrada inal\u00e1mbrica, con bater\u00eda de larga duraci\u00f3n y de dise\u00f1o elegante, perfectos para afrontar incluso los d\u00edas de trabajo m\u00e1s largos.<\/p>\n","protected":false},"featured_media":10433,"comment_status":"open","ping_status":"closed","template":"","meta":{"_et_pb_use_builder":"","_et_pb_old_content":"","_et_gb_content_width":""},"product_brand":[],"product_cat":[177,96,102,65],"product_tag":[],"class_list":{"0":"post-10432","1":"product","2":"type-product","3":"status-publish","4":"has-post-thumbnail","6":"product_cat-equipos-todo-en-1-all-in-one","7":"product_cat-ofertas","8":"product_cat-comprar-ordenadores","9":"product_cat-todos","11":"first","12":"instock","13":"sale","14":"taxable","15":"shipping-taxable","16":"purchasable","17":"product-type-simple"},"yoast_head":"<!-- This site is optimized with the Yoast SEO plugin v27.5 - https:\/\/yoast.com\/product\/yoast-seo-wordpress\/ -->\n<title>PC All in One Medion E23403 Intel Core i3 1005G1 | Tienda PCMADRID<\/title>\n<meta name=\"description\" content=\"El MEDION\u00ae E23403 All-in-one viene con un pr\u00e1ctico pack de teclado y rat\u00f3n para que puedas utilizar tu PC directamente nada m\u00e1s encenderlo.\" \/>\n<meta name=\"robots\" content=\"index, follow, max-snippet:-1, max-image-preview:large, max-video-preview:-1\" \/>\n<link rel=\"canonical\" href=\"https:\/\/www.pcmadrid.es\/tienda\/producto\/pc-all-in-one-medion-e23403-intel-core-i3-1005g1\/\" \/>\n<meta name=\"twitter:label1\" content=\"Tiempo de lectura\" \/>\n\t<meta name=\"twitter:data1\" content=\"5 minutos\" \/>\n<script type=\"application\/ld+json\" class=\"yoast-schema-graph\">{\"@context\":\"https:\\\/\\\/schema.org\",\"@graph\":[{\"@type\":\"WebPage\",\"@id\":\"https:\\\/\\\/www.pcmadrid.es\\\/tienda\\\/producto\\\/pc-all-in-one-medion-e23403-intel-core-i3-1005g1\\\/\",\"url\":\"https:\\\/\\\/www.pcmadrid.es\\\/tienda\\\/producto\\\/pc-all-in-one-medion-e23403-intel-core-i3-1005g1\\\/\",\"name\":\"PC All in One Medion E23403 Intel Core i3 1005G1 | Tienda PCMADRID\",\"isPartOf\":{\"@id\":\"https:\\\/\\\/www.pcmadrid.es\\\/tienda\\\/#website\"},\"primaryImageOfPage\":{\"@id\":\"https:\\\/\\\/www.pcmadrid.es\\\/tienda\\\/producto\\\/pc-all-in-one-medion-e23403-intel-core-i3-1005g1\\\/#primaryimage\"},\"image\":{\"@id\":\"https:\\\/\\\/www.pcmadrid.es\\\/tienda\\\/producto\\\/pc-all-in-one-medion-e23403-intel-core-i3-1005g1\\\/#primaryimage\"},\"thumbnailUrl\":\"https:\\\/\\\/i0.wp.com\\\/www.pcmadrid.es\\\/tienda\\\/wp-content\\\/uploads\\\/2022\\\/11\\\/art_med-aio-md62219_1.webp?fit=800%2C800&ssl=1\",\"datePublished\":\"2022-11-19T22:51:10+00:00\",\"dateModified\":\"2024-03-22T09:03:47+00:00\",\"description\":\"El MEDION\u00ae E23403 All-in-one viene con un pr\u00e1ctico pack de teclado y rat\u00f3n para que puedas utilizar tu PC directamente nada m\u00e1s encenderlo.\",\"breadcrumb\":{\"@id\":\"https:\\\/\\\/www.pcmadrid.es\\\/tienda\\\/producto\\\/pc-all-in-one-medion-e23403-intel-core-i3-1005g1\\\/#breadcrumb\"},\"inLanguage\":\"es\",\"potentialAction\":[{\"@type\":\"ReadAction\",\"target\":[\"https:\\\/\\\/www.pcmadrid.es\\\/tienda\\\/producto\\\/pc-all-in-one-medion-e23403-intel-core-i3-1005g1\\\/\"]}]},{\"@type\":\"ImageObject\",\"inLanguage\":\"es\",\"@id\":\"https:\\\/\\\/www.pcmadrid.es\\\/tienda\\\/producto\\\/pc-all-in-one-medion-e23403-intel-core-i3-1005g1\\\/#primaryimage\",\"url\":\"https:\\\/\\\/i0.wp.com\\\/www.pcmadrid.es\\\/tienda\\\/wp-content\\\/uploads\\\/2022\\\/11\\\/art_med-aio-md62219_1.webp?fit=800%2C800&ssl=1\",\"contentUrl\":\"https:\\\/\\\/i0.wp.com\\\/www.pcmadrid.es\\\/tienda\\\/wp-content\\\/uploads\\\/2022\\\/11\\\/art_med-aio-md62219_1.webp?fit=800%2C800&ssl=1\",\"width\":800,\"height\":800,\"caption\":\"PC All in One Medion Akoya E23301 Ryzen 3 3200U\"},{\"@type\":\"BreadcrumbList\",\"@id\":\"https:\\\/\\\/www.pcmadrid.es\\\/tienda\\\/producto\\\/pc-all-in-one-medion-e23403-intel-core-i3-1005g1\\\/#breadcrumb\",\"itemListElement\":[{\"@type\":\"ListItem\",\"position\":1,\"name\":\"Portada\",\"item\":\"https:\\\/\\\/www.pcmadrid.es\\\/tienda\\\/\"},{\"@type\":\"ListItem\",\"position\":2,\"name\":\"Todos los productos\",\"item\":\"https:\\\/\\\/www.pcmadrid.es\\\/tienda\\\/todos-los-productos\\\/\"},{\"@type\":\"ListItem\",\"position\":3,\"name\":\"PC All in One Medion E23403 Intel Core i3 1005G1\"}]},{\"@type\":\"WebSite\",\"@id\":\"https:\\\/\\\/www.pcmadrid.es\\\/tienda\\\/#website\",\"url\":\"https:\\\/\\\/www.pcmadrid.es\\\/tienda\\\/\",\"name\":\"Tienda PCMADRID\",\"description\":\"Venta y reparaciones de ordenadores\",\"publisher\":{\"@id\":\"https:\\\/\\\/www.pcmadrid.es\\\/tienda\\\/#organization\"},\"potentialAction\":[{\"@type\":\"SearchAction\",\"target\":{\"@type\":\"EntryPoint\",\"urlTemplate\":\"https:\\\/\\\/www.pcmadrid.es\\\/tienda\\\/?s={search_term_string}\"},\"query-input\":{\"@type\":\"PropertyValueSpecification\",\"valueRequired\":true,\"valueName\":\"search_term_string\"}}],\"inLanguage\":\"es\"},{\"@type\":\"Organization\",\"@id\":\"https:\\\/\\\/www.pcmadrid.es\\\/tienda\\\/#organization\",\"name\":\"PCMADRID\",\"url\":\"https:\\\/\\\/www.pcmadrid.es\\\/tienda\\\/\",\"logo\":{\"@type\":\"ImageObject\",\"inLanguage\":\"es\",\"@id\":\"https:\\\/\\\/www.pcmadrid.es\\\/tienda\\\/#\\\/schema\\\/logo\\\/image\\\/\",\"url\":\"https:\\\/\\\/www.pcmadrid.es\\\/tienda\\\/wp-content\\\/uploads\\\/2019\\\/10\\\/pcmadridlogo..png\",\"contentUrl\":\"https:\\\/\\\/www.pcmadrid.es\\\/tienda\\\/wp-content\\\/uploads\\\/2019\\\/10\\\/pcmadridlogo..png\",\"width\":750,\"height\":300,\"caption\":\"PCMADRID\"},\"image\":{\"@id\":\"https:\\\/\\\/www.pcmadrid.es\\\/tienda\\\/#\\\/schema\\\/logo\\\/image\\\/\"},\"sameAs\":[\"https:\\\/\\\/www.facebook.com\\\/pcmadridinformatica\",\"https:\\\/\\\/x.com\\\/pc_madrid\",\"https:\\\/\\\/www.youtube.com\\\/channel\\\/UCIbQq9k6BBrU5x2wqDIHr7A\",\"https:\\\/\\\/www.instagram.com\\\/pcmadrid_informatica\\\/?hl=es\",\"https:\\\/\\\/www.linkedin.com\\\/company\\\/9348326\\\/admin\\\/\",\"https:\\\/\\\/www.pinterest.es\\\/pcmadrid_informatica\\\/\"]}]}<\/script>\n<!-- \/ Yoast SEO plugin. -->","yoast_head_json":{"title":"PC All in One Medion E23403 Intel Core i3 1005G1 | Tienda PCMADRID","description":"El MEDION\u00ae E23403 All-in-one viene con un pr\u00e1ctico pack de teclado y rat\u00f3n para que puedas utilizar tu PC directamente nada m\u00e1s encenderlo.","robots":{"index":"index","follow":"follow","max-snippet":"max-snippet:-1","max-image-preview":"max-image-preview:large","max-video-preview":"max-video-preview:-1"},"canonical":"https:\/\/www.pcmadrid.es\/tienda\/producto\/pc-all-in-one-medion-e23403-intel-core-i3-1005g1\/","twitter_misc":{"Tiempo de lectura":"5 minutos"},"schema":{"@context":"https:\/\/schema.org","@graph":[{"@type":"WebPage","@id":"https:\/\/www.pcmadrid.es\/tienda\/producto\/pc-all-in-one-medion-e23403-intel-core-i3-1005g1\/","url":"https:\/\/www.pcmadrid.es\/tienda\/producto\/pc-all-in-one-medion-e23403-intel-core-i3-1005g1\/","name":"PC All in One Medion E23403 Intel Core i3 1005G1 | Tienda PCMADRID","isPartOf":{"@id":"https:\/\/www.pcmadrid.es\/tienda\/#website"},"primaryImageOfPage":{"@id":"https:\/\/www.pcmadrid.es\/tienda\/producto\/pc-all-in-one-medion-e23403-intel-core-i3-1005g1\/#primaryimage"},"image":{"@id":"https:\/\/www.pcmadrid.es\/tienda\/producto\/pc-all-in-one-medion-e23403-intel-core-i3-1005g1\/#primaryimage"},"thumbnailUrl":"https:\/\/i0.wp.com\/www.pcmadrid.es\/tienda\/wp-content\/uploads\/2022\/11\/art_med-aio-md62219_1.webp?fit=800%2C800&ssl=1","datePublished":"2022-11-19T22:51:10+00:00","dateModified":"2024-03-22T09:03:47+00:00","description":"El MEDION\u00ae E23403 All-in-one viene con un pr\u00e1ctico pack de teclado y rat\u00f3n para que puedas utilizar tu PC directamente nada m\u00e1s encenderlo.","breadcrumb":{"@id":"https:\/\/www.pcmadrid.es\/tienda\/producto\/pc-all-in-one-medion-e23403-intel-core-i3-1005g1\/#breadcrumb"},"inLanguage":"es","potentialAction":[{"@type":"ReadAction","target":["https:\/\/www.pcmadrid.es\/tienda\/producto\/pc-all-in-one-medion-e23403-intel-core-i3-1005g1\/"]}]},{"@type":"ImageObject","inLanguage":"es","@id":"https:\/\/www.pcmadrid.es\/tienda\/producto\/pc-all-in-one-medion-e23403-intel-core-i3-1005g1\/#primaryimage","url":"https:\/\/i0.wp.com\/www.pcmadrid.es\/tienda\/wp-content\/uploads\/2022\/11\/art_med-aio-md62219_1.webp?fit=800%2C800&ssl=1","contentUrl":"https:\/\/i0.wp.com\/www.pcmadrid.es\/tienda\/wp-content\/uploads\/2022\/11\/art_med-aio-md62219_1.webp?fit=800%2C800&ssl=1","width":800,"height":800,"caption":"PC All in One Medion Akoya E23301 Ryzen 3 3200U"},{"@type":"BreadcrumbList","@id":"https:\/\/www.pcmadrid.es\/tienda\/producto\/pc-all-in-one-medion-e23403-intel-core-i3-1005g1\/#breadcrumb","itemListElement":[{"@type":"ListItem","position":1,"name":"Portada","item":"https:\/\/www.pcmadrid.es\/tienda\/"},{"@type":"ListItem","position":2,"name":"Todos los productos","item":"https:\/\/www.pcmadrid.es\/tienda\/todos-los-productos\/"},{"@type":"ListItem","position":3,"name":"PC All in One Medion E23403 Intel Core i3 1005G1"}]},{"@type":"WebSite","@id":"https:\/\/www.pcmadrid.es\/tienda\/#website","url":"https:\/\/www.pcmadrid.es\/tienda\/","name":"Tienda PCMADRID","description":"Venta y reparaciones de ordenadores","publisher":{"@id":"https:\/\/www.pcmadrid.es\/tienda\/#organization"},"potentialAction":[{"@type":"SearchAction","target":{"@type":"EntryPoint","urlTemplate":"https:\/\/www.pcmadrid.es\/tienda\/?s={search_term_string}"},"query-input":{"@type":"PropertyValueSpecification","valueRequired":true,"valueName":"search_term_string"}}],"inLanguage":"es"},{"@type":"Organization","@id":"https:\/\/www.pcmadrid.es\/tienda\/#organization","name":"PCMADRID","url":"https:\/\/www.pcmadrid.es\/tienda\/","logo":{"@type":"ImageObject","inLanguage":"es","@id":"https:\/\/www.pcmadrid.es\/tienda\/#\/schema\/logo\/image\/","url":"https:\/\/www.pcmadrid.es\/tienda\/wp-content\/uploads\/2019\/10\/pcmadridlogo..png","contentUrl":"https:\/\/www.pcmadrid.es\/tienda\/wp-content\/uploads\/2019\/10\/pcmadridlogo..png","width":750,"height":300,"caption":"PCMADRID"},"image":{"@id":"https:\/\/www.pcmadrid.es\/tienda\/#\/schema\/logo\/image\/"},"sameAs":["https:\/\/www.facebook.com\/pcmadridinformatica","https:\/\/x.com\/pc_madrid","https:\/\/www.youtube.com\/channel\/UCIbQq9k6BBrU5x2wqDIHr7A","https:\/\/www.instagram.com\/pcmadrid_informatica\/?hl=es","https:\/\/www.linkedin.com\/company\/9348326\/admin\/","https:\/\/www.pinterest.es\/pcmadrid_informatica\/"]}]}},"jetpack_sharing_enabled":true,"_links":{"self":[{"href":"https:\/\/www.pcmadrid.es\/tienda\/wp-json\/wp\/v2\/product\/10432","targetHints":{"allow":["GET"]}}],"collection":[{"href":"https:\/\/www.pcmadrid.es\/tienda\/wp-json\/wp\/v2\/product"}],"about":[{"href":"https:\/\/www.pcmadrid.es\/tienda\/wp-json\/wp\/v2\/types\/product"}],"replies":[{"embeddable":true,"href":"https:\/\/www.pcmadrid.es\/tienda\/wp-json\/wp\/v2\/comments?post=10432"}],"wp:featuredmedia":[{"embeddable":true,"href":"https:\/\/www.pcmadrid.es\/tienda\/wp-json\/wp\/v2\/media\/10433"}],"wp:attachment":[{"href":"https:\/\/www.pcmadrid.es\/tienda\/wp-json\/wp\/v2\/media?parent=10432"}],"wp:term":[{"taxonomy":"product_brand","embeddable":true,"href":"https:\/\/www.pcmadrid.es\/tienda\/wp-json\/wp\/v2\/product_brand?post=10432"},{"taxonomy":"product_cat","embeddable":true,"href":"https:\/\/www.pcmadrid.es\/tienda\/wp-json\/wp\/v2\/product_cat?post=10432"},{"taxonomy":"product_tag","embeddable":true,"href":"https:\/\/www.pcmadrid.es\/tienda\/wp-json\/wp\/v2\/product_tag?post=10432"}],"curies":[{"name":"wp","href":"https:\/\/api.w.org\/{rel}","templated":true}]}}