{"id":10759,"date":"2023-04-29T21:07:36","date_gmt":"2023-04-29T19:07:36","guid":{"rendered":"https:\/\/www.pcmadrid.es\/tienda\/?post_type=product&#038;p=10759"},"modified":"2024-03-22T10:04:32","modified_gmt":"2024-03-22T09:04:32","slug":"grabadora-externa-cd-dvd-asus-lite-blanco","status":"publish","type":"product","link":"https:\/\/www.pcmadrid.es\/tienda\/producto\/grabadora-externa-cd-dvd-asus-lite-blanco\/","title":{"rendered":"Grabadora Externa CD\/DVD Asus Lite Blanco"},"content":{"rendered":"<p>Esta unidad DVD externa 8x incorpora un dise\u00f1o elegante, ultrafino. La textura tramada de la carcasa est\u00e1 inspirada en los diamantes y hace al producto \u00fanico desde cualquier \u00e1ngulo que se lo mire. Funcionalidades extra son la conectividad USB 2.0 y el software E-Green Engine.<\/p>\n<h2>\nEspecificaciones t\u00e9cnicas<\/h2>\n<p>&nbsp;<\/p>\n<ul>\n<li>\n<h2>Velocidad de lectura<\/h2>\n<\/li>\n<li>DVD+R : 8X<\/li>\n<li>DVD-R : 8X<\/li>\n<li>DVD+RW : 8X<\/li>\n<li>DVD-RW : 8X<\/li>\n<li>DVD-ROM : 8X<\/li>\n<li>DVD+R(DL) : 8X<\/li>\n<li>DVD-R(DL) : 8X<\/li>\n<li>DVD-ROM(DL) : 8X<\/li>\n<li>DVD-RAM : 5X<\/li>\n<li>CD-R : 24X<\/li>\n<li>CD-RW : 24X<\/li>\n<li>CD-ROM : 24X<\/li>\n<li>DVD Video Playback : 4X<\/li>\n<li>VCD Playback : 10X<\/li>\n<li>Audio CD Playback : 10X<\/li>\n<li>\n<h2>Velocidad de escritura<\/h2>\n<\/li>\n<li>DVD+R : 8X<\/li>\n<li>DVD-R : 8X<\/li>\n<li>DVD+RW : 8X<\/li>\n<li>DVD-RW : 6X<\/li>\n<li>DVD+R(DL) : 6X<\/li>\n<li>DVD-R (DL) : 6X<\/li>\n<li>DVD-RAM : 5X<\/li>\n<li>CD-R : 24X<\/li>\n<li>CD-RW : 16X<\/li>\n<li>\n<h2>Modo de escritura<\/h2>\n<\/li>\n<li>DVD+R &amp; DVD+R (DL) : Escritura secuencial<\/li>\n<li>DVD-R &amp; DVD-R(DL) : DAO\/Escritura incremental<\/li>\n<li>DVD+RW : Escritura aleatoria<\/li>\n<li>DVD-RW : DAO\/Sobrescritura restringida\/Escritura incremental<\/li>\n<li>DVD-RAM : Escritura aleatoria<\/li>\n<li>CD-R\/RW : DAO\/TAO\/SAO\/Escritura de paquetes<\/li>\n<li>\n<h2>Tiempo de acceso<\/h2>\n<\/li>\n<li>DVD : 160 ms<\/li>\n<li>CD : 140 ms<\/li>\n<li>\n<h2>Interfaz<\/h2>\n<\/li>\n<li>USB 2.0<\/li>\n<li>\n<h2>Buffer de datos<\/h2>\n<\/li>\n<li>1 MB<\/li>\n<li>\n<h2>SO compatibles<\/h2>\n<\/li>\n<li>Windows\u00ae 11<\/li>\n<li>Windows\u00ae 10<\/li>\n<li>macOS<\/li>\n<li>\n<h2>Requisitos m\u00ednimos<\/h2>\n<\/li>\n<li>Procesador: Intel Pentium\u00ae 4 2.0GHz o AMD Athlon 2100+ o superior.<\/li>\n<li>Memoria: Se recomienda al menos 512MB.<\/li>\n<li>Disco duro: al menos 10GB.<\/li>\n<li>\n<h2>Software<\/h2>\n<\/li>\n<li>Cyberlink Power2Go 7<\/li>\n<li>E-Green<\/li>\n<li>\n<h2>Formatos de discos<\/h2>\n<\/li>\n<li>Audio CD, Video CD, CD-I, CD-Extra, Photo CD, CD-Text, CD-ROM\/XA, CD multisesi\u00f3n, DVD Video<\/li>\n<li>\n<h2>Di\u00e1metros de disco<\/h2>\n<\/li>\n<li>12cm\/8cm<\/li>\n<li>\n<h2>Orientaci\u00f3n de montaje<\/h2>\n<\/li>\n<li>Vertical y horizontal (+5\u00b0 ~ -5\u00b0)<\/li>\n<li>\n<h2>Dimensiones<\/h2>\n<\/li>\n<li>142 x 142 x 20 mm (LxWxH)<\/li>\n<li>\n<h2>Peso<\/h2>\n<\/li>\n<li>280 gr.<\/li>\n<li>\n<h2>Alimentaci\u00f3n<\/h2>\n<\/li>\n<li>Alimentaci\u00f3n USB +5V \u00b1 5%<\/li>\n<li>\n<h2>Temperatura<\/h2>\n<\/li>\n<li>Funcionamiento: de 5\u00ba hasta 40\u00ba<\/li>\n<li>Almacenamiento: de -30\u00ba hasta 60\u00ba<\/li>\n<li>\n<h2>Humedad<\/h2>\n<\/li>\n<li>Funcionamiento: 15\u00a0% ~ 80\u00a0% (Sin condensaci\u00f3n)<\/li>\n<li>Almacenamiento: 10\u00a0% ~ 90\u00a0% (Sin condensaci\u00f3n)<\/li>\n<\/ul>\n","protected":false},"excerpt":{"rendered":"<p>Esta unidad DVD externa 8x incorpora un dise\u00f1o elegante, ultrafino. La textura tramada de la carcasa est\u00e1 inspirada en los diamantes y hace al producto \u00fanico desde cualquier \u00e1ngulo que se lo mire. Funcionalidades extra son la conectividad USB 2.0 y el software E-Green Engine. Especificaciones t\u00e9cnicas &nbsp; Velocidad de lectura DVD+R : 8X DVD-R [&hellip;]<\/p>\n","protected":false},"featured_media":10761,"comment_status":"open","ping_status":"closed","template":"","meta":{"_et_pb_use_builder":"","_et_pb_old_content":"","_et_gb_content_width":""},"product_brand":[],"product_cat":[247,65],"product_tag":[],"class_list":{"0":"post-10759","1":"product","2":"type-product","3":"status-publish","4":"has-post-thumbnail","6":"product_cat-perifericos","7":"product_cat-todos","9":"first","10":"instock","11":"sale","12":"taxable","13":"shipping-taxable","14":"purchasable","15":"product-type-simple"},"yoast_head":"<!-- This site is optimized with the Yoast SEO plugin v27.5 - https:\/\/yoast.com\/product\/yoast-seo-wordpress\/ -->\n<title>Grabadora Externa CD\/DVD Asus Lite Blanco | Tienda PCMADRID<\/title>\n<meta name=\"robots\" content=\"index, follow, max-snippet:-1, max-image-preview:large, max-video-preview:-1\" \/>\n<link rel=\"canonical\" href=\"https:\/\/www.pcmadrid.es\/tienda\/producto\/grabadora-externa-cd-dvd-asus-lite-blanco\/\" \/>\n<meta name=\"twitter:label1\" content=\"Tiempo de lectura\" \/>\n\t<meta name=\"twitter:data1\" content=\"2 minutos\" \/>\n<script type=\"application\/ld+json\" class=\"yoast-schema-graph\">{\"@context\":\"https:\\\/\\\/schema.org\",\"@graph\":[{\"@type\":\"WebPage\",\"@id\":\"https:\\\/\\\/www.pcmadrid.es\\\/tienda\\\/producto\\\/grabadora-externa-cd-dvd-asus-lite-blanco\\\/\",\"url\":\"https:\\\/\\\/www.pcmadrid.es\\\/tienda\\\/producto\\\/grabadora-externa-cd-dvd-asus-lite-blanco\\\/\",\"name\":\"Grabadora Externa CD\\\/DVD Asus Lite Blanco | Tienda PCMADRID\",\"isPartOf\":{\"@id\":\"https:\\\/\\\/www.pcmadrid.es\\\/tienda\\\/#website\"},\"primaryImageOfPage\":{\"@id\":\"https:\\\/\\\/www.pcmadrid.es\\\/tienda\\\/producto\\\/grabadora-externa-cd-dvd-asus-lite-blanco\\\/#primaryimage\"},\"image\":{\"@id\":\"https:\\\/\\\/www.pcmadrid.es\\\/tienda\\\/producto\\\/grabadora-externa-cd-dvd-asus-lite-blanco\\\/#primaryimage\"},\"thumbnailUrl\":\"https:\\\/\\\/i0.wp.com\\\/www.pcmadrid.es\\\/tienda\\\/wp-content\\\/uploads\\\/2023\\\/04\\\/art_asu-dvd-sdrw-08d2s-u-white_1.jpg?fit=800%2C800&ssl=1\",\"datePublished\":\"2023-04-29T19:07:36+00:00\",\"dateModified\":\"2024-03-22T09:04:32+00:00\",\"breadcrumb\":{\"@id\":\"https:\\\/\\\/www.pcmadrid.es\\\/tienda\\\/producto\\\/grabadora-externa-cd-dvd-asus-lite-blanco\\\/#breadcrumb\"},\"inLanguage\":\"es\",\"potentialAction\":[{\"@type\":\"ReadAction\",\"target\":[\"https:\\\/\\\/www.pcmadrid.es\\\/tienda\\\/producto\\\/grabadora-externa-cd-dvd-asus-lite-blanco\\\/\"]}]},{\"@type\":\"ImageObject\",\"inLanguage\":\"es\",\"@id\":\"https:\\\/\\\/www.pcmadrid.es\\\/tienda\\\/producto\\\/grabadora-externa-cd-dvd-asus-lite-blanco\\\/#primaryimage\",\"url\":\"https:\\\/\\\/i0.wp.com\\\/www.pcmadrid.es\\\/tienda\\\/wp-content\\\/uploads\\\/2023\\\/04\\\/art_asu-dvd-sdrw-08d2s-u-white_1.jpg?fit=800%2C800&ssl=1\",\"contentUrl\":\"https:\\\/\\\/i0.wp.com\\\/www.pcmadrid.es\\\/tienda\\\/wp-content\\\/uploads\\\/2023\\\/04\\\/art_asu-dvd-sdrw-08d2s-u-white_1.jpg?fit=800%2C800&ssl=1\",\"width\":800,\"height\":800},{\"@type\":\"BreadcrumbList\",\"@id\":\"https:\\\/\\\/www.pcmadrid.es\\\/tienda\\\/producto\\\/grabadora-externa-cd-dvd-asus-lite-blanco\\\/#breadcrumb\",\"itemListElement\":[{\"@type\":\"ListItem\",\"position\":1,\"name\":\"Portada\",\"item\":\"https:\\\/\\\/www.pcmadrid.es\\\/tienda\\\/\"},{\"@type\":\"ListItem\",\"position\":2,\"name\":\"Todos los productos\",\"item\":\"https:\\\/\\\/www.pcmadrid.es\\\/tienda\\\/todos-los-productos\\\/\"},{\"@type\":\"ListItem\",\"position\":3,\"name\":\"Grabadora Externa CD\\\/DVD Asus Lite Blanco\"}]},{\"@type\":\"WebSite\",\"@id\":\"https:\\\/\\\/www.pcmadrid.es\\\/tienda\\\/#website\",\"url\":\"https:\\\/\\\/www.pcmadrid.es\\\/tienda\\\/\",\"name\":\"Tienda PCMADRID\",\"description\":\"Venta y reparaciones de ordenadores\",\"publisher\":{\"@id\":\"https:\\\/\\\/www.pcmadrid.es\\\/tienda\\\/#organization\"},\"potentialAction\":[{\"@type\":\"SearchAction\",\"target\":{\"@type\":\"EntryPoint\",\"urlTemplate\":\"https:\\\/\\\/www.pcmadrid.es\\\/tienda\\\/?s={search_term_string}\"},\"query-input\":{\"@type\":\"PropertyValueSpecification\",\"valueRequired\":true,\"valueName\":\"search_term_string\"}}],\"inLanguage\":\"es\"},{\"@type\":\"Organization\",\"@id\":\"https:\\\/\\\/www.pcmadrid.es\\\/tienda\\\/#organization\",\"name\":\"PCMADRID\",\"url\":\"https:\\\/\\\/www.pcmadrid.es\\\/tienda\\\/\",\"logo\":{\"@type\":\"ImageObject\",\"inLanguage\":\"es\",\"@id\":\"https:\\\/\\\/www.pcmadrid.es\\\/tienda\\\/#\\\/schema\\\/logo\\\/image\\\/\",\"url\":\"https:\\\/\\\/www.pcmadrid.es\\\/tienda\\\/wp-content\\\/uploads\\\/2019\\\/10\\\/pcmadridlogo..png\",\"contentUrl\":\"https:\\\/\\\/www.pcmadrid.es\\\/tienda\\\/wp-content\\\/uploads\\\/2019\\\/10\\\/pcmadridlogo..png\",\"width\":750,\"height\":300,\"caption\":\"PCMADRID\"},\"image\":{\"@id\":\"https:\\\/\\\/www.pcmadrid.es\\\/tienda\\\/#\\\/schema\\\/logo\\\/image\\\/\"},\"sameAs\":[\"https:\\\/\\\/www.facebook.com\\\/pcmadridinformatica\",\"https:\\\/\\\/x.com\\\/pc_madrid\",\"https:\\\/\\\/www.youtube.com\\\/channel\\\/UCIbQq9k6BBrU5x2wqDIHr7A\",\"https:\\\/\\\/www.instagram.com\\\/pcmadrid_informatica\\\/?hl=es\",\"https:\\\/\\\/www.linkedin.com\\\/company\\\/9348326\\\/admin\\\/\",\"https:\\\/\\\/www.pinterest.es\\\/pcmadrid_informatica\\\/\"]}]}<\/script>\n<!-- \/ Yoast SEO plugin. -->","yoast_head_json":{"title":"Grabadora Externa CD\/DVD Asus Lite Blanco | Tienda PCMADRID","robots":{"index":"index","follow":"follow","max-snippet":"max-snippet:-1","max-image-preview":"max-image-preview:large","max-video-preview":"max-video-preview:-1"},"canonical":"https:\/\/www.pcmadrid.es\/tienda\/producto\/grabadora-externa-cd-dvd-asus-lite-blanco\/","twitter_misc":{"Tiempo de lectura":"2 minutos"},"schema":{"@context":"https:\/\/schema.org","@graph":[{"@type":"WebPage","@id":"https:\/\/www.pcmadrid.es\/tienda\/producto\/grabadora-externa-cd-dvd-asus-lite-blanco\/","url":"https:\/\/www.pcmadrid.es\/tienda\/producto\/grabadora-externa-cd-dvd-asus-lite-blanco\/","name":"Grabadora Externa CD\/DVD Asus Lite Blanco | Tienda PCMADRID","isPartOf":{"@id":"https:\/\/www.pcmadrid.es\/tienda\/#website"},"primaryImageOfPage":{"@id":"https:\/\/www.pcmadrid.es\/tienda\/producto\/grabadora-externa-cd-dvd-asus-lite-blanco\/#primaryimage"},"image":{"@id":"https:\/\/www.pcmadrid.es\/tienda\/producto\/grabadora-externa-cd-dvd-asus-lite-blanco\/#primaryimage"},"thumbnailUrl":"https:\/\/i0.wp.com\/www.pcmadrid.es\/tienda\/wp-content\/uploads\/2023\/04\/art_asu-dvd-sdrw-08d2s-u-white_1.jpg?fit=800%2C800&ssl=1","datePublished":"2023-04-29T19:07:36+00:00","dateModified":"2024-03-22T09:04:32+00:00","breadcrumb":{"@id":"https:\/\/www.pcmadrid.es\/tienda\/producto\/grabadora-externa-cd-dvd-asus-lite-blanco\/#breadcrumb"},"inLanguage":"es","potentialAction":[{"@type":"ReadAction","target":["https:\/\/www.pcmadrid.es\/tienda\/producto\/grabadora-externa-cd-dvd-asus-lite-blanco\/"]}]},{"@type":"ImageObject","inLanguage":"es","@id":"https:\/\/www.pcmadrid.es\/tienda\/producto\/grabadora-externa-cd-dvd-asus-lite-blanco\/#primaryimage","url":"https:\/\/i0.wp.com\/www.pcmadrid.es\/tienda\/wp-content\/uploads\/2023\/04\/art_asu-dvd-sdrw-08d2s-u-white_1.jpg?fit=800%2C800&ssl=1","contentUrl":"https:\/\/i0.wp.com\/www.pcmadrid.es\/tienda\/wp-content\/uploads\/2023\/04\/art_asu-dvd-sdrw-08d2s-u-white_1.jpg?fit=800%2C800&ssl=1","width":800,"height":800},{"@type":"BreadcrumbList","@id":"https:\/\/www.pcmadrid.es\/tienda\/producto\/grabadora-externa-cd-dvd-asus-lite-blanco\/#breadcrumb","itemListElement":[{"@type":"ListItem","position":1,"name":"Portada","item":"https:\/\/www.pcmadrid.es\/tienda\/"},{"@type":"ListItem","position":2,"name":"Todos los productos","item":"https:\/\/www.pcmadrid.es\/tienda\/todos-los-productos\/"},{"@type":"ListItem","position":3,"name":"Grabadora Externa CD\/DVD Asus Lite Blanco"}]},{"@type":"WebSite","@id":"https:\/\/www.pcmadrid.es\/tienda\/#website","url":"https:\/\/www.pcmadrid.es\/tienda\/","name":"Tienda PCMADRID","description":"Venta y reparaciones de ordenadores","publisher":{"@id":"https:\/\/www.pcmadrid.es\/tienda\/#organization"},"potentialAction":[{"@type":"SearchAction","target":{"@type":"EntryPoint","urlTemplate":"https:\/\/www.pcmadrid.es\/tienda\/?s={search_term_string}"},"query-input":{"@type":"PropertyValueSpecification","valueRequired":true,"valueName":"search_term_string"}}],"inLanguage":"es"},{"@type":"Organization","@id":"https:\/\/www.pcmadrid.es\/tienda\/#organization","name":"PCMADRID","url":"https:\/\/www.pcmadrid.es\/tienda\/","logo":{"@type":"ImageObject","inLanguage":"es","@id":"https:\/\/www.pcmadrid.es\/tienda\/#\/schema\/logo\/image\/","url":"https:\/\/www.pcmadrid.es\/tienda\/wp-content\/uploads\/2019\/10\/pcmadridlogo..png","contentUrl":"https:\/\/www.pcmadrid.es\/tienda\/wp-content\/uploads\/2019\/10\/pcmadridlogo..png","width":750,"height":300,"caption":"PCMADRID"},"image":{"@id":"https:\/\/www.pcmadrid.es\/tienda\/#\/schema\/logo\/image\/"},"sameAs":["https:\/\/www.facebook.com\/pcmadridinformatica","https:\/\/x.com\/pc_madrid","https:\/\/www.youtube.com\/channel\/UCIbQq9k6BBrU5x2wqDIHr7A","https:\/\/www.instagram.com\/pcmadrid_informatica\/?hl=es","https:\/\/www.linkedin.com\/company\/9348326\/admin\/","https:\/\/www.pinterest.es\/pcmadrid_informatica\/"]}]}},"jetpack_sharing_enabled":true,"_links":{"self":[{"href":"https:\/\/www.pcmadrid.es\/tienda\/wp-json\/wp\/v2\/product\/10759","targetHints":{"allow":["GET"]}}],"collection":[{"href":"https:\/\/www.pcmadrid.es\/tienda\/wp-json\/wp\/v2\/product"}],"about":[{"href":"https:\/\/www.pcmadrid.es\/tienda\/wp-json\/wp\/v2\/types\/product"}],"replies":[{"embeddable":true,"href":"https:\/\/www.pcmadrid.es\/tienda\/wp-json\/wp\/v2\/comments?post=10759"}],"wp:featuredmedia":[{"embeddable":true,"href":"https:\/\/www.pcmadrid.es\/tienda\/wp-json\/wp\/v2\/media\/10761"}],"wp:attachment":[{"href":"https:\/\/www.pcmadrid.es\/tienda\/wp-json\/wp\/v2\/media?parent=10759"}],"wp:term":[{"taxonomy":"product_brand","embeddable":true,"href":"https:\/\/www.pcmadrid.es\/tienda\/wp-json\/wp\/v2\/product_brand?post=10759"},{"taxonomy":"product_cat","embeddable":true,"href":"https:\/\/www.pcmadrid.es\/tienda\/wp-json\/wp\/v2\/product_cat?post=10759"},{"taxonomy":"product_tag","embeddable":true,"href":"https:\/\/www.pcmadrid.es\/tienda\/wp-json\/wp\/v2\/product_tag?post=10759"}],"curies":[{"name":"wp","href":"https:\/\/api.w.org\/{rel}","templated":true}]}}