{"id":11637,"date":"2023-11-21T22:25:15","date_gmt":"2023-11-21T21:25:15","guid":{"rendered":"https:\/\/www.pcmadrid.es\/tienda\/?post_type=product&#038;p=11637"},"modified":"2026-01-27T17:22:13","modified_gmt":"2026-01-27T16:22:13","slug":"disco-externo-ssd-samsung-portable-t7-shield-2tb","status":"publish","type":"product","link":"https:\/\/www.pcmadrid.es\/tienda\/producto\/disco-externo-ssd-samsung-portable-t7-shield-2tb\/","title":{"rendered":"Disco Externo SSD Samsung Portable T7 Shield 2TB"},"content":{"rendered":"<h2 style=\"text-align: center;\">Disco externo SSD USB 2TB SAMSUNG<\/h2>\n<h3>Un disco duro r\u00e1pido, robusto, fiable y duradero<\/h3>\n<h2><img data-recalc-dims=\"1\" loading=\"lazy\" decoding=\"async\" class=\"size-medium wp-image-11640 aligncenter\" src=\"https:\/\/i0.wp.com\/www.pcmadrid.es\/tienda\/wp-content\/uploads\/2023\/11\/art_sam-ssd-t7-shield-2tb-bl_1.webp?resize=300%2C300&#038;ssl=1\" alt=\"\" width=\"300\" height=\"300\" srcset=\"https:\/\/i0.wp.com\/www.pcmadrid.es\/tienda\/wp-content\/uploads\/2023\/11\/art_sam-ssd-t7-shield-2tb-bl_1.webp?resize=300%2C300&amp;ssl=1 300w, https:\/\/i0.wp.com\/www.pcmadrid.es\/tienda\/wp-content\/uploads\/2023\/11\/art_sam-ssd-t7-shield-2tb-bl_1.webp?resize=150%2C150&amp;ssl=1 150w, https:\/\/i0.wp.com\/www.pcmadrid.es\/tienda\/wp-content\/uploads\/2023\/11\/art_sam-ssd-t7-shield-2tb-bl_1.webp?resize=768%2C768&amp;ssl=1 768w, https:\/\/i0.wp.com\/www.pcmadrid.es\/tienda\/wp-content\/uploads\/2023\/11\/art_sam-ssd-t7-shield-2tb-bl_1.webp?resize=65%2C65&amp;ssl=1 65w, https:\/\/i0.wp.com\/www.pcmadrid.es\/tienda\/wp-content\/uploads\/2023\/11\/art_sam-ssd-t7-shield-2tb-bl_1.webp?resize=600%2C600&amp;ssl=1 600w, https:\/\/i0.wp.com\/www.pcmadrid.es\/tienda\/wp-content\/uploads\/2023\/11\/art_sam-ssd-t7-shield-2tb-bl_1.webp?resize=100%2C100&amp;ssl=1 100w, https:\/\/i0.wp.com\/www.pcmadrid.es\/tienda\/wp-content\/uploads\/2023\/11\/art_sam-ssd-t7-shield-2tb-bl_1.webp?w=800&amp;ssl=1 800w\" sizes=\"(max-width: 300px) 100vw, 300px\" \/><\/h2>\n<p>Extremadamente resistente, r\u00e1pido y compacto. El nuevo T7 Shield te ofrece un rendimiento superior en cualquier ocasi\u00f3n, incluso en las condiciones ambientales m\u00e1s dif\u00edciles. Supervelocidad en el interior y una protecci\u00f3n duradera en su exterior, lo que permite que tu trabajo fluya. As\u00ed, siempre estar\u00e1 listo para transferirlo a tus clientes o editarlo f\u00e1cilmente en casa.<\/p>\n<h3>Crea a toda velocidad<\/h3>\n<p>Transfiere archivos gigantes instant\u00e1neamente. USB 3.2 Gen 2 y el PCIe\u00ae NVMe\u2122 alcanzan elevadas velocidades de lectura\/escritura secuencial de hasta 1.050\/1.000 MB\/s lo que permite editar directamente desde la unidad sin retardo. El exterior de caucho de alta tecnolog\u00eda y el Dyamic Thermal Guard controlan la temperatura para mantener un rendimiento constante, incluso para proyectos gigantescos.<\/p>\n<h3>Extremadamente resistente<\/h3>\n<p>Creado para las condiciones m\u00e1s exigentes. Graba en exteriores y en la naturaleza, su clasificaci\u00f3n IP65 te asegura que tus datos no se perder\u00e1n por el contacto con el agua o el polvo. Su dise\u00f1o robusto y el avanzado elast\u00f3mero exterior a\u00f1aden una resistencia adicional para soportar ca\u00eddas de hasta 3 metros.<\/p>\n<h3>Software de gesti\u00f3n<\/h3>\n<p>Establece tu contrase\u00f1a y obt\u00e9n las \u00faltimas actualizaciones de firmware con el software Samsung para las SSD port\u00e1tiles disponible para PC, Mac, smartphones y tablets Android. Adem\u00e1s, puedes comprobar el estado de tu unidad, aumentar su rendimiento y proteger tus datos con el software Samsung Magician.<\/p>\n<ul>\n<li><strong>Especificaciones<\/strong><\/li>\n<li>Caracter\u00edsticas generales<\/li>\n<li>Capacidad<\/li>\n<li>2TB (2GB=2,000,000,000 bytes)<\/li>\n<li>Interfaz<\/li>\n<li>USB 3.2 Gen.2 (10Gbps)<\/li>\n<li>Dimensiones<\/li>\n<li>59 x 88 x 13mm<\/li>\n<li>Peso<\/li>\n<li>98g (El peso exacto puede variar en funci\u00f3n de la capacidad)<\/li>\n<li>Velocidad de Transferencia<\/li>\n<li>Lectura Secuencial: hasta 1,050MB\/s, Escritura Secuencial: hasta 1,000 MB\/s (El rendimiento puede variar en funci\u00f3n de las condiciones incluso con la interfaz USB 3.2 soportando UASP)<\/li>\n<li>Modo UASP<\/li>\n<li>Supported<\/li>\n<li>Encriptaci\u00f3n<\/li>\n<li>AES 256-bit hardware encryption<\/li>\n<li>Seguridad<\/li>\n<li>Samsung Portable SSD Software 1.0, Samsung Magican Software<\/li>\n<\/ul>\n","protected":false},"excerpt":{"rendered":"<p>Extremadamente resistente, r\u00e1pido y compacto. El nuevo T7 Shield te ofrece un rendimiento superior en cualquier ocasi\u00f3n, incluso en las condiciones ambientales m\u00e1s dif\u00edciles. Supervelocidad en el interior y una protecci\u00f3n duradera en su exterior, lo que permite que tu trabajo fluya. As\u00ed, siempre estar\u00e1 listo para transferirlo a tus clientes o editarlo f\u00e1cilmente en casa.<\/p>\n","protected":false},"featured_media":11640,"comment_status":"open","ping_status":"closed","template":"","meta":{"_et_pb_use_builder":"","_et_pb_old_content":"","_et_gb_content_width":""},"product_brand":[],"product_cat":[247,65],"product_tag":[],"class_list":{"0":"post-11637","1":"product","2":"type-product","3":"status-publish","4":"has-post-thumbnail","6":"product_cat-perifericos","7":"product_cat-todos","9":"first","10":"outofstock","11":"taxable","12":"shipping-taxable","13":"purchasable","14":"product-type-simple"},"yoast_head":"<!-- This site is optimized with the Yoast SEO plugin v27.5 - https:\/\/yoast.com\/product\/yoast-seo-wordpress\/ -->\n<title>Disco Externo SSD Samsung Portable T7 Shield 2TB | Tienda PCMADRID<\/title>\n<meta name=\"description\" content=\"Disco exrterno USB 2TB SAMSUNG Portable T7 Shield 2TB en oferta.\" \/>\n<meta name=\"robots\" content=\"index, follow, max-snippet:-1, max-image-preview:large, max-video-preview:-1\" \/>\n<link rel=\"canonical\" href=\"https:\/\/www.pcmadrid.es\/tienda\/producto\/disco-externo-ssd-samsung-portable-t7-shield-2tb\/\" \/>\n<meta name=\"twitter:label1\" content=\"Tiempo de lectura\" \/>\n\t<meta name=\"twitter:data1\" content=\"2 minutos\" \/>\n<script type=\"application\/ld+json\" class=\"yoast-schema-graph\">{\"@context\":\"https:\\\/\\\/schema.org\",\"@graph\":[{\"@type\":\"WebPage\",\"@id\":\"https:\\\/\\\/www.pcmadrid.es\\\/tienda\\\/producto\\\/disco-externo-ssd-samsung-portable-t7-shield-2tb\\\/\",\"url\":\"https:\\\/\\\/www.pcmadrid.es\\\/tienda\\\/producto\\\/disco-externo-ssd-samsung-portable-t7-shield-2tb\\\/\",\"name\":\"Disco Externo SSD Samsung Portable T7 Shield 2TB | Tienda PCMADRID\",\"isPartOf\":{\"@id\":\"https:\\\/\\\/www.pcmadrid.es\\\/tienda\\\/#website\"},\"primaryImageOfPage\":{\"@id\":\"https:\\\/\\\/www.pcmadrid.es\\\/tienda\\\/producto\\\/disco-externo-ssd-samsung-portable-t7-shield-2tb\\\/#primaryimage\"},\"image\":{\"@id\":\"https:\\\/\\\/www.pcmadrid.es\\\/tienda\\\/producto\\\/disco-externo-ssd-samsung-portable-t7-shield-2tb\\\/#primaryimage\"},\"thumbnailUrl\":\"https:\\\/\\\/i0.wp.com\\\/www.pcmadrid.es\\\/tienda\\\/wp-content\\\/uploads\\\/2023\\\/11\\\/art_sam-ssd-t7-shield-2tb-bl_1.webp?fit=800%2C800&ssl=1\",\"datePublished\":\"2023-11-21T21:25:15+00:00\",\"dateModified\":\"2026-01-27T16:22:13+00:00\",\"description\":\"Disco exrterno USB 2TB SAMSUNG Portable T7 Shield 2TB en oferta.\",\"breadcrumb\":{\"@id\":\"https:\\\/\\\/www.pcmadrid.es\\\/tienda\\\/producto\\\/disco-externo-ssd-samsung-portable-t7-shield-2tb\\\/#breadcrumb\"},\"inLanguage\":\"es\",\"potentialAction\":[{\"@type\":\"ReadAction\",\"target\":[\"https:\\\/\\\/www.pcmadrid.es\\\/tienda\\\/producto\\\/disco-externo-ssd-samsung-portable-t7-shield-2tb\\\/\"]}]},{\"@type\":\"ImageObject\",\"inLanguage\":\"es\",\"@id\":\"https:\\\/\\\/www.pcmadrid.es\\\/tienda\\\/producto\\\/disco-externo-ssd-samsung-portable-t7-shield-2tb\\\/#primaryimage\",\"url\":\"https:\\\/\\\/i0.wp.com\\\/www.pcmadrid.es\\\/tienda\\\/wp-content\\\/uploads\\\/2023\\\/11\\\/art_sam-ssd-t7-shield-2tb-bl_1.webp?fit=800%2C800&ssl=1\",\"contentUrl\":\"https:\\\/\\\/i0.wp.com\\\/www.pcmadrid.es\\\/tienda\\\/wp-content\\\/uploads\\\/2023\\\/11\\\/art_sam-ssd-t7-shield-2tb-bl_1.webp?fit=800%2C800&ssl=1\",\"width\":800,\"height\":800},{\"@type\":\"BreadcrumbList\",\"@id\":\"https:\\\/\\\/www.pcmadrid.es\\\/tienda\\\/producto\\\/disco-externo-ssd-samsung-portable-t7-shield-2tb\\\/#breadcrumb\",\"itemListElement\":[{\"@type\":\"ListItem\",\"position\":1,\"name\":\"Portada\",\"item\":\"https:\\\/\\\/www.pcmadrid.es\\\/tienda\\\/\"},{\"@type\":\"ListItem\",\"position\":2,\"name\":\"Todos los productos\",\"item\":\"https:\\\/\\\/www.pcmadrid.es\\\/tienda\\\/todos-los-productos\\\/\"},{\"@type\":\"ListItem\",\"position\":3,\"name\":\"Disco Externo SSD Samsung Portable T7 Shield 2TB\"}]},{\"@type\":\"WebSite\",\"@id\":\"https:\\\/\\\/www.pcmadrid.es\\\/tienda\\\/#website\",\"url\":\"https:\\\/\\\/www.pcmadrid.es\\\/tienda\\\/\",\"name\":\"Tienda PCMADRID\",\"description\":\"Venta y reparaciones de ordenadores\",\"publisher\":{\"@id\":\"https:\\\/\\\/www.pcmadrid.es\\\/tienda\\\/#organization\"},\"potentialAction\":[{\"@type\":\"SearchAction\",\"target\":{\"@type\":\"EntryPoint\",\"urlTemplate\":\"https:\\\/\\\/www.pcmadrid.es\\\/tienda\\\/?s={search_term_string}\"},\"query-input\":{\"@type\":\"PropertyValueSpecification\",\"valueRequired\":true,\"valueName\":\"search_term_string\"}}],\"inLanguage\":\"es\"},{\"@type\":\"Organization\",\"@id\":\"https:\\\/\\\/www.pcmadrid.es\\\/tienda\\\/#organization\",\"name\":\"PCMADRID\",\"url\":\"https:\\\/\\\/www.pcmadrid.es\\\/tienda\\\/\",\"logo\":{\"@type\":\"ImageObject\",\"inLanguage\":\"es\",\"@id\":\"https:\\\/\\\/www.pcmadrid.es\\\/tienda\\\/#\\\/schema\\\/logo\\\/image\\\/\",\"url\":\"https:\\\/\\\/www.pcmadrid.es\\\/tienda\\\/wp-content\\\/uploads\\\/2019\\\/10\\\/pcmadridlogo..png\",\"contentUrl\":\"https:\\\/\\\/www.pcmadrid.es\\\/tienda\\\/wp-content\\\/uploads\\\/2019\\\/10\\\/pcmadridlogo..png\",\"width\":750,\"height\":300,\"caption\":\"PCMADRID\"},\"image\":{\"@id\":\"https:\\\/\\\/www.pcmadrid.es\\\/tienda\\\/#\\\/schema\\\/logo\\\/image\\\/\"},\"sameAs\":[\"https:\\\/\\\/www.facebook.com\\\/pcmadridinformatica\",\"https:\\\/\\\/x.com\\\/pc_madrid\",\"https:\\\/\\\/www.youtube.com\\\/channel\\\/UCIbQq9k6BBrU5x2wqDIHr7A\",\"https:\\\/\\\/www.instagram.com\\\/pcmadrid_informatica\\\/?hl=es\",\"https:\\\/\\\/www.linkedin.com\\\/company\\\/9348326\\\/admin\\\/\",\"https:\\\/\\\/www.pinterest.es\\\/pcmadrid_informatica\\\/\"]}]}<\/script>\n<!-- \/ Yoast SEO plugin. -->","yoast_head_json":{"title":"Disco Externo SSD Samsung Portable T7 Shield 2TB | Tienda PCMADRID","description":"Disco exrterno USB 2TB SAMSUNG Portable T7 Shield 2TB en oferta.","robots":{"index":"index","follow":"follow","max-snippet":"max-snippet:-1","max-image-preview":"max-image-preview:large","max-video-preview":"max-video-preview:-1"},"canonical":"https:\/\/www.pcmadrid.es\/tienda\/producto\/disco-externo-ssd-samsung-portable-t7-shield-2tb\/","twitter_misc":{"Tiempo de lectura":"2 minutos"},"schema":{"@context":"https:\/\/schema.org","@graph":[{"@type":"WebPage","@id":"https:\/\/www.pcmadrid.es\/tienda\/producto\/disco-externo-ssd-samsung-portable-t7-shield-2tb\/","url":"https:\/\/www.pcmadrid.es\/tienda\/producto\/disco-externo-ssd-samsung-portable-t7-shield-2tb\/","name":"Disco Externo SSD Samsung Portable T7 Shield 2TB | Tienda PCMADRID","isPartOf":{"@id":"https:\/\/www.pcmadrid.es\/tienda\/#website"},"primaryImageOfPage":{"@id":"https:\/\/www.pcmadrid.es\/tienda\/producto\/disco-externo-ssd-samsung-portable-t7-shield-2tb\/#primaryimage"},"image":{"@id":"https:\/\/www.pcmadrid.es\/tienda\/producto\/disco-externo-ssd-samsung-portable-t7-shield-2tb\/#primaryimage"},"thumbnailUrl":"https:\/\/i0.wp.com\/www.pcmadrid.es\/tienda\/wp-content\/uploads\/2023\/11\/art_sam-ssd-t7-shield-2tb-bl_1.webp?fit=800%2C800&ssl=1","datePublished":"2023-11-21T21:25:15+00:00","dateModified":"2026-01-27T16:22:13+00:00","description":"Disco exrterno USB 2TB SAMSUNG Portable T7 Shield 2TB en oferta.","breadcrumb":{"@id":"https:\/\/www.pcmadrid.es\/tienda\/producto\/disco-externo-ssd-samsung-portable-t7-shield-2tb\/#breadcrumb"},"inLanguage":"es","potentialAction":[{"@type":"ReadAction","target":["https:\/\/www.pcmadrid.es\/tienda\/producto\/disco-externo-ssd-samsung-portable-t7-shield-2tb\/"]}]},{"@type":"ImageObject","inLanguage":"es","@id":"https:\/\/www.pcmadrid.es\/tienda\/producto\/disco-externo-ssd-samsung-portable-t7-shield-2tb\/#primaryimage","url":"https:\/\/i0.wp.com\/www.pcmadrid.es\/tienda\/wp-content\/uploads\/2023\/11\/art_sam-ssd-t7-shield-2tb-bl_1.webp?fit=800%2C800&ssl=1","contentUrl":"https:\/\/i0.wp.com\/www.pcmadrid.es\/tienda\/wp-content\/uploads\/2023\/11\/art_sam-ssd-t7-shield-2tb-bl_1.webp?fit=800%2C800&ssl=1","width":800,"height":800},{"@type":"BreadcrumbList","@id":"https:\/\/www.pcmadrid.es\/tienda\/producto\/disco-externo-ssd-samsung-portable-t7-shield-2tb\/#breadcrumb","itemListElement":[{"@type":"ListItem","position":1,"name":"Portada","item":"https:\/\/www.pcmadrid.es\/tienda\/"},{"@type":"ListItem","position":2,"name":"Todos los productos","item":"https:\/\/www.pcmadrid.es\/tienda\/todos-los-productos\/"},{"@type":"ListItem","position":3,"name":"Disco Externo SSD Samsung Portable T7 Shield 2TB"}]},{"@type":"WebSite","@id":"https:\/\/www.pcmadrid.es\/tienda\/#website","url":"https:\/\/www.pcmadrid.es\/tienda\/","name":"Tienda PCMADRID","description":"Venta y reparaciones de ordenadores","publisher":{"@id":"https:\/\/www.pcmadrid.es\/tienda\/#organization"},"potentialAction":[{"@type":"SearchAction","target":{"@type":"EntryPoint","urlTemplate":"https:\/\/www.pcmadrid.es\/tienda\/?s={search_term_string}"},"query-input":{"@type":"PropertyValueSpecification","valueRequired":true,"valueName":"search_term_string"}}],"inLanguage":"es"},{"@type":"Organization","@id":"https:\/\/www.pcmadrid.es\/tienda\/#organization","name":"PCMADRID","url":"https:\/\/www.pcmadrid.es\/tienda\/","logo":{"@type":"ImageObject","inLanguage":"es","@id":"https:\/\/www.pcmadrid.es\/tienda\/#\/schema\/logo\/image\/","url":"https:\/\/www.pcmadrid.es\/tienda\/wp-content\/uploads\/2019\/10\/pcmadridlogo..png","contentUrl":"https:\/\/www.pcmadrid.es\/tienda\/wp-content\/uploads\/2019\/10\/pcmadridlogo..png","width":750,"height":300,"caption":"PCMADRID"},"image":{"@id":"https:\/\/www.pcmadrid.es\/tienda\/#\/schema\/logo\/image\/"},"sameAs":["https:\/\/www.facebook.com\/pcmadridinformatica","https:\/\/x.com\/pc_madrid","https:\/\/www.youtube.com\/channel\/UCIbQq9k6BBrU5x2wqDIHr7A","https:\/\/www.instagram.com\/pcmadrid_informatica\/?hl=es","https:\/\/www.linkedin.com\/company\/9348326\/admin\/","https:\/\/www.pinterest.es\/pcmadrid_informatica\/"]}]}},"jetpack_sharing_enabled":true,"_links":{"self":[{"href":"https:\/\/www.pcmadrid.es\/tienda\/wp-json\/wp\/v2\/product\/11637","targetHints":{"allow":["GET"]}}],"collection":[{"href":"https:\/\/www.pcmadrid.es\/tienda\/wp-json\/wp\/v2\/product"}],"about":[{"href":"https:\/\/www.pcmadrid.es\/tienda\/wp-json\/wp\/v2\/types\/product"}],"replies":[{"embeddable":true,"href":"https:\/\/www.pcmadrid.es\/tienda\/wp-json\/wp\/v2\/comments?post=11637"}],"wp:featuredmedia":[{"embeddable":true,"href":"https:\/\/www.pcmadrid.es\/tienda\/wp-json\/wp\/v2\/media\/11640"}],"wp:attachment":[{"href":"https:\/\/www.pcmadrid.es\/tienda\/wp-json\/wp\/v2\/media?parent=11637"}],"wp:term":[{"taxonomy":"product_brand","embeddable":true,"href":"https:\/\/www.pcmadrid.es\/tienda\/wp-json\/wp\/v2\/product_brand?post=11637"},{"taxonomy":"product_cat","embeddable":true,"href":"https:\/\/www.pcmadrid.es\/tienda\/wp-json\/wp\/v2\/product_cat?post=11637"},{"taxonomy":"product_tag","embeddable":true,"href":"https:\/\/www.pcmadrid.es\/tienda\/wp-json\/wp\/v2\/product_tag?post=11637"}],"curies":[{"name":"wp","href":"https:\/\/api.w.org\/{rel}","templated":true}]}}