{"id":12659,"date":"2024-05-12T21:20:17","date_gmt":"2024-05-12T19:20:17","guid":{"rendered":"https:\/\/www.pcmadrid.es\/tienda\/producto\/portatil-gaming-hp-victus-16-r0007ns-intel-core-i7-13700h-16gb-512gb-ssd-geforce-rtx-4050-16-1-sin-sistema-operativo\/"},"modified":"2025-05-09T10:50:03","modified_gmt":"2025-05-09T08:50:03","slug":"portatil-gaming-hp-victus-16-r0007ns-intel-core-i7-13700h-16gb-512gb-ssd-geforce-rtx-4050-16-1-sin-sistema-operativo","status":"publish","type":"product","link":"https:\/\/www.pcmadrid.es\/tienda\/producto\/portatil-gaming-hp-victus-16-r0007ns-intel-core-i7-13700h-16gb-512gb-ssd-geforce-rtx-4050-16-1-sin-sistema-operativo\/","title":{"rendered":"Port\u00e1til Gaming HP Victus 16-R0007NS Intel Core i7-13700H\/ 16GB\/ 512GB SSD\/ GeForce RTX 4050\/ 16.1&#8243;\/ Sin Sistema Operativo"},"content":{"rendered":"<p>&#8221;                                                <\/p>\n<p>El port\u00e1til HP Victus se ha dise\u00f1ado para jugar con la m\u00e1xima calidad.<br \/>\nEste elegante dispositivo cuenta con un procesador Intel\u00ae Core&#8482; de 13.\u00aa<br \/>\ngeneraci\u00f3n y una tarjeta gr\u00e1fica NVIDIA\u00ae moderna. Este port\u00e1til tambi\u00e9n<br \/>\ndispone de nuevas caracter\u00edsticas de optimizaci\u00f3n para ofrecer un<br \/>\nrendimiento todav\u00eda mejor, un dise\u00f1o t\u00e9rmico mejorado y un teclado<br \/>\nperfeccionado.<\/p>\n<h2>Los mejores y m\u00e1s modernos componentes de rendimiento<\/h2>\n<p>\nJuegue mejor con un procesador Intel\u00ae Core&#8482; de 13.\u00aa generaci\u00f3n, una tarjeta gr\u00e1fica NVIDIA\u00ae moderna y memoria hasta DDR5.<\/p>\n<h2>Caracter\u00edsticas de optimizaci\u00f3n para un rendimiento todav\u00eda mejor<\/h2>\n<p>\nCon el port\u00e1til Victus es m\u00e1s f\u00e1cil obtener un mejor rendimiento, ya que<br \/>\n dispone de caracter\u00edsticas que optimizan autom\u00e1ticamente tu experiencia<br \/>\n de juego.<\/p>\n<h2>Expr\u00e9sate con un teclado mejorado<\/h2>\n<p>Por primera vez en un Victus, podr\u00e1s disfrutar de un teclado retroiluminado y expresar mejor tu personalidad gamer.<\/p>\n<ul>\n<li><b>Especificaciones<\/b>\n  <\/li>\n<li>Almacenamiento interno: SSD M.2 512 GB PCIe\u00ae Gen4 NVMe&#8482; TLC<\/li>\n<li>Antiparpadeo: S\u00ed<\/li>\n<li>Brillo: 250 nits<\/li>\n<li>Cach\u00e9 del procesador: 24 MB L3<\/li>\n<li>Color: Mica plata<\/li>\n<li>Color del producto: Plata mica, logotipo cromado negro<\/li>\n<li>Conjunto de chips: Intel\u00ae SoC integrado<\/li>\n<li>Dise\u00f1o de la memoria (ranuras y tama\u00f1o): 2 x 8 GB<\/li>\n<li>Dise\u00f1o de productos: Acabado con pintura<\/li>\n<li>Dispositivos de entrada: Sensor t\u00e9rmico por infrarrojos<\/li>\n<li>Duraci\u00f3n de bater\u00eda: Hasta 7 horas y 15 minutos<\/li>\n<li>Familia de procesadores: Procesador Intel\u00ae Core&#8482; i7 de 13.\u00aa generaci\u00f3n<\/li>\n<li>Gama de colores: 45% NTSC<\/li>\n<li>Gesti\u00f3n de la seguridad: Obturador de privacidad de la c\u00e1mara; Compatible con el m\u00f3dulo de plataforma segura (TPM de firmware)<\/li>\n<li>Inal\u00e1mbrico: Tarjeta inal\u00e1mbrica Intel\u00ae Wi-Fi 6E AX211 (2&#215;2) y Bluetooth\u00ae 5.3 (soporta velocidad de datos Gigabit)<\/li>\n<li>Interfaz de red: LAN 10\/100\/1000 GbE integrada<\/li>\n<li>Memoria: RAM DDR5-5200 MHz 16 GB (2 x 8 GB)<\/li>\n<li>Memoria y almacenamiento: 16 GB memory; 512 GB SSD storage<\/li>\n<li>N\u00facleo del procesador: 14<\/li>\n<li>Pantalla: 40,9 cm (16,1&#8242;) en diagonal, FHD (1920 x 1080), 144 Hz, IPS, microborde, antirreflectante, 250 nits, 45 % NTSC<\/li>\n<li>Procesador: Intel\u00ae Core&#8482; i7-13700H (hasta 5,0 GHz con tecnolog\u00eda<br \/>\nIntel\u00ae Turbo Boost, 24 MB de cach\u00e9 L3, 14 n\u00facleos, 20 subprocesos)<\/li>\n<li>Gr\u00e1fica Dedicada: NVIDIA\u00ae GeForce RTX&#8482; 4050 (GDDR6 de 6 GB dedicada)<\/li>\n<li>Puertos: 1 USB Type-A con velocidad de se\u00f1al de 5 Gbps (HP Sleep<br \/>\nand Charge); 1 USB Type-C\u00ae con velocidad de se\u00f1al de 5 Gbps (suministro<br \/>\nde energ\u00eda a trav\u00e9s de USB, DisplayPort&#8482; 1.4, HP Sleep and Charge); 2<br \/>\nUSB Type-A con velocidad de se\u00f1al de 5 Gbps; 1 HDMI 2.1; 1 RJ-45; 1 pin<br \/>\ninteligente de CA; 1 combo de auriculares\/micr\u00f3fono<\/li>\n<li>Relaci\u00f3n de aspecto: 16:9<\/li>\n<li>Relaci\u00f3n pantalla-cuerpo (sin altavoces): 83.4%<\/li>\n<li>Reproducci\u00f3n del v\u00eddeo sobre la duraci\u00f3n de la bater\u00eda: Hasta 9 horas y 15 minutos<\/li>\n<li>Sistema operativo: FreeDOS<\/li>\n<li>Sonido: Audio de B&O; Altavoces duales; HP Audio Boost<\/li>\n<li>Tama\u00f1o de la pantalla (diagonal): 16,1&#8242; (40,9 cm)<\/li>\n<li>Teclado: Teclado de tama\u00f1o completo, retroiluminado, de color gris luna con teclado num\u00e9rico<\/li>\n<li>Tiempo de carga de la bater\u00eda: Es compatible con la carga r\u00e1pida de la bater\u00eda: aproximadamente 50% en 30 minutos<\/li>\n<li>Tipo de almacenamiento: SSD<\/li>\n<li>Tipo de bater\u00eda: Pol\u00edmero de ion-litio 4 celdas, 70 Wh<\/li>\n<li>Tipo de fuente de alimentaci\u00f3n: Adaptador de alimentaci\u00f3n Smart AC de 230 W<\/li>\n<li>Webcam: C\u00e1mara FHD HP True Vision 1080p con reducci\u00f3n temporal de ruidos y micr\u00f3fonos digitales de matriz doble integrados<\/li>\n<\/ul>\n<p>                                            &#8220;<\/p>\n","protected":false},"excerpt":{"rendered":"<p>Port\u00e1til gaming hp victus 16-r0007ns intel core i7-13700h\/ 16gb\/ 512gb ssd\/ geforce rtx 4050\/ 16.1&#8243;\/ sin sistema operativo<\/p>\n","protected":false},"featured_media":12518,"comment_status":"open","ping_status":"closed","template":"","meta":{"_et_pb_use_builder":"","_et_pb_old_content":"","_et_gb_content_width":""},"product_brand":[],"product_cat":[524,363,92,65],"product_tag":[],"class_list":{"0":"post-12659","1":"product","2":"type-product","3":"status-publish","4":"has-post-thumbnail","6":"product_cat-portatiles-portatiles","7":"product_cat-portatiles-gaming","8":"product_cat-portatiles-windows","9":"product_cat-todos","11":"first","12":"instock","13":"taxable","14":"shipping-taxable","15":"purchasable","16":"product-type-simple"},"yoast_head":"<!-- This site is optimized with the Yoast SEO plugin v26.5 - https:\/\/yoast.com\/wordpress\/plugins\/seo\/ -->\n<title>Port\u00e1til Gaming HP Victus 16-R0007NS Intel Core i7-13700H\/ 16GB\/ 512GB SSD\/ GeForce RTX 4050\/ 16.1&quot;\/ Sin Sistema Operativo | Tienda PCMADRID<\/title>\n<meta name=\"robots\" content=\"index, follow, max-snippet:-1, max-image-preview:large, max-video-preview:-1\" \/>\n<link rel=\"canonical\" href=\"https:\/\/www.pcmadrid.es\/tienda\/producto\/portatil-gaming-hp-victus-16-r0007ns-intel-core-i7-13700h-16gb-512gb-ssd-geforce-rtx-4050-16-1-sin-sistema-operativo\/\" \/>\n<meta name=\"twitter:label1\" content=\"Tiempo de lectura\" \/>\n\t<meta name=\"twitter:data1\" content=\"3 minutos\" \/>\n<script type=\"application\/ld+json\" class=\"yoast-schema-graph\">{\"@context\":\"https:\/\/schema.org\",\"@graph\":[{\"@type\":\"WebPage\",\"@id\":\"https:\/\/www.pcmadrid.es\/tienda\/producto\/portatil-gaming-hp-victus-16-r0007ns-intel-core-i7-13700h-16gb-512gb-ssd-geforce-rtx-4050-16-1-sin-sistema-operativo\/\",\"url\":\"https:\/\/www.pcmadrid.es\/tienda\/producto\/portatil-gaming-hp-victus-16-r0007ns-intel-core-i7-13700h-16gb-512gb-ssd-geforce-rtx-4050-16-1-sin-sistema-operativo\/\",\"name\":\"Port\u00e1til Gaming HP Victus 16-R0007NS Intel Core i7-13700H\/ 16GB\/ 512GB SSD\/ GeForce RTX 4050\/ 16.1\\\"\/ Sin Sistema Operativo | Tienda PCMADRID\",\"isPartOf\":{\"@id\":\"https:\/\/www.pcmadrid.es\/tienda\/#website\"},\"primaryImageOfPage\":{\"@id\":\"https:\/\/www.pcmadrid.es\/tienda\/producto\/portatil-gaming-hp-victus-16-r0007ns-intel-core-i7-13700h-16gb-512gb-ssd-geforce-rtx-4050-16-1-sin-sistema-operativo\/#primaryimage\"},\"image\":{\"@id\":\"https:\/\/www.pcmadrid.es\/tienda\/producto\/portatil-gaming-hp-victus-16-r0007ns-intel-core-i7-13700h-16gb-512gb-ssd-geforce-rtx-4050-16-1-sin-sistema-operativo\/#primaryimage\"},\"thumbnailUrl\":\"https:\/\/i0.wp.com\/www.pcmadrid.es\/tienda\/wp-content\/uploads\/2024\/05\/art_hpp-victus2016-r0007ns_1.jpg?fit=448%2C448&ssl=1\",\"datePublished\":\"2024-05-12T19:20:17+00:00\",\"dateModified\":\"2025-05-09T08:50:03+00:00\",\"breadcrumb\":{\"@id\":\"https:\/\/www.pcmadrid.es\/tienda\/producto\/portatil-gaming-hp-victus-16-r0007ns-intel-core-i7-13700h-16gb-512gb-ssd-geforce-rtx-4050-16-1-sin-sistema-operativo\/#breadcrumb\"},\"inLanguage\":\"es\",\"potentialAction\":[{\"@type\":\"ReadAction\",\"target\":[\"https:\/\/www.pcmadrid.es\/tienda\/producto\/portatil-gaming-hp-victus-16-r0007ns-intel-core-i7-13700h-16gb-512gb-ssd-geforce-rtx-4050-16-1-sin-sistema-operativo\/\"]}]},{\"@type\":\"ImageObject\",\"inLanguage\":\"es\",\"@id\":\"https:\/\/www.pcmadrid.es\/tienda\/producto\/portatil-gaming-hp-victus-16-r0007ns-intel-core-i7-13700h-16gb-512gb-ssd-geforce-rtx-4050-16-1-sin-sistema-operativo\/#primaryimage\",\"url\":\"https:\/\/i0.wp.com\/www.pcmadrid.es\/tienda\/wp-content\/uploads\/2024\/05\/art_hpp-victus2016-r0007ns_1.jpg?fit=448%2C448&ssl=1\",\"contentUrl\":\"https:\/\/i0.wp.com\/www.pcmadrid.es\/tienda\/wp-content\/uploads\/2024\/05\/art_hpp-victus2016-r0007ns_1.jpg?fit=448%2C448&ssl=1\",\"width\":448,\"height\":448},{\"@type\":\"BreadcrumbList\",\"@id\":\"https:\/\/www.pcmadrid.es\/tienda\/producto\/portatil-gaming-hp-victus-16-r0007ns-intel-core-i7-13700h-16gb-512gb-ssd-geforce-rtx-4050-16-1-sin-sistema-operativo\/#breadcrumb\",\"itemListElement\":[{\"@type\":\"ListItem\",\"position\":1,\"name\":\"Portada\",\"item\":\"https:\/\/www.pcmadrid.es\/tienda\/\"},{\"@type\":\"ListItem\",\"position\":2,\"name\":\"Todos los productos\",\"item\":\"https:\/\/www.pcmadrid.es\/tienda\/todos-los-productos\/\"},{\"@type\":\"ListItem\",\"position\":3,\"name\":\"Port\u00e1til Gaming HP Victus 16-R0007NS Intel Core i7-13700H\/ 16GB\/ 512GB SSD\/ GeForce RTX 4050\/ 16.1&#8243;\/ Sin Sistema Operativo\"}]},{\"@type\":\"WebSite\",\"@id\":\"https:\/\/www.pcmadrid.es\/tienda\/#website\",\"url\":\"https:\/\/www.pcmadrid.es\/tienda\/\",\"name\":\"Tienda PCMADRID\",\"description\":\"Venta y reparaciones de ordenadores\",\"publisher\":{\"@id\":\"https:\/\/www.pcmadrid.es\/tienda\/#organization\"},\"potentialAction\":[{\"@type\":\"SearchAction\",\"target\":{\"@type\":\"EntryPoint\",\"urlTemplate\":\"https:\/\/www.pcmadrid.es\/tienda\/?s={search_term_string}\"},\"query-input\":{\"@type\":\"PropertyValueSpecification\",\"valueRequired\":true,\"valueName\":\"search_term_string\"}}],\"inLanguage\":\"es\"},{\"@type\":\"Organization\",\"@id\":\"https:\/\/www.pcmadrid.es\/tienda\/#organization\",\"name\":\"PCMADRID\",\"url\":\"https:\/\/www.pcmadrid.es\/tienda\/\",\"logo\":{\"@type\":\"ImageObject\",\"inLanguage\":\"es\",\"@id\":\"https:\/\/www.pcmadrid.es\/tienda\/#\/schema\/logo\/image\/\",\"url\":\"https:\/\/i0.wp.com\/www.pcmadrid.es\/tienda\/wp-content\/uploads\/2019\/10\/pcmadridlogo..png?fit=750%2C300&ssl=1\",\"contentUrl\":\"https:\/\/i0.wp.com\/www.pcmadrid.es\/tienda\/wp-content\/uploads\/2019\/10\/pcmadridlogo..png?fit=750%2C300&ssl=1\",\"width\":750,\"height\":300,\"caption\":\"PCMADRID\"},\"image\":{\"@id\":\"https:\/\/www.pcmadrid.es\/tienda\/#\/schema\/logo\/image\/\"},\"sameAs\":[\"https:\/\/www.facebook.com\/pcmadridinformatica\",\"https:\/\/x.com\/pc_madrid\",\"https:\/\/www.youtube.com\/channel\/UCIbQq9k6BBrU5x2wqDIHr7A\",\"https:\/\/www.instagram.com\/pcmadrid_informatica\/?hl=es\",\"https:\/\/www.linkedin.com\/company\/9348326\/admin\/\",\"https:\/\/www.pinterest.es\/pcmadrid_informatica\/\"]}]}<\/script>\n<!-- \/ Yoast SEO plugin. -->","yoast_head_json":{"title":"Port\u00e1til Gaming HP Victus 16-R0007NS Intel Core i7-13700H\/ 16GB\/ 512GB SSD\/ GeForce RTX 4050\/ 16.1\"\/ Sin Sistema Operativo | Tienda PCMADRID","robots":{"index":"index","follow":"follow","max-snippet":"max-snippet:-1","max-image-preview":"max-image-preview:large","max-video-preview":"max-video-preview:-1"},"canonical":"https:\/\/www.pcmadrid.es\/tienda\/producto\/portatil-gaming-hp-victus-16-r0007ns-intel-core-i7-13700h-16gb-512gb-ssd-geforce-rtx-4050-16-1-sin-sistema-operativo\/","twitter_misc":{"Tiempo de lectura":"3 minutos"},"schema":{"@context":"https:\/\/schema.org","@graph":[{"@type":"WebPage","@id":"https:\/\/www.pcmadrid.es\/tienda\/producto\/portatil-gaming-hp-victus-16-r0007ns-intel-core-i7-13700h-16gb-512gb-ssd-geforce-rtx-4050-16-1-sin-sistema-operativo\/","url":"https:\/\/www.pcmadrid.es\/tienda\/producto\/portatil-gaming-hp-victus-16-r0007ns-intel-core-i7-13700h-16gb-512gb-ssd-geforce-rtx-4050-16-1-sin-sistema-operativo\/","name":"Port\u00e1til Gaming HP Victus 16-R0007NS Intel Core i7-13700H\/ 16GB\/ 512GB SSD\/ GeForce RTX 4050\/ 16.1\"\/ Sin Sistema Operativo | Tienda PCMADRID","isPartOf":{"@id":"https:\/\/www.pcmadrid.es\/tienda\/#website"},"primaryImageOfPage":{"@id":"https:\/\/www.pcmadrid.es\/tienda\/producto\/portatil-gaming-hp-victus-16-r0007ns-intel-core-i7-13700h-16gb-512gb-ssd-geforce-rtx-4050-16-1-sin-sistema-operativo\/#primaryimage"},"image":{"@id":"https:\/\/www.pcmadrid.es\/tienda\/producto\/portatil-gaming-hp-victus-16-r0007ns-intel-core-i7-13700h-16gb-512gb-ssd-geforce-rtx-4050-16-1-sin-sistema-operativo\/#primaryimage"},"thumbnailUrl":"https:\/\/i0.wp.com\/www.pcmadrid.es\/tienda\/wp-content\/uploads\/2024\/05\/art_hpp-victus2016-r0007ns_1.jpg?fit=448%2C448&ssl=1","datePublished":"2024-05-12T19:20:17+00:00","dateModified":"2025-05-09T08:50:03+00:00","breadcrumb":{"@id":"https:\/\/www.pcmadrid.es\/tienda\/producto\/portatil-gaming-hp-victus-16-r0007ns-intel-core-i7-13700h-16gb-512gb-ssd-geforce-rtx-4050-16-1-sin-sistema-operativo\/#breadcrumb"},"inLanguage":"es","potentialAction":[{"@type":"ReadAction","target":["https:\/\/www.pcmadrid.es\/tienda\/producto\/portatil-gaming-hp-victus-16-r0007ns-intel-core-i7-13700h-16gb-512gb-ssd-geforce-rtx-4050-16-1-sin-sistema-operativo\/"]}]},{"@type":"ImageObject","inLanguage":"es","@id":"https:\/\/www.pcmadrid.es\/tienda\/producto\/portatil-gaming-hp-victus-16-r0007ns-intel-core-i7-13700h-16gb-512gb-ssd-geforce-rtx-4050-16-1-sin-sistema-operativo\/#primaryimage","url":"https:\/\/i0.wp.com\/www.pcmadrid.es\/tienda\/wp-content\/uploads\/2024\/05\/art_hpp-victus2016-r0007ns_1.jpg?fit=448%2C448&ssl=1","contentUrl":"https:\/\/i0.wp.com\/www.pcmadrid.es\/tienda\/wp-content\/uploads\/2024\/05\/art_hpp-victus2016-r0007ns_1.jpg?fit=448%2C448&ssl=1","width":448,"height":448},{"@type":"BreadcrumbList","@id":"https:\/\/www.pcmadrid.es\/tienda\/producto\/portatil-gaming-hp-victus-16-r0007ns-intel-core-i7-13700h-16gb-512gb-ssd-geforce-rtx-4050-16-1-sin-sistema-operativo\/#breadcrumb","itemListElement":[{"@type":"ListItem","position":1,"name":"Portada","item":"https:\/\/www.pcmadrid.es\/tienda\/"},{"@type":"ListItem","position":2,"name":"Todos los productos","item":"https:\/\/www.pcmadrid.es\/tienda\/todos-los-productos\/"},{"@type":"ListItem","position":3,"name":"Port\u00e1til Gaming HP Victus 16-R0007NS Intel Core i7-13700H\/ 16GB\/ 512GB SSD\/ GeForce RTX 4050\/ 16.1&#8243;\/ Sin Sistema Operativo"}]},{"@type":"WebSite","@id":"https:\/\/www.pcmadrid.es\/tienda\/#website","url":"https:\/\/www.pcmadrid.es\/tienda\/","name":"Tienda PCMADRID","description":"Venta y reparaciones de ordenadores","publisher":{"@id":"https:\/\/www.pcmadrid.es\/tienda\/#organization"},"potentialAction":[{"@type":"SearchAction","target":{"@type":"EntryPoint","urlTemplate":"https:\/\/www.pcmadrid.es\/tienda\/?s={search_term_string}"},"query-input":{"@type":"PropertyValueSpecification","valueRequired":true,"valueName":"search_term_string"}}],"inLanguage":"es"},{"@type":"Organization","@id":"https:\/\/www.pcmadrid.es\/tienda\/#organization","name":"PCMADRID","url":"https:\/\/www.pcmadrid.es\/tienda\/","logo":{"@type":"ImageObject","inLanguage":"es","@id":"https:\/\/www.pcmadrid.es\/tienda\/#\/schema\/logo\/image\/","url":"https:\/\/i0.wp.com\/www.pcmadrid.es\/tienda\/wp-content\/uploads\/2019\/10\/pcmadridlogo..png?fit=750%2C300&ssl=1","contentUrl":"https:\/\/i0.wp.com\/www.pcmadrid.es\/tienda\/wp-content\/uploads\/2019\/10\/pcmadridlogo..png?fit=750%2C300&ssl=1","width":750,"height":300,"caption":"PCMADRID"},"image":{"@id":"https:\/\/www.pcmadrid.es\/tienda\/#\/schema\/logo\/image\/"},"sameAs":["https:\/\/www.facebook.com\/pcmadridinformatica","https:\/\/x.com\/pc_madrid","https:\/\/www.youtube.com\/channel\/UCIbQq9k6BBrU5x2wqDIHr7A","https:\/\/www.instagram.com\/pcmadrid_informatica\/?hl=es","https:\/\/www.linkedin.com\/company\/9348326\/admin\/","https:\/\/www.pinterest.es\/pcmadrid_informatica\/"]}]}},"jetpack_sharing_enabled":true,"_links":{"self":[{"href":"https:\/\/www.pcmadrid.es\/tienda\/wp-json\/wp\/v2\/product\/12659","targetHints":{"allow":["GET"]}}],"collection":[{"href":"https:\/\/www.pcmadrid.es\/tienda\/wp-json\/wp\/v2\/product"}],"about":[{"href":"https:\/\/www.pcmadrid.es\/tienda\/wp-json\/wp\/v2\/types\/product"}],"replies":[{"embeddable":true,"href":"https:\/\/www.pcmadrid.es\/tienda\/wp-json\/wp\/v2\/comments?post=12659"}],"wp:featuredmedia":[{"embeddable":true,"href":"https:\/\/www.pcmadrid.es\/tienda\/wp-json\/wp\/v2\/media\/12518"}],"wp:attachment":[{"href":"https:\/\/www.pcmadrid.es\/tienda\/wp-json\/wp\/v2\/media?parent=12659"}],"wp:term":[{"taxonomy":"product_brand","embeddable":true,"href":"https:\/\/www.pcmadrid.es\/tienda\/wp-json\/wp\/v2\/product_brand?post=12659"},{"taxonomy":"product_cat","embeddable":true,"href":"https:\/\/www.pcmadrid.es\/tienda\/wp-json\/wp\/v2\/product_cat?post=12659"},{"taxonomy":"product_tag","embeddable":true,"href":"https:\/\/www.pcmadrid.es\/tienda\/wp-json\/wp\/v2\/product_tag?post=12659"}],"curies":[{"name":"wp","href":"https:\/\/api.w.org\/{rel}","templated":true}]}}