{"id":12661,"date":"2024-05-12T21:20:18","date_gmt":"2024-05-12T19:20:18","guid":{"rendered":"https:\/\/www.pcmadrid.es\/tienda\/producto\/portatil-gaming-hp-victus-16-r1025ns-intel-core-i7-14650hx-16gb-1tb-ssd-geforce-rtx-4060-16-1-sin-sistema-operativo\/"},"modified":"2025-05-09T10:50:03","modified_gmt":"2025-05-09T08:50:03","slug":"portatil-gaming-hp-victus-16-r1025ns-intel-core-i7-14650hx-16gb-1tb-ssd-geforce-rtx-4060-16-1-sin-sistema-operativo","status":"publish","type":"product","link":"https:\/\/www.pcmadrid.es\/tienda\/producto\/portatil-gaming-hp-victus-16-r1025ns-intel-core-i7-14650hx-16gb-1tb-ssd-geforce-rtx-4060-16-1-sin-sistema-operativo\/","title":{"rendered":"Port\u00e1til Gaming HP Victus 16-R1025NS Intel Core i7-14650HX\/ 16GB\/ 1TB SSD\/ GeForce RTX 4060\/ 16.1&#8243;\/ Sin Sistema Operativo"},"content":{"rendered":"<p>&#8221;                                                <\/p>\n<h2>Victus Gaming Laptop 16-r1025ns<\/h2>\n<div>El port\u00e1til Victus by HP se ha dise\u00f1ado para jugar en m\u00e1xima calidad. Este elegante equipo cuenta con un procesador Intel Core de 14.\u00aa generaci\u00f3n y una moderna tarjeta gr\u00e1fica NVIDIA. Este port\u00e1til tambi\u00e9n dispone de nuevas funciones de optimizaci\u00f3n para impulsar a\u00fan m\u00e1s el rendimiento, una refrigeraci\u00f3n mejorada y un teclado actualizado.<\/div>\n<div>\n<h2>Los mejores y m\u00e1s modernos componentes de rendimiento<\/h2>\n<p>Mejora tus juegos con un procesador Intel\u00ae Core&#8482; de 14.\u00aa generaci\u00f3n, una moderna tarjeta gr\u00e1fica NVIDIA y memoria hasta DDR5.<\/p>\n<h2>Caracter\u00edsticas de optimizaci\u00f3n para un rendimiento todav\u00eda mejor<\/h2>\n<p>Con el port\u00e1til Victus es m\u00e1s f\u00e1cil obtener un mejor rendimiento, ya que dispone de caracter\u00edsticas que optimizan autom\u00e1ticamente tu experiencia de juego.<\/p>\n<h2>Expr\u00e9sate con un teclado mejorado<\/h2>\n<p>Por primera vez en un Victus, podr\u00e1s disfrutar de un teclado retroiluminado y expresar mejor tu personalidad gamer.<\/p>\n<p><\/div>\n<div>\n<h2>Especificaciones<\/h2>\n<ul>\n<li><b>Almacenamiento interno<\/b> SSD PCIe\u00ae Gen4 NVMe&#8482; M.2 de 1 TB<\/li>\n<li><b>Memoria RAM <\/b>DDR5-5600 MHz 16 GB (2 x 8 GB)<\/li>\n<li>Nota sobre la memoria Velocidades de transferencia de hasta 5600 MT\/s.<\/li>\n<li><b>Procesador<\/b> Intel Core i7-14650HX (hasta 5,2 GHz con tecnolog\u00eda Intel\u00ae Turbo Boost, 30 MB de cach\u00e9 L3, 16 n\u00facleos, 24 subprocesos)<\/li>\n<li><b>Pantalla<\/b> 40,9 cm (16,1&#8242;) en diagonal, FHD (1920 x 1080), 144 Hz, tiempo de respuesta de 7 ms, IPS, microborde, antirreflectante, Low Blue Light, 300 nits, 100 % de sRGB<\/li>\n<li><b>Gr\u00e1ficos (discretos)<\/b> GPU de port\u00e1til NVIDIA GeForce RTX 4060 (GDDR6 de 8 GB dedicada)<\/li>\n<li><b>Puertos<\/b><\/li>\n<ul>\n<li>1 USB Type-A con velocidad de se\u00f1al de 5 Gbps (HP Sleep and Charge);\u00a0<\/li>\n<li>1 USB Type-C\u00ae con velocidad de se\u00f1al de 5 Gbps (suministro de energ\u00eda a trav\u00e9s de USB, DisplayPort&#8482; 1.4, HP Sleep and Charge);\u00a0<\/li>\n<li>2 USB Type-A con velocidad de se\u00f1al de 5 Gbps;\u00a0<\/li>\n<li>1 HDMI 2.1;\u00a0<\/li>\n<li>1 RJ-45;\u00a0<\/li>\n<li>1 pin inteligente de CA;\u00a0<\/li>\n<li>1 combo de auriculares\/micr\u00f3fono<\/li>\n<\/ul>\n<li><b>Color<\/b> Azul intenso<\/li>\n<li><b>Conjunto de chips<\/b> Intel HM770<\/li>\n<li>Dispositivos de entrada Sensor t\u00e9rmico por infrarrojos<\/li>\n<li><b>Duraci\u00f3n de bater\u00eda<\/b> Hasta 5 horas y 15 minutos<\/li>\n<li><b>Gesti\u00f3n de la seguridad<\/b> Obturador de privacidad de la c\u00e1mara; Compatible con el m\u00f3dulo de plataforma segura (TPM de firmware)<\/li>\n<li><b>Inal\u00e1mbrico<\/b> Tarjeta inal\u00e1mbrica Intel\u00ae Wi-Fi 6E AX211 (2&#215;2) y Bluetooth\u00ae 5.3 (soporta velocidad de datos Gigabit)<\/li>\n<li><b>Interfaz de red LAN<\/b> 10\/100\/1000 GbE integrada<\/li>\n<li>Nota sobre la tecnolog\u00eda inal\u00e1mbrica Modo de espera moderno (conectado); LAN inal\u00e1mbrica HP de rango ampliado<\/li>\n<li>Reproducci\u00f3n del v\u00eddeo sobre la duraci\u00f3n de la bater\u00eda Hasta 7 horas<\/li>\n<li><b>Sistema operativo<\/b> FreeDOS 3.0<\/li>\n<li><b>Sonido<\/b> DTS:X\u00ae Ultra; Altavoces duales; Mejora de audio de HP; HyperX<\/li>\n<li><b>Teclado<\/b> Teclado de tama\u00f1o completo, con retroiluminaci\u00f3n, de color azul intenso opaco y teclado num\u00e9rico<\/li>\n<li><b>Tiempo de carga de la bater\u00eda<\/b> Es compatible con la carga r\u00e1pida de la bater\u00eda: aproximadamente 50% en 30 minutos<\/li>\n<li><b>Tipo de bater\u00eda<\/b> Pol\u00edmero de ion-litio 4 celdas, 70 Wh<\/li>\n<li><b>Tipo de fuente de alimentaci\u00f3n<\/b> Adaptador de alimentaci\u00f3n Smart AC de 230 W<\/li>\n<li><b>Webcam <\/b>C\u00e1mara FHD HP True Vision 1080p con reducci\u00f3n temporal de ruidos y micr\u00f3fonos digitales de matriz doble integrados<\/li>\n<\/ul>\n<\/div>\n<p>                                            &#8220;<\/p>\n","protected":false},"excerpt":{"rendered":"<p>Port\u00e1til gaming hp victus 16-r1025ns intel core i7-14650hx\/ 16gb\/ 1tb ssd\/ geforce rtx 4060\/ 16.1&#8243;\/ sin sistema operativo<\/p>\n","protected":false},"featured_media":12520,"comment_status":"open","ping_status":"closed","template":"","meta":{"_et_pb_use_builder":"","_et_pb_old_content":"","_et_gb_content_width":""},"product_brand":[],"product_cat":[524,363,92,65],"product_tag":[],"class_list":{"0":"post-12661","1":"product","2":"type-product","3":"status-publish","4":"has-post-thumbnail","6":"product_cat-portatiles-portatiles","7":"product_cat-portatiles-gaming","8":"product_cat-portatiles-windows","9":"product_cat-todos","11":"first","12":"outofstock","13":"taxable","14":"shipping-taxable","15":"purchasable","16":"product-type-simple"},"yoast_head":"<!-- This site is optimized with the Yoast SEO plugin v26.5 - https:\/\/yoast.com\/wordpress\/plugins\/seo\/ -->\n<title>Port\u00e1til Gaming HP Victus 16-R1025NS Intel Core i7-14650HX\/ 16GB\/ 1TB SSD\/ GeForce RTX 4060\/ 16.1&quot;\/ Sin Sistema Operativo | Tienda PCMADRID<\/title>\n<meta name=\"robots\" content=\"index, follow, max-snippet:-1, max-image-preview:large, max-video-preview:-1\" \/>\n<link rel=\"canonical\" href=\"https:\/\/www.pcmadrid.es\/tienda\/producto\/portatil-gaming-hp-victus-16-r1025ns-intel-core-i7-14650hx-16gb-1tb-ssd-geforce-rtx-4060-16-1-sin-sistema-operativo\/\" \/>\n<meta name=\"twitter:label1\" content=\"Tiempo de lectura\" \/>\n\t<meta name=\"twitter:data1\" content=\"2 minutos\" \/>\n<script type=\"application\/ld+json\" class=\"yoast-schema-graph\">{\"@context\":\"https:\/\/schema.org\",\"@graph\":[{\"@type\":\"WebPage\",\"@id\":\"https:\/\/www.pcmadrid.es\/tienda\/producto\/portatil-gaming-hp-victus-16-r1025ns-intel-core-i7-14650hx-16gb-1tb-ssd-geforce-rtx-4060-16-1-sin-sistema-operativo\/\",\"url\":\"https:\/\/www.pcmadrid.es\/tienda\/producto\/portatil-gaming-hp-victus-16-r1025ns-intel-core-i7-14650hx-16gb-1tb-ssd-geforce-rtx-4060-16-1-sin-sistema-operativo\/\",\"name\":\"Port\u00e1til Gaming HP Victus 16-R1025NS Intel Core i7-14650HX\/ 16GB\/ 1TB SSD\/ GeForce RTX 4060\/ 16.1\\\"\/ Sin Sistema Operativo | Tienda PCMADRID\",\"isPartOf\":{\"@id\":\"https:\/\/www.pcmadrid.es\/tienda\/#website\"},\"primaryImageOfPage\":{\"@id\":\"https:\/\/www.pcmadrid.es\/tienda\/producto\/portatil-gaming-hp-victus-16-r1025ns-intel-core-i7-14650hx-16gb-1tb-ssd-geforce-rtx-4060-16-1-sin-sistema-operativo\/#primaryimage\"},\"image\":{\"@id\":\"https:\/\/www.pcmadrid.es\/tienda\/producto\/portatil-gaming-hp-victus-16-r1025ns-intel-core-i7-14650hx-16gb-1tb-ssd-geforce-rtx-4060-16-1-sin-sistema-operativo\/#primaryimage\"},\"thumbnailUrl\":\"https:\/\/i0.wp.com\/www.pcmadrid.es\/tienda\/wp-content\/uploads\/2024\/05\/art_hpp-victus2016-r1025ns_1.jpg?fit=448%2C448&ssl=1\",\"datePublished\":\"2024-05-12T19:20:18+00:00\",\"dateModified\":\"2025-05-09T08:50:03+00:00\",\"breadcrumb\":{\"@id\":\"https:\/\/www.pcmadrid.es\/tienda\/producto\/portatil-gaming-hp-victus-16-r1025ns-intel-core-i7-14650hx-16gb-1tb-ssd-geforce-rtx-4060-16-1-sin-sistema-operativo\/#breadcrumb\"},\"inLanguage\":\"es\",\"potentialAction\":[{\"@type\":\"ReadAction\",\"target\":[\"https:\/\/www.pcmadrid.es\/tienda\/producto\/portatil-gaming-hp-victus-16-r1025ns-intel-core-i7-14650hx-16gb-1tb-ssd-geforce-rtx-4060-16-1-sin-sistema-operativo\/\"]}]},{\"@type\":\"ImageObject\",\"inLanguage\":\"es\",\"@id\":\"https:\/\/www.pcmadrid.es\/tienda\/producto\/portatil-gaming-hp-victus-16-r1025ns-intel-core-i7-14650hx-16gb-1tb-ssd-geforce-rtx-4060-16-1-sin-sistema-operativo\/#primaryimage\",\"url\":\"https:\/\/i0.wp.com\/www.pcmadrid.es\/tienda\/wp-content\/uploads\/2024\/05\/art_hpp-victus2016-r1025ns_1.jpg?fit=448%2C448&ssl=1\",\"contentUrl\":\"https:\/\/i0.wp.com\/www.pcmadrid.es\/tienda\/wp-content\/uploads\/2024\/05\/art_hpp-victus2016-r1025ns_1.jpg?fit=448%2C448&ssl=1\",\"width\":448,\"height\":448},{\"@type\":\"BreadcrumbList\",\"@id\":\"https:\/\/www.pcmadrid.es\/tienda\/producto\/portatil-gaming-hp-victus-16-r1025ns-intel-core-i7-14650hx-16gb-1tb-ssd-geforce-rtx-4060-16-1-sin-sistema-operativo\/#breadcrumb\",\"itemListElement\":[{\"@type\":\"ListItem\",\"position\":1,\"name\":\"Portada\",\"item\":\"https:\/\/www.pcmadrid.es\/tienda\/\"},{\"@type\":\"ListItem\",\"position\":2,\"name\":\"Todos los productos\",\"item\":\"https:\/\/www.pcmadrid.es\/tienda\/todos-los-productos\/\"},{\"@type\":\"ListItem\",\"position\":3,\"name\":\"Port\u00e1til Gaming HP Victus 16-R1025NS Intel Core i7-14650HX\/ 16GB\/ 1TB SSD\/ GeForce RTX 4060\/ 16.1&#8243;\/ Sin Sistema Operativo\"}]},{\"@type\":\"WebSite\",\"@id\":\"https:\/\/www.pcmadrid.es\/tienda\/#website\",\"url\":\"https:\/\/www.pcmadrid.es\/tienda\/\",\"name\":\"Tienda PCMADRID\",\"description\":\"Venta y reparaciones de ordenadores\",\"publisher\":{\"@id\":\"https:\/\/www.pcmadrid.es\/tienda\/#organization\"},\"potentialAction\":[{\"@type\":\"SearchAction\",\"target\":{\"@type\":\"EntryPoint\",\"urlTemplate\":\"https:\/\/www.pcmadrid.es\/tienda\/?s={search_term_string}\"},\"query-input\":{\"@type\":\"PropertyValueSpecification\",\"valueRequired\":true,\"valueName\":\"search_term_string\"}}],\"inLanguage\":\"es\"},{\"@type\":\"Organization\",\"@id\":\"https:\/\/www.pcmadrid.es\/tienda\/#organization\",\"name\":\"PCMADRID\",\"url\":\"https:\/\/www.pcmadrid.es\/tienda\/\",\"logo\":{\"@type\":\"ImageObject\",\"inLanguage\":\"es\",\"@id\":\"https:\/\/www.pcmadrid.es\/tienda\/#\/schema\/logo\/image\/\",\"url\":\"https:\/\/i0.wp.com\/www.pcmadrid.es\/tienda\/wp-content\/uploads\/2019\/10\/pcmadridlogo..png?fit=750%2C300&ssl=1\",\"contentUrl\":\"https:\/\/i0.wp.com\/www.pcmadrid.es\/tienda\/wp-content\/uploads\/2019\/10\/pcmadridlogo..png?fit=750%2C300&ssl=1\",\"width\":750,\"height\":300,\"caption\":\"PCMADRID\"},\"image\":{\"@id\":\"https:\/\/www.pcmadrid.es\/tienda\/#\/schema\/logo\/image\/\"},\"sameAs\":[\"https:\/\/www.facebook.com\/pcmadridinformatica\",\"https:\/\/x.com\/pc_madrid\",\"https:\/\/www.youtube.com\/channel\/UCIbQq9k6BBrU5x2wqDIHr7A\",\"https:\/\/www.instagram.com\/pcmadrid_informatica\/?hl=es\",\"https:\/\/www.linkedin.com\/company\/9348326\/admin\/\",\"https:\/\/www.pinterest.es\/pcmadrid_informatica\/\"]}]}<\/script>\n<!-- \/ Yoast SEO plugin. -->","yoast_head_json":{"title":"Port\u00e1til Gaming HP Victus 16-R1025NS Intel Core i7-14650HX\/ 16GB\/ 1TB SSD\/ GeForce RTX 4060\/ 16.1\"\/ Sin Sistema Operativo | Tienda PCMADRID","robots":{"index":"index","follow":"follow","max-snippet":"max-snippet:-1","max-image-preview":"max-image-preview:large","max-video-preview":"max-video-preview:-1"},"canonical":"https:\/\/www.pcmadrid.es\/tienda\/producto\/portatil-gaming-hp-victus-16-r1025ns-intel-core-i7-14650hx-16gb-1tb-ssd-geforce-rtx-4060-16-1-sin-sistema-operativo\/","twitter_misc":{"Tiempo de lectura":"2 minutos"},"schema":{"@context":"https:\/\/schema.org","@graph":[{"@type":"WebPage","@id":"https:\/\/www.pcmadrid.es\/tienda\/producto\/portatil-gaming-hp-victus-16-r1025ns-intel-core-i7-14650hx-16gb-1tb-ssd-geforce-rtx-4060-16-1-sin-sistema-operativo\/","url":"https:\/\/www.pcmadrid.es\/tienda\/producto\/portatil-gaming-hp-victus-16-r1025ns-intel-core-i7-14650hx-16gb-1tb-ssd-geforce-rtx-4060-16-1-sin-sistema-operativo\/","name":"Port\u00e1til Gaming HP Victus 16-R1025NS Intel Core i7-14650HX\/ 16GB\/ 1TB SSD\/ GeForce RTX 4060\/ 16.1\"\/ Sin Sistema Operativo | Tienda PCMADRID","isPartOf":{"@id":"https:\/\/www.pcmadrid.es\/tienda\/#website"},"primaryImageOfPage":{"@id":"https:\/\/www.pcmadrid.es\/tienda\/producto\/portatil-gaming-hp-victus-16-r1025ns-intel-core-i7-14650hx-16gb-1tb-ssd-geforce-rtx-4060-16-1-sin-sistema-operativo\/#primaryimage"},"image":{"@id":"https:\/\/www.pcmadrid.es\/tienda\/producto\/portatil-gaming-hp-victus-16-r1025ns-intel-core-i7-14650hx-16gb-1tb-ssd-geforce-rtx-4060-16-1-sin-sistema-operativo\/#primaryimage"},"thumbnailUrl":"https:\/\/i0.wp.com\/www.pcmadrid.es\/tienda\/wp-content\/uploads\/2024\/05\/art_hpp-victus2016-r1025ns_1.jpg?fit=448%2C448&ssl=1","datePublished":"2024-05-12T19:20:18+00:00","dateModified":"2025-05-09T08:50:03+00:00","breadcrumb":{"@id":"https:\/\/www.pcmadrid.es\/tienda\/producto\/portatil-gaming-hp-victus-16-r1025ns-intel-core-i7-14650hx-16gb-1tb-ssd-geforce-rtx-4060-16-1-sin-sistema-operativo\/#breadcrumb"},"inLanguage":"es","potentialAction":[{"@type":"ReadAction","target":["https:\/\/www.pcmadrid.es\/tienda\/producto\/portatil-gaming-hp-victus-16-r1025ns-intel-core-i7-14650hx-16gb-1tb-ssd-geforce-rtx-4060-16-1-sin-sistema-operativo\/"]}]},{"@type":"ImageObject","inLanguage":"es","@id":"https:\/\/www.pcmadrid.es\/tienda\/producto\/portatil-gaming-hp-victus-16-r1025ns-intel-core-i7-14650hx-16gb-1tb-ssd-geforce-rtx-4060-16-1-sin-sistema-operativo\/#primaryimage","url":"https:\/\/i0.wp.com\/www.pcmadrid.es\/tienda\/wp-content\/uploads\/2024\/05\/art_hpp-victus2016-r1025ns_1.jpg?fit=448%2C448&ssl=1","contentUrl":"https:\/\/i0.wp.com\/www.pcmadrid.es\/tienda\/wp-content\/uploads\/2024\/05\/art_hpp-victus2016-r1025ns_1.jpg?fit=448%2C448&ssl=1","width":448,"height":448},{"@type":"BreadcrumbList","@id":"https:\/\/www.pcmadrid.es\/tienda\/producto\/portatil-gaming-hp-victus-16-r1025ns-intel-core-i7-14650hx-16gb-1tb-ssd-geforce-rtx-4060-16-1-sin-sistema-operativo\/#breadcrumb","itemListElement":[{"@type":"ListItem","position":1,"name":"Portada","item":"https:\/\/www.pcmadrid.es\/tienda\/"},{"@type":"ListItem","position":2,"name":"Todos los productos","item":"https:\/\/www.pcmadrid.es\/tienda\/todos-los-productos\/"},{"@type":"ListItem","position":3,"name":"Port\u00e1til Gaming HP Victus 16-R1025NS Intel Core i7-14650HX\/ 16GB\/ 1TB SSD\/ GeForce RTX 4060\/ 16.1&#8243;\/ Sin Sistema Operativo"}]},{"@type":"WebSite","@id":"https:\/\/www.pcmadrid.es\/tienda\/#website","url":"https:\/\/www.pcmadrid.es\/tienda\/","name":"Tienda PCMADRID","description":"Venta y reparaciones de ordenadores","publisher":{"@id":"https:\/\/www.pcmadrid.es\/tienda\/#organization"},"potentialAction":[{"@type":"SearchAction","target":{"@type":"EntryPoint","urlTemplate":"https:\/\/www.pcmadrid.es\/tienda\/?s={search_term_string}"},"query-input":{"@type":"PropertyValueSpecification","valueRequired":true,"valueName":"search_term_string"}}],"inLanguage":"es"},{"@type":"Organization","@id":"https:\/\/www.pcmadrid.es\/tienda\/#organization","name":"PCMADRID","url":"https:\/\/www.pcmadrid.es\/tienda\/","logo":{"@type":"ImageObject","inLanguage":"es","@id":"https:\/\/www.pcmadrid.es\/tienda\/#\/schema\/logo\/image\/","url":"https:\/\/i0.wp.com\/www.pcmadrid.es\/tienda\/wp-content\/uploads\/2019\/10\/pcmadridlogo..png?fit=750%2C300&ssl=1","contentUrl":"https:\/\/i0.wp.com\/www.pcmadrid.es\/tienda\/wp-content\/uploads\/2019\/10\/pcmadridlogo..png?fit=750%2C300&ssl=1","width":750,"height":300,"caption":"PCMADRID"},"image":{"@id":"https:\/\/www.pcmadrid.es\/tienda\/#\/schema\/logo\/image\/"},"sameAs":["https:\/\/www.facebook.com\/pcmadridinformatica","https:\/\/x.com\/pc_madrid","https:\/\/www.youtube.com\/channel\/UCIbQq9k6BBrU5x2wqDIHr7A","https:\/\/www.instagram.com\/pcmadrid_informatica\/?hl=es","https:\/\/www.linkedin.com\/company\/9348326\/admin\/","https:\/\/www.pinterest.es\/pcmadrid_informatica\/"]}]}},"jetpack_sharing_enabled":true,"_links":{"self":[{"href":"https:\/\/www.pcmadrid.es\/tienda\/wp-json\/wp\/v2\/product\/12661","targetHints":{"allow":["GET"]}}],"collection":[{"href":"https:\/\/www.pcmadrid.es\/tienda\/wp-json\/wp\/v2\/product"}],"about":[{"href":"https:\/\/www.pcmadrid.es\/tienda\/wp-json\/wp\/v2\/types\/product"}],"replies":[{"embeddable":true,"href":"https:\/\/www.pcmadrid.es\/tienda\/wp-json\/wp\/v2\/comments?post=12661"}],"wp:featuredmedia":[{"embeddable":true,"href":"https:\/\/www.pcmadrid.es\/tienda\/wp-json\/wp\/v2\/media\/12520"}],"wp:attachment":[{"href":"https:\/\/www.pcmadrid.es\/tienda\/wp-json\/wp\/v2\/media?parent=12661"}],"wp:term":[{"taxonomy":"product_brand","embeddable":true,"href":"https:\/\/www.pcmadrid.es\/tienda\/wp-json\/wp\/v2\/product_brand?post=12661"},{"taxonomy":"product_cat","embeddable":true,"href":"https:\/\/www.pcmadrid.es\/tienda\/wp-json\/wp\/v2\/product_cat?post=12661"},{"taxonomy":"product_tag","embeddable":true,"href":"https:\/\/www.pcmadrid.es\/tienda\/wp-json\/wp\/v2\/product_tag?post=12661"}],"curies":[{"name":"wp","href":"https:\/\/api.w.org\/{rel}","templated":true}]}}