{"id":12662,"date":"2024-05-12T21:20:19","date_gmt":"2024-05-12T19:20:19","guid":{"rendered":"https:\/\/www.pcmadrid.es\/tienda\/producto\/portatil-gaming-lenovo-ideapad-gaming-3-15ach6-82k201svsp-ryzen-5-5600h-16gb-512gb-ssd-geforce-rtx-3060-15-6-win11\/"},"modified":"2025-05-09T10:50:03","modified_gmt":"2025-05-09T08:50:03","slug":"portatil-gaming-lenovo-ideapad-gaming-3-15ach6-82k201svsp-ryzen-5-5600h-16gb-512gb-ssd-geforce-rtx-3060-15-6-win11","status":"publish","type":"product","link":"https:\/\/www.pcmadrid.es\/tienda\/producto\/portatil-gaming-lenovo-ideapad-gaming-3-15ach6-82k201svsp-ryzen-5-5600h-16gb-512gb-ssd-geforce-rtx-3060-15-6-win11\/","title":{"rendered":"Port\u00e1til Gaming Lenovo IdeaPad Gaming 3 15ACH6 82K201SVSP Ryzen 5 5600H\/ 16GB\/ 512GB SSD\/ GeForce RTX 3060\/ 15.6&#8243;\/ Win11"},"content":{"rendered":"<p>&#8221;<\/p>\n<h2>Lenovo IdeaPad Gaming 3 15ACH6<\/h2>\n<p>Dicen que no se puede tener un gran rendimiento y una bater\u00eda que dure mucho en el mismo port\u00e1til. Cuentan que un port\u00e1til para juegos enfocado al rendimiento debe ser grande y pesado. Se equivocan. Ya puedes disfrutar de los videojuegos de \u00e9lite en un port\u00e1til fino y ligero con una duraci\u00f3n de la bater\u00eda incre\u00edble gracias a los nuevos procesadores m\u00f3viles AMD Ryzen\u2122 5000 de serie H. No vuelvas a hacer concesiones con tu port\u00e1til para videojuegos.<\/p>\n<p>Disfruta del m\u00e1ximo rendimiento con las \u00faltimas GPU para port\u00e1tiles NVIDIA\u00ae GeForce RTX\u2122 de serie 30 para jugadores y creadores. Cuentan con tecnolog\u00eda Ampere, la arquitectura RTX de 2.\u00aa generaci\u00f3n de NVIDIA, con nuevos Ray Tracing Cores, Tensor Cores y multiprocesadores de transmisi\u00f3n que suponen un salto de gigante en cuanto a rendimiento. Experimenta los gr\u00e1ficos con trazado de rayos m\u00e1s realistas, las nuevas funciones de vanguardia y la potencia de la inteligencia artificial en un dise\u00f1o fino y ligero. Juega a m\u00e1s de 100 juegos para ordenador de alta calidad a un precio mensual bajo con Xbox Game Pass.<\/p>\n<p>Juega con velocidades y efectos visuales de nivel profesional. Juega a t\u00edtulos AAA en su configuraci\u00f3n de resoluci\u00f3n m\u00e1s alta con una pantalla IPS FHD (1920 x 1080) de hasta 165 Hz para obtener im\u00e1genes asombrosas con detalles ultrafinos, junto con velocidades de fotogramas suaves y realistas. Experimenta los juegos como quieres con sRGB al 100 % en una pantalla casi sin biseles.<\/p>\n<p>Eleva el contenido visual de tus videojuegos a un nivel estratosf\u00e9rico con una pantalla FHD IPS (1920 x 1080) que reduce el tartamudeo de las im\u00e1genes, ofrece una velocidad de fotogramas m\u00e1s fluida y proporciona una mejor experiencia de juego en su totalidad. El port\u00e1til IdeaPad\u2122 Gaming 3 te permite jugar con total confianza en una pantalla de 60 Hz que no cansa la vista y que muestra im\u00e1genes del juego espectaculares desde cualquier \u00e1ngulo.<\/p>\n<p>La ergonom\u00eda y el rendimiento correctos en un teclado pueden suponer la victoria o la derrota. El recorrido de tecla completo de 1,5 mm del teclado del IdeaPad Gaming 3 de 6.\u00aa generaci\u00f3n y la tecnolog\u00eda N-key rollover al 100 % te ayudan a acumular muertes mientras juegas la retroiluminaci\u00f3n blanca y el teclado RGB opcional de 4 zonas para una inmersi\u00f3n total.<\/p>\n<p>El IdeaPad Gaming 3 de 6.\u00aa generaci\u00f3n funciona m\u00e1s r\u00e1pido y est\u00e1 m\u00e1s refrigerado que en las generaciones anteriores, con un l\u00edmite t\u00e9rmico elevado que disipa un 41 % m\u00e1s de calor (120 W). Su sistema t\u00e9rmico de vanguardia supera el doble del flujo de aire, con el doble de salidas de aire y hasta cuatro tubos t\u00e9rmicos.<\/p>\n<p>Obt\u00e9n la ventaja que necesitas con mejoras inspiradas como el panel t\u00e1ctil de una pieza un 30 % m\u00e1s grande del IdeaPad Gaming 3 de 6.\u00aa generaci\u00f3n. Disfruta de Nahimic Audio para videojuegos, con un sonido envolvente de 7.1 canales que act\u00faa como un radar para identificar tus objetivos en el campo de batalla.<\/p>\n<p>&nbsp;<\/p>\n<ul>\n<li><b>CARACTER\u00cdSTICAS<\/b><\/li>\n<li>Procesador<\/li>\n<li>AMD Ryzen 5 5600H (6C\/12T, 3,3\/4,2 GHz, 3 MB L2\/16 MB L3)<\/li>\n<li>Gr\u00e1ficos<\/li>\n<li>NVIDIA\u00ae GeForce RTX 3060 6GB GDDR6, reloj potenciado 1282 \/ 1485MH, TGP 90W<\/li>\n<li>Conjunto de chips<\/li>\n<li>Plataforma SoC AMD<\/li>\n<li>Memoria<\/li>\n<li>2x 8GB SO-DIMM DDR4-3200<\/li>\n<li>Ranuras de memoria<\/li>\n<li>Dos ranuras DDR4 SO-DIMM, con capacidad de doble canal<\/li>\n<li>Memoria m\u00e1xima<\/li>\n<li>Hasta 16 GB DDR4-3200<\/li>\n<li>Almacenamiento<\/li>\n<li>SSD de 512 GB M.2 2280 PCIe\u00ae 3.0&#215;4 NVMe\u00ae<\/li>\n<li>Soporte de almacenamiento<\/li>\n<li>Modelos RTX 3060: hasta dos unidades,\n<ul>\n<li>2x M.2 SSD<\/li>\n<li>M.2 2242 SSD hasta 512 GB<\/li>\n<li>M.2 2280 SSD hasta 1 TB<\/li>\n<\/ul>\n<\/li>\n<li>Ranura de almacenamiento\n<ul>\n<li>Modelos RTX 3060: dos ranuras M.2 2280 PCIe\u00ae 3.0 x4<\/li>\n<\/ul>\n<\/li>\n<li>Lector de tarjetas<\/li>\n<li>Ninguno<\/li>\n<li>\u00d3ptico<\/li>\n<li>Ninguno<\/li>\n<li>Chip de audio<\/li>\n<li>Audio de alta definici\u00f3n (HD), c\u00f3dec Realtek\u00ae ALC3287<\/li>\n<li>Altavoces<\/li>\n<li>Altavoces est\u00e9reo, 2W x2, Nahimic Audio<\/li>\n<li>C\u00e1mara<\/li>\n<li>HD 720p con obturador de privacidad<\/li>\n<li>Micr\u00f3fono<\/li>\n<li>2x, matriz<\/li>\n<li>Bater\u00eda<\/li>\n<li>Integrado 60Wh<\/li>\n<li>Adaptador de corriente<\/li>\n<li>Punta delgada de 170 W (3 pines)<\/li>\n<li><b>DISE\u00d1O<\/b><\/li>\n<li>Pantalla<\/li>\n<li>15,6&#8242; FHD (1920 x 1080) IPS 250 nits antirreflejo, 45 % NTSC, 120 Hz<\/li>\n<li>Pantalla t\u00e1ctil<\/li>\n<li>Ninguno<\/li>\n<li>Teclado<\/li>\n<li>Blanco retroiluminado, espa\u00f1ol.<\/li>\n<li>Panel t\u00e1ctil<\/li>\n<li>Panel t\u00e1ctil multit\u00e1ctil de superficie Mylar\u00ae sin botones, 70 x 120 mm (2,76 x 4,72 pulgadas)<\/li>\n<li>Color de la caja<\/li>\n<li>Sombra negra<\/li>\n<li>Tratamiento de superficies<\/li>\n<li>IMR (Decoraci\u00f3n In-Mold por Rodillo)<\/li>\n<li>Material de la Caja<\/li>\n<li>PC-ABS (arriba), PC-ABS (abajo)<\/li>\n<li>Dimensiones (AnxPrxAl)<\/li>\n<li>359,6 x 251,9 x 24,2 mm (14,16 x 9,92 x 0,95 pulgadas)<\/li>\n<li>Peso<\/li>\n<li>Alrededor de 2,25 kg (4,96 libras)<\/li>\n<li><b>SOFTWARE<\/b><\/li>\n<li>Sistema operativo<\/li>\n<li>Windows 11 Home, espa\u00f1ol<\/li>\n<li>Software incluido<\/li>\n<li>Office Prueba<\/li>\n<li><b>CONECTIVIDAD<\/b><\/li>\n<li>Ethernet<\/li>\n<li>100\/1000M (RJ-45)<\/li>\n<li>WiFi + Bluetooth<\/li>\n<li>Wi-Fi\u00ae 6, 11ax 2&#215;2 + BT5.1<\/li>\n<li><b>Puertos est\u00e1ndar<\/b>\n<ul>\n<li>2x USB 3.2 Generaci\u00f3n 1<\/li>\n<li>1x USB-C\u00ae 3.2 Gen 1 (solo admite transferencia de datos)<\/li>\n<li>1x HDMI\u00ae 2.0<\/li>\n<li>1x conector combinado para auriculares\/micr\u00f3fono (3,5 mm)<\/li>\n<li>1x Ethernet (RJ-45)<\/li>\n<li>1x conector de alimentaci\u00f3n<\/li>\n<\/ul>\n<\/li>\n<li>Uni\u00f3n<\/li>\n<li>Varias soluciones de acoplamiento compatibles a trav\u00e9s de Thunderbolt\u2122\/USB-C\u00ae. Para obtener m\u00e1s soluciones de acoplamiento compatibles, visite Acoplamiento para IdeaPad\u00ae Gaming 3 15ACH6<\/li>\n<li>Chip de seguridad<\/li>\n<li>Firmware TPM 2.0<\/li>\n<li>Otra seguridad<\/li>\n<li>Obturador de privacidad de la c\u00e1mara<\/li>\n<li><b>CERTIFICACIONES<\/b><\/li>\n<li>Certificaciones Verdes<\/li>\n<li>ErP Lote 3<\/li>\n<li>RoHS<\/li>\n<\/ul>\n<p>&#8220;<\/p>\n","protected":false},"excerpt":{"rendered":"<p>Port\u00e1til gaming lenovo ideapad gaming 3 15ach6 82k201svsp ryzen 5 5600h\/ 16gb\/ 512gb ssd\/ geforce rtx 3060\/ 15.6&#8243;\/ win11<\/p>\n","protected":false},"featured_media":12522,"comment_status":"open","ping_status":"closed","template":"","meta":{"_et_pb_use_builder":"","_et_pb_old_content":"","_et_gb_content_width":""},"product_brand":[],"product_cat":[363,92],"product_tag":[],"class_list":{"0":"post-12662","1":"product","2":"type-product","3":"status-publish","4":"has-post-thumbnail","6":"product_cat-portatiles-gaming","7":"product_cat-portatiles-windows","9":"first","10":"outofstock","11":"taxable","12":"shipping-taxable","13":"purchasable","14":"product-type-simple"},"yoast_head":"<!-- This site is optimized with the Yoast SEO plugin v27.5 - https:\/\/yoast.com\/product\/yoast-seo-wordpress\/ -->\n<title>Port\u00e1til Gaming Lenovo IdeaPad Gaming 3 15ACH6 82K201SVSP Ryzen 5 5600H\/ 16GB\/ 512GB SSD\/ GeForce RTX 3060\/ 15.6&quot;\/ Win11 | Tienda PCMADRID<\/title>\n<meta name=\"robots\" content=\"index, follow, max-snippet:-1, max-image-preview:large, max-video-preview:-1\" \/>\n<link rel=\"canonical\" href=\"https:\/\/www.pcmadrid.es\/tienda\/producto\/portatil-gaming-lenovo-ideapad-gaming-3-15ach6-82k201svsp-ryzen-5-5600h-16gb-512gb-ssd-geforce-rtx-3060-15-6-win11\/\" \/>\n<meta name=\"twitter:label1\" content=\"Tiempo de lectura\" \/>\n\t<meta name=\"twitter:data1\" content=\"5 minutos\" \/>\n<script type=\"application\/ld+json\" class=\"yoast-schema-graph\">{\"@context\":\"https:\\\/\\\/schema.org\",\"@graph\":[{\"@type\":\"WebPage\",\"@id\":\"https:\\\/\\\/www.pcmadrid.es\\\/tienda\\\/producto\\\/portatil-gaming-lenovo-ideapad-gaming-3-15ach6-82k201svsp-ryzen-5-5600h-16gb-512gb-ssd-geforce-rtx-3060-15-6-win11\\\/\",\"url\":\"https:\\\/\\\/www.pcmadrid.es\\\/tienda\\\/producto\\\/portatil-gaming-lenovo-ideapad-gaming-3-15ach6-82k201svsp-ryzen-5-5600h-16gb-512gb-ssd-geforce-rtx-3060-15-6-win11\\\/\",\"name\":\"Port\u00e1til Gaming Lenovo IdeaPad Gaming 3 15ACH6 82K201SVSP Ryzen 5 5600H\\\/ 16GB\\\/ 512GB SSD\\\/ GeForce RTX 3060\\\/ 15.6\\\"\\\/ Win11 | Tienda PCMADRID\",\"isPartOf\":{\"@id\":\"https:\\\/\\\/www.pcmadrid.es\\\/tienda\\\/#website\"},\"primaryImageOfPage\":{\"@id\":\"https:\\\/\\\/www.pcmadrid.es\\\/tienda\\\/producto\\\/portatil-gaming-lenovo-ideapad-gaming-3-15ach6-82k201svsp-ryzen-5-5600h-16gb-512gb-ssd-geforce-rtx-3060-15-6-win11\\\/#primaryimage\"},\"image\":{\"@id\":\"https:\\\/\\\/www.pcmadrid.es\\\/tienda\\\/producto\\\/portatil-gaming-lenovo-ideapad-gaming-3-15ach6-82k201svsp-ryzen-5-5600h-16gb-512gb-ssd-geforce-rtx-3060-15-6-win11\\\/#primaryimage\"},\"thumbnailUrl\":\"https:\\\/\\\/i0.wp.com\\\/www.pcmadrid.es\\\/tienda\\\/wp-content\\\/uploads\\\/2024\\\/05\\\/art_len-p20pro2082k201svsp_1.jpg?fit=448%2C448&ssl=1\",\"datePublished\":\"2024-05-12T19:20:19+00:00\",\"dateModified\":\"2025-05-09T08:50:03+00:00\",\"breadcrumb\":{\"@id\":\"https:\\\/\\\/www.pcmadrid.es\\\/tienda\\\/producto\\\/portatil-gaming-lenovo-ideapad-gaming-3-15ach6-82k201svsp-ryzen-5-5600h-16gb-512gb-ssd-geforce-rtx-3060-15-6-win11\\\/#breadcrumb\"},\"inLanguage\":\"es\",\"potentialAction\":[{\"@type\":\"ReadAction\",\"target\":[\"https:\\\/\\\/www.pcmadrid.es\\\/tienda\\\/producto\\\/portatil-gaming-lenovo-ideapad-gaming-3-15ach6-82k201svsp-ryzen-5-5600h-16gb-512gb-ssd-geforce-rtx-3060-15-6-win11\\\/\"]}]},{\"@type\":\"ImageObject\",\"inLanguage\":\"es\",\"@id\":\"https:\\\/\\\/www.pcmadrid.es\\\/tienda\\\/producto\\\/portatil-gaming-lenovo-ideapad-gaming-3-15ach6-82k201svsp-ryzen-5-5600h-16gb-512gb-ssd-geforce-rtx-3060-15-6-win11\\\/#primaryimage\",\"url\":\"https:\\\/\\\/i0.wp.com\\\/www.pcmadrid.es\\\/tienda\\\/wp-content\\\/uploads\\\/2024\\\/05\\\/art_len-p20pro2082k201svsp_1.jpg?fit=448%2C448&ssl=1\",\"contentUrl\":\"https:\\\/\\\/i0.wp.com\\\/www.pcmadrid.es\\\/tienda\\\/wp-content\\\/uploads\\\/2024\\\/05\\\/art_len-p20pro2082k201svsp_1.jpg?fit=448%2C448&ssl=1\",\"width\":448,\"height\":448},{\"@type\":\"BreadcrumbList\",\"@id\":\"https:\\\/\\\/www.pcmadrid.es\\\/tienda\\\/producto\\\/portatil-gaming-lenovo-ideapad-gaming-3-15ach6-82k201svsp-ryzen-5-5600h-16gb-512gb-ssd-geforce-rtx-3060-15-6-win11\\\/#breadcrumb\",\"itemListElement\":[{\"@type\":\"ListItem\",\"position\":1,\"name\":\"Portada\",\"item\":\"https:\\\/\\\/www.pcmadrid.es\\\/tienda\\\/\"},{\"@type\":\"ListItem\",\"position\":2,\"name\":\"Todos los productos\",\"item\":\"https:\\\/\\\/www.pcmadrid.es\\\/tienda\\\/todos-los-productos\\\/\"},{\"@type\":\"ListItem\",\"position\":3,\"name\":\"Port\u00e1til Gaming Lenovo IdeaPad Gaming 3 15ACH6 82K201SVSP Ryzen 5 5600H\\\/ 16GB\\\/ 512GB SSD\\\/ GeForce RTX 3060\\\/ 15.6&#8243;\\\/ Win11\"}]},{\"@type\":\"WebSite\",\"@id\":\"https:\\\/\\\/www.pcmadrid.es\\\/tienda\\\/#website\",\"url\":\"https:\\\/\\\/www.pcmadrid.es\\\/tienda\\\/\",\"name\":\"Tienda PCMADRID\",\"description\":\"Venta y reparaciones de ordenadores\",\"publisher\":{\"@id\":\"https:\\\/\\\/www.pcmadrid.es\\\/tienda\\\/#organization\"},\"potentialAction\":[{\"@type\":\"SearchAction\",\"target\":{\"@type\":\"EntryPoint\",\"urlTemplate\":\"https:\\\/\\\/www.pcmadrid.es\\\/tienda\\\/?s={search_term_string}\"},\"query-input\":{\"@type\":\"PropertyValueSpecification\",\"valueRequired\":true,\"valueName\":\"search_term_string\"}}],\"inLanguage\":\"es\"},{\"@type\":\"Organization\",\"@id\":\"https:\\\/\\\/www.pcmadrid.es\\\/tienda\\\/#organization\",\"name\":\"PCMADRID\",\"url\":\"https:\\\/\\\/www.pcmadrid.es\\\/tienda\\\/\",\"logo\":{\"@type\":\"ImageObject\",\"inLanguage\":\"es\",\"@id\":\"https:\\\/\\\/www.pcmadrid.es\\\/tienda\\\/#\\\/schema\\\/logo\\\/image\\\/\",\"url\":\"https:\\\/\\\/www.pcmadrid.es\\\/tienda\\\/wp-content\\\/uploads\\\/2019\\\/10\\\/pcmadridlogo..png\",\"contentUrl\":\"https:\\\/\\\/www.pcmadrid.es\\\/tienda\\\/wp-content\\\/uploads\\\/2019\\\/10\\\/pcmadridlogo..png\",\"width\":750,\"height\":300,\"caption\":\"PCMADRID\"},\"image\":{\"@id\":\"https:\\\/\\\/www.pcmadrid.es\\\/tienda\\\/#\\\/schema\\\/logo\\\/image\\\/\"},\"sameAs\":[\"https:\\\/\\\/www.facebook.com\\\/pcmadridinformatica\",\"https:\\\/\\\/x.com\\\/pc_madrid\",\"https:\\\/\\\/www.youtube.com\\\/channel\\\/UCIbQq9k6BBrU5x2wqDIHr7A\",\"https:\\\/\\\/www.instagram.com\\\/pcmadrid_informatica\\\/?hl=es\",\"https:\\\/\\\/www.linkedin.com\\\/company\\\/9348326\\\/admin\\\/\",\"https:\\\/\\\/www.pinterest.es\\\/pcmadrid_informatica\\\/\"]}]}<\/script>\n<!-- \/ Yoast SEO plugin. -->","yoast_head_json":{"title":"Port\u00e1til Gaming Lenovo IdeaPad Gaming 3 15ACH6 82K201SVSP Ryzen 5 5600H\/ 16GB\/ 512GB SSD\/ GeForce RTX 3060\/ 15.6\"\/ Win11 | Tienda PCMADRID","robots":{"index":"index","follow":"follow","max-snippet":"max-snippet:-1","max-image-preview":"max-image-preview:large","max-video-preview":"max-video-preview:-1"},"canonical":"https:\/\/www.pcmadrid.es\/tienda\/producto\/portatil-gaming-lenovo-ideapad-gaming-3-15ach6-82k201svsp-ryzen-5-5600h-16gb-512gb-ssd-geforce-rtx-3060-15-6-win11\/","twitter_misc":{"Tiempo de lectura":"5 minutos"},"schema":{"@context":"https:\/\/schema.org","@graph":[{"@type":"WebPage","@id":"https:\/\/www.pcmadrid.es\/tienda\/producto\/portatil-gaming-lenovo-ideapad-gaming-3-15ach6-82k201svsp-ryzen-5-5600h-16gb-512gb-ssd-geforce-rtx-3060-15-6-win11\/","url":"https:\/\/www.pcmadrid.es\/tienda\/producto\/portatil-gaming-lenovo-ideapad-gaming-3-15ach6-82k201svsp-ryzen-5-5600h-16gb-512gb-ssd-geforce-rtx-3060-15-6-win11\/","name":"Port\u00e1til Gaming Lenovo IdeaPad Gaming 3 15ACH6 82K201SVSP Ryzen 5 5600H\/ 16GB\/ 512GB SSD\/ GeForce RTX 3060\/ 15.6\"\/ Win11 | Tienda PCMADRID","isPartOf":{"@id":"https:\/\/www.pcmadrid.es\/tienda\/#website"},"primaryImageOfPage":{"@id":"https:\/\/www.pcmadrid.es\/tienda\/producto\/portatil-gaming-lenovo-ideapad-gaming-3-15ach6-82k201svsp-ryzen-5-5600h-16gb-512gb-ssd-geforce-rtx-3060-15-6-win11\/#primaryimage"},"image":{"@id":"https:\/\/www.pcmadrid.es\/tienda\/producto\/portatil-gaming-lenovo-ideapad-gaming-3-15ach6-82k201svsp-ryzen-5-5600h-16gb-512gb-ssd-geforce-rtx-3060-15-6-win11\/#primaryimage"},"thumbnailUrl":"https:\/\/i0.wp.com\/www.pcmadrid.es\/tienda\/wp-content\/uploads\/2024\/05\/art_len-p20pro2082k201svsp_1.jpg?fit=448%2C448&ssl=1","datePublished":"2024-05-12T19:20:19+00:00","dateModified":"2025-05-09T08:50:03+00:00","breadcrumb":{"@id":"https:\/\/www.pcmadrid.es\/tienda\/producto\/portatil-gaming-lenovo-ideapad-gaming-3-15ach6-82k201svsp-ryzen-5-5600h-16gb-512gb-ssd-geforce-rtx-3060-15-6-win11\/#breadcrumb"},"inLanguage":"es","potentialAction":[{"@type":"ReadAction","target":["https:\/\/www.pcmadrid.es\/tienda\/producto\/portatil-gaming-lenovo-ideapad-gaming-3-15ach6-82k201svsp-ryzen-5-5600h-16gb-512gb-ssd-geforce-rtx-3060-15-6-win11\/"]}]},{"@type":"ImageObject","inLanguage":"es","@id":"https:\/\/www.pcmadrid.es\/tienda\/producto\/portatil-gaming-lenovo-ideapad-gaming-3-15ach6-82k201svsp-ryzen-5-5600h-16gb-512gb-ssd-geforce-rtx-3060-15-6-win11\/#primaryimage","url":"https:\/\/i0.wp.com\/www.pcmadrid.es\/tienda\/wp-content\/uploads\/2024\/05\/art_len-p20pro2082k201svsp_1.jpg?fit=448%2C448&ssl=1","contentUrl":"https:\/\/i0.wp.com\/www.pcmadrid.es\/tienda\/wp-content\/uploads\/2024\/05\/art_len-p20pro2082k201svsp_1.jpg?fit=448%2C448&ssl=1","width":448,"height":448},{"@type":"BreadcrumbList","@id":"https:\/\/www.pcmadrid.es\/tienda\/producto\/portatil-gaming-lenovo-ideapad-gaming-3-15ach6-82k201svsp-ryzen-5-5600h-16gb-512gb-ssd-geforce-rtx-3060-15-6-win11\/#breadcrumb","itemListElement":[{"@type":"ListItem","position":1,"name":"Portada","item":"https:\/\/www.pcmadrid.es\/tienda\/"},{"@type":"ListItem","position":2,"name":"Todos los productos","item":"https:\/\/www.pcmadrid.es\/tienda\/todos-los-productos\/"},{"@type":"ListItem","position":3,"name":"Port\u00e1til Gaming Lenovo IdeaPad Gaming 3 15ACH6 82K201SVSP Ryzen 5 5600H\/ 16GB\/ 512GB SSD\/ GeForce RTX 3060\/ 15.6&#8243;\/ Win11"}]},{"@type":"WebSite","@id":"https:\/\/www.pcmadrid.es\/tienda\/#website","url":"https:\/\/www.pcmadrid.es\/tienda\/","name":"Tienda PCMADRID","description":"Venta y reparaciones de ordenadores","publisher":{"@id":"https:\/\/www.pcmadrid.es\/tienda\/#organization"},"potentialAction":[{"@type":"SearchAction","target":{"@type":"EntryPoint","urlTemplate":"https:\/\/www.pcmadrid.es\/tienda\/?s={search_term_string}"},"query-input":{"@type":"PropertyValueSpecification","valueRequired":true,"valueName":"search_term_string"}}],"inLanguage":"es"},{"@type":"Organization","@id":"https:\/\/www.pcmadrid.es\/tienda\/#organization","name":"PCMADRID","url":"https:\/\/www.pcmadrid.es\/tienda\/","logo":{"@type":"ImageObject","inLanguage":"es","@id":"https:\/\/www.pcmadrid.es\/tienda\/#\/schema\/logo\/image\/","url":"https:\/\/www.pcmadrid.es\/tienda\/wp-content\/uploads\/2019\/10\/pcmadridlogo..png","contentUrl":"https:\/\/www.pcmadrid.es\/tienda\/wp-content\/uploads\/2019\/10\/pcmadridlogo..png","width":750,"height":300,"caption":"PCMADRID"},"image":{"@id":"https:\/\/www.pcmadrid.es\/tienda\/#\/schema\/logo\/image\/"},"sameAs":["https:\/\/www.facebook.com\/pcmadridinformatica","https:\/\/x.com\/pc_madrid","https:\/\/www.youtube.com\/channel\/UCIbQq9k6BBrU5x2wqDIHr7A","https:\/\/www.instagram.com\/pcmadrid_informatica\/?hl=es","https:\/\/www.linkedin.com\/company\/9348326\/admin\/","https:\/\/www.pinterest.es\/pcmadrid_informatica\/"]}]}},"jetpack_sharing_enabled":true,"_links":{"self":[{"href":"https:\/\/www.pcmadrid.es\/tienda\/wp-json\/wp\/v2\/product\/12662","targetHints":{"allow":["GET"]}}],"collection":[{"href":"https:\/\/www.pcmadrid.es\/tienda\/wp-json\/wp\/v2\/product"}],"about":[{"href":"https:\/\/www.pcmadrid.es\/tienda\/wp-json\/wp\/v2\/types\/product"}],"replies":[{"embeddable":true,"href":"https:\/\/www.pcmadrid.es\/tienda\/wp-json\/wp\/v2\/comments?post=12662"}],"wp:featuredmedia":[{"embeddable":true,"href":"https:\/\/www.pcmadrid.es\/tienda\/wp-json\/wp\/v2\/media\/12522"}],"wp:attachment":[{"href":"https:\/\/www.pcmadrid.es\/tienda\/wp-json\/wp\/v2\/media?parent=12662"}],"wp:term":[{"taxonomy":"product_brand","embeddable":true,"href":"https:\/\/www.pcmadrid.es\/tienda\/wp-json\/wp\/v2\/product_brand?post=12662"},{"taxonomy":"product_cat","embeddable":true,"href":"https:\/\/www.pcmadrid.es\/tienda\/wp-json\/wp\/v2\/product_cat?post=12662"},{"taxonomy":"product_tag","embeddable":true,"href":"https:\/\/www.pcmadrid.es\/tienda\/wp-json\/wp\/v2\/product_tag?post=12662"}],"curies":[{"name":"wp","href":"https:\/\/api.w.org\/{rel}","templated":true}]}}