{"id":12739,"date":"2024-05-14T22:40:46","date_gmt":"2024-05-14T20:40:46","guid":{"rendered":"https:\/\/www.pcmadrid.es\/tienda\/producto\/pc-hp-pro-tower-400-g9-pci-9m8g6at-intel-core-i5-12500-16gb-512gb-ssd-win11-pro\/"},"modified":"2025-06-23T13:58:56","modified_gmt":"2025-06-23T11:58:56","slug":"pc-hp-pro-tower-400-g9-pci-9m8g6at-intel-core-i5-12500-16gb-512gb-ssd-win11-pro","status":"publish","type":"product","link":"https:\/\/www.pcmadrid.es\/tienda\/producto\/pc-hp-pro-tower-400-g9-pci-9m8g6at-intel-core-i5-12500-16gb-512gb-ssd-win11-pro\/","title":{"rendered":"PC HP Pro Tower 400 G9 PCI 9M8G6AT Intel Core i5-12500\/ 16GB\/ 512GB SSD\/ Win11 Pro"},"content":{"rendered":"<p>&#8221;<\/p>\n<h2>Ordenador de sobremesa HP Pro Tower 400 G9 PCI<\/h2>\n<p>El HP Pro Tower 400 brinda a los usuarios rendimiento de nivel<br \/>\ncomercial, seguridad y escalabilidad para las empresas en crecimiento.<br \/>\nEste PC est\u00e1 equipado con el procesador Intel\u00ae m\u00e1s reciente y protegido<br \/>\ncon una seguridad permanentemente activa en la que puedes confiar.<\/p>\n<h2>Procesador Intel\u00ae Core\u2122<\/h2>\n<p>Mant\u00e9n tu nivel de productividad a lo largo de todo el d\u00eda con el HP Pro<br \/>\nTower 400, equipado con el procesador Intel\u00ae Core\u2122 m\u00e1s reciente.<\/p>\n<h2>Admite hasta 3 monitores<\/h2>\n<p>Aumenta la productividad y aborda una amplia gama de flujos de trabajo con puertos de v\u00eddeo que admiten hasta tres monitores.<\/p>\n<h2>Protegido por HP Wolf Security<\/h2>\n<p>HP Wolf Security for Business crea una defensa siempre activa mediante hardware resiliente.<\/p>\n<h2>Protege nuestro futuro compartido<\/h2>\n<p>La fuente de alimentaci\u00f3n de gran eficiencia y el embalaje de celulosa moldeada permiten reducir el impacto medioambiental.<\/p>\n<ul>\n<li><b>Especificaciones<\/b><\/li>\n<li>Almacenamiento interno: SSD PCIe\u00ae NVMe\u2122 de 512 GB<\/li>\n<li>Bah\u00edas de unidades internas: Dos HDD de 3,5 pulgadas<\/li>\n<li>Cach\u00e9 del procesador: 18 MB L3<\/li>\n<li>Caracter\u00edsticas de gesti\u00f3n: Cat\u00e1logo de clientes de HP (descarga);<br \/>\nPaquetes de controladores HP (descarga); HP Cloud Recovery; HP Image<br \/>\nAssistant Gen 5 (descarga); Biblioteca de secuencias de comandos de<br \/>\ngesti\u00f3n de clientes de HP (descarga); HP Manageability Integration Kit<br \/>\n(descarga); HP Patch Assistant (descarga); HP Connect<\/li>\n<li>Conjunto de chips: Intel\u00ae Q670<\/li>\n<li>Dise\u00f1o de la memoria (ranuras y tama\u00f1o): 1 x 16 GB<\/li>\n<li>Factor de forma: Torre<\/li>\n<li>Familia de procesadores: Procesador Intel\u00ae Core\u2122 i5 de 12. \u00aa generaci\u00f3n<\/li>\n<li>Gesti\u00f3n de la seguridad: Trusted Platform Module TPM 2.0 Embedded<br \/>\nSecurity Chip shipped with Windows 10 (Common Criteria EAL4+<br \/>\nCertified)(FIPS 140-2 Level 2 Certified); HP Secure Erase; HP Sure<br \/>\nClick; Absolute Persistence module; HP Sure Admin; HP Tamper Lock; HP<br \/>\nSure Start Gen7; HP Sure Sense2; HP Platform Certificate On Device<br \/>\nInstallation<\/li>\n<li>Gr\u00e1ficos: Integrada<\/li>\n<li>Gr\u00e1ficos (integrados): Gr\u00e1ficos Intel\u00ae UHD 770<\/li>\n<li>Memoria: RAM DDR4-3200 MHz no ECC de 16 GB (1 x 16 GB)<\/li>\n<li>Memoria y almacenamiento: 16 GB memory; 512 GB SSD storage<\/li>\n<li>Nota sobre la memoria est\u00e1ndar: Velocidades de transferencia de hasta 3200 MT\/s.<\/li>\n<li>Nota sobre las ranuras de expansi\u00f3n: 1 ranura M.2 2230 para WLAN y 1 ranura M.2 2280 para almacenamiento.<\/li>\n<li>N\u00facleo del procesador: 6<\/li>\n<li>Procesador: Intel\u00ae Core\u2122 i5-12500 (hasta 4,6 GHz con tecnolog\u00eda<br \/>\nIntel\u00ae Turbo Boost, 18 MB de cach\u00e9 L3, 6 n\u00facleos, 12 subprocesos)<\/li>\n<li>Puertos: 1 salida de audio; 1 conector de alimentaci\u00f3n; 1 RJ-45; 1<br \/>\nHDMI 1.4; 3 SuperSpeed USB Type-A con velocidad de se\u00f1al de 5 Gbps; 1<br \/>\nDisplayPort\u2122 1,4; 2 USB Type-A con velocidad de se\u00f1al de 480 Mbps<\/li>\n<li>Rango de humedades operativas: HR de 10 a 90%<\/li>\n<li>Rango de temperaturas operativas: De 10 a 35 \u00b0C<\/li>\n<li>Ranuras de expansi\u00f3n: 1 M.2 2230; 1 M.2 2280; 1 PCIe x1; 1 PCI; 1 PCIe 4 x16<\/li>\n<li>Ranuras de memoria: 2 DIMM<\/li>\n<li>Sistema operativo: Windows 11 Pro<\/li>\n<li>Software disponible: Soporte HP Smart<\/li>\n<li>Software incluido: Notificaciones HP; UEFI de diagn\u00f3stico de<br \/>\nhardware de ordenador de HP; HP Support Assistant; HP Connection<br \/>\nOptimizer; Configuraci\u00f3n de privacidad de HP; Utilidades de asistencia<br \/>\nt\u00e9cnica para ordenadores de sobremesa HP; HP Easy Clean; Experiencia de<br \/>\nconfiguraci\u00f3n r\u00e1pida integrada de HP; Comprar Microsoft Office (se vende<br \/>\npor separado); HP Services Scan; HPX para CMIT<\/li>\n<li>Sonido: C\u00f3dec Realtek ALC3252, conector de audio universal con soporte para auriculares CTIA y OMTP<\/li>\n<li>Teclado: Teclado de sobremesa con cable HP 320K<\/li>\n<li>Tipo de almacenamiento: SSD<\/li>\n<li>Ubicaci\u00f3n del puerto de E\/S: Parte trasera<\/li>\n<\/ul>\n<p>&#8220;<\/p>\n","protected":false},"excerpt":{"rendered":"<p>Pc hp pro tower 400 g9 pci 9m8g6at intel core i5-12500\/ 16gb\/ 512gb ssd\/ win11 pro<\/p>\n","protected":false},"featured_media":12738,"comment_status":"open","ping_status":"closed","template":"","meta":{"_et_pb_use_builder":"","_et_pb_old_content":"","_et_gb_content_width":""},"product_brand":[],"product_cat":[102,379,94,65],"product_tag":[],"class_list":{"0":"post-12739","1":"product","2":"type-product","3":"status-publish","4":"has-post-thumbnail","6":"product_cat-comprar-ordenadores","7":"product_cat-pc-oficina","8":"product_cat-pc-sobremesa","9":"product_cat-todos","11":"first","12":"instock","13":"taxable","14":"shipping-taxable","15":"purchasable","16":"product-type-simple"},"yoast_head":"<!-- This site is optimized with the Yoast SEO plugin v26.5 - https:\/\/yoast.com\/wordpress\/plugins\/seo\/ -->\n<title>PC HP Pro Tower 400 G9 PCI 9M8G6AT Intel Core i5-12500\/ 16GB\/ 512GB SSD\/ Win11 Pro | Tienda PCMADRID<\/title>\n<meta name=\"robots\" content=\"index, follow, max-snippet:-1, max-image-preview:large, max-video-preview:-1\" \/>\n<link rel=\"canonical\" href=\"https:\/\/www.pcmadrid.es\/tienda\/producto\/pc-hp-pro-tower-400-g9-pci-9m8g6at-intel-core-i5-12500-16gb-512gb-ssd-win11-pro\/\" \/>\n<meta name=\"twitter:label1\" content=\"Tiempo de lectura\" \/>\n\t<meta name=\"twitter:data1\" content=\"3 minutos\" \/>\n<script type=\"application\/ld+json\" class=\"yoast-schema-graph\">{\"@context\":\"https:\/\/schema.org\",\"@graph\":[{\"@type\":\"WebPage\",\"@id\":\"https:\/\/www.pcmadrid.es\/tienda\/producto\/pc-hp-pro-tower-400-g9-pci-9m8g6at-intel-core-i5-12500-16gb-512gb-ssd-win11-pro\/\",\"url\":\"https:\/\/www.pcmadrid.es\/tienda\/producto\/pc-hp-pro-tower-400-g9-pci-9m8g6at-intel-core-i5-12500-16gb-512gb-ssd-win11-pro\/\",\"name\":\"PC HP Pro Tower 400 G9 PCI 9M8G6AT Intel Core i5-12500\/ 16GB\/ 512GB SSD\/ Win11 Pro | Tienda PCMADRID\",\"isPartOf\":{\"@id\":\"https:\/\/www.pcmadrid.es\/tienda\/#website\"},\"primaryImageOfPage\":{\"@id\":\"https:\/\/www.pcmadrid.es\/tienda\/producto\/pc-hp-pro-tower-400-g9-pci-9m8g6at-intel-core-i5-12500-16gb-512gb-ssd-win11-pro\/#primaryimage\"},\"image\":{\"@id\":\"https:\/\/www.pcmadrid.es\/tienda\/producto\/pc-hp-pro-tower-400-g9-pci-9m8g6at-intel-core-i5-12500-16gb-512gb-ssd-win11-pro\/#primaryimage\"},\"thumbnailUrl\":\"https:\/\/i0.wp.com\/www.pcmadrid.es\/tienda\/wp-content\/uploads\/2024\/05\/art_hpd-pro209m8g6at_1.jpg?fit=448%2C448&ssl=1\",\"datePublished\":\"2024-05-14T20:40:46+00:00\",\"dateModified\":\"2025-06-23T11:58:56+00:00\",\"breadcrumb\":{\"@id\":\"https:\/\/www.pcmadrid.es\/tienda\/producto\/pc-hp-pro-tower-400-g9-pci-9m8g6at-intel-core-i5-12500-16gb-512gb-ssd-win11-pro\/#breadcrumb\"},\"inLanguage\":\"es\",\"potentialAction\":[{\"@type\":\"ReadAction\",\"target\":[\"https:\/\/www.pcmadrid.es\/tienda\/producto\/pc-hp-pro-tower-400-g9-pci-9m8g6at-intel-core-i5-12500-16gb-512gb-ssd-win11-pro\/\"]}]},{\"@type\":\"ImageObject\",\"inLanguage\":\"es\",\"@id\":\"https:\/\/www.pcmadrid.es\/tienda\/producto\/pc-hp-pro-tower-400-g9-pci-9m8g6at-intel-core-i5-12500-16gb-512gb-ssd-win11-pro\/#primaryimage\",\"url\":\"https:\/\/i0.wp.com\/www.pcmadrid.es\/tienda\/wp-content\/uploads\/2024\/05\/art_hpd-pro209m8g6at_1.jpg?fit=448%2C448&ssl=1\",\"contentUrl\":\"https:\/\/i0.wp.com\/www.pcmadrid.es\/tienda\/wp-content\/uploads\/2024\/05\/art_hpd-pro209m8g6at_1.jpg?fit=448%2C448&ssl=1\",\"width\":448,\"height\":448},{\"@type\":\"BreadcrumbList\",\"@id\":\"https:\/\/www.pcmadrid.es\/tienda\/producto\/pc-hp-pro-tower-400-g9-pci-9m8g6at-intel-core-i5-12500-16gb-512gb-ssd-win11-pro\/#breadcrumb\",\"itemListElement\":[{\"@type\":\"ListItem\",\"position\":1,\"name\":\"Portada\",\"item\":\"https:\/\/www.pcmadrid.es\/tienda\/\"},{\"@type\":\"ListItem\",\"position\":2,\"name\":\"Todos los productos\",\"item\":\"https:\/\/www.pcmadrid.es\/tienda\/todos-los-productos\/\"},{\"@type\":\"ListItem\",\"position\":3,\"name\":\"PC HP Pro Tower 400 G9 PCI 9M8G6AT Intel Core i5-12500\/ 16GB\/ 512GB SSD\/ Win11 Pro\"}]},{\"@type\":\"WebSite\",\"@id\":\"https:\/\/www.pcmadrid.es\/tienda\/#website\",\"url\":\"https:\/\/www.pcmadrid.es\/tienda\/\",\"name\":\"Tienda PCMADRID\",\"description\":\"Venta y reparaciones de ordenadores\",\"publisher\":{\"@id\":\"https:\/\/www.pcmadrid.es\/tienda\/#organization\"},\"potentialAction\":[{\"@type\":\"SearchAction\",\"target\":{\"@type\":\"EntryPoint\",\"urlTemplate\":\"https:\/\/www.pcmadrid.es\/tienda\/?s={search_term_string}\"},\"query-input\":{\"@type\":\"PropertyValueSpecification\",\"valueRequired\":true,\"valueName\":\"search_term_string\"}}],\"inLanguage\":\"es\"},{\"@type\":\"Organization\",\"@id\":\"https:\/\/www.pcmadrid.es\/tienda\/#organization\",\"name\":\"PCMADRID\",\"url\":\"https:\/\/www.pcmadrid.es\/tienda\/\",\"logo\":{\"@type\":\"ImageObject\",\"inLanguage\":\"es\",\"@id\":\"https:\/\/www.pcmadrid.es\/tienda\/#\/schema\/logo\/image\/\",\"url\":\"https:\/\/i0.wp.com\/www.pcmadrid.es\/tienda\/wp-content\/uploads\/2019\/10\/pcmadridlogo..png?fit=750%2C300&ssl=1\",\"contentUrl\":\"https:\/\/i0.wp.com\/www.pcmadrid.es\/tienda\/wp-content\/uploads\/2019\/10\/pcmadridlogo..png?fit=750%2C300&ssl=1\",\"width\":750,\"height\":300,\"caption\":\"PCMADRID\"},\"image\":{\"@id\":\"https:\/\/www.pcmadrid.es\/tienda\/#\/schema\/logo\/image\/\"},\"sameAs\":[\"https:\/\/www.facebook.com\/pcmadridinformatica\",\"https:\/\/x.com\/pc_madrid\",\"https:\/\/www.youtube.com\/channel\/UCIbQq9k6BBrU5x2wqDIHr7A\",\"https:\/\/www.instagram.com\/pcmadrid_informatica\/?hl=es\",\"https:\/\/www.linkedin.com\/company\/9348326\/admin\/\",\"https:\/\/www.pinterest.es\/pcmadrid_informatica\/\"]}]}<\/script>\n<!-- \/ Yoast SEO plugin. -->","yoast_head_json":{"title":"PC HP Pro Tower 400 G9 PCI 9M8G6AT Intel Core i5-12500\/ 16GB\/ 512GB SSD\/ Win11 Pro | Tienda PCMADRID","robots":{"index":"index","follow":"follow","max-snippet":"max-snippet:-1","max-image-preview":"max-image-preview:large","max-video-preview":"max-video-preview:-1"},"canonical":"https:\/\/www.pcmadrid.es\/tienda\/producto\/pc-hp-pro-tower-400-g9-pci-9m8g6at-intel-core-i5-12500-16gb-512gb-ssd-win11-pro\/","twitter_misc":{"Tiempo de lectura":"3 minutos"},"schema":{"@context":"https:\/\/schema.org","@graph":[{"@type":"WebPage","@id":"https:\/\/www.pcmadrid.es\/tienda\/producto\/pc-hp-pro-tower-400-g9-pci-9m8g6at-intel-core-i5-12500-16gb-512gb-ssd-win11-pro\/","url":"https:\/\/www.pcmadrid.es\/tienda\/producto\/pc-hp-pro-tower-400-g9-pci-9m8g6at-intel-core-i5-12500-16gb-512gb-ssd-win11-pro\/","name":"PC HP Pro Tower 400 G9 PCI 9M8G6AT Intel Core i5-12500\/ 16GB\/ 512GB SSD\/ Win11 Pro | Tienda PCMADRID","isPartOf":{"@id":"https:\/\/www.pcmadrid.es\/tienda\/#website"},"primaryImageOfPage":{"@id":"https:\/\/www.pcmadrid.es\/tienda\/producto\/pc-hp-pro-tower-400-g9-pci-9m8g6at-intel-core-i5-12500-16gb-512gb-ssd-win11-pro\/#primaryimage"},"image":{"@id":"https:\/\/www.pcmadrid.es\/tienda\/producto\/pc-hp-pro-tower-400-g9-pci-9m8g6at-intel-core-i5-12500-16gb-512gb-ssd-win11-pro\/#primaryimage"},"thumbnailUrl":"https:\/\/i0.wp.com\/www.pcmadrid.es\/tienda\/wp-content\/uploads\/2024\/05\/art_hpd-pro209m8g6at_1.jpg?fit=448%2C448&ssl=1","datePublished":"2024-05-14T20:40:46+00:00","dateModified":"2025-06-23T11:58:56+00:00","breadcrumb":{"@id":"https:\/\/www.pcmadrid.es\/tienda\/producto\/pc-hp-pro-tower-400-g9-pci-9m8g6at-intel-core-i5-12500-16gb-512gb-ssd-win11-pro\/#breadcrumb"},"inLanguage":"es","potentialAction":[{"@type":"ReadAction","target":["https:\/\/www.pcmadrid.es\/tienda\/producto\/pc-hp-pro-tower-400-g9-pci-9m8g6at-intel-core-i5-12500-16gb-512gb-ssd-win11-pro\/"]}]},{"@type":"ImageObject","inLanguage":"es","@id":"https:\/\/www.pcmadrid.es\/tienda\/producto\/pc-hp-pro-tower-400-g9-pci-9m8g6at-intel-core-i5-12500-16gb-512gb-ssd-win11-pro\/#primaryimage","url":"https:\/\/i0.wp.com\/www.pcmadrid.es\/tienda\/wp-content\/uploads\/2024\/05\/art_hpd-pro209m8g6at_1.jpg?fit=448%2C448&ssl=1","contentUrl":"https:\/\/i0.wp.com\/www.pcmadrid.es\/tienda\/wp-content\/uploads\/2024\/05\/art_hpd-pro209m8g6at_1.jpg?fit=448%2C448&ssl=1","width":448,"height":448},{"@type":"BreadcrumbList","@id":"https:\/\/www.pcmadrid.es\/tienda\/producto\/pc-hp-pro-tower-400-g9-pci-9m8g6at-intel-core-i5-12500-16gb-512gb-ssd-win11-pro\/#breadcrumb","itemListElement":[{"@type":"ListItem","position":1,"name":"Portada","item":"https:\/\/www.pcmadrid.es\/tienda\/"},{"@type":"ListItem","position":2,"name":"Todos los productos","item":"https:\/\/www.pcmadrid.es\/tienda\/todos-los-productos\/"},{"@type":"ListItem","position":3,"name":"PC HP Pro Tower 400 G9 PCI 9M8G6AT Intel Core i5-12500\/ 16GB\/ 512GB SSD\/ Win11 Pro"}]},{"@type":"WebSite","@id":"https:\/\/www.pcmadrid.es\/tienda\/#website","url":"https:\/\/www.pcmadrid.es\/tienda\/","name":"Tienda PCMADRID","description":"Venta y reparaciones de ordenadores","publisher":{"@id":"https:\/\/www.pcmadrid.es\/tienda\/#organization"},"potentialAction":[{"@type":"SearchAction","target":{"@type":"EntryPoint","urlTemplate":"https:\/\/www.pcmadrid.es\/tienda\/?s={search_term_string}"},"query-input":{"@type":"PropertyValueSpecification","valueRequired":true,"valueName":"search_term_string"}}],"inLanguage":"es"},{"@type":"Organization","@id":"https:\/\/www.pcmadrid.es\/tienda\/#organization","name":"PCMADRID","url":"https:\/\/www.pcmadrid.es\/tienda\/","logo":{"@type":"ImageObject","inLanguage":"es","@id":"https:\/\/www.pcmadrid.es\/tienda\/#\/schema\/logo\/image\/","url":"https:\/\/i0.wp.com\/www.pcmadrid.es\/tienda\/wp-content\/uploads\/2019\/10\/pcmadridlogo..png?fit=750%2C300&ssl=1","contentUrl":"https:\/\/i0.wp.com\/www.pcmadrid.es\/tienda\/wp-content\/uploads\/2019\/10\/pcmadridlogo..png?fit=750%2C300&ssl=1","width":750,"height":300,"caption":"PCMADRID"},"image":{"@id":"https:\/\/www.pcmadrid.es\/tienda\/#\/schema\/logo\/image\/"},"sameAs":["https:\/\/www.facebook.com\/pcmadridinformatica","https:\/\/x.com\/pc_madrid","https:\/\/www.youtube.com\/channel\/UCIbQq9k6BBrU5x2wqDIHr7A","https:\/\/www.instagram.com\/pcmadrid_informatica\/?hl=es","https:\/\/www.linkedin.com\/company\/9348326\/admin\/","https:\/\/www.pinterest.es\/pcmadrid_informatica\/"]}]}},"jetpack_sharing_enabled":true,"_links":{"self":[{"href":"https:\/\/www.pcmadrid.es\/tienda\/wp-json\/wp\/v2\/product\/12739","targetHints":{"allow":["GET"]}}],"collection":[{"href":"https:\/\/www.pcmadrid.es\/tienda\/wp-json\/wp\/v2\/product"}],"about":[{"href":"https:\/\/www.pcmadrid.es\/tienda\/wp-json\/wp\/v2\/types\/product"}],"replies":[{"embeddable":true,"href":"https:\/\/www.pcmadrid.es\/tienda\/wp-json\/wp\/v2\/comments?post=12739"}],"wp:featuredmedia":[{"embeddable":true,"href":"https:\/\/www.pcmadrid.es\/tienda\/wp-json\/wp\/v2\/media\/12738"}],"wp:attachment":[{"href":"https:\/\/www.pcmadrid.es\/tienda\/wp-json\/wp\/v2\/media?parent=12739"}],"wp:term":[{"taxonomy":"product_brand","embeddable":true,"href":"https:\/\/www.pcmadrid.es\/tienda\/wp-json\/wp\/v2\/product_brand?post=12739"},{"taxonomy":"product_cat","embeddable":true,"href":"https:\/\/www.pcmadrid.es\/tienda\/wp-json\/wp\/v2\/product_cat?post=12739"},{"taxonomy":"product_tag","embeddable":true,"href":"https:\/\/www.pcmadrid.es\/tienda\/wp-json\/wp\/v2\/product_tag?post=12739"}],"curies":[{"name":"wp","href":"https:\/\/api.w.org\/{rel}","templated":true}]}}