{"id":12743,"date":"2024-05-14T22:40:48","date_gmt":"2024-05-14T20:40:48","guid":{"rendered":"https:\/\/www.pcmadrid.es\/tienda\/producto\/pc-hp-pro-tower-400-g9-pci-628r6et-intel-core-i5-13500-16gb-512gb-ssd-win11-pro\/"},"modified":"2025-05-09T10:50:09","modified_gmt":"2025-05-09T08:50:09","slug":"pc-hp-pro-tower-400-g9-pci-628r6et-intel-core-i5-13500-16gb-512gb-ssd-win11-pro","status":"publish","type":"product","link":"https:\/\/www.pcmadrid.es\/tienda\/producto\/pc-hp-pro-tower-400-g9-pci-628r6et-intel-core-i5-13500-16gb-512gb-ssd-win11-pro\/","title":{"rendered":"PC HP Pro Tower 400 G9 PCI 628R6ET Intel Core i5-13500\/ 16GB\/ 512GB SSD\/ Win11 Pro"},"content":{"rendered":"<p>&#8221;<\/p>\n<h2>Ordenador de sobremesa HP Pro Tower 400 G9 PCI<\/h2>\n<p>El HP Pro Tower 400 brinda a los usuarios rendimiento de nivel comercial, seguridad y escalabilidad para las empresas en crecimiento. Este PC est\u00e1 equipado con el procesador Intel\u00ae m\u00e1s reciente y protegido con una seguridad permanentemente activa en la que puedes confiar.<\/p>\n<h2>Procesador Intel\u00ae Core<\/h2>\n<p>Mant\u00e9n tu nivel de productividad a lo largo de todo el d\u00eda con el HP Pro Tower 400, equipado con el procesador Intel\u00ae Core\u2122 m\u00e1s reciente.<\/p>\n<h2>Admite hasta 3 monitores<\/h2>\n<p>Aumenta la productividad y aborda una amplia gama de flujos de trabajo con unos puertos de v\u00eddeo que admiten hasta tres monitores.<\/p>\n<h2>Protegido por HP Wolf Security<\/h2>\n<p>HP Wolf Security for Business crea una defensa siempre activa mediante hardware resiliente<\/p>\n<h2>Protege nuestro futuro compartido<\/h2>\n<p>La fuente de alimentaci\u00f3n de gran eficiencia y el embalaje de celulosa moldeada permiten reducir el impacto medioambiental.<\/p>\n<p>&nbsp;<\/p>\n<h2>Especificaciones<\/h2>\n<ul>\n<li><b>Almacenamiento interno\u00a0SSD<\/b> PCIe\u00ae NVMe de 512 GB<\/li>\n<li><b>Procesador<\/b>\u00a0Intel\u00ae Core\u2122 i5-13500 (hasta 4,8 GHz con tecnolog\u00eda Intel\u00ae Turbo Boost, 24 MB de cach\u00e9 L3, 14 n\u00facleos, 20 subprocesos)<\/li>\n<li>Bah\u00edas de unidades internas Dos HDD de 3,5 pulgadas<\/li>\n<li><b>Memoria RAM<\/b>\u00a0DDR4-3200 MHz no ECC de 16 GB (1 x 16 GB)<\/li>\n<li>Cach\u00e9 del procesador 24 MB L3<\/li>\n<li><b>Gr\u00e1ficos<\/b>\u00a0Intel\u00ae UHD 770<\/li>\n<li><b>Sistema operativo<\/b>\u00a0Windows 11 Pro<\/li>\n<li>Conjunto de chips Intel Q670<\/li>\n<li><b>Factor de forma<\/b> Torre<\/li>\n<li>N\u00facleo del procesador 14<\/li>\n<li><b>Puertos\u00a0<\/b>\n<ul>\n<li>1 salida de audio;<\/li>\n<li>1 conector de alimentaci\u00f3n;<\/li>\n<li>1 RJ-45;<\/li>\n<li>1 HDMI 1.4;<\/li>\n<li>3 SuperSpeed USB Type-A con velocidad de se\u00f1al de 5 Gbps;<\/li>\n<li>1 DisplayPort\u2122 1,4;<\/li>\n<li>2 USB Type-A con velocidad de se\u00f1al de 480 Mbps<\/li>\n<\/ul>\n<\/li>\n<li><b>Ranuras de expansi\u00f3n<\/b>\u00a01 M.2 2230; 1 M.2 2280; 1 PCIe x1; 1 PCI; 1 PCIe 4 x16<\/li>\n<li>Ranuras de memoria 2 DIMM<\/li>\n<li>Software disponible Soporte HP Smart<\/li>\n<li><b>Software incluido<\/b>\u00a0Notificaciones HP; UEFI de diagn\u00f3stico de hardware de ordenador de HP; HP Support Assistant; HP Connection Optimizer; Configuraci\u00f3n de privacidad de HP; Utilidades de asistencia t\u00e9cnica para ordenadores de sobremesa HP; HP Easy Clean; Experiencia de configuraci\u00f3n r\u00e1pida integrada de HP; Comprar Microsoft Office (se vende por separado); HP Services Scan; HPX para CMIT<\/li>\n<li><b>Sonido<\/b>\u00a0C\u00f3dec Realtek ALC3252, conector de audio universal con soporte para auriculares CTIA y OMTP<\/li>\n<li><b>Teclado<\/b>\u00a0Teclado de sobremesa con cable HP 320K<\/li>\n<\/ul>\n<p>&nbsp;<\/p>\n<p>&#8220;<\/p>\n","protected":false},"excerpt":{"rendered":"<p>Pc hp pro tower 400 g9 pci 628r6et intel core i5-13500\/ 16gb\/ 512gb ssd\/ win11 pro<\/p>\n","protected":false},"featured_media":12742,"comment_status":"open","ping_status":"closed","template":"","meta":{"_et_pb_use_builder":"","_et_pb_old_content":"","_et_gb_content_width":""},"product_brand":[],"product_cat":[102,379,94,65],"product_tag":[],"class_list":{"0":"post-12743","1":"product","2":"type-product","3":"status-publish","4":"has-post-thumbnail","6":"product_cat-comprar-ordenadores","7":"product_cat-pc-oficina","8":"product_cat-pc-sobremesa","9":"product_cat-todos","11":"first","12":"outofstock","13":"taxable","14":"shipping-taxable","15":"purchasable","16":"product-type-simple"},"yoast_head":"<!-- This site is optimized with the Yoast SEO plugin v27.5 - https:\/\/yoast.com\/product\/yoast-seo-wordpress\/ -->\n<title>PC HP Pro Tower 400 G9 PCI 628R6ET Intel Core i5-13500\/ 16GB\/ 512GB SSD\/ Win11 Pro | Tienda PCMADRID<\/title>\n<meta name=\"robots\" content=\"index, follow, max-snippet:-1, max-image-preview:large, max-video-preview:-1\" \/>\n<link rel=\"canonical\" href=\"https:\/\/www.pcmadrid.es\/tienda\/producto\/pc-hp-pro-tower-400-g9-pci-628r6et-intel-core-i5-13500-16gb-512gb-ssd-win11-pro\/\" \/>\n<meta name=\"twitter:label1\" content=\"Tiempo de lectura\" \/>\n\t<meta name=\"twitter:data1\" content=\"2 minutos\" \/>\n<script type=\"application\/ld+json\" class=\"yoast-schema-graph\">{\"@context\":\"https:\\\/\\\/schema.org\",\"@graph\":[{\"@type\":\"WebPage\",\"@id\":\"https:\\\/\\\/www.pcmadrid.es\\\/tienda\\\/producto\\\/pc-hp-pro-tower-400-g9-pci-628r6et-intel-core-i5-13500-16gb-512gb-ssd-win11-pro\\\/\",\"url\":\"https:\\\/\\\/www.pcmadrid.es\\\/tienda\\\/producto\\\/pc-hp-pro-tower-400-g9-pci-628r6et-intel-core-i5-13500-16gb-512gb-ssd-win11-pro\\\/\",\"name\":\"PC HP Pro Tower 400 G9 PCI 628R6ET Intel Core i5-13500\\\/ 16GB\\\/ 512GB SSD\\\/ Win11 Pro | Tienda PCMADRID\",\"isPartOf\":{\"@id\":\"https:\\\/\\\/www.pcmadrid.es\\\/tienda\\\/#website\"},\"primaryImageOfPage\":{\"@id\":\"https:\\\/\\\/www.pcmadrid.es\\\/tienda\\\/producto\\\/pc-hp-pro-tower-400-g9-pci-628r6et-intel-core-i5-13500-16gb-512gb-ssd-win11-pro\\\/#primaryimage\"},\"image\":{\"@id\":\"https:\\\/\\\/www.pcmadrid.es\\\/tienda\\\/producto\\\/pc-hp-pro-tower-400-g9-pci-628r6et-intel-core-i5-13500-16gb-512gb-ssd-win11-pro\\\/#primaryimage\"},\"thumbnailUrl\":\"https:\\\/\\\/i0.wp.com\\\/www.pcmadrid.es\\\/tienda\\\/wp-content\\\/uploads\\\/2024\\\/05\\\/art_hpd-pro20tower20628r6et_1.jpg?fit=448%2C448&ssl=1\",\"datePublished\":\"2024-05-14T20:40:48+00:00\",\"dateModified\":\"2025-05-09T08:50:09+00:00\",\"breadcrumb\":{\"@id\":\"https:\\\/\\\/www.pcmadrid.es\\\/tienda\\\/producto\\\/pc-hp-pro-tower-400-g9-pci-628r6et-intel-core-i5-13500-16gb-512gb-ssd-win11-pro\\\/#breadcrumb\"},\"inLanguage\":\"es\",\"potentialAction\":[{\"@type\":\"ReadAction\",\"target\":[\"https:\\\/\\\/www.pcmadrid.es\\\/tienda\\\/producto\\\/pc-hp-pro-tower-400-g9-pci-628r6et-intel-core-i5-13500-16gb-512gb-ssd-win11-pro\\\/\"]}]},{\"@type\":\"ImageObject\",\"inLanguage\":\"es\",\"@id\":\"https:\\\/\\\/www.pcmadrid.es\\\/tienda\\\/producto\\\/pc-hp-pro-tower-400-g9-pci-628r6et-intel-core-i5-13500-16gb-512gb-ssd-win11-pro\\\/#primaryimage\",\"url\":\"https:\\\/\\\/i0.wp.com\\\/www.pcmadrid.es\\\/tienda\\\/wp-content\\\/uploads\\\/2024\\\/05\\\/art_hpd-pro20tower20628r6et_1.jpg?fit=448%2C448&ssl=1\",\"contentUrl\":\"https:\\\/\\\/i0.wp.com\\\/www.pcmadrid.es\\\/tienda\\\/wp-content\\\/uploads\\\/2024\\\/05\\\/art_hpd-pro20tower20628r6et_1.jpg?fit=448%2C448&ssl=1\",\"width\":448,\"height\":448},{\"@type\":\"BreadcrumbList\",\"@id\":\"https:\\\/\\\/www.pcmadrid.es\\\/tienda\\\/producto\\\/pc-hp-pro-tower-400-g9-pci-628r6et-intel-core-i5-13500-16gb-512gb-ssd-win11-pro\\\/#breadcrumb\",\"itemListElement\":[{\"@type\":\"ListItem\",\"position\":1,\"name\":\"Portada\",\"item\":\"https:\\\/\\\/www.pcmadrid.es\\\/tienda\\\/\"},{\"@type\":\"ListItem\",\"position\":2,\"name\":\"Todos los productos\",\"item\":\"https:\\\/\\\/www.pcmadrid.es\\\/tienda\\\/todos-los-productos\\\/\"},{\"@type\":\"ListItem\",\"position\":3,\"name\":\"PC HP Pro Tower 400 G9 PCI 628R6ET Intel Core i5-13500\\\/ 16GB\\\/ 512GB SSD\\\/ Win11 Pro\"}]},{\"@type\":\"WebSite\",\"@id\":\"https:\\\/\\\/www.pcmadrid.es\\\/tienda\\\/#website\",\"url\":\"https:\\\/\\\/www.pcmadrid.es\\\/tienda\\\/\",\"name\":\"Tienda PCMADRID\",\"description\":\"Venta y reparaciones de ordenadores\",\"publisher\":{\"@id\":\"https:\\\/\\\/www.pcmadrid.es\\\/tienda\\\/#organization\"},\"potentialAction\":[{\"@type\":\"SearchAction\",\"target\":{\"@type\":\"EntryPoint\",\"urlTemplate\":\"https:\\\/\\\/www.pcmadrid.es\\\/tienda\\\/?s={search_term_string}\"},\"query-input\":{\"@type\":\"PropertyValueSpecification\",\"valueRequired\":true,\"valueName\":\"search_term_string\"}}],\"inLanguage\":\"es\"},{\"@type\":\"Organization\",\"@id\":\"https:\\\/\\\/www.pcmadrid.es\\\/tienda\\\/#organization\",\"name\":\"PCMADRID\",\"url\":\"https:\\\/\\\/www.pcmadrid.es\\\/tienda\\\/\",\"logo\":{\"@type\":\"ImageObject\",\"inLanguage\":\"es\",\"@id\":\"https:\\\/\\\/www.pcmadrid.es\\\/tienda\\\/#\\\/schema\\\/logo\\\/image\\\/\",\"url\":\"https:\\\/\\\/www.pcmadrid.es\\\/tienda\\\/wp-content\\\/uploads\\\/2019\\\/10\\\/pcmadridlogo..png\",\"contentUrl\":\"https:\\\/\\\/www.pcmadrid.es\\\/tienda\\\/wp-content\\\/uploads\\\/2019\\\/10\\\/pcmadridlogo..png\",\"width\":750,\"height\":300,\"caption\":\"PCMADRID\"},\"image\":{\"@id\":\"https:\\\/\\\/www.pcmadrid.es\\\/tienda\\\/#\\\/schema\\\/logo\\\/image\\\/\"},\"sameAs\":[\"https:\\\/\\\/www.facebook.com\\\/pcmadridinformatica\",\"https:\\\/\\\/x.com\\\/pc_madrid\",\"https:\\\/\\\/www.youtube.com\\\/channel\\\/UCIbQq9k6BBrU5x2wqDIHr7A\",\"https:\\\/\\\/www.instagram.com\\\/pcmadrid_informatica\\\/?hl=es\",\"https:\\\/\\\/www.linkedin.com\\\/company\\\/9348326\\\/admin\\\/\",\"https:\\\/\\\/www.pinterest.es\\\/pcmadrid_informatica\\\/\"]}]}<\/script>\n<!-- \/ Yoast SEO plugin. -->","yoast_head_json":{"title":"PC HP Pro Tower 400 G9 PCI 628R6ET Intel Core i5-13500\/ 16GB\/ 512GB SSD\/ Win11 Pro | Tienda PCMADRID","robots":{"index":"index","follow":"follow","max-snippet":"max-snippet:-1","max-image-preview":"max-image-preview:large","max-video-preview":"max-video-preview:-1"},"canonical":"https:\/\/www.pcmadrid.es\/tienda\/producto\/pc-hp-pro-tower-400-g9-pci-628r6et-intel-core-i5-13500-16gb-512gb-ssd-win11-pro\/","twitter_misc":{"Tiempo de lectura":"2 minutos"},"schema":{"@context":"https:\/\/schema.org","@graph":[{"@type":"WebPage","@id":"https:\/\/www.pcmadrid.es\/tienda\/producto\/pc-hp-pro-tower-400-g9-pci-628r6et-intel-core-i5-13500-16gb-512gb-ssd-win11-pro\/","url":"https:\/\/www.pcmadrid.es\/tienda\/producto\/pc-hp-pro-tower-400-g9-pci-628r6et-intel-core-i5-13500-16gb-512gb-ssd-win11-pro\/","name":"PC HP Pro Tower 400 G9 PCI 628R6ET Intel Core i5-13500\/ 16GB\/ 512GB SSD\/ Win11 Pro | Tienda PCMADRID","isPartOf":{"@id":"https:\/\/www.pcmadrid.es\/tienda\/#website"},"primaryImageOfPage":{"@id":"https:\/\/www.pcmadrid.es\/tienda\/producto\/pc-hp-pro-tower-400-g9-pci-628r6et-intel-core-i5-13500-16gb-512gb-ssd-win11-pro\/#primaryimage"},"image":{"@id":"https:\/\/www.pcmadrid.es\/tienda\/producto\/pc-hp-pro-tower-400-g9-pci-628r6et-intel-core-i5-13500-16gb-512gb-ssd-win11-pro\/#primaryimage"},"thumbnailUrl":"https:\/\/i0.wp.com\/www.pcmadrid.es\/tienda\/wp-content\/uploads\/2024\/05\/art_hpd-pro20tower20628r6et_1.jpg?fit=448%2C448&ssl=1","datePublished":"2024-05-14T20:40:48+00:00","dateModified":"2025-05-09T08:50:09+00:00","breadcrumb":{"@id":"https:\/\/www.pcmadrid.es\/tienda\/producto\/pc-hp-pro-tower-400-g9-pci-628r6et-intel-core-i5-13500-16gb-512gb-ssd-win11-pro\/#breadcrumb"},"inLanguage":"es","potentialAction":[{"@type":"ReadAction","target":["https:\/\/www.pcmadrid.es\/tienda\/producto\/pc-hp-pro-tower-400-g9-pci-628r6et-intel-core-i5-13500-16gb-512gb-ssd-win11-pro\/"]}]},{"@type":"ImageObject","inLanguage":"es","@id":"https:\/\/www.pcmadrid.es\/tienda\/producto\/pc-hp-pro-tower-400-g9-pci-628r6et-intel-core-i5-13500-16gb-512gb-ssd-win11-pro\/#primaryimage","url":"https:\/\/i0.wp.com\/www.pcmadrid.es\/tienda\/wp-content\/uploads\/2024\/05\/art_hpd-pro20tower20628r6et_1.jpg?fit=448%2C448&ssl=1","contentUrl":"https:\/\/i0.wp.com\/www.pcmadrid.es\/tienda\/wp-content\/uploads\/2024\/05\/art_hpd-pro20tower20628r6et_1.jpg?fit=448%2C448&ssl=1","width":448,"height":448},{"@type":"BreadcrumbList","@id":"https:\/\/www.pcmadrid.es\/tienda\/producto\/pc-hp-pro-tower-400-g9-pci-628r6et-intel-core-i5-13500-16gb-512gb-ssd-win11-pro\/#breadcrumb","itemListElement":[{"@type":"ListItem","position":1,"name":"Portada","item":"https:\/\/www.pcmadrid.es\/tienda\/"},{"@type":"ListItem","position":2,"name":"Todos los productos","item":"https:\/\/www.pcmadrid.es\/tienda\/todos-los-productos\/"},{"@type":"ListItem","position":3,"name":"PC HP Pro Tower 400 G9 PCI 628R6ET Intel Core i5-13500\/ 16GB\/ 512GB SSD\/ Win11 Pro"}]},{"@type":"WebSite","@id":"https:\/\/www.pcmadrid.es\/tienda\/#website","url":"https:\/\/www.pcmadrid.es\/tienda\/","name":"Tienda PCMADRID","description":"Venta y reparaciones de ordenadores","publisher":{"@id":"https:\/\/www.pcmadrid.es\/tienda\/#organization"},"potentialAction":[{"@type":"SearchAction","target":{"@type":"EntryPoint","urlTemplate":"https:\/\/www.pcmadrid.es\/tienda\/?s={search_term_string}"},"query-input":{"@type":"PropertyValueSpecification","valueRequired":true,"valueName":"search_term_string"}}],"inLanguage":"es"},{"@type":"Organization","@id":"https:\/\/www.pcmadrid.es\/tienda\/#organization","name":"PCMADRID","url":"https:\/\/www.pcmadrid.es\/tienda\/","logo":{"@type":"ImageObject","inLanguage":"es","@id":"https:\/\/www.pcmadrid.es\/tienda\/#\/schema\/logo\/image\/","url":"https:\/\/www.pcmadrid.es\/tienda\/wp-content\/uploads\/2019\/10\/pcmadridlogo..png","contentUrl":"https:\/\/www.pcmadrid.es\/tienda\/wp-content\/uploads\/2019\/10\/pcmadridlogo..png","width":750,"height":300,"caption":"PCMADRID"},"image":{"@id":"https:\/\/www.pcmadrid.es\/tienda\/#\/schema\/logo\/image\/"},"sameAs":["https:\/\/www.facebook.com\/pcmadridinformatica","https:\/\/x.com\/pc_madrid","https:\/\/www.youtube.com\/channel\/UCIbQq9k6BBrU5x2wqDIHr7A","https:\/\/www.instagram.com\/pcmadrid_informatica\/?hl=es","https:\/\/www.linkedin.com\/company\/9348326\/admin\/","https:\/\/www.pinterest.es\/pcmadrid_informatica\/"]}]}},"jetpack_sharing_enabled":true,"_links":{"self":[{"href":"https:\/\/www.pcmadrid.es\/tienda\/wp-json\/wp\/v2\/product\/12743","targetHints":{"allow":["GET"]}}],"collection":[{"href":"https:\/\/www.pcmadrid.es\/tienda\/wp-json\/wp\/v2\/product"}],"about":[{"href":"https:\/\/www.pcmadrid.es\/tienda\/wp-json\/wp\/v2\/types\/product"}],"replies":[{"embeddable":true,"href":"https:\/\/www.pcmadrid.es\/tienda\/wp-json\/wp\/v2\/comments?post=12743"}],"wp:featuredmedia":[{"embeddable":true,"href":"https:\/\/www.pcmadrid.es\/tienda\/wp-json\/wp\/v2\/media\/12742"}],"wp:attachment":[{"href":"https:\/\/www.pcmadrid.es\/tienda\/wp-json\/wp\/v2\/media?parent=12743"}],"wp:term":[{"taxonomy":"product_brand","embeddable":true,"href":"https:\/\/www.pcmadrid.es\/tienda\/wp-json\/wp\/v2\/product_brand?post=12743"},{"taxonomy":"product_cat","embeddable":true,"href":"https:\/\/www.pcmadrid.es\/tienda\/wp-json\/wp\/v2\/product_cat?post=12743"},{"taxonomy":"product_tag","embeddable":true,"href":"https:\/\/www.pcmadrid.es\/tienda\/wp-json\/wp\/v2\/product_tag?post=12743"}],"curies":[{"name":"wp","href":"https:\/\/api.w.org\/{rel}","templated":true}]}}