{"id":12838,"date":"2024-05-16T19:53:59","date_gmt":"2024-05-16T17:53:59","guid":{"rendered":"https:\/\/www.pcmadrid.es\/tienda\/producto\/router-inalambrico-3g-tp-link-tl-mr3020-150mbps-2-4ghz-1-antena-wifi-802-11n-g-b\/"},"modified":"2025-06-23T13:59:26","modified_gmt":"2025-06-23T11:59:26","slug":"router-inalambrico-3g-tp-link-tl-mr3020-150mbps-2-4ghz-1-antena-wifi-802-11n-g-b","status":"publish","type":"product","link":"https:\/\/www.pcmadrid.es\/tienda\/producto\/router-inalambrico-3g-tp-link-tl-mr3020-150mbps-2-4ghz-1-antena-wifi-802-11n-g-b\/","title":{"rendered":"Router Inal\u00e1mbrico 3G TP-Link TL-MR3020 150Mbps\/ 2.4GHz\/ 1 Antena\/ WiFi 802.11n\/g\/b"},"content":{"rendered":"<p>&#8220;<\/p>\n<h2><strong>Prestaciones:<\/strong><\/h2>\n<ul>\n<li>Compartir una conexi\u00f3n m\u00f3vil 3G, compatible con los m\u00f3dems de 120 + UMTS \/ HSPA \/ EVDO 3G USB<\/li>\n<li>Dise\u00f1o, peque\u00f1o y ligero como para llevarlo de viaje, permite a los usuarios compartir una conexi\u00f3n de 3G all\u00ed donde la cobertura 3G est\u00e1 disponible<\/li>\n<li>Velocidad wi-fi de hasta 150 Mbps<\/li>\n<li>Tres modos disponibles para diferentes situaciones: Router 3G, router cliente WISP y el modo de enrutador Travel (modo AP)<\/li>\n<li>Con la conmutaci\u00f3n por error 3G\/WAN estrategia de back-up, TL-MR3020 puede proporcionar una conexi\u00f3n a Internet constante<\/li>\n<\/ul>\n<h2>De viaje de tama\u00f1o y dise\u00f1o de mini puerto USB<\/h2>\n<p>Lo que hace este router se destacan su viaje de tama\u00f1o y dise\u00f1o de mini puerto USB, que puede ser conectado a un ordenador port\u00e1til o adaptador de corriente para ser usado como una fuente de alimentaci\u00f3n. Siempre y cuando usted tiene su computadora port\u00e1til, el TL-MR3020 puede ser alimentado y una nube inal\u00e1mbrica se crea que puede ser compartida por iPads \u0099, iTouches, tel\u00e9fonos Android \u0099, Kindle y la gran mayor\u00eda de los otros reproductores port\u00e1tiles de dispositivos Wi-Fi habilitado . <\/p>\n<\/p>\n<h2>Alta compatibilidad<\/h2>\n<p>La compatibilidad es el aspecto m\u00e1s importante a considerar cuando est\u00e1s seleccionando un router 3G. Para garantizar la mejor compatibilidad entre nuestros routers y el m\u00f3dem que se use con el router TP-LINK ha asegurado de que nuestros routers 3G son compatibles con el ISP en las regiones en las que se venden. Tenemos equipos de todo el mundo continuamente poniendo a prueba nuestra Routers con m\u00f3dems reci\u00e9n surgido para garantizar que los usuarios pueden estar seguros de que sus routers funcionar\u00e1 sin problemas en los que viven y trabajan. <\/p>\n<\/p>\n<h2>Un bot\u00f3n de configuraci\u00f3n de seguridad<\/h2>\n<p>Con una configuraci\u00f3n de seguridad de Button, el TL-MR3020 permite a los usuarios configurar al instante su seguridad con s\u00f3lo pulsar el bot\u00f3n WPS en el router y establecer autom\u00e1ticamente una conexi\u00f3n WPA2 seguro, que es m\u00e1s seguro en comparaci\u00f3n con cifrado WEP. No s\u00f3lo es m\u00e1s r\u00e1pido y m\u00e1s seguro que las configuraciones de seguridad normal, pero m\u00e1s conveniente en que los usuarios no es necesario recordar una contrase\u00f1a! <\/p>\n<\/p>\n<h2>IP QoS &#8211; Control de ancho de banda<\/h2>\n<p>Ancho de banda de la banda ancha m\u00f3vil es limitada. Con la funci\u00f3n de IP del router QoS, el TL-MR3020 permite una utilizaci\u00f3n \u00f3ptima del ancho de banda y ofrece un control de ancho de banda de la congesti\u00f3n, la prevenci\u00f3n del consumo de ancho de banda. Al compartir su banda ancha m\u00f3vil con los dem\u00e1s, usted puede decidir c\u00f3mo se comparte el ancho de banda basado en sus necesidades. <\/p>\n<\/p>\n<h2>F\u00e1cil de Usar<\/h2>\n<p>El TL-MR3020 se puede instalar r\u00e1pida y f\u00e1cilmente en casi cualquier lugar. Todo lo que necesitas hacer es insertar el m\u00f3dem USB al router, la b\u00fasqueda de su SSID inal\u00e1mbrico de su ordenador y conectarse a \u00e9l. Los usuarios pueden estar en l\u00ednea y navegar por internet en muy poco tiempo, con la gu\u00eda del usuario en CD siempre, incluso los usuarios principiantes pueden crear f\u00e1cilmente sus conexiones a Internet inal\u00e1mbrico.<\/p>\n<ul>\n<li>\n<h2>CARACTER\u00cdSTICAS DE HARDWARE<\/h2>\n<\/li>\n<li>Interfaz: 1 Puerto WAN\/LAN 10\/100Mbps<\/li>\n<li>1 Puerto USB 2.0 para conexi\u00f3n de m\u00f3dem 3G\/4G,<\/li>\n<li>1 Puerto mini USB para carga de energ\u00eda<\/li>\n<li>Botones: Bot\u00f3n de Seguridad R\u00e1pida<\/li>\n<li>Bot\u00f3n Reset<\/li>\n<li>Bot\u00f3n de Modo<\/li>\n<li>Fuente de Alimentaci\u00f3n Externa: 5VDC\/1.0A<\/li>\n<li>Dimensiones: 74 x 67 x22 mm (2.9 x 2.6 x 0.9 in.)<\/li>\n<li>Tipo de Antena: Antena Interna<\/li>\n<li>\n<h2>CARACTER\u00cdSTICAS INAL\u00c1MBRICAS<\/h2>\n<\/li>\n<li>Est\u00e1ndares Inal\u00e1mbricos: IEEE 802.11n, IEEE 802.11g, IEEE 802.11b<\/li>\n<li>Frecuencia: 2.4-2.4835GHz<\/li>\n<li>Potencia de Transmisi\u00f3n: &lt;20dBm<\/li>\n<li>Modos Inal\u00e1mbricos: 3G Router, Travel Router (AP), WISP Client Router<\/li>\n<li>Seguridad Inal\u00e1mbrica: Soporta Encriptaciones WEP de 64\/128 bit y WPA-PSK\/WPA2-PSK, Filtrado MAC Inal\u00e1mbrico<\/li>\n<li>\n<h2>CARACTER\u00cdSTICAS DE SOFTWARE<\/h2>\n<\/li>\n<li>Seguridad: Firewall, MAC filtering, Denial of Service (DoS)<\/li>\n<li>DHCP: Servidor, Lista de Clientes DHCP, Reserva de Direcciones<\/li>\n<li>Reenv\u00edo de Puertos: Virtual Server, Port Triggering, DMZ, UPnP<\/li>\n<li>Control de Acceso: Parental Control, Host List, Access Schedule, Rule Management<\/li>\n<li>\n<h2>OTROS<\/h2>\n<\/li>\n<li>Certificaciones: CE, FCC, RoHS<\/li>\n<li>Contenido del Paquete: Router TL-MR3020<\/li>\n<li>Gu\u00eda de instalaci\u00f3n r\u00e1pida<\/li>\n<li>Adaptador de Corriente<\/li>\n<li>Cable USB<\/li>\n<li>CD de Utilidades<\/li>\n<li>Cable Ethernet<\/li>\n<li>Requisitos del sistema: Microsoft\u00ae Windows\u00ae 98SE, NT, 2000, XP, Vista\u0099 o Windows 7, MAC\u00ae OS, NetWare\u00ae, UNIX\u00ae o Linux.<\/li>\n<li>Factores Ambientales: Temperatura de funcionamiento: -10?~60?<\/li>\n<li>Temperatura de almacenamiento: -40?~80?<\/li>\n<li>Humedad de funcionamiento: 10%~90% sin condensaci\u00f3n<\/li>\n<li>Humedad de almacenamiento: 5%~90% sin condensaci\u00f3n<\/li>\n<\/ul>\n<p>&#8220;<\/p>\n","protected":false},"excerpt":{"rendered":"<p>Router inal\u00e1mbrico 3g tp-link tl-mr3020 150mbps\/ 2.4ghz\/ 1 antena\/ wifi 802.11n\/g\/b<\/p>\n","protected":false},"featured_media":12837,"comment_status":"open","ping_status":"closed","template":"","meta":{"_et_pb_use_builder":"","_et_pb_old_content":"","_et_gb_content_width":""},"product_brand":[],"product_cat":[528,65],"product_tag":[],"class_list":{"0":"post-12838","1":"product","2":"type-product","3":"status-publish","4":"has-post-thumbnail","6":"product_cat-routers-wifi","7":"product_cat-todos","9":"first","10":"instock","11":"taxable","12":"shipping-taxable","13":"purchasable","14":"product-type-simple"},"yoast_head":"<!-- This site is optimized with the Yoast SEO plugin v27.5 - https:\/\/yoast.com\/product\/yoast-seo-wordpress\/ -->\n<title>Router Inal\u00e1mbrico 3G TP-Link TL-MR3020 150Mbps\/ 2.4GHz\/ 1 Antena\/ WiFi 802.11n\/g\/b | Tienda PCMADRID<\/title>\n<meta name=\"robots\" content=\"index, follow, max-snippet:-1, max-image-preview:large, max-video-preview:-1\" \/>\n<link rel=\"canonical\" href=\"https:\/\/www.pcmadrid.es\/tienda\/producto\/router-inalambrico-3g-tp-link-tl-mr3020-150mbps-2-4ghz-1-antena-wifi-802-11n-g-b\/\" \/>\n<meta name=\"twitter:label1\" content=\"Tiempo de lectura\" \/>\n\t<meta name=\"twitter:data1\" content=\"4 minutos\" \/>\n<script type=\"application\/ld+json\" class=\"yoast-schema-graph\">{\"@context\":\"https:\\\/\\\/schema.org\",\"@graph\":[{\"@type\":\"WebPage\",\"@id\":\"https:\\\/\\\/www.pcmadrid.es\\\/tienda\\\/producto\\\/router-inalambrico-3g-tp-link-tl-mr3020-150mbps-2-4ghz-1-antena-wifi-802-11n-g-b\\\/\",\"url\":\"https:\\\/\\\/www.pcmadrid.es\\\/tienda\\\/producto\\\/router-inalambrico-3g-tp-link-tl-mr3020-150mbps-2-4ghz-1-antena-wifi-802-11n-g-b\\\/\",\"name\":\"Router Inal\u00e1mbrico 3G TP-Link TL-MR3020 150Mbps\\\/ 2.4GHz\\\/ 1 Antena\\\/ WiFi 802.11n\\\/g\\\/b | Tienda PCMADRID\",\"isPartOf\":{\"@id\":\"https:\\\/\\\/www.pcmadrid.es\\\/tienda\\\/#website\"},\"primaryImageOfPage\":{\"@id\":\"https:\\\/\\\/www.pcmadrid.es\\\/tienda\\\/producto\\\/router-inalambrico-3g-tp-link-tl-mr3020-150mbps-2-4ghz-1-antena-wifi-802-11n-g-b\\\/#primaryimage\"},\"image\":{\"@id\":\"https:\\\/\\\/www.pcmadrid.es\\\/tienda\\\/producto\\\/router-inalambrico-3g-tp-link-tl-mr3020-150mbps-2-4ghz-1-antena-wifi-802-11n-g-b\\\/#primaryimage\"},\"thumbnailUrl\":\"https:\\\/\\\/i0.wp.com\\\/www.pcmadrid.es\\\/tienda\\\/wp-content\\\/uploads\\\/2024\\\/05\\\/art_tpl-rou20300n203g20portatil_1.jpg?fit=448%2C448&ssl=1\",\"datePublished\":\"2024-05-16T17:53:59+00:00\",\"dateModified\":\"2025-06-23T11:59:26+00:00\",\"breadcrumb\":{\"@id\":\"https:\\\/\\\/www.pcmadrid.es\\\/tienda\\\/producto\\\/router-inalambrico-3g-tp-link-tl-mr3020-150mbps-2-4ghz-1-antena-wifi-802-11n-g-b\\\/#breadcrumb\"},\"inLanguage\":\"es\",\"potentialAction\":[{\"@type\":\"ReadAction\",\"target\":[\"https:\\\/\\\/www.pcmadrid.es\\\/tienda\\\/producto\\\/router-inalambrico-3g-tp-link-tl-mr3020-150mbps-2-4ghz-1-antena-wifi-802-11n-g-b\\\/\"]}]},{\"@type\":\"ImageObject\",\"inLanguage\":\"es\",\"@id\":\"https:\\\/\\\/www.pcmadrid.es\\\/tienda\\\/producto\\\/router-inalambrico-3g-tp-link-tl-mr3020-150mbps-2-4ghz-1-antena-wifi-802-11n-g-b\\\/#primaryimage\",\"url\":\"https:\\\/\\\/i0.wp.com\\\/www.pcmadrid.es\\\/tienda\\\/wp-content\\\/uploads\\\/2024\\\/05\\\/art_tpl-rou20300n203g20portatil_1.jpg?fit=448%2C448&ssl=1\",\"contentUrl\":\"https:\\\/\\\/i0.wp.com\\\/www.pcmadrid.es\\\/tienda\\\/wp-content\\\/uploads\\\/2024\\\/05\\\/art_tpl-rou20300n203g20portatil_1.jpg?fit=448%2C448&ssl=1\",\"width\":448,\"height\":448},{\"@type\":\"BreadcrumbList\",\"@id\":\"https:\\\/\\\/www.pcmadrid.es\\\/tienda\\\/producto\\\/router-inalambrico-3g-tp-link-tl-mr3020-150mbps-2-4ghz-1-antena-wifi-802-11n-g-b\\\/#breadcrumb\",\"itemListElement\":[{\"@type\":\"ListItem\",\"position\":1,\"name\":\"Portada\",\"item\":\"https:\\\/\\\/www.pcmadrid.es\\\/tienda\\\/\"},{\"@type\":\"ListItem\",\"position\":2,\"name\":\"Todos los productos\",\"item\":\"https:\\\/\\\/www.pcmadrid.es\\\/tienda\\\/todos-los-productos\\\/\"},{\"@type\":\"ListItem\",\"position\":3,\"name\":\"Router Inal\u00e1mbrico 3G TP-Link TL-MR3020 150Mbps\\\/ 2.4GHz\\\/ 1 Antena\\\/ WiFi 802.11n\\\/g\\\/b\"}]},{\"@type\":\"WebSite\",\"@id\":\"https:\\\/\\\/www.pcmadrid.es\\\/tienda\\\/#website\",\"url\":\"https:\\\/\\\/www.pcmadrid.es\\\/tienda\\\/\",\"name\":\"Tienda PCMADRID\",\"description\":\"Venta y reparaciones de ordenadores\",\"publisher\":{\"@id\":\"https:\\\/\\\/www.pcmadrid.es\\\/tienda\\\/#organization\"},\"potentialAction\":[{\"@type\":\"SearchAction\",\"target\":{\"@type\":\"EntryPoint\",\"urlTemplate\":\"https:\\\/\\\/www.pcmadrid.es\\\/tienda\\\/?s={search_term_string}\"},\"query-input\":{\"@type\":\"PropertyValueSpecification\",\"valueRequired\":true,\"valueName\":\"search_term_string\"}}],\"inLanguage\":\"es\"},{\"@type\":\"Organization\",\"@id\":\"https:\\\/\\\/www.pcmadrid.es\\\/tienda\\\/#organization\",\"name\":\"PCMADRID\",\"url\":\"https:\\\/\\\/www.pcmadrid.es\\\/tienda\\\/\",\"logo\":{\"@type\":\"ImageObject\",\"inLanguage\":\"es\",\"@id\":\"https:\\\/\\\/www.pcmadrid.es\\\/tienda\\\/#\\\/schema\\\/logo\\\/image\\\/\",\"url\":\"https:\\\/\\\/www.pcmadrid.es\\\/tienda\\\/wp-content\\\/uploads\\\/2019\\\/10\\\/pcmadridlogo..png\",\"contentUrl\":\"https:\\\/\\\/www.pcmadrid.es\\\/tienda\\\/wp-content\\\/uploads\\\/2019\\\/10\\\/pcmadridlogo..png\",\"width\":750,\"height\":300,\"caption\":\"PCMADRID\"},\"image\":{\"@id\":\"https:\\\/\\\/www.pcmadrid.es\\\/tienda\\\/#\\\/schema\\\/logo\\\/image\\\/\"},\"sameAs\":[\"https:\\\/\\\/www.facebook.com\\\/pcmadridinformatica\",\"https:\\\/\\\/x.com\\\/pc_madrid\",\"https:\\\/\\\/www.youtube.com\\\/channel\\\/UCIbQq9k6BBrU5x2wqDIHr7A\",\"https:\\\/\\\/www.instagram.com\\\/pcmadrid_informatica\\\/?hl=es\",\"https:\\\/\\\/www.linkedin.com\\\/company\\\/9348326\\\/admin\\\/\",\"https:\\\/\\\/www.pinterest.es\\\/pcmadrid_informatica\\\/\"]}]}<\/script>\n<!-- \/ Yoast SEO plugin. -->","yoast_head_json":{"title":"Router Inal\u00e1mbrico 3G TP-Link TL-MR3020 150Mbps\/ 2.4GHz\/ 1 Antena\/ WiFi 802.11n\/g\/b | Tienda PCMADRID","robots":{"index":"index","follow":"follow","max-snippet":"max-snippet:-1","max-image-preview":"max-image-preview:large","max-video-preview":"max-video-preview:-1"},"canonical":"https:\/\/www.pcmadrid.es\/tienda\/producto\/router-inalambrico-3g-tp-link-tl-mr3020-150mbps-2-4ghz-1-antena-wifi-802-11n-g-b\/","twitter_misc":{"Tiempo de lectura":"4 minutos"},"schema":{"@context":"https:\/\/schema.org","@graph":[{"@type":"WebPage","@id":"https:\/\/www.pcmadrid.es\/tienda\/producto\/router-inalambrico-3g-tp-link-tl-mr3020-150mbps-2-4ghz-1-antena-wifi-802-11n-g-b\/","url":"https:\/\/www.pcmadrid.es\/tienda\/producto\/router-inalambrico-3g-tp-link-tl-mr3020-150mbps-2-4ghz-1-antena-wifi-802-11n-g-b\/","name":"Router Inal\u00e1mbrico 3G TP-Link TL-MR3020 150Mbps\/ 2.4GHz\/ 1 Antena\/ WiFi 802.11n\/g\/b | Tienda PCMADRID","isPartOf":{"@id":"https:\/\/www.pcmadrid.es\/tienda\/#website"},"primaryImageOfPage":{"@id":"https:\/\/www.pcmadrid.es\/tienda\/producto\/router-inalambrico-3g-tp-link-tl-mr3020-150mbps-2-4ghz-1-antena-wifi-802-11n-g-b\/#primaryimage"},"image":{"@id":"https:\/\/www.pcmadrid.es\/tienda\/producto\/router-inalambrico-3g-tp-link-tl-mr3020-150mbps-2-4ghz-1-antena-wifi-802-11n-g-b\/#primaryimage"},"thumbnailUrl":"https:\/\/i0.wp.com\/www.pcmadrid.es\/tienda\/wp-content\/uploads\/2024\/05\/art_tpl-rou20300n203g20portatil_1.jpg?fit=448%2C448&ssl=1","datePublished":"2024-05-16T17:53:59+00:00","dateModified":"2025-06-23T11:59:26+00:00","breadcrumb":{"@id":"https:\/\/www.pcmadrid.es\/tienda\/producto\/router-inalambrico-3g-tp-link-tl-mr3020-150mbps-2-4ghz-1-antena-wifi-802-11n-g-b\/#breadcrumb"},"inLanguage":"es","potentialAction":[{"@type":"ReadAction","target":["https:\/\/www.pcmadrid.es\/tienda\/producto\/router-inalambrico-3g-tp-link-tl-mr3020-150mbps-2-4ghz-1-antena-wifi-802-11n-g-b\/"]}]},{"@type":"ImageObject","inLanguage":"es","@id":"https:\/\/www.pcmadrid.es\/tienda\/producto\/router-inalambrico-3g-tp-link-tl-mr3020-150mbps-2-4ghz-1-antena-wifi-802-11n-g-b\/#primaryimage","url":"https:\/\/i0.wp.com\/www.pcmadrid.es\/tienda\/wp-content\/uploads\/2024\/05\/art_tpl-rou20300n203g20portatil_1.jpg?fit=448%2C448&ssl=1","contentUrl":"https:\/\/i0.wp.com\/www.pcmadrid.es\/tienda\/wp-content\/uploads\/2024\/05\/art_tpl-rou20300n203g20portatil_1.jpg?fit=448%2C448&ssl=1","width":448,"height":448},{"@type":"BreadcrumbList","@id":"https:\/\/www.pcmadrid.es\/tienda\/producto\/router-inalambrico-3g-tp-link-tl-mr3020-150mbps-2-4ghz-1-antena-wifi-802-11n-g-b\/#breadcrumb","itemListElement":[{"@type":"ListItem","position":1,"name":"Portada","item":"https:\/\/www.pcmadrid.es\/tienda\/"},{"@type":"ListItem","position":2,"name":"Todos los productos","item":"https:\/\/www.pcmadrid.es\/tienda\/todos-los-productos\/"},{"@type":"ListItem","position":3,"name":"Router Inal\u00e1mbrico 3G TP-Link TL-MR3020 150Mbps\/ 2.4GHz\/ 1 Antena\/ WiFi 802.11n\/g\/b"}]},{"@type":"WebSite","@id":"https:\/\/www.pcmadrid.es\/tienda\/#website","url":"https:\/\/www.pcmadrid.es\/tienda\/","name":"Tienda PCMADRID","description":"Venta y reparaciones de ordenadores","publisher":{"@id":"https:\/\/www.pcmadrid.es\/tienda\/#organization"},"potentialAction":[{"@type":"SearchAction","target":{"@type":"EntryPoint","urlTemplate":"https:\/\/www.pcmadrid.es\/tienda\/?s={search_term_string}"},"query-input":{"@type":"PropertyValueSpecification","valueRequired":true,"valueName":"search_term_string"}}],"inLanguage":"es"},{"@type":"Organization","@id":"https:\/\/www.pcmadrid.es\/tienda\/#organization","name":"PCMADRID","url":"https:\/\/www.pcmadrid.es\/tienda\/","logo":{"@type":"ImageObject","inLanguage":"es","@id":"https:\/\/www.pcmadrid.es\/tienda\/#\/schema\/logo\/image\/","url":"https:\/\/www.pcmadrid.es\/tienda\/wp-content\/uploads\/2019\/10\/pcmadridlogo..png","contentUrl":"https:\/\/www.pcmadrid.es\/tienda\/wp-content\/uploads\/2019\/10\/pcmadridlogo..png","width":750,"height":300,"caption":"PCMADRID"},"image":{"@id":"https:\/\/www.pcmadrid.es\/tienda\/#\/schema\/logo\/image\/"},"sameAs":["https:\/\/www.facebook.com\/pcmadridinformatica","https:\/\/x.com\/pc_madrid","https:\/\/www.youtube.com\/channel\/UCIbQq9k6BBrU5x2wqDIHr7A","https:\/\/www.instagram.com\/pcmadrid_informatica\/?hl=es","https:\/\/www.linkedin.com\/company\/9348326\/admin\/","https:\/\/www.pinterest.es\/pcmadrid_informatica\/"]}]}},"jetpack_sharing_enabled":true,"_links":{"self":[{"href":"https:\/\/www.pcmadrid.es\/tienda\/wp-json\/wp\/v2\/product\/12838","targetHints":{"allow":["GET"]}}],"collection":[{"href":"https:\/\/www.pcmadrid.es\/tienda\/wp-json\/wp\/v2\/product"}],"about":[{"href":"https:\/\/www.pcmadrid.es\/tienda\/wp-json\/wp\/v2\/types\/product"}],"replies":[{"embeddable":true,"href":"https:\/\/www.pcmadrid.es\/tienda\/wp-json\/wp\/v2\/comments?post=12838"}],"wp:featuredmedia":[{"embeddable":true,"href":"https:\/\/www.pcmadrid.es\/tienda\/wp-json\/wp\/v2\/media\/12837"}],"wp:attachment":[{"href":"https:\/\/www.pcmadrid.es\/tienda\/wp-json\/wp\/v2\/media?parent=12838"}],"wp:term":[{"taxonomy":"product_brand","embeddable":true,"href":"https:\/\/www.pcmadrid.es\/tienda\/wp-json\/wp\/v2\/product_brand?post=12838"},{"taxonomy":"product_cat","embeddable":true,"href":"https:\/\/www.pcmadrid.es\/tienda\/wp-json\/wp\/v2\/product_cat?post=12838"},{"taxonomy":"product_tag","embeddable":true,"href":"https:\/\/www.pcmadrid.es\/tienda\/wp-json\/wp\/v2\/product_tag?post=12838"}],"curies":[{"name":"wp","href":"https:\/\/api.w.org\/{rel}","templated":true}]}}