{"id":12842,"date":"2024-05-16T19:54:01","date_gmt":"2024-05-16T17:54:01","guid":{"rendered":"https:\/\/www.pcmadrid.es\/tienda\/producto\/router-inalambrico-tp-link-archer-c6-1200mbps-2-4ghz-5ghz-5-antenas-wifi-802-11ac-n-a-b-g-n\/"},"modified":"2025-06-23T13:59:26","modified_gmt":"2025-06-23T11:59:26","slug":"router-inalambrico-tp-link-archer-c6-1200mbps-2-4ghz-5ghz-5-antenas-wifi-802-11ac-n-a-b-g-n","status":"publish","type":"product","link":"https:\/\/www.pcmadrid.es\/tienda\/producto\/router-inalambrico-tp-link-archer-c6-1200mbps-2-4ghz-5ghz-5-antenas-wifi-802-11ac-n-a-b-g-n\/","title":{"rendered":"Router Inal\u00e1mbrico TP-Link Archer C6 1200Mbps\/ 2.4GHz 5GHz\/ 5 Antenas\/ WiFi 802.11ac\/n\/a &#8211; b\/g\/n"},"content":{"rendered":"<p>&#8220;<\/p>\n<h2>Entretenimiento fluido con Wi-Fi de doble banda AC1200<\/h2>\n<p>El Archer C6 crea una red confiable y ultrarr\u00e1pida con tecnolog\u00eda Wi-Fi 802.11ac. La banda de 2.4GHz ofrece velocidades de hasta 300Mbps, lista para las tareas diarias como el correo electr\u00f3nico y la navegaci\u00f3n web, mientras que la banda de 5GHz ofrece velocidades de hasta 867Mbps, ideal para transmisi\u00f3n de video HD y juegos en l\u00ednea sin demoras.<\/p>\n<h2>Seguridad avanzada con WPA3<\/h2>\n<p>El \u00faltimo protocolo de seguridad Wi-Fi, WPA3, trae nuevas capacidades para mejorar la ciberseguridad en las redes personales. El cifrado m\u00e1s seguro en la seguridad de la contrase\u00f1a de Wi-Fi y la protecci\u00f3n mejorada contra ataques de fuerza bruta se combinan para proteger el Wi-Fi de su hogar.<\/p>\n<h2>Cobertura Wi-Fi mejorada<br \/>En toda su casa<\/h2>\n<p>Cuatro antenas externas env\u00edan se\u00f1ales de Wi-Fi a todos los rincones de su hogar. Mant\u00e9ngase conectado y disfrute de una conexi\u00f3n Wi-Fi r\u00e1pida, ya sea que est\u00e9 descansando en el sof\u00e1 o en el balc\u00f3n. La tecnolog\u00eda Beamforming detecta dispositivos, incluso si est\u00e1n lejos o tienen poca potencia, y concentra la intensidad de la se\u00f1al inal\u00e1mbrica hacia ellos.<\/p>\n<h2>MU-MIMO trae m\u00e1s conexiones simult\u00e1neas<\/h2>\n<p>MU-MIMO permite que el Archer C6 sirva a varios dispositivos a la vez. No m\u00e1s congesti\u00f3n o latencia del ancho de banda. \u00a1Todos los dispositivos obtienen sus datos m\u00e1s r\u00e1pido y el Wi-Fi se usa de manera m\u00e1s eficiente!<\/p>\n<h2>Conectividad Gigabit, 10 veces m\u00e1s r\u00e1pida<\/h2>\n<p>Con un puerto WAN Gigabit y cuatro puertos LAN Gigabit, las velocidades pueden ser hasta 10 veces m\u00e1s r\u00e1pidas que las conexiones Ethernet est\u00e1ndar. \u00a1Conecte sus dispositivos con cable favoritos al Archer C6 y d\u00e9jese impresionar!<\/p>\n<h2>TP-Link OneMesh:<br \/>Cree de forma flexible una red Wi-Fi para toda la casa<\/h2>\n<p>OneMesh &#8482; es una forma sencilla de formar una red Mesh con un solo nombre de Wi-Fi para una cobertura perfecta en todo el hogar. Simplemente conecte un extensor de rango OneMeshTM a un router&nbsp;OneMesh &#8482;. No m\u00e1s buscar una conexi\u00f3n estable.<\/p>\n<p><b>Asesino de zona muerta de Wi-Fi<\/b><\/p>\n<p>Elimina las \u00e1reas de se\u00f1al d\u00e9bil con cobertura Wi-Fi para toda la casa<\/p>\n<p><b>Itinerancia inteligente<\/b><\/p>\n<p>Transmisi\u00f3n ininterrumpida al moverse por su casa<\/p>\n<p><b>Un nombre de Wi-Fi<\/b><\/p>\n<p>No m\u00e1s cambios de nombres de redes Wi-Fi<\/p>\n<p><b>Gesti\u00f3n unificada<\/b><\/p>\n<p>Administre el Wi-Fi de toda la casa administrando el nodo central a trav\u00e9s de la aplicaci\u00f3n Tether \/ interfaz de usuario web<\/p>\n<h2>Tambi\u00e9n es un punto de acceso<\/h2>\n<p>Cambie el modo de trabajo del Archer C6 al modo de punto de acceso para compartir su red cableada con otros dispositivos inal\u00e1mbricos.<\/p>\n<h2>F\u00e1cil configuraci\u00f3n y administraci\u00f3n con la aplicaci\u00f3n Tether<\/h2>\n<p>La aplicaci\u00f3n gratuita Tether est\u00e1 disponible para dispositivos Android e iOS, lo que facilita la configuraci\u00f3n del Archer C6 y la administraci\u00f3n de la configuraci\u00f3n de red.<\/p>\n<\/p>\n<ul>\n<li><span><span>Wi-Fi de doble banda AC1200: 867 Mbps a 5 GHz y 300 Mbps a la banda de 2,4 GHz<\/span><\/span><\/li>\n<li><span><span>Tecnolog\u00eda MU-MIMO: transfiere datos simult\u00e1neamente a varios dispositivos para un rendimiento 2 veces m\u00e1s r\u00e1pido<\/span><\/span><\/li>\n<li><span><span>Cobertura mejorada: cuatro antenas externas equipadas con tecnolog\u00eda Beamforming extienden y concentran las se\u00f1ales de Wi-Fi<\/span><\/span><\/li>\n<li><span><span>Modo de punto de acceso: admite el modo AP para transformar su conexi\u00f3n por cable en una red inal\u00e1mbrica<\/span><\/span><\/li>\n<li><span><span>Configuraci\u00f3n f\u00e1cil: configure su Wi-Fi en minutos con la aplicaci\u00f3n TP-Link Tether.<\/span><\/span><\/li>\n<\/ul>\n<ul>\n<li><b>Versi\u00f3n 4.0<\/b><\/li>\n<li><b>INAL\u00c1MBRICOS<\/b><\/li>\n<li>Est\u00e1ndares: Wi-Fi 5<\/li>\n<li>IEEE 802.11ac\/n\/a 5 GHz<\/li>\n<li>IEEE 802.11n\/b\/g 2.4 GHz<\/li>\n<li>Velocidades Wi-Fi: AC1200<\/li>\n<li>5 GHz: 867 Mbps (802.11ac)<\/li>\n<li>2.4 GHz: 300 Mbps (802.11n)<\/li>\n<li>Rango WiFi: Casas de 3 dormitorios<\/li>\n<li>4 antenas fijas de alto rendimiento<\/li>\n<li>Varias antenas forman una matriz de refuerzo de se\u00f1al para cubrir m\u00e1s direcciones y \u00e1reas grandes<\/li>\n<li>Beamforming<\/li>\n<li>Concentra la intensidad de la se\u00f1al inal\u00e1mbrica hacia los clientes para ampliar el alcance de WiFi<\/li>\n<li>Capacidad Wi-Fi: Media<\/li>\n<li>Doble banda<\/li>\n<li>Asignar dispositivos a diferentes bandas para un rendimiento \u00f3ptimo<\/li>\n<li>MU-MIMO<\/li>\n<li>Se comunica simult\u00e1neamente con m\u00faltiples clientes MU-MIMO<\/li>\n<li>Equidad de tiempo aire<\/li>\n<li>Mejora la eficiencia de la red al limitar la ocupaci\u00f3n excesiva<\/li>\n<li>Modos de trabajo: Modo router<\/li>\n<li>Modo punto de acceso<\/li>\n<li><b>HARDWARE<\/b><\/li>\n<li>Procesador: CPU Qualcomm<\/li>\n<li>Puertos Ethernet: 1 puerto WAN Gigabit<\/li>\n<li>4 puertos LAN Gigabit<\/li>\n<li>Botones: Bot\u00f3n WPS \/ Wi-Fi<\/li>\n<li>Bot\u00f3n de encendido \/ apagado<\/li>\n<li>Bot\u00f3n de reinicio<\/li>\n<li>Energ\u00eda: 12 V &#9107; 1 A<\/li>\n<li><b>SEGURIDAD<\/b><\/li>\n<li>Cifrado WiFi: WPA<\/li>\n<li>WPA2<\/li>\n<li>WPA3<\/li>\n<li>WPA\/WPA2-Enterprise (802.1x)<\/li>\n<li>Seguridad de Red: Cortafuegos SPI<\/li>\n<li>Control de acceso<\/li>\n<li>Enlace IP y MAC<\/li>\n<li>Puerta de enlace de la capa de aplicaci\u00f3n<\/li>\n<li>Red de Invitados: Red de invitados de 1 \u00d7 5 GHz<\/li>\n<li>1 red de invitados de 2,4 GHz<\/li>\n<li><b>SOFTWARE<\/b><\/li>\n<li>Protocolos: IPv4<\/li>\n<li>IPv6<\/li>\n<li>OneMesh&#8482;: Compatible con OneMesh &#8482;<\/li>\n<li>Sin reemplazar sus dispositivos existentes o comprar un ecosistema<br \/>\n WiFi completamente nuevo, OneMesh &#8482; lo ayuda a crear una red m\u00e1s<br \/>\nflexible que cubra toda su casa con los productos TP-Link OneMesh &#8482;Learn<br \/>\n More&gt;<\/li>\n<li>Todos los productos OneMesh;<\/li>\n<li>Controles parentales: Filtrado de URL<\/li>\n<li>Controles de tiempo<\/li>\n<li>Tipos de WAN: IP din\u00e1mica<\/li>\n<li>IP est\u00e1tica<\/li>\n<li>PPPoE<\/li>\n<li>PPTP<\/li>\n<li>L2TP<\/li>\n<li>Calidad de servicio: QoS por dispositivo<\/li>\n<li>Servicio de almacenamiento en la nube: Actualizaci\u00f3n de firmware OTA<\/li>\n<li>Identificaci\u00f3n de TP-Link<\/li>\n<li>DDNS<\/li>\n<li>Reenv\u00edo NAT: Servidores virtuales<\/li>\n<li>Reenv\u00edo de puertos<\/li>\n<li>Activaci\u00f3n de puerto<\/li>\n<li>DMZ<\/li>\n<li>UPnP<\/li>\n<li>IPTV: Proxy IGMP<\/li>\n<li>Inspecci\u00f3n IGMP<\/li>\n<li>Puente<\/li>\n<li>Etiqueta VLAN<\/li>\n<li>DHCP: Direcci\u00f3n de reservas<\/li>\n<li>Lista de clientes DHCP<\/li>\n<li>Servidor<\/li>\n<li>DDNS: TP-Link<\/li>\n<li>NO-IP<\/li>\n<li>DynDNS<\/li>\n<li>Gesti\u00f3n: Aplicaci\u00f3n Tether<\/li>\n<li>P\u00e1gina web<\/li>\n<li>Compruebe el emulador web&gt;<\/li>\n<li><b>OTRO<\/b><\/li>\n<li>Requisitos del sistema: Internet Explorer 11+, Firefox 12.0+,<br \/>\nChrome 20.0+, Safari 4.0+ u otro navegador habilitado para JavaScript<\/li>\n<li>M\u00f3dem por cable o DSL (si es necesario)<\/li>\n<li>Suscripci\u00f3n con un proveedor de servicios de Internet (para acceso a Internet)<\/li>\n<li>Certifications: FCC, CE, RoHS<\/li>\n<li>Ambiente: Temperatura de funcionamiento: 0 &#8451; ~ 40 &#8451; (32 &#8457; ~ 104 &#8457;)<\/li>\n<li>Temperatura de almacenamiento: -40 &#8451; ~ 70 &#8451; (-40 &#8457; ~ 158 &#8457;)<\/li>\n<li>Humedad de funcionamiento: 10% ~ 90% sin condensaci\u00f3n<\/li>\n<li>Humedad de almacenamiento: 5% ~ 90% sin condensaci\u00f3n<\/li>\n<li><b>DATOS DE PRUEBA<\/b><\/li>\n<li>Potencia de transmisi\u00f3n WiFi: CE EIRP:<\/li>\n<li>&lt;20dBm(2.4GHz)<\/li>\n<li>&lt;23dBm(5GHz)<\/li>\n<li>FCC:<\/li>\n<li>&lt;30dBm(2.4GHz &amp; 5GHz)<\/li>\n<li>Sensibilidad de recepci\u00f3n WiFi: 5GHz:<\/li>\n<li>11a 6Mbps:-93dBm&#65307;11a 54Mbps:-78dBm<\/li>\n<li>11ac HT20 mcs8:69dBm;11ac HT40 mcs9:-65dBm<\/li>\n<li>11ac HT80 mcs9:-62dBm<\/li>\n<li>2.4GHz:<\/li>\n<li>11g 54Mbps:-78dBm<\/li>\n<li>11n HT20 mcs7:-74dBm<\/li>\n<li>11n HT40 mcs7:-71dbm<\/li>\n<li><b>F\u00cdSICO<\/b><\/li>\n<li>Dimensiones (An. \u00d7 Pr. \u00d7 Al.): 230 \u00d7 144 \u00d7 35 mm<\/li>\n<li>(9.1 \u00d7 5.7 \u00d7 1.4 in )<\/li>\n<li>Contenidos del paquete: Router Wi-Fi Archer C6<\/li>\n<li>Adaptador de corriente<\/li>\n<li>Cable Ethernet RJ45<\/li>\n<li>Gu\u00eda de Instalaci\u00f3n R\u00e1pida<\/li>\n<\/ul>\n<p>&#8220;<\/p>\n","protected":false},"excerpt":{"rendered":"<p>Router inal\u00e1mbrico tp-link archer c6 1200mbps\/ 2.4ghz 5ghz\/ 5 antenas\/ wifi 802.11ac\/n\/a &#8211; b\/g\/n<\/p>\n","protected":false},"featured_media":12841,"comment_status":"open","ping_status":"closed","template":"","meta":{"_et_pb_use_builder":"","_et_pb_old_content":"","_et_gb_content_width":""},"product_brand":[],"product_cat":[528,65],"product_tag":[],"class_list":{"0":"post-12842","1":"product","2":"type-product","3":"status-publish","4":"has-post-thumbnail","6":"product_cat-routers-wifi","7":"product_cat-todos","9":"first","10":"instock","11":"taxable","12":"shipping-taxable","13":"purchasable","14":"product-type-simple"},"yoast_head":"<!-- This site is optimized with the Yoast SEO plugin v27.5 - https:\/\/yoast.com\/product\/yoast-seo-wordpress\/ -->\n<title>Router Inal\u00e1mbrico TP-Link Archer C6 1200Mbps\/ 2.4GHz 5GHz\/ 5 Antenas\/ WiFi 802.11ac\/n\/a - b\/g\/n | Tienda PCMADRID<\/title>\n<meta name=\"robots\" content=\"index, follow, max-snippet:-1, max-image-preview:large, max-video-preview:-1\" \/>\n<link rel=\"canonical\" href=\"https:\/\/www.pcmadrid.es\/tienda\/producto\/router-inalambrico-tp-link-archer-c6-1200mbps-2-4ghz-5ghz-5-antenas-wifi-802-11ac-n-a-b-g-n\/\" \/>\n<meta name=\"twitter:label1\" content=\"Tiempo de lectura\" \/>\n\t<meta name=\"twitter:data1\" content=\"5 minutos\" \/>\n<script type=\"application\/ld+json\" class=\"yoast-schema-graph\">{\"@context\":\"https:\\\/\\\/schema.org\",\"@graph\":[{\"@type\":\"WebPage\",\"@id\":\"https:\\\/\\\/www.pcmadrid.es\\\/tienda\\\/producto\\\/router-inalambrico-tp-link-archer-c6-1200mbps-2-4ghz-5ghz-5-antenas-wifi-802-11ac-n-a-b-g-n\\\/\",\"url\":\"https:\\\/\\\/www.pcmadrid.es\\\/tienda\\\/producto\\\/router-inalambrico-tp-link-archer-c6-1200mbps-2-4ghz-5ghz-5-antenas-wifi-802-11ac-n-a-b-g-n\\\/\",\"name\":\"Router Inal\u00e1mbrico TP-Link Archer C6 1200Mbps\\\/ 2.4GHz 5GHz\\\/ 5 Antenas\\\/ WiFi 802.11ac\\\/n\\\/a - b\\\/g\\\/n | Tienda PCMADRID\",\"isPartOf\":{\"@id\":\"https:\\\/\\\/www.pcmadrid.es\\\/tienda\\\/#website\"},\"primaryImageOfPage\":{\"@id\":\"https:\\\/\\\/www.pcmadrid.es\\\/tienda\\\/producto\\\/router-inalambrico-tp-link-archer-c6-1200mbps-2-4ghz-5ghz-5-antenas-wifi-802-11ac-n-a-b-g-n\\\/#primaryimage\"},\"image\":{\"@id\":\"https:\\\/\\\/www.pcmadrid.es\\\/tienda\\\/producto\\\/router-inalambrico-tp-link-archer-c6-1200mbps-2-4ghz-5ghz-5-antenas-wifi-802-11ac-n-a-b-g-n\\\/#primaryimage\"},\"thumbnailUrl\":\"https:\\\/\\\/i0.wp.com\\\/www.pcmadrid.es\\\/tienda\\\/wp-content\\\/uploads\\\/2024\\\/05\\\/art_tpl-rou20archer20c620v2_1.jpg?fit=448%2C448&ssl=1\",\"datePublished\":\"2024-05-16T17:54:01+00:00\",\"dateModified\":\"2025-06-23T11:59:26+00:00\",\"breadcrumb\":{\"@id\":\"https:\\\/\\\/www.pcmadrid.es\\\/tienda\\\/producto\\\/router-inalambrico-tp-link-archer-c6-1200mbps-2-4ghz-5ghz-5-antenas-wifi-802-11ac-n-a-b-g-n\\\/#breadcrumb\"},\"inLanguage\":\"es\",\"potentialAction\":[{\"@type\":\"ReadAction\",\"target\":[\"https:\\\/\\\/www.pcmadrid.es\\\/tienda\\\/producto\\\/router-inalambrico-tp-link-archer-c6-1200mbps-2-4ghz-5ghz-5-antenas-wifi-802-11ac-n-a-b-g-n\\\/\"]}]},{\"@type\":\"ImageObject\",\"inLanguage\":\"es\",\"@id\":\"https:\\\/\\\/www.pcmadrid.es\\\/tienda\\\/producto\\\/router-inalambrico-tp-link-archer-c6-1200mbps-2-4ghz-5ghz-5-antenas-wifi-802-11ac-n-a-b-g-n\\\/#primaryimage\",\"url\":\"https:\\\/\\\/i0.wp.com\\\/www.pcmadrid.es\\\/tienda\\\/wp-content\\\/uploads\\\/2024\\\/05\\\/art_tpl-rou20archer20c620v2_1.jpg?fit=448%2C448&ssl=1\",\"contentUrl\":\"https:\\\/\\\/i0.wp.com\\\/www.pcmadrid.es\\\/tienda\\\/wp-content\\\/uploads\\\/2024\\\/05\\\/art_tpl-rou20archer20c620v2_1.jpg?fit=448%2C448&ssl=1\",\"width\":448,\"height\":448},{\"@type\":\"BreadcrumbList\",\"@id\":\"https:\\\/\\\/www.pcmadrid.es\\\/tienda\\\/producto\\\/router-inalambrico-tp-link-archer-c6-1200mbps-2-4ghz-5ghz-5-antenas-wifi-802-11ac-n-a-b-g-n\\\/#breadcrumb\",\"itemListElement\":[{\"@type\":\"ListItem\",\"position\":1,\"name\":\"Portada\",\"item\":\"https:\\\/\\\/www.pcmadrid.es\\\/tienda\\\/\"},{\"@type\":\"ListItem\",\"position\":2,\"name\":\"Todos los productos\",\"item\":\"https:\\\/\\\/www.pcmadrid.es\\\/tienda\\\/todos-los-productos\\\/\"},{\"@type\":\"ListItem\",\"position\":3,\"name\":\"Router Inal\u00e1mbrico TP-Link Archer C6 1200Mbps\\\/ 2.4GHz 5GHz\\\/ 5 Antenas\\\/ WiFi 802.11ac\\\/n\\\/a &#8211; b\\\/g\\\/n\"}]},{\"@type\":\"WebSite\",\"@id\":\"https:\\\/\\\/www.pcmadrid.es\\\/tienda\\\/#website\",\"url\":\"https:\\\/\\\/www.pcmadrid.es\\\/tienda\\\/\",\"name\":\"Tienda PCMADRID\",\"description\":\"Venta y reparaciones de ordenadores\",\"publisher\":{\"@id\":\"https:\\\/\\\/www.pcmadrid.es\\\/tienda\\\/#organization\"},\"potentialAction\":[{\"@type\":\"SearchAction\",\"target\":{\"@type\":\"EntryPoint\",\"urlTemplate\":\"https:\\\/\\\/www.pcmadrid.es\\\/tienda\\\/?s={search_term_string}\"},\"query-input\":{\"@type\":\"PropertyValueSpecification\",\"valueRequired\":true,\"valueName\":\"search_term_string\"}}],\"inLanguage\":\"es\"},{\"@type\":\"Organization\",\"@id\":\"https:\\\/\\\/www.pcmadrid.es\\\/tienda\\\/#organization\",\"name\":\"PCMADRID\",\"url\":\"https:\\\/\\\/www.pcmadrid.es\\\/tienda\\\/\",\"logo\":{\"@type\":\"ImageObject\",\"inLanguage\":\"es\",\"@id\":\"https:\\\/\\\/www.pcmadrid.es\\\/tienda\\\/#\\\/schema\\\/logo\\\/image\\\/\",\"url\":\"https:\\\/\\\/www.pcmadrid.es\\\/tienda\\\/wp-content\\\/uploads\\\/2019\\\/10\\\/pcmadridlogo..png\",\"contentUrl\":\"https:\\\/\\\/www.pcmadrid.es\\\/tienda\\\/wp-content\\\/uploads\\\/2019\\\/10\\\/pcmadridlogo..png\",\"width\":750,\"height\":300,\"caption\":\"PCMADRID\"},\"image\":{\"@id\":\"https:\\\/\\\/www.pcmadrid.es\\\/tienda\\\/#\\\/schema\\\/logo\\\/image\\\/\"},\"sameAs\":[\"https:\\\/\\\/www.facebook.com\\\/pcmadridinformatica\",\"https:\\\/\\\/x.com\\\/pc_madrid\",\"https:\\\/\\\/www.youtube.com\\\/channel\\\/UCIbQq9k6BBrU5x2wqDIHr7A\",\"https:\\\/\\\/www.instagram.com\\\/pcmadrid_informatica\\\/?hl=es\",\"https:\\\/\\\/www.linkedin.com\\\/company\\\/9348326\\\/admin\\\/\",\"https:\\\/\\\/www.pinterest.es\\\/pcmadrid_informatica\\\/\"]}]}<\/script>\n<!-- \/ Yoast SEO plugin. -->","yoast_head_json":{"title":"Router Inal\u00e1mbrico TP-Link Archer C6 1200Mbps\/ 2.4GHz 5GHz\/ 5 Antenas\/ WiFi 802.11ac\/n\/a - b\/g\/n | Tienda PCMADRID","robots":{"index":"index","follow":"follow","max-snippet":"max-snippet:-1","max-image-preview":"max-image-preview:large","max-video-preview":"max-video-preview:-1"},"canonical":"https:\/\/www.pcmadrid.es\/tienda\/producto\/router-inalambrico-tp-link-archer-c6-1200mbps-2-4ghz-5ghz-5-antenas-wifi-802-11ac-n-a-b-g-n\/","twitter_misc":{"Tiempo de lectura":"5 minutos"},"schema":{"@context":"https:\/\/schema.org","@graph":[{"@type":"WebPage","@id":"https:\/\/www.pcmadrid.es\/tienda\/producto\/router-inalambrico-tp-link-archer-c6-1200mbps-2-4ghz-5ghz-5-antenas-wifi-802-11ac-n-a-b-g-n\/","url":"https:\/\/www.pcmadrid.es\/tienda\/producto\/router-inalambrico-tp-link-archer-c6-1200mbps-2-4ghz-5ghz-5-antenas-wifi-802-11ac-n-a-b-g-n\/","name":"Router Inal\u00e1mbrico TP-Link Archer C6 1200Mbps\/ 2.4GHz 5GHz\/ 5 Antenas\/ WiFi 802.11ac\/n\/a - b\/g\/n | Tienda PCMADRID","isPartOf":{"@id":"https:\/\/www.pcmadrid.es\/tienda\/#website"},"primaryImageOfPage":{"@id":"https:\/\/www.pcmadrid.es\/tienda\/producto\/router-inalambrico-tp-link-archer-c6-1200mbps-2-4ghz-5ghz-5-antenas-wifi-802-11ac-n-a-b-g-n\/#primaryimage"},"image":{"@id":"https:\/\/www.pcmadrid.es\/tienda\/producto\/router-inalambrico-tp-link-archer-c6-1200mbps-2-4ghz-5ghz-5-antenas-wifi-802-11ac-n-a-b-g-n\/#primaryimage"},"thumbnailUrl":"https:\/\/i0.wp.com\/www.pcmadrid.es\/tienda\/wp-content\/uploads\/2024\/05\/art_tpl-rou20archer20c620v2_1.jpg?fit=448%2C448&ssl=1","datePublished":"2024-05-16T17:54:01+00:00","dateModified":"2025-06-23T11:59:26+00:00","breadcrumb":{"@id":"https:\/\/www.pcmadrid.es\/tienda\/producto\/router-inalambrico-tp-link-archer-c6-1200mbps-2-4ghz-5ghz-5-antenas-wifi-802-11ac-n-a-b-g-n\/#breadcrumb"},"inLanguage":"es","potentialAction":[{"@type":"ReadAction","target":["https:\/\/www.pcmadrid.es\/tienda\/producto\/router-inalambrico-tp-link-archer-c6-1200mbps-2-4ghz-5ghz-5-antenas-wifi-802-11ac-n-a-b-g-n\/"]}]},{"@type":"ImageObject","inLanguage":"es","@id":"https:\/\/www.pcmadrid.es\/tienda\/producto\/router-inalambrico-tp-link-archer-c6-1200mbps-2-4ghz-5ghz-5-antenas-wifi-802-11ac-n-a-b-g-n\/#primaryimage","url":"https:\/\/i0.wp.com\/www.pcmadrid.es\/tienda\/wp-content\/uploads\/2024\/05\/art_tpl-rou20archer20c620v2_1.jpg?fit=448%2C448&ssl=1","contentUrl":"https:\/\/i0.wp.com\/www.pcmadrid.es\/tienda\/wp-content\/uploads\/2024\/05\/art_tpl-rou20archer20c620v2_1.jpg?fit=448%2C448&ssl=1","width":448,"height":448},{"@type":"BreadcrumbList","@id":"https:\/\/www.pcmadrid.es\/tienda\/producto\/router-inalambrico-tp-link-archer-c6-1200mbps-2-4ghz-5ghz-5-antenas-wifi-802-11ac-n-a-b-g-n\/#breadcrumb","itemListElement":[{"@type":"ListItem","position":1,"name":"Portada","item":"https:\/\/www.pcmadrid.es\/tienda\/"},{"@type":"ListItem","position":2,"name":"Todos los productos","item":"https:\/\/www.pcmadrid.es\/tienda\/todos-los-productos\/"},{"@type":"ListItem","position":3,"name":"Router Inal\u00e1mbrico TP-Link Archer C6 1200Mbps\/ 2.4GHz 5GHz\/ 5 Antenas\/ WiFi 802.11ac\/n\/a &#8211; b\/g\/n"}]},{"@type":"WebSite","@id":"https:\/\/www.pcmadrid.es\/tienda\/#website","url":"https:\/\/www.pcmadrid.es\/tienda\/","name":"Tienda PCMADRID","description":"Venta y reparaciones de ordenadores","publisher":{"@id":"https:\/\/www.pcmadrid.es\/tienda\/#organization"},"potentialAction":[{"@type":"SearchAction","target":{"@type":"EntryPoint","urlTemplate":"https:\/\/www.pcmadrid.es\/tienda\/?s={search_term_string}"},"query-input":{"@type":"PropertyValueSpecification","valueRequired":true,"valueName":"search_term_string"}}],"inLanguage":"es"},{"@type":"Organization","@id":"https:\/\/www.pcmadrid.es\/tienda\/#organization","name":"PCMADRID","url":"https:\/\/www.pcmadrid.es\/tienda\/","logo":{"@type":"ImageObject","inLanguage":"es","@id":"https:\/\/www.pcmadrid.es\/tienda\/#\/schema\/logo\/image\/","url":"https:\/\/www.pcmadrid.es\/tienda\/wp-content\/uploads\/2019\/10\/pcmadridlogo..png","contentUrl":"https:\/\/www.pcmadrid.es\/tienda\/wp-content\/uploads\/2019\/10\/pcmadridlogo..png","width":750,"height":300,"caption":"PCMADRID"},"image":{"@id":"https:\/\/www.pcmadrid.es\/tienda\/#\/schema\/logo\/image\/"},"sameAs":["https:\/\/www.facebook.com\/pcmadridinformatica","https:\/\/x.com\/pc_madrid","https:\/\/www.youtube.com\/channel\/UCIbQq9k6BBrU5x2wqDIHr7A","https:\/\/www.instagram.com\/pcmadrid_informatica\/?hl=es","https:\/\/www.linkedin.com\/company\/9348326\/admin\/","https:\/\/www.pinterest.es\/pcmadrid_informatica\/"]}]}},"jetpack_sharing_enabled":true,"_links":{"self":[{"href":"https:\/\/www.pcmadrid.es\/tienda\/wp-json\/wp\/v2\/product\/12842","targetHints":{"allow":["GET"]}}],"collection":[{"href":"https:\/\/www.pcmadrid.es\/tienda\/wp-json\/wp\/v2\/product"}],"about":[{"href":"https:\/\/www.pcmadrid.es\/tienda\/wp-json\/wp\/v2\/types\/product"}],"replies":[{"embeddable":true,"href":"https:\/\/www.pcmadrid.es\/tienda\/wp-json\/wp\/v2\/comments?post=12842"}],"wp:featuredmedia":[{"embeddable":true,"href":"https:\/\/www.pcmadrid.es\/tienda\/wp-json\/wp\/v2\/media\/12841"}],"wp:attachment":[{"href":"https:\/\/www.pcmadrid.es\/tienda\/wp-json\/wp\/v2\/media?parent=12842"}],"wp:term":[{"taxonomy":"product_brand","embeddable":true,"href":"https:\/\/www.pcmadrid.es\/tienda\/wp-json\/wp\/v2\/product_brand?post=12842"},{"taxonomy":"product_cat","embeddable":true,"href":"https:\/\/www.pcmadrid.es\/tienda\/wp-json\/wp\/v2\/product_cat?post=12842"},{"taxonomy":"product_tag","embeddable":true,"href":"https:\/\/www.pcmadrid.es\/tienda\/wp-json\/wp\/v2\/product_tag?post=12842"}],"curies":[{"name":"wp","href":"https:\/\/api.w.org\/{rel}","templated":true}]}}