{"id":12844,"date":"2024-05-16T19:54:02","date_gmt":"2024-05-16T17:54:02","guid":{"rendered":"https:\/\/www.pcmadrid.es\/tienda\/producto\/router-inalambrico-tp-link-archer-c80-1900mbps-2-4ghz-5ghz-4-antenas-wifi-802-11ac-n-a-n-b-g\/"},"modified":"2025-06-23T13:59:26","modified_gmt":"2025-06-23T11:59:26","slug":"router-inalambrico-tp-link-archer-c80-1900mbps-2-4ghz-5ghz-4-antenas-wifi-802-11ac-n-a-n-b-g","status":"publish","type":"product","link":"https:\/\/www.pcmadrid.es\/tienda\/producto\/router-inalambrico-tp-link-archer-c80-1900mbps-2-4ghz-5ghz-4-antenas-wifi-802-11ac-n-a-n-b-g\/","title":{"rendered":"Router Inal\u00e1mbrico TP-Link Archer C80 1900Mbps\/ 2.4GHz 5GHz\/ 4 Antenas\/ WiFi 802.11ac\/n\/a &#8211; n\/b\/g"},"content":{"rendered":"<p>&#8221;                                                <\/p>\n<div>\n<h2>Rendimiento Wi-Fi M\u00e1ximo con Tres Flujos de Datos<\/h2>\n<p>Con MIMO\u00a03\u00d73, el\u00a0Archer C80 es capaz de transmitir y recibir datos en 3 flujos. Ordenadores\u00a03\u00d73 &#8212; como\u00a0Macs&#8212; emparejan a la perfecci\u00f3n con el C80 permitiendo una performance al m\u00e1ximo con una mayor eficiencia que los routers 2\u00d72 MIMO.<\/p>\n<h2>Wi-Fi Dom\u00e9stica\u00a0802.11ac Wave2 Incre\u00edble<\/h2>\n<p>Archer C80 entrega una WiFi de alta performance y econ\u00f3mica con velocidades totales de hasta\u00a01900 Mbps. Maneja\u00a0tareas simples como enviar correos electr\u00f3nicos o navegar por la web en la banda de 2.4 GHz y tareas intensivas de ancho de banda como juegos en l\u00ednea o transmisi\u00f3n 4K \/ 8K UHD en la banda de 5 GHz, todo sin lag.<\/p>\n<h2>Cobertura M\u00e1s Amplia en Toda Tu Casa<\/h2>\n<p>Accede\u00a0al entretenimiento desde todos los rincones de tu hogar con 4 antenas externas de alto rendimiento. La tecnolog\u00eda Beamforming detecta dispositivos y concentra la intensidad de la se\u00f1al inal\u00e1mbrica hacia ellos, incluso si est\u00e1n lejos o con poca energ\u00eda.<\/p>\n<h2>TP-Link OneMesh<br \/>Crear de manera Flexible una Wi-Fi en Toda la Casa<\/h2>\n<p>OneMesh &#8482; es una forma sencilla de formar una red Mesh con un solo nombre de Wi-Fi para una cobertura perfecta en todo el hogar. Simplemente conecte un extensor de rango OneMeshTM a un enrutador OneMesh. No m\u00e1s buscar una conexi\u00f3n estable.<\/p>\n<h2>Conecta M\u00e1s Equipos\u00a0Simult\u00e1neamente<\/h2>\n<p>El Archer C80 ayuda a los\u00a0dispositivos a lograr un rendimiento \u00f3ptimo al hacer que la comunicaci\u00f3n sea m\u00e1s eficiente con la tecnolog\u00eda MU-MIMO. Varios dispositivos pueden enviar y recibir datos en la mejor banda disponible. Disfruta de entretenimiento sin parar en todos tus dispositivos, sin demoras.<\/p>\n<h2>Seguridad Avanzada con WPA3<\/h2>\n<p>El \u00faltimo protocolo de seguridad Wi-Fi, WPA3, trae nuevas capacidades para mejorar la ciberseguridad en las redes personales. Un cifrado m\u00e1s seguro en la seguridad de la contrase\u00f1a de Wi-Fi y la protecci\u00f3n mejorada contra ataques de fuerza bruta se combinan para proteger su Wi-Fi dom\u00e9stico.<\/p>\n<h2>Eficiencia Aumentada en la Distribuci\u00f3n Wi-Fi<\/h2>\n<p>Smart Connect ayuda al router\u00a0a cambiar autom\u00e1ticamente la conexi\u00f3n de cada dispositivo a la mejor banda Wi-Fi disponible, mientras que Airtime Fairness evita que los dispositivos m\u00e1s antiguos ralenticen la\u00a0red. Con ambos, todos pueden disfrutar de una experiencia de Wi-Fi m\u00e1s fluida y sin demoras.<\/p>\n<h2>Puertos\u00a0Gigabit<\/h2>\n<p>Los puertos Gigabit Ethernet (1 WAN + 4 LAN) ofrecen velocidades m\u00e1ximas por cable. Conecta\u00a0PC, televisores inteligentes y consolas de juegos para obtener conexiones r\u00e1pidas y confiables.<\/p>\n<h2>Configuraci\u00f3n F\u00e1cil en la Punta de Tus Dedos<\/h2>\n<p>Configura el Archer C80 en minutos v\u00eda su interfaz web intuitiva o con la app Tether. Esta tambi\u00e9n permite la gesti\u00f3n de la red desde cualquier dispositivo Android o\u00a0iOS.<\/p>\n<p><\/div>\n<div><\/div>\n<ul>\n<li>\n<h2>INAL\u00c1MBRICOS<\/h2>\n<\/li>\n<li>Standards: Wi-Fi 5<\/li>\n<li>IEEE 802.11ac\/n\/a 5 GHz<\/li>\n<li>IEEE 802.11n\/b\/g 2.4 GHz<\/li>\n<li>WiFi Speeds: AC1900<\/li>\n<li>5 GHz: 1300 Mbps (802.11ac)<\/li>\n<li>2.4 GHz: 600 Mbps (802.11n)<\/li>\n<li>WiFi Range: Casa 3 habitaciones<\/li>\n<li>4\u00d7 Antenas fijas Alto Rendimiento<\/li>\n<li>M\u00faltiples antenas forman una matriz de aumento de se\u00f1al para cubrir m\u00e1s direcciones y grandes \u00e1reas<\/li>\n<li>Beamforming<\/li>\n<li>Concentra la intensidad de la se\u00f1al inal\u00e1mbrica hacia los clientes para ampliar el alcance de WiFi<\/li>\n<li>FEM alta potencia<\/li>\n<li>Mejora la potencia de transmisi\u00f3n para fortalecer la cobertura de la se\u00f1al.<\/li>\n<li>WiFi Capacity: Medio<\/li>\n<li>Doble Banda<\/li>\n<li>Asignaci\u00f3n dispositivos a diferentes bandas para un rendimiento \u00f3ptimo<\/li>\n<li>3\u00d73 MU-MIMO<\/li>\n<li>Comunicaci\u00f3n simult\u00e1nea con m\u00faltiples clientes MU-MIMO<\/li>\n<li>Airtime Fairness<\/li>\n<li>Mejora la eficiencia de la red al limitar la ocupaci\u00f3n excesiva<\/li>\n<li>Working Modes: Modo Router<\/li>\n<li>Modo Punto de Acceso<\/li>\n<li>\n<h2>HARDWARE<\/h2>\n<\/li>\n<li>Processor: 1.2 GHz CPU<\/li>\n<li>Ethernet Ports: 1\u00d7 Puerto WAN Gigabit<\/li>\n<li>4\u00d7 Puertos LAN Gigabit<\/li>\n<li>Buttons: Bot\u00f3n WPS\/Wi-Fi<\/li>\n<li>Bot\u00f3n encendido On\/Off<\/li>\n<li>Bot\u00f3n reset<\/li>\n<li>\n<h2>SEGURIDAD<\/h2>\n<\/li>\n<li>WiFi Encryption: WEP<\/li>\n<li>WPA<\/li>\n<li>WPA2<\/li>\n<li>WPA\/WPA2-Enterprise (802.1x)<\/li>\n<li>Network Security: SPI Firewall<\/li>\n<li>Control de Acceso<\/li>\n<li>Uni\u00f3n IP y MAC<\/li>\n<li>Application Layer Gateway<\/li>\n<li>Guest Network: 1\u00d7 5 GHz Red de invitados<\/li>\n<li>1\u00d7 2.4 GHz Red de invitados<\/li>\n<li>\n<h2>SOFTWARE<\/h2>\n<\/li>\n<li>Protocols: IPv4<\/li>\n<li>IPv6<\/li>\n<li>Parental Controls: Filtrado URL<\/li>\n<li>Control horario<\/li>\n<li>WAN Types: IP Din\u00e1mica<\/li>\n<li>IP Est\u00e1tica<\/li>\n<li>PPPoE<\/li>\n<li>PPTP<\/li>\n<li>L2TP<\/li>\n<li>Quality of Service: QoS by Device<\/li>\n<li>Cloud Service: Actualizaci\u00f3n firmware OTA<\/li>\n<li>TP-Link ID<\/li>\n<li>DDNS<\/li>\n<li>NAT Forwarding: Reenv\u00edo de puertos<\/li>\n<li>Activaci\u00f3n de puertos<\/li>\n<li>DMZ<\/li>\n<li>UPnP<\/li>\n<li>IPTV: IGMP Proxy<\/li>\n<li>IGMP Snooping<\/li>\n<li>Bridge<\/li>\n<li>Tag VLAN<\/li>\n<li>DHCP: Reserva de direcciones<\/li>\n<li>Lista cliente DHCP<\/li>\n<li>Servidor<\/li>\n<li>DDNS: TP-Link<\/li>\n<li>NO-IP<\/li>\n<li>DynDNS<\/li>\n<li>Management: Tether App<\/li>\n<li>Webpage<\/li>\n<li>Check Web Emulator><\/li>\n<li>\n<h2>PHYSICAL<\/h2>\n<\/li>\n<li>Dimensions (W\u00d7D\u00d7H): 215 \u00d7 117 \u00d7 32 mm 5 \u00d7 4.6 \u00d7 1.26 in<\/li>\n<li>(5 \u00d7 4.6 \u00d7 1.26 in)<\/li>\n<li>Package Contents: Wi-Fi Router Archer C80<\/li>\n<li>Adaptador de energ\u00eda<\/li>\n<li>Cable Ethernet RJ45<\/li>\n<li>Gu\u00eda de Instalaci\u00f3n R\u00e1pida<\/li>\n<li>\n<h2>OTHER<\/h2>\n<\/li>\n<li>System Requirements: Internet Explorer 11+, Firefox 12.0+, Chrome 20.0+, Safari 4.0+, o navegadores compatible con JavaScript<\/li>\n<li>Cable o M\u00f3dem DSL(si necesario)<\/li>\n<li>Suscripci\u00f3n con un proveedor de servicios de internet (para acceso a internet)<\/li>\n<li>Certifications: FCC, CE, RoHS<\/li>\n<li>Environment: Temperatura de funcionamiento: 0&#8451;~40&#8451; (32&#8457; ~104&#8457;)<\/li>\n<li>Temperatura de almacenamiento: -40&#8451;~70&#8451; (-40&#8457; ~158&#8457;)<\/li>\n<li>Humedad de funcionamiento: 10%~90% sin condensaci\u00f3n<\/li>\n<li>Humedad de almacenamiento: 5%~90% sin condensaci\u00f3n<\/li>\n<\/ul>\n<p>                                            &#8220;<\/p>\n","protected":false},"excerpt":{"rendered":"<p>Router inal\u00e1mbrico tp-link archer c80 1900mbps\/ 2.4ghz 5ghz\/ 4 antenas\/ wifi 802.11ac\/n\/a &#8211; n\/b\/g<\/p>\n","protected":false},"featured_media":12843,"comment_status":"open","ping_status":"closed","template":"","meta":{"_et_pb_use_builder":"","_et_pb_old_content":"","_et_gb_content_width":""},"product_brand":[],"product_cat":[528,65],"product_tag":[],"class_list":{"0":"post-12844","1":"product","2":"type-product","3":"status-publish","4":"has-post-thumbnail","6":"product_cat-routers-wifi","7":"product_cat-todos","9":"first","10":"instock","11":"taxable","12":"shipping-taxable","13":"purchasable","14":"product-type-simple"},"yoast_head":"<!-- This site is optimized with the Yoast SEO plugin v27.5 - https:\/\/yoast.com\/product\/yoast-seo-wordpress\/ -->\n<title>Router Inal\u00e1mbrico TP-Link Archer C80 1900Mbps\/ 2.4GHz 5GHz\/ 4 Antenas\/ WiFi 802.11ac\/n\/a - n\/b\/g | Tienda PCMADRID<\/title>\n<meta name=\"robots\" content=\"index, follow, max-snippet:-1, max-image-preview:large, max-video-preview:-1\" \/>\n<link rel=\"canonical\" href=\"https:\/\/www.pcmadrid.es\/tienda\/producto\/router-inalambrico-tp-link-archer-c80-1900mbps-2-4ghz-5ghz-4-antenas-wifi-802-11ac-n-a-n-b-g\/\" \/>\n<meta name=\"twitter:label1\" content=\"Tiempo de lectura\" \/>\n\t<meta name=\"twitter:data1\" content=\"4 minutos\" \/>\n<script type=\"application\/ld+json\" class=\"yoast-schema-graph\">{\"@context\":\"https:\\\/\\\/schema.org\",\"@graph\":[{\"@type\":\"WebPage\",\"@id\":\"https:\\\/\\\/www.pcmadrid.es\\\/tienda\\\/producto\\\/router-inalambrico-tp-link-archer-c80-1900mbps-2-4ghz-5ghz-4-antenas-wifi-802-11ac-n-a-n-b-g\\\/\",\"url\":\"https:\\\/\\\/www.pcmadrid.es\\\/tienda\\\/producto\\\/router-inalambrico-tp-link-archer-c80-1900mbps-2-4ghz-5ghz-4-antenas-wifi-802-11ac-n-a-n-b-g\\\/\",\"name\":\"Router Inal\u00e1mbrico TP-Link Archer C80 1900Mbps\\\/ 2.4GHz 5GHz\\\/ 4 Antenas\\\/ WiFi 802.11ac\\\/n\\\/a - n\\\/b\\\/g | Tienda PCMADRID\",\"isPartOf\":{\"@id\":\"https:\\\/\\\/www.pcmadrid.es\\\/tienda\\\/#website\"},\"primaryImageOfPage\":{\"@id\":\"https:\\\/\\\/www.pcmadrid.es\\\/tienda\\\/producto\\\/router-inalambrico-tp-link-archer-c80-1900mbps-2-4ghz-5ghz-4-antenas-wifi-802-11ac-n-a-n-b-g\\\/#primaryimage\"},\"image\":{\"@id\":\"https:\\\/\\\/www.pcmadrid.es\\\/tienda\\\/producto\\\/router-inalambrico-tp-link-archer-c80-1900mbps-2-4ghz-5ghz-4-antenas-wifi-802-11ac-n-a-n-b-g\\\/#primaryimage\"},\"thumbnailUrl\":\"https:\\\/\\\/i0.wp.com\\\/www.pcmadrid.es\\\/tienda\\\/wp-content\\\/uploads\\\/2024\\\/05\\\/art_tpl-rou20archer20c80_1.jpg?fit=448%2C448&ssl=1\",\"datePublished\":\"2024-05-16T17:54:02+00:00\",\"dateModified\":\"2025-06-23T11:59:26+00:00\",\"breadcrumb\":{\"@id\":\"https:\\\/\\\/www.pcmadrid.es\\\/tienda\\\/producto\\\/router-inalambrico-tp-link-archer-c80-1900mbps-2-4ghz-5ghz-4-antenas-wifi-802-11ac-n-a-n-b-g\\\/#breadcrumb\"},\"inLanguage\":\"es\",\"potentialAction\":[{\"@type\":\"ReadAction\",\"target\":[\"https:\\\/\\\/www.pcmadrid.es\\\/tienda\\\/producto\\\/router-inalambrico-tp-link-archer-c80-1900mbps-2-4ghz-5ghz-4-antenas-wifi-802-11ac-n-a-n-b-g\\\/\"]}]},{\"@type\":\"ImageObject\",\"inLanguage\":\"es\",\"@id\":\"https:\\\/\\\/www.pcmadrid.es\\\/tienda\\\/producto\\\/router-inalambrico-tp-link-archer-c80-1900mbps-2-4ghz-5ghz-4-antenas-wifi-802-11ac-n-a-n-b-g\\\/#primaryimage\",\"url\":\"https:\\\/\\\/i0.wp.com\\\/www.pcmadrid.es\\\/tienda\\\/wp-content\\\/uploads\\\/2024\\\/05\\\/art_tpl-rou20archer20c80_1.jpg?fit=448%2C448&ssl=1\",\"contentUrl\":\"https:\\\/\\\/i0.wp.com\\\/www.pcmadrid.es\\\/tienda\\\/wp-content\\\/uploads\\\/2024\\\/05\\\/art_tpl-rou20archer20c80_1.jpg?fit=448%2C448&ssl=1\",\"width\":448,\"height\":448},{\"@type\":\"BreadcrumbList\",\"@id\":\"https:\\\/\\\/www.pcmadrid.es\\\/tienda\\\/producto\\\/router-inalambrico-tp-link-archer-c80-1900mbps-2-4ghz-5ghz-4-antenas-wifi-802-11ac-n-a-n-b-g\\\/#breadcrumb\",\"itemListElement\":[{\"@type\":\"ListItem\",\"position\":1,\"name\":\"Portada\",\"item\":\"https:\\\/\\\/www.pcmadrid.es\\\/tienda\\\/\"},{\"@type\":\"ListItem\",\"position\":2,\"name\":\"Todos los productos\",\"item\":\"https:\\\/\\\/www.pcmadrid.es\\\/tienda\\\/todos-los-productos\\\/\"},{\"@type\":\"ListItem\",\"position\":3,\"name\":\"Router Inal\u00e1mbrico TP-Link Archer C80 1900Mbps\\\/ 2.4GHz 5GHz\\\/ 4 Antenas\\\/ WiFi 802.11ac\\\/n\\\/a &#8211; n\\\/b\\\/g\"}]},{\"@type\":\"WebSite\",\"@id\":\"https:\\\/\\\/www.pcmadrid.es\\\/tienda\\\/#website\",\"url\":\"https:\\\/\\\/www.pcmadrid.es\\\/tienda\\\/\",\"name\":\"Tienda PCMADRID\",\"description\":\"Venta y reparaciones de ordenadores\",\"publisher\":{\"@id\":\"https:\\\/\\\/www.pcmadrid.es\\\/tienda\\\/#organization\"},\"potentialAction\":[{\"@type\":\"SearchAction\",\"target\":{\"@type\":\"EntryPoint\",\"urlTemplate\":\"https:\\\/\\\/www.pcmadrid.es\\\/tienda\\\/?s={search_term_string}\"},\"query-input\":{\"@type\":\"PropertyValueSpecification\",\"valueRequired\":true,\"valueName\":\"search_term_string\"}}],\"inLanguage\":\"es\"},{\"@type\":\"Organization\",\"@id\":\"https:\\\/\\\/www.pcmadrid.es\\\/tienda\\\/#organization\",\"name\":\"PCMADRID\",\"url\":\"https:\\\/\\\/www.pcmadrid.es\\\/tienda\\\/\",\"logo\":{\"@type\":\"ImageObject\",\"inLanguage\":\"es\",\"@id\":\"https:\\\/\\\/www.pcmadrid.es\\\/tienda\\\/#\\\/schema\\\/logo\\\/image\\\/\",\"url\":\"https:\\\/\\\/www.pcmadrid.es\\\/tienda\\\/wp-content\\\/uploads\\\/2019\\\/10\\\/pcmadridlogo..png\",\"contentUrl\":\"https:\\\/\\\/www.pcmadrid.es\\\/tienda\\\/wp-content\\\/uploads\\\/2019\\\/10\\\/pcmadridlogo..png\",\"width\":750,\"height\":300,\"caption\":\"PCMADRID\"},\"image\":{\"@id\":\"https:\\\/\\\/www.pcmadrid.es\\\/tienda\\\/#\\\/schema\\\/logo\\\/image\\\/\"},\"sameAs\":[\"https:\\\/\\\/www.facebook.com\\\/pcmadridinformatica\",\"https:\\\/\\\/x.com\\\/pc_madrid\",\"https:\\\/\\\/www.youtube.com\\\/channel\\\/UCIbQq9k6BBrU5x2wqDIHr7A\",\"https:\\\/\\\/www.instagram.com\\\/pcmadrid_informatica\\\/?hl=es\",\"https:\\\/\\\/www.linkedin.com\\\/company\\\/9348326\\\/admin\\\/\",\"https:\\\/\\\/www.pinterest.es\\\/pcmadrid_informatica\\\/\"]}]}<\/script>\n<!-- \/ Yoast SEO plugin. -->","yoast_head_json":{"title":"Router Inal\u00e1mbrico TP-Link Archer C80 1900Mbps\/ 2.4GHz 5GHz\/ 4 Antenas\/ WiFi 802.11ac\/n\/a - n\/b\/g | Tienda PCMADRID","robots":{"index":"index","follow":"follow","max-snippet":"max-snippet:-1","max-image-preview":"max-image-preview:large","max-video-preview":"max-video-preview:-1"},"canonical":"https:\/\/www.pcmadrid.es\/tienda\/producto\/router-inalambrico-tp-link-archer-c80-1900mbps-2-4ghz-5ghz-4-antenas-wifi-802-11ac-n-a-n-b-g\/","twitter_misc":{"Tiempo de lectura":"4 minutos"},"schema":{"@context":"https:\/\/schema.org","@graph":[{"@type":"WebPage","@id":"https:\/\/www.pcmadrid.es\/tienda\/producto\/router-inalambrico-tp-link-archer-c80-1900mbps-2-4ghz-5ghz-4-antenas-wifi-802-11ac-n-a-n-b-g\/","url":"https:\/\/www.pcmadrid.es\/tienda\/producto\/router-inalambrico-tp-link-archer-c80-1900mbps-2-4ghz-5ghz-4-antenas-wifi-802-11ac-n-a-n-b-g\/","name":"Router Inal\u00e1mbrico TP-Link Archer C80 1900Mbps\/ 2.4GHz 5GHz\/ 4 Antenas\/ WiFi 802.11ac\/n\/a - n\/b\/g | Tienda PCMADRID","isPartOf":{"@id":"https:\/\/www.pcmadrid.es\/tienda\/#website"},"primaryImageOfPage":{"@id":"https:\/\/www.pcmadrid.es\/tienda\/producto\/router-inalambrico-tp-link-archer-c80-1900mbps-2-4ghz-5ghz-4-antenas-wifi-802-11ac-n-a-n-b-g\/#primaryimage"},"image":{"@id":"https:\/\/www.pcmadrid.es\/tienda\/producto\/router-inalambrico-tp-link-archer-c80-1900mbps-2-4ghz-5ghz-4-antenas-wifi-802-11ac-n-a-n-b-g\/#primaryimage"},"thumbnailUrl":"https:\/\/i0.wp.com\/www.pcmadrid.es\/tienda\/wp-content\/uploads\/2024\/05\/art_tpl-rou20archer20c80_1.jpg?fit=448%2C448&ssl=1","datePublished":"2024-05-16T17:54:02+00:00","dateModified":"2025-06-23T11:59:26+00:00","breadcrumb":{"@id":"https:\/\/www.pcmadrid.es\/tienda\/producto\/router-inalambrico-tp-link-archer-c80-1900mbps-2-4ghz-5ghz-4-antenas-wifi-802-11ac-n-a-n-b-g\/#breadcrumb"},"inLanguage":"es","potentialAction":[{"@type":"ReadAction","target":["https:\/\/www.pcmadrid.es\/tienda\/producto\/router-inalambrico-tp-link-archer-c80-1900mbps-2-4ghz-5ghz-4-antenas-wifi-802-11ac-n-a-n-b-g\/"]}]},{"@type":"ImageObject","inLanguage":"es","@id":"https:\/\/www.pcmadrid.es\/tienda\/producto\/router-inalambrico-tp-link-archer-c80-1900mbps-2-4ghz-5ghz-4-antenas-wifi-802-11ac-n-a-n-b-g\/#primaryimage","url":"https:\/\/i0.wp.com\/www.pcmadrid.es\/tienda\/wp-content\/uploads\/2024\/05\/art_tpl-rou20archer20c80_1.jpg?fit=448%2C448&ssl=1","contentUrl":"https:\/\/i0.wp.com\/www.pcmadrid.es\/tienda\/wp-content\/uploads\/2024\/05\/art_tpl-rou20archer20c80_1.jpg?fit=448%2C448&ssl=1","width":448,"height":448},{"@type":"BreadcrumbList","@id":"https:\/\/www.pcmadrid.es\/tienda\/producto\/router-inalambrico-tp-link-archer-c80-1900mbps-2-4ghz-5ghz-4-antenas-wifi-802-11ac-n-a-n-b-g\/#breadcrumb","itemListElement":[{"@type":"ListItem","position":1,"name":"Portada","item":"https:\/\/www.pcmadrid.es\/tienda\/"},{"@type":"ListItem","position":2,"name":"Todos los productos","item":"https:\/\/www.pcmadrid.es\/tienda\/todos-los-productos\/"},{"@type":"ListItem","position":3,"name":"Router Inal\u00e1mbrico TP-Link Archer C80 1900Mbps\/ 2.4GHz 5GHz\/ 4 Antenas\/ WiFi 802.11ac\/n\/a &#8211; n\/b\/g"}]},{"@type":"WebSite","@id":"https:\/\/www.pcmadrid.es\/tienda\/#website","url":"https:\/\/www.pcmadrid.es\/tienda\/","name":"Tienda PCMADRID","description":"Venta y reparaciones de ordenadores","publisher":{"@id":"https:\/\/www.pcmadrid.es\/tienda\/#organization"},"potentialAction":[{"@type":"SearchAction","target":{"@type":"EntryPoint","urlTemplate":"https:\/\/www.pcmadrid.es\/tienda\/?s={search_term_string}"},"query-input":{"@type":"PropertyValueSpecification","valueRequired":true,"valueName":"search_term_string"}}],"inLanguage":"es"},{"@type":"Organization","@id":"https:\/\/www.pcmadrid.es\/tienda\/#organization","name":"PCMADRID","url":"https:\/\/www.pcmadrid.es\/tienda\/","logo":{"@type":"ImageObject","inLanguage":"es","@id":"https:\/\/www.pcmadrid.es\/tienda\/#\/schema\/logo\/image\/","url":"https:\/\/www.pcmadrid.es\/tienda\/wp-content\/uploads\/2019\/10\/pcmadridlogo..png","contentUrl":"https:\/\/www.pcmadrid.es\/tienda\/wp-content\/uploads\/2019\/10\/pcmadridlogo..png","width":750,"height":300,"caption":"PCMADRID"},"image":{"@id":"https:\/\/www.pcmadrid.es\/tienda\/#\/schema\/logo\/image\/"},"sameAs":["https:\/\/www.facebook.com\/pcmadridinformatica","https:\/\/x.com\/pc_madrid","https:\/\/www.youtube.com\/channel\/UCIbQq9k6BBrU5x2wqDIHr7A","https:\/\/www.instagram.com\/pcmadrid_informatica\/?hl=es","https:\/\/www.linkedin.com\/company\/9348326\/admin\/","https:\/\/www.pinterest.es\/pcmadrid_informatica\/"]}]}},"jetpack_sharing_enabled":true,"_links":{"self":[{"href":"https:\/\/www.pcmadrid.es\/tienda\/wp-json\/wp\/v2\/product\/12844","targetHints":{"allow":["GET"]}}],"collection":[{"href":"https:\/\/www.pcmadrid.es\/tienda\/wp-json\/wp\/v2\/product"}],"about":[{"href":"https:\/\/www.pcmadrid.es\/tienda\/wp-json\/wp\/v2\/types\/product"}],"replies":[{"embeddable":true,"href":"https:\/\/www.pcmadrid.es\/tienda\/wp-json\/wp\/v2\/comments?post=12844"}],"wp:featuredmedia":[{"embeddable":true,"href":"https:\/\/www.pcmadrid.es\/tienda\/wp-json\/wp\/v2\/media\/12843"}],"wp:attachment":[{"href":"https:\/\/www.pcmadrid.es\/tienda\/wp-json\/wp\/v2\/media?parent=12844"}],"wp:term":[{"taxonomy":"product_brand","embeddable":true,"href":"https:\/\/www.pcmadrid.es\/tienda\/wp-json\/wp\/v2\/product_brand?post=12844"},{"taxonomy":"product_cat","embeddable":true,"href":"https:\/\/www.pcmadrid.es\/tienda\/wp-json\/wp\/v2\/product_cat?post=12844"},{"taxonomy":"product_tag","embeddable":true,"href":"https:\/\/www.pcmadrid.es\/tienda\/wp-json\/wp\/v2\/product_tag?post=12844"}],"curies":[{"name":"wp","href":"https:\/\/api.w.org\/{rel}","templated":true}]}}