{"id":12846,"date":"2024-05-16T19:54:03","date_gmt":"2024-05-16T17:54:03","guid":{"rendered":"https:\/\/www.pcmadrid.es\/tienda\/producto\/router-inalambrico-4g-tp-link-archer-mr200-v2-750mbps-2-4ghz-5ghz-2-antenas-wifi-802-11ac-n-a-b-g-n\/"},"modified":"2025-06-23T13:59:26","modified_gmt":"2025-06-23T11:59:26","slug":"router-inalambrico-4g-tp-link-archer-mr200-v2-750mbps-2-4ghz-5ghz-2-antenas-wifi-802-11ac-n-a-b-g-n","status":"publish","type":"product","link":"https:\/\/www.pcmadrid.es\/tienda\/producto\/router-inalambrico-4g-tp-link-archer-mr200-v2-750mbps-2-4ghz-5ghz-2-antenas-wifi-802-11ac-n-a-b-g-n\/","title":{"rendered":"Router Inal\u00e1mbrico 4G TP-Link Archer MR200 V2 750Mbps\/ 2.4GHz 5GHz\/ 2 Antenas\/ WiFi 802.11ac\/n\/a &#8211; b\/g\/n"},"content":{"rendered":"<p>&#8220;<\/p>\n<h2>Disfrute de la conexi\u00f3n inal\u00e1mbrica 4G en todas partes<\/h2>\n<p>Router&nbsp;4G LTE inal\u00e1mbrico de doble banda AC750<\/p>\n<h2>\u00bfTienes tarjeta SIM? \u00a1Entonces Conecta y listo!<\/h2>\n<p>Con un m\u00f3dem 4G LTE integrado y una ranura para tarjeta SIM incorporada, solo hay que insertar una tarjeta SIM y encender el Archer MR200. Disfrutar de Wi-Fi r\u00e1pido y estable en una red 4G LTE nunca ha sido tan f\u00e1cil.<\/p>\n<h2>Compartir&nbsp;la&nbsp;red 4G LTE<\/h2>\n<p>Aprovechar&nbsp;al m\u00e1ximo la&nbsp;red 4G LTE de vanguardia con el Archer MR200, permitiendo&nbsp;compartir la red con m\u00faltiples dispositivos para disfrutar de pel\u00edculas HD ininterrumpidas, descargas r\u00e1pidas de archivos que no se congelar\u00e1n. Tambi\u00e9n es totalmente compatible con FDD-LTE y TDD-LTE, que son compatibles con la mayor\u00eda de los operadores de todo el mundo.<\/p>\n<h2>Acceso a Internet para hasta 64 dispositivos simult\u00e1neamente<\/h2>\n<p>El Archer MR200 puede compartir f\u00e1cilmente una conexi\u00f3n 3G \/ 4G con hasta 64 dispositivos inal\u00e1mbricos como tablets, computadoras port\u00e1tiles y tel\u00e9fonos m\u00f3viles al mismo tiempo. Tambi\u00e9n puede proporcionar acceso a Internet para ordenadores de escritorio a trav\u00e9s de los puertos LAN.<\/p>\n<h2>Wi-Fi donde se&nbsp;necesita<\/h2>\n<p>El Archer MR200 ofrece una comodidad y versatilidad incomparables. La capacidad de establecer r\u00e1pidamente poderosas redes inal\u00e1mbricas puede ser tremendamente importante. El Archer MR200 es la soluci\u00f3n perfecta, ya sea que uno est\u00e9 en casa o trabajando en un lugar remoto. Simplemente basta conectar&nbsp;para aumentar la productividad en el sitio y permanecer conectado en una amplia gama de entornos. Desde el centro de exposiciones hasta la RV, el Archer MR200 lo tiene cubierto.<\/p>\n<h2>Manejo sencillo<\/h2>\n<p>Configurar&nbsp;el Archer MR200 en minutos gracias a su interfaz web intuitiva y la poderosa aplicaci\u00f3n Tether. Tether tambi\u00e9n permite administrar la&nbsp;configuraci\u00f3n de red desde cualquier dispositivo Android o iOS, incluidos los controles parentales y el control de acceso.<\/p>\n<\/p>\n<ul>\n<li>Comparta su red 4G LTE con m\u00faltiples dispositivos Wi-Fi y disfrute de velocidades de descarga de hasta 150Mbps<\/li>\n<li>Potente, antenas integradas que proporcionan conexiones inal\u00e1mbricas estables y mejor cobertura<\/li>\n<li>No requiere configuraci\u00f3n, tan solo inserte una tarjeta SIM y enci\u00e9ndalo para disfrutar de una r\u00e1pida conexi\u00f3n inal\u00e1mbrica<\/li>\n<li>Crea redes Wi-Fi de doble banda simult\u00e1nea, con un m\u00e1ximo de velocidad de hasta 300Mbps en la banda de 2.4GHz y 433Mbps en la banda de 5GHz<\/li>\n<li>Ofrece opciones y flexibilidad con el puerto LAN\/WAN, permiti\u00e9ndole elegir su tipo de conexi\u00f3n<\/li>\n<\/ul>\n<p><\/p>\n<p><\/p>\n<h2>Especificaciones t\u00e9cnicas<\/h2>\n<ul>\n<li>Interfaces: 3 Puertos LAN 10\/100Mbps, 1 Puerto LAN\/WAN 10\/100Mbps, 1 Ranura para Tarjeta SIM<\/li>\n<li>Botones: Bot\u00f3n WPS\/Reset, Bot\u00f3n Wi-Fi On\/Off, Bot\u00f3n Power On\/Off<\/li>\n<li>Dimensiones: 7.95 x 5.55 x 1.32 in. (202 x 141 x 33.6 mm)<\/li>\n<li>Antenas: 3 Antenas Wi-Fi Internas y 2 Antenas 4G LTE Externas Desmontables<\/li>\n<li>Fuente de Alimentaci\u00f3n Externa: 12V\/1A<\/li>\n<li>Dimensiones: 202 x 141 x 33.6 mm<\/li>\n<li>\n<h2>CARACTER\u00cdSTICAS INAL\u00c1MBRICAS<\/h2>\n<\/li>\n<li>Est\u00e1ndares Inal\u00e1mbricos: IEEE 802.11ac\/n\/a 5GHz, IEEE 802.11b\/g\/n 2.4GHz<\/li>\n<li>Frecuencia: 2.4GHz y 5GHz<\/li>\n<li>Tasa de Se\u00f1al: 300Mbps en 2.4GHz y 433Mbps en 5GHz<\/li>\n<li>Sensibilidad de Recepci\u00f3n&nbsp;<\/li>\n<ul>\n<li>5GHz: 11a 54M: -74dBm<\/li>\n<li>11ac HT20: -67dBm<\/li>\n<li>11ac HT40: -64dBm<\/li>\n<li>11ac HT80 : -60dBm<\/li>\n<li>11n HT20: -71dBm<\/li>\n<li>11n HT40: -70dBm<\/li>\n<li>2.4G: 11g 54M: -76dBm<\/li>\n<li>11n HT20: -73dBm<\/li>\n<li>11n HT40: -67dBm<\/li>\n<\/ul>\n<li>Potencia de Transmisi\u00f3n: CE: &lt;20dBm(2.4GHz), &lt;23dBm(5GHz)<\/li>\n<li>Funciones Inal\u00e1mbricas: Habilitar\/Deshabilitar la Emisi\u00f3n Inal\u00e1mbrica, WDS Bridge, WMM y Estad\u00edsticas Inal\u00e1mbricas<\/li>\n<li>Seguridad Inal\u00e1mbrica: Encriptaciones 64\/128-bit WEP, WPA\/WPA2 y WPA-PSK\/WPA2-PSK<\/li>\n<li>Tipo de Red:<\/li>\n<ul>\n<li>4G: FDD-LTE Cat4 (800\/900\/1800\/2100\/2600MHz)<\/li>\n<li>TDD-LTE (2300\/2600MHz)<\/li>\n<li>3G: DC-HSPA+\/HSPA+\/HSPA\/UMTS (900\/2100MHz)<\/li>\n<li>2G: EDGE\/GPRS\/GSM (850\/900\/1800\/1900MHz)<\/li>\n<\/ul>\n<li>\n<h2>CARACTER\u00cdSTICAS DE SOFTWARE<\/h2>\n<\/li>\n<li>Calidad de Servicio: Control de Tr\u00e1fico (IP QoS)<\/li>\n<li>Modo de Funcionamiento: Router 3G\/4G, Router Inal\u00e1mbrico<\/li>\n<li>Tipo de WAN: IP Din\u00e1mica\/IP Est\u00e1tica\/PPPoE\/PPTP(Acceso Dual)\/L2TP(Acceso Dual)<\/li>\n<li>Gesti\u00f3n: Control de Acceso, Gesti\u00f3n Local y Gesti\u00f3n Remota<\/li>\n<li>DHCP: Servidor, Cliente, Lista de Clientes DHCP, Reserva de Direcciones<\/li>\n<li>Reenv\u00edo de Puertos: Servidor Virtual, Port Triggering, UPnP y DMZ<\/li>\n<li>DNS Din\u00e1mico: DynDns, NO-IP<\/li>\n<li>VPN Pass-Through: PPTP, L2TP, IPSec<\/li>\n<li>Control de Acceso: Control Parental, Control de Gesti\u00f3n Local, Lista de Hosts, Programaci\u00f3n de Acceso y Gesti\u00f3n de Reglas<\/li>\n<li>Seguridad Firewall: DoS, Firewall SPI, Filtrado de Direcciones IP\/Dominios<\/li>\n<li>Vinculaci\u00f3n de Direcciones IP y MAC<\/li>\n<li>Protocolos: Soporta IPv4 e IPv6<\/li>\n<li>Red de Invitados: 1 Red de Invitados en 2.4GHz y 1Red de Invitados en 5GHz<\/li>\n<li>\n<h2>OTROS<\/h2>\n<\/li>\n<li>Certificaciones: CE, FCC, RoHS<\/li>\n<li>Contenido del Paquete<\/li>\n<ul>\n<li>Router 4G LTE Inal\u00e1mbrico de Doble Banda AC750, Archer MR200<\/li>\n<li>Cable Ethernet RJ45<\/li>\n<li>Fuente de Alimentaci\u00f3n<\/li>\n<li>Gu\u00eda de Instalaci\u00f3n R\u00e1pida<\/li>\n<\/ul>\n<li>Requisitos del sistema:\n<ul>\n<li>Microsoft Windows 98SE, NT, 2000, XP, Vista\u0099 o Windows 7, 8, 8.1, MAC OS, NetWare, UNIX o Linux<\/li>\n<li>Internet Explorer 11, Firefox 12.0, Chrome 20.0, navegadores Safari 4.0 o superiores, u otros navegadores que tengan Java<\/li>\n<li>Tarjeta SIM<\/li>\n<\/ul>\n<\/li>\n<li>Ambiente<\/li>\n<ul>\n<li>Temperatura de Funcionamiento: 0?~40? (32? ~104?)<\/li>\n<li>Temperatura de Almacenamiento: -40?~70? (-40? ~158?)<\/li>\n<li>Humedad de Funcionamiento: 10%~90% sin condensaci\u00f3n<\/li>\n<li>Humedad de Almacenamiento: 5%~90% sin condensaci\u00f3n<\/li>\n<\/ul>\n<\/ul>\n<p>\n&#8220;<\/p>\n","protected":false},"excerpt":{"rendered":"<p>Router inal\u00e1mbrico 4g tp-link archer mr200 v2 750mbps\/ 2.4ghz 5ghz\/ 2 antenas\/ wifi 802.11ac\/n\/a &#8211; b\/g\/n<\/p>\n","protected":false},"featured_media":12845,"comment_status":"open","ping_status":"closed","template":"","meta":{"_et_pb_use_builder":"","_et_pb_old_content":"","_et_gb_content_width":""},"product_brand":[],"product_cat":[528,65],"product_tag":[],"class_list":{"0":"post-12846","1":"product","2":"type-product","3":"status-publish","4":"has-post-thumbnail","6":"product_cat-routers-wifi","7":"product_cat-todos","9":"first","10":"instock","11":"taxable","12":"shipping-taxable","13":"purchasable","14":"product-type-simple"},"yoast_head":"<!-- This site is optimized with the Yoast SEO plugin v26.5 - https:\/\/yoast.com\/wordpress\/plugins\/seo\/ -->\n<title>Router Inal\u00e1mbrico 4G TP-Link Archer MR200 V2 750Mbps\/ 2.4GHz 5GHz\/ 2 Antenas\/ WiFi 802.11ac\/n\/a - b\/g\/n | Tienda PCMADRID<\/title>\n<meta name=\"robots\" content=\"index, follow, max-snippet:-1, max-image-preview:large, max-video-preview:-1\" \/>\n<link rel=\"canonical\" href=\"https:\/\/www.pcmadrid.es\/tienda\/producto\/router-inalambrico-4g-tp-link-archer-mr200-v2-750mbps-2-4ghz-5ghz-2-antenas-wifi-802-11ac-n-a-b-g-n\/\" \/>\n<meta name=\"twitter:label1\" content=\"Tiempo de lectura\" \/>\n\t<meta name=\"twitter:data1\" content=\"4 minutos\" \/>\n<script type=\"application\/ld+json\" class=\"yoast-schema-graph\">{\"@context\":\"https:\/\/schema.org\",\"@graph\":[{\"@type\":\"WebPage\",\"@id\":\"https:\/\/www.pcmadrid.es\/tienda\/producto\/router-inalambrico-4g-tp-link-archer-mr200-v2-750mbps-2-4ghz-5ghz-2-antenas-wifi-802-11ac-n-a-b-g-n\/\",\"url\":\"https:\/\/www.pcmadrid.es\/tienda\/producto\/router-inalambrico-4g-tp-link-archer-mr200-v2-750mbps-2-4ghz-5ghz-2-antenas-wifi-802-11ac-n-a-b-g-n\/\",\"name\":\"Router Inal\u00e1mbrico 4G TP-Link Archer MR200 V2 750Mbps\/ 2.4GHz 5GHz\/ 2 Antenas\/ WiFi 802.11ac\/n\/a - b\/g\/n | Tienda PCMADRID\",\"isPartOf\":{\"@id\":\"https:\/\/www.pcmadrid.es\/tienda\/#website\"},\"primaryImageOfPage\":{\"@id\":\"https:\/\/www.pcmadrid.es\/tienda\/producto\/router-inalambrico-4g-tp-link-archer-mr200-v2-750mbps-2-4ghz-5ghz-2-antenas-wifi-802-11ac-n-a-b-g-n\/#primaryimage\"},\"image\":{\"@id\":\"https:\/\/www.pcmadrid.es\/tienda\/producto\/router-inalambrico-4g-tp-link-archer-mr200-v2-750mbps-2-4ghz-5ghz-2-antenas-wifi-802-11ac-n-a-b-g-n\/#primaryimage\"},\"thumbnailUrl\":\"https:\/\/i0.wp.com\/www.pcmadrid.es\/tienda\/wp-content\/uploads\/2024\/05\/art_tpl-rou20archer20mr20020v2_1.jpg?fit=448%2C448&ssl=1\",\"datePublished\":\"2024-05-16T17:54:03+00:00\",\"dateModified\":\"2025-06-23T11:59:26+00:00\",\"breadcrumb\":{\"@id\":\"https:\/\/www.pcmadrid.es\/tienda\/producto\/router-inalambrico-4g-tp-link-archer-mr200-v2-750mbps-2-4ghz-5ghz-2-antenas-wifi-802-11ac-n-a-b-g-n\/#breadcrumb\"},\"inLanguage\":\"es\",\"potentialAction\":[{\"@type\":\"ReadAction\",\"target\":[\"https:\/\/www.pcmadrid.es\/tienda\/producto\/router-inalambrico-4g-tp-link-archer-mr200-v2-750mbps-2-4ghz-5ghz-2-antenas-wifi-802-11ac-n-a-b-g-n\/\"]}]},{\"@type\":\"ImageObject\",\"inLanguage\":\"es\",\"@id\":\"https:\/\/www.pcmadrid.es\/tienda\/producto\/router-inalambrico-4g-tp-link-archer-mr200-v2-750mbps-2-4ghz-5ghz-2-antenas-wifi-802-11ac-n-a-b-g-n\/#primaryimage\",\"url\":\"https:\/\/i0.wp.com\/www.pcmadrid.es\/tienda\/wp-content\/uploads\/2024\/05\/art_tpl-rou20archer20mr20020v2_1.jpg?fit=448%2C448&ssl=1\",\"contentUrl\":\"https:\/\/i0.wp.com\/www.pcmadrid.es\/tienda\/wp-content\/uploads\/2024\/05\/art_tpl-rou20archer20mr20020v2_1.jpg?fit=448%2C448&ssl=1\",\"width\":448,\"height\":448},{\"@type\":\"BreadcrumbList\",\"@id\":\"https:\/\/www.pcmadrid.es\/tienda\/producto\/router-inalambrico-4g-tp-link-archer-mr200-v2-750mbps-2-4ghz-5ghz-2-antenas-wifi-802-11ac-n-a-b-g-n\/#breadcrumb\",\"itemListElement\":[{\"@type\":\"ListItem\",\"position\":1,\"name\":\"Portada\",\"item\":\"https:\/\/www.pcmadrid.es\/tienda\/\"},{\"@type\":\"ListItem\",\"position\":2,\"name\":\"Todos los productos\",\"item\":\"https:\/\/www.pcmadrid.es\/tienda\/todos-los-productos\/\"},{\"@type\":\"ListItem\",\"position\":3,\"name\":\"Router Inal\u00e1mbrico 4G TP-Link Archer MR200 V2 750Mbps\/ 2.4GHz 5GHz\/ 2 Antenas\/ WiFi 802.11ac\/n\/a &#8211; b\/g\/n\"}]},{\"@type\":\"WebSite\",\"@id\":\"https:\/\/www.pcmadrid.es\/tienda\/#website\",\"url\":\"https:\/\/www.pcmadrid.es\/tienda\/\",\"name\":\"Tienda PCMADRID\",\"description\":\"Venta y reparaciones de ordenadores\",\"publisher\":{\"@id\":\"https:\/\/www.pcmadrid.es\/tienda\/#organization\"},\"potentialAction\":[{\"@type\":\"SearchAction\",\"target\":{\"@type\":\"EntryPoint\",\"urlTemplate\":\"https:\/\/www.pcmadrid.es\/tienda\/?s={search_term_string}\"},\"query-input\":{\"@type\":\"PropertyValueSpecification\",\"valueRequired\":true,\"valueName\":\"search_term_string\"}}],\"inLanguage\":\"es\"},{\"@type\":\"Organization\",\"@id\":\"https:\/\/www.pcmadrid.es\/tienda\/#organization\",\"name\":\"PCMADRID\",\"url\":\"https:\/\/www.pcmadrid.es\/tienda\/\",\"logo\":{\"@type\":\"ImageObject\",\"inLanguage\":\"es\",\"@id\":\"https:\/\/www.pcmadrid.es\/tienda\/#\/schema\/logo\/image\/\",\"url\":\"https:\/\/i0.wp.com\/www.pcmadrid.es\/tienda\/wp-content\/uploads\/2019\/10\/pcmadridlogo..png?fit=750%2C300&ssl=1\",\"contentUrl\":\"https:\/\/i0.wp.com\/www.pcmadrid.es\/tienda\/wp-content\/uploads\/2019\/10\/pcmadridlogo..png?fit=750%2C300&ssl=1\",\"width\":750,\"height\":300,\"caption\":\"PCMADRID\"},\"image\":{\"@id\":\"https:\/\/www.pcmadrid.es\/tienda\/#\/schema\/logo\/image\/\"},\"sameAs\":[\"https:\/\/www.facebook.com\/pcmadridinformatica\",\"https:\/\/x.com\/pc_madrid\",\"https:\/\/www.youtube.com\/channel\/UCIbQq9k6BBrU5x2wqDIHr7A\",\"https:\/\/www.instagram.com\/pcmadrid_informatica\/?hl=es\",\"https:\/\/www.linkedin.com\/company\/9348326\/admin\/\",\"https:\/\/www.pinterest.es\/pcmadrid_informatica\/\"]}]}<\/script>\n<!-- \/ Yoast SEO plugin. -->","yoast_head_json":{"title":"Router Inal\u00e1mbrico 4G TP-Link Archer MR200 V2 750Mbps\/ 2.4GHz 5GHz\/ 2 Antenas\/ WiFi 802.11ac\/n\/a - b\/g\/n | Tienda PCMADRID","robots":{"index":"index","follow":"follow","max-snippet":"max-snippet:-1","max-image-preview":"max-image-preview:large","max-video-preview":"max-video-preview:-1"},"canonical":"https:\/\/www.pcmadrid.es\/tienda\/producto\/router-inalambrico-4g-tp-link-archer-mr200-v2-750mbps-2-4ghz-5ghz-2-antenas-wifi-802-11ac-n-a-b-g-n\/","twitter_misc":{"Tiempo de lectura":"4 minutos"},"schema":{"@context":"https:\/\/schema.org","@graph":[{"@type":"WebPage","@id":"https:\/\/www.pcmadrid.es\/tienda\/producto\/router-inalambrico-4g-tp-link-archer-mr200-v2-750mbps-2-4ghz-5ghz-2-antenas-wifi-802-11ac-n-a-b-g-n\/","url":"https:\/\/www.pcmadrid.es\/tienda\/producto\/router-inalambrico-4g-tp-link-archer-mr200-v2-750mbps-2-4ghz-5ghz-2-antenas-wifi-802-11ac-n-a-b-g-n\/","name":"Router Inal\u00e1mbrico 4G TP-Link Archer MR200 V2 750Mbps\/ 2.4GHz 5GHz\/ 2 Antenas\/ WiFi 802.11ac\/n\/a - b\/g\/n | Tienda PCMADRID","isPartOf":{"@id":"https:\/\/www.pcmadrid.es\/tienda\/#website"},"primaryImageOfPage":{"@id":"https:\/\/www.pcmadrid.es\/tienda\/producto\/router-inalambrico-4g-tp-link-archer-mr200-v2-750mbps-2-4ghz-5ghz-2-antenas-wifi-802-11ac-n-a-b-g-n\/#primaryimage"},"image":{"@id":"https:\/\/www.pcmadrid.es\/tienda\/producto\/router-inalambrico-4g-tp-link-archer-mr200-v2-750mbps-2-4ghz-5ghz-2-antenas-wifi-802-11ac-n-a-b-g-n\/#primaryimage"},"thumbnailUrl":"https:\/\/i0.wp.com\/www.pcmadrid.es\/tienda\/wp-content\/uploads\/2024\/05\/art_tpl-rou20archer20mr20020v2_1.jpg?fit=448%2C448&ssl=1","datePublished":"2024-05-16T17:54:03+00:00","dateModified":"2025-06-23T11:59:26+00:00","breadcrumb":{"@id":"https:\/\/www.pcmadrid.es\/tienda\/producto\/router-inalambrico-4g-tp-link-archer-mr200-v2-750mbps-2-4ghz-5ghz-2-antenas-wifi-802-11ac-n-a-b-g-n\/#breadcrumb"},"inLanguage":"es","potentialAction":[{"@type":"ReadAction","target":["https:\/\/www.pcmadrid.es\/tienda\/producto\/router-inalambrico-4g-tp-link-archer-mr200-v2-750mbps-2-4ghz-5ghz-2-antenas-wifi-802-11ac-n-a-b-g-n\/"]}]},{"@type":"ImageObject","inLanguage":"es","@id":"https:\/\/www.pcmadrid.es\/tienda\/producto\/router-inalambrico-4g-tp-link-archer-mr200-v2-750mbps-2-4ghz-5ghz-2-antenas-wifi-802-11ac-n-a-b-g-n\/#primaryimage","url":"https:\/\/i0.wp.com\/www.pcmadrid.es\/tienda\/wp-content\/uploads\/2024\/05\/art_tpl-rou20archer20mr20020v2_1.jpg?fit=448%2C448&ssl=1","contentUrl":"https:\/\/i0.wp.com\/www.pcmadrid.es\/tienda\/wp-content\/uploads\/2024\/05\/art_tpl-rou20archer20mr20020v2_1.jpg?fit=448%2C448&ssl=1","width":448,"height":448},{"@type":"BreadcrumbList","@id":"https:\/\/www.pcmadrid.es\/tienda\/producto\/router-inalambrico-4g-tp-link-archer-mr200-v2-750mbps-2-4ghz-5ghz-2-antenas-wifi-802-11ac-n-a-b-g-n\/#breadcrumb","itemListElement":[{"@type":"ListItem","position":1,"name":"Portada","item":"https:\/\/www.pcmadrid.es\/tienda\/"},{"@type":"ListItem","position":2,"name":"Todos los productos","item":"https:\/\/www.pcmadrid.es\/tienda\/todos-los-productos\/"},{"@type":"ListItem","position":3,"name":"Router Inal\u00e1mbrico 4G TP-Link Archer MR200 V2 750Mbps\/ 2.4GHz 5GHz\/ 2 Antenas\/ WiFi 802.11ac\/n\/a &#8211; b\/g\/n"}]},{"@type":"WebSite","@id":"https:\/\/www.pcmadrid.es\/tienda\/#website","url":"https:\/\/www.pcmadrid.es\/tienda\/","name":"Tienda PCMADRID","description":"Venta y reparaciones de ordenadores","publisher":{"@id":"https:\/\/www.pcmadrid.es\/tienda\/#organization"},"potentialAction":[{"@type":"SearchAction","target":{"@type":"EntryPoint","urlTemplate":"https:\/\/www.pcmadrid.es\/tienda\/?s={search_term_string}"},"query-input":{"@type":"PropertyValueSpecification","valueRequired":true,"valueName":"search_term_string"}}],"inLanguage":"es"},{"@type":"Organization","@id":"https:\/\/www.pcmadrid.es\/tienda\/#organization","name":"PCMADRID","url":"https:\/\/www.pcmadrid.es\/tienda\/","logo":{"@type":"ImageObject","inLanguage":"es","@id":"https:\/\/www.pcmadrid.es\/tienda\/#\/schema\/logo\/image\/","url":"https:\/\/i0.wp.com\/www.pcmadrid.es\/tienda\/wp-content\/uploads\/2019\/10\/pcmadridlogo..png?fit=750%2C300&ssl=1","contentUrl":"https:\/\/i0.wp.com\/www.pcmadrid.es\/tienda\/wp-content\/uploads\/2019\/10\/pcmadridlogo..png?fit=750%2C300&ssl=1","width":750,"height":300,"caption":"PCMADRID"},"image":{"@id":"https:\/\/www.pcmadrid.es\/tienda\/#\/schema\/logo\/image\/"},"sameAs":["https:\/\/www.facebook.com\/pcmadridinformatica","https:\/\/x.com\/pc_madrid","https:\/\/www.youtube.com\/channel\/UCIbQq9k6BBrU5x2wqDIHr7A","https:\/\/www.instagram.com\/pcmadrid_informatica\/?hl=es","https:\/\/www.linkedin.com\/company\/9348326\/admin\/","https:\/\/www.pinterest.es\/pcmadrid_informatica\/"]}]}},"jetpack_sharing_enabled":true,"_links":{"self":[{"href":"https:\/\/www.pcmadrid.es\/tienda\/wp-json\/wp\/v2\/product\/12846","targetHints":{"allow":["GET"]}}],"collection":[{"href":"https:\/\/www.pcmadrid.es\/tienda\/wp-json\/wp\/v2\/product"}],"about":[{"href":"https:\/\/www.pcmadrid.es\/tienda\/wp-json\/wp\/v2\/types\/product"}],"replies":[{"embeddable":true,"href":"https:\/\/www.pcmadrid.es\/tienda\/wp-json\/wp\/v2\/comments?post=12846"}],"wp:featuredmedia":[{"embeddable":true,"href":"https:\/\/www.pcmadrid.es\/tienda\/wp-json\/wp\/v2\/media\/12845"}],"wp:attachment":[{"href":"https:\/\/www.pcmadrid.es\/tienda\/wp-json\/wp\/v2\/media?parent=12846"}],"wp:term":[{"taxonomy":"product_brand","embeddable":true,"href":"https:\/\/www.pcmadrid.es\/tienda\/wp-json\/wp\/v2\/product_brand?post=12846"},{"taxonomy":"product_cat","embeddable":true,"href":"https:\/\/www.pcmadrid.es\/tienda\/wp-json\/wp\/v2\/product_cat?post=12846"},{"taxonomy":"product_tag","embeddable":true,"href":"https:\/\/www.pcmadrid.es\/tienda\/wp-json\/wp\/v2\/product_tag?post=12846"}],"curies":[{"name":"wp","href":"https:\/\/api.w.org\/{rel}","templated":true}]}}