{"id":12848,"date":"2024-05-16T19:54:04","date_gmt":"2024-05-16T17:54:04","guid":{"rendered":"https:\/\/www.pcmadrid.es\/tienda\/producto\/router-inalambrico-4g-tp-link-archer-mr400-1200mbps-2-4ghz-5ghz-2-antenas-wifi-802-11ac-n-a-b-g-n\/"},"modified":"2025-06-23T13:59:27","modified_gmt":"2025-06-23T11:59:27","slug":"router-inalambrico-4g-tp-link-archer-mr400-1200mbps-2-4ghz-5ghz-2-antenas-wifi-802-11ac-n-a-b-g-n","status":"publish","type":"product","link":"https:\/\/www.pcmadrid.es\/tienda\/producto\/router-inalambrico-4g-tp-link-archer-mr400-1200mbps-2-4ghz-5ghz-2-antenas-wifi-802-11ac-n-a-b-g-n\/","title":{"rendered":"Router Inal\u00e1mbrico 4G TP-Link Archer MR400 1200Mbps\/ 2.4GHz 5GHz\/ 2 Antenas\/ WiFi 802.11ac\/n\/a\/b\/g\/n"},"content":{"rendered":"<p>&#8220;<\/p>\n<h2>Tiene una Tarjeta&nbsp;SIM?<br \/>Enciende&nbsp;y Juega!<\/h2>\n<p>Con un modem integr\u00e1ndolo LTE 4G y ranura de tarjeta SIM integrada, solo hay&nbsp;que insertar la tarjeta SIN y encender el Router. Disfrutar de una Wi-Fi r\u00e1pida y estable en una red 4G nunca fue tan f\u00e1cil.<\/p>\n<h2>Comparte tu Red LTE 4G<\/h2>\n<p>Aprovecha al m\u00e1ximo su red avanzada LTE 4G obteniendo velocidades de descarga de hasta 150 Mbps. Comparte tu red LTE 4G con m\u00faltiples dispositivos Wi-Fi y disfruta de pel\u00edculas HD de manera ininterrumpida, r\u00e1pida descarga de archivos y conversaciones v\u00eda chat flu\u00eddas. Completamente compatible con FDD-LTE y TDD-LTE lo que permite su uso con la mayor\u00eda de ISP&#8217;s a nivel mundial.<\/p>\n<h2>Wi-Fi D\u00f3nde Necesitas<\/h2>\n<p>Disfruta de una versatilidad y conveniencia sin parang\u00f3n. Testeado en campo por varios a\u00f1os, asegura una compatibilidad universal, con 2 antenas avanzadas LTE permitiendo una conexi\u00f3n flu\u00edda. Simplemente introduce la tarjeta SIM y enciende este elegante dispositivo de tecnolog\u00eda para disfrutar de una Wi-Fi r\u00e1pida y estable, ya sea en casa o trabajando de manera remota.<\/p>\n<h2><\/h2>\n<h2>Acceso a Internet Hasta<\/h2>\n<h2>64 Dispositivos&nbsp;Simult\u00e1neos<\/h2>\n<p>Comparte tu conexi\u00f3n&nbsp;3G\/4G con hasta&nbsp;64 dispositivos inal\u00e1mbricos, como tel\u00e9fonos,&nbsp;tablets y port\u00e1tiles, al mismo tiempo. 4 puertos LAN ports est\u00e1n listos para conectar equipos sin Wi-Fi como ordenadores sobremesa.<\/p>\n<h2>Configuraci\u00f3n y Gesti\u00f3n F\u00e1cil<\/h2>\n<p>Configure el Archer MR400 en minutos gracias a su interfaz web intuitiva y la aplicaci\u00f3n poderosa en minutos gracias a su interfaz web intuitiva y la poderosa aplicaci\u00f3n Tether. Tether tambi\u00e9n le permite administrar su configuraci\u00f3n de red desde cualquier dispositivo Android o iOS, incluidos los controles parentales y el control de acceso.<\/p>\n<p><\/p>\n<\/p>\n<ul>\n<li>\n<h2>Caracter\u00edsticas:<\/h2>\n<\/li>\n<li>Nueva versi\u00f3n &#8211; Este producto es la nueva versi\u00f3n 3.0 de Archer MR400. La versi\u00f3n 3.0 adopta el dise\u00f1o de antenas extra\u00edbles para satisfacer la necesidad de algunos usuarios de reemplazar las antenas<\/li>\n<li>\u00daltima generaci\u00f3n de tecnolog\u00eda 4G LTE soporta hasta 64 dispositivos &#8211; Alcanzar velocidades de hasta 150 Mbps en descarga y 50 Mbps en carga. Tambi\u00e9n permite conectar a trav\u00e9s de Wi-Fi hasta 64 dispositivos con una velocidad m\u00e1xima de 300Mbps a 2.4GHz y 867Mbps a 5GHz, para disfrutar de juegos, transmisi\u00f3n de archivos, intercambio de archivos y mucho m\u00e1s.<\/li>\n<li>Soluci\u00f3n perfecta para donde no llega la fibra \u00f3ptica o el ADSL &#8211; Aprovecha 4G con velocidad inal\u00e1mbrica hasta 1200 Mbps, sin contratar tarifa de internet, o cuando este de viaje<\/li>\n<li>L\u00edmite de consumo m\u00e1ximo de datos &#8211; No te preocupes por el uso exceso de tarifa, f\u00e1cil gesti\u00f3n con la App tpMifi, se puede utilizar para limitar el consumo, controlar la capacidad de la red Wi-Fi etc.<\/li>\n<\/ul>\n<p><\/p>\n<ul>\n<li>\n<h2>Especificaciones<\/h2>\n<\/li>\n<li><b>Caracter\u00edsticas de Hardware<\/b><\/li>\n<li>Interfaz&nbsp; <\/li>\n<li>3 puertos LAN de 10 \/ 100Mbps,<\/li>\n<li>1 puerto LAN \/ WAN de 10 \/ 100Mbps, 1 ranura para tarjeta Micro SIM<\/li>\n<li>Bot\u00f3n: Bot\u00f3n WPS \/ Reset, bot\u00f3n de encendido \/ apagado de WiFi, bot\u00f3n de encendido \/ apagado<\/li>\n<li>Fuente de alimentaci\u00f3n externa: 12V \/ 1A<\/li>\n<li>Dimensiones (ancho x profundidad x altura): 7,95 x 5,55 x 1,32 pulg. (202 x 141 x 33,6 mm)<\/li>\n<li>Antena<\/li>\n<li>V3 \/ V1: 2 antenas desmontables 4G LTE<\/li>\n<li><b>Caracter\u00edsticas inal\u00e1mbricas<\/b><\/li>\n<li>Est\u00e1ndares inal\u00e1mbricos: IEEE 802.11ac \/ n \/ a 5GHz, IEEE 802.11b \/ g \/ n 2.4GHz<\/li>\n<li>Frecuencia: 2.4GHz y 5GHz<\/li>\n<li>Tasa de se\u00f1al: 300 Mbps a 2,4 GHz, 867 Mbps a 5 GHz<\/li>\n<li>Sensibilidad de recepci\u00f3n&nbsp; <\/li>\n<li>5GHz: 11a 54M: -74dBm<\/li>\n<li>11ac HT20: -67dBm<\/li>\n<li>11ac HT40: -64dBm<\/li>\n<li>11ac HT80: -60dBm<\/li>\n<li>11n HT20: -71dBm<\/li>\n<li>11n HT40: -70dBm<\/li>\n<li>2.4G: 11g 54M: -76dBm<\/li>\n<li>11n HT20: -73dBm<\/li>\n<li>11n HT40: -67dBm<\/li>\n<li>Poder de transmisi\u00f3n: CE: &lt;20dBm (2.4GHz), &lt;23dBm (5GHz)<\/li>\n<li><b>Funciones inal\u00e1mbricas:<\/b><\/li>\n<li>Habilitar \/ deshabilitar radio inal\u00e1mbrica, WMM, estad\u00edsticas inal\u00e1mbricas<\/li>\n<li>Seguridad inal\u00e1mbrica: Encriptaciones WEP, WPA \/ WPA2, WPA-PSK \/ WPA2-PSK de 64\/128 bits<\/li>\n<li>Tipo de red: 4G:<\/li>\n<li>FDD-LTE B1 \/ B3 \/ B7 \/ B8 \/ B20 (2100\/1800\/2600\/900 \/ 800MHz)<\/li>\n<li>TDD-LTE B38 \/ B39 \/ B40 \/ B41 (2600\/1900\/2300 \/ 2500MHz)<\/li>\n<li>3G: DC-HSPA + \/ HSPA + \/ HSPA \/ UMTS B1 \/ B8 (2100 \/ 900MHz)<\/li>\n<li><b>Funciones de software<\/b><\/li>\n<li>Calidad de servicio: Control de Ancho de Banda<\/li>\n<li>Modos de funcionamiento: Enrutador 3G \/ 4G, enrutador inal\u00e1mbrico<\/li>\n<li>Tipo de WAN: IP din\u00e1mica \/ IP est\u00e1tica \/ PPPoE \/ PPTP (doble acceso) \/ L2TP (doble acceso)<\/li>\n<li>Administraci\u00f3n<\/li>\n<li>Control de acceso, gesti\u00f3n local, programa de reinicio de gesti\u00f3n remota<\/li>\n<li>DHCP: Servidor, Cliente, Lista de clientes DHCP, Reserva de direcci\u00f3n<\/li>\n<li>Reenv\u00edo de puertos: Servidor virtual, activaci\u00f3n de puertos, UPnP, DMZ<\/li>\n<li>DNS Din\u00e1mico: DynDns, NO-IP<\/li>\n<li>VPN: VPN PPTP, VPN IPSec, OpenVPN<\/li>\n<li>Control de acceso: Control parental, control de gesti\u00f3n local<\/li>\n<li><b>Seguridad de cortafuegos&nbsp; <\/b><\/li>\n<li>DoS, Firewall SPI, Filtro de direcci\u00f3n IP \/ Filtro de dominio,<\/li>\n<li>Enlace de direcciones IP y MAC<\/li>\n<li>Protocolos: Admite IPv4 e IPv6<\/li>\n<li>Red de invitados: Red invitada de 2,4 GHz x 1, red invitada de 5 GHz x 1<\/li>\n<li>VPN IPSec: Admite hasta 10 t\u00faneles VPN IPSec<\/li>\n<li><b>Otros<\/b><\/li>\n<li>Proceso de dar un t\u00edtulo: CE, RoHS<\/li>\n<li><b>Contenidos del paquete:<\/b><\/li>\n<li>Router inal\u00e1mbrico 4G LTE de doble banda AC1200, adaptador de corriente de cable Ethernet RJ45 Archer MR400 Gu\u00eda de instalaci\u00f3n r\u00e1pida<\/li>\n<li>Requisitos del sistema:<\/li>\n<li>Microsoft Windows 98SE, NT, 2000, XP, Vista &#8482; o Windows 7, 8, 8.1, 10<\/li>\n<li>MAC OS, NetWare, UNIX o Linux<\/li>\n<li>Internet Explorer 11, Firefox 12.0, Chrome 20.0,<\/li>\n<li>Safari 4.0 o m\u00e1s, u otros navegadores habilitados para Java navegadores<\/li>\n<li>Tarjeta Micro SIM<\/li>\n<li><b>Ambiente:<\/b><\/li>\n<li>Temperatura de funcionamiento: 0\u00ba ~ 40\u00ba (32\u00ba ~ 104\u00ba)<\/li>\n<li>Temperatura de almacenamiento: -40\u00ba ~ 70\u00ba (-40\u00ba ~ 158\u00ba)<\/li>\n<li>Humedad de funcionamiento: 10% ~ 90% sin condensaci\u00f3n<\/li>\n<li>Humedad de almacenamiento: 5% ~ 90 % sin condensaci\u00f3n<\/li>\n<\/ul>\n<p>\n&#8220;<\/p>\n","protected":false},"excerpt":{"rendered":"<p>Router inal\u00e1mbrico 4g tp-link archer mr400 1200mbps\/ 2.4ghz 5ghz\/ 2 antenas\/ wifi 802.11ac\/n\/a\/b\/g\/n<\/p>\n","protected":false},"featured_media":12847,"comment_status":"open","ping_status":"closed","template":"","meta":{"_et_pb_use_builder":"","_et_pb_old_content":"","_et_gb_content_width":""},"product_brand":[],"product_cat":[528,65],"product_tag":[],"class_list":{"0":"post-12848","1":"product","2":"type-product","3":"status-publish","4":"has-post-thumbnail","6":"product_cat-routers-wifi","7":"product_cat-todos","9":"first","10":"instock","11":"taxable","12":"shipping-taxable","13":"purchasable","14":"product-type-simple"},"yoast_head":"<!-- This site is optimized with the Yoast SEO plugin v27.5 - https:\/\/yoast.com\/product\/yoast-seo-wordpress\/ -->\n<title>Router Inal\u00e1mbrico 4G TP-Link Archer MR400 1200Mbps\/ 2.4GHz 5GHz\/ 2 Antenas\/ WiFi 802.11ac\/n\/a\/b\/g\/n | Tienda PCMADRID<\/title>\n<meta name=\"robots\" content=\"index, follow, max-snippet:-1, max-image-preview:large, max-video-preview:-1\" \/>\n<link rel=\"canonical\" href=\"https:\/\/www.pcmadrid.es\/tienda\/producto\/router-inalambrico-4g-tp-link-archer-mr400-1200mbps-2-4ghz-5ghz-2-antenas-wifi-802-11ac-n-a-b-g-n\/\" \/>\n<meta name=\"twitter:label1\" content=\"Tiempo de lectura\" \/>\n\t<meta name=\"twitter:data1\" content=\"5 minutos\" \/>\n<script type=\"application\/ld+json\" class=\"yoast-schema-graph\">{\"@context\":\"https:\\\/\\\/schema.org\",\"@graph\":[{\"@type\":\"WebPage\",\"@id\":\"https:\\\/\\\/www.pcmadrid.es\\\/tienda\\\/producto\\\/router-inalambrico-4g-tp-link-archer-mr400-1200mbps-2-4ghz-5ghz-2-antenas-wifi-802-11ac-n-a-b-g-n\\\/\",\"url\":\"https:\\\/\\\/www.pcmadrid.es\\\/tienda\\\/producto\\\/router-inalambrico-4g-tp-link-archer-mr400-1200mbps-2-4ghz-5ghz-2-antenas-wifi-802-11ac-n-a-b-g-n\\\/\",\"name\":\"Router Inal\u00e1mbrico 4G TP-Link Archer MR400 1200Mbps\\\/ 2.4GHz 5GHz\\\/ 2 Antenas\\\/ WiFi 802.11ac\\\/n\\\/a\\\/b\\\/g\\\/n | Tienda PCMADRID\",\"isPartOf\":{\"@id\":\"https:\\\/\\\/www.pcmadrid.es\\\/tienda\\\/#website\"},\"primaryImageOfPage\":{\"@id\":\"https:\\\/\\\/www.pcmadrid.es\\\/tienda\\\/producto\\\/router-inalambrico-4g-tp-link-archer-mr400-1200mbps-2-4ghz-5ghz-2-antenas-wifi-802-11ac-n-a-b-g-n\\\/#primaryimage\"},\"image\":{\"@id\":\"https:\\\/\\\/www.pcmadrid.es\\\/tienda\\\/producto\\\/router-inalambrico-4g-tp-link-archer-mr400-1200mbps-2-4ghz-5ghz-2-antenas-wifi-802-11ac-n-a-b-g-n\\\/#primaryimage\"},\"thumbnailUrl\":\"https:\\\/\\\/i0.wp.com\\\/www.pcmadrid.es\\\/tienda\\\/wp-content\\\/uploads\\\/2024\\\/05\\\/art_tpl-rou20archer20mr400_1.jpg?fit=448%2C448&ssl=1\",\"datePublished\":\"2024-05-16T17:54:04+00:00\",\"dateModified\":\"2025-06-23T11:59:27+00:00\",\"breadcrumb\":{\"@id\":\"https:\\\/\\\/www.pcmadrid.es\\\/tienda\\\/producto\\\/router-inalambrico-4g-tp-link-archer-mr400-1200mbps-2-4ghz-5ghz-2-antenas-wifi-802-11ac-n-a-b-g-n\\\/#breadcrumb\"},\"inLanguage\":\"es\",\"potentialAction\":[{\"@type\":\"ReadAction\",\"target\":[\"https:\\\/\\\/www.pcmadrid.es\\\/tienda\\\/producto\\\/router-inalambrico-4g-tp-link-archer-mr400-1200mbps-2-4ghz-5ghz-2-antenas-wifi-802-11ac-n-a-b-g-n\\\/\"]}]},{\"@type\":\"ImageObject\",\"inLanguage\":\"es\",\"@id\":\"https:\\\/\\\/www.pcmadrid.es\\\/tienda\\\/producto\\\/router-inalambrico-4g-tp-link-archer-mr400-1200mbps-2-4ghz-5ghz-2-antenas-wifi-802-11ac-n-a-b-g-n\\\/#primaryimage\",\"url\":\"https:\\\/\\\/i0.wp.com\\\/www.pcmadrid.es\\\/tienda\\\/wp-content\\\/uploads\\\/2024\\\/05\\\/art_tpl-rou20archer20mr400_1.jpg?fit=448%2C448&ssl=1\",\"contentUrl\":\"https:\\\/\\\/i0.wp.com\\\/www.pcmadrid.es\\\/tienda\\\/wp-content\\\/uploads\\\/2024\\\/05\\\/art_tpl-rou20archer20mr400_1.jpg?fit=448%2C448&ssl=1\",\"width\":448,\"height\":448},{\"@type\":\"BreadcrumbList\",\"@id\":\"https:\\\/\\\/www.pcmadrid.es\\\/tienda\\\/producto\\\/router-inalambrico-4g-tp-link-archer-mr400-1200mbps-2-4ghz-5ghz-2-antenas-wifi-802-11ac-n-a-b-g-n\\\/#breadcrumb\",\"itemListElement\":[{\"@type\":\"ListItem\",\"position\":1,\"name\":\"Portada\",\"item\":\"https:\\\/\\\/www.pcmadrid.es\\\/tienda\\\/\"},{\"@type\":\"ListItem\",\"position\":2,\"name\":\"Todos los productos\",\"item\":\"https:\\\/\\\/www.pcmadrid.es\\\/tienda\\\/todos-los-productos\\\/\"},{\"@type\":\"ListItem\",\"position\":3,\"name\":\"Router Inal\u00e1mbrico 4G TP-Link Archer MR400 1200Mbps\\\/ 2.4GHz 5GHz\\\/ 2 Antenas\\\/ WiFi 802.11ac\\\/n\\\/a\\\/b\\\/g\\\/n\"}]},{\"@type\":\"WebSite\",\"@id\":\"https:\\\/\\\/www.pcmadrid.es\\\/tienda\\\/#website\",\"url\":\"https:\\\/\\\/www.pcmadrid.es\\\/tienda\\\/\",\"name\":\"Tienda PCMADRID\",\"description\":\"Venta y reparaciones de ordenadores\",\"publisher\":{\"@id\":\"https:\\\/\\\/www.pcmadrid.es\\\/tienda\\\/#organization\"},\"potentialAction\":[{\"@type\":\"SearchAction\",\"target\":{\"@type\":\"EntryPoint\",\"urlTemplate\":\"https:\\\/\\\/www.pcmadrid.es\\\/tienda\\\/?s={search_term_string}\"},\"query-input\":{\"@type\":\"PropertyValueSpecification\",\"valueRequired\":true,\"valueName\":\"search_term_string\"}}],\"inLanguage\":\"es\"},{\"@type\":\"Organization\",\"@id\":\"https:\\\/\\\/www.pcmadrid.es\\\/tienda\\\/#organization\",\"name\":\"PCMADRID\",\"url\":\"https:\\\/\\\/www.pcmadrid.es\\\/tienda\\\/\",\"logo\":{\"@type\":\"ImageObject\",\"inLanguage\":\"es\",\"@id\":\"https:\\\/\\\/www.pcmadrid.es\\\/tienda\\\/#\\\/schema\\\/logo\\\/image\\\/\",\"url\":\"https:\\\/\\\/www.pcmadrid.es\\\/tienda\\\/wp-content\\\/uploads\\\/2019\\\/10\\\/pcmadridlogo..png\",\"contentUrl\":\"https:\\\/\\\/www.pcmadrid.es\\\/tienda\\\/wp-content\\\/uploads\\\/2019\\\/10\\\/pcmadridlogo..png\",\"width\":750,\"height\":300,\"caption\":\"PCMADRID\"},\"image\":{\"@id\":\"https:\\\/\\\/www.pcmadrid.es\\\/tienda\\\/#\\\/schema\\\/logo\\\/image\\\/\"},\"sameAs\":[\"https:\\\/\\\/www.facebook.com\\\/pcmadridinformatica\",\"https:\\\/\\\/x.com\\\/pc_madrid\",\"https:\\\/\\\/www.youtube.com\\\/channel\\\/UCIbQq9k6BBrU5x2wqDIHr7A\",\"https:\\\/\\\/www.instagram.com\\\/pcmadrid_informatica\\\/?hl=es\",\"https:\\\/\\\/www.linkedin.com\\\/company\\\/9348326\\\/admin\\\/\",\"https:\\\/\\\/www.pinterest.es\\\/pcmadrid_informatica\\\/\"]}]}<\/script>\n<!-- \/ Yoast SEO plugin. -->","yoast_head_json":{"title":"Router Inal\u00e1mbrico 4G TP-Link Archer MR400 1200Mbps\/ 2.4GHz 5GHz\/ 2 Antenas\/ WiFi 802.11ac\/n\/a\/b\/g\/n | Tienda PCMADRID","robots":{"index":"index","follow":"follow","max-snippet":"max-snippet:-1","max-image-preview":"max-image-preview:large","max-video-preview":"max-video-preview:-1"},"canonical":"https:\/\/www.pcmadrid.es\/tienda\/producto\/router-inalambrico-4g-tp-link-archer-mr400-1200mbps-2-4ghz-5ghz-2-antenas-wifi-802-11ac-n-a-b-g-n\/","twitter_misc":{"Tiempo de lectura":"5 minutos"},"schema":{"@context":"https:\/\/schema.org","@graph":[{"@type":"WebPage","@id":"https:\/\/www.pcmadrid.es\/tienda\/producto\/router-inalambrico-4g-tp-link-archer-mr400-1200mbps-2-4ghz-5ghz-2-antenas-wifi-802-11ac-n-a-b-g-n\/","url":"https:\/\/www.pcmadrid.es\/tienda\/producto\/router-inalambrico-4g-tp-link-archer-mr400-1200mbps-2-4ghz-5ghz-2-antenas-wifi-802-11ac-n-a-b-g-n\/","name":"Router Inal\u00e1mbrico 4G TP-Link Archer MR400 1200Mbps\/ 2.4GHz 5GHz\/ 2 Antenas\/ WiFi 802.11ac\/n\/a\/b\/g\/n | Tienda PCMADRID","isPartOf":{"@id":"https:\/\/www.pcmadrid.es\/tienda\/#website"},"primaryImageOfPage":{"@id":"https:\/\/www.pcmadrid.es\/tienda\/producto\/router-inalambrico-4g-tp-link-archer-mr400-1200mbps-2-4ghz-5ghz-2-antenas-wifi-802-11ac-n-a-b-g-n\/#primaryimage"},"image":{"@id":"https:\/\/www.pcmadrid.es\/tienda\/producto\/router-inalambrico-4g-tp-link-archer-mr400-1200mbps-2-4ghz-5ghz-2-antenas-wifi-802-11ac-n-a-b-g-n\/#primaryimage"},"thumbnailUrl":"https:\/\/i0.wp.com\/www.pcmadrid.es\/tienda\/wp-content\/uploads\/2024\/05\/art_tpl-rou20archer20mr400_1.jpg?fit=448%2C448&ssl=1","datePublished":"2024-05-16T17:54:04+00:00","dateModified":"2025-06-23T11:59:27+00:00","breadcrumb":{"@id":"https:\/\/www.pcmadrid.es\/tienda\/producto\/router-inalambrico-4g-tp-link-archer-mr400-1200mbps-2-4ghz-5ghz-2-antenas-wifi-802-11ac-n-a-b-g-n\/#breadcrumb"},"inLanguage":"es","potentialAction":[{"@type":"ReadAction","target":["https:\/\/www.pcmadrid.es\/tienda\/producto\/router-inalambrico-4g-tp-link-archer-mr400-1200mbps-2-4ghz-5ghz-2-antenas-wifi-802-11ac-n-a-b-g-n\/"]}]},{"@type":"ImageObject","inLanguage":"es","@id":"https:\/\/www.pcmadrid.es\/tienda\/producto\/router-inalambrico-4g-tp-link-archer-mr400-1200mbps-2-4ghz-5ghz-2-antenas-wifi-802-11ac-n-a-b-g-n\/#primaryimage","url":"https:\/\/i0.wp.com\/www.pcmadrid.es\/tienda\/wp-content\/uploads\/2024\/05\/art_tpl-rou20archer20mr400_1.jpg?fit=448%2C448&ssl=1","contentUrl":"https:\/\/i0.wp.com\/www.pcmadrid.es\/tienda\/wp-content\/uploads\/2024\/05\/art_tpl-rou20archer20mr400_1.jpg?fit=448%2C448&ssl=1","width":448,"height":448},{"@type":"BreadcrumbList","@id":"https:\/\/www.pcmadrid.es\/tienda\/producto\/router-inalambrico-4g-tp-link-archer-mr400-1200mbps-2-4ghz-5ghz-2-antenas-wifi-802-11ac-n-a-b-g-n\/#breadcrumb","itemListElement":[{"@type":"ListItem","position":1,"name":"Portada","item":"https:\/\/www.pcmadrid.es\/tienda\/"},{"@type":"ListItem","position":2,"name":"Todos los productos","item":"https:\/\/www.pcmadrid.es\/tienda\/todos-los-productos\/"},{"@type":"ListItem","position":3,"name":"Router Inal\u00e1mbrico 4G TP-Link Archer MR400 1200Mbps\/ 2.4GHz 5GHz\/ 2 Antenas\/ WiFi 802.11ac\/n\/a\/b\/g\/n"}]},{"@type":"WebSite","@id":"https:\/\/www.pcmadrid.es\/tienda\/#website","url":"https:\/\/www.pcmadrid.es\/tienda\/","name":"Tienda PCMADRID","description":"Venta y reparaciones de ordenadores","publisher":{"@id":"https:\/\/www.pcmadrid.es\/tienda\/#organization"},"potentialAction":[{"@type":"SearchAction","target":{"@type":"EntryPoint","urlTemplate":"https:\/\/www.pcmadrid.es\/tienda\/?s={search_term_string}"},"query-input":{"@type":"PropertyValueSpecification","valueRequired":true,"valueName":"search_term_string"}}],"inLanguage":"es"},{"@type":"Organization","@id":"https:\/\/www.pcmadrid.es\/tienda\/#organization","name":"PCMADRID","url":"https:\/\/www.pcmadrid.es\/tienda\/","logo":{"@type":"ImageObject","inLanguage":"es","@id":"https:\/\/www.pcmadrid.es\/tienda\/#\/schema\/logo\/image\/","url":"https:\/\/www.pcmadrid.es\/tienda\/wp-content\/uploads\/2019\/10\/pcmadridlogo..png","contentUrl":"https:\/\/www.pcmadrid.es\/tienda\/wp-content\/uploads\/2019\/10\/pcmadridlogo..png","width":750,"height":300,"caption":"PCMADRID"},"image":{"@id":"https:\/\/www.pcmadrid.es\/tienda\/#\/schema\/logo\/image\/"},"sameAs":["https:\/\/www.facebook.com\/pcmadridinformatica","https:\/\/x.com\/pc_madrid","https:\/\/www.youtube.com\/channel\/UCIbQq9k6BBrU5x2wqDIHr7A","https:\/\/www.instagram.com\/pcmadrid_informatica\/?hl=es","https:\/\/www.linkedin.com\/company\/9348326\/admin\/","https:\/\/www.pinterest.es\/pcmadrid_informatica\/"]}]}},"jetpack_sharing_enabled":true,"_links":{"self":[{"href":"https:\/\/www.pcmadrid.es\/tienda\/wp-json\/wp\/v2\/product\/12848","targetHints":{"allow":["GET"]}}],"collection":[{"href":"https:\/\/www.pcmadrid.es\/tienda\/wp-json\/wp\/v2\/product"}],"about":[{"href":"https:\/\/www.pcmadrid.es\/tienda\/wp-json\/wp\/v2\/types\/product"}],"replies":[{"embeddable":true,"href":"https:\/\/www.pcmadrid.es\/tienda\/wp-json\/wp\/v2\/comments?post=12848"}],"wp:featuredmedia":[{"embeddable":true,"href":"https:\/\/www.pcmadrid.es\/tienda\/wp-json\/wp\/v2\/media\/12847"}],"wp:attachment":[{"href":"https:\/\/www.pcmadrid.es\/tienda\/wp-json\/wp\/v2\/media?parent=12848"}],"wp:term":[{"taxonomy":"product_brand","embeddable":true,"href":"https:\/\/www.pcmadrid.es\/tienda\/wp-json\/wp\/v2\/product_brand?post=12848"},{"taxonomy":"product_cat","embeddable":true,"href":"https:\/\/www.pcmadrid.es\/tienda\/wp-json\/wp\/v2\/product_cat?post=12848"},{"taxonomy":"product_tag","embeddable":true,"href":"https:\/\/www.pcmadrid.es\/tienda\/wp-json\/wp\/v2\/product_tag?post=12848"}],"curies":[{"name":"wp","href":"https:\/\/api.w.org\/{rel}","templated":true}]}}