{"id":12850,"date":"2024-05-16T19:54:05","date_gmt":"2024-05-16T17:54:05","guid":{"rendered":"https:\/\/www.pcmadrid.es\/tienda\/producto\/router-inalambrico-4g-tp-link-archer-mr600-1200mbps-2-4ghz-5ghz-2-antenas-wifi-802-11a-n-ac-b-g-n\/"},"modified":"2025-06-23T13:59:27","modified_gmt":"2025-06-23T11:59:27","slug":"router-inalambrico-4g-tp-link-archer-mr600-1200mbps-2-4ghz-5ghz-2-antenas-wifi-802-11a-n-ac-b-g-n","status":"publish","type":"product","link":"https:\/\/www.pcmadrid.es\/tienda\/producto\/router-inalambrico-4g-tp-link-archer-mr600-1200mbps-2-4ghz-5ghz-2-antenas-wifi-802-11a-n-ac-b-g-n\/","title":{"rendered":"Router Inal\u00e1mbrico 4G TP-Link Archer MR600 1200Mbps 2.4GHz 5GHz\/ 2 Antenas\/ WiFi 802.11a\/n\/ac &#8211; b\/g\/n"},"content":{"rendered":"<p>&#8220;<\/p>\n<h2>Disfruta de Velocidad 4G+ Compartida En Cualquier Lugar<\/h2>\n<p>4G+ Cat6 AC1200 Wireless Dual Band Gigabit Router<\/p>\n<p>Archer MR600<\/p>\n<div>\n<h2 style=''>Potencia tu Velocidad 4G+<\/h2>\n<p style=''>Soporta 4G+ Cat6, el cual usa tecnolog\u00eda Carrier Aggregation (agregaci\u00f3n de enlaces) para potenciar la velocidad de transmisi\u00f3n de datos hasta 300 Mbps. Inserta tu tarjeta SIM&nbsp; y disfruta de pel\u00edculas en calidad HD sin interrupciones, descarga ficheros en cuesti\u00f3n de segundos, y disfruta de juegos online de manera fluida.<\/p>\n<h2>Puertos Completos Gigabit para una Conectividad Consumada<\/h2>\n<p>Los puertos Ethernet Completamente Gigabit proporcionan velocidades asombrosas y conexiones fiable para dispositivos de intensidad elevada como tu smart TV, consolas de juego, NAS, y m\u00e1s.<\/p>\n<h2>Wi-Fi Donde Lo Necesitas<\/h2>\n<p>Disfrute de una comodidad y versatilidad sin igual. A\u00f1os de pruebas de campo para asegurar compatibilidad universal con doble antena avanzada LTE para hacer llegar una conexi\u00f3n fluida. Simplemente inserta una tarjeta micro SIM y enciende esta elegante pieza de tecnolog\u00eda para usar un Wi-Fi r\u00e1pido estable, ya est\u00e9s en tu casa o trabajando de manera remota.<\/p>\n<h2><span style='background-color: initial;'>Tienes una Tarjeta SIM?<br \/><\/span><span style='background-color: initial;'>\u00a1Enchufe y Listo!<\/span><\/h2>\n<p>Con un m\u00f3dem 4G+ integrado y una ranura&nbsp; de tarjeta incorporada, todo lo que necesitas hacer es insertar una tarjeta micro SIM y encender el Router. Disfrutar de una red 4G+ nunca ha sido m\u00e1s sencillo.<\/p>\n<h2>Acceso Seguro para hasta 64 Equipos Simult\u00e1neos<\/h2>\n<p>Comparte f\u00e1cilmente conexi\u00f3n 3G\/4G con hasta 64 dispositivos inal\u00e1mbricos, como m\u00f3viles, tabletas, o port\u00e1tiles, al mismo tiempo. 4 puertos LAN listos para proporcionar internet a equipos cableados como ordenadores de sobremesa.<\/p>\n<h2>Compatible&nbsp; TP-Link OneMesh&#8482;<\/h2>\n<p>Trabaja junto a la gama de productos One Mesh de TP-Link, para crear una red Mesh m\u00e1s flexible y efectiva con un s\u00f3lo nombre Wi-Fi para proporcionar una cobertura sin costuras a tu hogar.<\/p>\n<h2>Configuraci\u00f3n F\u00e1cil y Mantenimiento<\/h2>\n<p>Configura el Archer MR600 en cuesti\u00f3n de minutos gracias a su interfaz web intuitiva y a la potente aplicaci\u00f3n Tether. La app Tether tambi\u00e9n le permite gestionar los ajustes de la red desde cualquier dispositivo Android e iOS, incluido control parental y control de acceso.<\/p>\n<p><\/p>\n<\/div>\n<p><strong style='BORDER-TOP-COLOR: ; BORDER-LEFT-COLOR: ; BORDER-BOTTOM-COLOR: ; BORDER-RIGHT-COLOR: '>Primer Router TP-Linkt 4G+<\/strong>&nbsp; soportas 4G+ Cat6 para potenciar la velocidad de datos hasta 300 Mbps*<br \/><b>Puertos Totalmente Gigabit<\/b>&nbsp; proporcionan redes inal\u00e1mbricas seguras para equipos de ancho de banda intensa como videoconsolas y STP (decodificadores)<br \/><b>Inserte una tarjeta SIM y navegue<\/b>&nbsp; no necesita ninguna otra configuraci\u00f3n, compatible con tarjetas SIM de m\u00e1s de 100 pa\u00edses tras a\u00f1os de pruebas de campo<br \/><b>Mejor Se\u00f1al para Conexiones en Cualquier Lugar<\/b>&nbsp; disfruta de conexiones estables y eficientes para cada equipo gracias a sus dos antenas LTE exernas<br \/><b>Router modo Wi-Fi<\/b>&nbsp; inserte un cable Ethernet en el puerto LAN\/WAN para un acceso flexible como un recurso por si no puede tener una conexi\u00f3n 4G<br \/><b>Compatible con TP-Link OneMeshTM<\/b><\/p>\n<div><\/div>\n<div>\n<ul>\n<li>\n<h2>CARACTER\u00cdSTICAS DE HARDWARE<\/h2>\n<\/li>\n<li>Interfaz: 1 \u00d7 Puerto 10\/100\/1000 Mbps LAN\/WAN<\/li>\n<li>3 \u00d7 Puerto 10\/100\/1000 Mbps LAN<\/li>\n<li>1 \u00d7 Ranura Micro SIM<\/li>\n<li>Botones: Bot\u00f3n WPS, Bot\u00f3n Reset, Bot\u00f3n On\/Off WiFi, Bot\u00f3n On\/Off<\/li>\n<li>Fuente de Alimentaci\u00f3n Externa: Adaptador de Corriente: Potencia de Entrada 100-240v~50\/60 Hz 0.6A<\/li>\n<li>Par\u00e1metro de Salida 12VDC 1.5A<\/li>\n<li>Dimensiones: 9.0\u00d76.3\u00d71.5 in ( 229\u00d7160\u00d737 mm)<\/li>\n<li>Antenas: 2 \u00d7 Antenas 4G LTE Desmontables<\/li>\n<li>\n<h2>CARACTER\u00cdSTICAS INAL\u00c1MBRICAS<\/h2>\n<\/li>\n<li>Est\u00e1ndares Inal\u00e1mbricos: IEEE 802.11a\/n\/ac 5 GHz, IEEE 802.11b\/g\/n 2.4 GHz<\/li>\n<li>Frecuencia: 2.4 GHz and 5 GHz<\/li>\n<li>Tasa de Se\u00f1al: 300 Mbps at 2.4 GHz, 867 Mbps at 5 GHz<\/li>\n<li>Sensibilidad de Recepci\u00f3n: 5 GHz: 11a 54M: -74 dBm<\/li>\n<li>11ac HT20: -66 dBm<\/li>\n<li>11ac HT40: -63 dBm<\/li>\n<li>11ac HT80 : -59 dBm<\/li>\n<li>11n HT20: -73 dBm<\/li>\n<li>11n HT40: -70 dBm<\/li>\n<li>2.4 GHz: 11g 54M: -74 dBm<\/li>\n<li>11n HT20: -72 dBm<\/li>\n<li>11n HT40: -69 dBm<\/li>\n<li>Potencia de Transmisi\u00f3n: &lt; 20 dBm (2.4 GHz), &lt; 23 dBm (5 GHz)<\/li>\n<li>Funciones Inal\u00e1mbricas: Habilitar\/Deshabilitar Radio Inal\u00e1mbrica, Programaci\u00f3n Radio Inal\u00e1mbrica, WMM, Estad\u00edsticas Inal\u00e1mbricas<\/li>\n<li>WAN Failover: Yes<\/li>\n<li>Seguridad Inal\u00e1mbrica: 64\/128-bit WEP, WPA\/WPA2, encriptaciones WPA-PSK\/WPA2-PSK<\/li>\n<li>Tipo de Red: 4G: FDD-LTE: B1\/B3\/B5\/B7\/B8\/B20\/B28 (2100\/1800\/850\/2600\/900\/800\/700 MHz)<\/li>\n<li>TDD-LTE: B38\/B40\/B41 (2600\/2300\/2500 MHz)<\/li>\n<li style='BORDER-TOP-COLOR: ; BORDER-LEFT-COLOR: ; BORDER-BOTTOM-COLOR: ; BORDER-RIGHT-COLOR: '>3G: DC-HSPA+\/HSPA\/UMTS: B1\/B5\/B8 (2100\/850\/900 MHz)<\/li>\n<li>\n<h2>CARACTER\u00cdSTICAS DE SOFTWARE<\/h2>\n<\/li>\n<li>Calidad de Servicio: Control Ancho de Banda<\/li>\n<li>Seguridad: DoS, IPv4 SPI Firewall, IPv6 Firewal, IP y MAC Address Binding, Control de Acceso<\/li>\n<li>Tipo de WAN: IP Din\u00e1mica\/IP Est\u00e1tica\/PPPoE\/PPTP(Acceso Dual)\/L2TP(Acceso Dual)<\/li>\n<li>Gesti\u00f3n: TP-Link Cloud, Control Local, Control Remoto<\/li>\n<li>DHCP: Servidor, Cliente, Lista de Clientes DHCP, Reserva de Direcciones<\/li>\n<li>Reenv\u00edo de Puertos: ALG, Servidor Virtual, Port Triggering, UPnP, DMZ<\/li>\n<li>DNS Din\u00e1mico: TP-Link, DynDns, NO-IP<\/li>\n<li>VPN: PPTP VPN, IPSec VPN , OpenVPN<\/li>\n<li>Control de Acceso: Control Parental , Control de Gesti\u00f3n Local<\/li>\n<li>Seguridad Firewall: DoS, SPI Firewall, IP Address Filter\/Domain Filter,<\/li>\n<li>IP y MAC Address Binding<\/li>\n<li>Protocolos: IPv4, IPv6<\/li>\n<li>Red de Invitados: Red de Invitados 2.4 GHz x 1, 5 GHz Red de Invitados x 1<\/li>\n<li>\n<h2>OTROS<\/h2>\n<\/li>\n<li>Certificaciones: CE, RoHS<\/li>\n<li>Contenido del Paquete: 4G+ Cat6 AC1200 Wireless Dual Band Gigabit Router Archer MR600<\/li>\n<li>Adaptador de Corriente<\/li>\n<li>RJ45 Cable Ethernet<\/li>\n<li>Gu\u00eda de Instalaci\u00f3n R\u00e1pida<\/li>\n<li>Requisitos del sistema: Microsoft Windows 98SE\/NT\/2000\/XP\/Vista\u0099\/7\/8\/8.1\/10, MAC OS,<\/li>\n<li>NetWare, UNIX or Linux<\/li>\n<li>Internet Explorer 11, Firefox 12.0, Chrome 20.0, Safari 4.0, u otro<\/li>\n<li>Navegador con Java habilitado<\/li>\n<li>Tarjeta Micro SIM<\/li>\n<li>Factores Ambientales: Temperatura de funcionamiento: 0?~40? (32? ~104?)<\/li>\n<li>Temperatura de almacenamiento: -40?~70? (-40? ~158?)<\/li>\n<li>Humedad de funcionamiento: 10%~90% sin condensaci\u00f3n<\/li>\n<li>Humedad de almacenamiento: 5%~90% sin condensaci\u00f3n<\/li>\n<\/ul>\n<\/div>\n<p>&#8220;<\/p>\n","protected":false},"excerpt":{"rendered":"<p>Router inal\u00e1mbrico 4g tp-link archer mr600 1200mbps 2.4ghz 5ghz\/ 2 antenas\/ wifi 802.11a\/n\/ac &#8211; b\/g\/n<\/p>\n","protected":false},"featured_media":12849,"comment_status":"open","ping_status":"closed","template":"","meta":{"_et_pb_use_builder":"","_et_pb_old_content":"","_et_gb_content_width":""},"product_brand":[],"product_cat":[528,65],"product_tag":[],"class_list":{"0":"post-12850","1":"product","2":"type-product","3":"status-publish","4":"has-post-thumbnail","6":"product_cat-routers-wifi","7":"product_cat-todos","9":"first","10":"instock","11":"taxable","12":"shipping-taxable","13":"purchasable","14":"product-type-simple"},"yoast_head":"<!-- This site is optimized with the Yoast SEO plugin v27.5 - https:\/\/yoast.com\/product\/yoast-seo-wordpress\/ -->\n<title>Router Inal\u00e1mbrico 4G TP-Link Archer MR600 1200Mbps 2.4GHz 5GHz\/ 2 Antenas\/ WiFi 802.11a\/n\/ac - b\/g\/n | Tienda PCMADRID<\/title>\n<meta name=\"robots\" content=\"index, follow, max-snippet:-1, max-image-preview:large, max-video-preview:-1\" \/>\n<link rel=\"canonical\" href=\"https:\/\/www.pcmadrid.es\/tienda\/producto\/router-inalambrico-4g-tp-link-archer-mr600-1200mbps-2-4ghz-5ghz-2-antenas-wifi-802-11a-n-ac-b-g-n\/\" \/>\n<meta name=\"twitter:label1\" content=\"Tiempo de lectura\" \/>\n\t<meta name=\"twitter:data1\" content=\"4 minutos\" \/>\n<script type=\"application\/ld+json\" class=\"yoast-schema-graph\">{\"@context\":\"https:\\\/\\\/schema.org\",\"@graph\":[{\"@type\":\"WebPage\",\"@id\":\"https:\\\/\\\/www.pcmadrid.es\\\/tienda\\\/producto\\\/router-inalambrico-4g-tp-link-archer-mr600-1200mbps-2-4ghz-5ghz-2-antenas-wifi-802-11a-n-ac-b-g-n\\\/\",\"url\":\"https:\\\/\\\/www.pcmadrid.es\\\/tienda\\\/producto\\\/router-inalambrico-4g-tp-link-archer-mr600-1200mbps-2-4ghz-5ghz-2-antenas-wifi-802-11a-n-ac-b-g-n\\\/\",\"name\":\"Router Inal\u00e1mbrico 4G TP-Link Archer MR600 1200Mbps 2.4GHz 5GHz\\\/ 2 Antenas\\\/ WiFi 802.11a\\\/n\\\/ac - b\\\/g\\\/n | Tienda PCMADRID\",\"isPartOf\":{\"@id\":\"https:\\\/\\\/www.pcmadrid.es\\\/tienda\\\/#website\"},\"primaryImageOfPage\":{\"@id\":\"https:\\\/\\\/www.pcmadrid.es\\\/tienda\\\/producto\\\/router-inalambrico-4g-tp-link-archer-mr600-1200mbps-2-4ghz-5ghz-2-antenas-wifi-802-11a-n-ac-b-g-n\\\/#primaryimage\"},\"image\":{\"@id\":\"https:\\\/\\\/www.pcmadrid.es\\\/tienda\\\/producto\\\/router-inalambrico-4g-tp-link-archer-mr600-1200mbps-2-4ghz-5ghz-2-antenas-wifi-802-11a-n-ac-b-g-n\\\/#primaryimage\"},\"thumbnailUrl\":\"https:\\\/\\\/i0.wp.com\\\/www.pcmadrid.es\\\/tienda\\\/wp-content\\\/uploads\\\/2024\\\/05\\\/art_tpl-rou20archer20mr600_1.jpg?fit=448%2C448&ssl=1\",\"datePublished\":\"2024-05-16T17:54:05+00:00\",\"dateModified\":\"2025-06-23T11:59:27+00:00\",\"breadcrumb\":{\"@id\":\"https:\\\/\\\/www.pcmadrid.es\\\/tienda\\\/producto\\\/router-inalambrico-4g-tp-link-archer-mr600-1200mbps-2-4ghz-5ghz-2-antenas-wifi-802-11a-n-ac-b-g-n\\\/#breadcrumb\"},\"inLanguage\":\"es\",\"potentialAction\":[{\"@type\":\"ReadAction\",\"target\":[\"https:\\\/\\\/www.pcmadrid.es\\\/tienda\\\/producto\\\/router-inalambrico-4g-tp-link-archer-mr600-1200mbps-2-4ghz-5ghz-2-antenas-wifi-802-11a-n-ac-b-g-n\\\/\"]}]},{\"@type\":\"ImageObject\",\"inLanguage\":\"es\",\"@id\":\"https:\\\/\\\/www.pcmadrid.es\\\/tienda\\\/producto\\\/router-inalambrico-4g-tp-link-archer-mr600-1200mbps-2-4ghz-5ghz-2-antenas-wifi-802-11a-n-ac-b-g-n\\\/#primaryimage\",\"url\":\"https:\\\/\\\/i0.wp.com\\\/www.pcmadrid.es\\\/tienda\\\/wp-content\\\/uploads\\\/2024\\\/05\\\/art_tpl-rou20archer20mr600_1.jpg?fit=448%2C448&ssl=1\",\"contentUrl\":\"https:\\\/\\\/i0.wp.com\\\/www.pcmadrid.es\\\/tienda\\\/wp-content\\\/uploads\\\/2024\\\/05\\\/art_tpl-rou20archer20mr600_1.jpg?fit=448%2C448&ssl=1\",\"width\":448,\"height\":448},{\"@type\":\"BreadcrumbList\",\"@id\":\"https:\\\/\\\/www.pcmadrid.es\\\/tienda\\\/producto\\\/router-inalambrico-4g-tp-link-archer-mr600-1200mbps-2-4ghz-5ghz-2-antenas-wifi-802-11a-n-ac-b-g-n\\\/#breadcrumb\",\"itemListElement\":[{\"@type\":\"ListItem\",\"position\":1,\"name\":\"Portada\",\"item\":\"https:\\\/\\\/www.pcmadrid.es\\\/tienda\\\/\"},{\"@type\":\"ListItem\",\"position\":2,\"name\":\"Todos los productos\",\"item\":\"https:\\\/\\\/www.pcmadrid.es\\\/tienda\\\/todos-los-productos\\\/\"},{\"@type\":\"ListItem\",\"position\":3,\"name\":\"Router Inal\u00e1mbrico 4G TP-Link Archer MR600 1200Mbps 2.4GHz 5GHz\\\/ 2 Antenas\\\/ WiFi 802.11a\\\/n\\\/ac &#8211; b\\\/g\\\/n\"}]},{\"@type\":\"WebSite\",\"@id\":\"https:\\\/\\\/www.pcmadrid.es\\\/tienda\\\/#website\",\"url\":\"https:\\\/\\\/www.pcmadrid.es\\\/tienda\\\/\",\"name\":\"Tienda PCMADRID\",\"description\":\"Venta y reparaciones de ordenadores\",\"publisher\":{\"@id\":\"https:\\\/\\\/www.pcmadrid.es\\\/tienda\\\/#organization\"},\"potentialAction\":[{\"@type\":\"SearchAction\",\"target\":{\"@type\":\"EntryPoint\",\"urlTemplate\":\"https:\\\/\\\/www.pcmadrid.es\\\/tienda\\\/?s={search_term_string}\"},\"query-input\":{\"@type\":\"PropertyValueSpecification\",\"valueRequired\":true,\"valueName\":\"search_term_string\"}}],\"inLanguage\":\"es\"},{\"@type\":\"Organization\",\"@id\":\"https:\\\/\\\/www.pcmadrid.es\\\/tienda\\\/#organization\",\"name\":\"PCMADRID\",\"url\":\"https:\\\/\\\/www.pcmadrid.es\\\/tienda\\\/\",\"logo\":{\"@type\":\"ImageObject\",\"inLanguage\":\"es\",\"@id\":\"https:\\\/\\\/www.pcmadrid.es\\\/tienda\\\/#\\\/schema\\\/logo\\\/image\\\/\",\"url\":\"https:\\\/\\\/www.pcmadrid.es\\\/tienda\\\/wp-content\\\/uploads\\\/2019\\\/10\\\/pcmadridlogo..png\",\"contentUrl\":\"https:\\\/\\\/www.pcmadrid.es\\\/tienda\\\/wp-content\\\/uploads\\\/2019\\\/10\\\/pcmadridlogo..png\",\"width\":750,\"height\":300,\"caption\":\"PCMADRID\"},\"image\":{\"@id\":\"https:\\\/\\\/www.pcmadrid.es\\\/tienda\\\/#\\\/schema\\\/logo\\\/image\\\/\"},\"sameAs\":[\"https:\\\/\\\/www.facebook.com\\\/pcmadridinformatica\",\"https:\\\/\\\/x.com\\\/pc_madrid\",\"https:\\\/\\\/www.youtube.com\\\/channel\\\/UCIbQq9k6BBrU5x2wqDIHr7A\",\"https:\\\/\\\/www.instagram.com\\\/pcmadrid_informatica\\\/?hl=es\",\"https:\\\/\\\/www.linkedin.com\\\/company\\\/9348326\\\/admin\\\/\",\"https:\\\/\\\/www.pinterest.es\\\/pcmadrid_informatica\\\/\"]}]}<\/script>\n<!-- \/ Yoast SEO plugin. -->","yoast_head_json":{"title":"Router Inal\u00e1mbrico 4G TP-Link Archer MR600 1200Mbps 2.4GHz 5GHz\/ 2 Antenas\/ WiFi 802.11a\/n\/ac - b\/g\/n | Tienda PCMADRID","robots":{"index":"index","follow":"follow","max-snippet":"max-snippet:-1","max-image-preview":"max-image-preview:large","max-video-preview":"max-video-preview:-1"},"canonical":"https:\/\/www.pcmadrid.es\/tienda\/producto\/router-inalambrico-4g-tp-link-archer-mr600-1200mbps-2-4ghz-5ghz-2-antenas-wifi-802-11a-n-ac-b-g-n\/","twitter_misc":{"Tiempo de lectura":"4 minutos"},"schema":{"@context":"https:\/\/schema.org","@graph":[{"@type":"WebPage","@id":"https:\/\/www.pcmadrid.es\/tienda\/producto\/router-inalambrico-4g-tp-link-archer-mr600-1200mbps-2-4ghz-5ghz-2-antenas-wifi-802-11a-n-ac-b-g-n\/","url":"https:\/\/www.pcmadrid.es\/tienda\/producto\/router-inalambrico-4g-tp-link-archer-mr600-1200mbps-2-4ghz-5ghz-2-antenas-wifi-802-11a-n-ac-b-g-n\/","name":"Router Inal\u00e1mbrico 4G TP-Link Archer MR600 1200Mbps 2.4GHz 5GHz\/ 2 Antenas\/ WiFi 802.11a\/n\/ac - b\/g\/n | Tienda PCMADRID","isPartOf":{"@id":"https:\/\/www.pcmadrid.es\/tienda\/#website"},"primaryImageOfPage":{"@id":"https:\/\/www.pcmadrid.es\/tienda\/producto\/router-inalambrico-4g-tp-link-archer-mr600-1200mbps-2-4ghz-5ghz-2-antenas-wifi-802-11a-n-ac-b-g-n\/#primaryimage"},"image":{"@id":"https:\/\/www.pcmadrid.es\/tienda\/producto\/router-inalambrico-4g-tp-link-archer-mr600-1200mbps-2-4ghz-5ghz-2-antenas-wifi-802-11a-n-ac-b-g-n\/#primaryimage"},"thumbnailUrl":"https:\/\/i0.wp.com\/www.pcmadrid.es\/tienda\/wp-content\/uploads\/2024\/05\/art_tpl-rou20archer20mr600_1.jpg?fit=448%2C448&ssl=1","datePublished":"2024-05-16T17:54:05+00:00","dateModified":"2025-06-23T11:59:27+00:00","breadcrumb":{"@id":"https:\/\/www.pcmadrid.es\/tienda\/producto\/router-inalambrico-4g-tp-link-archer-mr600-1200mbps-2-4ghz-5ghz-2-antenas-wifi-802-11a-n-ac-b-g-n\/#breadcrumb"},"inLanguage":"es","potentialAction":[{"@type":"ReadAction","target":["https:\/\/www.pcmadrid.es\/tienda\/producto\/router-inalambrico-4g-tp-link-archer-mr600-1200mbps-2-4ghz-5ghz-2-antenas-wifi-802-11a-n-ac-b-g-n\/"]}]},{"@type":"ImageObject","inLanguage":"es","@id":"https:\/\/www.pcmadrid.es\/tienda\/producto\/router-inalambrico-4g-tp-link-archer-mr600-1200mbps-2-4ghz-5ghz-2-antenas-wifi-802-11a-n-ac-b-g-n\/#primaryimage","url":"https:\/\/i0.wp.com\/www.pcmadrid.es\/tienda\/wp-content\/uploads\/2024\/05\/art_tpl-rou20archer20mr600_1.jpg?fit=448%2C448&ssl=1","contentUrl":"https:\/\/i0.wp.com\/www.pcmadrid.es\/tienda\/wp-content\/uploads\/2024\/05\/art_tpl-rou20archer20mr600_1.jpg?fit=448%2C448&ssl=1","width":448,"height":448},{"@type":"BreadcrumbList","@id":"https:\/\/www.pcmadrid.es\/tienda\/producto\/router-inalambrico-4g-tp-link-archer-mr600-1200mbps-2-4ghz-5ghz-2-antenas-wifi-802-11a-n-ac-b-g-n\/#breadcrumb","itemListElement":[{"@type":"ListItem","position":1,"name":"Portada","item":"https:\/\/www.pcmadrid.es\/tienda\/"},{"@type":"ListItem","position":2,"name":"Todos los productos","item":"https:\/\/www.pcmadrid.es\/tienda\/todos-los-productos\/"},{"@type":"ListItem","position":3,"name":"Router Inal\u00e1mbrico 4G TP-Link Archer MR600 1200Mbps 2.4GHz 5GHz\/ 2 Antenas\/ WiFi 802.11a\/n\/ac &#8211; b\/g\/n"}]},{"@type":"WebSite","@id":"https:\/\/www.pcmadrid.es\/tienda\/#website","url":"https:\/\/www.pcmadrid.es\/tienda\/","name":"Tienda PCMADRID","description":"Venta y reparaciones de ordenadores","publisher":{"@id":"https:\/\/www.pcmadrid.es\/tienda\/#organization"},"potentialAction":[{"@type":"SearchAction","target":{"@type":"EntryPoint","urlTemplate":"https:\/\/www.pcmadrid.es\/tienda\/?s={search_term_string}"},"query-input":{"@type":"PropertyValueSpecification","valueRequired":true,"valueName":"search_term_string"}}],"inLanguage":"es"},{"@type":"Organization","@id":"https:\/\/www.pcmadrid.es\/tienda\/#organization","name":"PCMADRID","url":"https:\/\/www.pcmadrid.es\/tienda\/","logo":{"@type":"ImageObject","inLanguage":"es","@id":"https:\/\/www.pcmadrid.es\/tienda\/#\/schema\/logo\/image\/","url":"https:\/\/www.pcmadrid.es\/tienda\/wp-content\/uploads\/2019\/10\/pcmadridlogo..png","contentUrl":"https:\/\/www.pcmadrid.es\/tienda\/wp-content\/uploads\/2019\/10\/pcmadridlogo..png","width":750,"height":300,"caption":"PCMADRID"},"image":{"@id":"https:\/\/www.pcmadrid.es\/tienda\/#\/schema\/logo\/image\/"},"sameAs":["https:\/\/www.facebook.com\/pcmadridinformatica","https:\/\/x.com\/pc_madrid","https:\/\/www.youtube.com\/channel\/UCIbQq9k6BBrU5x2wqDIHr7A","https:\/\/www.instagram.com\/pcmadrid_informatica\/?hl=es","https:\/\/www.linkedin.com\/company\/9348326\/admin\/","https:\/\/www.pinterest.es\/pcmadrid_informatica\/"]}]}},"jetpack_sharing_enabled":true,"_links":{"self":[{"href":"https:\/\/www.pcmadrid.es\/tienda\/wp-json\/wp\/v2\/product\/12850","targetHints":{"allow":["GET"]}}],"collection":[{"href":"https:\/\/www.pcmadrid.es\/tienda\/wp-json\/wp\/v2\/product"}],"about":[{"href":"https:\/\/www.pcmadrid.es\/tienda\/wp-json\/wp\/v2\/types\/product"}],"replies":[{"embeddable":true,"href":"https:\/\/www.pcmadrid.es\/tienda\/wp-json\/wp\/v2\/comments?post=12850"}],"wp:featuredmedia":[{"embeddable":true,"href":"https:\/\/www.pcmadrid.es\/tienda\/wp-json\/wp\/v2\/media\/12849"}],"wp:attachment":[{"href":"https:\/\/www.pcmadrid.es\/tienda\/wp-json\/wp\/v2\/media?parent=12850"}],"wp:term":[{"taxonomy":"product_brand","embeddable":true,"href":"https:\/\/www.pcmadrid.es\/tienda\/wp-json\/wp\/v2\/product_brand?post=12850"},{"taxonomy":"product_cat","embeddable":true,"href":"https:\/\/www.pcmadrid.es\/tienda\/wp-json\/wp\/v2\/product_cat?post=12850"},{"taxonomy":"product_tag","embeddable":true,"href":"https:\/\/www.pcmadrid.es\/tienda\/wp-json\/wp\/v2\/product_tag?post=12850"}],"curies":[{"name":"wp","href":"https:\/\/api.w.org\/{rel}","templated":true}]}}