{"id":12854,"date":"2024-05-16T19:54:06","date_gmt":"2024-05-16T17:54:06","guid":{"rendered":"https:\/\/www.pcmadrid.es\/tienda\/producto\/router-vpn-tp-link-tl-er7206-5-puertos-multi-wan\/"},"modified":"2025-06-23T13:59:27","modified_gmt":"2025-06-23T11:59:27","slug":"router-vpn-tp-link-tl-er7206-5-puertos-multi-wan","status":"publish","type":"product","link":"https:\/\/www.pcmadrid.es\/tienda\/producto\/router-vpn-tp-link-tl-er7206-5-puertos-multi-wan\/","title":{"rendered":"Router VPN TP-Link TL-ER7206\/ 5 Puertos Multi-WAN"},"content":{"rendered":"<p>&#8220;<\/p>\n<p><h2>Omada SDN: la soluci\u00f3n en la nube m\u00e1s inteligente para redes empresariales<\/h2>\n<p>Como puerta de enlace que se integra a la perfecci\u00f3n en la plataforma Omada Software Defined Networking (SDN), ER7206 permite la administraci\u00f3n remota y centralizada, en cualquier lugar y en cualquier momento. La administraci\u00f3n independiente a trav\u00e9s de la interfaz de usuario web o la aplicaci\u00f3n tambi\u00e9n est\u00e1 disponible para maximizar la comodidad.<\/p>\n<h2>Hasta cuatro puertos WAN Gigabit para optimizar el uso del ancho de banda<\/h2>\n<p>Un puerto WAN SFP gigabit, un puerto WAN RJ45 gigabit y dos puertos WAN \/ LAN libremente intercambiables permiten que el enrutador admita hasta cuatro puertos WAN para satisfacer varios requisitos de acceso a Internet a trav\u00e9s de un dispositivo. La funci\u00f3n de equilibrio de carga de m\u00faltiples WAN distribuye los flujos de datos de acuerdo con la proporci\u00f3n de ancho de banda de cada puerto WAN para aumentar la tasa de utilizaci\u00f3n de la banda ancha de m\u00faltiples l\u00edneas.<\/p>\n<h2>VPN altamente segura<\/h2>\n<p>ER7206 admite IPSec \/ PPTP \/ L2TP VPN sobre protocolos IPSec \/ SSL. Con un potente dise\u00f1o de hardware, el enrutador admite y administra hasta 100 \u00d7 IPSec LAN a LAN, 50 \u00d7 OpenVPN *, 50 \u00d7 L2TP y 50 \u00d7 conexiones VPN PPTP. La VPN IPSec autom\u00e1tica con un clic * simplifica enormemente la configuraci\u00f3n de la VPN y facilita la administraci\u00f3n y la implementaci\u00f3n de la red, al mismo tiempo que protege y encripta las comunicaciones de datos privadas entre sitios que viajan a trav\u00e9s de Internet.<\/p>\n<\/p>\n<h2>Cortafuegos potente<\/h2>\n<p>Las pol\u00edticas de firewall avanzadas protegen su red y sus datos.<\/p>\n<\/p>\n<h2>Conveniente soporte de VLAN<\/h2>\n<p>Cree segmentos de red virtual para mejorar la seguridad y simplificar la administraci\u00f3n de la red.<\/p>\n<\/p>\n<h2>Defensa DoS<\/h2>\n<p>Detecta y bloquea autom\u00e1ticamente ataques de denegaci\u00f3n de servicio (DoS) como TCP \/ UDP \/ ICMP Flooding, Ping of Death y otras amenazas relacionadas.<\/p>\n<\/p>\n<h2>Filtrado de IP \/ MAC \/ URL<\/h2>\n<p>Evite con fuerza los virus y los ataques de intrusos.<\/p>\n<\/p>\n<h2>Enlace IP-MAC<\/h2>\n<p>Reserva la asignaci\u00f3n de IP est\u00e1tica para que los clientes se defiendan contra ataques ARP y suplantaci\u00f3n de identidad.<\/p>\n<\/p>\n<h2>Activaci\u00f3n ALG con un clic<\/h2>\n<p>Activaci\u00f3n ALG con un clic para aplicaciones como FTP, H323, SIP,IPSec y PPTP.<\/p>\n<h2>Estrategia de gesti\u00f3n del acceso a Internet<\/h2>\n<p>Estandarice el comportamiento en l\u00ednea de los usuarios y especifique f\u00e1cilmente los derechos y las estrategias de acceso a Internet del empleado a trav\u00e9s del filtrado de IP \/ MAC \/ URL y la lista de control de acceso (ACL). La autenticaci\u00f3n del portal cautivo facilita el control de los recursos de la red al capturar, autenticar y clasificar el acceso de los usuarios. Tambi\u00e9n se pueden asignar recursos de red apropiados para usuarios o invitados particulares.<\/p>\n<p><\/p>\n<\/p>\n<ul>\n<li>Integrado en Omada SDN&nbsp;: aprovisionamiento Zero-Touch (ZTP)<sup>&nbsp;**&nbsp;<\/sup>, administraci\u00f3n centralizada en la nube y monitoreo inteligente.<\/li>\n<li>Gesti\u00f3n centralizada&nbsp;: acceso a la nube y la aplicaci\u00f3n Omada para una m\u00e1xima comodidad y una gesti\u00f3n sencilla.<\/li>\n<li>Puertos Gigabit&nbsp;: los&nbsp;puertos&nbsp;SFP de 1 gigabit y los puertos RJ45 de 5 gigabit brindan conectividad por cable de alta velocidad.<\/li>\n<li>Hasta 4 puertos WAN&nbsp;: 1 puerto SFP WAN gigabit, 1 puerto WAN RJ45 gigabit, 2 puertos WAN \/ LAN gigabit optimizan el uso del ancho de banda.<\/li>\n<li>VPN de&nbsp;alta&nbsp;seguridad&nbsp;: admite hasta 100 conexiones IPsec LAN a LAN, 50 OpenVPN<sup>&nbsp;*&nbsp;<\/sup>, 50 L2TP y 50 conexiones VPN PPTP.<\/li>\n<li>Abundantes funciones de seguridad&nbsp;: las pol\u00edticas de firewall avanzadas, la defensa DoS, el filtrado de IP \/ MAC \/ URL y m\u00e1s funciones de seguridad protegen su red y sus datos.<\/li>\n<\/ul>\n<p><\/p>\n<p><\/p>\n<p>\n<ul>\n<li><b>CARACTER\u00cdSTICAS DE HARDWARE<\/b><\/li>\n<li>Est\u00e1ndares y Protocolos<\/li>\n<li>IEEE 802.3, IEEE802.3u, IEEE802.3ab, IEEE 802.3z, IEEE 802.3x, IEEE 802.1q<\/li>\n<li>TCP\/IP, DHCP, ICMP, NAT, PPPoE, NTP, HTTP, HTTPS, DNS, IPSec, PPTP, L2TP, OpenVPN, SNMP<\/li>\n<li>Interfaz<\/li>\n<li>1 puerto WAN SFP Gigabit fijo<\/li>\n<li>1 puerto WAN RJ45 Gigabit fijo<\/li>\n<li>2 puertos LAN RJ45 Gigabit fijos<\/li>\n<li>2 puertos WAN \/ LAN Gigabit RJ45 intercambiables<\/li>\n<li>Medios de Red<\/li>\n<li>10BASE-T: cable UTP categor\u00eda 3, 4, 5 (m\u00e1x. 100 m)<\/li>\n<li>EIA \/ TIA-568 STP de 100 &#937; (m\u00e1x.100 m)<\/li>\n<li>100BASE-TX: cable UTP categor\u00eda 5, 5e (m\u00e1x. 100 m)<\/li>\n<li>EIA \/ TIA-568 STP de 100 &#937; (m\u00e1x.100 m)<\/li>\n<li>1000BASE-T: cable UTP categor\u00eda 5, 5e, 6 (m\u00e1x. 100 m)<\/li>\n<li>Botones<\/li>\n<li>Bot\u00f3n Reset<\/li>\n<li>Fuente de Alimentaci\u00f3n<\/li>\n<li>100&#8211;240 V~50\/60 Hz<\/li>\n<li>Flash SPI 4MB + NAND 128MB<\/li>\n<li>DRAM 512MB<\/li>\n<li>LEDPWR, SYS, SFP WAN, WAN (Speed, Link\/Act), LAN (Speed, Link\/Act)<\/li>\n<li>Dimensiones<\/li>\n<li>8.9 \u00d7 5.2 \u00d7 1.4 in (226 \u00d7 131 \u00d7 35 mm)<\/li>\n<li><b>RENDIMIENTO<\/b><\/li>\n<li>Sesiones Concurrentes 150,000<\/li>\n<li>Rendimiento VPN IPsec 291.6 Mbps<\/li>\n<li><b>FUNCIONES B\u00c1SICAS<\/b><\/li>\n<li>Tipo de conexi\u00f3n WAN<\/li>\n<li>IP est\u00e1tica \/ din\u00e1mica<\/li>\n<li>PPPoE<\/li>\n<li>PPTP<\/li>\n<li>L2TP<\/li>\n<li>Clonado MAC<\/li>\n<li>Modificar la direcci\u00f3n MAC WAN \/ LAN &#8224;<\/li>\n<li>DHCP<\/li>\n<li>Servidor DHCP<\/li>\n<li>Reserva de direcci\u00f3n DHCP<\/li>\n<li>Interfaces multi-IP *<\/li>\n<li>DHCP de m\u00faltiples redes *<\/li>\n<li>IPv6 Si<\/li>\n<li>VLAN 802.1Q VLAN<\/li>\n<li>IPTVIGMP v2\/v3 Proxy<\/li>\n<li>FUNCIONES AVANZADAS<\/li>\n<li>ACL Filtrado de IP \/ Puerto \/ Protocolo \/ Nombre de dominio<\/li>\n<li>Enrutamiento Avanzado<\/li>\n<li>Enrutamiento est\u00e1tico<\/li>\n<li>Enrutamiento de pol\u00edticas<\/li>\n<li>Control de Ancho de Banda<\/li>\n<li>Control de ancho de banda basado en IP \/ puerto<\/li>\n<li>Garant\u00eda y ancho de banda limitado<\/li>\n<li>Balanceo de Carga<\/li>\n<li>Equilibrio de carga inteligente<\/li>\n<li>Enrutamiento optimizado para aplicaciones<\/li>\n<li>Copia de seguridad de enlace (sincronizaci\u00f3n \u00a7 , conmutaci\u00f3n por error)<\/li>\n<li>Detecci\u00f3n en l\u00ednea<\/li>\n<li>NAT<\/li>\n<li>NAT uno a uno \u00a7<\/li>\n<li>NAT de redes m\u00faltiples<\/li>\n<li>Servidor virtual<\/li>\n<li>Activaci\u00f3n de puertos \u00a7<\/li>\n<li>NAT-DMZ<\/li>\n<li>FTP \/ H.323 \/ SIP \/ IPSec \/ PPTP ALG, UPnP<\/li>\n<li>Securidad<\/li>\n<li>Cortafuegos SPI<\/li>\n<li>Paso a trav\u00e9s de VPN<\/li>\n<li>FTP \/ H.323 \/ PPTP \/ SIP \/ IPsec ALG<\/li>\n<li>Defensa DoS, Ping of Death<\/li>\n<li>Administraci\u00f3n Local<\/li>\n<li>Session Limit<\/li>\n<li>L\u00edmite de sesi\u00f3n basado en IP<\/li>\n<li>VPN<\/li>\n<li>VPN IPsec<\/li>\n<li>100 t\u00faneles VPN IPSec<\/li>\n<li>LAN a LAN, cliente a LAN<\/li>\n<li>Modo de negociaci\u00f3n principal y agresivo<\/li>\n<li>Algoritmo de cifrado DES, 3DES, AES128, AES192, AES256<\/li>\n<li>IKEv1 \/ v2 *<\/li>\n<li>Algoritmo de autenticaci\u00f3n MD5, SHA1<\/li>\n<li>NAT transversal (NAT-T)<\/li>\n<li>Detecci\u00f3n de pares muertos (DPD)<\/li>\n<li>Perfect Forward Secrecy (PFS)<\/li>\n<li>VPN PPTP<\/li>\n<li>Servidor VPN PPTP<\/li>\n<li>10 clientes VPN PPTP<\/li>\n<li>50 t\u00faneles<\/li>\n<li>PPTP con cifrado MPPE<\/li>\n<li>VPN L2TP<\/li>\n<li>Servidor VPN L2TP<\/li>\n<li>10 clientes VPN L2TP<\/li>\n<li>50 t\u00faneles<\/li>\n<li>L2TP sobre IPSec<\/li>\n<li>OpenVPN<\/li>\n<li>Servidor OpenVPN *<\/li>\n<li>10 clientes OpenVPN *<\/li>\n<li>50 t\u00faneles OpenVPN *<\/li>\n<li><b>SEGURIDAD<\/b><\/li>\n<li>Filtrado<\/li>\n<li>Filtrado de grupos WEB \u00a7<\/li>\n<li>Filtrado de URL<\/li>\n<li>Seguridad web \u00a7<\/li>\n<li>Inspecci\u00f3n ARP<\/li>\n<li>Env\u00edo de paquetes GARP \u00a7<\/li>\n<li>Escaneo ARP \u00a7<\/li>\n<li>Enlace IP-MAC \u00a7<\/li>\n<li>Defensa contra Ataques<\/li>\n<li>Defensa contra inundaciones TCP \/ UDP \/ ICMP<\/li>\n<li>Bloquear escaneo TCP (Stealth FIN \/ Xmas \/ Null)<\/li>\n<li>Bloquear ping de WAN<\/li>\n<li>Access Control<\/li>\n<li>Control de acceso basado en IP de origen \/ destino<\/li>\n<li><b>AUTHENTICATION<\/b><\/li>\n<li>Web Authentication<\/li>\n<li>Sin autenticacion<\/li>\n<li>Contrase\u00f1a simple *<\/li>\n<li>Hotspot &#65288;Usuario local \/ Cup\u00f3n * \/ SMS * \/ Radius *&#65289;<\/li>\n<li>Cortador radius externo<\/li>\n<li>Servidor de portal externo *<\/li>\n<li>Facebook*<\/li>\n<li><b>GESTI\u00d3N<\/b><\/li>\n<li>Omada App Si<\/li>\n<li>Centralized Management<\/li>\n<li>Controlador Omada basado en la nube<\/li>\n<li>Controlador de hardware Omada (OC300)<\/li>\n<li>Controlador de hardware Omada (OC200)<\/li>\n<li>Controlador de software Omada<\/li>\n<li>Cloud Access<\/li>\n<li>S\u00ed (a trav\u00e9s de OC300, OC200, controlador basado en la nube Omada o controlador de software Omada)<\/li>\n<li>Servicio<\/li>\n<li>Dynamic DNS (Dyndns, No-IP, Peanuthull, Comexe)<\/li>\n<li>Mantenimiento<\/li>\n<li>Interfaz de gesti\u00f3n web<\/li>\n<li>Gesti\u00f3n remota<\/li>\n<li>Configuraci\u00f3n de exportaci\u00f3n e importaci\u00f3n<\/li>\n<li>SNMP v1 \/ v2c \/ v3 *<\/li>\n<li>Diagn\u00f3stico (Ping y Traceroute) \u00a7<\/li>\n<li>Sincronizar NTP \u00a7<\/li>\n<li>Soporte de Syslog<\/li>\n<li>Management Features<\/li>\n<li>Descubrimiento autom\u00e1tico de dispositivos<\/li>\n<li>Monitoreo de red inteligente<\/li>\n<li>Advertencias de eventos anormales<\/li>\n<li>Configuraci\u00f3n unificada<\/li>\n<li>Programa de reinicio<\/li>\n<li>Configuraci\u00f3n del portal cautivo<\/li>\n<li>ZTP (aprovisionamiento sin intervenci\u00f3n) **<\/li>\n<li><b>OTROS<\/b><\/li>\n<li>Certificaciones<\/li>\n<li>CE, FCC, RoHS<\/li>\n<li>Contenido del Paquete<\/li>\n<li>ER7206<\/li>\n<li>Cable de alimentaci\u00f3n<\/li>\n<li>Gu\u00eda de Instalaci\u00f3n R\u00e1pida<\/li>\n<li>Requisitos del sistema<\/li>\n<li>Microsoft Windows 98SE, NT, 2000, XP, Vista &#8482; o Windows 7\/8 \/ 8.1 \/ 10, MAC OS, NetWare, UNIX o Linux<\/li>\n<li>Factores Ambientales<\/li>\n<li>Temperatura de funcionamiento: 0&#8211;40 &#8451; (32&#8211;104 &#8457;);<\/li>\n<li>Temperatura de almacenamiento: -40&#8211;70 &#8451; (-40&#8211;158 &#8457;)<\/li>\n<li>Humedad de funcionamiento: 10 a 90% de humedad relativa sin condensaci\u00f3n<\/li>\n<li>Humedad de almacenamiento: 5&#8211;90% de humedad relativa sin condensaci\u00f3n<\/li>\n<\/ul>\n<p><\/p>\n<p>&#8220;<\/p>\n","protected":false},"excerpt":{"rendered":"<p>Router vpn tp-link tl-er7206\/ 5 puertos multi-wan<\/p>\n","protected":false},"featured_media":12853,"comment_status":"open","ping_status":"closed","template":"","meta":{"_et_pb_use_builder":"","_et_pb_old_content":"","_et_gb_content_width":""},"product_brand":[],"product_cat":[528,65],"product_tag":[],"class_list":{"0":"post-12854","1":"product","2":"type-product","3":"status-publish","4":"has-post-thumbnail","6":"product_cat-routers-wifi","7":"product_cat-todos","9":"first","10":"instock","11":"taxable","12":"shipping-taxable","13":"purchasable","14":"product-type-simple"},"yoast_head":"<!-- This site is optimized with the Yoast SEO plugin v27.5 - https:\/\/yoast.com\/product\/yoast-seo-wordpress\/ -->\n<title>Router VPN TP-Link TL-ER7206\/ 5 Puertos Multi-WAN | Tienda PCMADRID<\/title>\n<meta name=\"robots\" content=\"index, follow, max-snippet:-1, max-image-preview:large, max-video-preview:-1\" \/>\n<link rel=\"canonical\" href=\"https:\/\/www.pcmadrid.es\/tienda\/producto\/router-vpn-tp-link-tl-er7206-5-puertos-multi-wan\/\" \/>\n<meta name=\"twitter:label1\" content=\"Tiempo de lectura\" \/>\n\t<meta name=\"twitter:data1\" content=\"6 minutos\" \/>\n<script type=\"application\/ld+json\" class=\"yoast-schema-graph\">{\"@context\":\"https:\\\/\\\/schema.org\",\"@graph\":[{\"@type\":\"WebPage\",\"@id\":\"https:\\\/\\\/www.pcmadrid.es\\\/tienda\\\/producto\\\/router-vpn-tp-link-tl-er7206-5-puertos-multi-wan\\\/\",\"url\":\"https:\\\/\\\/www.pcmadrid.es\\\/tienda\\\/producto\\\/router-vpn-tp-link-tl-er7206-5-puertos-multi-wan\\\/\",\"name\":\"Router VPN TP-Link TL-ER7206\\\/ 5 Puertos Multi-WAN | Tienda PCMADRID\",\"isPartOf\":{\"@id\":\"https:\\\/\\\/www.pcmadrid.es\\\/tienda\\\/#website\"},\"primaryImageOfPage\":{\"@id\":\"https:\\\/\\\/www.pcmadrid.es\\\/tienda\\\/producto\\\/router-vpn-tp-link-tl-er7206-5-puertos-multi-wan\\\/#primaryimage\"},\"image\":{\"@id\":\"https:\\\/\\\/www.pcmadrid.es\\\/tienda\\\/producto\\\/router-vpn-tp-link-tl-er7206-5-puertos-multi-wan\\\/#primaryimage\"},\"thumbnailUrl\":\"https:\\\/\\\/i0.wp.com\\\/www.pcmadrid.es\\\/tienda\\\/wp-content\\\/uploads\\\/2024\\\/05\\\/art_tpl-rou20tl-er7206_1.jpg?fit=448%2C448&ssl=1\",\"datePublished\":\"2024-05-16T17:54:06+00:00\",\"dateModified\":\"2025-06-23T11:59:27+00:00\",\"breadcrumb\":{\"@id\":\"https:\\\/\\\/www.pcmadrid.es\\\/tienda\\\/producto\\\/router-vpn-tp-link-tl-er7206-5-puertos-multi-wan\\\/#breadcrumb\"},\"inLanguage\":\"es\",\"potentialAction\":[{\"@type\":\"ReadAction\",\"target\":[\"https:\\\/\\\/www.pcmadrid.es\\\/tienda\\\/producto\\\/router-vpn-tp-link-tl-er7206-5-puertos-multi-wan\\\/\"]}]},{\"@type\":\"ImageObject\",\"inLanguage\":\"es\",\"@id\":\"https:\\\/\\\/www.pcmadrid.es\\\/tienda\\\/producto\\\/router-vpn-tp-link-tl-er7206-5-puertos-multi-wan\\\/#primaryimage\",\"url\":\"https:\\\/\\\/i0.wp.com\\\/www.pcmadrid.es\\\/tienda\\\/wp-content\\\/uploads\\\/2024\\\/05\\\/art_tpl-rou20tl-er7206_1.jpg?fit=448%2C448&ssl=1\",\"contentUrl\":\"https:\\\/\\\/i0.wp.com\\\/www.pcmadrid.es\\\/tienda\\\/wp-content\\\/uploads\\\/2024\\\/05\\\/art_tpl-rou20tl-er7206_1.jpg?fit=448%2C448&ssl=1\",\"width\":448,\"height\":448},{\"@type\":\"BreadcrumbList\",\"@id\":\"https:\\\/\\\/www.pcmadrid.es\\\/tienda\\\/producto\\\/router-vpn-tp-link-tl-er7206-5-puertos-multi-wan\\\/#breadcrumb\",\"itemListElement\":[{\"@type\":\"ListItem\",\"position\":1,\"name\":\"Portada\",\"item\":\"https:\\\/\\\/www.pcmadrid.es\\\/tienda\\\/\"},{\"@type\":\"ListItem\",\"position\":2,\"name\":\"Todos los productos\",\"item\":\"https:\\\/\\\/www.pcmadrid.es\\\/tienda\\\/todos-los-productos\\\/\"},{\"@type\":\"ListItem\",\"position\":3,\"name\":\"Router VPN TP-Link TL-ER7206\\\/ 5 Puertos Multi-WAN\"}]},{\"@type\":\"WebSite\",\"@id\":\"https:\\\/\\\/www.pcmadrid.es\\\/tienda\\\/#website\",\"url\":\"https:\\\/\\\/www.pcmadrid.es\\\/tienda\\\/\",\"name\":\"Tienda PCMADRID\",\"description\":\"Venta y reparaciones de ordenadores\",\"publisher\":{\"@id\":\"https:\\\/\\\/www.pcmadrid.es\\\/tienda\\\/#organization\"},\"potentialAction\":[{\"@type\":\"SearchAction\",\"target\":{\"@type\":\"EntryPoint\",\"urlTemplate\":\"https:\\\/\\\/www.pcmadrid.es\\\/tienda\\\/?s={search_term_string}\"},\"query-input\":{\"@type\":\"PropertyValueSpecification\",\"valueRequired\":true,\"valueName\":\"search_term_string\"}}],\"inLanguage\":\"es\"},{\"@type\":\"Organization\",\"@id\":\"https:\\\/\\\/www.pcmadrid.es\\\/tienda\\\/#organization\",\"name\":\"PCMADRID\",\"url\":\"https:\\\/\\\/www.pcmadrid.es\\\/tienda\\\/\",\"logo\":{\"@type\":\"ImageObject\",\"inLanguage\":\"es\",\"@id\":\"https:\\\/\\\/www.pcmadrid.es\\\/tienda\\\/#\\\/schema\\\/logo\\\/image\\\/\",\"url\":\"https:\\\/\\\/www.pcmadrid.es\\\/tienda\\\/wp-content\\\/uploads\\\/2019\\\/10\\\/pcmadridlogo..png\",\"contentUrl\":\"https:\\\/\\\/www.pcmadrid.es\\\/tienda\\\/wp-content\\\/uploads\\\/2019\\\/10\\\/pcmadridlogo..png\",\"width\":750,\"height\":300,\"caption\":\"PCMADRID\"},\"image\":{\"@id\":\"https:\\\/\\\/www.pcmadrid.es\\\/tienda\\\/#\\\/schema\\\/logo\\\/image\\\/\"},\"sameAs\":[\"https:\\\/\\\/www.facebook.com\\\/pcmadridinformatica\",\"https:\\\/\\\/x.com\\\/pc_madrid\",\"https:\\\/\\\/www.youtube.com\\\/channel\\\/UCIbQq9k6BBrU5x2wqDIHr7A\",\"https:\\\/\\\/www.instagram.com\\\/pcmadrid_informatica\\\/?hl=es\",\"https:\\\/\\\/www.linkedin.com\\\/company\\\/9348326\\\/admin\\\/\",\"https:\\\/\\\/www.pinterest.es\\\/pcmadrid_informatica\\\/\"]}]}<\/script>\n<!-- \/ Yoast SEO plugin. -->","yoast_head_json":{"title":"Router VPN TP-Link TL-ER7206\/ 5 Puertos Multi-WAN | Tienda PCMADRID","robots":{"index":"index","follow":"follow","max-snippet":"max-snippet:-1","max-image-preview":"max-image-preview:large","max-video-preview":"max-video-preview:-1"},"canonical":"https:\/\/www.pcmadrid.es\/tienda\/producto\/router-vpn-tp-link-tl-er7206-5-puertos-multi-wan\/","twitter_misc":{"Tiempo de lectura":"6 minutos"},"schema":{"@context":"https:\/\/schema.org","@graph":[{"@type":"WebPage","@id":"https:\/\/www.pcmadrid.es\/tienda\/producto\/router-vpn-tp-link-tl-er7206-5-puertos-multi-wan\/","url":"https:\/\/www.pcmadrid.es\/tienda\/producto\/router-vpn-tp-link-tl-er7206-5-puertos-multi-wan\/","name":"Router VPN TP-Link TL-ER7206\/ 5 Puertos Multi-WAN | Tienda PCMADRID","isPartOf":{"@id":"https:\/\/www.pcmadrid.es\/tienda\/#website"},"primaryImageOfPage":{"@id":"https:\/\/www.pcmadrid.es\/tienda\/producto\/router-vpn-tp-link-tl-er7206-5-puertos-multi-wan\/#primaryimage"},"image":{"@id":"https:\/\/www.pcmadrid.es\/tienda\/producto\/router-vpn-tp-link-tl-er7206-5-puertos-multi-wan\/#primaryimage"},"thumbnailUrl":"https:\/\/i0.wp.com\/www.pcmadrid.es\/tienda\/wp-content\/uploads\/2024\/05\/art_tpl-rou20tl-er7206_1.jpg?fit=448%2C448&ssl=1","datePublished":"2024-05-16T17:54:06+00:00","dateModified":"2025-06-23T11:59:27+00:00","breadcrumb":{"@id":"https:\/\/www.pcmadrid.es\/tienda\/producto\/router-vpn-tp-link-tl-er7206-5-puertos-multi-wan\/#breadcrumb"},"inLanguage":"es","potentialAction":[{"@type":"ReadAction","target":["https:\/\/www.pcmadrid.es\/tienda\/producto\/router-vpn-tp-link-tl-er7206-5-puertos-multi-wan\/"]}]},{"@type":"ImageObject","inLanguage":"es","@id":"https:\/\/www.pcmadrid.es\/tienda\/producto\/router-vpn-tp-link-tl-er7206-5-puertos-multi-wan\/#primaryimage","url":"https:\/\/i0.wp.com\/www.pcmadrid.es\/tienda\/wp-content\/uploads\/2024\/05\/art_tpl-rou20tl-er7206_1.jpg?fit=448%2C448&ssl=1","contentUrl":"https:\/\/i0.wp.com\/www.pcmadrid.es\/tienda\/wp-content\/uploads\/2024\/05\/art_tpl-rou20tl-er7206_1.jpg?fit=448%2C448&ssl=1","width":448,"height":448},{"@type":"BreadcrumbList","@id":"https:\/\/www.pcmadrid.es\/tienda\/producto\/router-vpn-tp-link-tl-er7206-5-puertos-multi-wan\/#breadcrumb","itemListElement":[{"@type":"ListItem","position":1,"name":"Portada","item":"https:\/\/www.pcmadrid.es\/tienda\/"},{"@type":"ListItem","position":2,"name":"Todos los productos","item":"https:\/\/www.pcmadrid.es\/tienda\/todos-los-productos\/"},{"@type":"ListItem","position":3,"name":"Router VPN TP-Link TL-ER7206\/ 5 Puertos Multi-WAN"}]},{"@type":"WebSite","@id":"https:\/\/www.pcmadrid.es\/tienda\/#website","url":"https:\/\/www.pcmadrid.es\/tienda\/","name":"Tienda PCMADRID","description":"Venta y reparaciones de ordenadores","publisher":{"@id":"https:\/\/www.pcmadrid.es\/tienda\/#organization"},"potentialAction":[{"@type":"SearchAction","target":{"@type":"EntryPoint","urlTemplate":"https:\/\/www.pcmadrid.es\/tienda\/?s={search_term_string}"},"query-input":{"@type":"PropertyValueSpecification","valueRequired":true,"valueName":"search_term_string"}}],"inLanguage":"es"},{"@type":"Organization","@id":"https:\/\/www.pcmadrid.es\/tienda\/#organization","name":"PCMADRID","url":"https:\/\/www.pcmadrid.es\/tienda\/","logo":{"@type":"ImageObject","inLanguage":"es","@id":"https:\/\/www.pcmadrid.es\/tienda\/#\/schema\/logo\/image\/","url":"https:\/\/www.pcmadrid.es\/tienda\/wp-content\/uploads\/2019\/10\/pcmadridlogo..png","contentUrl":"https:\/\/www.pcmadrid.es\/tienda\/wp-content\/uploads\/2019\/10\/pcmadridlogo..png","width":750,"height":300,"caption":"PCMADRID"},"image":{"@id":"https:\/\/www.pcmadrid.es\/tienda\/#\/schema\/logo\/image\/"},"sameAs":["https:\/\/www.facebook.com\/pcmadridinformatica","https:\/\/x.com\/pc_madrid","https:\/\/www.youtube.com\/channel\/UCIbQq9k6BBrU5x2wqDIHr7A","https:\/\/www.instagram.com\/pcmadrid_informatica\/?hl=es","https:\/\/www.linkedin.com\/company\/9348326\/admin\/","https:\/\/www.pinterest.es\/pcmadrid_informatica\/"]}]}},"jetpack_sharing_enabled":true,"_links":{"self":[{"href":"https:\/\/www.pcmadrid.es\/tienda\/wp-json\/wp\/v2\/product\/12854","targetHints":{"allow":["GET"]}}],"collection":[{"href":"https:\/\/www.pcmadrid.es\/tienda\/wp-json\/wp\/v2\/product"}],"about":[{"href":"https:\/\/www.pcmadrid.es\/tienda\/wp-json\/wp\/v2\/types\/product"}],"replies":[{"embeddable":true,"href":"https:\/\/www.pcmadrid.es\/tienda\/wp-json\/wp\/v2\/comments?post=12854"}],"wp:featuredmedia":[{"embeddable":true,"href":"https:\/\/www.pcmadrid.es\/tienda\/wp-json\/wp\/v2\/media\/12853"}],"wp:attachment":[{"href":"https:\/\/www.pcmadrid.es\/tienda\/wp-json\/wp\/v2\/media?parent=12854"}],"wp:term":[{"taxonomy":"product_brand","embeddable":true,"href":"https:\/\/www.pcmadrid.es\/tienda\/wp-json\/wp\/v2\/product_brand?post=12854"},{"taxonomy":"product_cat","embeddable":true,"href":"https:\/\/www.pcmadrid.es\/tienda\/wp-json\/wp\/v2\/product_cat?post=12854"},{"taxonomy":"product_tag","embeddable":true,"href":"https:\/\/www.pcmadrid.es\/tienda\/wp-json\/wp\/v2\/product_tag?post=12854"}],"curies":[{"name":"wp","href":"https:\/\/api.w.org\/{rel}","templated":true}]}}