{"id":12866,"date":"2024-05-16T19:54:12","date_gmt":"2024-05-16T17:54:12","guid":{"rendered":"https:\/\/www.pcmadrid.es\/tienda\/producto\/router-inalambrico-xiaomi-ac1200-1167mbps-2-4ghz-5ghz-4-antenas-wifi-802-11a-b-g-n-ac\/"},"modified":"2025-06-23T13:59:34","modified_gmt":"2025-06-23T11:59:34","slug":"router-inalambrico-xiaomi-ac1200-1167mbps-2-4ghz-5ghz-4-antenas-wifi-802-11a-b-g-n-ac","status":"publish","type":"product","link":"https:\/\/www.pcmadrid.es\/tienda\/producto\/router-inalambrico-xiaomi-ac1200-1167mbps-2-4ghz-5ghz-4-antenas-wifi-802-11a-b-g-n-ac\/","title":{"rendered":"Router Inal\u00e1mbrico Xiaomi AC1200 1167Mbps\/ 2.4GHz 5GHz\/ 4 Antenas\/ WiFi 802.11a\/b\/g\/n\/ac"},"content":{"rendered":"<p>&#8220;<\/p>\n<p><h2>Dual-Core Full Gigabit AC1200 Router<br \/><\/h2>\n<p>CPU de doble n\u00facleo | Puertos de red Gigabit | 4 antenas de alto rendimiento<\/p>\n<p>La gran memoria de 128 MB admite conexiones estables para hasta 128 dispositivos terminales*<\/p>\n<p>Protecci\u00f3n antipirater\u00eda | Soporte IPv6 | Optimizado para el hogar inteligente Xiaomi<\/p>\n<ul>\n<li>4&nbsp;<span style='background-color: initial;'>Antennas<\/span><\/li>\n<li>Omni-directional high-gain<\/li>\n<li>128MB<\/li>\n<li><span style='background-color: initial;'>1167&nbsp;<\/span><span style='background-color: initial;'>Mbps<\/span><\/li>\n<li>Dual-core<\/li>\n<li>880MHz<\/li>\n<li>Gigabit&nbsp;<span style='background-color: initial;'>Ethernet ports<\/span><\/li>\n<\/ul>\n<h2>Enrutador gigabit completo de fibra \u00f3ptica que ofrece velocidades de conexi\u00f3n m\u00e1s r\u00e1pidas<\/h2>\n<div>\n<h2>Gigabit completo de fibra \u00f3ptica para banda ancha de alta velocidad de m\u00e1s de 100 Mbps<\/h2>\n<p>El enrutador Xiaomi AC1200 incluye un puerto WAN gigabit y dos puertos LAN gigabit, logrando f\u00e1cilmente velocidades de red de 100 Mbps y superiores. En comparaci\u00f3n con los puertos de 100 megabits, le permite utilizar mejor cada megabit de ancho de banda.<\/p>\n<h2>CPU de doble n\u00facleo para velocidades de Internet m\u00e1s r\u00e1pidas<\/h2>\n<p>Cuenta con un procesador de doble n\u00facleo y cuatro subprocesos con una velocidad de reloj de un solo n\u00facleo de hasta 880 MHz. Potente rendimiento que admite f\u00e1cilmente puertos Gigabit Ethernet y transmisi\u00f3n de datos Wi-Fi de doble banda Gigabit para una experiencia en l\u00ednea m\u00e1s fluida.<\/p>\n<h2>Banda dual inal\u00e1mbrica de 1167 Mbps para conexiones a Internet m\u00e1s r\u00e1pidas y fluidas<\/h2>\n<p>Las bandas duales simult\u00e1neas, 2,4 GHz y 5 GHz, reducen el retraso causado por los canales compartidos y ofrecen velocidades de conexi\u00f3n inal\u00e1mbrica de hasta 1167 Mbps.<\/p>\n<p>La banda de 2,4 GHz transmite a mayores distancias para una mejor cobertura y mejor rendimiento a trav\u00e9s de paredes; La banda de 5 GHz utiliza tecnolog\u00eda 802.11ac para reducir la interferencia y aumentar la velocidad de conexi\u00f3n, para una experiencia m\u00e1s fluida al ver videos HD y jugar juegos en l\u00ednea.<\/p>\n<h2>La integraci\u00f3n de doble banda con un SSID de Wi-Fi elimina la confusi\u00f3n*<\/h2>\n<p>El enrutador Xiaomi AC1200 admite la integraci\u00f3n de doble banda, combinando las bandas de 2,4 GHz y 5 GHz en un SSID de Wi-Fi.<\/p>\n<p>Ya no tendr\u00e1s que preocuparte por a qu\u00e9 Wi-Fi conectarte. La banda de 2,4 GHz ofrece una mejor transmisi\u00f3n a trav\u00e9s de las paredes, mientras que la banda de 5 GHz ofrece velocidades m\u00e1s altas y el dispositivo de doble banda selecciona autom\u00e1ticamente la banda \u00f3ptima.<\/p>\n<h2>Cuatro antenas de alta ganancia para una buena se\u00f1al a trav\u00e9s de las paredes<\/h2>\n<\/div>\n<div>Las cuatro antenas omnidireccionales externas de alto rendimiento probadas con precisi\u00f3n han sido cuidadosamente dise\u00f1adas y dispuestas para maximizar el rendimiento de la transmisi\u00f3n, incluso en entornos m\u00e1s complejos.<\/div>\n<div>\n<h2>El amplificador de se\u00f1al integrado garantiza una buena se\u00f1al Wi-Fi en una amplia \u00e1rea de cobertura<\/h2>\n<p>Los chips inal\u00e1mbricos de 2,4 GHz y 5 GHz cuentan cada uno con un amplificador de potencia (PA) integrado y un amplificador de bajo ruido (LNA). El PA (amplificador de potencia) fortalece eficazmente la potencia de transmisi\u00f3n de la se\u00f1al, mientras que el LNA (amplificador de bajo ruido) puede aumentar la sensibilidad del receptor de se\u00f1al. Esto permite que la se\u00f1al se transmita a mayores distancias, atraviese mejor las paredes y cubra un \u00e1rea m\u00e1s amplia.<\/p>\n<h2>La gran memoria de 128 MB admite conexiones estables para hasta 128 dispositivos terminales*<\/h2>\n<p>En la era de los hogares inteligentes, cada vez m\u00e1s dispositivos necesitan una conexi\u00f3n de red estable. El enrutador Xiaomi AC1200 utiliza 128 MB de RAM para proporcionar una transmisi\u00f3n de datos estable y garantizar una conexi\u00f3n estable para todos y cada uno de los dispositivos conectados.<\/p>\n<h2>Soporte IPv6<\/h2>\n<p>IPv6 tiene un espacio de direcciones m\u00e1s grande, lo que hace posible el Internet de las cosas. El Xiaomi Router AC1200 soporta IPv6 y est\u00e1 preparado para un futuro despliegue de IPv6 a gran escala.<\/p>\n<h2>El algoritmo inteligente de correcci\u00f3n de errores mejora las se\u00f1ales d\u00e9biles para una mayor estabilidad y eficiencia.<\/h2>\n<p>La banda de 5 GHz admite algoritmos de correcci\u00f3n de errores LDPC (verificaci\u00f3n de paridad de baja densidad). Esto reduce la interferencia durante la transmisi\u00f3n de datos y aumenta significativamente la cobertura de la se\u00f1al Wi-Fi para una transmisi\u00f3n de datos m\u00e1s eficiente.<\/p>\n<h2>Configuraci\u00f3n de Internet r\u00e1pida y conveniente<\/h2>\n<p>Configuraciones de Internet r\u00e1pidas y f\u00e1ciles de usar, lo suficientemente simples como para que las utilicen las generaciones mayores. Puedes optimizar la conexi\u00f3n de un dispositivo inteligente Xiaomi con la aplicaci\u00f3n Mi Home\/Xiaomi Home cuando el dispositivo est\u00e1 conectado a Internet, por lo que no es necesario ingresar una contrase\u00f1a manualmente.*<\/p>\n<p><\/div>\n<div>\n<h2>Especificaciones<\/h2>\n<ul>\n<li><b>Configuraci\u00f3n de hardware<\/b><\/li>\n<li>Color del producto<\/li>\n<li>Blanco<\/li>\n<li><b>Procesador<\/b><\/li>\n<li>Doble n\u00facleo 880MHz<\/li>\n<li>ROM<\/li>\n<li>16MB<\/li>\n<li><b>Memoria del producto<\/b><\/li>\n<li>DDR3 de 128MB<\/li>\n<li>Wi-Fi de 2,4 GHz<\/li>\n<li>2&#215;2 (Soporta protocolo IEEE 802.11n, hasta una velocidad m\u00e1xima de 300Mbps)<\/li>\n<li>Wi-Fi de 5 GHz<\/li>\n<li>2&#215;2 (Soporta protocolo IEEE 802.11ac, hasta una velocidad m\u00e1xima de 867Mbps)<\/li>\n<li><b>Antenas<\/b><\/li>\n<li>4 antenas externas omnidireccionales de alto rendimiento<\/li>\n<li><b>Enfriamiento<\/b><\/li>\n<li>Enfriamiento pasivo<\/li>\n<li><b>Puertos de producto<\/b><\/li>\n<li>2 puertos LAN autoadaptativos 10\/100\/1000M (Auto MDI\/MDIX)<\/li>\n<li>1 puerto WAN autoadaptativo 10\/100\/1000M (Auto MDI\/MDIX)<\/li>\n<li>Indicador LED<\/li>\n<li>x2<\/li>\n<li>Bot\u00f3n de reinicio del sistema<\/li>\n<li>x1<\/li>\n<li>Puerto de fuente de alimentaci\u00f3n<\/li>\n<li>x1<\/li>\n<li>Est\u00e1ndares de protocolo<\/li>\n<li>IEEE 802.11a\/b\/g\/n\/ac, IEEE 802.3\/3u\/3ab<\/li>\n<li><b>Especificaciones inal\u00e1mbricas<\/b><\/li>\n<li>Banda dual<\/li>\n<li>2,4 GHz y 5 GHz<\/li>\n<li>Modulaci\u00f3n<\/li>\n<li>11b:DSSS: DBPSK (1Mbps), DQPSK (2Mbps), CCK(5,5\/11Mbps) 11a\/g:OFDM: BPSK (6\/9Mbps), QPSK (12\/18Mbps), 16QAM (24\/36Mbps),<\/li>\n<li>64QAM (48\/54Mbps) 11n:MIMO-OFDM:BPSK, QPSK, 16QAM, 64QAM. Conjunto de tarifas: MCS0-MCS15 11ac:MIMO-OFDM:BPSK, QPSK, 16QAM, 64QAM, 256QAM. Conjunto de tarifas:<\/li>\n<li>MCS0 a MCS9 (admite 2 transmisiones)<\/li>\n<li><b>Par\u00e1metros del software<\/b><\/li>\n<li>Sistema operativo<\/li>\n<li>OpenWRT, sistema operativo de enrutador inteligente ampliamente personalizable, ROM MiWiFi<\/li>\n<li>Seguridad inal\u00e1mbrica<\/li>\n<li>Cifrado WPA-PSK\/WPA-PSK2, control de acceso inal\u00e1mbrico (listas blancas y negras), ocultaci\u00f3n de SSID, protecci\u00f3n inteligente contra pirater\u00eda<\/li>\n<li>Administrar aplicaciones<\/li>\n<li>Soporte Web, Android, iOS<\/li>\n<li><b>Accesorios<\/b><\/li>\n<li>Manual de usuario (incluye tarjeta de garant\u00eda)<\/li>\n<li>x1<\/li>\n<li>Fuente de alimentaci\u00f3n<\/li>\n<li>(12V\/1A) x1<\/li>\n<li><b>Entorno operativo<\/b><\/li>\n<li>Temperatura ambiente de funcionamiento<\/li>\n<li>0\u00b0C&#8211;40\u00b0C<\/li>\n<li>Humedad de funcionamiento<\/li>\n<li>10%&#8211;90% HR (sin condensaci\u00f3n)<\/li>\n<li>Temperatura de almacenamiento<\/li>\n<li>-40\u00b0C&#8211;70\u00b0C<\/li>\n<li>Temperatura de almacenamiento<\/li>\n<li>5%&#8211;90% HR (sin condensaci\u00f3n)<\/li>\n<li><b>Contenidos del paquete<\/b><\/li>\n<li>Unidad principal<\/li>\n<li>Manual de usuario<\/li>\n<li>Cable de energ\u00eda<\/li>\n<\/ul>\n<p><\/div>\n<\/p>\n<p>&#8220;<\/p>\n","protected":false},"excerpt":{"rendered":"<p>Router inal\u00e1mbrico xiaomi ac1200 1167mbps\/ 2.4ghz 5ghz\/ 4 antenas\/ wifi 802.11a\/b\/g\/n\/ac<\/p>\n","protected":false},"featured_media":12865,"comment_status":"open","ping_status":"closed","template":"","meta":{"_et_pb_use_builder":"","_et_pb_old_content":"","_et_gb_content_width":""},"product_brand":[],"product_cat":[528,65],"product_tag":[],"class_list":{"0":"post-12866","1":"product","2":"type-product","3":"status-publish","4":"has-post-thumbnail","6":"product_cat-routers-wifi","7":"product_cat-todos","9":"first","10":"instock","11":"taxable","12":"shipping-taxable","13":"purchasable","14":"product-type-simple"},"yoast_head":"<!-- This site is optimized with the Yoast SEO plugin v26.5 - https:\/\/yoast.com\/wordpress\/plugins\/seo\/ -->\n<title>Router Inal\u00e1mbrico Xiaomi AC1200 1167Mbps\/ 2.4GHz 5GHz\/ 4 Antenas\/ WiFi 802.11a\/b\/g\/n\/ac | Tienda PCMADRID<\/title>\n<meta name=\"robots\" content=\"index, follow, max-snippet:-1, max-image-preview:large, max-video-preview:-1\" \/>\n<link rel=\"canonical\" href=\"https:\/\/www.pcmadrid.es\/tienda\/producto\/router-inalambrico-xiaomi-ac1200-1167mbps-2-4ghz-5ghz-4-antenas-wifi-802-11a-b-g-n-ac\/\" \/>\n<meta name=\"twitter:label1\" content=\"Tiempo de lectura\" \/>\n\t<meta name=\"twitter:data1\" content=\"5 minutos\" \/>\n<script type=\"application\/ld+json\" class=\"yoast-schema-graph\">{\"@context\":\"https:\/\/schema.org\",\"@graph\":[{\"@type\":\"WebPage\",\"@id\":\"https:\/\/www.pcmadrid.es\/tienda\/producto\/router-inalambrico-xiaomi-ac1200-1167mbps-2-4ghz-5ghz-4-antenas-wifi-802-11a-b-g-n-ac\/\",\"url\":\"https:\/\/www.pcmadrid.es\/tienda\/producto\/router-inalambrico-xiaomi-ac1200-1167mbps-2-4ghz-5ghz-4-antenas-wifi-802-11a-b-g-n-ac\/\",\"name\":\"Router Inal\u00e1mbrico Xiaomi AC1200 1167Mbps\/ 2.4GHz 5GHz\/ 4 Antenas\/ WiFi 802.11a\/b\/g\/n\/ac | Tienda PCMADRID\",\"isPartOf\":{\"@id\":\"https:\/\/www.pcmadrid.es\/tienda\/#website\"},\"primaryImageOfPage\":{\"@id\":\"https:\/\/www.pcmadrid.es\/tienda\/producto\/router-inalambrico-xiaomi-ac1200-1167mbps-2-4ghz-5ghz-4-antenas-wifi-802-11a-b-g-n-ac\/#primaryimage\"},\"image\":{\"@id\":\"https:\/\/www.pcmadrid.es\/tienda\/producto\/router-inalambrico-xiaomi-ac1200-1167mbps-2-4ghz-5ghz-4-antenas-wifi-802-11a-b-g-n-ac\/#primaryimage\"},\"thumbnailUrl\":\"https:\/\/i0.wp.com\/www.pcmadrid.es\/tienda\/wp-content\/uploads\/2024\/05\/art_xia-rou20ac120020wh_1.jpg?fit=448%2C448&ssl=1\",\"datePublished\":\"2024-05-16T17:54:12+00:00\",\"dateModified\":\"2025-06-23T11:59:34+00:00\",\"breadcrumb\":{\"@id\":\"https:\/\/www.pcmadrid.es\/tienda\/producto\/router-inalambrico-xiaomi-ac1200-1167mbps-2-4ghz-5ghz-4-antenas-wifi-802-11a-b-g-n-ac\/#breadcrumb\"},\"inLanguage\":\"es\",\"potentialAction\":[{\"@type\":\"ReadAction\",\"target\":[\"https:\/\/www.pcmadrid.es\/tienda\/producto\/router-inalambrico-xiaomi-ac1200-1167mbps-2-4ghz-5ghz-4-antenas-wifi-802-11a-b-g-n-ac\/\"]}]},{\"@type\":\"ImageObject\",\"inLanguage\":\"es\",\"@id\":\"https:\/\/www.pcmadrid.es\/tienda\/producto\/router-inalambrico-xiaomi-ac1200-1167mbps-2-4ghz-5ghz-4-antenas-wifi-802-11a-b-g-n-ac\/#primaryimage\",\"url\":\"https:\/\/i0.wp.com\/www.pcmadrid.es\/tienda\/wp-content\/uploads\/2024\/05\/art_xia-rou20ac120020wh_1.jpg?fit=448%2C448&ssl=1\",\"contentUrl\":\"https:\/\/i0.wp.com\/www.pcmadrid.es\/tienda\/wp-content\/uploads\/2024\/05\/art_xia-rou20ac120020wh_1.jpg?fit=448%2C448&ssl=1\",\"width\":448,\"height\":448},{\"@type\":\"BreadcrumbList\",\"@id\":\"https:\/\/www.pcmadrid.es\/tienda\/producto\/router-inalambrico-xiaomi-ac1200-1167mbps-2-4ghz-5ghz-4-antenas-wifi-802-11a-b-g-n-ac\/#breadcrumb\",\"itemListElement\":[{\"@type\":\"ListItem\",\"position\":1,\"name\":\"Portada\",\"item\":\"https:\/\/www.pcmadrid.es\/tienda\/\"},{\"@type\":\"ListItem\",\"position\":2,\"name\":\"Todos los productos\",\"item\":\"https:\/\/www.pcmadrid.es\/tienda\/todos-los-productos\/\"},{\"@type\":\"ListItem\",\"position\":3,\"name\":\"Router Inal\u00e1mbrico Xiaomi AC1200 1167Mbps\/ 2.4GHz 5GHz\/ 4 Antenas\/ WiFi 802.11a\/b\/g\/n\/ac\"}]},{\"@type\":\"WebSite\",\"@id\":\"https:\/\/www.pcmadrid.es\/tienda\/#website\",\"url\":\"https:\/\/www.pcmadrid.es\/tienda\/\",\"name\":\"Tienda PCMADRID\",\"description\":\"Venta y reparaciones de ordenadores\",\"publisher\":{\"@id\":\"https:\/\/www.pcmadrid.es\/tienda\/#organization\"},\"potentialAction\":[{\"@type\":\"SearchAction\",\"target\":{\"@type\":\"EntryPoint\",\"urlTemplate\":\"https:\/\/www.pcmadrid.es\/tienda\/?s={search_term_string}\"},\"query-input\":{\"@type\":\"PropertyValueSpecification\",\"valueRequired\":true,\"valueName\":\"search_term_string\"}}],\"inLanguage\":\"es\"},{\"@type\":\"Organization\",\"@id\":\"https:\/\/www.pcmadrid.es\/tienda\/#organization\",\"name\":\"PCMADRID\",\"url\":\"https:\/\/www.pcmadrid.es\/tienda\/\",\"logo\":{\"@type\":\"ImageObject\",\"inLanguage\":\"es\",\"@id\":\"https:\/\/www.pcmadrid.es\/tienda\/#\/schema\/logo\/image\/\",\"url\":\"https:\/\/i0.wp.com\/www.pcmadrid.es\/tienda\/wp-content\/uploads\/2019\/10\/pcmadridlogo..png?fit=750%2C300&ssl=1\",\"contentUrl\":\"https:\/\/i0.wp.com\/www.pcmadrid.es\/tienda\/wp-content\/uploads\/2019\/10\/pcmadridlogo..png?fit=750%2C300&ssl=1\",\"width\":750,\"height\":300,\"caption\":\"PCMADRID\"},\"image\":{\"@id\":\"https:\/\/www.pcmadrid.es\/tienda\/#\/schema\/logo\/image\/\"},\"sameAs\":[\"https:\/\/www.facebook.com\/pcmadridinformatica\",\"https:\/\/x.com\/pc_madrid\",\"https:\/\/www.youtube.com\/channel\/UCIbQq9k6BBrU5x2wqDIHr7A\",\"https:\/\/www.instagram.com\/pcmadrid_informatica\/?hl=es\",\"https:\/\/www.linkedin.com\/company\/9348326\/admin\/\",\"https:\/\/www.pinterest.es\/pcmadrid_informatica\/\"]}]}<\/script>\n<!-- \/ Yoast SEO plugin. -->","yoast_head_json":{"title":"Router Inal\u00e1mbrico Xiaomi AC1200 1167Mbps\/ 2.4GHz 5GHz\/ 4 Antenas\/ WiFi 802.11a\/b\/g\/n\/ac | Tienda PCMADRID","robots":{"index":"index","follow":"follow","max-snippet":"max-snippet:-1","max-image-preview":"max-image-preview:large","max-video-preview":"max-video-preview:-1"},"canonical":"https:\/\/www.pcmadrid.es\/tienda\/producto\/router-inalambrico-xiaomi-ac1200-1167mbps-2-4ghz-5ghz-4-antenas-wifi-802-11a-b-g-n-ac\/","twitter_misc":{"Tiempo de lectura":"5 minutos"},"schema":{"@context":"https:\/\/schema.org","@graph":[{"@type":"WebPage","@id":"https:\/\/www.pcmadrid.es\/tienda\/producto\/router-inalambrico-xiaomi-ac1200-1167mbps-2-4ghz-5ghz-4-antenas-wifi-802-11a-b-g-n-ac\/","url":"https:\/\/www.pcmadrid.es\/tienda\/producto\/router-inalambrico-xiaomi-ac1200-1167mbps-2-4ghz-5ghz-4-antenas-wifi-802-11a-b-g-n-ac\/","name":"Router Inal\u00e1mbrico Xiaomi AC1200 1167Mbps\/ 2.4GHz 5GHz\/ 4 Antenas\/ WiFi 802.11a\/b\/g\/n\/ac | Tienda PCMADRID","isPartOf":{"@id":"https:\/\/www.pcmadrid.es\/tienda\/#website"},"primaryImageOfPage":{"@id":"https:\/\/www.pcmadrid.es\/tienda\/producto\/router-inalambrico-xiaomi-ac1200-1167mbps-2-4ghz-5ghz-4-antenas-wifi-802-11a-b-g-n-ac\/#primaryimage"},"image":{"@id":"https:\/\/www.pcmadrid.es\/tienda\/producto\/router-inalambrico-xiaomi-ac1200-1167mbps-2-4ghz-5ghz-4-antenas-wifi-802-11a-b-g-n-ac\/#primaryimage"},"thumbnailUrl":"https:\/\/i0.wp.com\/www.pcmadrid.es\/tienda\/wp-content\/uploads\/2024\/05\/art_xia-rou20ac120020wh_1.jpg?fit=448%2C448&ssl=1","datePublished":"2024-05-16T17:54:12+00:00","dateModified":"2025-06-23T11:59:34+00:00","breadcrumb":{"@id":"https:\/\/www.pcmadrid.es\/tienda\/producto\/router-inalambrico-xiaomi-ac1200-1167mbps-2-4ghz-5ghz-4-antenas-wifi-802-11a-b-g-n-ac\/#breadcrumb"},"inLanguage":"es","potentialAction":[{"@type":"ReadAction","target":["https:\/\/www.pcmadrid.es\/tienda\/producto\/router-inalambrico-xiaomi-ac1200-1167mbps-2-4ghz-5ghz-4-antenas-wifi-802-11a-b-g-n-ac\/"]}]},{"@type":"ImageObject","inLanguage":"es","@id":"https:\/\/www.pcmadrid.es\/tienda\/producto\/router-inalambrico-xiaomi-ac1200-1167mbps-2-4ghz-5ghz-4-antenas-wifi-802-11a-b-g-n-ac\/#primaryimage","url":"https:\/\/i0.wp.com\/www.pcmadrid.es\/tienda\/wp-content\/uploads\/2024\/05\/art_xia-rou20ac120020wh_1.jpg?fit=448%2C448&ssl=1","contentUrl":"https:\/\/i0.wp.com\/www.pcmadrid.es\/tienda\/wp-content\/uploads\/2024\/05\/art_xia-rou20ac120020wh_1.jpg?fit=448%2C448&ssl=1","width":448,"height":448},{"@type":"BreadcrumbList","@id":"https:\/\/www.pcmadrid.es\/tienda\/producto\/router-inalambrico-xiaomi-ac1200-1167mbps-2-4ghz-5ghz-4-antenas-wifi-802-11a-b-g-n-ac\/#breadcrumb","itemListElement":[{"@type":"ListItem","position":1,"name":"Portada","item":"https:\/\/www.pcmadrid.es\/tienda\/"},{"@type":"ListItem","position":2,"name":"Todos los productos","item":"https:\/\/www.pcmadrid.es\/tienda\/todos-los-productos\/"},{"@type":"ListItem","position":3,"name":"Router Inal\u00e1mbrico Xiaomi AC1200 1167Mbps\/ 2.4GHz 5GHz\/ 4 Antenas\/ WiFi 802.11a\/b\/g\/n\/ac"}]},{"@type":"WebSite","@id":"https:\/\/www.pcmadrid.es\/tienda\/#website","url":"https:\/\/www.pcmadrid.es\/tienda\/","name":"Tienda PCMADRID","description":"Venta y reparaciones de ordenadores","publisher":{"@id":"https:\/\/www.pcmadrid.es\/tienda\/#organization"},"potentialAction":[{"@type":"SearchAction","target":{"@type":"EntryPoint","urlTemplate":"https:\/\/www.pcmadrid.es\/tienda\/?s={search_term_string}"},"query-input":{"@type":"PropertyValueSpecification","valueRequired":true,"valueName":"search_term_string"}}],"inLanguage":"es"},{"@type":"Organization","@id":"https:\/\/www.pcmadrid.es\/tienda\/#organization","name":"PCMADRID","url":"https:\/\/www.pcmadrid.es\/tienda\/","logo":{"@type":"ImageObject","inLanguage":"es","@id":"https:\/\/www.pcmadrid.es\/tienda\/#\/schema\/logo\/image\/","url":"https:\/\/i0.wp.com\/www.pcmadrid.es\/tienda\/wp-content\/uploads\/2019\/10\/pcmadridlogo..png?fit=750%2C300&ssl=1","contentUrl":"https:\/\/i0.wp.com\/www.pcmadrid.es\/tienda\/wp-content\/uploads\/2019\/10\/pcmadridlogo..png?fit=750%2C300&ssl=1","width":750,"height":300,"caption":"PCMADRID"},"image":{"@id":"https:\/\/www.pcmadrid.es\/tienda\/#\/schema\/logo\/image\/"},"sameAs":["https:\/\/www.facebook.com\/pcmadridinformatica","https:\/\/x.com\/pc_madrid","https:\/\/www.youtube.com\/channel\/UCIbQq9k6BBrU5x2wqDIHr7A","https:\/\/www.instagram.com\/pcmadrid_informatica\/?hl=es","https:\/\/www.linkedin.com\/company\/9348326\/admin\/","https:\/\/www.pinterest.es\/pcmadrid_informatica\/"]}]}},"jetpack_sharing_enabled":true,"_links":{"self":[{"href":"https:\/\/www.pcmadrid.es\/tienda\/wp-json\/wp\/v2\/product\/12866","targetHints":{"allow":["GET"]}}],"collection":[{"href":"https:\/\/www.pcmadrid.es\/tienda\/wp-json\/wp\/v2\/product"}],"about":[{"href":"https:\/\/www.pcmadrid.es\/tienda\/wp-json\/wp\/v2\/types\/product"}],"replies":[{"embeddable":true,"href":"https:\/\/www.pcmadrid.es\/tienda\/wp-json\/wp\/v2\/comments?post=12866"}],"wp:featuredmedia":[{"embeddable":true,"href":"https:\/\/www.pcmadrid.es\/tienda\/wp-json\/wp\/v2\/media\/12865"}],"wp:attachment":[{"href":"https:\/\/www.pcmadrid.es\/tienda\/wp-json\/wp\/v2\/media?parent=12866"}],"wp:term":[{"taxonomy":"product_brand","embeddable":true,"href":"https:\/\/www.pcmadrid.es\/tienda\/wp-json\/wp\/v2\/product_brand?post=12866"},{"taxonomy":"product_cat","embeddable":true,"href":"https:\/\/www.pcmadrid.es\/tienda\/wp-json\/wp\/v2\/product_cat?post=12866"},{"taxonomy":"product_tag","embeddable":true,"href":"https:\/\/www.pcmadrid.es\/tienda\/wp-json\/wp\/v2\/product_tag?post=12866"}],"curies":[{"name":"wp","href":"https:\/\/api.w.org\/{rel}","templated":true}]}}