{"id":12882,"date":"2024-05-20T16:03:46","date_gmt":"2024-05-20T14:03:46","guid":{"rendered":"https:\/\/www.pcmadrid.es\/tienda\/producto\/webcam-insta360-link-seguimiento-de-ia-control-por-gestos-3840-x-2160-4k-uhd\/"},"modified":"2025-05-09T10:50:19","modified_gmt":"2025-05-09T08:50:19","slug":"webcam-insta360-link-seguimiento-de-ia-control-por-gestos-3840-x-2160-4k-uhd","status":"publish","type":"product","link":"https:\/\/www.pcmadrid.es\/tienda\/producto\/webcam-insta360-link-seguimiento-de-ia-control-por-gestos-3840-x-2160-4k-uhd\/","title":{"rendered":"Webcam Insta360 Link\/ Seguimiento de IA\/ Control por gestos\/ 3840 x 2160 4K UHD"},"content":{"rendered":"<p>&#8220;<\/p>\n<p><h2>4K de gran nitidez<\/h2>\n<p>Tanto si llamas desde una oficina como si transmites en directo desde tu<br \/>\n casa, siempre se ver\u00e1 lo mejor posible en una impresionante resoluci\u00f3n<br \/>\n4K Ultra HD.<\/p>\n<h2>Perfecta con cualquier luz.<\/h2>\n<p>Luminosa incluso en habitaciones oscuras. Con el mejor sensor 1\/2&#8242; de su<br \/>\n clase, que ofrece un rango din\u00e1mico y un nivel de detalle excelentes,<br \/>\nLink te garantiza que no te perder\u00e1s en las sombras.<\/p>\n<h2>HDR destacado.<\/h2>\n<p>El Modo HDR de Link combina perfectamente las luces y las sombras en tu<br \/>\nimagen, asegurando que tu fondo no se pierda por una ventana cercana.<\/p>\n<h2>True Focus.<\/h2>\n<p>Se acabaron las fotos borrosas. Link utiliza el enfoque autom\u00e1tico por<br \/>\ndetecci\u00f3n de fase (PDAF) y la tecnolog\u00eda de exposici\u00f3n autom\u00e1tica para<br \/>\nenfocar mucho m\u00e1s r\u00e1pido que otras c\u00e1maras web.<\/p>\n<h2>Mant\u00e9nte siempre en el plano.<\/h2>\n<p>Con un dise\u00f1o de gimbal y un potente algoritmo de seguimiento de IA, la<br \/>\nlente de Link gira para seguir todos tus movimientos. Con el zoom y el<br \/>\nencuadre autom\u00e1tico, siempre ser\u00e1s el centro del escenario.<\/p>\n<h2>Conecta con tu p\u00fablico. <\/h2>\n<p>Con una innovadora tecnolog\u00eda de IA y modos vers\u00e1tiles, Link te ayuda a comunicarte mejor que nunca.<\/p>\n<h2>Modo Retrato<\/h2>\n<p>Aumenta el nivel de tus transmisiones en directo y tus redes sociales. A<br \/>\n diferencia de muchas otras webcams, Link graba en total 9:16 sin<br \/>\nrecortar girando el cabezal de gimbal, lo que garantiza una mejor<br \/>\ncalidad de imagen para la visualizaci\u00f3n en el tel\u00e9fono m\u00f3vil.<\/p>\n<h2>Modo A\u00e9reo<\/h2>\n<p>Captura la vista de p\u00e1jaro perfecta. Monta Link en un soporte para<br \/>\ngrabar secuencias encuadradas y perfectamente niveladas, tanto si est\u00e1s<br \/>\nabriendo un paquete , tocando el piano o dibujando un plano.<\/p>\n<h2>Modo DeskView<\/h2>\n<p>S\u00f3lo tienes que montar Link en la pantalla de tu ordenador, activar el<br \/>\nModo DeskView y dejar que se ajuste autom\u00e1ticamente para mostrar tu<br \/>\nmesa. Perfecto para hacer una presentaci\u00f3n durante una videollamada.<\/p>\n<h2>Protecci\u00f3n de privacidad incorporada.<\/h2>\n<p>Tras 10 segundos de inactividad, la lente del gimbal de Link apuntar\u00e1 autom\u00e1ticamente hacia abajo para proteger tu privacidad.<\/p>\n<h2>Cancelaci\u00f3n inteligente del ruido.<\/h2>\n<p>Deja que se escuche tu voz. Los micr\u00f3fonos duales con cancelaci\u00f3n de<br \/>\nruido reducen el ruido de fondo, mientras que el control autom\u00e1tico y la<br \/>\n eliminaci\u00f3n de la reverberaci\u00f3n amplifican tu voz.<\/p>\n<h2>Controles avanzados.<\/h2>\n<p>Consigue la imagen que quieres. Ajusta manualmente el brillo, la<br \/>\nexposici\u00f3n, la posici\u00f3n del gimbal y mucho m\u00e1s en el software de<br \/>\nescritorio Link Controller.<\/p>\n<h2>Con\u00e9ctate con facilidad.<\/h2>\n<p>Con\u00e9ctate con amigos. Con\u00e9ctate con compa\u00f1eros. Con\u00e9ctate con<br \/>\nestudiantes. Con\u00e9ctate con seguidores. No importa con qui\u00e9n te conectes,<br \/>\n hazlo con una definici\u00f3n impresionante y con total facilidad.<\/p>\n<ul>\n<li><b>Especificaciones<\/b><\/li>\n<li>Resoluci\u00f3n de V\u00eddeo<\/li>\n<li>4K@24\/25\/30fps, 720p@24\/25\/30\/50\/60fps, 1080p@24\/25\/30\/50\/60fps<\/li>\n<li>Formato de codificaci\u00f3n de v\u00eddeo<\/li>\n<li>H.264, MJPEG<\/li>\n<li>Compensaci\u00f3n de la exposici\u00f3n<\/li>\n<li>\u00b13 EV<\/li>\n<li>ISO<\/li>\n<li>100-3200<\/li>\n<li>Velocidad de obturaci\u00f3n<\/li>\n<li>1\/8000-1\/30s<\/li>\n<li>Balance de blancos<\/li>\n<li>2000-10000K<\/li>\n<li>Apertura<\/li>\n<li>F1.8<\/li>\n<li>Longitud focal equivalente a 35 mm<\/li>\n<li>26 mm<\/li>\n<li>FOV fijo<\/li>\n<li>DFOV 79,5\u00b0, HFOV 67\u00b0<\/li>\n<li>Modos<\/li>\n<li>Retrato, Pizarra, DeskView, A\u00e9reo<\/li>\n<li>Zoom digital<\/li>\n<li>Hasta 4\u00d7<\/li>\n<li>Autofocus<\/li>\n<li>Apoyado a una distancia de &#8734; 10 cm.<\/li>\n<li>HDR<\/li>\n<li>Compatible con 1080p@24\/25\/30fps y 720p@24\/25\/30<\/li>\n<li>Seguimiento con IA<\/li>\n<li>Compatible con y sin zoom IA<\/li>\n<li>Audio<\/li>\n<li>Micr\u00f3fonos duales con cancelaci\u00f3n de ruido<\/li>\n<li>UVC<\/li>\n<li>1.1<\/li>\n<li>UAC<\/li>\n<li>1.0<\/li>\n<li>Bot\u00f3n<\/li>\n<li>1x Bot\u00f3n t\u00e1ctil<\/li>\n<li>Conectividad<\/li>\n<li>Mediante un cable USB-C a USB-C (USB 2.0) o un adaptador de Tipo-C a Tipo-A<\/li>\n<li>Bater\u00eda<\/li>\n<li>Ninguna<\/li>\n<li>Consumo de energ\u00eda<\/li>\n<li>5V\/1A<\/li>\n<li>Opciones de montaje<\/li>\n<li>Punto de montaje de 1\/4&#8242; para el montaje en tr\u00edpode y un clip incorporado para el montaje en la pantalla del ordenador<\/li>\n<li>Dimensiones<\/li>\n<li>63\u00d735\u00d745 mm<\/li>\n<li>Peso<\/li>\n<li>106 g<\/li>\n<li>Requisitos del sistema<\/li>\n<li>Sistema operativo: Windows 8 o posterior (se requiere Windows 8.1 o<br \/>\n superior para 4K); macOS 10.13 o posterior.RAM: 2 GB de RAM o m\u00e1s para<br \/>\n1080p o superior; 1 GB para 720p.<\/li>\n<li>Temperatura de funcionamiento<\/li>\n<li>0\u00b0C a 40&#8451;<\/li>\n<\/ul>\n<p>&#8220;<\/p>\n","protected":false},"excerpt":{"rendered":"<p>Webcam insta360 link\/ seguimiento de ia\/ control por gestos\/ 3840 x 2160 4k uhd<\/p>\n","protected":false},"featured_media":12881,"comment_status":"open","ping_status":"closed","template":"","meta":{"_et_pb_use_builder":"","_et_pb_old_content":"","_et_gb_content_width":""},"product_brand":[],"product_cat":[65,529],"product_tag":[],"class_list":{"0":"post-12882","1":"product","2":"type-product","3":"status-publish","4":"has-post-thumbnail","6":"product_cat-todos","7":"product_cat-webcams","9":"first","10":"outofstock","11":"taxable","12":"shipping-taxable","13":"purchasable","14":"product-type-simple"},"yoast_head":"<!-- This site is optimized with the Yoast SEO plugin v26.5 - https:\/\/yoast.com\/wordpress\/plugins\/seo\/ -->\n<title>Webcam Insta360 Link\/ Seguimiento de IA\/ Control por gestos\/ 3840 x 2160 4K UHD | Tienda PCMADRID<\/title>\n<meta name=\"robots\" content=\"index, follow, max-snippet:-1, max-image-preview:large, max-video-preview:-1\" \/>\n<link rel=\"canonical\" href=\"https:\/\/www.pcmadrid.es\/tienda\/producto\/webcam-insta360-link-seguimiento-de-ia-control-por-gestos-3840-x-2160-4k-uhd\/\" \/>\n<meta name=\"twitter:label1\" content=\"Tiempo de lectura\" \/>\n\t<meta name=\"twitter:data1\" content=\"3 minutos\" \/>\n<script type=\"application\/ld+json\" class=\"yoast-schema-graph\">{\"@context\":\"https:\/\/schema.org\",\"@graph\":[{\"@type\":\"WebPage\",\"@id\":\"https:\/\/www.pcmadrid.es\/tienda\/producto\/webcam-insta360-link-seguimiento-de-ia-control-por-gestos-3840-x-2160-4k-uhd\/\",\"url\":\"https:\/\/www.pcmadrid.es\/tienda\/producto\/webcam-insta360-link-seguimiento-de-ia-control-por-gestos-3840-x-2160-4k-uhd\/\",\"name\":\"Webcam Insta360 Link\/ Seguimiento de IA\/ Control por gestos\/ 3840 x 2160 4K UHD | Tienda PCMADRID\",\"isPartOf\":{\"@id\":\"https:\/\/www.pcmadrid.es\/tienda\/#website\"},\"primaryImageOfPage\":{\"@id\":\"https:\/\/www.pcmadrid.es\/tienda\/producto\/webcam-insta360-link-seguimiento-de-ia-control-por-gestos-3840-x-2160-4k-uhd\/#primaryimage\"},\"image\":{\"@id\":\"https:\/\/www.pcmadrid.es\/tienda\/producto\/webcam-insta360-link-seguimiento-de-ia-control-por-gestos-3840-x-2160-4k-uhd\/#primaryimage\"},\"thumbnailUrl\":\"https:\/\/i0.wp.com\/www.pcmadrid.es\/tienda\/wp-content\/uploads\/2024\/05\/art_ist-webcam20link_1.jpg?fit=448%2C448&ssl=1\",\"datePublished\":\"2024-05-20T14:03:46+00:00\",\"dateModified\":\"2025-05-09T08:50:19+00:00\",\"breadcrumb\":{\"@id\":\"https:\/\/www.pcmadrid.es\/tienda\/producto\/webcam-insta360-link-seguimiento-de-ia-control-por-gestos-3840-x-2160-4k-uhd\/#breadcrumb\"},\"inLanguage\":\"es\",\"potentialAction\":[{\"@type\":\"ReadAction\",\"target\":[\"https:\/\/www.pcmadrid.es\/tienda\/producto\/webcam-insta360-link-seguimiento-de-ia-control-por-gestos-3840-x-2160-4k-uhd\/\"]}]},{\"@type\":\"ImageObject\",\"inLanguage\":\"es\",\"@id\":\"https:\/\/www.pcmadrid.es\/tienda\/producto\/webcam-insta360-link-seguimiento-de-ia-control-por-gestos-3840-x-2160-4k-uhd\/#primaryimage\",\"url\":\"https:\/\/i0.wp.com\/www.pcmadrid.es\/tienda\/wp-content\/uploads\/2024\/05\/art_ist-webcam20link_1.jpg?fit=448%2C448&ssl=1\",\"contentUrl\":\"https:\/\/i0.wp.com\/www.pcmadrid.es\/tienda\/wp-content\/uploads\/2024\/05\/art_ist-webcam20link_1.jpg?fit=448%2C448&ssl=1\",\"width\":448,\"height\":448},{\"@type\":\"BreadcrumbList\",\"@id\":\"https:\/\/www.pcmadrid.es\/tienda\/producto\/webcam-insta360-link-seguimiento-de-ia-control-por-gestos-3840-x-2160-4k-uhd\/#breadcrumb\",\"itemListElement\":[{\"@type\":\"ListItem\",\"position\":1,\"name\":\"Portada\",\"item\":\"https:\/\/www.pcmadrid.es\/tienda\/\"},{\"@type\":\"ListItem\",\"position\":2,\"name\":\"Todos los productos\",\"item\":\"https:\/\/www.pcmadrid.es\/tienda\/todos-los-productos\/\"},{\"@type\":\"ListItem\",\"position\":3,\"name\":\"Webcam Insta360 Link\/ Seguimiento de IA\/ Control por gestos\/ 3840 x 2160 4K UHD\"}]},{\"@type\":\"WebSite\",\"@id\":\"https:\/\/www.pcmadrid.es\/tienda\/#website\",\"url\":\"https:\/\/www.pcmadrid.es\/tienda\/\",\"name\":\"Tienda PCMADRID\",\"description\":\"Venta y reparaciones de ordenadores\",\"publisher\":{\"@id\":\"https:\/\/www.pcmadrid.es\/tienda\/#organization\"},\"potentialAction\":[{\"@type\":\"SearchAction\",\"target\":{\"@type\":\"EntryPoint\",\"urlTemplate\":\"https:\/\/www.pcmadrid.es\/tienda\/?s={search_term_string}\"},\"query-input\":{\"@type\":\"PropertyValueSpecification\",\"valueRequired\":true,\"valueName\":\"search_term_string\"}}],\"inLanguage\":\"es\"},{\"@type\":\"Organization\",\"@id\":\"https:\/\/www.pcmadrid.es\/tienda\/#organization\",\"name\":\"PCMADRID\",\"url\":\"https:\/\/www.pcmadrid.es\/tienda\/\",\"logo\":{\"@type\":\"ImageObject\",\"inLanguage\":\"es\",\"@id\":\"https:\/\/www.pcmadrid.es\/tienda\/#\/schema\/logo\/image\/\",\"url\":\"https:\/\/i0.wp.com\/www.pcmadrid.es\/tienda\/wp-content\/uploads\/2019\/10\/pcmadridlogo..png?fit=750%2C300&ssl=1\",\"contentUrl\":\"https:\/\/i0.wp.com\/www.pcmadrid.es\/tienda\/wp-content\/uploads\/2019\/10\/pcmadridlogo..png?fit=750%2C300&ssl=1\",\"width\":750,\"height\":300,\"caption\":\"PCMADRID\"},\"image\":{\"@id\":\"https:\/\/www.pcmadrid.es\/tienda\/#\/schema\/logo\/image\/\"},\"sameAs\":[\"https:\/\/www.facebook.com\/pcmadridinformatica\",\"https:\/\/x.com\/pc_madrid\",\"https:\/\/www.youtube.com\/channel\/UCIbQq9k6BBrU5x2wqDIHr7A\",\"https:\/\/www.instagram.com\/pcmadrid_informatica\/?hl=es\",\"https:\/\/www.linkedin.com\/company\/9348326\/admin\/\",\"https:\/\/www.pinterest.es\/pcmadrid_informatica\/\"]}]}<\/script>\n<!-- \/ Yoast SEO plugin. -->","yoast_head_json":{"title":"Webcam Insta360 Link\/ Seguimiento de IA\/ Control por gestos\/ 3840 x 2160 4K UHD | Tienda PCMADRID","robots":{"index":"index","follow":"follow","max-snippet":"max-snippet:-1","max-image-preview":"max-image-preview:large","max-video-preview":"max-video-preview:-1"},"canonical":"https:\/\/www.pcmadrid.es\/tienda\/producto\/webcam-insta360-link-seguimiento-de-ia-control-por-gestos-3840-x-2160-4k-uhd\/","twitter_misc":{"Tiempo de lectura":"3 minutos"},"schema":{"@context":"https:\/\/schema.org","@graph":[{"@type":"WebPage","@id":"https:\/\/www.pcmadrid.es\/tienda\/producto\/webcam-insta360-link-seguimiento-de-ia-control-por-gestos-3840-x-2160-4k-uhd\/","url":"https:\/\/www.pcmadrid.es\/tienda\/producto\/webcam-insta360-link-seguimiento-de-ia-control-por-gestos-3840-x-2160-4k-uhd\/","name":"Webcam Insta360 Link\/ Seguimiento de IA\/ Control por gestos\/ 3840 x 2160 4K UHD | Tienda PCMADRID","isPartOf":{"@id":"https:\/\/www.pcmadrid.es\/tienda\/#website"},"primaryImageOfPage":{"@id":"https:\/\/www.pcmadrid.es\/tienda\/producto\/webcam-insta360-link-seguimiento-de-ia-control-por-gestos-3840-x-2160-4k-uhd\/#primaryimage"},"image":{"@id":"https:\/\/www.pcmadrid.es\/tienda\/producto\/webcam-insta360-link-seguimiento-de-ia-control-por-gestos-3840-x-2160-4k-uhd\/#primaryimage"},"thumbnailUrl":"https:\/\/i0.wp.com\/www.pcmadrid.es\/tienda\/wp-content\/uploads\/2024\/05\/art_ist-webcam20link_1.jpg?fit=448%2C448&ssl=1","datePublished":"2024-05-20T14:03:46+00:00","dateModified":"2025-05-09T08:50:19+00:00","breadcrumb":{"@id":"https:\/\/www.pcmadrid.es\/tienda\/producto\/webcam-insta360-link-seguimiento-de-ia-control-por-gestos-3840-x-2160-4k-uhd\/#breadcrumb"},"inLanguage":"es","potentialAction":[{"@type":"ReadAction","target":["https:\/\/www.pcmadrid.es\/tienda\/producto\/webcam-insta360-link-seguimiento-de-ia-control-por-gestos-3840-x-2160-4k-uhd\/"]}]},{"@type":"ImageObject","inLanguage":"es","@id":"https:\/\/www.pcmadrid.es\/tienda\/producto\/webcam-insta360-link-seguimiento-de-ia-control-por-gestos-3840-x-2160-4k-uhd\/#primaryimage","url":"https:\/\/i0.wp.com\/www.pcmadrid.es\/tienda\/wp-content\/uploads\/2024\/05\/art_ist-webcam20link_1.jpg?fit=448%2C448&ssl=1","contentUrl":"https:\/\/i0.wp.com\/www.pcmadrid.es\/tienda\/wp-content\/uploads\/2024\/05\/art_ist-webcam20link_1.jpg?fit=448%2C448&ssl=1","width":448,"height":448},{"@type":"BreadcrumbList","@id":"https:\/\/www.pcmadrid.es\/tienda\/producto\/webcam-insta360-link-seguimiento-de-ia-control-por-gestos-3840-x-2160-4k-uhd\/#breadcrumb","itemListElement":[{"@type":"ListItem","position":1,"name":"Portada","item":"https:\/\/www.pcmadrid.es\/tienda\/"},{"@type":"ListItem","position":2,"name":"Todos los productos","item":"https:\/\/www.pcmadrid.es\/tienda\/todos-los-productos\/"},{"@type":"ListItem","position":3,"name":"Webcam Insta360 Link\/ Seguimiento de IA\/ Control por gestos\/ 3840 x 2160 4K UHD"}]},{"@type":"WebSite","@id":"https:\/\/www.pcmadrid.es\/tienda\/#website","url":"https:\/\/www.pcmadrid.es\/tienda\/","name":"Tienda PCMADRID","description":"Venta y reparaciones de ordenadores","publisher":{"@id":"https:\/\/www.pcmadrid.es\/tienda\/#organization"},"potentialAction":[{"@type":"SearchAction","target":{"@type":"EntryPoint","urlTemplate":"https:\/\/www.pcmadrid.es\/tienda\/?s={search_term_string}"},"query-input":{"@type":"PropertyValueSpecification","valueRequired":true,"valueName":"search_term_string"}}],"inLanguage":"es"},{"@type":"Organization","@id":"https:\/\/www.pcmadrid.es\/tienda\/#organization","name":"PCMADRID","url":"https:\/\/www.pcmadrid.es\/tienda\/","logo":{"@type":"ImageObject","inLanguage":"es","@id":"https:\/\/www.pcmadrid.es\/tienda\/#\/schema\/logo\/image\/","url":"https:\/\/i0.wp.com\/www.pcmadrid.es\/tienda\/wp-content\/uploads\/2019\/10\/pcmadridlogo..png?fit=750%2C300&ssl=1","contentUrl":"https:\/\/i0.wp.com\/www.pcmadrid.es\/tienda\/wp-content\/uploads\/2019\/10\/pcmadridlogo..png?fit=750%2C300&ssl=1","width":750,"height":300,"caption":"PCMADRID"},"image":{"@id":"https:\/\/www.pcmadrid.es\/tienda\/#\/schema\/logo\/image\/"},"sameAs":["https:\/\/www.facebook.com\/pcmadridinformatica","https:\/\/x.com\/pc_madrid","https:\/\/www.youtube.com\/channel\/UCIbQq9k6BBrU5x2wqDIHr7A","https:\/\/www.instagram.com\/pcmadrid_informatica\/?hl=es","https:\/\/www.linkedin.com\/company\/9348326\/admin\/","https:\/\/www.pinterest.es\/pcmadrid_informatica\/"]}]}},"jetpack_sharing_enabled":true,"_links":{"self":[{"href":"https:\/\/www.pcmadrid.es\/tienda\/wp-json\/wp\/v2\/product\/12882","targetHints":{"allow":["GET"]}}],"collection":[{"href":"https:\/\/www.pcmadrid.es\/tienda\/wp-json\/wp\/v2\/product"}],"about":[{"href":"https:\/\/www.pcmadrid.es\/tienda\/wp-json\/wp\/v2\/types\/product"}],"replies":[{"embeddable":true,"href":"https:\/\/www.pcmadrid.es\/tienda\/wp-json\/wp\/v2\/comments?post=12882"}],"wp:featuredmedia":[{"embeddable":true,"href":"https:\/\/www.pcmadrid.es\/tienda\/wp-json\/wp\/v2\/media\/12881"}],"wp:attachment":[{"href":"https:\/\/www.pcmadrid.es\/tienda\/wp-json\/wp\/v2\/media?parent=12882"}],"wp:term":[{"taxonomy":"product_brand","embeddable":true,"href":"https:\/\/www.pcmadrid.es\/tienda\/wp-json\/wp\/v2\/product_brand?post=12882"},{"taxonomy":"product_cat","embeddable":true,"href":"https:\/\/www.pcmadrid.es\/tienda\/wp-json\/wp\/v2\/product_cat?post=12882"},{"taxonomy":"product_tag","embeddable":true,"href":"https:\/\/www.pcmadrid.es\/tienda\/wp-json\/wp\/v2\/product_tag?post=12882"}],"curies":[{"name":"wp","href":"https:\/\/api.w.org\/{rel}","templated":true}]}}