{"id":12890,"date":"2024-05-20T16:03:49","date_gmt":"2024-05-20T14:03:49","guid":{"rendered":"https:\/\/www.pcmadrid.es\/tienda\/producto\/webcam-logitech-hd-c270-1280-x-720-hd\/"},"modified":"2025-06-23T13:59:12","modified_gmt":"2025-06-23T11:59:12","slug":"webcam-logitech-c270-hd-720p","status":"publish","type":"product","link":"https:\/\/www.pcmadrid.es\/tienda\/producto\/webcam-logitech-c270-hd-720p\/","title":{"rendered":"Webcam Logitech C270 HD (720p a 30 fps)"},"content":{"rendered":"<p>&nbsp;<\/p>\n<h2 style=\"text-align: center\"><span style=\"color: #99cc00\">Webcam Logitech C270 HD (720p a 30 fps)<\/span><\/h2>\n<p>&nbsp;<\/p>\n<h3 style=\"text-align: center\">Videollamadas HD simples y eficientes, compatible con Skype\u2122, Zoom y m\u00e1s plataformas<\/h3>\n<p style=\"text-align: justify\">Webcam <span style=\"color: #99cc00\"><strong><a style=\"color: #99cc00\" href=\"https:\/\/www.logitech.com\/es-es\/products\/webcams\/c270-hd-webcam.960-001063.html\">Logitech C270 HD 720p<\/a><\/strong><\/span> ofrece videollamadas n\u00edtidas y fluidas en pantalla panor\u00e1mica con resoluci\u00f3n HD 720p. Su correcci\u00f3n de iluminaci\u00f3n RightLight 2 ajusta autom\u00e1ticamente las condiciones para garantizar colores vibrantes. Con un micr\u00f3fono integrado que reduce el ruido hasta a 1,5 metros y un clip universal ajustable, es la soluci\u00f3n perfecta para videollamadas claras y c\u00f3modas desde cualquier lugar.<\/p>\n<p style=\"text-align: justify;padding-left: 40px\"><strong>Videoconferencias HD 720p b\u00e1sicas<\/strong>: La c\u00e1mara web <span style=\"color: #99cc00\"><strong><a style=\"color: #99cc00\" href=\"https:\/\/www.logitech.com\/es-es\/products\/webcams\/c270-hd-webcam.960-001063.html\">Logitech C270 HD<\/a><\/strong><\/span> ofrece conferencias n\u00edtidas y fluidas en pantalla panor\u00e1mica. La correcci\u00f3n de iluminaci\u00f3n autom\u00e1tica produce colores reales y naturales.<\/p>\n<p style=\"text-align: justify;padding-left: 40px\"><strong>Videoconferencias hd simples<\/strong>: La c\u00e1mara web HD C270 ofrece conferencias n\u00edtidas y fluidas (720p\/30 fps) en pantalla panor\u00e1mica. La correcci\u00f3n de iluminaci\u00f3n autom\u00e1tica produce colores reales y naturales.<\/p>\n<p style=\"text-align: justify;padding-left: 40px\"><strong>Videoconferencias hd 720p en pantalla panor\u00e1mica<\/strong>: N\u00edtidas videollamadas HD 720p\/30 fps con un campo visual diagonal de 55\u00b0 y correcci\u00f3n de iluminaci\u00f3n autom\u00e1tica. Compatible con plataformas populares incluidas Skype\u2122 y Zoom.<\/p>\n<p style=\"text-align: justify;padding-left: 40px\"><strong>Micr\u00f3fono mono con reducci\u00f3n de ruido<\/strong>: El micr\u00f3fono integrado con reducci\u00f3n de ruido hace que se le oiga claramente hasta a 1,5 metros de distancia, incluso en entornos bulliciosos.<\/p>\n<p style=\"text-align: justify;padding-left: 40px\"><strong>Correcci\u00f3n de iluminaci\u00f3n autom\u00e1tica<\/strong>: La funci\u00f3n RightLight\u2122 2 de C270 la ajusta a las condiciones de iluminaci\u00f3n para producir im\u00e1genes m\u00e1s brillantes y con m\u00e1s contraste para ayudarle a ofrecer su mejor imagen en todas sus conferencias.<\/p>\n<p style=\"text-align: justify;padding-left: 40px\"><strong>Opci\u00f3n de montaje firme<\/strong>: El clip universal ajustable permite acoplar la c\u00e1mara de forma segura a la pantalla o al port\u00e1til, o plegar el clip y colocar la c\u00e1mara web en un estante. Siempre a punto para la pr\u00f3xima videollamada.<\/p>\n<p>&nbsp;<\/p>\n<h3>Caracter\u00edsticas Webcam Logitech C270 HD<\/h3>\n<ul>\n<li>Resoluci\u00f3n y fotogramas por segundo: <strong>720p\/30 fps<\/strong>, ideales para reuniones n\u00edtidas y fluidas.<\/li>\n<li>Tipo de lente: Lente <strong>pl\u00e1stica<\/strong>, resistente y optimizada para videollamadas b\u00e1sicas.<\/li>\n<li>Tipo de enfoque: <strong>Foco fijo<\/strong>, perfecto para capturar im\u00e1genes claras sin ajustes complejos.<\/li>\n<li>Micr\u00f3fono integrado: <strong>Mono con reducci\u00f3n de ruido<\/strong>, ofrece claridad hasta a 1,5 m.<\/li>\n<li>Conectividad: <strong>USB-A plug and play<\/strong>, compatible con Windows, macOS y ChromeOS.<\/li>\n<li>Compatibilidad: Funciona con <strong>Skype\u2122, Zoom<\/strong>, y otras plataformas populares.<\/li>\n<\/ul>\n<h3>Especificaciones t\u00e9cnicas<\/h3>\n<table style=\"width: 100%;border-collapse: collapse;height: 532px\" border=\"1\">\n<thead>\n<tr style=\"height: 23px\">\n<th style=\"background-color: #f0f0f0;text-align: left;padding-left: 20px;height: 23px;width: 100%\" colspan=\"2\"><strong>Especificaciones t\u00e9cnicas<\/strong><\/th>\n<\/tr>\n<\/thead>\n<tbody>\n<tr style=\"height: 23px\">\n<td style=\"padding-left: 20px;height: 23px;width: 32.6531%\">Resoluci\u00f3n m\u00e1xima<\/td>\n<td style=\"padding-left: 20px;height: 23px;width: 67.3469%\">720p\/30 fps\u00a0 (1280 x 720)<\/td>\n<\/tr>\n<tr style=\"height: 23px\">\n<td style=\"padding-left: 20px;height: 23px;width: 32.6531%\">Resoluci\u00f3n\u00a0 C\u00e1mara<\/td>\n<td style=\"padding-left: 20px;height: 23px;width: 67.3469%\">0.9 megap\u00edxeles<\/td>\n<\/tr>\n<tr style=\"height: 23px\">\n<td style=\"padding-left: 20px;height: 23px;width: 32.6531%\">Tipo de enfoque<\/td>\n<td style=\"padding-left: 20px;height: 23px;width: 67.3469%\">Foco fijo<\/td>\n<\/tr>\n<tr style=\"height: 23px\">\n<td style=\"padding-left: 20px;height: 23px;width: 32.6531%\">Tipo de lente<\/td>\n<td style=\"padding-left: 20px;height: 23px;width: 67.3469%\">Pl\u00e1stico<\/td>\n<\/tr>\n<tr style=\"height: 23px\">\n<td style=\"padding-left: 20px;height: 23px;width: 32.6531%\">Micr\u00f3fono integrado<\/td>\n<td style=\"padding-left: 20px;height: 23px;width: 67.3469%\">Un micr\u00f3fono omni-directional\u00a0mono con reducci\u00f3n de ruido<\/td>\n<\/tr>\n<tr style=\"height: 23px\">\n<td style=\"padding-left: 20px;height: 23px;width: 32.6531%\">Rango del micr\u00f3fono<\/td>\n<td style=\"padding-left: 20px;height: 23px;width: 67.3469%\">Hasta 1 m<\/td>\n<\/tr>\n<tr style=\"height: 23px\">\n<td style=\"padding-left: 20px;height: 23px;width: 32.6531%\">Campo visual diagonal (dFoV)<\/td>\n<td style=\"padding-left: 20px;height: 23px;width: 67.3469%\">55\u00b0<\/td>\n<\/tr>\n<tr style=\"height: 47px\">\n<td style=\"padding-left: 20px;width: 32.6531%;height: 47px\">Correcci\u00f3n de iluminaci\u00f3n<\/td>\n<td style=\"padding-left: 20px;width: 67.3469%;height: 47px\">Autom\u00e1tica para condiciones de poca luz. Tecnolog\u00eda\u00a0<span style=\"color: #99cc00\"><strong><a style=\"color: #99cc00\" href=\"https:\/\/download01.logitech.com\/web\/ftp\/pub\/pdf\/cameras\/rightLight2_innovation_brief_enu.pdf\">RightLight\u2122 2 de Logitech<\/a><\/strong><\/span> para nitidez en distintas condiciones de iluminaci\u00f3n<\/td>\n<\/tr>\n<tr style=\"height: 23px\">\n<td style=\"padding-left: 20px;height: 23px;width: 32.6531%\">Clip universal<\/td>\n<td style=\"padding-left: 20px;height: 23px;width: 67.3469%\">Compatible con monitores, pantallas LCD o port\u00e1tiles<\/td>\n<\/tr>\n<tr style=\"height: 23px\">\n<th style=\"background-color: #f0f0f0;text-align: left;padding-left: 20px;height: 23px;width: 100%\" colspan=\"2\"><strong>Requisitos del sistema<\/strong><\/th>\n<\/tr>\n<tr style=\"height: 23px\">\n<td style=\"padding-left: 20px;height: 23px;width: 32.6531%\">Compatibilidad<\/td>\n<td style=\"padding-left: 20px;height: 23px;width: 67.3469%\">Windows 8 o posterior, macOS 10.10 o posterior, ChromeOS<\/td>\n<\/tr>\n<tr style=\"height: 23px\">\n<td style=\"padding-left: 20px;height: 23px;width: 32.6531%\">Puerto<\/td>\n<td style=\"padding-left: 20px;height: 23px;width: 67.3469%\">USB-A<\/td>\n<\/tr>\n<tr style=\"height: 23px\">\n<td style=\"padding-left: 20px;height: 23px;width: 32.6531%\">Compatibilidad con plataformas<\/td>\n<td style=\"padding-left: 20px;height: 23px;width: 67.3469%\">Funciona con plataformas de llamadas populares<\/td>\n<\/tr>\n<tr style=\"height: 23px\">\n<th style=\"background-color: #f0f0f0;text-align: left;padding-left: 20px;height: 23px;width: 100%\" colspan=\"2\"><strong>Dimensiones y peso<\/strong><\/th>\n<\/tr>\n<tr style=\"height: 47px\">\n<td style=\"padding-left: 20px;height: 47px;width: 32.6531%\">Dimensiones con clip de montaje acoplado<\/td>\n<td style=\"padding-left: 20px;height: 47px;width: 67.3469%\">Altura: 72,91 mm, Anchura: 31,91 mm, Profundidad: 66,64 mm<\/td>\n<\/tr>\n<tr style=\"height: 23px\">\n<td style=\"padding-left: 20px;height: 23px;width: 32.6531%\">Longitud del cable<\/td>\n<td style=\"padding-left: 20px;height: 23px;width: 67.3469%\">1,5 m<\/td>\n<\/tr>\n<tr style=\"height: 23px\">\n<td style=\"padding-left: 20px;height: 23px;width: 32.6531%\">Peso<\/td>\n<td style=\"padding-left: 20px;height: 23px;width: 67.3469%\">75 g<\/td>\n<\/tr>\n<tr style=\"height: 23px\">\n<th style=\"background-color: #f0f0f0;text-align: left;padding-left: 20px;height: 23px;width: 100%\" colspan=\"2\"><strong>Contenido de la caja<\/strong><\/th>\n<\/tr>\n<tr style=\"height: 47px\">\n<td style=\"padding-left: 20px;height: 47px;width: 32.6531%\">Incluye<\/td>\n<td style=\"padding-left: 20px;height: 47px;width: 67.3469%\">1 c\u00e1mara web con cable USB-A fijo de 1,5 m, Documentaci\u00f3n del usuario<\/td>\n<\/tr>\n<\/tbody>\n<\/table>\n<h2><span style=\"color: #99cc00;font-size: 22px\">Garant\u00eda y soporte: Seguridad para tus necesidades<\/span><\/h2>\n<p>Incluye una garant\u00eda de 3 a\u00f1os para asegurar que tu inversi\u00f3n est\u00e9 protegida. Adem\u00e1s, ofrecemos <a href=\"https:\/\/www.pcmadrid.es\/tienda\/categoria-producto\/reparaciones\/\"><span style=\"color: #99cc00\">soporte t\u00e9cnico especializado<\/span><\/a> para garantizar el \u00f3ptimo funcionamiento de tu equipo.<\/p>\n","protected":false},"excerpt":{"rendered":"<p style=\"text-align: justify\">Webcam Logitech C270 HD 720p\u00a0 combina simplicidad y funcionalidad con videollamadas HD 720p\/30 fps. Ofrece im\u00e1genes n\u00edtidas en pantalla panor\u00e1mica, correcci\u00f3n autom\u00e1tica de iluminaci\u00f3n y un micr\u00f3fono mono con reducci\u00f3n de ruido, ideal para reuniones claras incluso en entornos ruidosos.<\/p>\n","protected":false},"featured_media":12889,"comment_status":"open","ping_status":"closed","template":"","meta":{"_et_pb_use_builder":"","_et_pb_old_content":"","_et_gb_content_width":""},"product_brand":[],"product_cat":[65,529],"product_tag":[],"class_list":{"0":"post-12890","1":"product","2":"type-product","3":"status-publish","4":"has-post-thumbnail","6":"product_cat-todos","7":"product_cat-webcams","9":"first","10":"instock","11":"taxable","12":"shipping-taxable","13":"purchasable","14":"product-type-simple"},"yoast_head":"<!-- This site is optimized with the Yoast SEO plugin v27.5 - https:\/\/yoast.com\/product\/yoast-seo-wordpress\/ -->\n<title>Webcam Logitech C270 HD (720p a 30 fps) | Tienda PCMADRID<\/title>\n<meta name=\"description\" content=\"Webcam Logitech C270 HD 720p combina simplicidad y funcionalidad con videollamadas n\u00edtidas en pantalla panor\u00e1mica, correcci\u00f3n iluminaci\u00f3n, micr\u00f3fono.\" \/>\n<meta name=\"robots\" content=\"index, follow, max-snippet:-1, max-image-preview:large, max-video-preview:-1\" \/>\n<link rel=\"canonical\" href=\"https:\/\/www.pcmadrid.es\/tienda\/producto\/webcam-logitech-c270-hd-720p\/\" \/>\n<meta name=\"twitter:label1\" content=\"Tiempo de lectura\" \/>\n\t<meta name=\"twitter:data1\" content=\"3 minutos\" \/>\n<script type=\"application\/ld+json\" class=\"yoast-schema-graph\">{\"@context\":\"https:\\\/\\\/schema.org\",\"@graph\":[{\"@type\":\"WebPage\",\"@id\":\"https:\\\/\\\/www.pcmadrid.es\\\/tienda\\\/producto\\\/webcam-logitech-c270-hd-720p\\\/\",\"url\":\"https:\\\/\\\/www.pcmadrid.es\\\/tienda\\\/producto\\\/webcam-logitech-c270-hd-720p\\\/\",\"name\":\"Webcam Logitech C270 HD (720p a 30 fps) | Tienda PCMADRID\",\"isPartOf\":{\"@id\":\"https:\\\/\\\/www.pcmadrid.es\\\/tienda\\\/#website\"},\"primaryImageOfPage\":{\"@id\":\"https:\\\/\\\/www.pcmadrid.es\\\/tienda\\\/producto\\\/webcam-logitech-c270-hd-720p\\\/#primaryimage\"},\"image\":{\"@id\":\"https:\\\/\\\/www.pcmadrid.es\\\/tienda\\\/producto\\\/webcam-logitech-c270-hd-720p\\\/#primaryimage\"},\"thumbnailUrl\":\"https:\\\/\\\/i0.wp.com\\\/www.pcmadrid.es\\\/tienda\\\/wp-content\\\/uploads\\\/2024\\\/05\\\/art_log-web20hd20c270_1.jpg?fit=448%2C448&ssl=1\",\"datePublished\":\"2024-05-20T14:03:49+00:00\",\"dateModified\":\"2025-06-23T11:59:12+00:00\",\"description\":\"Webcam Logitech C270 HD 720p combina simplicidad y funcionalidad con videollamadas n\u00edtidas en pantalla panor\u00e1mica, correcci\u00f3n iluminaci\u00f3n, micr\u00f3fono.\",\"breadcrumb\":{\"@id\":\"https:\\\/\\\/www.pcmadrid.es\\\/tienda\\\/producto\\\/webcam-logitech-c270-hd-720p\\\/#breadcrumb\"},\"inLanguage\":\"es\",\"potentialAction\":[{\"@type\":\"ReadAction\",\"target\":[\"https:\\\/\\\/www.pcmadrid.es\\\/tienda\\\/producto\\\/webcam-logitech-c270-hd-720p\\\/\"]}]},{\"@type\":\"ImageObject\",\"inLanguage\":\"es\",\"@id\":\"https:\\\/\\\/www.pcmadrid.es\\\/tienda\\\/producto\\\/webcam-logitech-c270-hd-720p\\\/#primaryimage\",\"url\":\"https:\\\/\\\/i0.wp.com\\\/www.pcmadrid.es\\\/tienda\\\/wp-content\\\/uploads\\\/2024\\\/05\\\/art_log-web20hd20c270_1.jpg?fit=448%2C448&ssl=1\",\"contentUrl\":\"https:\\\/\\\/i0.wp.com\\\/www.pcmadrid.es\\\/tienda\\\/wp-content\\\/uploads\\\/2024\\\/05\\\/art_log-web20hd20c270_1.jpg?fit=448%2C448&ssl=1\",\"width\":448,\"height\":448},{\"@type\":\"BreadcrumbList\",\"@id\":\"https:\\\/\\\/www.pcmadrid.es\\\/tienda\\\/producto\\\/webcam-logitech-c270-hd-720p\\\/#breadcrumb\",\"itemListElement\":[{\"@type\":\"ListItem\",\"position\":1,\"name\":\"Portada\",\"item\":\"https:\\\/\\\/www.pcmadrid.es\\\/tienda\\\/\"},{\"@type\":\"ListItem\",\"position\":2,\"name\":\"Todos los productos\",\"item\":\"https:\\\/\\\/www.pcmadrid.es\\\/tienda\\\/todos-los-productos\\\/\"},{\"@type\":\"ListItem\",\"position\":3,\"name\":\"Webcam Logitech C270 HD (720p a 30 fps)\"}]},{\"@type\":\"WebSite\",\"@id\":\"https:\\\/\\\/www.pcmadrid.es\\\/tienda\\\/#website\",\"url\":\"https:\\\/\\\/www.pcmadrid.es\\\/tienda\\\/\",\"name\":\"Tienda PCMADRID\",\"description\":\"Venta y reparaciones de ordenadores\",\"publisher\":{\"@id\":\"https:\\\/\\\/www.pcmadrid.es\\\/tienda\\\/#organization\"},\"potentialAction\":[{\"@type\":\"SearchAction\",\"target\":{\"@type\":\"EntryPoint\",\"urlTemplate\":\"https:\\\/\\\/www.pcmadrid.es\\\/tienda\\\/?s={search_term_string}\"},\"query-input\":{\"@type\":\"PropertyValueSpecification\",\"valueRequired\":true,\"valueName\":\"search_term_string\"}}],\"inLanguage\":\"es\"},{\"@type\":\"Organization\",\"@id\":\"https:\\\/\\\/www.pcmadrid.es\\\/tienda\\\/#organization\",\"name\":\"PCMADRID\",\"url\":\"https:\\\/\\\/www.pcmadrid.es\\\/tienda\\\/\",\"logo\":{\"@type\":\"ImageObject\",\"inLanguage\":\"es\",\"@id\":\"https:\\\/\\\/www.pcmadrid.es\\\/tienda\\\/#\\\/schema\\\/logo\\\/image\\\/\",\"url\":\"https:\\\/\\\/www.pcmadrid.es\\\/tienda\\\/wp-content\\\/uploads\\\/2019\\\/10\\\/pcmadridlogo..png\",\"contentUrl\":\"https:\\\/\\\/www.pcmadrid.es\\\/tienda\\\/wp-content\\\/uploads\\\/2019\\\/10\\\/pcmadridlogo..png\",\"width\":750,\"height\":300,\"caption\":\"PCMADRID\"},\"image\":{\"@id\":\"https:\\\/\\\/www.pcmadrid.es\\\/tienda\\\/#\\\/schema\\\/logo\\\/image\\\/\"},\"sameAs\":[\"https:\\\/\\\/www.facebook.com\\\/pcmadridinformatica\",\"https:\\\/\\\/x.com\\\/pc_madrid\",\"https:\\\/\\\/www.youtube.com\\\/channel\\\/UCIbQq9k6BBrU5x2wqDIHr7A\",\"https:\\\/\\\/www.instagram.com\\\/pcmadrid_informatica\\\/?hl=es\",\"https:\\\/\\\/www.linkedin.com\\\/company\\\/9348326\\\/admin\\\/\",\"https:\\\/\\\/www.pinterest.es\\\/pcmadrid_informatica\\\/\"]}]}<\/script>\n<!-- \/ Yoast SEO plugin. -->","yoast_head_json":{"title":"Webcam Logitech C270 HD (720p a 30 fps) | Tienda PCMADRID","description":"Webcam Logitech C270 HD 720p combina simplicidad y funcionalidad con videollamadas n\u00edtidas en pantalla panor\u00e1mica, correcci\u00f3n iluminaci\u00f3n, micr\u00f3fono.","robots":{"index":"index","follow":"follow","max-snippet":"max-snippet:-1","max-image-preview":"max-image-preview:large","max-video-preview":"max-video-preview:-1"},"canonical":"https:\/\/www.pcmadrid.es\/tienda\/producto\/webcam-logitech-c270-hd-720p\/","twitter_misc":{"Tiempo de lectura":"3 minutos"},"schema":{"@context":"https:\/\/schema.org","@graph":[{"@type":"WebPage","@id":"https:\/\/www.pcmadrid.es\/tienda\/producto\/webcam-logitech-c270-hd-720p\/","url":"https:\/\/www.pcmadrid.es\/tienda\/producto\/webcam-logitech-c270-hd-720p\/","name":"Webcam Logitech C270 HD (720p a 30 fps) | Tienda PCMADRID","isPartOf":{"@id":"https:\/\/www.pcmadrid.es\/tienda\/#website"},"primaryImageOfPage":{"@id":"https:\/\/www.pcmadrid.es\/tienda\/producto\/webcam-logitech-c270-hd-720p\/#primaryimage"},"image":{"@id":"https:\/\/www.pcmadrid.es\/tienda\/producto\/webcam-logitech-c270-hd-720p\/#primaryimage"},"thumbnailUrl":"https:\/\/i0.wp.com\/www.pcmadrid.es\/tienda\/wp-content\/uploads\/2024\/05\/art_log-web20hd20c270_1.jpg?fit=448%2C448&ssl=1","datePublished":"2024-05-20T14:03:49+00:00","dateModified":"2025-06-23T11:59:12+00:00","description":"Webcam Logitech C270 HD 720p combina simplicidad y funcionalidad con videollamadas n\u00edtidas en pantalla panor\u00e1mica, correcci\u00f3n iluminaci\u00f3n, micr\u00f3fono.","breadcrumb":{"@id":"https:\/\/www.pcmadrid.es\/tienda\/producto\/webcam-logitech-c270-hd-720p\/#breadcrumb"},"inLanguage":"es","potentialAction":[{"@type":"ReadAction","target":["https:\/\/www.pcmadrid.es\/tienda\/producto\/webcam-logitech-c270-hd-720p\/"]}]},{"@type":"ImageObject","inLanguage":"es","@id":"https:\/\/www.pcmadrid.es\/tienda\/producto\/webcam-logitech-c270-hd-720p\/#primaryimage","url":"https:\/\/i0.wp.com\/www.pcmadrid.es\/tienda\/wp-content\/uploads\/2024\/05\/art_log-web20hd20c270_1.jpg?fit=448%2C448&ssl=1","contentUrl":"https:\/\/i0.wp.com\/www.pcmadrid.es\/tienda\/wp-content\/uploads\/2024\/05\/art_log-web20hd20c270_1.jpg?fit=448%2C448&ssl=1","width":448,"height":448},{"@type":"BreadcrumbList","@id":"https:\/\/www.pcmadrid.es\/tienda\/producto\/webcam-logitech-c270-hd-720p\/#breadcrumb","itemListElement":[{"@type":"ListItem","position":1,"name":"Portada","item":"https:\/\/www.pcmadrid.es\/tienda\/"},{"@type":"ListItem","position":2,"name":"Todos los productos","item":"https:\/\/www.pcmadrid.es\/tienda\/todos-los-productos\/"},{"@type":"ListItem","position":3,"name":"Webcam Logitech C270 HD (720p a 30 fps)"}]},{"@type":"WebSite","@id":"https:\/\/www.pcmadrid.es\/tienda\/#website","url":"https:\/\/www.pcmadrid.es\/tienda\/","name":"Tienda PCMADRID","description":"Venta y reparaciones de ordenadores","publisher":{"@id":"https:\/\/www.pcmadrid.es\/tienda\/#organization"},"potentialAction":[{"@type":"SearchAction","target":{"@type":"EntryPoint","urlTemplate":"https:\/\/www.pcmadrid.es\/tienda\/?s={search_term_string}"},"query-input":{"@type":"PropertyValueSpecification","valueRequired":true,"valueName":"search_term_string"}}],"inLanguage":"es"},{"@type":"Organization","@id":"https:\/\/www.pcmadrid.es\/tienda\/#organization","name":"PCMADRID","url":"https:\/\/www.pcmadrid.es\/tienda\/","logo":{"@type":"ImageObject","inLanguage":"es","@id":"https:\/\/www.pcmadrid.es\/tienda\/#\/schema\/logo\/image\/","url":"https:\/\/www.pcmadrid.es\/tienda\/wp-content\/uploads\/2019\/10\/pcmadridlogo..png","contentUrl":"https:\/\/www.pcmadrid.es\/tienda\/wp-content\/uploads\/2019\/10\/pcmadridlogo..png","width":750,"height":300,"caption":"PCMADRID"},"image":{"@id":"https:\/\/www.pcmadrid.es\/tienda\/#\/schema\/logo\/image\/"},"sameAs":["https:\/\/www.facebook.com\/pcmadridinformatica","https:\/\/x.com\/pc_madrid","https:\/\/www.youtube.com\/channel\/UCIbQq9k6BBrU5x2wqDIHr7A","https:\/\/www.instagram.com\/pcmadrid_informatica\/?hl=es","https:\/\/www.linkedin.com\/company\/9348326\/admin\/","https:\/\/www.pinterest.es\/pcmadrid_informatica\/"]}]}},"jetpack_sharing_enabled":true,"_links":{"self":[{"href":"https:\/\/www.pcmadrid.es\/tienda\/wp-json\/wp\/v2\/product\/12890","targetHints":{"allow":["GET"]}}],"collection":[{"href":"https:\/\/www.pcmadrid.es\/tienda\/wp-json\/wp\/v2\/product"}],"about":[{"href":"https:\/\/www.pcmadrid.es\/tienda\/wp-json\/wp\/v2\/types\/product"}],"replies":[{"embeddable":true,"href":"https:\/\/www.pcmadrid.es\/tienda\/wp-json\/wp\/v2\/comments?post=12890"}],"wp:featuredmedia":[{"embeddable":true,"href":"https:\/\/www.pcmadrid.es\/tienda\/wp-json\/wp\/v2\/media\/12889"}],"wp:attachment":[{"href":"https:\/\/www.pcmadrid.es\/tienda\/wp-json\/wp\/v2\/media?parent=12890"}],"wp:term":[{"taxonomy":"product_brand","embeddable":true,"href":"https:\/\/www.pcmadrid.es\/tienda\/wp-json\/wp\/v2\/product_brand?post=12890"},{"taxonomy":"product_cat","embeddable":true,"href":"https:\/\/www.pcmadrid.es\/tienda\/wp-json\/wp\/v2\/product_cat?post=12890"},{"taxonomy":"product_tag","embeddable":true,"href":"https:\/\/www.pcmadrid.es\/tienda\/wp-json\/wp\/v2\/product_tag?post=12890"}],"curies":[{"name":"wp","href":"https:\/\/api.w.org\/{rel}","templated":true}]}}