{"id":12892,"date":"2024-05-20T16:03:50","date_gmt":"2024-05-20T14:03:50","guid":{"rendered":"https:\/\/www.pcmadrid.es\/tienda\/producto\/webcam-logitech-hd-pro-c920-1920-x-1080-full-hd\/"},"modified":"2025-06-23T13:59:12","modified_gmt":"2025-06-23T11:59:12","slug":"webcam-logitech-c920-hd-pro","status":"publish","type":"product","link":"https:\/\/www.pcmadrid.es\/tienda\/producto\/webcam-logitech-c920-hd-pro\/","title":{"rendered":"Webcam Logitech C920 HD PRO (1080 Full HD, Enfoque Autom\u00e1tico)"},"content":{"rendered":"<p>&nbsp;<\/p>\n<h2 style=\"text-align: center\"><span style=\"color: #99cc00\">Webcam Logitech C920 HD PRO (1080 Full HD, Enfoque Autom\u00e1tico)<\/span><\/h2>\n<p>&nbsp;<\/p>\n<h3 style=\"text-align: center\">Videollamadas en Full HD sin interrupciones con imagenes n\u00edtidas y audio est\u00e9reo claro<\/h3>\n<p style=\"text-align: justify\">La Webcam <span style=\"color: #99cc00\"><strong><a style=\"color: #99cc00\" href=\"https:\/\/www.logitech.com\/es-es\/products\/webcams\/c920-pro-hd-webcam.960-001055.html\">Logitech C920 HD PRO<\/a><\/strong><\/span> es una c\u00e1mara ideal para videollamadas y grabaciones en Full HD. Con resoluci\u00f3n de 1080p a 30 fps, lente de cristal y enfoque autom\u00e1tico, garantiza una imagen n\u00edtida y de alta definici\u00f3n. Su campo visual de 78\u00b0 y correcci\u00f3n de iluminaci\u00f3n autom\u00e1tica con tecnolog\u00eda RightLight de Logitech ajustan la imagen seg\u00fan las condiciones de luz, proporcionando claridad en cualquier ambiente. Equipado con dos micr\u00f3fonos est\u00e9reo, captura un audio claro y natural, haciendo que tu voz se oiga con nitidez desde m\u00faltiples \u00e1ngulos. Perfecta para conferencias profesionales y videollamadas personales.<\/p>\n<p style=\"padding-left: 40px;text-align: justify\"><strong>Videollamadas con claridad Full HD<\/strong>: La c\u00e1mara web C920 ofrece v\u00eddeo Full HD (1080p a 30 fps) incre\u00edblemente n\u00edtido y detallado con una lente de cristal Full HD, campo visual de 78\u00b0 y correcci\u00f3n de iluminaci\u00f3n autom\u00e1tica HD, adem\u00e1s de dos micr\u00f3fonos para un sonido est\u00e9reo n\u00edtido. Todo lo que necesitas para ofrecer tu mejor imagen en conferencias y para grabar esmeradas demostraciones.<\/p>\n<p style=\"padding-left: 40px;text-align: justify\"><strong>Estupendas videollamadas. Incluso en casa<\/strong>: Causa una buena impresi\u00f3n en tus videoconferencias con un campo visual diagonal fijo de 78\u00b0 para encuadrarte perfectamente a ti y a tu espacio, adem\u00e1s de Full HD a 1080p\/30 fps o 720p\/30 fps. La lente con cinco elementos de cristal captura im\u00e1genes nitid\u00edsimas y colores claros. El enfoque autom\u00e1tico se ajusta con precisi\u00f3n y fluidez para ofrecer definici\u00f3n consistente y v\u00eddeo fluido.<\/p>\n<p style=\"padding-left: 40px;text-align: justify\"><strong>Audio est\u00e9reo con dos micr\u00f3fonos<\/strong>: Dos micr\u00f3fonos, uno a cada lado de la c\u00e1mara, capturan sonido m\u00e1s realista desde una gama de \u00e1ngulos m\u00e1s amplia para que tu voz se oiga clara y natural en las conferencias.<\/p>\n<p style=\"padding-left: 40px;text-align: justify\"><strong>Iluminaci\u00f3n \u00f3ptima<\/strong>: Dotada de correcci\u00f3n de iluminaci\u00f3n autom\u00e1tica HD, la <span style=\"color: #99cc00\"><strong><a style=\"color: #99cc00\" href=\"https:\/\/www.logitech.com\/es-es\/products\/webcams\/c920-pro-hd-webcam.960-001055.html\">Logitech C920 HD PRO<\/a><\/strong><\/span> utiliza la tecnolog\u00eda RightLight de Logitech para ajustarse a tus condiciones de iluminaci\u00f3n para producir im\u00e1genes claras y bien contrastadas incluso si est\u00e1s en un entorno oscuro.<\/p>\n<p style=\"padding-left: 40px;text-align: justify\"><strong>Lente de cristal Full HD<\/strong>: La lente Full HD con cinco elementos de cristal y enfoque autom\u00e1tico premium captura im\u00e1genes totalmente n\u00edtidas y claras ajust\u00e1ndose con fluidez y precisi\u00f3n para proporcionar alta definici\u00f3n consistente en conferencias.<\/p>\n<h3>Caracter\u00edsticas Webcam Logitech C920 HD PRO<\/h3>\n<ul>\n<li style=\"list-style-type: none\">\n<ul>\n<li><strong>Resoluci\u00f3n y fotogramas por segundo<\/strong>: Full HD 1080p a 30 fps, con opci\u00f3n de 720p a 30 fps, ideal para videollamadas y grabaciones claras y detalladas.<\/li>\n<li><strong>Tipo de lente<\/strong>: Lente de cristal con cinco elementos, captura colores vivos y proporciona im\u00e1genes n\u00edtidas y claras en cada videollamada.<\/li>\n<li><strong>Tipo de enfoque<\/strong>: Enfoque autom\u00e1tico, ajusta la imagen de forma precisa y fluida para una definici\u00f3n constante.<\/li>\n<li><strong>Multimedia<\/strong>: Dos micr\u00f3fonos est\u00e9reo integrados, capturan el sonido de forma realista y clara desde m\u00faltiples \u00e1ngulos.<\/li>\n<li><strong>Conectividad<\/strong>: Conexi\u00f3n USB-A, compatible con las plataformas de videollamadas m\u00e1s populares.<\/li>\n<li><strong>Compatibilidad<\/strong>: Compatible con Windows 8 o posterior, macOS 10.10 o posterior, y ChromeOS.<\/li>\n<\/ul>\n<\/li>\n<\/ul>\n<h3>Especificaciones T\u00e9cnicas del producto<\/h3>\n<table style=\"width: 100%;border-collapse: collapse\" border=\"1\">\n<thead>\n<tr>\n<th style=\"background-color: #f0f0f0;text-align: left;padding-left: 20px\" colspan=\"2\"><span style=\"font-size: 14pt\"><strong>Caracter\u00edsticas t\u00e9cnicas<\/strong><\/span><\/th>\n<\/tr>\n<\/thead>\n<tbody>\n<tr>\n<td style=\"padding-left: 20px\">Resoluci\u00f3n m\u00e1xima<\/td>\n<td style=\"padding-left: 20px;padding-right: 5px\">1080p\/30 fps &#8211; 720p\/30 fps<\/td>\n<\/tr>\n<tr>\n<td style=\"padding-left: 20px\">C\u00e1mara de megap\u00edxeles<\/td>\n<td style=\"padding-left: 20px;padding-right: 5px\">3<\/td>\n<\/tr>\n<tr>\n<td style=\"padding-left: 20px\">Tipo de enfoque<\/td>\n<td style=\"padding-left: 20px;padding-right: 5px\">Enfoque autom\u00e1tico<\/td>\n<\/tr>\n<tr>\n<td style=\"padding-left: 20px\">Tipo de lente<\/td>\n<td style=\"padding-left: 20px;padding-right: 5px\">Cristal<\/td>\n<\/tr>\n<tr>\n<td style=\"padding-left: 20px\">Micr\u00f3fono integrado<\/td>\n<td style=\"padding-left: 20px;padding-right: 5px\">Est\u00e9reo<\/td>\n<\/tr>\n<tr>\n<td style=\"padding-left: 20px\">Rango del micr\u00f3fono<\/td>\n<td style=\"padding-left: 20px;padding-right: 5px\">Hasta 1 m<\/td>\n<\/tr>\n<tr>\n<td style=\"padding-left: 20px\">Campo visual diagonal (dFoV)<\/td>\n<td style=\"padding-left: 20px;padding-right: 5px\">78\u00b0<\/td>\n<\/tr>\n<tr>\n<td style=\"padding-left: 20px\">Clip universal<\/td>\n<td style=\"padding-left: 20px;padding-right: 5px\">Acoplable a tr\u00edpode, para monitores, pantallas LCD o port\u00e1tiles<\/td>\n<\/tr>\n<tr>\n<th style=\"background-color: #f0f0f0;text-align: left;padding-left: 20px\" colspan=\"2\"><span style=\"font-size: 14pt\"><strong>Requisitos del sistema<\/strong><\/span><\/th>\n<\/tr>\n<tr>\n<td style=\"padding-left: 20px\">Compatibilidad<\/td>\n<td style=\"padding-left: 20px;padding-right: 5px\">Windows 8 o posterior, macOS 10.10 o posterior, ChromeOS. Funciona con plataformas de llamadas populares.<\/td>\n<\/tr>\n<tr>\n<td style=\"padding-left: 20px\">Conexi\u00f3n<\/td>\n<td style=\"padding-left: 20px;padding-right: 5px\">Puerto USB-A.<\/td>\n<\/tr>\n<tr>\n<th style=\"background-color: #f0f0f0;text-align: left;padding-left: 20px\" colspan=\"2\"><span style=\"font-size: 14pt\"><strong>Dimensiones y peso<\/strong><\/span><\/th>\n<\/tr>\n<tr>\n<td style=\"padding-left: 20px\">Dimensiones con clip de montaje acoplado<\/td>\n<td style=\"padding-left: 20px;padding-right: 5px\">Altura: 43,3 mm, Anchura: 94 mm, Profundidad: 71 mm, Peso: 162 g<\/td>\n<\/tr>\n<tr>\n<th style=\"background-color: #f0f0f0;text-align: left;padding-left: 20px\" colspan=\"2\"><span style=\"font-size: 14pt\"><strong>Contenido de la caja<\/strong><\/span><\/th>\n<\/tr>\n<tr>\n<td style=\"padding-left: 20px\">Contenido<\/td>\n<td style=\"padding-left: 20px;padding-right: 5px\">C\u00e1mara web con cable USB-A fijo de 1,5 m, Documentaci\u00f3n del usuario<\/td>\n<\/tr>\n<\/tbody>\n<\/table>\n<h3><span style=\"color: #99cc00\">Garant\u00eda y soporte: Seguridad para tus necesidades<\/span><\/h3>\n<p>Incluye una garant\u00eda de 3 a\u00f1os para asegurar que tu inversi\u00f3n est\u00e9 protegida. Adem\u00e1s, ofrecemos <a href=\"https:\/\/www.pcmadrid.es\/tienda\/categoria-producto\/reparaciones\/\"><span style=\"color: #99cc00\">soporte t\u00e9cnico especializado<\/span><\/a> para garantizar el \u00f3ptimo funcionamiento de tu equipo.<\/p>\n","protected":false},"excerpt":{"rendered":"<p style=\"text-align: justify\">La Webcam Logitech C920 HD PRO ofrece videollamadas en Full HD 1080p con audio est\u00e9reo, lente de cristal con enfoque autom\u00e1tico, campo visual de 78\u00b0, y correcci\u00f3n de iluminaci\u00f3n autom\u00e1tica. Dise\u00f1ada para brindar una experiencia de videollamada n\u00edtida y natural en cualquier entorno.<\/p>\n","protected":false},"featured_media":12891,"comment_status":"open","ping_status":"closed","template":"","meta":{"_et_pb_use_builder":"","_et_pb_old_content":"","_et_gb_content_width":""},"product_brand":[],"product_cat":[65,529],"product_tag":[],"class_list":{"0":"post-12892","1":"product","2":"type-product","3":"status-publish","4":"has-post-thumbnail","6":"product_cat-todos","7":"product_cat-webcams","9":"first","10":"instock","11":"taxable","12":"shipping-taxable","13":"purchasable","14":"product-type-simple"},"yoast_head":"<!-- This site is optimized with the Yoast SEO plugin v27.5 - https:\/\/yoast.com\/product\/yoast-seo-wordpress\/ -->\n<title>Webcam Logitech C920 HD PRO (1080 Full HD, Enfoque Autom\u00e1tico) | Tienda PCMADRID<\/title>\n<meta name=\"description\" content=\"Webcam Logitech C920 HD PRO ofrece videollamadas Full HD 1080p, audio est\u00e9reo, lente de cristal, enfoque autom\u00e1tico, visual 78\u00b0, correcci\u00f3n de iluminaci\u00f3n.\" \/>\n<meta name=\"robots\" content=\"index, follow, max-snippet:-1, max-image-preview:large, max-video-preview:-1\" \/>\n<link rel=\"canonical\" href=\"https:\/\/www.pcmadrid.es\/tienda\/producto\/webcam-logitech-c920-hd-pro\/\" \/>\n<meta name=\"twitter:label1\" content=\"Tiempo de lectura\" \/>\n\t<meta name=\"twitter:data1\" content=\"4 minutos\" \/>\n<script type=\"application\/ld+json\" class=\"yoast-schema-graph\">{\"@context\":\"https:\\\/\\\/schema.org\",\"@graph\":[{\"@type\":\"WebPage\",\"@id\":\"https:\\\/\\\/www.pcmadrid.es\\\/tienda\\\/producto\\\/webcam-logitech-c920-hd-pro\\\/\",\"url\":\"https:\\\/\\\/www.pcmadrid.es\\\/tienda\\\/producto\\\/webcam-logitech-c920-hd-pro\\\/\",\"name\":\"Webcam Logitech C920 HD PRO (1080 Full HD, Enfoque Autom\u00e1tico) | Tienda PCMADRID\",\"isPartOf\":{\"@id\":\"https:\\\/\\\/www.pcmadrid.es\\\/tienda\\\/#website\"},\"primaryImageOfPage\":{\"@id\":\"https:\\\/\\\/www.pcmadrid.es\\\/tienda\\\/producto\\\/webcam-logitech-c920-hd-pro\\\/#primaryimage\"},\"image\":{\"@id\":\"https:\\\/\\\/www.pcmadrid.es\\\/tienda\\\/producto\\\/webcam-logitech-c920-hd-pro\\\/#primaryimage\"},\"thumbnailUrl\":\"https:\\\/\\\/i0.wp.com\\\/www.pcmadrid.es\\\/tienda\\\/wp-content\\\/uploads\\\/2024\\\/05\\\/art_log-web20hd20pro20c92020ne_1.jpg?fit=448%2C448&ssl=1\",\"datePublished\":\"2024-05-20T14:03:50+00:00\",\"dateModified\":\"2025-06-23T11:59:12+00:00\",\"description\":\"Webcam Logitech C920 HD PRO ofrece videollamadas Full HD 1080p, audio est\u00e9reo, lente de cristal, enfoque autom\u00e1tico, visual 78\u00b0, correcci\u00f3n de iluminaci\u00f3n.\",\"breadcrumb\":{\"@id\":\"https:\\\/\\\/www.pcmadrid.es\\\/tienda\\\/producto\\\/webcam-logitech-c920-hd-pro\\\/#breadcrumb\"},\"inLanguage\":\"es\",\"potentialAction\":[{\"@type\":\"ReadAction\",\"target\":[\"https:\\\/\\\/www.pcmadrid.es\\\/tienda\\\/producto\\\/webcam-logitech-c920-hd-pro\\\/\"]}]},{\"@type\":\"ImageObject\",\"inLanguage\":\"es\",\"@id\":\"https:\\\/\\\/www.pcmadrid.es\\\/tienda\\\/producto\\\/webcam-logitech-c920-hd-pro\\\/#primaryimage\",\"url\":\"https:\\\/\\\/i0.wp.com\\\/www.pcmadrid.es\\\/tienda\\\/wp-content\\\/uploads\\\/2024\\\/05\\\/art_log-web20hd20pro20c92020ne_1.jpg?fit=448%2C448&ssl=1\",\"contentUrl\":\"https:\\\/\\\/i0.wp.com\\\/www.pcmadrid.es\\\/tienda\\\/wp-content\\\/uploads\\\/2024\\\/05\\\/art_log-web20hd20pro20c92020ne_1.jpg?fit=448%2C448&ssl=1\",\"width\":448,\"height\":448},{\"@type\":\"BreadcrumbList\",\"@id\":\"https:\\\/\\\/www.pcmadrid.es\\\/tienda\\\/producto\\\/webcam-logitech-c920-hd-pro\\\/#breadcrumb\",\"itemListElement\":[{\"@type\":\"ListItem\",\"position\":1,\"name\":\"Portada\",\"item\":\"https:\\\/\\\/www.pcmadrid.es\\\/tienda\\\/\"},{\"@type\":\"ListItem\",\"position\":2,\"name\":\"Todos los productos\",\"item\":\"https:\\\/\\\/www.pcmadrid.es\\\/tienda\\\/todos-los-productos\\\/\"},{\"@type\":\"ListItem\",\"position\":3,\"name\":\"Webcam Logitech C920 HD PRO (1080 Full HD, Enfoque Autom\u00e1tico)\"}]},{\"@type\":\"WebSite\",\"@id\":\"https:\\\/\\\/www.pcmadrid.es\\\/tienda\\\/#website\",\"url\":\"https:\\\/\\\/www.pcmadrid.es\\\/tienda\\\/\",\"name\":\"Tienda PCMADRID\",\"description\":\"Venta y reparaciones de ordenadores\",\"publisher\":{\"@id\":\"https:\\\/\\\/www.pcmadrid.es\\\/tienda\\\/#organization\"},\"potentialAction\":[{\"@type\":\"SearchAction\",\"target\":{\"@type\":\"EntryPoint\",\"urlTemplate\":\"https:\\\/\\\/www.pcmadrid.es\\\/tienda\\\/?s={search_term_string}\"},\"query-input\":{\"@type\":\"PropertyValueSpecification\",\"valueRequired\":true,\"valueName\":\"search_term_string\"}}],\"inLanguage\":\"es\"},{\"@type\":\"Organization\",\"@id\":\"https:\\\/\\\/www.pcmadrid.es\\\/tienda\\\/#organization\",\"name\":\"PCMADRID\",\"url\":\"https:\\\/\\\/www.pcmadrid.es\\\/tienda\\\/\",\"logo\":{\"@type\":\"ImageObject\",\"inLanguage\":\"es\",\"@id\":\"https:\\\/\\\/www.pcmadrid.es\\\/tienda\\\/#\\\/schema\\\/logo\\\/image\\\/\",\"url\":\"https:\\\/\\\/www.pcmadrid.es\\\/tienda\\\/wp-content\\\/uploads\\\/2019\\\/10\\\/pcmadridlogo..png\",\"contentUrl\":\"https:\\\/\\\/www.pcmadrid.es\\\/tienda\\\/wp-content\\\/uploads\\\/2019\\\/10\\\/pcmadridlogo..png\",\"width\":750,\"height\":300,\"caption\":\"PCMADRID\"},\"image\":{\"@id\":\"https:\\\/\\\/www.pcmadrid.es\\\/tienda\\\/#\\\/schema\\\/logo\\\/image\\\/\"},\"sameAs\":[\"https:\\\/\\\/www.facebook.com\\\/pcmadridinformatica\",\"https:\\\/\\\/x.com\\\/pc_madrid\",\"https:\\\/\\\/www.youtube.com\\\/channel\\\/UCIbQq9k6BBrU5x2wqDIHr7A\",\"https:\\\/\\\/www.instagram.com\\\/pcmadrid_informatica\\\/?hl=es\",\"https:\\\/\\\/www.linkedin.com\\\/company\\\/9348326\\\/admin\\\/\",\"https:\\\/\\\/www.pinterest.es\\\/pcmadrid_informatica\\\/\"]}]}<\/script>\n<!-- \/ Yoast SEO plugin. -->","yoast_head_json":{"title":"Webcam Logitech C920 HD PRO (1080 Full HD, Enfoque Autom\u00e1tico) | Tienda PCMADRID","description":"Webcam Logitech C920 HD PRO ofrece videollamadas Full HD 1080p, audio est\u00e9reo, lente de cristal, enfoque autom\u00e1tico, visual 78\u00b0, correcci\u00f3n de iluminaci\u00f3n.","robots":{"index":"index","follow":"follow","max-snippet":"max-snippet:-1","max-image-preview":"max-image-preview:large","max-video-preview":"max-video-preview:-1"},"canonical":"https:\/\/www.pcmadrid.es\/tienda\/producto\/webcam-logitech-c920-hd-pro\/","twitter_misc":{"Tiempo de lectura":"4 minutos"},"schema":{"@context":"https:\/\/schema.org","@graph":[{"@type":"WebPage","@id":"https:\/\/www.pcmadrid.es\/tienda\/producto\/webcam-logitech-c920-hd-pro\/","url":"https:\/\/www.pcmadrid.es\/tienda\/producto\/webcam-logitech-c920-hd-pro\/","name":"Webcam Logitech C920 HD PRO (1080 Full HD, Enfoque Autom\u00e1tico) | Tienda PCMADRID","isPartOf":{"@id":"https:\/\/www.pcmadrid.es\/tienda\/#website"},"primaryImageOfPage":{"@id":"https:\/\/www.pcmadrid.es\/tienda\/producto\/webcam-logitech-c920-hd-pro\/#primaryimage"},"image":{"@id":"https:\/\/www.pcmadrid.es\/tienda\/producto\/webcam-logitech-c920-hd-pro\/#primaryimage"},"thumbnailUrl":"https:\/\/i0.wp.com\/www.pcmadrid.es\/tienda\/wp-content\/uploads\/2024\/05\/art_log-web20hd20pro20c92020ne_1.jpg?fit=448%2C448&ssl=1","datePublished":"2024-05-20T14:03:50+00:00","dateModified":"2025-06-23T11:59:12+00:00","description":"Webcam Logitech C920 HD PRO ofrece videollamadas Full HD 1080p, audio est\u00e9reo, lente de cristal, enfoque autom\u00e1tico, visual 78\u00b0, correcci\u00f3n de iluminaci\u00f3n.","breadcrumb":{"@id":"https:\/\/www.pcmadrid.es\/tienda\/producto\/webcam-logitech-c920-hd-pro\/#breadcrumb"},"inLanguage":"es","potentialAction":[{"@type":"ReadAction","target":["https:\/\/www.pcmadrid.es\/tienda\/producto\/webcam-logitech-c920-hd-pro\/"]}]},{"@type":"ImageObject","inLanguage":"es","@id":"https:\/\/www.pcmadrid.es\/tienda\/producto\/webcam-logitech-c920-hd-pro\/#primaryimage","url":"https:\/\/i0.wp.com\/www.pcmadrid.es\/tienda\/wp-content\/uploads\/2024\/05\/art_log-web20hd20pro20c92020ne_1.jpg?fit=448%2C448&ssl=1","contentUrl":"https:\/\/i0.wp.com\/www.pcmadrid.es\/tienda\/wp-content\/uploads\/2024\/05\/art_log-web20hd20pro20c92020ne_1.jpg?fit=448%2C448&ssl=1","width":448,"height":448},{"@type":"BreadcrumbList","@id":"https:\/\/www.pcmadrid.es\/tienda\/producto\/webcam-logitech-c920-hd-pro\/#breadcrumb","itemListElement":[{"@type":"ListItem","position":1,"name":"Portada","item":"https:\/\/www.pcmadrid.es\/tienda\/"},{"@type":"ListItem","position":2,"name":"Todos los productos","item":"https:\/\/www.pcmadrid.es\/tienda\/todos-los-productos\/"},{"@type":"ListItem","position":3,"name":"Webcam Logitech C920 HD PRO (1080 Full HD, Enfoque Autom\u00e1tico)"}]},{"@type":"WebSite","@id":"https:\/\/www.pcmadrid.es\/tienda\/#website","url":"https:\/\/www.pcmadrid.es\/tienda\/","name":"Tienda PCMADRID","description":"Venta y reparaciones de ordenadores","publisher":{"@id":"https:\/\/www.pcmadrid.es\/tienda\/#organization"},"potentialAction":[{"@type":"SearchAction","target":{"@type":"EntryPoint","urlTemplate":"https:\/\/www.pcmadrid.es\/tienda\/?s={search_term_string}"},"query-input":{"@type":"PropertyValueSpecification","valueRequired":true,"valueName":"search_term_string"}}],"inLanguage":"es"},{"@type":"Organization","@id":"https:\/\/www.pcmadrid.es\/tienda\/#organization","name":"PCMADRID","url":"https:\/\/www.pcmadrid.es\/tienda\/","logo":{"@type":"ImageObject","inLanguage":"es","@id":"https:\/\/www.pcmadrid.es\/tienda\/#\/schema\/logo\/image\/","url":"https:\/\/www.pcmadrid.es\/tienda\/wp-content\/uploads\/2019\/10\/pcmadridlogo..png","contentUrl":"https:\/\/www.pcmadrid.es\/tienda\/wp-content\/uploads\/2019\/10\/pcmadridlogo..png","width":750,"height":300,"caption":"PCMADRID"},"image":{"@id":"https:\/\/www.pcmadrid.es\/tienda\/#\/schema\/logo\/image\/"},"sameAs":["https:\/\/www.facebook.com\/pcmadridinformatica","https:\/\/x.com\/pc_madrid","https:\/\/www.youtube.com\/channel\/UCIbQq9k6BBrU5x2wqDIHr7A","https:\/\/www.instagram.com\/pcmadrid_informatica\/?hl=es","https:\/\/www.linkedin.com\/company\/9348326\/admin\/","https:\/\/www.pinterest.es\/pcmadrid_informatica\/"]}]}},"jetpack_sharing_enabled":true,"_links":{"self":[{"href":"https:\/\/www.pcmadrid.es\/tienda\/wp-json\/wp\/v2\/product\/12892","targetHints":{"allow":["GET"]}}],"collection":[{"href":"https:\/\/www.pcmadrid.es\/tienda\/wp-json\/wp\/v2\/product"}],"about":[{"href":"https:\/\/www.pcmadrid.es\/tienda\/wp-json\/wp\/v2\/types\/product"}],"replies":[{"embeddable":true,"href":"https:\/\/www.pcmadrid.es\/tienda\/wp-json\/wp\/v2\/comments?post=12892"}],"wp:featuredmedia":[{"embeddable":true,"href":"https:\/\/www.pcmadrid.es\/tienda\/wp-json\/wp\/v2\/media\/12891"}],"wp:attachment":[{"href":"https:\/\/www.pcmadrid.es\/tienda\/wp-json\/wp\/v2\/media?parent=12892"}],"wp:term":[{"taxonomy":"product_brand","embeddable":true,"href":"https:\/\/www.pcmadrid.es\/tienda\/wp-json\/wp\/v2\/product_brand?post=12892"},{"taxonomy":"product_cat","embeddable":true,"href":"https:\/\/www.pcmadrid.es\/tienda\/wp-json\/wp\/v2\/product_cat?post=12892"},{"taxonomy":"product_tag","embeddable":true,"href":"https:\/\/www.pcmadrid.es\/tienda\/wp-json\/wp\/v2\/product_tag?post=12892"}],"curies":[{"name":"wp","href":"https:\/\/api.w.org\/{rel}","templated":true}]}}