{"id":12896,"date":"2024-05-20T16:03:52","date_gmt":"2024-05-20T14:03:52","guid":{"rendered":"https:\/\/www.pcmadrid.es\/tienda\/producto\/webcam-videoconferencia-logitech-brio-4k-enfoque-automatico-4096-x-2160-ultra-hd\/"},"modified":"2025-06-23T13:59:12","modified_gmt":"2025-06-23T11:59:12","slug":"webcam-empresarial-logitech-brio-ultrahd-4k","status":"publish","type":"product","link":"https:\/\/www.pcmadrid.es\/tienda\/producto\/webcam-empresarial-logitech-brio-ultrahd-4k\/","title":{"rendered":"Webcam empresarial Logitech Br\u00edo (UltraHD 4K, HDR, Enfoque Autom\u00e1tico)"},"content":{"rendered":"<p>&nbsp;<\/p>\n<h2 style=\"text-align: center\"><span style=\"color: #99cc00\">Webcam empresarial Logitech Br\u00edo (UltraHD 4K, HDR, Enfoque Autom\u00e1tico)<\/span><\/h2>\n<p>&nbsp;<\/p>\n<h3 style=\"text-align: center\">Calidad 4K UltraHD con HDR para videollamadas profesionales con\u00a0 impecable Audio limpio y sin distracciones<\/h3>\n<p style=\"text-align: justify\">Webcam empresarial <span style=\"color: #99cc00\"><strong><a style=\"color: #99cc00\" href=\"https:\/\/www.logitech.com\/es-es\/products\/webcams\/brio-4k-hdr-webcam.960-001106.html?\">Logitech Br\u00edo UltraHD 4K<\/a><\/strong><\/span> es la soluci\u00f3n definitiva para quienes buscan calidad y profesionalismo en videollamadas, grabaciones y streaming. Ofrece resoluci\u00f3n Ultra HD 4K, HDR, y tecnolog\u00edas avanzadas RightLight\u2122 3 y HDR que ajustan autom\u00e1ticamente la luz y el contraste para destacar tu mejor imagen en cualquier entorno. Su audio superior con dos micr\u00f3fonos omnidireccionales garantiza conversaciones n\u00edtidas mientras la frecuencia de cuadro de hasta 90 fps asegura transmisiones fluidas. Con funciones como zoom digital 5x, campo visual ajustable y m\u00faltiples opciones de montaje, esta webcam se adapta a todas tus necesidades, ya sea desde la oficina, en casa o durante un evento virtual.<\/p>\n<p style=\"text-align: justify;padding-left: 40px\"><strong>La c\u00e1mara web perfecta para reuniones por v\u00eddeo<\/strong>: Webcam empresarial <span style=\"color: #99cc00\"><strong><a style=\"color: #99cc00\" href=\"https:\/\/www.logitech.com\/es-es\/products\/webcams\/brio-4k-hdr-webcam.960-001106.html?\">Logitech Br\u00edo UltraHD 4K<\/a><\/strong><\/span> es nuestra mejor y m\u00e1s avanzada c\u00e1mara web empresarial. Brio ofrece m\u00e1s nivel para la excelencia de la colaboraci\u00f3n con v\u00eddeo ultra HD 4K y viene equipada con tecnolog\u00edas innovadoras. Las tecnolog\u00edas RightLight\u2122 3 y HDR (rango din\u00e1mico alto) se ajustan autom\u00e1ticamente para que pueda ofrecer una imagen profesional en cualquier entorno luminoso, incluidas condiciones de poca luz, luz solar directa o contraste alto. Brio cuenta con certificaci\u00f3n empresarial y sensores \u00f3pticos e infrarrojos integrados y es compatible con Windows Hello.<\/p>\n<p style=\"text-align: justify;padding-left: 40px\"><strong>Lo mejor de lo mejor<\/strong> : Brio es un notable producto tecnol\u00f3gico que hace streaming de v\u00eddeo nitid\u00edsimo con resoluci\u00f3n, frecuencia de cuadro, color y detalle extraordinarios, e incluye enfoque autom\u00e1tico y zoom HD 5x. Brio ofrece v\u00eddeo Ultra HD 4K a 30 fps, HD 1080p a 30 o 60fps, HD 720p a 30, 60 o a 90 ultrafluidos fps, para obtener un grado extraordinario de nitidez, fluidez y detalle.<\/p>\n<p style=\"text-align: justify;padding-left: 40px\"><strong>Campo visual ajustable<\/strong> : Elija entre tres preajustes de campo visual para encuadrar el v\u00eddeo perfectamente. Para encuadrar una vista ideal de cabeza y hombros, seleccione el valor 65\u00b0 diagonal. Para capturar m\u00e1s imagen de la sala, elija 78\u00b0 o 90\u00b0 diagonal. Sea cual sea la opci\u00f3n de campo visual diagonal elegida, acerque la imagen con el zoom HD 5x en espectacular resoluci\u00f3n 4K.<\/p>\n<p style=\"text-align: justify;padding-left: 40px\"><strong>Ofrezca su mejor imagen con cualquier iluminaci\u00f3n<\/strong> : Re\u00fanase, haga streaming y grabe con la Webcam empresarial Logitech Br\u00edo UltraHD 4K en cualquier condici\u00f3n de iluminaci\u00f3n y ofrezca siempre su mejor imagen. Tanto si hay poca luz como sol brillante posterior, RightLight 3 y la tecnolog\u00eda HDR (rango din\u00e1mico alto) realizan ajustes autom\u00e1ticamente para destacar siempre lo m\u00e1s importante: usted.<\/p>\n<p style=\"text-align: justify;padding-left: 40px\"><strong>Sonido profesional en cualquier entorno<\/strong> : Brio posee dos micr\u00f3fonos omnidireccionales integrados con tecnolog\u00eda de supresi\u00f3n de ruido. Los micr\u00f3fonos capturan audio claramente hasta a un metro de distancia sin amplificar el ruido de fondo por lo que las conversaciones siempre suenan claras y naturales.<\/p>\n<p style=\"text-align: justify;padding-left: 40px\"><strong>Seguridad pr\u00e1ctica<\/strong> : Mediante sensores \u00f3pticos e infrarrojos, la c\u00e1mara Brio ofrece reconocimiento facial r\u00e1pido y seguro para Windows Hello. Y no hace falta escribir una contrase\u00f1a en Windows 10: para iniciar sesi\u00f3n basta con mirar a la lente de Brio.<\/p>\n<p style=\"text-align: justify;padding-left: 40px\"><strong>Streaming fluido, sin demoras<\/strong> : Brio mantiene una frecuencia de cuadro alta (hasta 90 fps) en cualquier condici\u00f3n de iluminaci\u00f3n para ofrecer grabaci\u00f3n de alta calidad, intercambio as\u00edncrono de presentaciones con Teams y fluidas emisiones de gaming que reflejan todos y cada uno de sus movimientos. Las frecuencias de cuadro m\u00e1s altas son ideales para cualquier situaci\u00f3n que requiera un stream de v\u00eddeo a c\u00e1mara lenta o especialmente fluido.<\/p>\n<p style=\"text-align: justify;padding-left: 40px\"><strong>Control total con Tune para escritorio<\/strong> : La aplicaci\u00f3n Logi Tune para escritorio simplifica el control y la personalizaci\u00f3n de los dispositivos personales en modelos seleccionados, incluida Brio. La miniaplicaci\u00f3n funciona sin interferir en su pantalla para una colaboraci\u00f3n con v\u00eddeo sin interrupciones, proporcionando zoom, ajustes de color y enfoque manual, y facilitando la descarga de actualizaciones de firmware.<\/p>\n<p>&nbsp;<\/p>\n<h3>Caracter\u00edsticas Webcam empresarial Logitech Br\u00edo UltraHD 4K<\/h3>\n<ul>\n<li><strong>Resoluci\u00f3n m\u00e1xima<\/strong>: Ultra HD 4K (4096 x 2160 p\u00edxeles) para detalles n\u00edtidos y v\u00edvidos en todas las videollamadas.<\/li>\n<li><strong>Zoom y campo visual<\/strong>: Zoom digital 5x y preajustes de 65\u00b0, 78\u00b0 y 90\u00b0 para encuadres perfectos en cualquier escenario.<\/li>\n<li><strong>Tecnolog\u00eda de iluminaci\u00f3n<\/strong>: RightLight\u2122 3 con HDR para una imagen impecable en luz tenue o intensa.<\/li>\n<li><strong>Audio<\/strong>: Micr\u00f3fonos omnidireccionales duales con cancelaci\u00f3n de ruido y eco, ideales para reuniones en entornos ruidosos.<\/li>\n<li><strong>Conexi\u00f3n USB<\/strong>: Plug and Play con USB 2.0\/3.0 tipo A y C para m\u00e1xima compatibilidad.<\/li>\n<li><strong>Montaje y privacidad<\/strong>: Incluye clip ajustable y tapa de obturador para garantizar privacidad y flexibilidad.<\/li>\n<li><strong>Compatibilidad<\/strong>: Soporte para Windows, macOS, ChromeOS y plataformas populares como Zoom, Teams y Meet.<\/li>\n<\/ul>\n<h3>Especificaciones t\u00e9cnicas del producto<\/h3>\n<table style=\"width: 100%;border-collapse: collapse;height: auto\" border=\"1\">\n<thead>\n<tr style=\"height: 25px\">\n<th style=\"background-color: #f0f0f0;text-align: left;padding-left: 20px;height: 25px\" colspan=\"2\"><span style=\"font-size: 14pt\"><strong>Especificaciones t\u00e9cnicas<\/strong><\/span><\/th>\n<\/tr>\n<\/thead>\n<tbody>\n<tr style=\"height: 23px\">\n<td style=\"padding-left: 20px;height: 23px\">Resoluci\u00f3n m\u00e1xima<\/td>\n<td style=\"padding-left: 20px;padding-right: 5px;height: 23px\">4K Ultra HD (4096 x 2160 p\u00edxeles a 30 fps)<\/td>\n<\/tr>\n<tr style=\"height: 23px\">\n<td style=\"padding-left: 20px;height: 23px\">Resoluciones adicionales<\/td>\n<td style=\"padding-left: 20px;padding-right: 5px;height: 23px\">Full HD 1080p (hasta 1920 x 1080 p\u00edxeles a 30 o 60 fps)<br \/>\nHD 720p (hasta 1280 x 720 p\u00edxeles a 30, 60 o 90 fps)<\/td>\n<\/tr>\n<tr style=\"height: 23px\">\n<td style=\"padding-left: 20px;height: 23px\">Resoluci\u00f3n\u00a0 C\u00e1mara<\/td>\n<td style=\"padding-left: 20px;padding-right: 5px;height: 23px\">13 megap\u00edxeles<\/td>\n<\/tr>\n<tr style=\"height: 23px\">\n<td style=\"padding-left: 20px;height: 23px\">Tipo de enfoque<\/td>\n<td style=\"padding-left: 20px;padding-right: 5px;height: 23px\">Enfoque autom\u00e1tico<\/td>\n<\/tr>\n<tr style=\"height: 23px\">\n<td style=\"padding-left: 20px;height: 23px\">Tipo de lente<\/td>\n<td style=\"padding-left: 20px;padding-right: 5px;height: 23px\">Cristal<\/td>\n<\/tr>\n<tr style=\"height: 23px\">\n<td style=\"padding-left: 20px;height: 23px\">Micr\u00f3fono integrado<\/td>\n<td style=\"padding-left: 20px;padding-right: 5px;height: 23px\">Dos omnidireccionales est\u00e9reo con cancelaci\u00f3n de eco y ruido<\/td>\n<\/tr>\n<tr style=\"height: 23px\">\n<td style=\"padding-left: 20px;height: 23px\">Rango del micr\u00f3fono<\/td>\n<td style=\"padding-left: 20px;padding-right: 5px;height: 23px\">Hasta 1,22 m<\/td>\n<\/tr>\n<tr style=\"height: 23px\">\n<td style=\"padding-left: 20px;height: 23px\">Campo visual diagonal (dFoV)<\/td>\n<td style=\"padding-left: 20px;padding-right: 5px;height: 23px\">90\u00b0\/78\u00b0\/65\u00b0<\/td>\n<\/tr>\n<tr style=\"height: 23px\">\n<td style=\"padding-left: 20px;height: 23px\">Zoom digital<\/td>\n<td style=\"padding-left: 20px;padding-right: 5px;height: 23px\">5x en Full HD<\/td>\n<\/tr>\n<tr style=\"height: 23px\">\n<td style=\"padding-left: 20px;height: 23px\">Conectividad USB<\/td>\n<td style=\"padding-left: 20px;padding-right: 5px;height: 23px\">Plug and Play USB-A, admite USB-C con adaptador de terceros (no incluido)<\/td>\n<\/tr>\n<tr style=\"height: 23px\">\n<td style=\"padding-left: 20px;height: 23px\">Tecnolog\u00eda de imagen<\/td>\n<td style=\"padding-left: 20px;padding-right: 5px;height: 23px\">RightLight 3 con HDR para nitidez de imagen en distintas condiciones de iluminaci\u00f3n desde luz escasa a luz solar directa<\/td>\n<\/tr>\n<tr style=\"height: 23px\">\n<td style=\"padding-left: 20px;height: 23px\">Controles de imagen<\/td>\n<td style=\"padding-left: 20px;padding-right: 5px;height: 23px\">Panor\u00e1mica, inclinaci\u00f3n y zoom con la aplicaci\u00f3n Camera Settings<\/td>\n<\/tr>\n<tr>\n<td style=\"padding-left: 20px\">Privacidad<\/td>\n<td style=\"padding-left: 20px;padding-right: 5px\">Tapa de obturador externa<\/td>\n<\/tr>\n<tr style=\"height: 23px\">\n<td style=\"padding-left: 20px;height: 23px\">Otras caracter\u00edsticas<\/td>\n<td style=\"padding-left: 20px;padding-right: 5px;height: 23px\">Sensor de infrarrojos para Windows Hello, combinaci\u00f3n de fondo. Admite varios tipos de conexi\u00f3n, incluidos USB 2.0 tipo A y USB 3.0 tipo A y C<\/td>\n<\/tr>\n<tr style=\"height: 25px\">\n<th style=\"background-color: #f0f0f0;text-align: left;padding-left: 20px;height: 25px\" colspan=\"2\"><span style=\"font-size: 14pt\"><strong>Dimensiones y peso<\/strong><\/span><\/th>\n<\/tr>\n<tr style=\"height: 23px\">\n<td style=\"padding-left: 20px;height: 23px\">C\u00e1mara<\/td>\n<td style=\"padding-left: 20px;padding-right: 5px;height: 23px\">Altura: 27 mm, Anchura: 102 mm, Profundidad: 27 mm, Peso: 63 g<\/td>\n<\/tr>\n<tr style=\"height: 23px\">\n<td style=\"padding-left: 20px;height: 23px\">Clip<\/td>\n<td style=\"padding-left: 20px;padding-right: 5px;height: 23px\">Altura: 99 mm, Anchura: 36 mm, Profundidad: 6 mm, Peso: 44 g<\/td>\n<\/tr>\n<tr style=\"height: 23px\">\n<td style=\"padding-left: 20px;height: 23px\">Longitud del cable<\/td>\n<td style=\"padding-left: 20px;padding-right: 5px;height: 23px\">2,2 m<\/td>\n<\/tr>\n<tr style=\"height: 25px\">\n<th style=\"background-color: #f0f0f0;text-align: left;padding-left: 20px;height: 25px\" colspan=\"2\"><span style=\"font-size: 14pt\"><strong>Requisitos del sistema<\/strong><\/span><\/th>\n<\/tr>\n<tr style=\"height: 23px\">\n<td style=\"padding-left: 20px;height: 23px\">Compatibilidad<\/td>\n<td style=\"padding-left: 20px;padding-right: 5px;height: 23px\">Windows 7 (s\u00f3lo 1080p), Windows 8.1 o Windows 10, macOS 10.10 o posterior, Google Chromebook versi\u00f3n 29.0.1547.70 o superior<\/td>\n<\/tr>\n<tr style=\"height: 23px\">\n<td style=\"padding-left: 20px;height: 23px\">Requisitos adicionales<\/td>\n<td style=\"padding-left: 20px;padding-right: 5px;height: 23px\">Procesador Intel Core 2 Duo a 2,4 GHz, 2 GB de RAM para 1080p (1 GB para 720p), puerto USB 2.0 o 3.0 (se requiere USB 3.0 para 4K)<\/td>\n<\/tr>\n<tr style=\"height: 25px\">\n<th style=\"background-color: #f0f0f0;text-align: left;padding-left: 20px;height: 25px\" colspan=\"2\"><span style=\"font-size: 14pt\"><strong>Contenido de la caja<\/strong><\/span><\/th>\n<\/tr>\n<tr style=\"height: 23px\">\n<td style=\"padding-left: 20px;height: 23px\">Incluye<\/td>\n<td style=\"padding-left: 20px;padding-right: 5px;height: 23px\">C\u00e1mara web con clip de montaje universal extra\u00edble, tapa de privacidad acoplable, bolsa de viaje, cable USB-A a USB-C de 2 mts (USB 2.0 o 3.0), documentaci\u00f3n del usuario<\/td>\n<\/tr>\n<\/tbody>\n<\/table>\n<h3><span style=\"color: #99cc00\">Garant\u00eda y soporte: Seguridad para tus necesidades<\/span><\/h3>\n<p>Incluye una garant\u00eda de 3 a\u00f1os para asegurar que tu inversi\u00f3n est\u00e9 protegida. Adem\u00e1s, ofrecemos <a href=\"https:\/\/www.pcmadrid.es\/tienda\/categoria-producto\/reparaciones\/\"><span style=\"color: #99cc00\">soporte t\u00e9cnico especializado<\/span><\/a> para garantizar el \u00f3ptimo funcionamiento de tu equipo.<\/p>\n","protected":false},"excerpt":{"rendered":"<p style=\"text-align: justify\">Webcam empresarial Logitech Br\u00edo UltraHD 4K redefine la colaboraci\u00f3n y el streaming con una resoluci\u00f3n Ultra HD 4K, tecnolog\u00edas avanzadas como HDR y RightLight\u2122 3, y enfoque autom\u00e1tico. Perfecta para videoconferencias, gaming y grabaciones profesionales, ofrece un campo visual ajustable y audio n\u00edtido con micr\u00f3fonos duales.<\/p>\n","protected":false},"featured_media":12895,"comment_status":"open","ping_status":"closed","template":"","meta":{"_et_pb_use_builder":"","_et_pb_old_content":"","_et_gb_content_width":""},"product_brand":[],"product_cat":[65,529],"product_tag":[],"class_list":{"0":"post-12896","1":"product","2":"type-product","3":"status-publish","4":"has-post-thumbnail","6":"product_cat-todos","7":"product_cat-webcams","9":"first","10":"instock","11":"taxable","12":"shipping-taxable","13":"purchasable","14":"product-type-simple"},"yoast_head":"<!-- This site is optimized with the Yoast SEO plugin v26.5 - https:\/\/yoast.com\/wordpress\/plugins\/seo\/ -->\n<title>Webcam empresarial Logitech Br\u00edo (UltraHD 4K, HDR, Enfoque Autom\u00e1tico) | Tienda PCMADRID<\/title>\n<meta name=\"description\" content=\"Webcam empresarial Logitech Br\u00edo UltraHD 4K redefine la colaboraci\u00f3n y el streaming, tecnolog\u00edas HDR y RightLight\u2122 3, enfoque autom\u00e1tico, micr\u00f3fonos duales\" \/>\n<meta name=\"robots\" content=\"index, follow, max-snippet:-1, max-image-preview:large, max-video-preview:-1\" \/>\n<link rel=\"canonical\" href=\"https:\/\/www.pcmadrid.es\/tienda\/producto\/webcam-empresarial-logitech-brio-ultrahd-4k\/\" \/>\n<meta name=\"twitter:label1\" content=\"Tiempo de lectura\" \/>\n\t<meta name=\"twitter:data1\" content=\"6 minutos\" \/>\n<script type=\"application\/ld+json\" class=\"yoast-schema-graph\">{\"@context\":\"https:\/\/schema.org\",\"@graph\":[{\"@type\":\"WebPage\",\"@id\":\"https:\/\/www.pcmadrid.es\/tienda\/producto\/webcam-empresarial-logitech-brio-ultrahd-4k\/\",\"url\":\"https:\/\/www.pcmadrid.es\/tienda\/producto\/webcam-empresarial-logitech-brio-ultrahd-4k\/\",\"name\":\"Webcam empresarial Logitech Br\u00edo (UltraHD 4K, HDR, Enfoque Autom\u00e1tico) | Tienda PCMADRID\",\"isPartOf\":{\"@id\":\"https:\/\/www.pcmadrid.es\/tienda\/#website\"},\"primaryImageOfPage\":{\"@id\":\"https:\/\/www.pcmadrid.es\/tienda\/producto\/webcam-empresarial-logitech-brio-ultrahd-4k\/#primaryimage\"},\"image\":{\"@id\":\"https:\/\/www.pcmadrid.es\/tienda\/producto\/webcam-empresarial-logitech-brio-ultrahd-4k\/#primaryimage\"},\"thumbnailUrl\":\"https:\/\/i0.wp.com\/www.pcmadrid.es\/tienda\/wp-content\/uploads\/2024\/05\/art_log-webcam20960-001106_1.jpg?fit=448%2C448&ssl=1\",\"datePublished\":\"2024-05-20T14:03:52+00:00\",\"dateModified\":\"2025-06-23T11:59:12+00:00\",\"description\":\"Webcam empresarial Logitech Br\u00edo UltraHD 4K redefine la colaboraci\u00f3n y el streaming, tecnolog\u00edas HDR y RightLight\u2122 3, enfoque autom\u00e1tico, micr\u00f3fonos duales\",\"breadcrumb\":{\"@id\":\"https:\/\/www.pcmadrid.es\/tienda\/producto\/webcam-empresarial-logitech-brio-ultrahd-4k\/#breadcrumb\"},\"inLanguage\":\"es\",\"potentialAction\":[{\"@type\":\"ReadAction\",\"target\":[\"https:\/\/www.pcmadrid.es\/tienda\/producto\/webcam-empresarial-logitech-brio-ultrahd-4k\/\"]}]},{\"@type\":\"ImageObject\",\"inLanguage\":\"es\",\"@id\":\"https:\/\/www.pcmadrid.es\/tienda\/producto\/webcam-empresarial-logitech-brio-ultrahd-4k\/#primaryimage\",\"url\":\"https:\/\/i0.wp.com\/www.pcmadrid.es\/tienda\/wp-content\/uploads\/2024\/05\/art_log-webcam20960-001106_1.jpg?fit=448%2C448&ssl=1\",\"contentUrl\":\"https:\/\/i0.wp.com\/www.pcmadrid.es\/tienda\/wp-content\/uploads\/2024\/05\/art_log-webcam20960-001106_1.jpg?fit=448%2C448&ssl=1\",\"width\":448,\"height\":448},{\"@type\":\"BreadcrumbList\",\"@id\":\"https:\/\/www.pcmadrid.es\/tienda\/producto\/webcam-empresarial-logitech-brio-ultrahd-4k\/#breadcrumb\",\"itemListElement\":[{\"@type\":\"ListItem\",\"position\":1,\"name\":\"Portada\",\"item\":\"https:\/\/www.pcmadrid.es\/tienda\/\"},{\"@type\":\"ListItem\",\"position\":2,\"name\":\"Todos los productos\",\"item\":\"https:\/\/www.pcmadrid.es\/tienda\/todos-los-productos\/\"},{\"@type\":\"ListItem\",\"position\":3,\"name\":\"Webcam empresarial Logitech Br\u00edo (UltraHD 4K, HDR, Enfoque Autom\u00e1tico)\"}]},{\"@type\":\"WebSite\",\"@id\":\"https:\/\/www.pcmadrid.es\/tienda\/#website\",\"url\":\"https:\/\/www.pcmadrid.es\/tienda\/\",\"name\":\"Tienda PCMADRID\",\"description\":\"Venta y reparaciones de ordenadores\",\"publisher\":{\"@id\":\"https:\/\/www.pcmadrid.es\/tienda\/#organization\"},\"potentialAction\":[{\"@type\":\"SearchAction\",\"target\":{\"@type\":\"EntryPoint\",\"urlTemplate\":\"https:\/\/www.pcmadrid.es\/tienda\/?s={search_term_string}\"},\"query-input\":{\"@type\":\"PropertyValueSpecification\",\"valueRequired\":true,\"valueName\":\"search_term_string\"}}],\"inLanguage\":\"es\"},{\"@type\":\"Organization\",\"@id\":\"https:\/\/www.pcmadrid.es\/tienda\/#organization\",\"name\":\"PCMADRID\",\"url\":\"https:\/\/www.pcmadrid.es\/tienda\/\",\"logo\":{\"@type\":\"ImageObject\",\"inLanguage\":\"es\",\"@id\":\"https:\/\/www.pcmadrid.es\/tienda\/#\/schema\/logo\/image\/\",\"url\":\"https:\/\/i0.wp.com\/www.pcmadrid.es\/tienda\/wp-content\/uploads\/2019\/10\/pcmadridlogo..png?fit=750%2C300&ssl=1\",\"contentUrl\":\"https:\/\/i0.wp.com\/www.pcmadrid.es\/tienda\/wp-content\/uploads\/2019\/10\/pcmadridlogo..png?fit=750%2C300&ssl=1\",\"width\":750,\"height\":300,\"caption\":\"PCMADRID\"},\"image\":{\"@id\":\"https:\/\/www.pcmadrid.es\/tienda\/#\/schema\/logo\/image\/\"},\"sameAs\":[\"https:\/\/www.facebook.com\/pcmadridinformatica\",\"https:\/\/x.com\/pc_madrid\",\"https:\/\/www.youtube.com\/channel\/UCIbQq9k6BBrU5x2wqDIHr7A\",\"https:\/\/www.instagram.com\/pcmadrid_informatica\/?hl=es\",\"https:\/\/www.linkedin.com\/company\/9348326\/admin\/\",\"https:\/\/www.pinterest.es\/pcmadrid_informatica\/\"]}]}<\/script>\n<!-- \/ Yoast SEO plugin. -->","yoast_head_json":{"title":"Webcam empresarial Logitech Br\u00edo (UltraHD 4K, HDR, Enfoque Autom\u00e1tico) | Tienda PCMADRID","description":"Webcam empresarial Logitech Br\u00edo UltraHD 4K redefine la colaboraci\u00f3n y el streaming, tecnolog\u00edas HDR y RightLight\u2122 3, enfoque autom\u00e1tico, micr\u00f3fonos duales","robots":{"index":"index","follow":"follow","max-snippet":"max-snippet:-1","max-image-preview":"max-image-preview:large","max-video-preview":"max-video-preview:-1"},"canonical":"https:\/\/www.pcmadrid.es\/tienda\/producto\/webcam-empresarial-logitech-brio-ultrahd-4k\/","twitter_misc":{"Tiempo de lectura":"6 minutos"},"schema":{"@context":"https:\/\/schema.org","@graph":[{"@type":"WebPage","@id":"https:\/\/www.pcmadrid.es\/tienda\/producto\/webcam-empresarial-logitech-brio-ultrahd-4k\/","url":"https:\/\/www.pcmadrid.es\/tienda\/producto\/webcam-empresarial-logitech-brio-ultrahd-4k\/","name":"Webcam empresarial Logitech Br\u00edo (UltraHD 4K, HDR, Enfoque Autom\u00e1tico) | Tienda PCMADRID","isPartOf":{"@id":"https:\/\/www.pcmadrid.es\/tienda\/#website"},"primaryImageOfPage":{"@id":"https:\/\/www.pcmadrid.es\/tienda\/producto\/webcam-empresarial-logitech-brio-ultrahd-4k\/#primaryimage"},"image":{"@id":"https:\/\/www.pcmadrid.es\/tienda\/producto\/webcam-empresarial-logitech-brio-ultrahd-4k\/#primaryimage"},"thumbnailUrl":"https:\/\/i0.wp.com\/www.pcmadrid.es\/tienda\/wp-content\/uploads\/2024\/05\/art_log-webcam20960-001106_1.jpg?fit=448%2C448&ssl=1","datePublished":"2024-05-20T14:03:52+00:00","dateModified":"2025-06-23T11:59:12+00:00","description":"Webcam empresarial Logitech Br\u00edo UltraHD 4K redefine la colaboraci\u00f3n y el streaming, tecnolog\u00edas HDR y RightLight\u2122 3, enfoque autom\u00e1tico, micr\u00f3fonos duales","breadcrumb":{"@id":"https:\/\/www.pcmadrid.es\/tienda\/producto\/webcam-empresarial-logitech-brio-ultrahd-4k\/#breadcrumb"},"inLanguage":"es","potentialAction":[{"@type":"ReadAction","target":["https:\/\/www.pcmadrid.es\/tienda\/producto\/webcam-empresarial-logitech-brio-ultrahd-4k\/"]}]},{"@type":"ImageObject","inLanguage":"es","@id":"https:\/\/www.pcmadrid.es\/tienda\/producto\/webcam-empresarial-logitech-brio-ultrahd-4k\/#primaryimage","url":"https:\/\/i0.wp.com\/www.pcmadrid.es\/tienda\/wp-content\/uploads\/2024\/05\/art_log-webcam20960-001106_1.jpg?fit=448%2C448&ssl=1","contentUrl":"https:\/\/i0.wp.com\/www.pcmadrid.es\/tienda\/wp-content\/uploads\/2024\/05\/art_log-webcam20960-001106_1.jpg?fit=448%2C448&ssl=1","width":448,"height":448},{"@type":"BreadcrumbList","@id":"https:\/\/www.pcmadrid.es\/tienda\/producto\/webcam-empresarial-logitech-brio-ultrahd-4k\/#breadcrumb","itemListElement":[{"@type":"ListItem","position":1,"name":"Portada","item":"https:\/\/www.pcmadrid.es\/tienda\/"},{"@type":"ListItem","position":2,"name":"Todos los productos","item":"https:\/\/www.pcmadrid.es\/tienda\/todos-los-productos\/"},{"@type":"ListItem","position":3,"name":"Webcam empresarial Logitech Br\u00edo (UltraHD 4K, HDR, Enfoque Autom\u00e1tico)"}]},{"@type":"WebSite","@id":"https:\/\/www.pcmadrid.es\/tienda\/#website","url":"https:\/\/www.pcmadrid.es\/tienda\/","name":"Tienda PCMADRID","description":"Venta y reparaciones de ordenadores","publisher":{"@id":"https:\/\/www.pcmadrid.es\/tienda\/#organization"},"potentialAction":[{"@type":"SearchAction","target":{"@type":"EntryPoint","urlTemplate":"https:\/\/www.pcmadrid.es\/tienda\/?s={search_term_string}"},"query-input":{"@type":"PropertyValueSpecification","valueRequired":true,"valueName":"search_term_string"}}],"inLanguage":"es"},{"@type":"Organization","@id":"https:\/\/www.pcmadrid.es\/tienda\/#organization","name":"PCMADRID","url":"https:\/\/www.pcmadrid.es\/tienda\/","logo":{"@type":"ImageObject","inLanguage":"es","@id":"https:\/\/www.pcmadrid.es\/tienda\/#\/schema\/logo\/image\/","url":"https:\/\/i0.wp.com\/www.pcmadrid.es\/tienda\/wp-content\/uploads\/2019\/10\/pcmadridlogo..png?fit=750%2C300&ssl=1","contentUrl":"https:\/\/i0.wp.com\/www.pcmadrid.es\/tienda\/wp-content\/uploads\/2019\/10\/pcmadridlogo..png?fit=750%2C300&ssl=1","width":750,"height":300,"caption":"PCMADRID"},"image":{"@id":"https:\/\/www.pcmadrid.es\/tienda\/#\/schema\/logo\/image\/"},"sameAs":["https:\/\/www.facebook.com\/pcmadridinformatica","https:\/\/x.com\/pc_madrid","https:\/\/www.youtube.com\/channel\/UCIbQq9k6BBrU5x2wqDIHr7A","https:\/\/www.instagram.com\/pcmadrid_informatica\/?hl=es","https:\/\/www.linkedin.com\/company\/9348326\/admin\/","https:\/\/www.pinterest.es\/pcmadrid_informatica\/"]}]}},"jetpack_sharing_enabled":true,"_links":{"self":[{"href":"https:\/\/www.pcmadrid.es\/tienda\/wp-json\/wp\/v2\/product\/12896","targetHints":{"allow":["GET"]}}],"collection":[{"href":"https:\/\/www.pcmadrid.es\/tienda\/wp-json\/wp\/v2\/product"}],"about":[{"href":"https:\/\/www.pcmadrid.es\/tienda\/wp-json\/wp\/v2\/types\/product"}],"replies":[{"embeddable":true,"href":"https:\/\/www.pcmadrid.es\/tienda\/wp-json\/wp\/v2\/comments?post=12896"}],"wp:featuredmedia":[{"embeddable":true,"href":"https:\/\/www.pcmadrid.es\/tienda\/wp-json\/wp\/v2\/media\/12895"}],"wp:attachment":[{"href":"https:\/\/www.pcmadrid.es\/tienda\/wp-json\/wp\/v2\/media?parent=12896"}],"wp:term":[{"taxonomy":"product_brand","embeddable":true,"href":"https:\/\/www.pcmadrid.es\/tienda\/wp-json\/wp\/v2\/product_brand?post=12896"},{"taxonomy":"product_cat","embeddable":true,"href":"https:\/\/www.pcmadrid.es\/tienda\/wp-json\/wp\/v2\/product_cat?post=12896"},{"taxonomy":"product_tag","embeddable":true,"href":"https:\/\/www.pcmadrid.es\/tienda\/wp-json\/wp\/v2\/product_tag?post=12896"}],"curies":[{"name":"wp","href":"https:\/\/api.w.org\/{rel}","templated":true}]}}