{"id":12898,"date":"2024-05-20T16:03:53","date_gmt":"2024-05-20T14:03:53","guid":{"rendered":"https:\/\/www.pcmadrid.es\/tienda\/producto\/webcam-logitech-brio-stream-enfoque-automatico-4k\/"},"modified":"2025-06-23T13:59:12","modified_gmt":"2025-06-23T11:59:12","slug":"webcam-logitech-brio-stream-ultrahd-4k","status":"publish","type":"product","link":"https:\/\/www.pcmadrid.es\/tienda\/producto\/webcam-logitech-brio-stream-ultrahd-4k\/","title":{"rendered":"Webcam Logitech Br\u00edo Stream (UltraHD 4K, HDR, Enfoque Autom\u00e1tico)"},"content":{"rendered":"<p>&nbsp;<\/p>\n<h2 style=\"text-align: center\"><span style=\"color: #99cc00\">Webcam Logitech Br\u00edo Stream (UltraHD 4K, HDR, Enfoque Autom\u00e1tico)<\/span><\/h2>\n<h3 style=\"text-align: center\">Calidad 4K UltraHD con HDR para videos impecablescon tecnolog\u00eda RightLight 3 para cualquier iluminaci\u00f3n<\/h3>\n<p style=\"text-align: justify\">Webcam <span style=\"color: #99cc00\"><strong><a style=\"color: #99cc00\" href=\"https:\/\/www.logitech.com\/es-es\/products\/webcams\/brio-stream-4k-hd-webcam.960-001194.html\">Logitech Br\u00edo Stream UltraHD 4K<\/a><\/strong><\/span> transforma tus videollamadas y grabaciones en una experiencia asombrosa. Esta c\u00e1mara Ultra HD 4K combina una resoluci\u00f3n asombrosa con HDR y RightLight 3, adapt\u00e1ndose a cualquier entorno de iluminaci\u00f3n. Disfruta de grabaciones suaves a 90 fps y un encuadre perfecto gracias al zoom digital 5x y los campos de visi\u00f3n ajustables. Los micr\u00f3fonos omnidireccionales con cancelaci\u00f3n de ruido aseguran una comunicaci\u00f3n clara y profesional. Adem\u00e1s, su dise\u00f1o incluye tapa de privacidad acoplable y compatibilidad con Windows Hello para mayor seguridad.<\/p>\n<p style=\"text-align: justify;padding-left: 40px\"><strong>Las videollamadas visualmente asombrosas comienzan aqu\u00ed<\/strong>: Aumente la calidad de las reuniones de v\u00eddeo en su escritorio a primera clase. Webcam <span style=\"color: #99cc00\"><strong><a style=\"color: #99cc00\" href=\"https:\/\/www.logitech.com\/es-es\/products\/webcams\/brio-stream-4k-hd-webcam.960-001194.html\">Logitech Br\u00edo Stream UltraHD 4K<\/a><\/strong><\/span> capta cada detalle, ya que las tecnolog\u00edas de radio de acci\u00f3n din\u00e1mico alto (HDR) y RightLight 3 se ajustan autom\u00e1ticamente para ayudarle a ofrecer su mejor imagen en cualquier entorno de iluminaci\u00f3n, ya sea con luz tenue o con luz solar directa. La grabaci\u00f3n de v\u00eddeo es incre\u00edblemente fluida con frecuencias de cuadro de hasta 90 fps.<\/p>\n<p style=\"text-align: justify;padding-left: 40px\"><strong>Videollamadas de nivel profesional en 4K UltraHD<\/strong>: Disfrute de una videocolaboraci\u00f3n excelente desde su escritorio con una webcam 4K dise\u00f1ada para ofrecer un rendimiento y resultados profesionales. Brio Stream capta cada detalle del v\u00eddeo con una resoluci\u00f3n, un color y una nitidez impresionantes. La transmisi\u00f3n de presentaciones as\u00edncronas y la grabaci\u00f3n de v\u00eddeo son ultrafluidas, de gran nitidez; adem\u00e1s, con unas frecuencias de cuadro hasta 90 fps, la c\u00e1mara ofrece stream de v\u00eddeo extraordinariamente pulcro y fluido.<\/p>\n<p style=\"text-align: justify;padding-left: 40px\"><strong>Imagen profesional con cualquier iluminaci\u00f3n<\/strong>: Re\u00fanase, emita en streaming y grabe con Brio con cualquier iluminaci\u00f3n y ofrezca siempre su imagen m\u00e1s profesional en v\u00eddeo. Ya sea en condiciones de poca luz, luz solar directa o con contraste alto, la tecnolog\u00eda RightLight 3 con radio de acci\u00f3n din\u00e1mico alto (HDR) se ajusta autom\u00e1ticamente para destacar siempre el sujeto m\u00e1s importante: usted.<\/p>\n<p style=\"text-align: justify;padding-left: 40px\"><strong>Sonido estupendo en cualquier entorno<\/strong>: Las conversaciones siempre suenan naturales y claras con Logitech Brio Stream. Los dos micr\u00f3fonos omnidireccionales integrados captan el audio claramente hasta un metro de distancia, mientras que la tecnolog\u00eda de cancelaci\u00f3n de ruido ayuda a mantener el enfoque en la colaboraci\u00f3n al suprimir los sonidos de fondo que pueden ser distracciones potenciales.<\/p>\n<p style=\"text-align: justify;padding-left: 40px\"><strong>Encuadre su imagen a la perfecci\u00f3n<\/strong>: Elija entre tres configuraciones de campo visual diagonal (dFOV) para encuadrar el v\u00eddeo perfectamente. Acceda a los preajustes con Logi Tune para encuadrar una vista ideal de su cabeza y sus hombros (65\u00b0 diagonal) o para mostrar una mayor parte de su entorno (78\u00b0 o 90\u00b0 diagonal).<\/p>\n<p style=\"text-align: justify;padding-left: 40px\"><strong>Grabaci\u00f3n ultrafluida<\/strong>: Brio Stream mantiene una frecuencia de cuadro alta (hasta 90 fps) en cualquier condici\u00f3n de iluminaci\u00f3n para ofrecer una grabaci\u00f3n de alta calidad, intercambio as\u00edncrono de presentaciones y transmisiones fluidas que reflejan todos y cada uno de sus movimientos. Las frecuencias de cuadro m\u00e1s altas son ideales para cualquier situaci\u00f3n que requiera un stream de v\u00eddeo a c\u00e1mara lenta o especialmente fluido.<\/p>\n<p style=\"padding-left: 40px;text-align: justify\"><strong>Seguridad pr\u00e1ctica<\/strong>: Inicie sesi\u00f3n en el ordenador de forma f\u00e1cil y segura con el inicio de sesi\u00f3n por reconocimiento facial de Windows Hello. Una contrase\u00f1a menos que recordar. Para acceder, solo tiene que mirar a la lente de Brio Stream.<\/p>\n<p style=\"padding-left: 40px;text-align: justify\"><strong>Impulse su creatividad<\/strong>: Ya sea que se re\u00fana de forma virtual, haga streaming de v\u00eddeo en tiempo real o grabe, Brio Stream optimiza la experiencia de v\u00eddeo para usted y sus espectadores. Con Logi Tune, puede personalizar la forma en que se presenta con filtros personalizados, dFOV y m\u00e1s para ofrecer siempre su mejor imagen. Tambi\u00e9n puede sacar provecho de Logitech Capture para la creaci\u00f3n de contenidos todo en uno. O use GHub con OBS integrado para hacer streaming de v\u00eddeo en tiempo real de forma personalizada.<\/p>\n<p style=\"padding-left: 40px;text-align: justify\"><strong>Opciones de montaje vers\u00e1tiles<\/strong>: Monte la Webcam Logitech Br\u00edo Stream Ultra4K de forma segura con el clip ajustable donde ofrezca mejores resultados (port\u00e1til, pantalla o escritorio) o retire el clip para acoplarla a su propio tr\u00edpode con la rosca integrada.<\/p>\n<p style=\"padding-left: 40px;text-align: justify\"><strong>Tapa de privacidad acoplable<\/strong>: Suba y baje la cubierta de la lente incluida para protegerla y garantizar la privacidad cuando la webcam no se est\u00e9 usando.<\/p>\n<p>&nbsp;<\/p>\n<h3>Caracter\u00edsticas Webcam Logitech Br\u00edo Stream UltraHD 4K<\/h3>\n<ul>\n<li>\n<p style=\"text-align: justify\"><strong>Resoluci\u00f3n y fotogramas por segundo<\/strong>: Resoluciones hasta 4K\/30 fps y 1080p\/60 fps. Con frecuencias de hasta 90 fps, garantiza una transmisi\u00f3n y grabaci\u00f3n ultra fluida. Ideal para streaming profesional y contenido en alta calidad.<\/p>\n<\/li>\n<li style=\"text-align: justify\"><strong>Tipo de lente<\/strong>: Lente de cristal premium con zoom digital 5x. Campo visual diagonal (dFoV) de 90\u00b0\/78\u00b0\/65\u00b0. Los detalles son n\u00edtidos y los ajustes autom\u00e1ticos garantizan encuadres profesionales.<\/li>\n<li style=\"text-align: justify\"><strong>Tipo de enfoque<\/strong>: Enfoque autom\u00e1tico avanzado que mantiene la nitidez incluso con movimientos din\u00e1micos, perfecto para videollamadas activas. RightLight 3 con HDR para ofrecer im\u00e1genes n\u00edtidas en diversas condiciones de iluminaci\u00f3n, desde luz escasa a luz solar directa.<\/li>\n<li style=\"text-align: justify\"><strong>Multimedia<\/strong>: Dos Micr\u00f3fonos est\u00e9reo omnidireccionales con tecnolog\u00eda de cancelaci\u00f3n de ruido. Ideal para entornos ruidosos, capturando audio n\u00edtido a hasta 1 metro.<\/li>\n<li style=\"text-align: justify\"><strong>Conectividad<\/strong>: Plug and Play con USB-A y compatibilidad con USB-C usando adaptadores de terceros. Optimizado para Windows Hello y software como Logitech Capture y Logi Tune.<\/li>\n<li>\n<p style=\"text-align: justify\"><strong>Compatibilidad<\/strong>: Funciona con Windows 7 o posterior, macOS 10.10 o posterior, y Chrome OS. Perfecta para plataformas de videollamadas populares y herramientas de creaci\u00f3n de contenido como OBS.<\/p>\n<\/li>\n<\/ul>\n<h3>Especificaciones T\u00e9cnicas del Producto<\/h3>\n<table style=\"width: 100%;border-collapse: collapse\" border=\"1\">\n<thead>\n<tr>\n<th style=\"background-color: #f0f0f0;text-align: left;padding-left: 20px\" colspan=\"2\"><span style=\"font-size: 14pt\"><strong>Especificaciones t\u00e9cnicas<\/strong><\/span><\/th>\n<\/tr>\n<\/thead>\n<tbody>\n<tr>\n<td style=\"padding-left: 20px\">Resoluci\u00f3n m\u00e1xima<\/td>\n<td style=\"padding-left: 20px;padding-right: 5px\">4K\/30 fps (hasta 4096 x 2160 p\u00edxeles)<\/td>\n<\/tr>\n<tr>\n<td style=\"padding-left: 20px\">Resoluciones adicionales<\/td>\n<td style=\"padding-left: 20px;padding-right: 5px\">1080p\/30 o 60 fps (hasta 1920 o 1080 p\u00edxeles)<br \/>\n720p\/30, 60 o 90 fps (hasta 1280 x 720 p\u00edxeles)<\/td>\n<\/tr>\n<tr>\n<td style=\"padding-left: 20px\">Tipo de enfoque<\/td>\n<td style=\"padding-left: 20px;padding-right: 5px\">Enfoque autom\u00e1tico<\/td>\n<\/tr>\n<tr>\n<td style=\"padding-left: 20px\">Tipo de lente<\/td>\n<td style=\"padding-left: 20px;padding-right: 5px\">Cristal<\/td>\n<\/tr>\n<tr>\n<td style=\"padding-left: 20px\">Micr\u00f3fono integrado<\/td>\n<td style=\"padding-left: 20px;padding-right: 5px\">Dos omnidireccionales est\u00e9reo con cancelaci\u00f3n de ruido<\/td>\n<\/tr>\n<tr>\n<td style=\"padding-left: 20px\">Campo de visi\u00f3n diagonal (dFoV)<\/td>\n<td style=\"padding-left: 20px;padding-right: 5px\">90\u00b0\/78\u00b0\/65\u00b0<\/td>\n<\/tr>\n<tr>\n<td style=\"padding-left: 20px\">Zoom digital<\/td>\n<td style=\"padding-left: 20px;padding-right: 5px\">5x<\/td>\n<\/tr>\n<tr>\n<td style=\"padding-left: 20px\">Conectividad USB<\/td>\n<td style=\"padding-left: 20px;padding-right: 5px\">USB-A con configuraci\u00f3n plug and play, admite USB-C con adaptador de terceros (no incluido)<\/td>\n<\/tr>\n<tr>\n<td style=\"padding-left: 20px\">Caracter\u00edsticas adicionales<\/td>\n<td style=\"padding-left: 20px;padding-right: 5px\">RightLight 3 con HDR para\u00a0ofrecer im\u00e1genes n\u00edtidas en diversas condiciones de iluminaci\u00f3n, desde luz escasa a luz solar directa<\/td>\n<\/tr>\n<tr>\n<td style=\"padding-left: 20px\">Sensor<\/td>\n<td style=\"padding-left: 20px;padding-right: 5px\">Sensor con tecnolog\u00eda infrarroja para Windows (SDK disponible para integraci\u00f3n de aplicaci\u00f3n).<\/td>\n<\/tr>\n<tr>\n<td style=\"padding-left: 20px\">Privacidad<\/td>\n<td style=\"padding-left: 20px;padding-right: 5px\">Tapa de privacidad acoplable.<\/td>\n<\/tr>\n<tr>\n<td style=\"padding-left: 20px\">Montaje<\/td>\n<td style=\"padding-left: 20px;padding-right: 5px\">Clip universal extra\u00edble para monitores, pantallas LCD o port\u00e1tiles<\/td>\n<\/tr>\n<tr>\n<th style=\"background-color: #f0f0f0;text-align: left;padding-left: 20px\" colspan=\"2\"><span style=\"font-size: 14pt\"><strong>Dimensiones<\/strong><\/span><\/th>\n<\/tr>\n<tr>\n<td style=\"padding-left: 20px\">C\u00e1mara web<\/td>\n<td style=\"padding-left: 20px;padding-right: 5px\">Altura: 27 mm, Anchura: 102 mm, Profundidad: 27 mm, Peso: 63 g<\/td>\n<\/tr>\n<tr>\n<td style=\"padding-left: 20px\">Clip de montaje acoplable<\/td>\n<td style=\"padding-left: 20px;padding-right: 5px\">Altura: 19 mm, Anchura: 36 mm, Profundidad: 63 mm, Peso: 44 g<\/td>\n<\/tr>\n<tr>\n<td style=\"padding-left: 20px\">Longitud del cable<\/td>\n<td style=\"padding-left: 20px;padding-right: 5px\">2,2 mts<\/td>\n<\/tr>\n<tr>\n<th style=\"background-color: #f0f0f0;text-align: left;padding-left: 20px\" colspan=\"2\"><span style=\"font-size: 14pt\"><strong>Requisitos del sistema<\/strong><\/span><\/th>\n<\/tr>\n<tr>\n<td style=\"padding-left: 20px\">Compatibilidad<\/td>\n<td style=\"padding-left: 20px;padding-right: 5px\">Windows 7 o posteriores (se requiere Windows 8.1 o posteriores para resoluciones superiores a 1080p), macOS o posterior, Chrome OS\u2122 versi\u00f3n 29.0.1547.70 y posteriores<\/td>\n<\/tr>\n<tr>\n<td style=\"padding-left: 20px\">Requisitos de hardware<\/td>\n<td style=\"padding-left: 20px;padding-right: 5px\">2 GB de RAM o m\u00e1s para streaming de v\u00eddeo 1080p; normalmente se requiere 1 GB para streaming 720p<\/td>\n<\/tr>\n<tr>\n<td style=\"padding-left: 20px\">Puertos<\/td>\n<td style=\"padding-left: 20px;padding-right: 5px\">Un puerto USB 2.0 o USB 3.0 (la grabaci\u00f3n y el streaming 4K requieren un puerto USB 3.0 y software de terceros compatible)<\/td>\n<\/tr>\n<tr>\n<td style=\"padding-left: 20px\">Compatibilidad con plataformas<\/td>\n<td style=\"padding-left: 20px;padding-right: 5px\">Funciona con plataformas de llamadas populares<\/td>\n<\/tr>\n<tr>\n<th style=\"background-color: #f0f0f0;text-align: left;padding-left: 20px\" colspan=\"2\"><span style=\"font-size: 14pt\"><strong>Contenido de la caja<\/strong><\/span><\/th>\n<\/tr>\n<tr>\n<td style=\"padding-left: 20px\">Contenido<\/td>\n<td style=\"padding-left: 20px;padding-right: 5px\">Webcam con clip de montaje universal extra\u00edble (en webcam), Tapa de privacidad acoplable, Bolsa de viaje, Cable USB-A a USB-C de 2,2 m (USB 2.0 o 3.0), Documentaci\u00f3n del usuario<\/td>\n<\/tr>\n<\/tbody>\n<\/table>\n<h3><span style=\"color: #99cc00\">Garant\u00eda y soporte: Seguridad para tus necesidades<\/span><\/h3>\n<p>Incluye una garant\u00eda de 3 a\u00f1os para asegurar que tu inversi\u00f3n est\u00e9 protegida. Adem\u00e1s, ofrecemos <a href=\"https:\/\/www.pcmadrid.es\/tienda\/categoria-producto\/reparaciones\/\"><span style=\"color: #99cc00\">soporte t\u00e9cnico especializado<\/span><\/a> para garantizar el \u00f3ptimo funcionamiento de tu equipo.<\/p>\n","protected":false},"excerpt":{"rendered":"<p style=\"text-align: justify\">Webcam Logitech Br\u00edo Stream UltraHD 4K con HDR y tecnolog\u00eda RightLight 3 para videollamadas y grabaciones de alto nivel profesional en cualquier entorno de iluminaci\u00f3n. Con dos micr\u00f3fonos omnidireccionales y zoom digital 5x, garantiza audio claro y detalles visuales impecables.<\/p>\n","protected":false},"featured_media":12897,"comment_status":"open","ping_status":"closed","template":"","meta":{"_et_pb_use_builder":"","_et_pb_old_content":"","_et_gb_content_width":""},"product_brand":[],"product_cat":[65,529],"product_tag":[],"class_list":{"0":"post-12898","1":"product","2":"type-product","3":"status-publish","4":"has-post-thumbnail","6":"product_cat-todos","7":"product_cat-webcams","9":"first","10":"instock","11":"taxable","12":"shipping-taxable","13":"purchasable","14":"product-type-simple"},"yoast_head":"<!-- This site is optimized with the Yoast SEO plugin v27.5 - https:\/\/yoast.com\/product\/yoast-seo-wordpress\/ -->\n<title>Webcam Logitech Br\u00edo Stream (UltraHD 4K, HDR, Enfoque Autom\u00e1tico) | Tienda PCMADRID<\/title>\n<meta name=\"description\" content=\"Webcam Logitech Br\u00edo Stream UltraHD 4K con HDR , tecnolog\u00eda RightLight 3, 2 micr\u00f3fonos,, zoom digital 5x, garantiza audio e imagenes impecables.\" \/>\n<meta name=\"robots\" content=\"index, follow, max-snippet:-1, max-image-preview:large, max-video-preview:-1\" \/>\n<link rel=\"canonical\" href=\"https:\/\/www.pcmadrid.es\/tienda\/producto\/webcam-logitech-brio-stream-ultrahd-4k\/\" \/>\n<meta name=\"twitter:label1\" content=\"Tiempo de lectura\" \/>\n\t<meta name=\"twitter:data1\" content=\"6 minutos\" \/>\n<script type=\"application\/ld+json\" class=\"yoast-schema-graph\">{\"@context\":\"https:\\\/\\\/schema.org\",\"@graph\":[{\"@type\":\"WebPage\",\"@id\":\"https:\\\/\\\/www.pcmadrid.es\\\/tienda\\\/producto\\\/webcam-logitech-brio-stream-ultrahd-4k\\\/\",\"url\":\"https:\\\/\\\/www.pcmadrid.es\\\/tienda\\\/producto\\\/webcam-logitech-brio-stream-ultrahd-4k\\\/\",\"name\":\"Webcam Logitech Br\u00edo Stream (UltraHD 4K, HDR, Enfoque Autom\u00e1tico) | Tienda PCMADRID\",\"isPartOf\":{\"@id\":\"https:\\\/\\\/www.pcmadrid.es\\\/tienda\\\/#website\"},\"primaryImageOfPage\":{\"@id\":\"https:\\\/\\\/www.pcmadrid.es\\\/tienda\\\/producto\\\/webcam-logitech-brio-stream-ultrahd-4k\\\/#primaryimage\"},\"image\":{\"@id\":\"https:\\\/\\\/www.pcmadrid.es\\\/tienda\\\/producto\\\/webcam-logitech-brio-stream-ultrahd-4k\\\/#primaryimage\"},\"thumbnailUrl\":\"https:\\\/\\\/i0.wp.com\\\/www.pcmadrid.es\\\/tienda\\\/wp-content\\\/uploads\\\/2024\\\/05\\\/art_log-webcam20brio20stream20bk_1.jpg?fit=448%2C448&ssl=1\",\"datePublished\":\"2024-05-20T14:03:53+00:00\",\"dateModified\":\"2025-06-23T11:59:12+00:00\",\"description\":\"Webcam Logitech Br\u00edo Stream UltraHD 4K con HDR , tecnolog\u00eda RightLight 3, 2 micr\u00f3fonos,, zoom digital 5x, garantiza audio e imagenes impecables.\",\"breadcrumb\":{\"@id\":\"https:\\\/\\\/www.pcmadrid.es\\\/tienda\\\/producto\\\/webcam-logitech-brio-stream-ultrahd-4k\\\/#breadcrumb\"},\"inLanguage\":\"es\",\"potentialAction\":[{\"@type\":\"ReadAction\",\"target\":[\"https:\\\/\\\/www.pcmadrid.es\\\/tienda\\\/producto\\\/webcam-logitech-brio-stream-ultrahd-4k\\\/\"]}]},{\"@type\":\"ImageObject\",\"inLanguage\":\"es\",\"@id\":\"https:\\\/\\\/www.pcmadrid.es\\\/tienda\\\/producto\\\/webcam-logitech-brio-stream-ultrahd-4k\\\/#primaryimage\",\"url\":\"https:\\\/\\\/i0.wp.com\\\/www.pcmadrid.es\\\/tienda\\\/wp-content\\\/uploads\\\/2024\\\/05\\\/art_log-webcam20brio20stream20bk_1.jpg?fit=448%2C448&ssl=1\",\"contentUrl\":\"https:\\\/\\\/i0.wp.com\\\/www.pcmadrid.es\\\/tienda\\\/wp-content\\\/uploads\\\/2024\\\/05\\\/art_log-webcam20brio20stream20bk_1.jpg?fit=448%2C448&ssl=1\",\"width\":448,\"height\":448},{\"@type\":\"BreadcrumbList\",\"@id\":\"https:\\\/\\\/www.pcmadrid.es\\\/tienda\\\/producto\\\/webcam-logitech-brio-stream-ultrahd-4k\\\/#breadcrumb\",\"itemListElement\":[{\"@type\":\"ListItem\",\"position\":1,\"name\":\"Portada\",\"item\":\"https:\\\/\\\/www.pcmadrid.es\\\/tienda\\\/\"},{\"@type\":\"ListItem\",\"position\":2,\"name\":\"Todos los productos\",\"item\":\"https:\\\/\\\/www.pcmadrid.es\\\/tienda\\\/todos-los-productos\\\/\"},{\"@type\":\"ListItem\",\"position\":3,\"name\":\"Webcam Logitech Br\u00edo Stream (UltraHD 4K, HDR, Enfoque Autom\u00e1tico)\"}]},{\"@type\":\"WebSite\",\"@id\":\"https:\\\/\\\/www.pcmadrid.es\\\/tienda\\\/#website\",\"url\":\"https:\\\/\\\/www.pcmadrid.es\\\/tienda\\\/\",\"name\":\"Tienda PCMADRID\",\"description\":\"Venta y reparaciones de ordenadores\",\"publisher\":{\"@id\":\"https:\\\/\\\/www.pcmadrid.es\\\/tienda\\\/#organization\"},\"potentialAction\":[{\"@type\":\"SearchAction\",\"target\":{\"@type\":\"EntryPoint\",\"urlTemplate\":\"https:\\\/\\\/www.pcmadrid.es\\\/tienda\\\/?s={search_term_string}\"},\"query-input\":{\"@type\":\"PropertyValueSpecification\",\"valueRequired\":true,\"valueName\":\"search_term_string\"}}],\"inLanguage\":\"es\"},{\"@type\":\"Organization\",\"@id\":\"https:\\\/\\\/www.pcmadrid.es\\\/tienda\\\/#organization\",\"name\":\"PCMADRID\",\"url\":\"https:\\\/\\\/www.pcmadrid.es\\\/tienda\\\/\",\"logo\":{\"@type\":\"ImageObject\",\"inLanguage\":\"es\",\"@id\":\"https:\\\/\\\/www.pcmadrid.es\\\/tienda\\\/#\\\/schema\\\/logo\\\/image\\\/\",\"url\":\"https:\\\/\\\/www.pcmadrid.es\\\/tienda\\\/wp-content\\\/uploads\\\/2019\\\/10\\\/pcmadridlogo..png\",\"contentUrl\":\"https:\\\/\\\/www.pcmadrid.es\\\/tienda\\\/wp-content\\\/uploads\\\/2019\\\/10\\\/pcmadridlogo..png\",\"width\":750,\"height\":300,\"caption\":\"PCMADRID\"},\"image\":{\"@id\":\"https:\\\/\\\/www.pcmadrid.es\\\/tienda\\\/#\\\/schema\\\/logo\\\/image\\\/\"},\"sameAs\":[\"https:\\\/\\\/www.facebook.com\\\/pcmadridinformatica\",\"https:\\\/\\\/x.com\\\/pc_madrid\",\"https:\\\/\\\/www.youtube.com\\\/channel\\\/UCIbQq9k6BBrU5x2wqDIHr7A\",\"https:\\\/\\\/www.instagram.com\\\/pcmadrid_informatica\\\/?hl=es\",\"https:\\\/\\\/www.linkedin.com\\\/company\\\/9348326\\\/admin\\\/\",\"https:\\\/\\\/www.pinterest.es\\\/pcmadrid_informatica\\\/\"]}]}<\/script>\n<!-- \/ Yoast SEO plugin. -->","yoast_head_json":{"title":"Webcam Logitech Br\u00edo Stream (UltraHD 4K, HDR, Enfoque Autom\u00e1tico) | Tienda PCMADRID","description":"Webcam Logitech Br\u00edo Stream UltraHD 4K con HDR , tecnolog\u00eda RightLight 3, 2 micr\u00f3fonos,, zoom digital 5x, garantiza audio e imagenes impecables.","robots":{"index":"index","follow":"follow","max-snippet":"max-snippet:-1","max-image-preview":"max-image-preview:large","max-video-preview":"max-video-preview:-1"},"canonical":"https:\/\/www.pcmadrid.es\/tienda\/producto\/webcam-logitech-brio-stream-ultrahd-4k\/","twitter_misc":{"Tiempo de lectura":"6 minutos"},"schema":{"@context":"https:\/\/schema.org","@graph":[{"@type":"WebPage","@id":"https:\/\/www.pcmadrid.es\/tienda\/producto\/webcam-logitech-brio-stream-ultrahd-4k\/","url":"https:\/\/www.pcmadrid.es\/tienda\/producto\/webcam-logitech-brio-stream-ultrahd-4k\/","name":"Webcam Logitech Br\u00edo Stream (UltraHD 4K, HDR, Enfoque Autom\u00e1tico) | Tienda PCMADRID","isPartOf":{"@id":"https:\/\/www.pcmadrid.es\/tienda\/#website"},"primaryImageOfPage":{"@id":"https:\/\/www.pcmadrid.es\/tienda\/producto\/webcam-logitech-brio-stream-ultrahd-4k\/#primaryimage"},"image":{"@id":"https:\/\/www.pcmadrid.es\/tienda\/producto\/webcam-logitech-brio-stream-ultrahd-4k\/#primaryimage"},"thumbnailUrl":"https:\/\/i0.wp.com\/www.pcmadrid.es\/tienda\/wp-content\/uploads\/2024\/05\/art_log-webcam20brio20stream20bk_1.jpg?fit=448%2C448&ssl=1","datePublished":"2024-05-20T14:03:53+00:00","dateModified":"2025-06-23T11:59:12+00:00","description":"Webcam Logitech Br\u00edo Stream UltraHD 4K con HDR , tecnolog\u00eda RightLight 3, 2 micr\u00f3fonos,, zoom digital 5x, garantiza audio e imagenes impecables.","breadcrumb":{"@id":"https:\/\/www.pcmadrid.es\/tienda\/producto\/webcam-logitech-brio-stream-ultrahd-4k\/#breadcrumb"},"inLanguage":"es","potentialAction":[{"@type":"ReadAction","target":["https:\/\/www.pcmadrid.es\/tienda\/producto\/webcam-logitech-brio-stream-ultrahd-4k\/"]}]},{"@type":"ImageObject","inLanguage":"es","@id":"https:\/\/www.pcmadrid.es\/tienda\/producto\/webcam-logitech-brio-stream-ultrahd-4k\/#primaryimage","url":"https:\/\/i0.wp.com\/www.pcmadrid.es\/tienda\/wp-content\/uploads\/2024\/05\/art_log-webcam20brio20stream20bk_1.jpg?fit=448%2C448&ssl=1","contentUrl":"https:\/\/i0.wp.com\/www.pcmadrid.es\/tienda\/wp-content\/uploads\/2024\/05\/art_log-webcam20brio20stream20bk_1.jpg?fit=448%2C448&ssl=1","width":448,"height":448},{"@type":"BreadcrumbList","@id":"https:\/\/www.pcmadrid.es\/tienda\/producto\/webcam-logitech-brio-stream-ultrahd-4k\/#breadcrumb","itemListElement":[{"@type":"ListItem","position":1,"name":"Portada","item":"https:\/\/www.pcmadrid.es\/tienda\/"},{"@type":"ListItem","position":2,"name":"Todos los productos","item":"https:\/\/www.pcmadrid.es\/tienda\/todos-los-productos\/"},{"@type":"ListItem","position":3,"name":"Webcam Logitech Br\u00edo Stream (UltraHD 4K, HDR, Enfoque Autom\u00e1tico)"}]},{"@type":"WebSite","@id":"https:\/\/www.pcmadrid.es\/tienda\/#website","url":"https:\/\/www.pcmadrid.es\/tienda\/","name":"Tienda PCMADRID","description":"Venta y reparaciones de ordenadores","publisher":{"@id":"https:\/\/www.pcmadrid.es\/tienda\/#organization"},"potentialAction":[{"@type":"SearchAction","target":{"@type":"EntryPoint","urlTemplate":"https:\/\/www.pcmadrid.es\/tienda\/?s={search_term_string}"},"query-input":{"@type":"PropertyValueSpecification","valueRequired":true,"valueName":"search_term_string"}}],"inLanguage":"es"},{"@type":"Organization","@id":"https:\/\/www.pcmadrid.es\/tienda\/#organization","name":"PCMADRID","url":"https:\/\/www.pcmadrid.es\/tienda\/","logo":{"@type":"ImageObject","inLanguage":"es","@id":"https:\/\/www.pcmadrid.es\/tienda\/#\/schema\/logo\/image\/","url":"https:\/\/www.pcmadrid.es\/tienda\/wp-content\/uploads\/2019\/10\/pcmadridlogo..png","contentUrl":"https:\/\/www.pcmadrid.es\/tienda\/wp-content\/uploads\/2019\/10\/pcmadridlogo..png","width":750,"height":300,"caption":"PCMADRID"},"image":{"@id":"https:\/\/www.pcmadrid.es\/tienda\/#\/schema\/logo\/image\/"},"sameAs":["https:\/\/www.facebook.com\/pcmadridinformatica","https:\/\/x.com\/pc_madrid","https:\/\/www.youtube.com\/channel\/UCIbQq9k6BBrU5x2wqDIHr7A","https:\/\/www.instagram.com\/pcmadrid_informatica\/?hl=es","https:\/\/www.linkedin.com\/company\/9348326\/admin\/","https:\/\/www.pinterest.es\/pcmadrid_informatica\/"]}]}},"jetpack_sharing_enabled":true,"_links":{"self":[{"href":"https:\/\/www.pcmadrid.es\/tienda\/wp-json\/wp\/v2\/product\/12898","targetHints":{"allow":["GET"]}}],"collection":[{"href":"https:\/\/www.pcmadrid.es\/tienda\/wp-json\/wp\/v2\/product"}],"about":[{"href":"https:\/\/www.pcmadrid.es\/tienda\/wp-json\/wp\/v2\/types\/product"}],"replies":[{"embeddable":true,"href":"https:\/\/www.pcmadrid.es\/tienda\/wp-json\/wp\/v2\/comments?post=12898"}],"wp:featuredmedia":[{"embeddable":true,"href":"https:\/\/www.pcmadrid.es\/tienda\/wp-json\/wp\/v2\/media\/12897"}],"wp:attachment":[{"href":"https:\/\/www.pcmadrid.es\/tienda\/wp-json\/wp\/v2\/media?parent=12898"}],"wp:term":[{"taxonomy":"product_brand","embeddable":true,"href":"https:\/\/www.pcmadrid.es\/tienda\/wp-json\/wp\/v2\/product_brand?post=12898"},{"taxonomy":"product_cat","embeddable":true,"href":"https:\/\/www.pcmadrid.es\/tienda\/wp-json\/wp\/v2\/product_cat?post=12898"},{"taxonomy":"product_tag","embeddable":true,"href":"https:\/\/www.pcmadrid.es\/tienda\/wp-json\/wp\/v2\/product_tag?post=12898"}],"curies":[{"name":"wp","href":"https:\/\/api.w.org\/{rel}","templated":true}]}}