{"id":12900,"date":"2024-05-20T16:03:54","date_gmt":"2024-05-20T14:03:54","guid":{"rendered":"https:\/\/www.pcmadrid.es\/tienda\/producto\/webcam-logitech-c505-720p-hd\/"},"modified":"2025-05-09T10:50:20","modified_gmt":"2025-05-09T08:50:20","slug":"webcam-logitech-c505-de-largo-lcance","status":"publish","type":"product","link":"https:\/\/www.pcmadrid.es\/tienda\/producto\/webcam-logitech-c505-de-largo-lcance\/","title":{"rendered":"Webcam Logitech HD C505 (720 HD, Largo Alcance)"},"content":{"rendered":"<h2 style=\"text-align: center\"><span style=\"color: #99cc00\">Webcam Logitech HD C505 (720 HD, Largo Alcance)<\/span><\/h2>\n<p>&nbsp;<\/p>\n<h3 style=\"text-align: center\">Conversaciones claras hasta a 3 metros de distanciaide con campo de visi\u00f3n optimizado para espacios reducidos<\/h3>\n<div class=\"product-info-desktop\">\n<div class=\"price-reviews-ctn\">\n<div class=\"reviews-ctn\">\n<div class=\"reviews js-product-reviews\">\n<div class=\"yotpo bottomLine\" data-product-id=\"c505-hd-webcam\" data-overridden-product-path=\"\/es-es\/products\/webcams\/c505-hd-webcam.html#buy-c505-hd-webcam\">\n<p style=\"text-align: justify\">La Webcam <span style=\"color: #99cc00\"><strong><a style=\"color: #99cc00\" href=\"https:\/\/www.logitech.com\/es-es\/products\/webcams\/c505-hd-webcam.960-001364.html?\">Logitech HD C505<\/a><\/strong><\/span> Largo Alcance es ideal para quienes necesitan simplicidad y calidad en sus videollamadas. Su resoluci\u00f3n HD 720p y su enfoque fijo garantizan una experiencia visual fluida, mientras que el micr\u00f3fono omnidireccional de largo alcance reduce ruidos y captura tu voz claramente hasta a 3 metros. Con un cable USB-A de 2 metros y un clip universal, puedes montarla en cualquier lugar, desde tu monitor hasta una estanter\u00eda. Compatible con Windows, macOS y Chrome OS, es una soluci\u00f3n pr\u00e1ctica y asequible para videollamadas de calidad.<\/p>\n<\/div>\n<\/div>\n<\/div>\n<\/div>\n<\/div>\n<p style=\"text-align: justify;padding-left: 40px\"><strong>Una webcam con amplio alcance<\/strong>: La Webcam <span style=\"color: #99cc00\"><strong><a style=\"color: #99cc00\" href=\"https:\/\/www.logitech.com\/es-es\/products\/webcams\/c505-hd-webcam.960-001364.html?\">Logitech HD C505<\/a><\/strong><\/span> de Largo Alcance es una c\u00e1mara web con video HD 720p y un micr\u00f3fono de largo alcance que admite conversaciones claras y naturales hasta a 3 metros de distancia. Adem\u00e1s, un cable USB-A extralargo de 2 m proporciona opciones de montaje excepcionalmente vers\u00e1tiles.<\/p>\n<p style=\"text-align: justify;padding-left: 40px\"><strong>Video de pantalla ancha HD 720p<\/strong>: Avance desde la \u00f3ptica incorporada para computadora port\u00e1til con una c\u00e1mara web que brinda una calidad de video n\u00edtida, fluida y colorida con una resoluci\u00f3n de pantalla ancha HD de 720p \/ 30 fps. C505e proporciona un campo de visi\u00f3n diagonal de 60\u00b0, enfoque fijo y correcci\u00f3n de luz autom\u00e1tica que se ajusta a la iluminaci\u00f3n de su espacio para reuniones.<\/p>\n<p style=\"text-align: justify;padding-left: 40px\"><strong>Audio claro y natural<\/strong>: El micr\u00f3fono omnidireccional \u00fanico cuenta con tecnolog\u00eda de reducci\u00f3n de ruido y est\u00e1 dise\u00f1ado para admitir conversaciones claras y naturales a una distancia de hasta 3 metros, incluso en entornos concurridos como espacios de trabajo abiertos y aulas.<\/p>\n<p style=\"text-align: justify;padding-left: 40px\"><strong>El cable de 2m extiende las opciones de configuraci\u00f3n<\/strong>: Con su cable USB-A extralargo de 2 m y el clip universal, C505e ofrece una amplia gama de posibilidades de montaje vers\u00e1tiles. Vaya a lo tradicional y col\u00f3quelo de forma segura en una computadora port\u00e1til o una pantalla externa, o sea creativo y m\u00f3ntelo en un estante o accesorio hasta 2 m de distancia de su ordenador.<\/p>\n<h3>Caracter\u00edsticas Webcam empresarial Logitech HD C505<\/h3>\n<ul>\n<li><strong>Resoluci\u00f3n y fotogramas por segundo<\/strong>: HD 720p a 30 fps para im\u00e1genes claras y naturales en videollamadas y reuniones.<\/li>\n<li><strong>Tipo de lente<\/strong>: Pl\u00e1stico, dise\u00f1ada para un equilibrio perfecto entre portabilidad y calidad.<\/li>\n<li><strong>Tipo de enfoque<\/strong>: Fijo, ideal para usuarios que trabajan en espacios est\u00e1ticos.<\/li>\n<li><strong>Multimedia<\/strong>: Micr\u00f3fono mono omnidireccional que captura audio natural hasta a 3 metros, incluso en entornos ruidosos.<\/li>\n<li><strong>Conectividad<\/strong>: Cable USB-A de 2 metros, compatible con sistemas operativos populares sin necesidad de controladores adicionales.<\/li>\n<li><strong>Compatibilidad<\/strong>: Funciona con plataformas de llamadas populares en Windows, macOS y Chrome OS, lo que la hace perfecta para entornos multitarea.<\/li>\n<\/ul>\n<h3>Especificaciones T\u00e9cnicas del Producto<\/h3>\n<table style=\"width: 100%;border-collapse: collapse\" border=\"1\">\n<thead>\n<tr>\n<th style=\"background-color: #f0f0f0;text-align: left;padding-left: 20px\" colspan=\"2\"><span style=\"font-size: 14pt\"><strong>Especificaciones t\u00e9cnicas<\/strong><\/span><\/th>\n<\/tr>\n<\/thead>\n<tbody>\n<tr>\n<td style=\"padding-left: 20px\">Resoluci\u00f3n m\u00e1xima<\/td>\n<td style=\"padding-left: 20px;padding-right: 5px\">720p \/ 30fps<\/td>\n<\/tr>\n<tr>\n<td style=\"padding-left: 20px\">Tipo de enfoque<\/td>\n<td style=\"padding-left: 20px;padding-right: 5px\">Fijo<\/td>\n<\/tr>\n<tr>\n<td style=\"padding-left: 20px\">Tipo de lente<\/td>\n<td style=\"padding-left: 20px;padding-right: 5px\">Pl\u00e1stico<\/td>\n<\/tr>\n<tr>\n<td style=\"padding-left: 20px\">Resoluci\u00f3n c\u00e1mara<\/td>\n<td style=\"padding-left: 20px;padding-right: 5px\">1.2 megap\u00edxeles<\/td>\n<\/tr>\n<tr>\n<td style=\"padding-left: 20px\">Micr\u00f3fono integrado<\/td>\n<td style=\"padding-left: 20px;padding-right: 5px\">1 omnidireccional mono est\u00e9reo con cancelaci\u00f3n de ruido y captaci\u00f3n de largo alcance. Rango del micr\u00f3fono: Hasta 2.74 m<\/td>\n<\/tr>\n<tr>\n<td style=\"padding-left: 20px\">Campo de visi\u00f3n diagonal (dFoV)<\/td>\n<td style=\"padding-left: 20px;padding-right: 5px\">60\u00b0<\/td>\n<\/tr>\n<tr>\n<td style=\"padding-left: 20px\">Correcci\u00f3n de iluminaci\u00f3n<\/td>\n<td style=\"padding-left: 20px;padding-right: 5px\">Autom\u00e1tica con Tecnolog\u00eda <span style=\"color: #99cc00\"><strong><a style=\"color: #99cc00\" href=\"https:\/\/download01.logitech.com\/web\/ftp\/pub\/pdf\/cameras\/rightLight2_innovation_brief_enu.pdf\">RightLight\u2122 2 de Logitech<\/a><\/strong><\/span> para nitidez en distintas condiciones de iluminaci\u00f3n, incluso con luz escasa<\/td>\n<\/tr>\n<tr>\n<td style=\"padding-left: 20px\">Clip de montaje universal<\/td>\n<td style=\"padding-left: 20px;padding-right: 5px\">Se adapta a computadoras port\u00e1tiles, LCD o monitores<\/td>\n<\/tr>\n<tr>\n<th style=\"background-color: #f0f0f0;text-align: left;padding-left: 20px\" colspan=\"2\"><span style=\"font-size: 14pt\"><strong>Dimensiones<\/strong><\/span><\/th>\n<\/tr>\n<tr>\n<td style=\"padding-left: 20px\">Dimensiones incluyendo clip de montaje fijo<\/td>\n<td style=\"padding-left: 20px;padding-right: 5px\">Altura: 31,91 mm, Ancho: 72,91 mm, Profundidad: 66,64 mm<\/td>\n<\/tr>\n<tr>\n<td style=\"padding-left: 20px\">Longitud del cable<\/td>\n<td style=\"padding-left: 20px;padding-right: 5px\">2 mts<\/td>\n<\/tr>\n<tr>\n<td style=\"padding-left: 20px\">Peso<\/td>\n<td style=\"padding-left: 20px;padding-right: 5px\">75 g<\/td>\n<\/tr>\n<tr>\n<th style=\"background-color: #f0f0f0;text-align: left;padding-left: 20px\" colspan=\"2\"><span style=\"font-size: 14pt\"><strong>Requisitos del sistema<\/strong><\/span><\/th>\n<\/tr>\n<tr>\n<td style=\"padding-left: 20px\">Compatibilidad<\/td>\n<td style=\"padding-left: 20px;padding-right: 5px\">Windows\u00ae 7 o posterior, macOS 10.10 o posterior, Chrome OS\u2122<\/td>\n<\/tr>\n<tr>\n<td style=\"padding-left: 20px\">Puerto<\/td>\n<td style=\"padding-left: 20px;padding-right: 5px\">USB-A<\/td>\n<\/tr>\n<tr>\n<td style=\"padding-left: 20px\">Compatibilidad con plataformas<\/td>\n<td style=\"padding-left: 20px;padding-right: 5px\">Funciona con plataformas de llamadas populares<\/td>\n<\/tr>\n<tr>\n<th style=\"background-color: #f0f0f0;text-align: left;padding-left: 20px\" colspan=\"2\"><span style=\"font-size: 14pt\"><strong>Contenidos del paquete<\/strong><\/span><\/th>\n<\/tr>\n<tr>\n<td style=\"padding-left: 20px\">Contenido<\/td>\n<td style=\"padding-left: 20px;padding-right: 5px\">C\u00e1mara web con cable USB-A de 2 mts, Documentaci\u00f3n del usuario<\/td>\n<\/tr>\n<\/tbody>\n<\/table>\n<h3><span style=\"color: #99cc00\">Garant\u00eda y soporte: Seguridad para tus necesidades<\/span><\/h3>\n<p>Incluye una garant\u00eda de 3 a\u00f1os para asegurar que tu inversi\u00f3n est\u00e9 protegida. Adem\u00e1s, ofrecemos <a href=\"https:\/\/www.pcmadrid.es\/tienda\/categoria-producto\/reparaciones\/\"><span style=\"color: #99cc00\">soporte t\u00e9cnico especializado<\/span><\/a> para garantizar el \u00f3ptimo funcionamiento de tu equipo.<\/p>\n","protected":false},"excerpt":{"rendered":"<p style=\"text-align: justify\">Webcam Logitech C505 de Largo Alcance es una c\u00e1mara web HD 720p con un micr\u00f3fono omnidireccional que garantiza audio claro y natural hasta a 3 metros de distancia. Su cable USB-A extralargo de 2 metros y su clip universal ofrecen versatilidad en montaje para cualquier espacio de trabajo.<\/p>\n","protected":false},"featured_media":12899,"comment_status":"open","ping_status":"closed","template":"","meta":{"_et_pb_use_builder":"","_et_pb_old_content":"","_et_gb_content_width":""},"product_brand":[],"product_cat":[65,529],"product_tag":[],"class_list":{"0":"post-12900","1":"product","2":"type-product","3":"status-publish","4":"has-post-thumbnail","6":"product_cat-todos","7":"product_cat-webcams","9":"first","10":"outofstock","11":"taxable","12":"shipping-taxable","13":"purchasable","14":"product-type-simple"},"yoast_head":"<!-- This site is optimized with the Yoast SEO plugin v26.5 - https:\/\/yoast.com\/wordpress\/plugins\/seo\/ -->\n<title>Webcam Logitech HD C505 (720 HD, Largo Alcance) | Tienda PCMADRID<\/title>\n<meta name=\"description\" content=\"Webcam Logitech C505 de Largo Alcance HD 720p con un micr\u00f3fono omnidireccional que garantiza audio claro y natural hasta a 3 metros de distancia.\" \/>\n<meta name=\"robots\" content=\"index, follow, max-snippet:-1, max-image-preview:large, max-video-preview:-1\" \/>\n<link rel=\"canonical\" href=\"https:\/\/www.pcmadrid.es\/tienda\/producto\/webcam-logitech-c505-de-largo-lcance\/\" \/>\n<meta name=\"twitter:label1\" content=\"Tiempo de lectura\" \/>\n\t<meta name=\"twitter:data1\" content=\"4 minutos\" \/>\n<script type=\"application\/ld+json\" class=\"yoast-schema-graph\">{\"@context\":\"https:\/\/schema.org\",\"@graph\":[{\"@type\":\"WebPage\",\"@id\":\"https:\/\/www.pcmadrid.es\/tienda\/producto\/webcam-logitech-c505-de-largo-lcance\/\",\"url\":\"https:\/\/www.pcmadrid.es\/tienda\/producto\/webcam-logitech-c505-de-largo-lcance\/\",\"name\":\"Webcam Logitech HD C505 (720 HD, Largo Alcance) | Tienda PCMADRID\",\"isPartOf\":{\"@id\":\"https:\/\/www.pcmadrid.es\/tienda\/#website\"},\"primaryImageOfPage\":{\"@id\":\"https:\/\/www.pcmadrid.es\/tienda\/producto\/webcam-logitech-c505-de-largo-lcance\/#primaryimage\"},\"image\":{\"@id\":\"https:\/\/www.pcmadrid.es\/tienda\/producto\/webcam-logitech-c505-de-largo-lcance\/#primaryimage\"},\"thumbnailUrl\":\"https:\/\/i0.wp.com\/www.pcmadrid.es\/tienda\/wp-content\/uploads\/2024\/05\/art_log-webcam20c505_1.jpg?fit=448%2C448&ssl=1\",\"datePublished\":\"2024-05-20T14:03:54+00:00\",\"dateModified\":\"2025-05-09T08:50:20+00:00\",\"description\":\"Webcam Logitech C505 de Largo Alcance HD 720p con un micr\u00f3fono omnidireccional que garantiza audio claro y natural hasta a 3 metros de distancia.\",\"breadcrumb\":{\"@id\":\"https:\/\/www.pcmadrid.es\/tienda\/producto\/webcam-logitech-c505-de-largo-lcance\/#breadcrumb\"},\"inLanguage\":\"es\",\"potentialAction\":[{\"@type\":\"ReadAction\",\"target\":[\"https:\/\/www.pcmadrid.es\/tienda\/producto\/webcam-logitech-c505-de-largo-lcance\/\"]}]},{\"@type\":\"ImageObject\",\"inLanguage\":\"es\",\"@id\":\"https:\/\/www.pcmadrid.es\/tienda\/producto\/webcam-logitech-c505-de-largo-lcance\/#primaryimage\",\"url\":\"https:\/\/i0.wp.com\/www.pcmadrid.es\/tienda\/wp-content\/uploads\/2024\/05\/art_log-webcam20c505_1.jpg?fit=448%2C448&ssl=1\",\"contentUrl\":\"https:\/\/i0.wp.com\/www.pcmadrid.es\/tienda\/wp-content\/uploads\/2024\/05\/art_log-webcam20c505_1.jpg?fit=448%2C448&ssl=1\",\"width\":448,\"height\":448},{\"@type\":\"BreadcrumbList\",\"@id\":\"https:\/\/www.pcmadrid.es\/tienda\/producto\/webcam-logitech-c505-de-largo-lcance\/#breadcrumb\",\"itemListElement\":[{\"@type\":\"ListItem\",\"position\":1,\"name\":\"Portada\",\"item\":\"https:\/\/www.pcmadrid.es\/tienda\/\"},{\"@type\":\"ListItem\",\"position\":2,\"name\":\"Todos los productos\",\"item\":\"https:\/\/www.pcmadrid.es\/tienda\/todos-los-productos\/\"},{\"@type\":\"ListItem\",\"position\":3,\"name\":\"Webcam Logitech HD C505 (720 HD, Largo Alcance)\"}]},{\"@type\":\"WebSite\",\"@id\":\"https:\/\/www.pcmadrid.es\/tienda\/#website\",\"url\":\"https:\/\/www.pcmadrid.es\/tienda\/\",\"name\":\"Tienda PCMADRID\",\"description\":\"Venta y reparaciones de ordenadores\",\"publisher\":{\"@id\":\"https:\/\/www.pcmadrid.es\/tienda\/#organization\"},\"potentialAction\":[{\"@type\":\"SearchAction\",\"target\":{\"@type\":\"EntryPoint\",\"urlTemplate\":\"https:\/\/www.pcmadrid.es\/tienda\/?s={search_term_string}\"},\"query-input\":{\"@type\":\"PropertyValueSpecification\",\"valueRequired\":true,\"valueName\":\"search_term_string\"}}],\"inLanguage\":\"es\"},{\"@type\":\"Organization\",\"@id\":\"https:\/\/www.pcmadrid.es\/tienda\/#organization\",\"name\":\"PCMADRID\",\"url\":\"https:\/\/www.pcmadrid.es\/tienda\/\",\"logo\":{\"@type\":\"ImageObject\",\"inLanguage\":\"es\",\"@id\":\"https:\/\/www.pcmadrid.es\/tienda\/#\/schema\/logo\/image\/\",\"url\":\"https:\/\/i0.wp.com\/www.pcmadrid.es\/tienda\/wp-content\/uploads\/2019\/10\/pcmadridlogo..png?fit=750%2C300&ssl=1\",\"contentUrl\":\"https:\/\/i0.wp.com\/www.pcmadrid.es\/tienda\/wp-content\/uploads\/2019\/10\/pcmadridlogo..png?fit=750%2C300&ssl=1\",\"width\":750,\"height\":300,\"caption\":\"PCMADRID\"},\"image\":{\"@id\":\"https:\/\/www.pcmadrid.es\/tienda\/#\/schema\/logo\/image\/\"},\"sameAs\":[\"https:\/\/www.facebook.com\/pcmadridinformatica\",\"https:\/\/x.com\/pc_madrid\",\"https:\/\/www.youtube.com\/channel\/UCIbQq9k6BBrU5x2wqDIHr7A\",\"https:\/\/www.instagram.com\/pcmadrid_informatica\/?hl=es\",\"https:\/\/www.linkedin.com\/company\/9348326\/admin\/\",\"https:\/\/www.pinterest.es\/pcmadrid_informatica\/\"]}]}<\/script>\n<!-- \/ Yoast SEO plugin. -->","yoast_head_json":{"title":"Webcam Logitech HD C505 (720 HD, Largo Alcance) | Tienda PCMADRID","description":"Webcam Logitech C505 de Largo Alcance HD 720p con un micr\u00f3fono omnidireccional que garantiza audio claro y natural hasta a 3 metros de distancia.","robots":{"index":"index","follow":"follow","max-snippet":"max-snippet:-1","max-image-preview":"max-image-preview:large","max-video-preview":"max-video-preview:-1"},"canonical":"https:\/\/www.pcmadrid.es\/tienda\/producto\/webcam-logitech-c505-de-largo-lcance\/","twitter_misc":{"Tiempo de lectura":"4 minutos"},"schema":{"@context":"https:\/\/schema.org","@graph":[{"@type":"WebPage","@id":"https:\/\/www.pcmadrid.es\/tienda\/producto\/webcam-logitech-c505-de-largo-lcance\/","url":"https:\/\/www.pcmadrid.es\/tienda\/producto\/webcam-logitech-c505-de-largo-lcance\/","name":"Webcam Logitech HD C505 (720 HD, Largo Alcance) | Tienda PCMADRID","isPartOf":{"@id":"https:\/\/www.pcmadrid.es\/tienda\/#website"},"primaryImageOfPage":{"@id":"https:\/\/www.pcmadrid.es\/tienda\/producto\/webcam-logitech-c505-de-largo-lcance\/#primaryimage"},"image":{"@id":"https:\/\/www.pcmadrid.es\/tienda\/producto\/webcam-logitech-c505-de-largo-lcance\/#primaryimage"},"thumbnailUrl":"https:\/\/i0.wp.com\/www.pcmadrid.es\/tienda\/wp-content\/uploads\/2024\/05\/art_log-webcam20c505_1.jpg?fit=448%2C448&ssl=1","datePublished":"2024-05-20T14:03:54+00:00","dateModified":"2025-05-09T08:50:20+00:00","description":"Webcam Logitech C505 de Largo Alcance HD 720p con un micr\u00f3fono omnidireccional que garantiza audio claro y natural hasta a 3 metros de distancia.","breadcrumb":{"@id":"https:\/\/www.pcmadrid.es\/tienda\/producto\/webcam-logitech-c505-de-largo-lcance\/#breadcrumb"},"inLanguage":"es","potentialAction":[{"@type":"ReadAction","target":["https:\/\/www.pcmadrid.es\/tienda\/producto\/webcam-logitech-c505-de-largo-lcance\/"]}]},{"@type":"ImageObject","inLanguage":"es","@id":"https:\/\/www.pcmadrid.es\/tienda\/producto\/webcam-logitech-c505-de-largo-lcance\/#primaryimage","url":"https:\/\/i0.wp.com\/www.pcmadrid.es\/tienda\/wp-content\/uploads\/2024\/05\/art_log-webcam20c505_1.jpg?fit=448%2C448&ssl=1","contentUrl":"https:\/\/i0.wp.com\/www.pcmadrid.es\/tienda\/wp-content\/uploads\/2024\/05\/art_log-webcam20c505_1.jpg?fit=448%2C448&ssl=1","width":448,"height":448},{"@type":"BreadcrumbList","@id":"https:\/\/www.pcmadrid.es\/tienda\/producto\/webcam-logitech-c505-de-largo-lcance\/#breadcrumb","itemListElement":[{"@type":"ListItem","position":1,"name":"Portada","item":"https:\/\/www.pcmadrid.es\/tienda\/"},{"@type":"ListItem","position":2,"name":"Todos los productos","item":"https:\/\/www.pcmadrid.es\/tienda\/todos-los-productos\/"},{"@type":"ListItem","position":3,"name":"Webcam Logitech HD C505 (720 HD, Largo Alcance)"}]},{"@type":"WebSite","@id":"https:\/\/www.pcmadrid.es\/tienda\/#website","url":"https:\/\/www.pcmadrid.es\/tienda\/","name":"Tienda PCMADRID","description":"Venta y reparaciones de ordenadores","publisher":{"@id":"https:\/\/www.pcmadrid.es\/tienda\/#organization"},"potentialAction":[{"@type":"SearchAction","target":{"@type":"EntryPoint","urlTemplate":"https:\/\/www.pcmadrid.es\/tienda\/?s={search_term_string}"},"query-input":{"@type":"PropertyValueSpecification","valueRequired":true,"valueName":"search_term_string"}}],"inLanguage":"es"},{"@type":"Organization","@id":"https:\/\/www.pcmadrid.es\/tienda\/#organization","name":"PCMADRID","url":"https:\/\/www.pcmadrid.es\/tienda\/","logo":{"@type":"ImageObject","inLanguage":"es","@id":"https:\/\/www.pcmadrid.es\/tienda\/#\/schema\/logo\/image\/","url":"https:\/\/i0.wp.com\/www.pcmadrid.es\/tienda\/wp-content\/uploads\/2019\/10\/pcmadridlogo..png?fit=750%2C300&ssl=1","contentUrl":"https:\/\/i0.wp.com\/www.pcmadrid.es\/tienda\/wp-content\/uploads\/2019\/10\/pcmadridlogo..png?fit=750%2C300&ssl=1","width":750,"height":300,"caption":"PCMADRID"},"image":{"@id":"https:\/\/www.pcmadrid.es\/tienda\/#\/schema\/logo\/image\/"},"sameAs":["https:\/\/www.facebook.com\/pcmadridinformatica","https:\/\/x.com\/pc_madrid","https:\/\/www.youtube.com\/channel\/UCIbQq9k6BBrU5x2wqDIHr7A","https:\/\/www.instagram.com\/pcmadrid_informatica\/?hl=es","https:\/\/www.linkedin.com\/company\/9348326\/admin\/","https:\/\/www.pinterest.es\/pcmadrid_informatica\/"]}]}},"jetpack_sharing_enabled":true,"_links":{"self":[{"href":"https:\/\/www.pcmadrid.es\/tienda\/wp-json\/wp\/v2\/product\/12900","targetHints":{"allow":["GET"]}}],"collection":[{"href":"https:\/\/www.pcmadrid.es\/tienda\/wp-json\/wp\/v2\/product"}],"about":[{"href":"https:\/\/www.pcmadrid.es\/tienda\/wp-json\/wp\/v2\/types\/product"}],"replies":[{"embeddable":true,"href":"https:\/\/www.pcmadrid.es\/tienda\/wp-json\/wp\/v2\/comments?post=12900"}],"wp:featuredmedia":[{"embeddable":true,"href":"https:\/\/www.pcmadrid.es\/tienda\/wp-json\/wp\/v2\/media\/12899"}],"wp:attachment":[{"href":"https:\/\/www.pcmadrid.es\/tienda\/wp-json\/wp\/v2\/media?parent=12900"}],"wp:term":[{"taxonomy":"product_brand","embeddable":true,"href":"https:\/\/www.pcmadrid.es\/tienda\/wp-json\/wp\/v2\/product_brand?post=12900"},{"taxonomy":"product_cat","embeddable":true,"href":"https:\/\/www.pcmadrid.es\/tienda\/wp-json\/wp\/v2\/product_cat?post=12900"},{"taxonomy":"product_tag","embeddable":true,"href":"https:\/\/www.pcmadrid.es\/tienda\/wp-json\/wp\/v2\/product_tag?post=12900"}],"curies":[{"name":"wp","href":"https:\/\/api.w.org\/{rel}","templated":true}]}}