{"id":12902,"date":"2024-05-20T16:03:55","date_gmt":"2024-05-20T14:03:55","guid":{"rendered":"https:\/\/www.pcmadrid.es\/tienda\/producto\/webcam-logitech-c920e-enfoque-automatico-1920-x-1080-full-hd\/"},"modified":"2025-06-23T13:59:12","modified_gmt":"2025-06-23T11:59:12","slug":"webcam-empresarial-logitech-c920e","status":"publish","type":"product","link":"https:\/\/www.pcmadrid.es\/tienda\/producto\/webcam-empresarial-logitech-c920e\/","title":{"rendered":"Webcam empresarial Logitech C920e (1080 Full HD, Enfoque Autom\u00e1tico)"},"content":{"rendered":"<p>&nbsp;<\/p>\n<h2 style=\"text-align: center\"><span style=\"color: #99cc00\">Webcam empresarial Logitech C920e (1080 Full HD, Enfoque Autom\u00e1tico)<\/span><\/h2>\n<p>&nbsp;<\/p>\n<h3 style=\"text-align: center\">Videollamadas profesionales con claridad Full HD con privacidad y enfoque autom\u00e1tico y ajuste de iluminaci\u00f3n<\/h3>\n<p style=\"text-align: justify\">La Webcam empresarial <span style=\"color: #99cc00\"><strong><a style=\"color: #99cc00\" href=\"https:\/\/www.logitech.com\/es-es\/products\/webcams\/c920e-business-webcam.960-001360.html\">Logitech C920e<\/a><\/strong><\/span> es una c\u00e1mara web profesional HD 1080p, dise\u00f1ada para quienes necesitan calidad de v\u00eddeo y audio superiores en cualquier lugar. Su enfoque autom\u00e1tico y tecnolog\u00eda RightLight\u2122 2 ajustan la imagen para mostrarte con nitidez en condiciones de luz variables. Con un campo visual de 78\u00b0 y micr\u00f3fonos est\u00e9reo omnidireccionales, es ideal para reuniones, presentaciones y colaboraci\u00f3n virtual. La tapa de privacidad acoplable asegura que puedas controlar cu\u00e1ndo est\u00e1s en c\u00e1mara, y la compatibilidad con Logi Tune permite personalizar el rendimiento de audio y v\u00eddeo seg\u00fan tus necesidades.<\/p>\n<p style=\"text-align: justify;padding-left: 40px\"><strong>Buena imagen. En todas partes<\/strong>: <span style=\"color: #99cc00\"><strong><a style=\"color: #99cc00\" href=\"https:\/\/www.logitech.com\/es-es\/products\/webcams\/c920e-business-webcam.960-001360.html\">Logitech C920e<\/a><\/strong><\/span> es una c\u00e1mara web HD 1080p para trabajar desde cualquier sitio que supera la calidad de v\u00eddeo y sonido proporcionada por la mayor\u00eda de port\u00e1tiles. D\u00e9 el salto a la colaboraci\u00f3n con v\u00eddeo de calidad profesional a un precio ideal para la implementaci\u00f3n en masa.<\/p>\n<p style=\"text-align: justify;padding-left: 40px\"><strong>Usted. Con un encuadre perfecto<\/strong>: C920e es ideal para mostrar individuos en un encuadre bien equilibrado. El campo visual fijo de 78\u00b0 captura una vista perfecta del usuario y su entorno a la vez que proporciona suficiente espacio para compartir visualmente proyectos y otros elementos de inter\u00e9s.<\/p>\n<p style=\"text-align: justify;padding-left: 40px\"><strong>Active los micr\u00f3fonos siempre que sea necesario<\/strong>: C920e incluye dos micr\u00f3fonos omnidireccionales integrados que se pueden activar f\u00e1cilmente con la aplicaci\u00f3n Logi Tune para escritorio. Cuando se activan, los micr\u00f3fonos est\u00e1n optimizados para capturar audio claramente hasta a un metro de distancia.<\/p>\n<p style=\"text-align: justify;padding-left: 40px\"><strong>Nitidez autom\u00e1tica<\/strong>: El enfoque autom\u00e1tico HD integrado garantiza que los dem\u00e1s le vean claramente en todas sus videollamadas. Con la correcci\u00f3n de iluminaci\u00f3n autom\u00e1tica, la c\u00e1mara C920e ofrece una \u00f3ptica que favorece su imagen en todas sus reuniones por v\u00eddeo.<\/p>\n<p style=\"text-align: justify;padding-left: 40px\"><strong>Control total con Tune para escritorio<\/strong>: La aplicaci\u00f3n Logi Tune para escritorio simplifica el control y la personalizaci\u00f3n de los dispositivos personales en modelos seleccionados, incluida C920e. La miniaplicaci\u00f3n funciona sin interferir en su pantalla para una colaboraci\u00f3n con v\u00eddeo sin interrupciones, incluida la activaci\u00f3n de los dos micr\u00f3fonos integrados de C920e, el control de zoom, el ajuste de color y la f\u00e1cil descarga de actualizaciones de firmware.<\/p>\n<h3>Caracter\u00edsticas Webcam empresarial Logitech C920e<\/h3>\n<ul>\n<li><strong>Resoluci\u00f3n y fotogramas por segundo<\/strong>: 1080p a 30 fps y 720p a 30 fps, optimizada con compresi\u00f3n de v\u00eddeo H.264 para videollamadas y transmisiones sin interrupciones.<\/li>\n<li><strong>Tipo de lente<\/strong>: Lente de cristal de alta calidad para colores n\u00edtidos y detalles claros en cualquier videoconferencia.<\/li>\n<li><strong>Tipo de enfoque<\/strong>: Enfoque autom\u00e1tico, que ajusta la imagen para mantener siempre el sujeto en alta definici\u00f3n.<\/li>\n<li><strong>Multimedia<\/strong>: Dos micr\u00f3fonos omnidireccionales integrados, con activaci\u00f3n opcional mediante Logi Tune, para capturar audio claro en un rango de hasta 1 metro.<\/li>\n<li><strong>Conectividad<\/strong>: USB-A Plug and Play, ideal para uso r\u00e1pido y sencillo en videoconferencias.<\/li>\n<li><strong>Compatibilidad<\/strong>: Compatible con Windows 7 o posterior, macOS 10.10 o posterior, y Chrome OS\u2122; adecuado para plataformas de videollamadas populares.<\/li>\n<\/ul>\n<h3>Especificaciones T\u00e9cnicas del producto<\/h3>\n<table style=\"width: 100%;border-collapse: collapse\" border=\"1\">\n<thead>\n<tr>\n<th style=\"background-color: #f0f0f0;text-align: left;padding-left: 20px\" colspan=\"2\"><span style=\"font-size: 14pt\"><strong>Caracter\u00edsticas t\u00e9cnicas<\/strong><\/span><\/th>\n<\/tr>\n<\/thead>\n<tbody>\n<tr>\n<td style=\"padding-left: 20px\">M\u00faltiples resoluciones<\/td>\n<td style=\"padding-left: 20px;padding-right: 5px\">1080p\/30 fps (hasta 1920 x 1080 p\u00edxeles), 720p\/30 fps (hasta 1280 x 720 p\u00edxeles), compresi\u00f3n de v\u00eddeo H.264 con clientes compatibles<\/td>\n<\/tr>\n<tr>\n<td style=\"padding-left: 20px\">Tipo de enfoque<\/td>\n<td style=\"padding-left: 20px;padding-right: 5px\">Enfoque autom\u00e1tico<\/td>\n<\/tr>\n<tr>\n<td style=\"padding-left: 20px\">Tipo de lente<\/td>\n<td style=\"padding-left: 20px;padding-right: 5px\">Cristal<\/td>\n<\/tr>\n<tr>\n<td style=\"padding-left: 20px\">Micr\u00f3fono integrado<\/td>\n<td style=\"padding-left: 20px;padding-right: 5px\">Dos micr\u00f3fonos omnidireccionales est\u00e9reo<br \/>\n<a style=\"color: #99cc00\" href=\"https:\/\/www.logitech.com\/Tune\"><strong>Descargue Logi Tune<\/strong><\/a> para activar los micr\u00f3fonos<\/td>\n<\/tr>\n<tr>\n<td style=\"padding-left: 20px\">Campo visual diagonal (dFoV)<\/td>\n<td style=\"padding-left: 20px;padding-right: 5px\">78\u00b0<\/td>\n<\/tr>\n<tr>\n<td style=\"padding-left: 20px\">Zoom digital<\/td>\n<td style=\"padding-left: 20px;padding-right: 5px\">1x<\/td>\n<\/tr>\n<tr>\n<td style=\"padding-left: 20px\">Conectividad USB<\/td>\n<td style=\"padding-left: 20px;padding-right: 5px\">Plug and Play USB-A<\/td>\n<\/tr>\n<tr>\n<td style=\"padding-left: 20px\">Tecnolog\u00eda Rightlight\u2122 2<\/td>\n<td style=\"padding-left: 20px;padding-right: 5px\">Tecnolog\u00eda <span style=\"color: #99cc00\"><strong><a style=\"color: #99cc00\" href=\"https:\/\/download01.logitech.com\/web\/ftp\/pub\/pdf\/cameras\/rightLight2_innovation_brief_enu.pdf\">RightLight\u2122 2 de Logitech<\/a><\/strong><\/span> para nitidez en distintas condiciones de iluminaci\u00f3n, incluso con luz escasa<\/td>\n<\/tr>\n<tr>\n<td style=\"padding-left: 20px\">Privacidad<\/td>\n<td style=\"padding-left: 20px;padding-right: 5px\">Tapa de privacidad acoplable<\/td>\n<\/tr>\n<tr>\n<td style=\"padding-left: 20px\">Clip universal<\/td>\n<td style=\"padding-left: 20px;padding-right: 5px\">Acoplable a tr\u00edpode, para monitores, pantallas LCD o port\u00e1tiles (tr\u00edpode no incluido)<\/td>\n<\/tr>\n<tr>\n<th style=\"background-color: #f0f0f0;text-align: left;padding-left: 20px\" colspan=\"2\"><span style=\"font-size: 14pt\"><strong>Requisitos del sistema<\/strong><\/span><\/th>\n<\/tr>\n<tr>\n<td style=\"padding-left: 20px\">Compatibilidad<\/td>\n<td style=\"padding-left: 20px;padding-right: 5px\">Windows 7 o posterior, macOS 10.10 o posterior, Chrome OS\u2122. Funciona con plataformas de llamadas populares.<\/td>\n<\/tr>\n<tr>\n<td style=\"padding-left: 20px\">Conexi\u00f3n<\/td>\n<td style=\"padding-left: 20px;padding-right: 5px\">Puerto USB-A<\/td>\n<\/tr>\n<tr>\n<th style=\"background-color: #f0f0f0;text-align: left;padding-left: 20px\" colspan=\"2\"><span style=\"font-size: 14pt\"><strong>Dimensiones y peso<\/strong><\/span><\/th>\n<\/tr>\n<tr>\n<td style=\"padding-left: 20px\">Dimensiones con clip de montaje acoplado<\/td>\n<td style=\"padding-left: 20px;padding-right: 5px\">Altura: 43,3 mm, Anchura: 94 mm, Profundidad: 71 mm, Longitud de cable: 1,5 m, Peso: 162 g<\/td>\n<\/tr>\n<tr>\n<th style=\"background-color: #f0f0f0;text-align: left;padding-left: 20px\" colspan=\"2\"><span style=\"font-size: 14pt\"><strong>Contenido de la caja<\/strong><\/span><\/th>\n<\/tr>\n<tr>\n<td style=\"padding-left: 20px\">Contenido<\/td>\n<td style=\"padding-left: 20px;padding-right: 5px\">C\u00e1mara web con cable USB-A fijo de 1.5 mts, Tapa de privacidad, Documentaci\u00f3n del usuario<\/td>\n<\/tr>\n<\/tbody>\n<\/table>\n<h3><span style=\"color: #99cc00\">Garant\u00eda y soporte: Seguridad para tus necesidades<\/span><\/h3>\n<p>Incluye una garant\u00eda de 3 a\u00f1os para asegurar que tu inversi\u00f3n est\u00e9 protegida. Adem\u00e1s, ofrecemos <a href=\"https:\/\/www.pcmadrid.es\/tienda\/categoria-producto\/reparaciones\/\"><span style=\"color: #99cc00\">soporte t\u00e9cnico especializado<\/span><\/a> para garantizar el \u00f3ptimo funcionamiento de tu equipo.<\/p>\n","protected":false},"excerpt":{"rendered":"<p style=\"text-align: justify\">Webcam empresarial Logitech C920e\u00a0 es una c\u00e1mara web Full HD 1080p con enfoque autom\u00e1tico y campo visual de 78\u00b0, ideal para videoconferencias de alta calidad. Incluye micr\u00f3fonos est\u00e9reo con activaci\u00f3n opcional y tecnolog\u00eda de iluminaci\u00f3n autom\u00e1tica para obtener im\u00e1genes n\u00edtidas en cualquier entorno.<\/p>\n","protected":false},"featured_media":12901,"comment_status":"open","ping_status":"closed","template":"","meta":{"_et_pb_use_builder":"","_et_pb_old_content":"","_et_gb_content_width":""},"product_brand":[],"product_cat":[65,529],"product_tag":[],"class_list":{"0":"post-12902","1":"product","2":"type-product","3":"status-publish","4":"has-post-thumbnail","6":"product_cat-todos","7":"product_cat-webcams","9":"first","10":"outofstock","11":"taxable","12":"shipping-taxable","13":"purchasable","14":"product-type-simple"},"yoast_head":"<!-- This site is optimized with the Yoast SEO plugin v26.5 - https:\/\/yoast.com\/wordpress\/plugins\/seo\/ -->\n<title>Webcam empresarial Logitech C920e (1080 Full HD, Enfoque Autom\u00e1tico) | Tienda PCMADRID<\/title>\n<meta name=\"description\" content=\"Webcam empresarial Logitech C920e Full HD 1080p, enfoque autom\u00e1tico, visual de 78\u00b0, micr\u00f3fonos est\u00e9reo, iluminaci\u00f3n autom\u00e1tica, ideal para videoconferencias\" \/>\n<meta name=\"robots\" content=\"index, follow, max-snippet:-1, max-image-preview:large, max-video-preview:-1\" \/>\n<link rel=\"canonical\" href=\"https:\/\/www.pcmadrid.es\/tienda\/producto\/webcam-empresarial-logitech-c920e\/\" \/>\n<meta name=\"twitter:label1\" content=\"Tiempo de lectura\" \/>\n\t<meta name=\"twitter:data1\" content=\"4 minutos\" \/>\n<script type=\"application\/ld+json\" class=\"yoast-schema-graph\">{\"@context\":\"https:\/\/schema.org\",\"@graph\":[{\"@type\":\"WebPage\",\"@id\":\"https:\/\/www.pcmadrid.es\/tienda\/producto\/webcam-empresarial-logitech-c920e\/\",\"url\":\"https:\/\/www.pcmadrid.es\/tienda\/producto\/webcam-empresarial-logitech-c920e\/\",\"name\":\"Webcam empresarial Logitech C920e (1080 Full HD, Enfoque Autom\u00e1tico) | Tienda PCMADRID\",\"isPartOf\":{\"@id\":\"https:\/\/www.pcmadrid.es\/tienda\/#website\"},\"primaryImageOfPage\":{\"@id\":\"https:\/\/www.pcmadrid.es\/tienda\/producto\/webcam-empresarial-logitech-c920e\/#primaryimage\"},\"image\":{\"@id\":\"https:\/\/www.pcmadrid.es\/tienda\/producto\/webcam-empresarial-logitech-c920e\/#primaryimage\"},\"thumbnailUrl\":\"https:\/\/i0.wp.com\/www.pcmadrid.es\/tienda\/wp-content\/uploads\/2024\/05\/art_log-webcam20c920e_1.jpg?fit=448%2C448&ssl=1\",\"datePublished\":\"2024-05-20T14:03:55+00:00\",\"dateModified\":\"2025-06-23T11:59:12+00:00\",\"description\":\"Webcam empresarial Logitech C920e Full HD 1080p, enfoque autom\u00e1tico, visual de 78\u00b0, micr\u00f3fonos est\u00e9reo, iluminaci\u00f3n autom\u00e1tica, ideal para videoconferencias\",\"breadcrumb\":{\"@id\":\"https:\/\/www.pcmadrid.es\/tienda\/producto\/webcam-empresarial-logitech-c920e\/#breadcrumb\"},\"inLanguage\":\"es\",\"potentialAction\":[{\"@type\":\"ReadAction\",\"target\":[\"https:\/\/www.pcmadrid.es\/tienda\/producto\/webcam-empresarial-logitech-c920e\/\"]}]},{\"@type\":\"ImageObject\",\"inLanguage\":\"es\",\"@id\":\"https:\/\/www.pcmadrid.es\/tienda\/producto\/webcam-empresarial-logitech-c920e\/#primaryimage\",\"url\":\"https:\/\/i0.wp.com\/www.pcmadrid.es\/tienda\/wp-content\/uploads\/2024\/05\/art_log-webcam20c920e_1.jpg?fit=448%2C448&ssl=1\",\"contentUrl\":\"https:\/\/i0.wp.com\/www.pcmadrid.es\/tienda\/wp-content\/uploads\/2024\/05\/art_log-webcam20c920e_1.jpg?fit=448%2C448&ssl=1\",\"width\":448,\"height\":448},{\"@type\":\"BreadcrumbList\",\"@id\":\"https:\/\/www.pcmadrid.es\/tienda\/producto\/webcam-empresarial-logitech-c920e\/#breadcrumb\",\"itemListElement\":[{\"@type\":\"ListItem\",\"position\":1,\"name\":\"Portada\",\"item\":\"https:\/\/www.pcmadrid.es\/tienda\/\"},{\"@type\":\"ListItem\",\"position\":2,\"name\":\"Todos los productos\",\"item\":\"https:\/\/www.pcmadrid.es\/tienda\/todos-los-productos\/\"},{\"@type\":\"ListItem\",\"position\":3,\"name\":\"Webcam empresarial Logitech C920e (1080 Full HD, Enfoque Autom\u00e1tico)\"}]},{\"@type\":\"WebSite\",\"@id\":\"https:\/\/www.pcmadrid.es\/tienda\/#website\",\"url\":\"https:\/\/www.pcmadrid.es\/tienda\/\",\"name\":\"Tienda PCMADRID\",\"description\":\"Venta y reparaciones de ordenadores\",\"publisher\":{\"@id\":\"https:\/\/www.pcmadrid.es\/tienda\/#organization\"},\"potentialAction\":[{\"@type\":\"SearchAction\",\"target\":{\"@type\":\"EntryPoint\",\"urlTemplate\":\"https:\/\/www.pcmadrid.es\/tienda\/?s={search_term_string}\"},\"query-input\":{\"@type\":\"PropertyValueSpecification\",\"valueRequired\":true,\"valueName\":\"search_term_string\"}}],\"inLanguage\":\"es\"},{\"@type\":\"Organization\",\"@id\":\"https:\/\/www.pcmadrid.es\/tienda\/#organization\",\"name\":\"PCMADRID\",\"url\":\"https:\/\/www.pcmadrid.es\/tienda\/\",\"logo\":{\"@type\":\"ImageObject\",\"inLanguage\":\"es\",\"@id\":\"https:\/\/www.pcmadrid.es\/tienda\/#\/schema\/logo\/image\/\",\"url\":\"https:\/\/i0.wp.com\/www.pcmadrid.es\/tienda\/wp-content\/uploads\/2019\/10\/pcmadridlogo..png?fit=750%2C300&ssl=1\",\"contentUrl\":\"https:\/\/i0.wp.com\/www.pcmadrid.es\/tienda\/wp-content\/uploads\/2019\/10\/pcmadridlogo..png?fit=750%2C300&ssl=1\",\"width\":750,\"height\":300,\"caption\":\"PCMADRID\"},\"image\":{\"@id\":\"https:\/\/www.pcmadrid.es\/tienda\/#\/schema\/logo\/image\/\"},\"sameAs\":[\"https:\/\/www.facebook.com\/pcmadridinformatica\",\"https:\/\/x.com\/pc_madrid\",\"https:\/\/www.youtube.com\/channel\/UCIbQq9k6BBrU5x2wqDIHr7A\",\"https:\/\/www.instagram.com\/pcmadrid_informatica\/?hl=es\",\"https:\/\/www.linkedin.com\/company\/9348326\/admin\/\",\"https:\/\/www.pinterest.es\/pcmadrid_informatica\/\"]}]}<\/script>\n<!-- \/ Yoast SEO plugin. -->","yoast_head_json":{"title":"Webcam empresarial Logitech C920e (1080 Full HD, Enfoque Autom\u00e1tico) | Tienda PCMADRID","description":"Webcam empresarial Logitech C920e Full HD 1080p, enfoque autom\u00e1tico, visual de 78\u00b0, micr\u00f3fonos est\u00e9reo, iluminaci\u00f3n autom\u00e1tica, ideal para videoconferencias","robots":{"index":"index","follow":"follow","max-snippet":"max-snippet:-1","max-image-preview":"max-image-preview:large","max-video-preview":"max-video-preview:-1"},"canonical":"https:\/\/www.pcmadrid.es\/tienda\/producto\/webcam-empresarial-logitech-c920e\/","twitter_misc":{"Tiempo de lectura":"4 minutos"},"schema":{"@context":"https:\/\/schema.org","@graph":[{"@type":"WebPage","@id":"https:\/\/www.pcmadrid.es\/tienda\/producto\/webcam-empresarial-logitech-c920e\/","url":"https:\/\/www.pcmadrid.es\/tienda\/producto\/webcam-empresarial-logitech-c920e\/","name":"Webcam empresarial Logitech C920e (1080 Full HD, Enfoque Autom\u00e1tico) | Tienda PCMADRID","isPartOf":{"@id":"https:\/\/www.pcmadrid.es\/tienda\/#website"},"primaryImageOfPage":{"@id":"https:\/\/www.pcmadrid.es\/tienda\/producto\/webcam-empresarial-logitech-c920e\/#primaryimage"},"image":{"@id":"https:\/\/www.pcmadrid.es\/tienda\/producto\/webcam-empresarial-logitech-c920e\/#primaryimage"},"thumbnailUrl":"https:\/\/i0.wp.com\/www.pcmadrid.es\/tienda\/wp-content\/uploads\/2024\/05\/art_log-webcam20c920e_1.jpg?fit=448%2C448&ssl=1","datePublished":"2024-05-20T14:03:55+00:00","dateModified":"2025-06-23T11:59:12+00:00","description":"Webcam empresarial Logitech C920e Full HD 1080p, enfoque autom\u00e1tico, visual de 78\u00b0, micr\u00f3fonos est\u00e9reo, iluminaci\u00f3n autom\u00e1tica, ideal para videoconferencias","breadcrumb":{"@id":"https:\/\/www.pcmadrid.es\/tienda\/producto\/webcam-empresarial-logitech-c920e\/#breadcrumb"},"inLanguage":"es","potentialAction":[{"@type":"ReadAction","target":["https:\/\/www.pcmadrid.es\/tienda\/producto\/webcam-empresarial-logitech-c920e\/"]}]},{"@type":"ImageObject","inLanguage":"es","@id":"https:\/\/www.pcmadrid.es\/tienda\/producto\/webcam-empresarial-logitech-c920e\/#primaryimage","url":"https:\/\/i0.wp.com\/www.pcmadrid.es\/tienda\/wp-content\/uploads\/2024\/05\/art_log-webcam20c920e_1.jpg?fit=448%2C448&ssl=1","contentUrl":"https:\/\/i0.wp.com\/www.pcmadrid.es\/tienda\/wp-content\/uploads\/2024\/05\/art_log-webcam20c920e_1.jpg?fit=448%2C448&ssl=1","width":448,"height":448},{"@type":"BreadcrumbList","@id":"https:\/\/www.pcmadrid.es\/tienda\/producto\/webcam-empresarial-logitech-c920e\/#breadcrumb","itemListElement":[{"@type":"ListItem","position":1,"name":"Portada","item":"https:\/\/www.pcmadrid.es\/tienda\/"},{"@type":"ListItem","position":2,"name":"Todos los productos","item":"https:\/\/www.pcmadrid.es\/tienda\/todos-los-productos\/"},{"@type":"ListItem","position":3,"name":"Webcam empresarial Logitech C920e (1080 Full HD, Enfoque Autom\u00e1tico)"}]},{"@type":"WebSite","@id":"https:\/\/www.pcmadrid.es\/tienda\/#website","url":"https:\/\/www.pcmadrid.es\/tienda\/","name":"Tienda PCMADRID","description":"Venta y reparaciones de ordenadores","publisher":{"@id":"https:\/\/www.pcmadrid.es\/tienda\/#organization"},"potentialAction":[{"@type":"SearchAction","target":{"@type":"EntryPoint","urlTemplate":"https:\/\/www.pcmadrid.es\/tienda\/?s={search_term_string}"},"query-input":{"@type":"PropertyValueSpecification","valueRequired":true,"valueName":"search_term_string"}}],"inLanguage":"es"},{"@type":"Organization","@id":"https:\/\/www.pcmadrid.es\/tienda\/#organization","name":"PCMADRID","url":"https:\/\/www.pcmadrid.es\/tienda\/","logo":{"@type":"ImageObject","inLanguage":"es","@id":"https:\/\/www.pcmadrid.es\/tienda\/#\/schema\/logo\/image\/","url":"https:\/\/i0.wp.com\/www.pcmadrid.es\/tienda\/wp-content\/uploads\/2019\/10\/pcmadridlogo..png?fit=750%2C300&ssl=1","contentUrl":"https:\/\/i0.wp.com\/www.pcmadrid.es\/tienda\/wp-content\/uploads\/2019\/10\/pcmadridlogo..png?fit=750%2C300&ssl=1","width":750,"height":300,"caption":"PCMADRID"},"image":{"@id":"https:\/\/www.pcmadrid.es\/tienda\/#\/schema\/logo\/image\/"},"sameAs":["https:\/\/www.facebook.com\/pcmadridinformatica","https:\/\/x.com\/pc_madrid","https:\/\/www.youtube.com\/channel\/UCIbQq9k6BBrU5x2wqDIHr7A","https:\/\/www.instagram.com\/pcmadrid_informatica\/?hl=es","https:\/\/www.linkedin.com\/company\/9348326\/admin\/","https:\/\/www.pinterest.es\/pcmadrid_informatica\/"]}]}},"jetpack_sharing_enabled":true,"_links":{"self":[{"href":"https:\/\/www.pcmadrid.es\/tienda\/wp-json\/wp\/v2\/product\/12902","targetHints":{"allow":["GET"]}}],"collection":[{"href":"https:\/\/www.pcmadrid.es\/tienda\/wp-json\/wp\/v2\/product"}],"about":[{"href":"https:\/\/www.pcmadrid.es\/tienda\/wp-json\/wp\/v2\/types\/product"}],"replies":[{"embeddable":true,"href":"https:\/\/www.pcmadrid.es\/tienda\/wp-json\/wp\/v2\/comments?post=12902"}],"wp:featuredmedia":[{"embeddable":true,"href":"https:\/\/www.pcmadrid.es\/tienda\/wp-json\/wp\/v2\/media\/12901"}],"wp:attachment":[{"href":"https:\/\/www.pcmadrid.es\/tienda\/wp-json\/wp\/v2\/media?parent=12902"}],"wp:term":[{"taxonomy":"product_brand","embeddable":true,"href":"https:\/\/www.pcmadrid.es\/tienda\/wp-json\/wp\/v2\/product_brand?post=12902"},{"taxonomy":"product_cat","embeddable":true,"href":"https:\/\/www.pcmadrid.es\/tienda\/wp-json\/wp\/v2\/product_cat?post=12902"},{"taxonomy":"product_tag","embeddable":true,"href":"https:\/\/www.pcmadrid.es\/tienda\/wp-json\/wp\/v2\/product_tag?post=12902"}],"curies":[{"name":"wp","href":"https:\/\/api.w.org\/{rel}","templated":true}]}}