{"id":12968,"date":"2024-05-20T16:32:36","date_gmt":"2024-05-20T14:32:36","guid":{"rendered":"https:\/\/www.pcmadrid.es\/tienda\/producto\/teclado-y-raton-logitech-desktop-mk120\/"},"modified":"2025-06-23T13:59:08","modified_gmt":"2025-06-23T11:59:08","slug":"teclado-y-raton-logitech-desktop-mk120","status":"publish","type":"product","link":"https:\/\/www.pcmadrid.es\/tienda\/producto\/teclado-y-raton-logitech-desktop-mk120\/","title":{"rendered":"Teclado y Rat\u00f3n Logitech Desktop MK120 con cable USB"},"content":{"rendered":"<p>&nbsp;<\/p>\n<h2 style=\"text-align: center\"><span style=\"color: #99cc00;line-height: 125%\">Teclado y Rat\u00f3n Logitech Desktop MK120 con cable USB<\/span><\/h2>\n<p>&nbsp;<\/p>\n<h3>Comodidad y gran funcionalidad<\/h3>\n<p style=\"text-align: justify\">El Teclado y Rat\u00f3n <span style=\"color: #99cc00\"><strong><a style=\"color: #99cc00\" href=\"https:\/\/www.logitech.com\/content\/dam\/logitech\/et\/business\/pdf\/mk120-corded-combo-data-sheet.pdf?\">Logitech Desktop MK120<\/a> <\/strong><\/span>con cable USB ofrece una experiencia de escritura placentera y silenciosa con sus teclas planas que minimizan el ruido. Su dise\u00f1o est\u00e1ndar incluye un teclado num\u00e9rico, facilitando la entrada de datos y el rat\u00f3n \u00f3ptico USB de alta definici\u00f3n con dise\u00f1o curvado yambidiestro es c\u00f3modo de usar durante horas. Con una instalaci\u00f3n plug-and-play, simplemente con\u00e9ctalo y comienza a disfrutar de su comodidad. Con un perfil plano y una barra espaciadora curvada, este teclado promueve una postura natural de las manos, lo que reduce la fatiga durante largas horas de trabajo.<\/p>\n<h3>Especificaciones clave: Durabilidad y comodidad<\/h3>\n<p style=\"text-align: justify\">Teclado con un perfil y teclas planas, un dise\u00f1o elegante y a la vez resistente. Este teclado con calbe USB facilita mantener las manos en una posici\u00f3n m\u00e1s c\u00f3moda y naturalpermite,\u00a0 permitiendo escribir con mayor comodidad y durante mucho tiempo.<\/p>\n<p style=\"padding-left: 40px;text-align: justify\"><strong>Uso agradable y silencioso:<\/strong>\u00a0\u00a0Podr\u00e1 escribir c\u00f3moda y silenciosamente gracias a las teclas planas que apenas hacen ruido y al dise\u00f1o est\u00e1ndar con teclas F y teclado num\u00e9rico de tama\u00f1o normal.<\/p>\n<p style=\"padding-left: 40px;text-align: justify\"><strong>Dise\u00f1o resistente a salpicaduras:<\/strong> El teclado deja pasar l\u00edquidos en caso de derrames, con lo que protege su inversi\u00f3n. Sometido a pruebas en condiciones limitadas (m\u00e1ximo de 60 ml de l\u00edquido). No sumerja el teclado en ning\u00fan l\u00edquido<\/p>\n<p style=\"padding-left: 40px;text-align: justify\"><strong>Patas ajustables y robustas y Barra espaciadora curvada:<\/strong> Con las patas plegables desplegadas, la inclinaci\u00f3n del teclado se incrementa en 8\u00b0, para una experiencia ergon\u00f3mica. Y con la barra curvada las manos disfrutar\u00e1n de una posici\u00f3n m\u00e1s natural y c\u00f3moda al escribir<\/p>\n<p style=\"padding-left: 40px;text-align: justify\"><strong>Comodidad para ambas manos:<\/strong> El rat\u00f3n \u00f3ptico USB de alta definici\u00f3n pone bienestar y control en tus manos, con seguimiento preciso y sucontorneado de tama\u00f1o normal. Un dise\u00f1o ambidiestro c\u00f3modo de usar durante horas por su forma curvada que soporta la mano para una navegaci\u00f3n c\u00f3moda y f\u00e1cil.<\/p>\n<p style=\"padding-left: 40px;text-align: justify\"><strong>Conexi\u00f3n USB Plug and Play Se instala f\u00e1cilmente<\/strong>: basta con conectarlo al puerto USB del ordenador de sobremesa, port\u00e1til o netbook, y ya se puede empezar a usar.<\/p>\n<p style=\"padding-left: 40px;text-align: justify\"><strong>Teclas f\u00e1ciles de leer:<\/strong> Caracteres impresos en marcado blanco luminoso, m\u00e1s f\u00e1ciles de leer: perfectos para quienes no tienen una vista perfecta. Y tambi\u00e9n m\u00e1s resistentes al desgaste.<\/p>\n<p><strong>Especificaciones:<\/strong><\/p>\n<ul>\n<li><strong>Conectividad<\/strong>: Conexi\u00f3n USB Plug-and-Play; f\u00e1cil instalaci\u00f3n sin software adicional.<\/li>\n<li><strong>Teclado<\/strong>: Teclado de membrana est\u00e1ndar, con teclas de perfil bajo y un teclado num\u00e9rico completo.<\/li>\n<li><strong>Rat\u00f3n<\/strong>:\u00a0 \u00d3ptico de alta definici\u00f3n con 1000 DPI, tres botones y una rueda de desplazamiento, todo en un dise\u00f1o ambidiestro y ergon\u00f3mico<\/li>\n<li><strong>Alcance inal\u00e1mbrico<\/strong>: No. Longitud del cable150 cm (59,06 in).<\/li>\n<li><strong>Compatibilidad<\/strong>: Compatible con Windows 7, 8, 10 y posteriores.<\/li>\n<\/ul>\n<h3>Beneficios clave: Comodidad y Durabilidad<\/h3>\n<p style=\"text-align: justify\">El Teclado y Rat\u00f3n <span style=\"color: #99cc00\"><strong><a style=\"color: #99cc00\" href=\"https:\/\/www.logitech.com\/content\/dam\/logitech\/et\/business\/pdf\/mk120-corded-combo-data-sheet.pdf?\">Logitech Desktop MK120<\/a> <\/strong><\/span>con dise\u00f1o ergon\u00f3mico del rat\u00f3n y las teclas de perfil bajo del teclado proporcionan una experiencia de escritura y navegaci\u00f3n agradable. Las manos se mantienen en una posici\u00f3n natural, permitiendo largas sesiones sin fatiga. El rat\u00f3n presenta una precisi\u00f3n excepcional gracias a su sensor \u00f3ptico de alta resoluci\u00f3n, ofreciendo un control preciso en cualquier superficie. Con una resoluci\u00f3n de DPI ajustable, podr\u00e1s adaptar la sensibilidad del rat\u00f3n seg\u00fan tus preferencias. La estructura resistente a salpicaduras protege el teclado de accidentes, lo que garantiza un rendimiento duradero y fiable, incluso en entornos de trabajo intensos.<\/p>\n<h3>Especificaciones t\u00e9cnicas Logitech Desktop MK120 con cable USB<\/h3>\n<table style=\"width: 100%;border-collapse: collapse\" border=\"1\">\n<tbody>\n<tr>\n<th style=\"background-color: #f0f0f0;text-align: left;width: 100%;padding-left: 20px\" colspan=\"2\"><span style=\"font-size: 14pt\"><strong> Teclado<\/strong><\/span><\/th>\n<\/tr>\n<tr>\n<td style=\"padding-left: 40px;width: 39.4844%\">Tecnolog\u00eda de conectividad<\/td>\n<td style=\"padding-left: 40px;width: 60.5156%\">Al\u00e1mbrico<\/td>\n<\/tr>\n<tr>\n<td style=\"padding-left: 40px;width: 39.4844%\">Teclado num\u00e9rico<\/td>\n<td style=\"padding-left: 40px;width: 60.5156%\">S\u00ed, con 10 teclas<\/td>\n<\/tr>\n<tr>\n<td style=\"padding-left: 40px;width: 39.4844%\">Indicadores luminosos<\/td>\n<td style=\"padding-left: 40px;width: 60.5156%\">Bloqueo de may\u00fasculas, bloqueo num\u00e9rico<\/td>\n<\/tr>\n<tr>\n<td style=\"padding-left: 40px;width: 39.4844%\">Tipo de teclas<\/td>\n<td style=\"padding-left: 40px;width: 60.5156%\">C\u00f3ncavas<\/td>\n<\/tr>\n<tr>\n<td style=\"padding-left: 40px;width: 39.4844%\">Altura de teclado ajustable<\/td>\n<td style=\"padding-left: 40px;width: 60.5156%\">S\u00ed, patas inclinables<\/td>\n<\/tr>\n<tr>\n<td style=\"padding-left: 40px;width: 39.4844%\">Resistencia a l\u00edquidos<\/td>\n<td style=\"padding-left: 40px;width: 60.5156%\">S\u00ed, resistencia a derrames y salpicaduras de hasta 60 ml. No se debe sumergir el teclado en ning\u00fan l\u00edquido.<\/td>\n<\/tr>\n<tr>\n<th style=\"background-color: #f0f0f0;text-align: left;width: 100%;padding-left: 20px\" colspan=\"2\"><span style=\"font-size: 14pt\"><strong> Rat\u00f3n<\/strong><\/span><\/th>\n<\/tr>\n<tr>\n<td style=\"padding-left: 40px;width: 39.4844%\">Tecnolog\u00eda de conectividad<\/td>\n<td style=\"padding-left: 40px;width: 60.5156%\">Al\u00e1mbrico<\/td>\n<\/tr>\n<tr>\n<td style=\"padding-left: 40px;width: 39.4844%\">N\u00famero de botones<\/td>\n<td style=\"padding-left: 40px;width: 60.5156%\">3 (clic izquierdo\/derecho, clic de bot\u00f3n central)<\/td>\n<\/tr>\n<tr>\n<td style=\"padding-left: 40px;width: 39.4844%\">Resoluci\u00f3n de movimiento<\/td>\n<td style=\"padding-left: 40px;width: 60.5156%\">1000 DPI<\/td>\n<\/tr>\n<tr>\n<td style=\"padding-left: 40px;width: 39.4844%\">Desplazamiento<\/td>\n<td style=\"padding-left: 40px;width: 60.5156%\">L\u00ednea a l\u00ednea<\/td>\n<\/tr>\n<tr>\n<td style=\"padding-left: 40px;width: 39.4844%\">Bot\u00f3n rueda<\/td>\n<td style=\"padding-left: 40px;width: 60.5156%\">S\u00ed, \u00f3ptico<\/td>\n<\/tr>\n<tr>\n<th style=\"background-color: #f0f0f0;text-align: left;width: 100%;padding-left: 20px\" colspan=\"2\"><span style=\"font-size: 14pt\"><strong> Dimensiones y Peso<\/strong><\/span><\/th>\n<\/tr>\n<tr>\n<td style=\"padding-left: 40px;width: 39.4844%\">Teclado<\/td>\n<td style=\"padding-left: 40px;width: 60.5156%\">Longitud: 450 mm, Anchura: 155 mm, Altura: 23,5 mm<\/td>\n<\/tr>\n<tr>\n<td style=\"padding-left: 40px;width: 39.4844%\">Peso Teclado<\/td>\n<td style=\"padding-left: 40px;width: 60.5156%\">550 g<\/td>\n<\/tr>\n<tr>\n<td style=\"padding-left: 40px;width: 39.4844%\">Teclado Longitud de cable<\/td>\n<td style=\"padding-left: 40px;width: 60.5156%\">150 cm<\/td>\n<\/tr>\n<tr>\n<td style=\"padding-left: 40px;width: 39.4844%\">Rat\u00f3n<\/td>\n<td style=\"padding-left: 40px;width: 60.5156%\">Altura: 38 mm, Anchura: 62 mm, Profundidad: 113 mm<\/td>\n<\/tr>\n<tr>\n<td style=\"padding-left: 40px;width: 39.4844%\">Peso Rat\u00f3n<\/td>\n<td style=\"padding-left: 40px;width: 60.5156%\">90 g<\/td>\n<\/tr>\n<tr>\n<td style=\"padding-left: 40px;width: 39.4844%\">Rat\u00f3n Longitud de cable<\/td>\n<td style=\"padding-left: 40px;width: 60.5156%\">180 cm<\/td>\n<\/tr>\n<tr>\n<th style=\"background-color: #f0f0f0;text-align: left;width: 100%;padding-left: 20px\" colspan=\"2\"><span style=\"font-size: 14pt\"><strong> Requisitos del sistema<\/strong><\/span><\/th>\n<\/tr>\n<tr>\n<td style=\"padding-left: 40px;width: 39.4844%\">Sistema Operativo<\/td>\n<td style=\"padding-left: 40px;width: 60.5156%\">Windows 7, 8, 10 o posteriores. Linux\u00ae kernel 2.6+<\/td>\n<\/tr>\n<tr>\n<td style=\"padding-left: 40px;width: 39.4844%\">Puerto<\/td>\n<td style=\"padding-left: 40px;width: 60.5156%\">USB<\/td>\n<\/tr>\n<tr>\n<th style=\"background-color: #f0f0f0;text-align: left;width: 100%;padding-left: 20px\" colspan=\"2\"><span style=\"font-size: 14pt\"><strong> Contenido de la caja<\/strong><\/span><\/th>\n<\/tr>\n<tr>\n<td style=\"padding-left: 40px;width: 39.4844%\">Caja incluye<\/td>\n<td style=\"padding-left: 40px;width: 60.5156%\">Teclado, Rat\u00f3n, Documentaci\u00f3n del usuario<\/td>\n<\/tr>\n<\/tbody>\n<\/table>\n<h2><span style=\"color: #99cc00;font-size: 22px\">Garant\u00eda y soporte: Seguridad para tus necesidades<\/span><\/h2>\n<p>Incluye una garant\u00eda de 3 a\u00f1os para asegurar que tu inversi\u00f3n est\u00e9 protegida. Adem\u00e1s, ofrecemos <a href=\"https:\/\/www.pcmadrid.es\/tienda\/categoria-producto\/reparaciones\/\"><span style=\"color: #99cc00\">soporte t\u00e9cnico especializado<\/span><\/a> para garantizar el \u00f3ptimo funcionamiento de tu equipo.<\/p>\n","protected":false},"excerpt":{"rendered":"<p style=\"text-align: justify\">El Teclado y Rat\u00f3n Logitech Desktop MK120 con cable USB estan dise\u00f1ados para durabilidad y comodidad. Con conexi\u00f3n USB plug-and-play, es f\u00e1cil de instalar. Su teclado de perfil bajo, resistente a salpicaduras, y un rat\u00f3n \u00f3ptico de alta precisi\u00f3n de 1000 DPI, garantizan una experiencia de uso confiable y eficiente en el hogar o la oficina.<\/p>\n","protected":false},"featured_media":12967,"comment_status":"open","ping_status":"closed","template":"","meta":{"_et_pb_use_builder":"","_et_pb_old_content":"","_et_gb_content_width":""},"product_brand":[],"product_cat":[530,65],"product_tag":[],"class_list":{"0":"post-12968","1":"product","2":"type-product","3":"status-publish","4":"has-post-thumbnail","6":"product_cat-teclados","7":"product_cat-todos","9":"first","10":"instock","11":"taxable","12":"shipping-taxable","13":"purchasable","14":"product-type-simple"},"yoast_head":"<!-- This site is optimized with the Yoast SEO plugin v26.5 - https:\/\/yoast.com\/wordpress\/plugins\/seo\/ -->\n<title>Teclado y Rat\u00f3n Logitech Desktop MK120 con cable USB | Tienda PCMADRID<\/title>\n<meta name=\"description\" content=\"Teclado y Rat\u00f3n Logitech Desktop MK120 con cable USB, conexi\u00f3n USB plug-and-play, rat\u00f3n ambidiestro \u00f3ptico 1000 DPI, garantizan durabilidad y comodidad.\" \/>\n<meta name=\"robots\" content=\"index, follow, max-snippet:-1, max-image-preview:large, max-video-preview:-1\" \/>\n<link rel=\"canonical\" href=\"https:\/\/www.pcmadrid.es\/tienda\/producto\/teclado-y-raton-logitech-desktop-mk120\/\" \/>\n<meta name=\"twitter:label1\" content=\"Tiempo de lectura\" \/>\n\t<meta name=\"twitter:data1\" content=\"4 minutos\" \/>\n<script type=\"application\/ld+json\" class=\"yoast-schema-graph\">{\"@context\":\"https:\/\/schema.org\",\"@graph\":[{\"@type\":\"WebPage\",\"@id\":\"https:\/\/www.pcmadrid.es\/tienda\/producto\/teclado-y-raton-logitech-desktop-mk120\/\",\"url\":\"https:\/\/www.pcmadrid.es\/tienda\/producto\/teclado-y-raton-logitech-desktop-mk120\/\",\"name\":\"Teclado y Rat\u00f3n Logitech Desktop MK120 con cable USB | Tienda PCMADRID\",\"isPartOf\":{\"@id\":\"https:\/\/www.pcmadrid.es\/tienda\/#website\"},\"primaryImageOfPage\":{\"@id\":\"https:\/\/www.pcmadrid.es\/tienda\/producto\/teclado-y-raton-logitech-desktop-mk120\/#primaryimage\"},\"image\":{\"@id\":\"https:\/\/www.pcmadrid.es\/tienda\/producto\/teclado-y-raton-logitech-desktop-mk120\/#primaryimage\"},\"thumbnailUrl\":\"https:\/\/i0.wp.com\/www.pcmadrid.es\/tienda\/wp-content\/uploads\/2024\/05\/art_log20desk20mk120_1.jpg?fit=448%2C448&ssl=1\",\"datePublished\":\"2024-05-20T14:32:36+00:00\",\"dateModified\":\"2025-06-23T11:59:08+00:00\",\"description\":\"Teclado y Rat\u00f3n Logitech Desktop MK120 con cable USB, conexi\u00f3n USB plug-and-play, rat\u00f3n ambidiestro \u00f3ptico 1000 DPI, garantizan durabilidad y comodidad.\",\"breadcrumb\":{\"@id\":\"https:\/\/www.pcmadrid.es\/tienda\/producto\/teclado-y-raton-logitech-desktop-mk120\/#breadcrumb\"},\"inLanguage\":\"es\",\"potentialAction\":[{\"@type\":\"ReadAction\",\"target\":[\"https:\/\/www.pcmadrid.es\/tienda\/producto\/teclado-y-raton-logitech-desktop-mk120\/\"]}]},{\"@type\":\"ImageObject\",\"inLanguage\":\"es\",\"@id\":\"https:\/\/www.pcmadrid.es\/tienda\/producto\/teclado-y-raton-logitech-desktop-mk120\/#primaryimage\",\"url\":\"https:\/\/i0.wp.com\/www.pcmadrid.es\/tienda\/wp-content\/uploads\/2024\/05\/art_log20desk20mk120_1.jpg?fit=448%2C448&ssl=1\",\"contentUrl\":\"https:\/\/i0.wp.com\/www.pcmadrid.es\/tienda\/wp-content\/uploads\/2024\/05\/art_log20desk20mk120_1.jpg?fit=448%2C448&ssl=1\",\"width\":448,\"height\":448},{\"@type\":\"BreadcrumbList\",\"@id\":\"https:\/\/www.pcmadrid.es\/tienda\/producto\/teclado-y-raton-logitech-desktop-mk120\/#breadcrumb\",\"itemListElement\":[{\"@type\":\"ListItem\",\"position\":1,\"name\":\"Portada\",\"item\":\"https:\/\/www.pcmadrid.es\/tienda\/\"},{\"@type\":\"ListItem\",\"position\":2,\"name\":\"Todos los productos\",\"item\":\"https:\/\/www.pcmadrid.es\/tienda\/todos-los-productos\/\"},{\"@type\":\"ListItem\",\"position\":3,\"name\":\"Teclado y Rat\u00f3n Logitech Desktop MK120 con cable USB\"}]},{\"@type\":\"WebSite\",\"@id\":\"https:\/\/www.pcmadrid.es\/tienda\/#website\",\"url\":\"https:\/\/www.pcmadrid.es\/tienda\/\",\"name\":\"Tienda PCMADRID\",\"description\":\"Venta y reparaciones de ordenadores\",\"publisher\":{\"@id\":\"https:\/\/www.pcmadrid.es\/tienda\/#organization\"},\"potentialAction\":[{\"@type\":\"SearchAction\",\"target\":{\"@type\":\"EntryPoint\",\"urlTemplate\":\"https:\/\/www.pcmadrid.es\/tienda\/?s={search_term_string}\"},\"query-input\":{\"@type\":\"PropertyValueSpecification\",\"valueRequired\":true,\"valueName\":\"search_term_string\"}}],\"inLanguage\":\"es\"},{\"@type\":\"Organization\",\"@id\":\"https:\/\/www.pcmadrid.es\/tienda\/#organization\",\"name\":\"PCMADRID\",\"url\":\"https:\/\/www.pcmadrid.es\/tienda\/\",\"logo\":{\"@type\":\"ImageObject\",\"inLanguage\":\"es\",\"@id\":\"https:\/\/www.pcmadrid.es\/tienda\/#\/schema\/logo\/image\/\",\"url\":\"https:\/\/i0.wp.com\/www.pcmadrid.es\/tienda\/wp-content\/uploads\/2019\/10\/pcmadridlogo..png?fit=750%2C300&ssl=1\",\"contentUrl\":\"https:\/\/i0.wp.com\/www.pcmadrid.es\/tienda\/wp-content\/uploads\/2019\/10\/pcmadridlogo..png?fit=750%2C300&ssl=1\",\"width\":750,\"height\":300,\"caption\":\"PCMADRID\"},\"image\":{\"@id\":\"https:\/\/www.pcmadrid.es\/tienda\/#\/schema\/logo\/image\/\"},\"sameAs\":[\"https:\/\/www.facebook.com\/pcmadridinformatica\",\"https:\/\/x.com\/pc_madrid\",\"https:\/\/www.youtube.com\/channel\/UCIbQq9k6BBrU5x2wqDIHr7A\",\"https:\/\/www.instagram.com\/pcmadrid_informatica\/?hl=es\",\"https:\/\/www.linkedin.com\/company\/9348326\/admin\/\",\"https:\/\/www.pinterest.es\/pcmadrid_informatica\/\"]}]}<\/script>\n<!-- \/ Yoast SEO plugin. -->","yoast_head_json":{"title":"Teclado y Rat\u00f3n Logitech Desktop MK120 con cable USB | Tienda PCMADRID","description":"Teclado y Rat\u00f3n Logitech Desktop MK120 con cable USB, conexi\u00f3n USB plug-and-play, rat\u00f3n ambidiestro \u00f3ptico 1000 DPI, garantizan durabilidad y comodidad.","robots":{"index":"index","follow":"follow","max-snippet":"max-snippet:-1","max-image-preview":"max-image-preview:large","max-video-preview":"max-video-preview:-1"},"canonical":"https:\/\/www.pcmadrid.es\/tienda\/producto\/teclado-y-raton-logitech-desktop-mk120\/","twitter_misc":{"Tiempo de lectura":"4 minutos"},"schema":{"@context":"https:\/\/schema.org","@graph":[{"@type":"WebPage","@id":"https:\/\/www.pcmadrid.es\/tienda\/producto\/teclado-y-raton-logitech-desktop-mk120\/","url":"https:\/\/www.pcmadrid.es\/tienda\/producto\/teclado-y-raton-logitech-desktop-mk120\/","name":"Teclado y Rat\u00f3n Logitech Desktop MK120 con cable USB | Tienda PCMADRID","isPartOf":{"@id":"https:\/\/www.pcmadrid.es\/tienda\/#website"},"primaryImageOfPage":{"@id":"https:\/\/www.pcmadrid.es\/tienda\/producto\/teclado-y-raton-logitech-desktop-mk120\/#primaryimage"},"image":{"@id":"https:\/\/www.pcmadrid.es\/tienda\/producto\/teclado-y-raton-logitech-desktop-mk120\/#primaryimage"},"thumbnailUrl":"https:\/\/i0.wp.com\/www.pcmadrid.es\/tienda\/wp-content\/uploads\/2024\/05\/art_log20desk20mk120_1.jpg?fit=448%2C448&ssl=1","datePublished":"2024-05-20T14:32:36+00:00","dateModified":"2025-06-23T11:59:08+00:00","description":"Teclado y Rat\u00f3n Logitech Desktop MK120 con cable USB, conexi\u00f3n USB plug-and-play, rat\u00f3n ambidiestro \u00f3ptico 1000 DPI, garantizan durabilidad y comodidad.","breadcrumb":{"@id":"https:\/\/www.pcmadrid.es\/tienda\/producto\/teclado-y-raton-logitech-desktop-mk120\/#breadcrumb"},"inLanguage":"es","potentialAction":[{"@type":"ReadAction","target":["https:\/\/www.pcmadrid.es\/tienda\/producto\/teclado-y-raton-logitech-desktop-mk120\/"]}]},{"@type":"ImageObject","inLanguage":"es","@id":"https:\/\/www.pcmadrid.es\/tienda\/producto\/teclado-y-raton-logitech-desktop-mk120\/#primaryimage","url":"https:\/\/i0.wp.com\/www.pcmadrid.es\/tienda\/wp-content\/uploads\/2024\/05\/art_log20desk20mk120_1.jpg?fit=448%2C448&ssl=1","contentUrl":"https:\/\/i0.wp.com\/www.pcmadrid.es\/tienda\/wp-content\/uploads\/2024\/05\/art_log20desk20mk120_1.jpg?fit=448%2C448&ssl=1","width":448,"height":448},{"@type":"BreadcrumbList","@id":"https:\/\/www.pcmadrid.es\/tienda\/producto\/teclado-y-raton-logitech-desktop-mk120\/#breadcrumb","itemListElement":[{"@type":"ListItem","position":1,"name":"Portada","item":"https:\/\/www.pcmadrid.es\/tienda\/"},{"@type":"ListItem","position":2,"name":"Todos los productos","item":"https:\/\/www.pcmadrid.es\/tienda\/todos-los-productos\/"},{"@type":"ListItem","position":3,"name":"Teclado y Rat\u00f3n Logitech Desktop MK120 con cable USB"}]},{"@type":"WebSite","@id":"https:\/\/www.pcmadrid.es\/tienda\/#website","url":"https:\/\/www.pcmadrid.es\/tienda\/","name":"Tienda PCMADRID","description":"Venta y reparaciones de ordenadores","publisher":{"@id":"https:\/\/www.pcmadrid.es\/tienda\/#organization"},"potentialAction":[{"@type":"SearchAction","target":{"@type":"EntryPoint","urlTemplate":"https:\/\/www.pcmadrid.es\/tienda\/?s={search_term_string}"},"query-input":{"@type":"PropertyValueSpecification","valueRequired":true,"valueName":"search_term_string"}}],"inLanguage":"es"},{"@type":"Organization","@id":"https:\/\/www.pcmadrid.es\/tienda\/#organization","name":"PCMADRID","url":"https:\/\/www.pcmadrid.es\/tienda\/","logo":{"@type":"ImageObject","inLanguage":"es","@id":"https:\/\/www.pcmadrid.es\/tienda\/#\/schema\/logo\/image\/","url":"https:\/\/i0.wp.com\/www.pcmadrid.es\/tienda\/wp-content\/uploads\/2019\/10\/pcmadridlogo..png?fit=750%2C300&ssl=1","contentUrl":"https:\/\/i0.wp.com\/www.pcmadrid.es\/tienda\/wp-content\/uploads\/2019\/10\/pcmadridlogo..png?fit=750%2C300&ssl=1","width":750,"height":300,"caption":"PCMADRID"},"image":{"@id":"https:\/\/www.pcmadrid.es\/tienda\/#\/schema\/logo\/image\/"},"sameAs":["https:\/\/www.facebook.com\/pcmadridinformatica","https:\/\/x.com\/pc_madrid","https:\/\/www.youtube.com\/channel\/UCIbQq9k6BBrU5x2wqDIHr7A","https:\/\/www.instagram.com\/pcmadrid_informatica\/?hl=es","https:\/\/www.linkedin.com\/company\/9348326\/admin\/","https:\/\/www.pinterest.es\/pcmadrid_informatica\/"]}]}},"jetpack_sharing_enabled":true,"_links":{"self":[{"href":"https:\/\/www.pcmadrid.es\/tienda\/wp-json\/wp\/v2\/product\/12968","targetHints":{"allow":["GET"]}}],"collection":[{"href":"https:\/\/www.pcmadrid.es\/tienda\/wp-json\/wp\/v2\/product"}],"about":[{"href":"https:\/\/www.pcmadrid.es\/tienda\/wp-json\/wp\/v2\/types\/product"}],"replies":[{"embeddable":true,"href":"https:\/\/www.pcmadrid.es\/tienda\/wp-json\/wp\/v2\/comments?post=12968"}],"wp:featuredmedia":[{"embeddable":true,"href":"https:\/\/www.pcmadrid.es\/tienda\/wp-json\/wp\/v2\/media\/12967"}],"wp:attachment":[{"href":"https:\/\/www.pcmadrid.es\/tienda\/wp-json\/wp\/v2\/media?parent=12968"}],"wp:term":[{"taxonomy":"product_brand","embeddable":true,"href":"https:\/\/www.pcmadrid.es\/tienda\/wp-json\/wp\/v2\/product_brand?post=12968"},{"taxonomy":"product_cat","embeddable":true,"href":"https:\/\/www.pcmadrid.es\/tienda\/wp-json\/wp\/v2\/product_cat?post=12968"},{"taxonomy":"product_tag","embeddable":true,"href":"https:\/\/www.pcmadrid.es\/tienda\/wp-json\/wp\/v2\/product_tag?post=12968"}],"curies":[{"name":"wp","href":"https:\/\/api.w.org\/{rel}","templated":true}]}}