{"id":12974,"date":"2024-05-20T16:32:40","date_gmt":"2024-05-20T14:32:40","guid":{"rendered":"https:\/\/www.pcmadrid.es\/tienda\/producto\/teclado-y-raton-inalambricos-logitech-silent-touch-mk295-grafito\/"},"modified":"2025-06-23T13:59:08","modified_gmt":"2025-06-23T11:59:08","slug":"teclado-y-raton-inalambricos-logitech-silent-touch-mk295","status":"publish","type":"product","link":"https:\/\/www.pcmadrid.es\/tienda\/producto\/teclado-y-raton-inalambricos-logitech-silent-touch-mk295\/","title":{"rendered":"Teclado y Rat\u00f3n Inal\u00e1mbricos Logitech Silent Touch MK295 (Color Grafito)"},"content":{"rendered":"<p>&nbsp;<\/p>\n<h2 style=\"text-align: center\"><span style=\"color: #99cc00;line-height: 125%\">Teclado y Rat\u00f3n Inal\u00e1mbricos Logitech Silent Touch MK295 (Color Grafito)<\/span><\/h2>\n<p>&nbsp;<\/p>\n<h3>Silencio y Comodidad sin distracciones<\/h3>\n<p style=\"text-align: justify\">Dise\u00f1ado para un entorno de trabajo silencioso, el Teclado y Rat\u00f3n Inal\u00e1mbricos <strong><span style=\"color: #99cc00\"><a style=\"color: #99cc00\" href=\"https:\/\/www.logitech.com\/es-es\/products\/combos\/mk295-keyboard-mouse-combo.html\">Logitech Silent Touch MK295<\/a><\/span><\/strong> reduce el ruido en un 90% con su tecnolog\u00eda SilentTouch, permitiendo trabajar sin distracciones. Con teclas de acceso directo, teclado num\u00e9rico completo y un rat\u00f3n contorneado, es ideal para usuarios que buscan productividad y comodidad. La conexi\u00f3n inal\u00e1mbrica de 2,4 GHz y su alcance de 10 metros aseguran libertad de movimiento y una experiencia sin cables.<\/p>\n<h3>Especificaciones clave: Menos ruido, m\u00e1s productividad<\/h3>\n<p style=\"text-align: justify\">Trabaja en silencio y con estilo gracias al el Teclado y Rat\u00f3n Inal\u00e1mbricos <strong><span style=\"color: #99cc00\"><a style=\"color: #99cc00\" href=\"https:\/\/www.logitech.com\/es-es\/products\/combos\/mk295-keyboard-mouse-combo.html\">Logitech Silent Touch MK295<\/a><\/span><\/strong>. Este teclado de tama\u00f1o completo y rat\u00f3n ergon\u00f3mico inal\u00e1mbricos cuentan con tecnolog\u00eda SilentTouch, minimizando el ruido para mejorar la concentraci\u00f3n. El alcance de 10 metros y el dise\u00f1o compacto del receptor USB permiten un espacio de trabajo limpio y sin interferencias.<\/p>\n<p style=\"text-align: justify;padding-left: 40px\"><strong>Menos ruido, m\u00e1s concentraci\u00f3n:<\/strong> Mant\u00e9n la concentraci\u00f3n en tu trabajo, sin distracciones. La combinaci\u00f3n inal\u00e1mbrica silenciosa Logitech MK295 incluye SilentTouch, una tecnolog\u00eda exclusiva de Logitech que elimina m\u00e1s del 90% del ruido producido por teclados y ratones. Ofrece la misma sensaci\u00f3n de clic y escritura que la mejor combinaci\u00f3n de todas y sin molestos ruidos al hacer clic o escribir.<\/p>\n<p style=\"text-align: justify;padding-left: 40px\"><strong>Trabajar con menos distracciones:<\/strong> Nuestra innovadora tecnolog\u00eda SilentTouch elimina m\u00e1s del 90% de los sonidos molestos para ti y quienes est\u00e1n a tu alrededor, sin renunciar a la sensaci\u00f3n familiar de escritura y clic de la mejor combinaci\u00f3n del mundo.<\/p>\n<p style=\"text-align: justify;padding-left: 40px\"><strong>Comodidad en tama\u00f1o normal:<\/strong> El teclado de tama\u00f1o normal proporciona todo lo necesario en un dise\u00f1o elegante y eficaz. 8 pr\u00e1cticos accesos directos y un teclado num\u00e9rico completo simplifican la introducci\u00f3n de datos y la navegaci\u00f3n.<\/p>\n<p style=\"text-align: justify;padding-left: 40px\"><strong>C\u00f3modo y compacto rat\u00f3n:<\/strong> Forma contorneada y port\u00e1til. Suavidad y precisi\u00f3n al hacer clic y se\u00f1alar en la mayor\u00eda de superficies. Sin olvidar la tranquilidad posibilitada por SilentTouch.<\/p>\n<p style=\"text-align: justify;padding-left: 40px\"><strong>Tecnolog\u00eda inal\u00e1mbrica sin demoras:<\/strong> Se acabaron las interrupciones y las demoras, gracias a una conexi\u00f3n inal\u00e1mbrica robusta y fiable de 2,4 GHz con un radio de acci\u00f3n de 10 m. Despeja tu escritorio usando un receptor USB, tan peque\u00f1o que puede quedar permanentemente conectado al ordenador.<\/p>\n<p style=\"text-align: justify;padding-left: 40px\"><strong>Duraci\u00f3n de pilas prolongada:<\/strong> Las pilas del teclado ofrecen una duraci\u00f3n de 36 meses y las del rat\u00f3n 18 (con conmutadores de encendido\/apagado). Entretanto puedes olvidarte de esos engorrosos cambios.<\/p>\n<p><strong>Especificaciones:<\/strong><\/p>\n<ul>\n<li><strong>Conectividad<\/strong>: Tecnolog\u00eda inal\u00e1mbrica de 2.4 GHz con receptor USB compacto y alcance de hasta 10 metros.<\/li>\n<li><strong>Teclado<\/strong>: Tama\u00f1o completo con teclas silenciosas, 8 accesos directos y un teclado num\u00e9rico completo; resistente a salpicaduras.<\/li>\n<li><strong>Rat\u00f3n<\/strong>: Rat\u00f3n compacto y ambidiestro, con tecnolog\u00eda SilentTouch para clics silenciosos y precisi\u00f3n \u00f3ptica.<\/li>\n<li><strong>Alcance inal\u00e1mbrico<\/strong>: Hasta 10 metros de conexi\u00f3n sin interferencias, ideal para un escritorio limpio.<\/li>\n<li><strong>Compatibilidad<\/strong>: Compatible con Windows y ChromeOS, Plug and Play.<\/li>\n<\/ul>\n<h3>Especificaciones t\u00e9cnicas Logitech Silent Touch MK295<\/h3>\n<table style=\"width: 100%;border-collapse: collapse\" border=\"1\">\n<tbody>\n<tr>\n<th style=\"background-color: #f0f0f0;text-align: left;width: 100%;padding-left: 20px\" colspan=\"2\"><span style=\"font-size: 14pt\"><strong> Teclado<\/strong><\/span><\/th>\n<\/tr>\n<tr>\n<td style=\"padding-left: 40px;width: 43.7366%\">Tecnolog\u00eda de conectividad<\/td>\n<td style=\"padding-left: 40px;width: 56.2634%\">RF inal\u00e1mbrico<\/td>\n<\/tr>\n<tr>\n<td style=\"padding-left: 40px;width: 43.7366%\">Teclado num\u00e9rico<\/td>\n<td style=\"padding-left: 40px;width: 56.2634%\">S\u00ed<\/td>\n<\/tr>\n<tr>\n<td style=\"padding-left: 40px;width: 43.7366%\">Altura de teclado ajustable<\/td>\n<td style=\"padding-left: 40px;width: 56.2634%\">S\u00ed<\/td>\n<\/tr>\n<tr>\n<td style=\"padding-left: 40px;width: 43.7366%\">Indicadores LED<\/td>\n<td style=\"padding-left: 40px;width: 56.2634%\">S\u00ed<\/td>\n<\/tr>\n<tr>\n<td style=\"padding-left: 40px;width: 43.7366%\">Teclas silenciosas<\/td>\n<td style=\"padding-left: 40px;width: 56.2634%\">S\u00ed, SilentTouch Technology<\/td>\n<\/tr>\n<tr>\n<td style=\"padding-left: 40px;width: 43.7366%\">Resistencia a l\u00edquidos<\/td>\n<td style=\"padding-left: 40px;width: 56.2634%\">S\u00ed, resistencia a derrames y salpicaduras de hasta 60 ml<\/td>\n<\/tr>\n<tr>\n<td style=\"padding-left: 40px;width: 43.7366%\">Tecnolog\u00eda inal\u00e1mbrica<\/td>\n<td style=\"padding-left: 40px;width: 56.2634%\">Frecuencia de banda 2.4 GHz (10 metros)<\/td>\n<\/tr>\n<tr>\n<td style=\"padding-left: 40px;width: 43.7366%\">Conmutador de encendido\/apagado<\/td>\n<td style=\"padding-left: 40px;width: 56.2634%\">S\u00ed<\/td>\n<\/tr>\n<tr>\n<td style=\"padding-left: 40px;width: 43.7366%\">Pilas<\/td>\n<td style=\"padding-left: 40px;width: 56.2634%\">Duraci\u00f3n de pilas de hasta 24 meses<\/td>\n<\/tr>\n<tr>\n<th style=\"background-color: #f0f0f0;text-align: left;width: 100%;padding-left: 20px\" colspan=\"2\"><span style=\"font-size: 14pt\"><strong> Rat\u00f3n<\/strong><\/span><\/th>\n<\/tr>\n<tr>\n<td style=\"padding-left: 40px;width: 43.7366%\">Tecnolog\u00eda de conectividad<\/td>\n<td style=\"padding-left: 40px;width: 56.2634%\">Inal\u00e1mbrico<\/td>\n<\/tr>\n<tr>\n<td style=\"padding-left: 40px;width: 43.7366%\">N\u00famero de botones<\/td>\n<td style=\"padding-left: 40px;width: 56.2634%\">3 (clic izquierdo\/derecho, clic de bot\u00f3n central)<\/td>\n<\/tr>\n<tr>\n<td style=\"padding-left: 40px;width: 43.7366%\">Factor de forma<\/td>\n<td style=\"padding-left: 40px;width: 56.2634%\">Ambidiestro<\/td>\n<\/tr>\n<tr>\n<td style=\"padding-left: 40px;width: 43.7366%\">Resoluci\u00f3n de movimiento<\/td>\n<td style=\"padding-left: 40px;width: 56.2634%\">1000 DPI<\/td>\n<\/tr>\n<tr>\n<td style=\"padding-left: 40px;width: 43.7366%\">Tecnolog\u00eda de sensor<\/td>\n<td style=\"padding-left: 40px;width: 56.2634%\">\u00d3ptico<\/td>\n<\/tr>\n<tr>\n<td style=\"padding-left: 40px;width: 43.7366%\">Bot\u00f3n rueda<\/td>\n<td style=\"padding-left: 40px;width: 56.2634%\">S\u00ed<\/td>\n<\/tr>\n<tr>\n<td style=\"padding-left: 40px;width: 43.7366%\">Conmutador de encendido\/apagado<\/td>\n<td style=\"padding-left: 40px;width: 56.2634%\">S\u00ed<\/td>\n<\/tr>\n<tr>\n<th style=\"background-color: #f0f0f0;text-align: left;width: 100%;padding-left: 20px\" colspan=\"2\"><span style=\"font-size: 14pt\"><strong> Dimensiones y Peso<\/strong><\/span><\/th>\n<\/tr>\n<tr>\n<td style=\"padding-left: 40px;width: 43.7366%\">Teclado<\/td>\n<td style=\"padding-left: 40px;width: 56.2634%\">Altura: 18 , Anchura: 441 , Profundidad: 149 mm<\/td>\n<\/tr>\n<tr>\n<td style=\"padding-left: 40px;width: 43.7366%\">Peso Teclado<\/td>\n<td style=\"padding-left: 40px;width: 56.2634%\">498 g (con pilas)<\/td>\n<\/tr>\n<tr>\n<td style=\"padding-left: 40px;width: 43.7366%\">Rat\u00f3n<\/td>\n<td style=\"padding-left: 40px;width: 56.2634%\">Altura: 39 , Anchura: 60 , Profundidad: 99 mm<\/td>\n<\/tr>\n<tr>\n<td style=\"padding-left: 40px;width: 43.7366%\">Peso Rat\u00f3n<\/td>\n<td style=\"padding-left: 40px;width: 56.2634%\">75.2 g (con pilas)<\/td>\n<\/tr>\n<tr>\n<td style=\"padding-left: 40px;width: 43.7366%\">Nano receptor<\/td>\n<td style=\"padding-left: 40px;width: 56.2634%\">Altura: 14,4 , Anchura: 18.7 , Profundidad: 6.1 mm<\/td>\n<\/tr>\n<tr>\n<td style=\"padding-left: 40px;width: 43.7366%\">Peso Nano receptor<\/td>\n<td style=\"padding-left: 40px;width: 56.2634%\">1.8 g<\/td>\n<\/tr>\n<tr>\n<th style=\"background-color: #f0f0f0;text-align: left;width: 100%;padding-left: 20px\" colspan=\"2\"><span style=\"font-size: 14pt\"><strong> Requisitos del sistema<\/strong><\/span><\/th>\n<\/tr>\n<tr>\n<td style=\"padding-left: 40px;width: 43.7366%\">Sistema Operativo<\/td>\n<td style=\"padding-left: 40px;width: 56.2634%\">Windows\u00ae 10, 8, 7 o posterior, Chrome OS\u2122<\/td>\n<\/tr>\n<tr>\n<td style=\"padding-left: 40px;width: 43.7366%\">Puerto<\/td>\n<td style=\"padding-left: 40px;width: 56.2634%\">USB<\/td>\n<\/tr>\n<tr>\n<th style=\"background-color: #f0f0f0;text-align: left;width: 100%;padding-left: 20px\" colspan=\"2\"><span style=\"font-size: 14pt\"><strong> Contenido de la caja<\/strong><\/span><\/th>\n<\/tr>\n<tr>\n<td style=\"padding-left: 40px;width: 43.7366%\">Caja incluye<\/td>\n<td style=\"padding-left: 40px;width: 56.2634%\">Teclado, Rat\u00f3n, Receptor USB, Dos bater\u00edas AAA (teclado) y Una bater\u00eda AA (rat\u00f3n), Documentaci\u00f3n del usuario<\/td>\n<\/tr>\n<\/tbody>\n<\/table>\n<h2><span style=\"color: #99cc00;font-size: 22px\">Garant\u00eda y soporte: Seguridad para tus necesidades<\/span><\/h2>\n<p>Incluye una garant\u00eda de 3 a\u00f1os para asegurar que tu inversi\u00f3n est\u00e9 protegida. Adem\u00e1s, ofrecemos <a href=\"https:\/\/www.pcmadrid.es\/tienda\/categoria-producto\/reparaciones\/\"><span style=\"color: #99cc00\">soporte t\u00e9cnico especializado<\/span><\/a> para garantizar el \u00f3ptimo funcionamiento de tu equipo.<\/p>\n","protected":false},"excerpt":{"rendered":"<p style=\"text-align: justify\">El combo\u00a0Teclado y Rat\u00f3n Inal\u00e1mbricos Logitech Silent Touch MK295 reduce el ruido en un 90% para una experiencia silenciosa. Su receptor USB de 2.4 GHz ofrece una conexi\u00f3n confiable y sin retrasos. Con teclas de acceso directo, teclado num\u00e9rico y un alcance de 10 metros, proporciona comodidad y eficiencia, ideal para entornos de trabajo sin distracciones.<\/p>\n","protected":false},"featured_media":12973,"comment_status":"open","ping_status":"closed","template":"","meta":{"_et_pb_use_builder":"","_et_pb_old_content":"","_et_gb_content_width":""},"product_brand":[],"product_cat":[530,65],"product_tag":[],"class_list":{"0":"post-12974","1":"product","2":"type-product","3":"status-publish","4":"has-post-thumbnail","6":"product_cat-teclados","7":"product_cat-todos","9":"first","10":"instock","11":"taxable","12":"shipping-taxable","13":"purchasable","14":"product-type-simple"},"yoast_head":"<!-- This site is optimized with the Yoast SEO plugin v26.5 - https:\/\/yoast.com\/wordpress\/plugins\/seo\/ -->\n<title>Teclado y Rat\u00f3n Inal\u00e1mbricos Logitech Silent Touch MK295 (Color Grafito) | Tienda PCMADRID<\/title>\n<meta name=\"description\" content=\"Teclado y Rat\u00f3n Inal\u00e1mbricos Logitech Silent Touch MK295 , 90% reduci\u00f3n ruido, conexi\u00f3n USB 2.4 GHz, accesos directo. Silencio, comodidad y eficiencia.\" \/>\n<meta name=\"robots\" content=\"index, follow, max-snippet:-1, max-image-preview:large, max-video-preview:-1\" \/>\n<link rel=\"canonical\" href=\"https:\/\/www.pcmadrid.es\/tienda\/producto\/teclado-y-raton-inalambricos-logitech-silent-touch-mk295\/\" \/>\n<meta name=\"twitter:label1\" content=\"Tiempo de lectura\" \/>\n\t<meta name=\"twitter:data1\" content=\"4 minutos\" \/>\n<script type=\"application\/ld+json\" class=\"yoast-schema-graph\">{\"@context\":\"https:\/\/schema.org\",\"@graph\":[{\"@type\":\"WebPage\",\"@id\":\"https:\/\/www.pcmadrid.es\/tienda\/producto\/teclado-y-raton-inalambricos-logitech-silent-touch-mk295\/\",\"url\":\"https:\/\/www.pcmadrid.es\/tienda\/producto\/teclado-y-raton-inalambricos-logitech-silent-touch-mk295\/\",\"name\":\"Teclado y Rat\u00f3n Inal\u00e1mbricos Logitech Silent Touch MK295 (Color Grafito) | Tienda PCMADRID\",\"isPartOf\":{\"@id\":\"https:\/\/www.pcmadrid.es\/tienda\/#website\"},\"primaryImageOfPage\":{\"@id\":\"https:\/\/www.pcmadrid.es\/tienda\/producto\/teclado-y-raton-inalambricos-logitech-silent-touch-mk295\/#primaryimage\"},\"image\":{\"@id\":\"https:\/\/www.pcmadrid.es\/tienda\/producto\/teclado-y-raton-inalambricos-logitech-silent-touch-mk295\/#primaryimage\"},\"thumbnailUrl\":\"https:\/\/i0.wp.com\/www.pcmadrid.es\/tienda\/wp-content\/uploads\/2024\/05\/art_log-desk20920-009798_1.jpg?fit=448%2C448&ssl=1\",\"datePublished\":\"2024-05-20T14:32:40+00:00\",\"dateModified\":\"2025-06-23T11:59:08+00:00\",\"description\":\"Teclado y Rat\u00f3n Inal\u00e1mbricos Logitech Silent Touch MK295 , 90% reduci\u00f3n ruido, conexi\u00f3n USB 2.4 GHz, accesos directo. Silencio, comodidad y eficiencia.\",\"breadcrumb\":{\"@id\":\"https:\/\/www.pcmadrid.es\/tienda\/producto\/teclado-y-raton-inalambricos-logitech-silent-touch-mk295\/#breadcrumb\"},\"inLanguage\":\"es\",\"potentialAction\":[{\"@type\":\"ReadAction\",\"target\":[\"https:\/\/www.pcmadrid.es\/tienda\/producto\/teclado-y-raton-inalambricos-logitech-silent-touch-mk295\/\"]}]},{\"@type\":\"ImageObject\",\"inLanguage\":\"es\",\"@id\":\"https:\/\/www.pcmadrid.es\/tienda\/producto\/teclado-y-raton-inalambricos-logitech-silent-touch-mk295\/#primaryimage\",\"url\":\"https:\/\/i0.wp.com\/www.pcmadrid.es\/tienda\/wp-content\/uploads\/2024\/05\/art_log-desk20920-009798_1.jpg?fit=448%2C448&ssl=1\",\"contentUrl\":\"https:\/\/i0.wp.com\/www.pcmadrid.es\/tienda\/wp-content\/uploads\/2024\/05\/art_log-desk20920-009798_1.jpg?fit=448%2C448&ssl=1\",\"width\":448,\"height\":448},{\"@type\":\"BreadcrumbList\",\"@id\":\"https:\/\/www.pcmadrid.es\/tienda\/producto\/teclado-y-raton-inalambricos-logitech-silent-touch-mk295\/#breadcrumb\",\"itemListElement\":[{\"@type\":\"ListItem\",\"position\":1,\"name\":\"Portada\",\"item\":\"https:\/\/www.pcmadrid.es\/tienda\/\"},{\"@type\":\"ListItem\",\"position\":2,\"name\":\"Todos los productos\",\"item\":\"https:\/\/www.pcmadrid.es\/tienda\/todos-los-productos\/\"},{\"@type\":\"ListItem\",\"position\":3,\"name\":\"Teclado y Rat\u00f3n Inal\u00e1mbricos Logitech Silent Touch MK295 (Color Grafito)\"}]},{\"@type\":\"WebSite\",\"@id\":\"https:\/\/www.pcmadrid.es\/tienda\/#website\",\"url\":\"https:\/\/www.pcmadrid.es\/tienda\/\",\"name\":\"Tienda PCMADRID\",\"description\":\"Venta y reparaciones de ordenadores\",\"publisher\":{\"@id\":\"https:\/\/www.pcmadrid.es\/tienda\/#organization\"},\"potentialAction\":[{\"@type\":\"SearchAction\",\"target\":{\"@type\":\"EntryPoint\",\"urlTemplate\":\"https:\/\/www.pcmadrid.es\/tienda\/?s={search_term_string}\"},\"query-input\":{\"@type\":\"PropertyValueSpecification\",\"valueRequired\":true,\"valueName\":\"search_term_string\"}}],\"inLanguage\":\"es\"},{\"@type\":\"Organization\",\"@id\":\"https:\/\/www.pcmadrid.es\/tienda\/#organization\",\"name\":\"PCMADRID\",\"url\":\"https:\/\/www.pcmadrid.es\/tienda\/\",\"logo\":{\"@type\":\"ImageObject\",\"inLanguage\":\"es\",\"@id\":\"https:\/\/www.pcmadrid.es\/tienda\/#\/schema\/logo\/image\/\",\"url\":\"https:\/\/i0.wp.com\/www.pcmadrid.es\/tienda\/wp-content\/uploads\/2019\/10\/pcmadridlogo..png?fit=750%2C300&ssl=1\",\"contentUrl\":\"https:\/\/i0.wp.com\/www.pcmadrid.es\/tienda\/wp-content\/uploads\/2019\/10\/pcmadridlogo..png?fit=750%2C300&ssl=1\",\"width\":750,\"height\":300,\"caption\":\"PCMADRID\"},\"image\":{\"@id\":\"https:\/\/www.pcmadrid.es\/tienda\/#\/schema\/logo\/image\/\"},\"sameAs\":[\"https:\/\/www.facebook.com\/pcmadridinformatica\",\"https:\/\/x.com\/pc_madrid\",\"https:\/\/www.youtube.com\/channel\/UCIbQq9k6BBrU5x2wqDIHr7A\",\"https:\/\/www.instagram.com\/pcmadrid_informatica\/?hl=es\",\"https:\/\/www.linkedin.com\/company\/9348326\/admin\/\",\"https:\/\/www.pinterest.es\/pcmadrid_informatica\/\"]}]}<\/script>\n<!-- \/ Yoast SEO plugin. -->","yoast_head_json":{"title":"Teclado y Rat\u00f3n Inal\u00e1mbricos Logitech Silent Touch MK295 (Color Grafito) | Tienda PCMADRID","description":"Teclado y Rat\u00f3n Inal\u00e1mbricos Logitech Silent Touch MK295 , 90% reduci\u00f3n ruido, conexi\u00f3n USB 2.4 GHz, accesos directo. Silencio, comodidad y eficiencia.","robots":{"index":"index","follow":"follow","max-snippet":"max-snippet:-1","max-image-preview":"max-image-preview:large","max-video-preview":"max-video-preview:-1"},"canonical":"https:\/\/www.pcmadrid.es\/tienda\/producto\/teclado-y-raton-inalambricos-logitech-silent-touch-mk295\/","twitter_misc":{"Tiempo de lectura":"4 minutos"},"schema":{"@context":"https:\/\/schema.org","@graph":[{"@type":"WebPage","@id":"https:\/\/www.pcmadrid.es\/tienda\/producto\/teclado-y-raton-inalambricos-logitech-silent-touch-mk295\/","url":"https:\/\/www.pcmadrid.es\/tienda\/producto\/teclado-y-raton-inalambricos-logitech-silent-touch-mk295\/","name":"Teclado y Rat\u00f3n Inal\u00e1mbricos Logitech Silent Touch MK295 (Color Grafito) | Tienda PCMADRID","isPartOf":{"@id":"https:\/\/www.pcmadrid.es\/tienda\/#website"},"primaryImageOfPage":{"@id":"https:\/\/www.pcmadrid.es\/tienda\/producto\/teclado-y-raton-inalambricos-logitech-silent-touch-mk295\/#primaryimage"},"image":{"@id":"https:\/\/www.pcmadrid.es\/tienda\/producto\/teclado-y-raton-inalambricos-logitech-silent-touch-mk295\/#primaryimage"},"thumbnailUrl":"https:\/\/i0.wp.com\/www.pcmadrid.es\/tienda\/wp-content\/uploads\/2024\/05\/art_log-desk20920-009798_1.jpg?fit=448%2C448&ssl=1","datePublished":"2024-05-20T14:32:40+00:00","dateModified":"2025-06-23T11:59:08+00:00","description":"Teclado y Rat\u00f3n Inal\u00e1mbricos Logitech Silent Touch MK295 , 90% reduci\u00f3n ruido, conexi\u00f3n USB 2.4 GHz, accesos directo. Silencio, comodidad y eficiencia.","breadcrumb":{"@id":"https:\/\/www.pcmadrid.es\/tienda\/producto\/teclado-y-raton-inalambricos-logitech-silent-touch-mk295\/#breadcrumb"},"inLanguage":"es","potentialAction":[{"@type":"ReadAction","target":["https:\/\/www.pcmadrid.es\/tienda\/producto\/teclado-y-raton-inalambricos-logitech-silent-touch-mk295\/"]}]},{"@type":"ImageObject","inLanguage":"es","@id":"https:\/\/www.pcmadrid.es\/tienda\/producto\/teclado-y-raton-inalambricos-logitech-silent-touch-mk295\/#primaryimage","url":"https:\/\/i0.wp.com\/www.pcmadrid.es\/tienda\/wp-content\/uploads\/2024\/05\/art_log-desk20920-009798_1.jpg?fit=448%2C448&ssl=1","contentUrl":"https:\/\/i0.wp.com\/www.pcmadrid.es\/tienda\/wp-content\/uploads\/2024\/05\/art_log-desk20920-009798_1.jpg?fit=448%2C448&ssl=1","width":448,"height":448},{"@type":"BreadcrumbList","@id":"https:\/\/www.pcmadrid.es\/tienda\/producto\/teclado-y-raton-inalambricos-logitech-silent-touch-mk295\/#breadcrumb","itemListElement":[{"@type":"ListItem","position":1,"name":"Portada","item":"https:\/\/www.pcmadrid.es\/tienda\/"},{"@type":"ListItem","position":2,"name":"Todos los productos","item":"https:\/\/www.pcmadrid.es\/tienda\/todos-los-productos\/"},{"@type":"ListItem","position":3,"name":"Teclado y Rat\u00f3n Inal\u00e1mbricos Logitech Silent Touch MK295 (Color Grafito)"}]},{"@type":"WebSite","@id":"https:\/\/www.pcmadrid.es\/tienda\/#website","url":"https:\/\/www.pcmadrid.es\/tienda\/","name":"Tienda PCMADRID","description":"Venta y reparaciones de ordenadores","publisher":{"@id":"https:\/\/www.pcmadrid.es\/tienda\/#organization"},"potentialAction":[{"@type":"SearchAction","target":{"@type":"EntryPoint","urlTemplate":"https:\/\/www.pcmadrid.es\/tienda\/?s={search_term_string}"},"query-input":{"@type":"PropertyValueSpecification","valueRequired":true,"valueName":"search_term_string"}}],"inLanguage":"es"},{"@type":"Organization","@id":"https:\/\/www.pcmadrid.es\/tienda\/#organization","name":"PCMADRID","url":"https:\/\/www.pcmadrid.es\/tienda\/","logo":{"@type":"ImageObject","inLanguage":"es","@id":"https:\/\/www.pcmadrid.es\/tienda\/#\/schema\/logo\/image\/","url":"https:\/\/i0.wp.com\/www.pcmadrid.es\/tienda\/wp-content\/uploads\/2019\/10\/pcmadridlogo..png?fit=750%2C300&ssl=1","contentUrl":"https:\/\/i0.wp.com\/www.pcmadrid.es\/tienda\/wp-content\/uploads\/2019\/10\/pcmadridlogo..png?fit=750%2C300&ssl=1","width":750,"height":300,"caption":"PCMADRID"},"image":{"@id":"https:\/\/www.pcmadrid.es\/tienda\/#\/schema\/logo\/image\/"},"sameAs":["https:\/\/www.facebook.com\/pcmadridinformatica","https:\/\/x.com\/pc_madrid","https:\/\/www.youtube.com\/channel\/UCIbQq9k6BBrU5x2wqDIHr7A","https:\/\/www.instagram.com\/pcmadrid_informatica\/?hl=es","https:\/\/www.linkedin.com\/company\/9348326\/admin\/","https:\/\/www.pinterest.es\/pcmadrid_informatica\/"]}]}},"jetpack_sharing_enabled":true,"_links":{"self":[{"href":"https:\/\/www.pcmadrid.es\/tienda\/wp-json\/wp\/v2\/product\/12974","targetHints":{"allow":["GET"]}}],"collection":[{"href":"https:\/\/www.pcmadrid.es\/tienda\/wp-json\/wp\/v2\/product"}],"about":[{"href":"https:\/\/www.pcmadrid.es\/tienda\/wp-json\/wp\/v2\/types\/product"}],"replies":[{"embeddable":true,"href":"https:\/\/www.pcmadrid.es\/tienda\/wp-json\/wp\/v2\/comments?post=12974"}],"wp:featuredmedia":[{"embeddable":true,"href":"https:\/\/www.pcmadrid.es\/tienda\/wp-json\/wp\/v2\/media\/12973"}],"wp:attachment":[{"href":"https:\/\/www.pcmadrid.es\/tienda\/wp-json\/wp\/v2\/media?parent=12974"}],"wp:term":[{"taxonomy":"product_brand","embeddable":true,"href":"https:\/\/www.pcmadrid.es\/tienda\/wp-json\/wp\/v2\/product_brand?post=12974"},{"taxonomy":"product_cat","embeddable":true,"href":"https:\/\/www.pcmadrid.es\/tienda\/wp-json\/wp\/v2\/product_cat?post=12974"},{"taxonomy":"product_tag","embeddable":true,"href":"https:\/\/www.pcmadrid.es\/tienda\/wp-json\/wp\/v2\/product_tag?post=12974"}],"curies":[{"name":"wp","href":"https:\/\/api.w.org\/{rel}","templated":true}]}}