{"id":12980,"date":"2024-05-20T16:32:43","date_gmt":"2024-05-20T14:32:43","guid":{"rendered":"https:\/\/www.pcmadrid.es\/tienda\/producto\/teclado-y-raton-inalambricos-logitech-wireless-combo-mk270-2\/"},"modified":"2025-06-23T13:59:09","modified_gmt":"2025-06-23T11:59:09","slug":"teclado-y-raton-inalambricos-logitech-mk270","status":"publish","type":"product","link":"https:\/\/www.pcmadrid.es\/tienda\/producto\/teclado-y-raton-inalambricos-logitech-mk270\/","title":{"rendered":"Teclado y Rat\u00f3n Inal\u00e1mbricos Logitech MK270"},"content":{"rendered":"<p>&nbsp;<\/p>\n<h2 style=\"text-align: center\"><span style=\"color: #99cc00;line-height: 125%\">Teclado y Rat\u00f3n Inal\u00e1mbricos Logitech MK270<\/span><\/h2>\n<p>&nbsp;<\/p>\n<h3>Libertad Inal\u00e1mbrica con Comodidad y Productividad<\/h3>\n<p style=\"text-align: justify\">El Teclado y Rat\u00f3n Inal\u00e1mbricos <strong><span style=\"color: #99cc00\"><a style=\"color: #99cc00\" href=\"https:\/\/support.logi.com\/hc\/es-mx\/articles\/360023465373-Especificaciones-t%C3%A9cnicas-de-Logitech-Wireless-Combo-MK270\">Logitech Wireless MK270<\/a><\/span><\/strong> es un combo con tecnolog\u00eda inal\u00e1mbrica avanzada de 2,4 GHz, ideal para usuarios que buscan libertad y eficiencia. Con un alcance de hasta 10 metros, 8 teclas multimedia, teclado de tama\u00f1o completo, resistente a salpicaduras y un mouse port\u00e1til y ergon\u00f3mico que se adapta a ambas manos, este,combo te permite trabajar c\u00f3modamente y sin esfuerzo desde cualquier lugar.<\/p>\n<h3>Especificaciones clave: Pr\u00e1ctico, Compacto y Confiable<\/h3>\n<p style=\"text-align: justify\">Con conexi\u00f3n Plug &amp; Play, bater\u00edas de larga duraci\u00f3n y dise\u00f1o resistente, el MK270 es perfecto para el hogar o la oficina. Accede a tus aplicaciones y controla tu multimedia sin esfuerzo.<\/p>\n<p style=\"padding-left: 40px;text-align: justify\"><strong>Para trabajar o jugar desde m\u00e1s lugares como si estuvieses en el sof\u00e1:<\/strong> la conexi\u00f3n inal\u00e1mbrica elimina casi por completo retrasos, interrupciones e interferencias y ofrece un alcance de hasta 10 metros*<\/p>\n<p style=\"padding-left: 40px;text-align: justify\"><strong>Rat\u00f3n port\u00e1til:<\/strong> Con un tama\u00f1o pr\u00e1ctico y el min\u00fasculo nano receptor que se almacena dentro, el atractivo mouse se lleva f\u00e1cilmente con la computadora.<\/p>\n<p style=\"padding-left: 40px;text-align: justify\"><strong>Duraci\u00f3n de bater\u00edas prolongada:<\/strong> Las bater\u00edas del teclado ofrecen una duraci\u00f3n de 24 meses y las del mouse 12, y mientras tanto vive sin preocupaciones de cambios de bater\u00edas .**<\/p>\n<p style=\"padding-left: 40px;text-align: justify\"><strong>Ocho botones de acceso r\u00e1pido:<\/strong> Tus actividades m\u00e1s frecuentes muy a mano con ocho botones de acceso r\u00e1pido para acceder inmediatamente a pel\u00edculas, m\u00fasica, Internet, correo electr\u00f3nico, funciones de reproducci\u00f3n\/pausa, volumen y mucho m\u00e1s.<\/p>\n<p style=\"padding-left: 40px;text-align: justify\"><strong>Teclado de tama\u00f1o normal resistente a salpicaduras:<\/strong> El teclado de tama\u00f1o normal con teclado num\u00e9rico, teclas de direcci\u00f3n y nueve teclas F es c\u00f3modo, pr\u00e1ctico y robusto.<\/p>\n<p style=\"padding-left: 40px;text-align: justify\"><strong>Simplicidad Plug and Play:<\/strong> La instalaci\u00f3n es facil\u00edsima: basta con conectar el receptor inal\u00e1mbrico al puerto USB de la computadora para empezar a usar el teclado inmediatamente sin software.<\/p>\n<p><strong>Especificaciones:<\/strong><\/p>\n<ul>\n<li style=\"text-align: justify\"><strong>Conectividad:<\/strong> Inal\u00e1mbrica avanzada de 2,4 GHz con receptor USB\u00a0 que proporciona una conexi\u00f3n de hasta 10 metros sin interrupciones ni interferencias.<\/li>\n<li style=\"text-align: justify\"><strong>Teclado:<\/strong> Tama\u00f1o completo con bloque num\u00e9rico, 8 teclas de acceso r\u00e1pido para multimedia y aplicaciones y dise\u00f1o resistente a salpicaduras.<\/li>\n<li style=\"text-align: justify\"><strong>Rat\u00f3n:<\/strong> Compacto, ambidiestro, con sensor \u00f3ptico de alta precisi\u00f3n.<\/li>\n<li style=\"text-align: justify\"><strong>Alcance inal\u00e1mbrico:<\/strong> Hasta 10 metros sin interrupciones ni interferencias.<\/li>\n<li style=\"text-align: justify\"><strong>Compatibilidad:<\/strong> Compatible con Windows 7, Windows 8, Windows 10 o superior.<\/li>\n<\/ul>\n<h3>Beneficios clave: Comodidad y Conexi\u00f3n Inal\u00e1mbrica Confiable<\/h3>\n<p style=\"text-align: justify\">Con el Teclado y Rat\u00f3n Inal\u00e1mbricos <strong><span style=\"color: #99cc00\"><a style=\"color: #99cc00\" href=\"https:\/\/support.logi.com\/hc\/es-mx\/articles\/360023465373-Especificaciones-t%C3%A9cnicas-de-Logitech-Wireless-Combo-MK270\">Logitech MK270<\/a><\/span><\/strong> disfruta de libertad para trabajar desde cualquier rinc\u00f3n de la habitaci\u00f3n, sin cables enredados. La tecnolog\u00eda de 2,4 GHz asegura una conexi\u00f3n estable sin retrasos, ideal para trabajar o estudiar c\u00f3modamente. El teclado de tama\u00f1o completo, resistente a salpicaduras y con teclas de acceso r\u00e1pido, proporciona una experiencia de escritura c\u00f3moda y duradera. Ideal para usuarios multitarea que buscan practicidad y robustez.Lleva el rat\u00f3n a cualquier lugar y \u00fasalo c\u00f3modamente gracias a su dise\u00f1o compacto y sim\u00e9trico, perfecto para ambas manos. Su sensor \u00f3ptico garantiza una navegaci\u00f3n precisa.<\/p>\n<h3>Especificaciones t\u00e9cnicas Teclado y Rat\u00f3n Inal\u00e1mbricos Logitech MK270<\/h3>\n<table style=\"width: 100%;border-collapse: collapse\" border=\"1\">\n<tbody>\n<tr>\n<th style=\"background-color: #f0f0f0;text-align: left;width: 100%\" colspan=\"2\"><span style=\"font-size: 14pt\"><strong>\u00a0 Teclado<\/strong><\/span><\/th>\n<\/tr>\n<tr>\n<td style=\"padding-left: 40px;width: 43.7366%\">Tecnolog\u00eda de conectividad<\/td>\n<td style=\"padding-left: 40px;width: 56.2634%\">Inal\u00e1mbrico<\/td>\n<\/tr>\n<tr>\n<td style=\"padding-left: 40px;width: 43.7366%\">Teclado num\u00e9rico<\/td>\n<td style=\"padding-left: 40px;width: 56.2634%\">S\u00ed<\/td>\n<\/tr>\n<tr>\n<td style=\"padding-left: 40px;width: 43.7366%\">Resistencia a l\u00edquidos<\/td>\n<td style=\"padding-left: 40px;width: 56.2634%\">S\u00ed, hasta 60 ml<\/td>\n<\/tr>\n<tr>\n<td style=\"padding-left: 40px;width: 43.7366%\">Teclado ajustable<\/td>\n<td style=\"padding-left: 40px;width: 56.2634%\">2 posiciones<\/td>\n<\/tr>\n<tr>\n<td style=\"padding-left: 40px;width: 43.7366%\">Tecnolog\u00eda inal\u00e1mbrica<\/td>\n<td style=\"padding-left: 40px;width: 56.2634%\">Frecuencia de banda 2.4 GHz (10 metros)<\/td>\n<\/tr>\n<tr>\n<td style=\"padding-left: 40px;width: 43.7366%\">Conmutador de encendido\/apagado<\/td>\n<td style=\"padding-left: 40px;width: 56.2634%\">S\u00ed<\/td>\n<\/tr>\n<tr>\n<td style=\"padding-left: 40px;width: 43.7366%\">Pilas<\/td>\n<td style=\"padding-left: 40px;width: 56.2634%\">Duraci\u00f3n de hasta 24 meses<\/td>\n<\/tr>\n<tr>\n<td style=\"padding-left: 40px;width: 43.7366%\">Receptor<\/td>\n<td style=\"padding-left: 40px;width: 56.2634%\">Diminuto receptor USB<\/td>\n<\/tr>\n<tr>\n<th style=\"background-color: #f0f0f0;text-align: left;width: 100%\" colspan=\"2\"><span style=\"font-size: 14pt\"><strong>\u00a0 Rat\u00f3n<\/strong><\/span><\/th>\n<\/tr>\n<tr>\n<td style=\"padding-left: 40px;width: 43.7366%\">Tecnolog\u00eda de conectividad<\/td>\n<td style=\"padding-left: 40px;width: 56.2634%\">Inal\u00e1mbrico<\/td>\n<\/tr>\n<tr>\n<td style=\"padding-left: 40px;width: 43.7366%\">Factor de forma<\/td>\n<td style=\"padding-left: 40px;width: 56.2634%\">Ambidiestro<\/td>\n<\/tr>\n<tr>\n<td style=\"padding-left: 40px;width: 43.7366%\">Resoluci\u00f3n de movimiento<\/td>\n<td style=\"padding-left: 40px;width: 56.2634%\">1000 DPI<\/td>\n<\/tr>\n<tr>\n<td style=\"padding-left: 40px;width: 43.7366%\">Tecnolog\u00eda de detecci\u00f3n de movimientos<\/td>\n<td style=\"padding-left: 40px;width: 56.2634%\">\u00d3ptico<\/td>\n<\/tr>\n<tr>\n<td style=\"padding-left: 40px;width: 43.7366%\">Conmutador de encendido\/apagado<\/td>\n<td style=\"padding-left: 40px;width: 56.2634%\">S\u00ed<\/td>\n<\/tr>\n<tr>\n<td style=\"padding-left: 40px;width: 43.7366%\">Pilas<\/td>\n<td style=\"padding-left: 40px;width: 56.2634%\">Duraci\u00f3n de hasta 12 meses<\/td>\n<\/tr>\n<tr>\n<th style=\"background-color: #f0f0f0;text-align: left;width: 100%\" colspan=\"2\"><span style=\"font-size: 14pt\"><strong>\u00a0 Dimensiones y Peso<\/strong><\/span><\/th>\n<\/tr>\n<tr>\n<td style=\"padding-left: 40px;width: 43.7366%\">Teclado<\/td>\n<td style=\"padding-left: 40px;width: 56.2634%\">441 x 149 x 18 mm<\/td>\n<\/tr>\n<tr>\n<td style=\"padding-left: 40px;width: 43.7366%\">Peso Teclado<\/td>\n<td style=\"padding-left: 40px;width: 56.2634%\">498 g (sin pilas)<\/td>\n<\/tr>\n<tr>\n<td style=\"padding-left: 40px;width: 43.7366%\">Rat\u00f3n<\/td>\n<td style=\"padding-left: 40px;width: 56.2634%\">60 x 39 x 99 mm<\/td>\n<\/tr>\n<tr>\n<td style=\"padding-left: 40px;width: 43.7366%\">Peso Rat\u00f3n<\/td>\n<td style=\"padding-left: 40px;width: 56.2634%\">75,2 g (sin pilas, sin receptor)<\/td>\n<\/tr>\n<tr>\n<th style=\"background-color: #f0f0f0;text-align: left;width: 100%\" colspan=\"2\"><span style=\"font-size: 14pt\"><strong>\u00a0 Requisitos del sistema<\/strong><\/span><\/th>\n<\/tr>\n<tr>\n<td style=\"padding-left: 40px;width: 43.7366%\">PC compatible<\/td>\n<td style=\"padding-left: 40px;width: 56.2634%\">Windows XP, Vista, 7 o superior<\/td>\n<\/tr>\n<tr>\n<td style=\"padding-left: 40px;width: 43.7366%\">Puerto<\/td>\n<td style=\"padding-left: 40px;width: 56.2634%\">USB<\/td>\n<\/tr>\n<tr>\n<th style=\"background-color: #f0f0f0;text-align: left;width: 100%\" colspan=\"2\"><span style=\"font-size: 14pt\"><strong>\u00a0 Contenido de la caja<\/strong><\/span><\/th>\n<\/tr>\n<tr>\n<td style=\"padding-left: 40px;width: 43.7366%\">Caja incluye<\/td>\n<td style=\"padding-left: 40px;width: 56.2634%\">Teclado, Mouse, Receptor USB, Ampliador de radio USB, 2 bater\u00edas AAA (teclado), 2 bater\u00edas AA (mouse), Documentaci\u00f3n del usuario<\/td>\n<\/tr>\n<\/tbody>\n<\/table>\n<h3>Garant\u00eda y soporte<\/h3>\n<p style=\"text-align: justify\">Incluye una garant\u00eda de 3 a\u00f1os para asegurar que tu inversi\u00f3n est\u00e9 protegida. Adem\u00e1s, ofrecemos <a href=\"https:\/\/www.pcmadrid.es\/tienda\/categoria-producto\/reparaciones\/\"><span style=\"color: #99cc00\">soporte t\u00e9cnico especializado<\/span><\/a> para garantizar el \u00f3ptimo funcionamiento de tu equipo.<\/p>\n","protected":false},"excerpt":{"rendered":"<p style=\"text-align: justify\">El combo Teclado y Rat\u00f3n Inal\u00e1mbricos Logitech MK270 esta dise\u00f1ado para productividad y comodidad. Conexi\u00f3n USB de 2,4 GHz y alcance de hasta 10 metros, se garantiza una conexi\u00f3n estable. El teclado tiene 8 teclas multimedia y accesos directos, mientras que el rat\u00f3n compacto y ambidiestro ofrece f\u00e1cil portabilidad y precisi\u00f3n.<\/p>\n","protected":false},"featured_media":12979,"comment_status":"open","ping_status":"closed","template":"","meta":{"_et_pb_use_builder":"","_et_pb_old_content":"","_et_gb_content_width":""},"product_brand":[],"product_cat":[530,65],"product_tag":[],"class_list":{"0":"post-12980","1":"product","2":"type-product","3":"status-publish","4":"has-post-thumbnail","6":"product_cat-teclados","7":"product_cat-todos","9":"first","10":"instock","11":"taxable","12":"shipping-taxable","13":"purchasable","14":"product-type-simple"},"yoast_head":"<!-- This site is optimized with the Yoast SEO plugin v26.5 - https:\/\/yoast.com\/wordpress\/plugins\/seo\/ -->\n<title>Teclado y Rat\u00f3n Inal\u00e1mbricos Logitech MK270 | Tienda PCMADRID<\/title>\n<meta name=\"description\" content=\"Teclado y Rat\u00f3n Inal\u00e1mbricos Logitech MK270, conexi\u00f3n USB 2,4 GHz , teclas multimedia, accesos directos, rat\u00f3n ambidiestro. Productividad y comodidad.\" \/>\n<meta name=\"robots\" content=\"index, follow, max-snippet:-1, max-image-preview:large, max-video-preview:-1\" \/>\n<link rel=\"canonical\" href=\"https:\/\/www.pcmadrid.es\/tienda\/producto\/teclado-y-raton-inalambricos-logitech-mk270\/\" \/>\n<meta name=\"twitter:label1\" content=\"Tiempo de lectura\" \/>\n\t<meta name=\"twitter:data1\" content=\"4 minutos\" \/>\n<script type=\"application\/ld+json\" class=\"yoast-schema-graph\">{\"@context\":\"https:\/\/schema.org\",\"@graph\":[{\"@type\":\"WebPage\",\"@id\":\"https:\/\/www.pcmadrid.es\/tienda\/producto\/teclado-y-raton-inalambricos-logitech-mk270\/\",\"url\":\"https:\/\/www.pcmadrid.es\/tienda\/producto\/teclado-y-raton-inalambricos-logitech-mk270\/\",\"name\":\"Teclado y Rat\u00f3n Inal\u00e1mbricos Logitech MK270 | Tienda PCMADRID\",\"isPartOf\":{\"@id\":\"https:\/\/www.pcmadrid.es\/tienda\/#website\"},\"primaryImageOfPage\":{\"@id\":\"https:\/\/www.pcmadrid.es\/tienda\/producto\/teclado-y-raton-inalambricos-logitech-mk270\/#primaryimage\"},\"image\":{\"@id\":\"https:\/\/www.pcmadrid.es\/tienda\/producto\/teclado-y-raton-inalambricos-logitech-mk270\/#primaryimage\"},\"thumbnailUrl\":\"https:\/\/i0.wp.com\/www.pcmadrid.es\/tienda\/wp-content\/uploads\/2024\/05\/art_log-desk20mk270_1.jpg?fit=448%2C448&ssl=1\",\"datePublished\":\"2024-05-20T14:32:43+00:00\",\"dateModified\":\"2025-06-23T11:59:09+00:00\",\"description\":\"Teclado y Rat\u00f3n Inal\u00e1mbricos Logitech MK270, conexi\u00f3n USB 2,4 GHz , teclas multimedia, accesos directos, rat\u00f3n ambidiestro. Productividad y comodidad.\",\"breadcrumb\":{\"@id\":\"https:\/\/www.pcmadrid.es\/tienda\/producto\/teclado-y-raton-inalambricos-logitech-mk270\/#breadcrumb\"},\"inLanguage\":\"es\",\"potentialAction\":[{\"@type\":\"ReadAction\",\"target\":[\"https:\/\/www.pcmadrid.es\/tienda\/producto\/teclado-y-raton-inalambricos-logitech-mk270\/\"]}]},{\"@type\":\"ImageObject\",\"inLanguage\":\"es\",\"@id\":\"https:\/\/www.pcmadrid.es\/tienda\/producto\/teclado-y-raton-inalambricos-logitech-mk270\/#primaryimage\",\"url\":\"https:\/\/i0.wp.com\/www.pcmadrid.es\/tienda\/wp-content\/uploads\/2024\/05\/art_log-desk20mk270_1.jpg?fit=448%2C448&ssl=1\",\"contentUrl\":\"https:\/\/i0.wp.com\/www.pcmadrid.es\/tienda\/wp-content\/uploads\/2024\/05\/art_log-desk20mk270_1.jpg?fit=448%2C448&ssl=1\",\"width\":448,\"height\":448},{\"@type\":\"BreadcrumbList\",\"@id\":\"https:\/\/www.pcmadrid.es\/tienda\/producto\/teclado-y-raton-inalambricos-logitech-mk270\/#breadcrumb\",\"itemListElement\":[{\"@type\":\"ListItem\",\"position\":1,\"name\":\"Portada\",\"item\":\"https:\/\/www.pcmadrid.es\/tienda\/\"},{\"@type\":\"ListItem\",\"position\":2,\"name\":\"Todos los productos\",\"item\":\"https:\/\/www.pcmadrid.es\/tienda\/todos-los-productos\/\"},{\"@type\":\"ListItem\",\"position\":3,\"name\":\"Teclado y Rat\u00f3n Inal\u00e1mbricos Logitech MK270\"}]},{\"@type\":\"WebSite\",\"@id\":\"https:\/\/www.pcmadrid.es\/tienda\/#website\",\"url\":\"https:\/\/www.pcmadrid.es\/tienda\/\",\"name\":\"Tienda PCMADRID\",\"description\":\"Venta y reparaciones de ordenadores\",\"publisher\":{\"@id\":\"https:\/\/www.pcmadrid.es\/tienda\/#organization\"},\"potentialAction\":[{\"@type\":\"SearchAction\",\"target\":{\"@type\":\"EntryPoint\",\"urlTemplate\":\"https:\/\/www.pcmadrid.es\/tienda\/?s={search_term_string}\"},\"query-input\":{\"@type\":\"PropertyValueSpecification\",\"valueRequired\":true,\"valueName\":\"search_term_string\"}}],\"inLanguage\":\"es\"},{\"@type\":\"Organization\",\"@id\":\"https:\/\/www.pcmadrid.es\/tienda\/#organization\",\"name\":\"PCMADRID\",\"url\":\"https:\/\/www.pcmadrid.es\/tienda\/\",\"logo\":{\"@type\":\"ImageObject\",\"inLanguage\":\"es\",\"@id\":\"https:\/\/www.pcmadrid.es\/tienda\/#\/schema\/logo\/image\/\",\"url\":\"https:\/\/i0.wp.com\/www.pcmadrid.es\/tienda\/wp-content\/uploads\/2019\/10\/pcmadridlogo..png?fit=750%2C300&ssl=1\",\"contentUrl\":\"https:\/\/i0.wp.com\/www.pcmadrid.es\/tienda\/wp-content\/uploads\/2019\/10\/pcmadridlogo..png?fit=750%2C300&ssl=1\",\"width\":750,\"height\":300,\"caption\":\"PCMADRID\"},\"image\":{\"@id\":\"https:\/\/www.pcmadrid.es\/tienda\/#\/schema\/logo\/image\/\"},\"sameAs\":[\"https:\/\/www.facebook.com\/pcmadridinformatica\",\"https:\/\/x.com\/pc_madrid\",\"https:\/\/www.youtube.com\/channel\/UCIbQq9k6BBrU5x2wqDIHr7A\",\"https:\/\/www.instagram.com\/pcmadrid_informatica\/?hl=es\",\"https:\/\/www.linkedin.com\/company\/9348326\/admin\/\",\"https:\/\/www.pinterest.es\/pcmadrid_informatica\/\"]}]}<\/script>\n<!-- \/ Yoast SEO plugin. -->","yoast_head_json":{"title":"Teclado y Rat\u00f3n Inal\u00e1mbricos Logitech MK270 | Tienda PCMADRID","description":"Teclado y Rat\u00f3n Inal\u00e1mbricos Logitech MK270, conexi\u00f3n USB 2,4 GHz , teclas multimedia, accesos directos, rat\u00f3n ambidiestro. Productividad y comodidad.","robots":{"index":"index","follow":"follow","max-snippet":"max-snippet:-1","max-image-preview":"max-image-preview:large","max-video-preview":"max-video-preview:-1"},"canonical":"https:\/\/www.pcmadrid.es\/tienda\/producto\/teclado-y-raton-inalambricos-logitech-mk270\/","twitter_misc":{"Tiempo de lectura":"4 minutos"},"schema":{"@context":"https:\/\/schema.org","@graph":[{"@type":"WebPage","@id":"https:\/\/www.pcmadrid.es\/tienda\/producto\/teclado-y-raton-inalambricos-logitech-mk270\/","url":"https:\/\/www.pcmadrid.es\/tienda\/producto\/teclado-y-raton-inalambricos-logitech-mk270\/","name":"Teclado y Rat\u00f3n Inal\u00e1mbricos Logitech MK270 | Tienda PCMADRID","isPartOf":{"@id":"https:\/\/www.pcmadrid.es\/tienda\/#website"},"primaryImageOfPage":{"@id":"https:\/\/www.pcmadrid.es\/tienda\/producto\/teclado-y-raton-inalambricos-logitech-mk270\/#primaryimage"},"image":{"@id":"https:\/\/www.pcmadrid.es\/tienda\/producto\/teclado-y-raton-inalambricos-logitech-mk270\/#primaryimage"},"thumbnailUrl":"https:\/\/i0.wp.com\/www.pcmadrid.es\/tienda\/wp-content\/uploads\/2024\/05\/art_log-desk20mk270_1.jpg?fit=448%2C448&ssl=1","datePublished":"2024-05-20T14:32:43+00:00","dateModified":"2025-06-23T11:59:09+00:00","description":"Teclado y Rat\u00f3n Inal\u00e1mbricos Logitech MK270, conexi\u00f3n USB 2,4 GHz , teclas multimedia, accesos directos, rat\u00f3n ambidiestro. Productividad y comodidad.","breadcrumb":{"@id":"https:\/\/www.pcmadrid.es\/tienda\/producto\/teclado-y-raton-inalambricos-logitech-mk270\/#breadcrumb"},"inLanguage":"es","potentialAction":[{"@type":"ReadAction","target":["https:\/\/www.pcmadrid.es\/tienda\/producto\/teclado-y-raton-inalambricos-logitech-mk270\/"]}]},{"@type":"ImageObject","inLanguage":"es","@id":"https:\/\/www.pcmadrid.es\/tienda\/producto\/teclado-y-raton-inalambricos-logitech-mk270\/#primaryimage","url":"https:\/\/i0.wp.com\/www.pcmadrid.es\/tienda\/wp-content\/uploads\/2024\/05\/art_log-desk20mk270_1.jpg?fit=448%2C448&ssl=1","contentUrl":"https:\/\/i0.wp.com\/www.pcmadrid.es\/tienda\/wp-content\/uploads\/2024\/05\/art_log-desk20mk270_1.jpg?fit=448%2C448&ssl=1","width":448,"height":448},{"@type":"BreadcrumbList","@id":"https:\/\/www.pcmadrid.es\/tienda\/producto\/teclado-y-raton-inalambricos-logitech-mk270\/#breadcrumb","itemListElement":[{"@type":"ListItem","position":1,"name":"Portada","item":"https:\/\/www.pcmadrid.es\/tienda\/"},{"@type":"ListItem","position":2,"name":"Todos los productos","item":"https:\/\/www.pcmadrid.es\/tienda\/todos-los-productos\/"},{"@type":"ListItem","position":3,"name":"Teclado y Rat\u00f3n Inal\u00e1mbricos Logitech MK270"}]},{"@type":"WebSite","@id":"https:\/\/www.pcmadrid.es\/tienda\/#website","url":"https:\/\/www.pcmadrid.es\/tienda\/","name":"Tienda PCMADRID","description":"Venta y reparaciones de ordenadores","publisher":{"@id":"https:\/\/www.pcmadrid.es\/tienda\/#organization"},"potentialAction":[{"@type":"SearchAction","target":{"@type":"EntryPoint","urlTemplate":"https:\/\/www.pcmadrid.es\/tienda\/?s={search_term_string}"},"query-input":{"@type":"PropertyValueSpecification","valueRequired":true,"valueName":"search_term_string"}}],"inLanguage":"es"},{"@type":"Organization","@id":"https:\/\/www.pcmadrid.es\/tienda\/#organization","name":"PCMADRID","url":"https:\/\/www.pcmadrid.es\/tienda\/","logo":{"@type":"ImageObject","inLanguage":"es","@id":"https:\/\/www.pcmadrid.es\/tienda\/#\/schema\/logo\/image\/","url":"https:\/\/i0.wp.com\/www.pcmadrid.es\/tienda\/wp-content\/uploads\/2019\/10\/pcmadridlogo..png?fit=750%2C300&ssl=1","contentUrl":"https:\/\/i0.wp.com\/www.pcmadrid.es\/tienda\/wp-content\/uploads\/2019\/10\/pcmadridlogo..png?fit=750%2C300&ssl=1","width":750,"height":300,"caption":"PCMADRID"},"image":{"@id":"https:\/\/www.pcmadrid.es\/tienda\/#\/schema\/logo\/image\/"},"sameAs":["https:\/\/www.facebook.com\/pcmadridinformatica","https:\/\/x.com\/pc_madrid","https:\/\/www.youtube.com\/channel\/UCIbQq9k6BBrU5x2wqDIHr7A","https:\/\/www.instagram.com\/pcmadrid_informatica\/?hl=es","https:\/\/www.linkedin.com\/company\/9348326\/admin\/","https:\/\/www.pinterest.es\/pcmadrid_informatica\/"]}]}},"jetpack_sharing_enabled":true,"_links":{"self":[{"href":"https:\/\/www.pcmadrid.es\/tienda\/wp-json\/wp\/v2\/product\/12980","targetHints":{"allow":["GET"]}}],"collection":[{"href":"https:\/\/www.pcmadrid.es\/tienda\/wp-json\/wp\/v2\/product"}],"about":[{"href":"https:\/\/www.pcmadrid.es\/tienda\/wp-json\/wp\/v2\/types\/product"}],"replies":[{"embeddable":true,"href":"https:\/\/www.pcmadrid.es\/tienda\/wp-json\/wp\/v2\/comments?post=12980"}],"wp:featuredmedia":[{"embeddable":true,"href":"https:\/\/www.pcmadrid.es\/tienda\/wp-json\/wp\/v2\/media\/12979"}],"wp:attachment":[{"href":"https:\/\/www.pcmadrid.es\/tienda\/wp-json\/wp\/v2\/media?parent=12980"}],"wp:term":[{"taxonomy":"product_brand","embeddable":true,"href":"https:\/\/www.pcmadrid.es\/tienda\/wp-json\/wp\/v2\/product_brand?post=12980"},{"taxonomy":"product_cat","embeddable":true,"href":"https:\/\/www.pcmadrid.es\/tienda\/wp-json\/wp\/v2\/product_cat?post=12980"},{"taxonomy":"product_tag","embeddable":true,"href":"https:\/\/www.pcmadrid.es\/tienda\/wp-json\/wp\/v2\/product_tag?post=12980"}],"curies":[{"name":"wp","href":"https:\/\/api.w.org\/{rel}","templated":true}]}}