{"id":12996,"date":"2024-05-20T16:32:51","date_gmt":"2024-05-20T14:32:51","guid":{"rendered":"https:\/\/www.pcmadrid.es\/tienda\/producto\/teclado-logitech-k120-retail\/"},"modified":"2025-06-23T13:59:10","modified_gmt":"2025-06-23T11:59:10","slug":"teclado-logitech-k120-con-cable-usb","status":"publish","type":"product","link":"https:\/\/www.pcmadrid.es\/tienda\/producto\/teclado-logitech-k120-con-cable-usb\/","title":{"rendered":"Teclado Logitech K120 con cable USB"},"content":{"rendered":"<p>&nbsp;<\/p>\n<h2 style=\"text-align: center\"><span style=\"color: #99cc00;line-height: 125%\">Teclado Logitech K120 con cable USB<\/span><\/h2>\n<p>&nbsp;<\/p>\n<h3>Comodidad y gran funcionalidad<\/h3>\n<p style=\"text-align: justify\">El Teclado Logitech K120 con cable USB ofrece una experiencia de escritura placentera y silenciosa con sus teclas planas que minimizan el ruido. Su dise\u00f1o est\u00e1ndar incluye un teclado num\u00e9rico, facilitando la entrada de datos. Con una instalaci\u00f3n plug-and-play, simplemente con\u00e9ctalo y comienza a disfrutar de su comodidad. Con un perfil plano y una barra espaciadora curvada, este teclado promueve una postura natural de las manos, lo que reduce la fatiga durante largas horas de trabajo.<\/p>\n<h3>Especificaciones clave: Durabilidad y comodidad<\/h3>\n<p style=\"text-align: justify\">Teclado con un perfil y teclas planas, un dise\u00f1o elegante y a la vez resistente. Este teclado con calbe USB facilita mantener las manos en una posici\u00f3n m\u00e1s c\u00f3moda y naturalpermite,\u00a0 permitiendo escribir con mayor comodidad y durante mucho tiempo.<\/p>\n<p style=\"padding-left: 40px;text-align: justify\"><strong>Uso agradable y silencioso:<\/strong>\u00a0\u00a0Podr\u00e1 escribir c\u00f3moda y silenciosamente gracias a las teclas planas que apenas hacen ruido y al dise\u00f1o est\u00e1ndar con teclas F y teclado num\u00e9rico de tama\u00f1o normal.<\/p>\n<p style=\"padding-left: 40px;text-align: justify\"><strong>Dise\u00f1o resistente a salpicaduras:<\/strong> El teclado deja pasar l\u00edquidos en caso de derrames, con lo que protege su inversi\u00f3n. Sometido a pruebas en condiciones limitadas (m\u00e1ximo de 60 ml de l\u00edquido). No sumerja el teclado en ning\u00fan l\u00edquido<\/p>\n<p style=\"padding-left: 40px;text-align: justify\"><strong>Patas ajustables y robustas y Barra espaciadora curvada:<\/strong> Con las patas plegables desplegadas, la inclinaci\u00f3n del teclado se incrementa en 8\u00b0, para una experiencia ergon\u00f3mica. Y con la barra curvada las manos disfrutar\u00e1n de una posici\u00f3n m\u00e1s natural y c\u00f3moda al escribir<\/p>\n<p style=\"padding-left: 40px;text-align: justify\"><strong>Conexi\u00f3n USB Plug and Play Se instala f\u00e1cilmente<\/strong>: basta con conectarlo al puerto USB del ordenador de sobremesa, port\u00e1til o netbook, y ya se puede empezar a usar.<\/p>\n<p style=\"padding-left: 40px;text-align: justify\"><strong>Teclas f\u00e1ciles de leer:<\/strong> Caracteres impresos en marcado blanco luminoso, m\u00e1s f\u00e1ciles de leer: perfectos para quienes no tienen una vista perfecta. Y tambi\u00e9n m\u00e1s resistentes al desgaste.<\/p>\n<p>Especificaciones:<\/p>\n<ul>\n<li><strong>Conectividad<\/strong>: Conexi\u00f3n USB Plug-and-Play; f\u00e1cil instalaci\u00f3n sin software adicional.<\/li>\n<li><strong>Teclado<\/strong>: Teclado de membrana est\u00e1ndar, con teclas de perfil bajo y un teclado num\u00e9rico completo.<\/li>\n<li><strong>Alcance inal\u00e1mbrico<\/strong>: No. Longitud del cable150 cm (59,06 in).<\/li>\n<li><strong>Compatibilidad<\/strong>: Compatible con Windows 7, 8, 10 y posteriores.<\/li>\n<\/ul>\n<h3>Beneficios clave: Comodidad y Durabilidad<\/h3>\n<p style=\"text-align: justify\">El dise\u00f1o ergon\u00f3mico y las teclas de perfil bajo proporcionan una experiencia de escritura agradable. Las manos se mantienen en una posici\u00f3n natural, permitiendo largas sesiones sin fatiga. La estructura resistente a salpicaduras protege el teclado de accidentes, lo que garantiza un rendimiento duradero y fiable, incluso en entornos de trabajo intensos.<\/p>\n<h3>Especificaciones t\u00e9cnicas Teclado Logitech K120 con cable USB<\/h3>\n<table style=\"width: 100%;border-collapse: collapse\" border=\"1\">\n<thead>\n<tr>\n<th style=\"background-color: #f0f0f0;text-align: left;width: 99.872%\" colspan=\"2\"><span style=\"font-size: 14pt\"><strong>\u00a0 \u00a0Teclado<\/strong><\/span><\/th>\n<\/tr>\n<\/thead>\n<tbody>\n<tr>\n<td style=\"padding-left: 40px;width: 35.4673%\">Dise\u00f1o resistente a salpicaduras<\/td>\n<td style=\"padding-left: 40px;width: 64.4046%\">S\u00ed. Pruebas realizadas en condiciones limitadas (m\u00e1ximo de 60 ml de l\u00edquido<\/td>\n<\/tr>\n<tr>\n<td style=\"padding-left: 40px;width: 35.4673%\">Teclado num\u00e9rico<\/td>\n<td style=\"padding-left: 40px;width: 64.4046%\">S\u00ed<\/td>\n<\/tr>\n<tr>\n<td style=\"padding-left: 40px;width: 35.4673%\">Indicadores luminosos<\/td>\n<td style=\"padding-left: 40px;width: 64.4046%\">Bloqueo de may\u00fasculas, bloqueo num\u00e9rico<\/td>\n<\/tr>\n<tr>\n<td style=\"padding-left: 40px;width: 35.4673%\">Funciones de protecci\u00f3n<\/td>\n<td style=\"padding-left: 40px;width: 64.4046%\">Resistente a derrames<\/td>\n<\/tr>\n<tr>\n<td style=\"padding-left: 40px;width: 35.4673%\">Tecnolog\u00eda de conectividad<\/td>\n<td style=\"padding-left: 40px;width: 64.4046%\">Al\u00e1mbrico<\/td>\n<\/tr>\n<tr>\n<td style=\"padding-left: 40px;width: 35.4673%\">Longitud del cable<\/td>\n<td style=\"padding-left: 40px;width: 64.4046%\">150 cm (59,06 in)<\/td>\n<\/tr>\n<tr>\n<td style=\"padding-left: 40px;width: 35.4673%\">Sistema Operativo<\/td>\n<td style=\"padding-left: 40px;width: 64.4046%\">Windows 7, 8, 10 o posteriores. Linux\u00ae kernel 2.6+<\/td>\n<\/tr>\n<tr>\n<td style=\"padding-left: 40px;width: 35.4673%\">Puerto<\/td>\n<td style=\"padding-left: 40px;width: 64.4046%\">USB<\/td>\n<\/tr>\n<tr>\n<td style=\"padding-left: 40px;width: 35.4673%\">Dimensiones<\/td>\n<td style=\"padding-left: 40px;width: 64.4046%\">Longitud: 450 mm (17,72 in), Anchura: 155 mm (6,10 in), Altura: 23,5 mm (0,93 in)<\/td>\n<\/tr>\n<tr>\n<td style=\"padding-left: 40px;width: 35.4673%\">Peso<\/td>\n<td style=\"padding-left: 40px;width: 64.4046%\">550 g (19,4 oz)<\/td>\n<\/tr>\n<tr>\n<td style=\"padding-left: 40px;width: 35.4673%\">Contenido de la caja<\/td>\n<td style=\"padding-left: 40px;width: 64.4046%\">Teclado, Documentaci\u00f3n del usuario<\/td>\n<\/tr>\n<\/tbody>\n<\/table>\n<h2><span style=\"color: #99cc00;font-size: 22px\">Garant\u00eda y soporte: Seguridad para tus necesidades<\/span><\/h2>\n<p>Incluye una garant\u00eda de 3 a\u00f1os para asegurar que tu inversi\u00f3n est\u00e9 protegida. Adem\u00e1s, ofrecemos <a href=\"https:\/\/www.pcmadrid.es\/tienda\/categoria-producto\/reparaciones\/\"><span style=\"color: #99cc00\">soporte t\u00e9cnico especializado<\/span><\/a> para garantizar el \u00f3ptimo funcionamiento de tu equipo.<\/p>\n","protected":false},"excerpt":{"rendered":"<p style=\"text-align: justify\">Teclado Logitech K120 con cable USB ha sido dise\u00f1ado para maximizar la comodidad y la durabilidad. Con conexi\u00f3n USB plug-and-play, es f\u00e1cil de instalar. Resistente a salpicaduras y con una barra de espacio curvada, ofrece una experiencia de escritura comoda, silenciosa y precisa, ideal para cualquier entorno de trabajo.<\/p>\n","protected":false},"featured_media":12995,"comment_status":"open","ping_status":"closed","template":"","meta":{"_et_pb_use_builder":"","_et_pb_old_content":"","_et_gb_content_width":""},"product_brand":[],"product_cat":[530,65],"product_tag":[],"class_list":{"0":"post-12996","1":"product","2":"type-product","3":"status-publish","4":"has-post-thumbnail","6":"product_cat-teclados","7":"product_cat-todos","9":"first","10":"instock","11":"taxable","12":"shipping-taxable","13":"purchasable","14":"product-type-simple"},"yoast_head":"<!-- This site is optimized with the Yoast SEO plugin v27.5 - https:\/\/yoast.com\/product\/yoast-seo-wordpress\/ -->\n<title>Teclado Logitech K120 con cable USB | Tienda PCMADRID<\/title>\n<meta name=\"description\" content=\"Teclado Logitech K120 con cable USB,conexi\u00f3n USB plug-and-play, barra de espacio curvada, escritura comoda, silenciosa y precisa, comodidad y durabilidad\" \/>\n<meta name=\"robots\" content=\"index, follow, max-snippet:-1, max-image-preview:large, max-video-preview:-1\" \/>\n<link rel=\"canonical\" href=\"https:\/\/www.pcmadrid.es\/tienda\/producto\/teclado-logitech-k120-con-cable-usb\/\" \/>\n<meta name=\"twitter:label1\" content=\"Tiempo de lectura\" \/>\n\t<meta name=\"twitter:data1\" content=\"3 minutos\" \/>\n<script type=\"application\/ld+json\" class=\"yoast-schema-graph\">{\"@context\":\"https:\\\/\\\/schema.org\",\"@graph\":[{\"@type\":\"WebPage\",\"@id\":\"https:\\\/\\\/www.pcmadrid.es\\\/tienda\\\/producto\\\/teclado-logitech-k120-con-cable-usb\\\/\",\"url\":\"https:\\\/\\\/www.pcmadrid.es\\\/tienda\\\/producto\\\/teclado-logitech-k120-con-cable-usb\\\/\",\"name\":\"Teclado Logitech K120 con cable USB | Tienda PCMADRID\",\"isPartOf\":{\"@id\":\"https:\\\/\\\/www.pcmadrid.es\\\/tienda\\\/#website\"},\"primaryImageOfPage\":{\"@id\":\"https:\\\/\\\/www.pcmadrid.es\\\/tienda\\\/producto\\\/teclado-logitech-k120-con-cable-usb\\\/#primaryimage\"},\"image\":{\"@id\":\"https:\\\/\\\/www.pcmadrid.es\\\/tienda\\\/producto\\\/teclado-logitech-k120-con-cable-usb\\\/#primaryimage\"},\"thumbnailUrl\":\"https:\\\/\\\/i0.wp.com\\\/www.pcmadrid.es\\\/tienda\\\/wp-content\\\/uploads\\\/2024\\\/05\\\/art_log-tec20k12020negro_1.jpg?fit=448%2C448&ssl=1\",\"datePublished\":\"2024-05-20T14:32:51+00:00\",\"dateModified\":\"2025-06-23T11:59:10+00:00\",\"description\":\"Teclado Logitech K120 con cable USB,conexi\u00f3n USB plug-and-play, barra de espacio curvada, escritura comoda, silenciosa y precisa, comodidad y durabilidad\",\"breadcrumb\":{\"@id\":\"https:\\\/\\\/www.pcmadrid.es\\\/tienda\\\/producto\\\/teclado-logitech-k120-con-cable-usb\\\/#breadcrumb\"},\"inLanguage\":\"es\",\"potentialAction\":[{\"@type\":\"ReadAction\",\"target\":[\"https:\\\/\\\/www.pcmadrid.es\\\/tienda\\\/producto\\\/teclado-logitech-k120-con-cable-usb\\\/\"]}]},{\"@type\":\"ImageObject\",\"inLanguage\":\"es\",\"@id\":\"https:\\\/\\\/www.pcmadrid.es\\\/tienda\\\/producto\\\/teclado-logitech-k120-con-cable-usb\\\/#primaryimage\",\"url\":\"https:\\\/\\\/i0.wp.com\\\/www.pcmadrid.es\\\/tienda\\\/wp-content\\\/uploads\\\/2024\\\/05\\\/art_log-tec20k12020negro_1.jpg?fit=448%2C448&ssl=1\",\"contentUrl\":\"https:\\\/\\\/i0.wp.com\\\/www.pcmadrid.es\\\/tienda\\\/wp-content\\\/uploads\\\/2024\\\/05\\\/art_log-tec20k12020negro_1.jpg?fit=448%2C448&ssl=1\",\"width\":448,\"height\":448},{\"@type\":\"BreadcrumbList\",\"@id\":\"https:\\\/\\\/www.pcmadrid.es\\\/tienda\\\/producto\\\/teclado-logitech-k120-con-cable-usb\\\/#breadcrumb\",\"itemListElement\":[{\"@type\":\"ListItem\",\"position\":1,\"name\":\"Portada\",\"item\":\"https:\\\/\\\/www.pcmadrid.es\\\/tienda\\\/\"},{\"@type\":\"ListItem\",\"position\":2,\"name\":\"Todos los productos\",\"item\":\"https:\\\/\\\/www.pcmadrid.es\\\/tienda\\\/todos-los-productos\\\/\"},{\"@type\":\"ListItem\",\"position\":3,\"name\":\"Teclado Logitech K120 con cable USB\"}]},{\"@type\":\"WebSite\",\"@id\":\"https:\\\/\\\/www.pcmadrid.es\\\/tienda\\\/#website\",\"url\":\"https:\\\/\\\/www.pcmadrid.es\\\/tienda\\\/\",\"name\":\"Tienda PCMADRID\",\"description\":\"Venta y reparaciones de ordenadores\",\"publisher\":{\"@id\":\"https:\\\/\\\/www.pcmadrid.es\\\/tienda\\\/#organization\"},\"potentialAction\":[{\"@type\":\"SearchAction\",\"target\":{\"@type\":\"EntryPoint\",\"urlTemplate\":\"https:\\\/\\\/www.pcmadrid.es\\\/tienda\\\/?s={search_term_string}\"},\"query-input\":{\"@type\":\"PropertyValueSpecification\",\"valueRequired\":true,\"valueName\":\"search_term_string\"}}],\"inLanguage\":\"es\"},{\"@type\":\"Organization\",\"@id\":\"https:\\\/\\\/www.pcmadrid.es\\\/tienda\\\/#organization\",\"name\":\"PCMADRID\",\"url\":\"https:\\\/\\\/www.pcmadrid.es\\\/tienda\\\/\",\"logo\":{\"@type\":\"ImageObject\",\"inLanguage\":\"es\",\"@id\":\"https:\\\/\\\/www.pcmadrid.es\\\/tienda\\\/#\\\/schema\\\/logo\\\/image\\\/\",\"url\":\"https:\\\/\\\/www.pcmadrid.es\\\/tienda\\\/wp-content\\\/uploads\\\/2019\\\/10\\\/pcmadridlogo..png\",\"contentUrl\":\"https:\\\/\\\/www.pcmadrid.es\\\/tienda\\\/wp-content\\\/uploads\\\/2019\\\/10\\\/pcmadridlogo..png\",\"width\":750,\"height\":300,\"caption\":\"PCMADRID\"},\"image\":{\"@id\":\"https:\\\/\\\/www.pcmadrid.es\\\/tienda\\\/#\\\/schema\\\/logo\\\/image\\\/\"},\"sameAs\":[\"https:\\\/\\\/www.facebook.com\\\/pcmadridinformatica\",\"https:\\\/\\\/x.com\\\/pc_madrid\",\"https:\\\/\\\/www.youtube.com\\\/channel\\\/UCIbQq9k6BBrU5x2wqDIHr7A\",\"https:\\\/\\\/www.instagram.com\\\/pcmadrid_informatica\\\/?hl=es\",\"https:\\\/\\\/www.linkedin.com\\\/company\\\/9348326\\\/admin\\\/\",\"https:\\\/\\\/www.pinterest.es\\\/pcmadrid_informatica\\\/\"]}]}<\/script>\n<!-- \/ Yoast SEO plugin. -->","yoast_head_json":{"title":"Teclado Logitech K120 con cable USB | Tienda PCMADRID","description":"Teclado Logitech K120 con cable USB,conexi\u00f3n USB plug-and-play, barra de espacio curvada, escritura comoda, silenciosa y precisa, comodidad y durabilidad","robots":{"index":"index","follow":"follow","max-snippet":"max-snippet:-1","max-image-preview":"max-image-preview:large","max-video-preview":"max-video-preview:-1"},"canonical":"https:\/\/www.pcmadrid.es\/tienda\/producto\/teclado-logitech-k120-con-cable-usb\/","twitter_misc":{"Tiempo de lectura":"3 minutos"},"schema":{"@context":"https:\/\/schema.org","@graph":[{"@type":"WebPage","@id":"https:\/\/www.pcmadrid.es\/tienda\/producto\/teclado-logitech-k120-con-cable-usb\/","url":"https:\/\/www.pcmadrid.es\/tienda\/producto\/teclado-logitech-k120-con-cable-usb\/","name":"Teclado Logitech K120 con cable USB | Tienda PCMADRID","isPartOf":{"@id":"https:\/\/www.pcmadrid.es\/tienda\/#website"},"primaryImageOfPage":{"@id":"https:\/\/www.pcmadrid.es\/tienda\/producto\/teclado-logitech-k120-con-cable-usb\/#primaryimage"},"image":{"@id":"https:\/\/www.pcmadrid.es\/tienda\/producto\/teclado-logitech-k120-con-cable-usb\/#primaryimage"},"thumbnailUrl":"https:\/\/i0.wp.com\/www.pcmadrid.es\/tienda\/wp-content\/uploads\/2024\/05\/art_log-tec20k12020negro_1.jpg?fit=448%2C448&ssl=1","datePublished":"2024-05-20T14:32:51+00:00","dateModified":"2025-06-23T11:59:10+00:00","description":"Teclado Logitech K120 con cable USB,conexi\u00f3n USB plug-and-play, barra de espacio curvada, escritura comoda, silenciosa y precisa, comodidad y durabilidad","breadcrumb":{"@id":"https:\/\/www.pcmadrid.es\/tienda\/producto\/teclado-logitech-k120-con-cable-usb\/#breadcrumb"},"inLanguage":"es","potentialAction":[{"@type":"ReadAction","target":["https:\/\/www.pcmadrid.es\/tienda\/producto\/teclado-logitech-k120-con-cable-usb\/"]}]},{"@type":"ImageObject","inLanguage":"es","@id":"https:\/\/www.pcmadrid.es\/tienda\/producto\/teclado-logitech-k120-con-cable-usb\/#primaryimage","url":"https:\/\/i0.wp.com\/www.pcmadrid.es\/tienda\/wp-content\/uploads\/2024\/05\/art_log-tec20k12020negro_1.jpg?fit=448%2C448&ssl=1","contentUrl":"https:\/\/i0.wp.com\/www.pcmadrid.es\/tienda\/wp-content\/uploads\/2024\/05\/art_log-tec20k12020negro_1.jpg?fit=448%2C448&ssl=1","width":448,"height":448},{"@type":"BreadcrumbList","@id":"https:\/\/www.pcmadrid.es\/tienda\/producto\/teclado-logitech-k120-con-cable-usb\/#breadcrumb","itemListElement":[{"@type":"ListItem","position":1,"name":"Portada","item":"https:\/\/www.pcmadrid.es\/tienda\/"},{"@type":"ListItem","position":2,"name":"Todos los productos","item":"https:\/\/www.pcmadrid.es\/tienda\/todos-los-productos\/"},{"@type":"ListItem","position":3,"name":"Teclado Logitech K120 con cable USB"}]},{"@type":"WebSite","@id":"https:\/\/www.pcmadrid.es\/tienda\/#website","url":"https:\/\/www.pcmadrid.es\/tienda\/","name":"Tienda PCMADRID","description":"Venta y reparaciones de ordenadores","publisher":{"@id":"https:\/\/www.pcmadrid.es\/tienda\/#organization"},"potentialAction":[{"@type":"SearchAction","target":{"@type":"EntryPoint","urlTemplate":"https:\/\/www.pcmadrid.es\/tienda\/?s={search_term_string}"},"query-input":{"@type":"PropertyValueSpecification","valueRequired":true,"valueName":"search_term_string"}}],"inLanguage":"es"},{"@type":"Organization","@id":"https:\/\/www.pcmadrid.es\/tienda\/#organization","name":"PCMADRID","url":"https:\/\/www.pcmadrid.es\/tienda\/","logo":{"@type":"ImageObject","inLanguage":"es","@id":"https:\/\/www.pcmadrid.es\/tienda\/#\/schema\/logo\/image\/","url":"https:\/\/www.pcmadrid.es\/tienda\/wp-content\/uploads\/2019\/10\/pcmadridlogo..png","contentUrl":"https:\/\/www.pcmadrid.es\/tienda\/wp-content\/uploads\/2019\/10\/pcmadridlogo..png","width":750,"height":300,"caption":"PCMADRID"},"image":{"@id":"https:\/\/www.pcmadrid.es\/tienda\/#\/schema\/logo\/image\/"},"sameAs":["https:\/\/www.facebook.com\/pcmadridinformatica","https:\/\/x.com\/pc_madrid","https:\/\/www.youtube.com\/channel\/UCIbQq9k6BBrU5x2wqDIHr7A","https:\/\/www.instagram.com\/pcmadrid_informatica\/?hl=es","https:\/\/www.linkedin.com\/company\/9348326\/admin\/","https:\/\/www.pinterest.es\/pcmadrid_informatica\/"]}]}},"jetpack_sharing_enabled":true,"_links":{"self":[{"href":"https:\/\/www.pcmadrid.es\/tienda\/wp-json\/wp\/v2\/product\/12996","targetHints":{"allow":["GET"]}}],"collection":[{"href":"https:\/\/www.pcmadrid.es\/tienda\/wp-json\/wp\/v2\/product"}],"about":[{"href":"https:\/\/www.pcmadrid.es\/tienda\/wp-json\/wp\/v2\/types\/product"}],"replies":[{"embeddable":true,"href":"https:\/\/www.pcmadrid.es\/tienda\/wp-json\/wp\/v2\/comments?post=12996"}],"wp:featuredmedia":[{"embeddable":true,"href":"https:\/\/www.pcmadrid.es\/tienda\/wp-json\/wp\/v2\/media\/12995"}],"wp:attachment":[{"href":"https:\/\/www.pcmadrid.es\/tienda\/wp-json\/wp\/v2\/media?parent=12996"}],"wp:term":[{"taxonomy":"product_brand","embeddable":true,"href":"https:\/\/www.pcmadrid.es\/tienda\/wp-json\/wp\/v2\/product_brand?post=12996"},{"taxonomy":"product_cat","embeddable":true,"href":"https:\/\/www.pcmadrid.es\/tienda\/wp-json\/wp\/v2\/product_cat?post=12996"},{"taxonomy":"product_tag","embeddable":true,"href":"https:\/\/www.pcmadrid.es\/tienda\/wp-json\/wp\/v2\/product_tag?post=12996"}],"curies":[{"name":"wp","href":"https:\/\/api.w.org\/{rel}","templated":true}]}}