{"id":12998,"date":"2024-05-20T16:32:52","date_gmt":"2024-05-20T14:32:52","guid":{"rendered":"https:\/\/www.pcmadrid.es\/tienda\/producto\/teclado-y-raton-inalambricos-logitech-slim-combo-mk470\/"},"modified":"2025-06-23T13:59:10","modified_gmt":"2025-06-23T11:59:10","slug":"logitech-slim-combo-mk470s","status":"publish","type":"product","link":"https:\/\/www.pcmadrid.es\/tienda\/producto\/logitech-slim-combo-mk470s\/","title":{"rendered":"Teclado y Rat\u00f3n Inal\u00e1mbricos Logitech Slim Combo MK470"},"content":{"rendered":"<p>&nbsp;<\/p>\n<h2 style=\"text-align: center\"><span style=\"color: #99cc00;line-height: 125%\">Teclado y Rat\u00f3n Inal\u00e1mbricos Logitech Slim Combo MK470<\/span><\/h2>\n<p>&nbsp;<\/p>\n<h3>Elegancia\u00a0y silencio para tu escritorio moderno<\/h3>\n<p style=\"text-align: justify\">Elegante y minimalista, Logitech Slim Combo MK470 transforma tu espacio de trabajo. Su teclado QWERTY compacto con teclas multimedia y su rat\u00f3n ultradelgado aseguran comodidad y un trabajo m\u00e1s tranquilo. Adem\u00e1s, la conexi\u00f3n inal\u00e1mbrica Plug &amp; Play de 2.4 GHz permite libertad de movimiento y un alcance de hasta 10 metros. Con una bater\u00eda de larga duraci\u00f3n, este combo es ideal para quienes desean trabajar de manera eficiente y sin complicaciones.<\/p>\n<h3>Especificaciones clave: Elegancia y Minimalismo<\/h3>\n<p style=\"text-align: justify\">Dise\u00f1o ultra delgado y compacto, con teclado num\u00e9rico incluido y rat\u00f3n ambidiestro. Perfecto para maximizar el espacio de trabajo y ofrecer comodidad en largas sesiones<\/p>\n<ul>\n<li style=\"text-align: justify\"><b>Minimalista. Moderno. Estilizado.<\/b> La compacta combinaci\u00f3n MK470 destaca por su simplicidad. El fino perfil y el dise\u00f1o minimalista del teclado y el rat\u00f3n contribuyen a una presentaci\u00f3n de escritorio<br \/>\ndespejada y elegante.<\/li>\n<li style=\"text-align: justify\"><b>Productividad con ahorro de espacio.<\/b> El teclado compacto incluye un teclado num\u00e9rico y 12 teclas FN de acceso directo, que proporcionan todas las teclas necesarias. El rat\u00f3n se puede llevar f\u00e1cilmente en la bolsa del port\u00e1til o en un bolsillo, para permitir una productividad constante. El tama\u00f1o de la combinaci\u00f3n facilita el trabajo en los espacios de escritorio m\u00e1s reducidos, con el rat\u00f3n muy a mano.<\/li>\n<li style=\"text-align: justify\"><b>Escritura y uso del rat\u00f3n fluidos y c\u00f3modos.<\/b> Las teclas con mecanismo de tijera y bajo perfil proporcionan una experiencia de escritura similar a la ofrecida por un port\u00e1til. La suave forma redondeada del rat\u00f3n ambidiestro es apta para ambas manos.<\/li>\n<li style=\"text-align: justify\"><b>Trabajo silencioso. <\/b>Un teclado silencioso y un rat\u00f3n sometido a pruebas de laboratorio que es un 90% menos ruidoso que otros contribuyen a una experiencia de trabajo tranquila para ti y los que te rodean.<\/li>\n<li style=\"text-align: justify\"><b>Tecnolog\u00eda inal\u00e1mbrica sencilla y fiable.<\/b> Un simple receptor USB Plug and Play ofrece una estable conexi\u00f3n inal\u00e1mbrica de 2,4 GHz con un radio de acci\u00f3n de 10 m2. Esto significa un escritorio despejado y sin cables, y la libertad de organizar los dispositivos como se quiera.<\/li>\n<li style=\"text-align: justify\"><b>Mayor duraci\u00f3n de las pilas. <\/b>Con pilas que pueden durar 18 meses (las del rat\u00f3n) y 36 meses (las del teclado), hay menos preocupaciones de quedarse sin energ\u00eda. Ambos dispositivos entran en modo de suspensi\u00f3n para ahorrar energ\u00eda cuando no est\u00e1n en uso.<\/li>\n<\/ul>\n<h3>Beneficios clave: Silencioso y Portable<\/h3>\n<p style=\"text-align: justify\">Su dise\u00f1o compacto y delgado ahorra espacio en cualquier escritorio, incluso en los m\u00e1s reducidos, y el rat\u00f3n port\u00e1til cabe en cualquier bolso o mochila, facilitando la productividad donde sea que trabajes. Ideal para mantener la elegancia y el orden.\u00a0Trabaja sin distracciones y sin molestar a quienes te rodean. Con teclas de bajo perfil y un rat\u00f3n que reduce el ruido en un 90%, el Logitech MK470 garantiza una experiencia casi silenciosa, ideal para espacios compartidos y oficinas abiertas.<\/p>\n<h3>Especificaciones t\u00e9cnicas Logitech Slim Combo MK470<\/h3>\n<table style=\"border: 1px solid #dddddd;border-collapse: collapse;width: 100%;height: 772px\">\n<tbody>\n<tr style=\"border: 1px solid #dddddd;background-color: #f2f2f2\">\n<th style=\"border: 1px solid #dddddd;text-align: left;padding-left: 10px;height: 25px\"><span style=\"font-size: 14pt\">Rat\u00f3n<\/span><\/th>\n<th style=\"border: 1px solid #dddddd;text-align: left;padding-left: 10px;height: 25px\"><span style=\"font-size: 14pt\">Descripci\u00f3n<\/span><\/th>\n<\/tr>\n<tr style=\"height: 23px\">\n<td style=\"border: 1px solid #dddddd;padding-left: 10px;height: 23px\">Tecnolog\u00eda de sensor<\/td>\n<td style=\"border: 1px solid #dddddd;padding-left: 10px;height: 23px\">Seguimiento \u00f3ptico de alta precisi\u00f3n<\/td>\n<\/tr>\n<tr style=\"height: 23px\">\n<td style=\"border: 1px solid #dddddd;padding-left: 10px;height: 23px\">Resoluci\u00f3n de sensor<\/td>\n<td style=\"border: 1px solid #dddddd;padding-left: 10px;height: 23px\">1000 DPI<\/td>\n<\/tr>\n<tr style=\"height: 23px\">\n<td style=\"border: 1px solid #dddddd;padding-left: 10px;height: 23px\">N\u00famero de botones<\/td>\n<td style=\"border: 1px solid #dddddd;padding-left: 10px;height: 23px\">3<\/td>\n<\/tr>\n<tr style=\"height: 23px\">\n<td style=\"border: 1px solid #dddddd;padding-left: 10px;height: 23px\">Bot\u00f3n rueda<\/td>\n<td style=\"border: 1px solid #dddddd;padding-left: 10px;height: 23px\">S\u00ed &#8211; Mec\u00e1nico<\/td>\n<\/tr>\n<tr style=\"height: 23px\">\n<td style=\"border: 1px solid #dddddd;padding-left: 10px;height: 23px\">Botones de desplazamiento<\/td>\n<td style=\"border: 1px solid #dddddd;padding-left: 10px;height: 23px\">Bot\u00f3n central<\/td>\n<\/tr>\n<tr style=\"height: 23px\">\n<td style=\"border: 1px solid #dddddd;padding-left: 10px;height: 23px\">Rat\u00f3n apto para Unifying<\/td>\n<td style=\"border: 1px solid #dddddd;padding-left: 10px;height: 23px\">No<\/td>\n<\/tr>\n<tr style=\"height: 23px\">\n<td style=\"border: 1px solid #dddddd;padding-left: 10px;height: 23px\">Duraci\u00f3n de pilas del rat\u00f3n<\/td>\n<td style=\"border: 1px solid #dddddd;padding-left: 10px;height: 23px\">18 meses<\/td>\n<\/tr>\n<tr style=\"height: 23px\">\n<td style=\"border: 1px solid #dddddd;padding-left: 10px;height: 23px\">Tipo de pilas del rat\u00f3n<\/td>\n<td style=\"border: 1px solid #dddddd;padding-left: 10px;height: 23px\">1 AA<\/td>\n<\/tr>\n<tr style=\"height: 23px\">\n<td style=\"border: 1px solid #dddddd;padding-left: 10px;height: 23px\">Dimensiones<\/td>\n<td style=\"border: 1px solid #dddddd;padding-left: 10px;height: 23px\">26,5 mm x 59 mm x 107 mm (Altura x Anchura x Profundidad)<\/td>\n<\/tr>\n<tr style=\"height: 23px\">\n<td style=\"border: 1px solid #dddddd;padding-left: 10px;height: 23px\">Peso<\/td>\n<td style=\"border: 1px solid #dddddd;padding-left: 10px;height: 23px\">100 g<\/td>\n<\/tr>\n<tr style=\"border: 1px solid #dddddd;background-color: #f2f2f2\">\n<th style=\"border: 1px solid #dddddd;text-align: left;padding-left: 10px;height: 25px\"><span style=\"font-size: 14pt\">Teclado<\/span><\/th>\n<th style=\"border: 1px solid #dddddd;text-align: left;padding-left: 10px;height: 25px\"><span style=\"font-size: 14pt\">Descripci\u00f3n<\/span><\/th>\n<\/tr>\n<tr style=\"height: 47px\">\n<td style=\"border: 1px solid #dddddd;padding-left: 10px;height: 47px\">Distancia de funcionamiento inal\u00e1mbrico<\/td>\n<td style=\"border: 1px solid #dddddd;padding-left: 10px;height: 47px\">10 m<\/td>\n<\/tr>\n<tr style=\"height: 23px\">\n<td style=\"border: 1px solid #dddddd;padding-left: 10px;height: 23px\">Tecnolog\u00eda inal\u00e1mbrica<\/td>\n<td style=\"border: 1px solid #dddddd;padding-left: 10px;height: 23px\">Nano receptor Logitech<\/td>\n<\/tr>\n<tr style=\"height: 23px\">\n<td style=\"border: 1px solid #dddddd;padding-left: 10px;height: 23px\">Duraci\u00f3n de pilas del teclado<\/td>\n<td style=\"border: 1px solid #dddddd;padding-left: 10px;height: 23px\">36 meses<\/td>\n<\/tr>\n<tr style=\"height: 23px\">\n<td style=\"border: 1px solid #dddddd;padding-left: 10px;height: 23px\">Tipo de pilas del teclado<\/td>\n<td style=\"border: 1px solid #dddddd;padding-left: 10px;height: 23px\">2 AAA<\/td>\n<\/tr>\n<tr style=\"height: 23px\">\n<td style=\"border: 1px solid #dddddd;padding-left: 10px;height: 23px\">Dimensiones<\/td>\n<td style=\"border: 1px solid #dddddd;padding-left: 10px;height: 23px\">373,5 mm x 143,9 mm x 21,3 mm (Altura x Anchura x Profundidad)<\/td>\n<\/tr>\n<tr style=\"height: 23px\">\n<td style=\"border: 1px solid #dddddd;padding-left: 10px;height: 23px\">Peso<\/td>\n<td style=\"border: 1px solid #dddddd;padding-left: 10px;height: 23px\">558 g (con pilas\/bater\u00edas)<\/td>\n<\/tr>\n<tr style=\"border: 1px solid #dddddd;background-color: #f2f2f2\">\n<th style=\"border: 1px solid #dddddd;text-align: left;padding-left: 10px;height: 25px\"><span style=\"font-size: 14pt\">Nano receptor<\/span><\/th>\n<th style=\"border: 1px solid #dddddd;text-align: left;padding-left: 10px;height: 25px\"><span style=\"font-size: 14pt\">Descripci\u00f3n<\/span><\/th>\n<\/tr>\n<tr style=\"height: 23px\">\n<td style=\"border: 1px solid #dddddd;padding-left: 10px;height: 23px\">Receptor apto para Unifying<\/td>\n<td style=\"border: 1px solid #dddddd;padding-left: 10px;height: 23px\">No<\/td>\n<\/tr>\n<tr style=\"height: 23px\">\n<td style=\"padding-left: 10px;height: 23px\">Dimensiones<\/td>\n<td style=\"padding-left: 10px;height: 23px\">14,4 mm x 18,7 mm x 6,1 mm (Altura x Anchura x Profundidad)<\/td>\n<\/tr>\n<tr style=\"height: 23px\">\n<td style=\"border: 1px solid #dddddd;padding-left: 10px;height: 23px\">Peso<\/td>\n<td style=\"border: 1px solid #dddddd;padding-left: 10px;height: 23px\">1,8 g<\/td>\n<\/tr>\n<tr style=\"border: 1px solid #dddddd;background-color: #f2f2f2\">\n<th style=\"border: 1px solid #dddddd;text-align: left;padding-left: 10px;height: 25px\"><span style=\"font-size: 14pt\">Requisitos del sistema<\/span><\/th>\n<th style=\"border: 1px solid #dddddd;text-align: left;padding-left: 10px;height: 25px\"><span style=\"font-size: 14pt\">Descripci\u00f3n<\/span><\/th>\n<\/tr>\n<tr style=\"height: 23px\">\n<td style=\"border: 1px solid #dddddd;padding-left: 10px;height: 23px\">Conexi\u00f3n<\/td>\n<td style=\"border: 1px solid #dddddd;padding-left: 10px;height: 23px\">Puerto USB disponible, Bluetooth<\/td>\n<\/tr>\n<tr style=\"height: 23px\">\n<td style=\"border: 1px solid #dddddd;padding-left: 10px;height: 23px\">Sistema Operativo<\/td>\n<td style=\"border: 1px solid #dddddd;padding-left: 10px;height: 23px\">Windows\u00ae 10 o posteriores, Windows 8, Windows 7<\/td>\n<\/tr>\n<tr style=\"height: 23px\">\n<td style=\"border: 1px solid #dddddd;padding-left: 10px;height: 23px\">Funciona con Surface<\/td>\n<td style=\"border: 1px solid #dddddd;padding-left: 10px;height: 23px\">S\u00ed<\/td>\n<\/tr>\n<tr style=\"height: 47px\">\n<td style=\"border: 1px solid #dddddd;padding-left: 10px;height: 47px\">Distancia de funcionamiento inal\u00e1mbrico<\/td>\n<td style=\"border: 1px solid #dddddd;padding-left: 10px;height: 47px\">10 m<\/td>\n<\/tr>\n<tr style=\"height: 23px\">\n<td style=\"border: 1px solid #dddddd;padding-left: 10px;height: 23px\">Tecnolog\u00eda inal\u00e1mbrica<\/td>\n<td style=\"border: 1px solid #dddddd;padding-left: 10px;height: 23px\">Nano receptor Logitech<\/td>\n<\/tr>\n<tr style=\"border: 1px solid #dddddd;background-color: #f2f2f2\">\n<th style=\"border: 1px solid #dddddd;text-align: left;padding-left: 10px;height: 25px\"><span style=\"font-size: 14pt\">Contenido de la caja<\/span><\/th>\n<th style=\"border: 1px solid #dddddd;text-align: left;padding-left: 10px;height: 25px\"><span style=\"font-size: 14pt\">Descripci\u00f3n<\/span><\/th>\n<\/tr>\n<tr style=\"height: 47px\">\n<td style=\"padding-left: 10px;height: 47px\">Contenido<\/td>\n<td style=\"padding-left: 10px;height: 47px\">Teclado, Dos pilas AAA (preinstaladas), Rat\u00f3n, Una pila AA (preinstalada), Receptor USB, Documentaci\u00f3n del usuario<\/td>\n<\/tr>\n<\/tbody>\n<\/table>\n<h2><span style=\"color: #99cc00;font-size: 22px\">Garant\u00eda y soporte: Seguridad para tus necesidades<\/span><\/h2>\n<p>Incluye una garant\u00eda de 3 a\u00f1os para asegurar que tu inversi\u00f3n est\u00e9 protegida. Adem\u00e1s, ofrecemos <a href=\"https:\/\/www.pcmadrid.es\/tienda\/categoria-producto\/reparaciones\/\"><span style=\"color: #99cc00\">soporte t\u00e9cnico especializado<\/span><\/a> para garantizar el \u00f3ptimo funcionamiento de tu equipo.<\/p>\n","protected":false},"excerpt":{"rendered":"<p style=\"text-align: justify\">El Logitech Slim Combo MK470 es un conjunto de teclado y rat\u00f3n inal\u00e1mbricos compacto y elegante con conectividad mediante un receptor USB. Tanto el teclado como el rat\u00f3n tienen un perfil delgado que ocupa poco espacio en el escritorio y facilita su transporte. Se escribe c\u00f3modamente con teclas silenciosas, de perfil bajo similares a las de un port\u00e1til y el rat\u00f3n incluido es compacto y ergon\u00f3mico lo que lo hace c\u00f3modo de usar durante largas sesiones.<\/p>\n","protected":false},"featured_media":12997,"comment_status":"open","ping_status":"closed","template":"","meta":{"_et_pb_use_builder":"","_et_pb_old_content":"","_et_gb_content_width":""},"product_brand":[],"product_cat":[530,65],"product_tag":[],"class_list":{"0":"post-12998","1":"product","2":"type-product","3":"status-publish","4":"has-post-thumbnail","6":"product_cat-teclados","7":"product_cat-todos","9":"first","10":"instock","11":"taxable","12":"shipping-taxable","13":"purchasable","14":"product-type-simple"},"yoast_head":"<!-- This site is optimized with the Yoast SEO plugin v27.5 - https:\/\/yoast.com\/product\/yoast-seo-wordpress\/ -->\n<title>Teclado y Rat\u00f3n Inal\u00e1mbricos Logitech Slim Combo MK470 | Tienda PCMADRID<\/title>\n<meta name=\"description\" content=\"Teclado y Rat\u00f3n Inal\u00e1mbricos Logitech Slim Combo MK470, Plug &amp; Play de 2.4 GHz, receptor USB, teclas silenciosas, rat\u00f3n compacto y ergon\u00f3mico\" \/>\n<meta name=\"robots\" content=\"index, follow, max-snippet:-1, max-image-preview:large, max-video-preview:-1\" \/>\n<link rel=\"canonical\" href=\"https:\/\/www.pcmadrid.es\/tienda\/producto\/logitech-slim-combo-mk470s\/\" \/>\n<meta name=\"twitter:label1\" content=\"Tiempo de lectura\" \/>\n\t<meta name=\"twitter:data1\" content=\"4 minutos\" \/>\n<script type=\"application\/ld+json\" class=\"yoast-schema-graph\">{\"@context\":\"https:\\\/\\\/schema.org\",\"@graph\":[{\"@type\":\"WebPage\",\"@id\":\"https:\\\/\\\/www.pcmadrid.es\\\/tienda\\\/producto\\\/logitech-slim-combo-mk470s\\\/\",\"url\":\"https:\\\/\\\/www.pcmadrid.es\\\/tienda\\\/producto\\\/logitech-slim-combo-mk470s\\\/\",\"name\":\"Teclado y Rat\u00f3n Inal\u00e1mbricos Logitech Slim Combo MK470 | Tienda PCMADRID\",\"isPartOf\":{\"@id\":\"https:\\\/\\\/www.pcmadrid.es\\\/tienda\\\/#website\"},\"primaryImageOfPage\":{\"@id\":\"https:\\\/\\\/www.pcmadrid.es\\\/tienda\\\/producto\\\/logitech-slim-combo-mk470s\\\/#primaryimage\"},\"image\":{\"@id\":\"https:\\\/\\\/www.pcmadrid.es\\\/tienda\\\/producto\\\/logitech-slim-combo-mk470s\\\/#primaryimage\"},\"thumbnailUrl\":\"https:\\\/\\\/i0.wp.com\\\/www.pcmadrid.es\\\/tienda\\\/wp-content\\\/uploads\\\/2024\\\/05\\\/art_log-tec20set20mk470_1.jpg?fit=448%2C448&ssl=1\",\"datePublished\":\"2024-05-20T14:32:52+00:00\",\"dateModified\":\"2025-06-23T11:59:10+00:00\",\"description\":\"Teclado y Rat\u00f3n Inal\u00e1mbricos Logitech Slim Combo MK470, Plug & Play de 2.4 GHz, receptor USB, teclas silenciosas, rat\u00f3n compacto y ergon\u00f3mico\",\"breadcrumb\":{\"@id\":\"https:\\\/\\\/www.pcmadrid.es\\\/tienda\\\/producto\\\/logitech-slim-combo-mk470s\\\/#breadcrumb\"},\"inLanguage\":\"es\",\"potentialAction\":[{\"@type\":\"ReadAction\",\"target\":[\"https:\\\/\\\/www.pcmadrid.es\\\/tienda\\\/producto\\\/logitech-slim-combo-mk470s\\\/\"]}]},{\"@type\":\"ImageObject\",\"inLanguage\":\"es\",\"@id\":\"https:\\\/\\\/www.pcmadrid.es\\\/tienda\\\/producto\\\/logitech-slim-combo-mk470s\\\/#primaryimage\",\"url\":\"https:\\\/\\\/i0.wp.com\\\/www.pcmadrid.es\\\/tienda\\\/wp-content\\\/uploads\\\/2024\\\/05\\\/art_log-tec20set20mk470_1.jpg?fit=448%2C448&ssl=1\",\"contentUrl\":\"https:\\\/\\\/i0.wp.com\\\/www.pcmadrid.es\\\/tienda\\\/wp-content\\\/uploads\\\/2024\\\/05\\\/art_log-tec20set20mk470_1.jpg?fit=448%2C448&ssl=1\",\"width\":448,\"height\":448},{\"@type\":\"BreadcrumbList\",\"@id\":\"https:\\\/\\\/www.pcmadrid.es\\\/tienda\\\/producto\\\/logitech-slim-combo-mk470s\\\/#breadcrumb\",\"itemListElement\":[{\"@type\":\"ListItem\",\"position\":1,\"name\":\"Portada\",\"item\":\"https:\\\/\\\/www.pcmadrid.es\\\/tienda\\\/\"},{\"@type\":\"ListItem\",\"position\":2,\"name\":\"Todos los productos\",\"item\":\"https:\\\/\\\/www.pcmadrid.es\\\/tienda\\\/todos-los-productos\\\/\"},{\"@type\":\"ListItem\",\"position\":3,\"name\":\"Teclado y Rat\u00f3n Inal\u00e1mbricos Logitech Slim Combo MK470\"}]},{\"@type\":\"WebSite\",\"@id\":\"https:\\\/\\\/www.pcmadrid.es\\\/tienda\\\/#website\",\"url\":\"https:\\\/\\\/www.pcmadrid.es\\\/tienda\\\/\",\"name\":\"Tienda PCMADRID\",\"description\":\"Venta y reparaciones de ordenadores\",\"publisher\":{\"@id\":\"https:\\\/\\\/www.pcmadrid.es\\\/tienda\\\/#organization\"},\"potentialAction\":[{\"@type\":\"SearchAction\",\"target\":{\"@type\":\"EntryPoint\",\"urlTemplate\":\"https:\\\/\\\/www.pcmadrid.es\\\/tienda\\\/?s={search_term_string}\"},\"query-input\":{\"@type\":\"PropertyValueSpecification\",\"valueRequired\":true,\"valueName\":\"search_term_string\"}}],\"inLanguage\":\"es\"},{\"@type\":\"Organization\",\"@id\":\"https:\\\/\\\/www.pcmadrid.es\\\/tienda\\\/#organization\",\"name\":\"PCMADRID\",\"url\":\"https:\\\/\\\/www.pcmadrid.es\\\/tienda\\\/\",\"logo\":{\"@type\":\"ImageObject\",\"inLanguage\":\"es\",\"@id\":\"https:\\\/\\\/www.pcmadrid.es\\\/tienda\\\/#\\\/schema\\\/logo\\\/image\\\/\",\"url\":\"https:\\\/\\\/www.pcmadrid.es\\\/tienda\\\/wp-content\\\/uploads\\\/2019\\\/10\\\/pcmadridlogo..png\",\"contentUrl\":\"https:\\\/\\\/www.pcmadrid.es\\\/tienda\\\/wp-content\\\/uploads\\\/2019\\\/10\\\/pcmadridlogo..png\",\"width\":750,\"height\":300,\"caption\":\"PCMADRID\"},\"image\":{\"@id\":\"https:\\\/\\\/www.pcmadrid.es\\\/tienda\\\/#\\\/schema\\\/logo\\\/image\\\/\"},\"sameAs\":[\"https:\\\/\\\/www.facebook.com\\\/pcmadridinformatica\",\"https:\\\/\\\/x.com\\\/pc_madrid\",\"https:\\\/\\\/www.youtube.com\\\/channel\\\/UCIbQq9k6BBrU5x2wqDIHr7A\",\"https:\\\/\\\/www.instagram.com\\\/pcmadrid_informatica\\\/?hl=es\",\"https:\\\/\\\/www.linkedin.com\\\/company\\\/9348326\\\/admin\\\/\",\"https:\\\/\\\/www.pinterest.es\\\/pcmadrid_informatica\\\/\"]}]}<\/script>\n<!-- \/ Yoast SEO plugin. -->","yoast_head_json":{"title":"Teclado y Rat\u00f3n Inal\u00e1mbricos Logitech Slim Combo MK470 | Tienda PCMADRID","description":"Teclado y Rat\u00f3n Inal\u00e1mbricos Logitech Slim Combo MK470, Plug & Play de 2.4 GHz, receptor USB, teclas silenciosas, rat\u00f3n compacto y ergon\u00f3mico","robots":{"index":"index","follow":"follow","max-snippet":"max-snippet:-1","max-image-preview":"max-image-preview:large","max-video-preview":"max-video-preview:-1"},"canonical":"https:\/\/www.pcmadrid.es\/tienda\/producto\/logitech-slim-combo-mk470s\/","twitter_misc":{"Tiempo de lectura":"4 minutos"},"schema":{"@context":"https:\/\/schema.org","@graph":[{"@type":"WebPage","@id":"https:\/\/www.pcmadrid.es\/tienda\/producto\/logitech-slim-combo-mk470s\/","url":"https:\/\/www.pcmadrid.es\/tienda\/producto\/logitech-slim-combo-mk470s\/","name":"Teclado y Rat\u00f3n Inal\u00e1mbricos Logitech Slim Combo MK470 | Tienda PCMADRID","isPartOf":{"@id":"https:\/\/www.pcmadrid.es\/tienda\/#website"},"primaryImageOfPage":{"@id":"https:\/\/www.pcmadrid.es\/tienda\/producto\/logitech-slim-combo-mk470s\/#primaryimage"},"image":{"@id":"https:\/\/www.pcmadrid.es\/tienda\/producto\/logitech-slim-combo-mk470s\/#primaryimage"},"thumbnailUrl":"https:\/\/i0.wp.com\/www.pcmadrid.es\/tienda\/wp-content\/uploads\/2024\/05\/art_log-tec20set20mk470_1.jpg?fit=448%2C448&ssl=1","datePublished":"2024-05-20T14:32:52+00:00","dateModified":"2025-06-23T11:59:10+00:00","description":"Teclado y Rat\u00f3n Inal\u00e1mbricos Logitech Slim Combo MK470, Plug & Play de 2.4 GHz, receptor USB, teclas silenciosas, rat\u00f3n compacto y ergon\u00f3mico","breadcrumb":{"@id":"https:\/\/www.pcmadrid.es\/tienda\/producto\/logitech-slim-combo-mk470s\/#breadcrumb"},"inLanguage":"es","potentialAction":[{"@type":"ReadAction","target":["https:\/\/www.pcmadrid.es\/tienda\/producto\/logitech-slim-combo-mk470s\/"]}]},{"@type":"ImageObject","inLanguage":"es","@id":"https:\/\/www.pcmadrid.es\/tienda\/producto\/logitech-slim-combo-mk470s\/#primaryimage","url":"https:\/\/i0.wp.com\/www.pcmadrid.es\/tienda\/wp-content\/uploads\/2024\/05\/art_log-tec20set20mk470_1.jpg?fit=448%2C448&ssl=1","contentUrl":"https:\/\/i0.wp.com\/www.pcmadrid.es\/tienda\/wp-content\/uploads\/2024\/05\/art_log-tec20set20mk470_1.jpg?fit=448%2C448&ssl=1","width":448,"height":448},{"@type":"BreadcrumbList","@id":"https:\/\/www.pcmadrid.es\/tienda\/producto\/logitech-slim-combo-mk470s\/#breadcrumb","itemListElement":[{"@type":"ListItem","position":1,"name":"Portada","item":"https:\/\/www.pcmadrid.es\/tienda\/"},{"@type":"ListItem","position":2,"name":"Todos los productos","item":"https:\/\/www.pcmadrid.es\/tienda\/todos-los-productos\/"},{"@type":"ListItem","position":3,"name":"Teclado y Rat\u00f3n Inal\u00e1mbricos Logitech Slim Combo MK470"}]},{"@type":"WebSite","@id":"https:\/\/www.pcmadrid.es\/tienda\/#website","url":"https:\/\/www.pcmadrid.es\/tienda\/","name":"Tienda PCMADRID","description":"Venta y reparaciones de ordenadores","publisher":{"@id":"https:\/\/www.pcmadrid.es\/tienda\/#organization"},"potentialAction":[{"@type":"SearchAction","target":{"@type":"EntryPoint","urlTemplate":"https:\/\/www.pcmadrid.es\/tienda\/?s={search_term_string}"},"query-input":{"@type":"PropertyValueSpecification","valueRequired":true,"valueName":"search_term_string"}}],"inLanguage":"es"},{"@type":"Organization","@id":"https:\/\/www.pcmadrid.es\/tienda\/#organization","name":"PCMADRID","url":"https:\/\/www.pcmadrid.es\/tienda\/","logo":{"@type":"ImageObject","inLanguage":"es","@id":"https:\/\/www.pcmadrid.es\/tienda\/#\/schema\/logo\/image\/","url":"https:\/\/www.pcmadrid.es\/tienda\/wp-content\/uploads\/2019\/10\/pcmadridlogo..png","contentUrl":"https:\/\/www.pcmadrid.es\/tienda\/wp-content\/uploads\/2019\/10\/pcmadridlogo..png","width":750,"height":300,"caption":"PCMADRID"},"image":{"@id":"https:\/\/www.pcmadrid.es\/tienda\/#\/schema\/logo\/image\/"},"sameAs":["https:\/\/www.facebook.com\/pcmadridinformatica","https:\/\/x.com\/pc_madrid","https:\/\/www.youtube.com\/channel\/UCIbQq9k6BBrU5x2wqDIHr7A","https:\/\/www.instagram.com\/pcmadrid_informatica\/?hl=es","https:\/\/www.linkedin.com\/company\/9348326\/admin\/","https:\/\/www.pinterest.es\/pcmadrid_informatica\/"]}]}},"jetpack_sharing_enabled":true,"_links":{"self":[{"href":"https:\/\/www.pcmadrid.es\/tienda\/wp-json\/wp\/v2\/product\/12998","targetHints":{"allow":["GET"]}}],"collection":[{"href":"https:\/\/www.pcmadrid.es\/tienda\/wp-json\/wp\/v2\/product"}],"about":[{"href":"https:\/\/www.pcmadrid.es\/tienda\/wp-json\/wp\/v2\/types\/product"}],"replies":[{"embeddable":true,"href":"https:\/\/www.pcmadrid.es\/tienda\/wp-json\/wp\/v2\/comments?post=12998"}],"wp:featuredmedia":[{"embeddable":true,"href":"https:\/\/www.pcmadrid.es\/tienda\/wp-json\/wp\/v2\/media\/12997"}],"wp:attachment":[{"href":"https:\/\/www.pcmadrid.es\/tienda\/wp-json\/wp\/v2\/media?parent=12998"}],"wp:term":[{"taxonomy":"product_brand","embeddable":true,"href":"https:\/\/www.pcmadrid.es\/tienda\/wp-json\/wp\/v2\/product_brand?post=12998"},{"taxonomy":"product_cat","embeddable":true,"href":"https:\/\/www.pcmadrid.es\/tienda\/wp-json\/wp\/v2\/product_cat?post=12998"},{"taxonomy":"product_tag","embeddable":true,"href":"https:\/\/www.pcmadrid.es\/tienda\/wp-json\/wp\/v2\/product_tag?post=12998"}],"curies":[{"name":"wp","href":"https:\/\/api.w.org\/{rel}","templated":true}]}}