{"id":13256,"date":"2024-05-20T16:52:13","date_gmt":"2024-05-20T14:52:13","guid":{"rendered":"https:\/\/www.pcmadrid.es\/tienda\/producto\/raton-inalambrico-logitech-m185-hasta-1000-dpi-azul\/"},"modified":"2025-05-09T10:50:32","modified_gmt":"2025-05-09T08:50:32","slug":"raton-inalambrico-logitech-m185-hasta-1000-dpi-azul","status":"publish","type":"product","link":"https:\/\/www.pcmadrid.es\/tienda\/producto\/raton-inalambrico-logitech-m185-hasta-1000-dpi-azul\/","title":{"rendered":"Rat\u00f3n Inal\u00e1mbrico Logitech M185\/ Hasta 1000 DPI\/ Azul"},"content":{"rendered":"<p>&#8221;                                                <\/p>\n<p>Sencillo y fiable rat\u00f3n inal\u00e1mbrico de f\u00e1cil     conexi\u00f3n, con pila de un a\u00f1o de duraci\u00f3n y un     periodo de garant\u00eda de hardware limitada de 3 a\u00f1os.<\/p>\n<h2>Nano receptor tipo &#8216;conectar y olvidar&#8217;<\/h2>\n<p>\nEs compatible con ordenadores que utilizan Window\u00ae y Mac\u00ae.     Es tan peque\u00f1o y discreto que si lo conecta a un puerto USB,     se olvidar\u00e1 completamente de \u00e9l. Adem\u00e1s, se     acabaron las preocupaciones por la p\u00e9rdida de receptores.<\/p>\n<h2>Pila de un a\u00f1o de duraci\u00f3n*<\/h2>\n<p>\nDurante un a\u00f1o puede olvidarse del engorro que supone cambiar     las pilas. El interruptor de encendido\/apagado y el modo de     suspensi\u00f3n inteligente ayudan a ahorrar energ\u00eda.*<\/p>\n<h2>Fiabilidad de Logitech<\/h2>\n<p>\nDisfrutar\u00e1 de la alta calidad y fiabilidad que han convertido     a Logitech en l\u00edder mundial en el campo de los ratones,     adem\u00e1s de un periodo de garant\u00eda de hardware limitada     de tres a\u00f1os.<\/p>\n<h2>Conexi\u00f3n inal\u00e1mbrica avanzada de 2,4 GHz de       Logitech<\/h2>\n<p>\nDisfrutar\u00e1 de la fiabilidad de un cable con la comodidad y la     libertad de la tecnolog\u00eda inal\u00e1mbrica:     transmisi\u00f3n de datos r\u00e1pida y virtual sin retrasos ni     interrupciones.<\/p>\n<h2>Comodidad Plug and play<\/h2>\n<p>\nSin software ni complicaciones: conecte el min\u00fasculo nano     receptor y empiece a usar el rat\u00f3n de inmediato.<\/p>\n<h2>Forma estilizada y c\u00f3moda<\/h2>\n<p>\nEl dise\u00f1o estilizado se adapta a cualquier mano y proporciona     m\u00e1s comodidad que un touchpad.<\/p>\n<h2>Ideal para port\u00e1tiles y netbooks<\/h2>\n<p>\nFunciona con Windows, Mac y Linux\u00ae. No importa el tipo de     ordenador que tiene ahora mismo o que comprar\u00e1 ma\u00f1ana,     puede contar con su rat\u00f3n para trabajar c\u00f3mo usted     prefiera.<\/p>\n<p><i>* La duraci\u00f3n de las pilas depende del uso y del       ordenador.<\/i><\/p>\n<h2>Especificaciones<\/h2>\n<\/p>\n<ul>\n<li>\n<h2>Requisitos del sistema<\/h2>\n<ul>\n<li>Windows\u00ae XP, Windows Vista\u00ae o Windows\u00ae 7<\/li>\n<li>Mac OS\u00ae X 10.5 o posterior<\/li>\n<li>N\u00facleo Linux\u00ae 2.6+<\/li>\n<li>Puerto USB<\/li>\n<\/ul>\n<\/li>\n<li>\n<h2>Informaci\u00f3n de garant\u00eda<\/h2>\n<ul>\n<li>Tres a\u00f1os de garant\u00eda de hardware limitada<\/li>\n<li>Contenido de la caja<\/li>\n<\/ul>\n<\/li>\n<li>\n<h2>Rat\u00f3n<\/h2>\n<ul>\n<li>Nano receptor<\/li>\n<li>1 pila AA (preinstalada)<\/li>\n<li>Documentaci\u00f3n del usuario<\/li>\n<\/ul>\n<\/li>\n<\/ul>\n<p>                                            &#8220;<\/p>\n","protected":false},"excerpt":{"rendered":"<p>Rat\u00f3n inal\u00e1mbrico logitech m185\/ hasta 1000 dpi\/ azul<\/p>\n","protected":false},"featured_media":13255,"comment_status":"open","ping_status":"closed","template":"","meta":{"_et_pb_use_builder":"","_et_pb_old_content":"","_et_gb_content_width":""},"product_brand":[],"product_cat":[531,65],"product_tag":[],"class_list":{"0":"post-13256","1":"product","2":"type-product","3":"status-publish","4":"has-post-thumbnail","6":"product_cat-ratones","7":"product_cat-todos","9":"first","10":"outofstock","11":"taxable","12":"shipping-taxable","13":"purchasable","14":"product-type-simple"},"yoast_head":"<!-- This site is optimized with the Yoast SEO plugin v26.5 - https:\/\/yoast.com\/wordpress\/plugins\/seo\/ -->\n<title>Rat\u00f3n Inal\u00e1mbrico Logitech M185\/ Hasta 1000 DPI\/ Azul | Tienda PCMADRID<\/title>\n<meta name=\"robots\" content=\"index, follow, max-snippet:-1, max-image-preview:large, max-video-preview:-1\" \/>\n<link rel=\"canonical\" href=\"https:\/\/www.pcmadrid.es\/tienda\/producto\/raton-inalambrico-logitech-m185-hasta-1000-dpi-azul\/\" \/>\n<meta name=\"twitter:label1\" content=\"Tiempo de lectura\" \/>\n\t<meta name=\"twitter:data1\" content=\"2 minutos\" \/>\n<script type=\"application\/ld+json\" class=\"yoast-schema-graph\">{\"@context\":\"https:\/\/schema.org\",\"@graph\":[{\"@type\":\"WebPage\",\"@id\":\"https:\/\/www.pcmadrid.es\/tienda\/producto\/raton-inalambrico-logitech-m185-hasta-1000-dpi-azul\/\",\"url\":\"https:\/\/www.pcmadrid.es\/tienda\/producto\/raton-inalambrico-logitech-m185-hasta-1000-dpi-azul\/\",\"name\":\"Rat\u00f3n Inal\u00e1mbrico Logitech M185\/ Hasta 1000 DPI\/ Azul | Tienda PCMADRID\",\"isPartOf\":{\"@id\":\"https:\/\/www.pcmadrid.es\/tienda\/#website\"},\"primaryImageOfPage\":{\"@id\":\"https:\/\/www.pcmadrid.es\/tienda\/producto\/raton-inalambrico-logitech-m185-hasta-1000-dpi-azul\/#primaryimage\"},\"image\":{\"@id\":\"https:\/\/www.pcmadrid.es\/tienda\/producto\/raton-inalambrico-logitech-m185-hasta-1000-dpi-azul\/#primaryimage\"},\"thumbnailUrl\":\"https:\/\/i0.wp.com\/www.pcmadrid.es\/tienda\/wp-content\/uploads\/2024\/05\/art_log-mou20m18520azul_1.jpg?fit=448%2C448&ssl=1\",\"datePublished\":\"2024-05-20T14:52:13+00:00\",\"dateModified\":\"2025-05-09T08:50:32+00:00\",\"breadcrumb\":{\"@id\":\"https:\/\/www.pcmadrid.es\/tienda\/producto\/raton-inalambrico-logitech-m185-hasta-1000-dpi-azul\/#breadcrumb\"},\"inLanguage\":\"es\",\"potentialAction\":[{\"@type\":\"ReadAction\",\"target\":[\"https:\/\/www.pcmadrid.es\/tienda\/producto\/raton-inalambrico-logitech-m185-hasta-1000-dpi-azul\/\"]}]},{\"@type\":\"ImageObject\",\"inLanguage\":\"es\",\"@id\":\"https:\/\/www.pcmadrid.es\/tienda\/producto\/raton-inalambrico-logitech-m185-hasta-1000-dpi-azul\/#primaryimage\",\"url\":\"https:\/\/i0.wp.com\/www.pcmadrid.es\/tienda\/wp-content\/uploads\/2024\/05\/art_log-mou20m18520azul_1.jpg?fit=448%2C448&ssl=1\",\"contentUrl\":\"https:\/\/i0.wp.com\/www.pcmadrid.es\/tienda\/wp-content\/uploads\/2024\/05\/art_log-mou20m18520azul_1.jpg?fit=448%2C448&ssl=1\",\"width\":448,\"height\":448},{\"@type\":\"BreadcrumbList\",\"@id\":\"https:\/\/www.pcmadrid.es\/tienda\/producto\/raton-inalambrico-logitech-m185-hasta-1000-dpi-azul\/#breadcrumb\",\"itemListElement\":[{\"@type\":\"ListItem\",\"position\":1,\"name\":\"Portada\",\"item\":\"https:\/\/www.pcmadrid.es\/tienda\/\"},{\"@type\":\"ListItem\",\"position\":2,\"name\":\"Todos los productos\",\"item\":\"https:\/\/www.pcmadrid.es\/tienda\/todos-los-productos\/\"},{\"@type\":\"ListItem\",\"position\":3,\"name\":\"Rat\u00f3n Inal\u00e1mbrico Logitech M185\/ Hasta 1000 DPI\/ Azul\"}]},{\"@type\":\"WebSite\",\"@id\":\"https:\/\/www.pcmadrid.es\/tienda\/#website\",\"url\":\"https:\/\/www.pcmadrid.es\/tienda\/\",\"name\":\"Tienda PCMADRID\",\"description\":\"Venta y reparaciones de ordenadores\",\"publisher\":{\"@id\":\"https:\/\/www.pcmadrid.es\/tienda\/#organization\"},\"potentialAction\":[{\"@type\":\"SearchAction\",\"target\":{\"@type\":\"EntryPoint\",\"urlTemplate\":\"https:\/\/www.pcmadrid.es\/tienda\/?s={search_term_string}\"},\"query-input\":{\"@type\":\"PropertyValueSpecification\",\"valueRequired\":true,\"valueName\":\"search_term_string\"}}],\"inLanguage\":\"es\"},{\"@type\":\"Organization\",\"@id\":\"https:\/\/www.pcmadrid.es\/tienda\/#organization\",\"name\":\"PCMADRID\",\"url\":\"https:\/\/www.pcmadrid.es\/tienda\/\",\"logo\":{\"@type\":\"ImageObject\",\"inLanguage\":\"es\",\"@id\":\"https:\/\/www.pcmadrid.es\/tienda\/#\/schema\/logo\/image\/\",\"url\":\"https:\/\/i0.wp.com\/www.pcmadrid.es\/tienda\/wp-content\/uploads\/2019\/10\/pcmadridlogo..png?fit=750%2C300&ssl=1\",\"contentUrl\":\"https:\/\/i0.wp.com\/www.pcmadrid.es\/tienda\/wp-content\/uploads\/2019\/10\/pcmadridlogo..png?fit=750%2C300&ssl=1\",\"width\":750,\"height\":300,\"caption\":\"PCMADRID\"},\"image\":{\"@id\":\"https:\/\/www.pcmadrid.es\/tienda\/#\/schema\/logo\/image\/\"},\"sameAs\":[\"https:\/\/www.facebook.com\/pcmadridinformatica\",\"https:\/\/x.com\/pc_madrid\",\"https:\/\/www.youtube.com\/channel\/UCIbQq9k6BBrU5x2wqDIHr7A\",\"https:\/\/www.instagram.com\/pcmadrid_informatica\/?hl=es\",\"https:\/\/www.linkedin.com\/company\/9348326\/admin\/\",\"https:\/\/www.pinterest.es\/pcmadrid_informatica\/\"]}]}<\/script>\n<!-- \/ Yoast SEO plugin. -->","yoast_head_json":{"title":"Rat\u00f3n Inal\u00e1mbrico Logitech M185\/ Hasta 1000 DPI\/ Azul | Tienda PCMADRID","robots":{"index":"index","follow":"follow","max-snippet":"max-snippet:-1","max-image-preview":"max-image-preview:large","max-video-preview":"max-video-preview:-1"},"canonical":"https:\/\/www.pcmadrid.es\/tienda\/producto\/raton-inalambrico-logitech-m185-hasta-1000-dpi-azul\/","twitter_misc":{"Tiempo de lectura":"2 minutos"},"schema":{"@context":"https:\/\/schema.org","@graph":[{"@type":"WebPage","@id":"https:\/\/www.pcmadrid.es\/tienda\/producto\/raton-inalambrico-logitech-m185-hasta-1000-dpi-azul\/","url":"https:\/\/www.pcmadrid.es\/tienda\/producto\/raton-inalambrico-logitech-m185-hasta-1000-dpi-azul\/","name":"Rat\u00f3n Inal\u00e1mbrico Logitech M185\/ Hasta 1000 DPI\/ Azul | Tienda PCMADRID","isPartOf":{"@id":"https:\/\/www.pcmadrid.es\/tienda\/#website"},"primaryImageOfPage":{"@id":"https:\/\/www.pcmadrid.es\/tienda\/producto\/raton-inalambrico-logitech-m185-hasta-1000-dpi-azul\/#primaryimage"},"image":{"@id":"https:\/\/www.pcmadrid.es\/tienda\/producto\/raton-inalambrico-logitech-m185-hasta-1000-dpi-azul\/#primaryimage"},"thumbnailUrl":"https:\/\/i0.wp.com\/www.pcmadrid.es\/tienda\/wp-content\/uploads\/2024\/05\/art_log-mou20m18520azul_1.jpg?fit=448%2C448&ssl=1","datePublished":"2024-05-20T14:52:13+00:00","dateModified":"2025-05-09T08:50:32+00:00","breadcrumb":{"@id":"https:\/\/www.pcmadrid.es\/tienda\/producto\/raton-inalambrico-logitech-m185-hasta-1000-dpi-azul\/#breadcrumb"},"inLanguage":"es","potentialAction":[{"@type":"ReadAction","target":["https:\/\/www.pcmadrid.es\/tienda\/producto\/raton-inalambrico-logitech-m185-hasta-1000-dpi-azul\/"]}]},{"@type":"ImageObject","inLanguage":"es","@id":"https:\/\/www.pcmadrid.es\/tienda\/producto\/raton-inalambrico-logitech-m185-hasta-1000-dpi-azul\/#primaryimage","url":"https:\/\/i0.wp.com\/www.pcmadrid.es\/tienda\/wp-content\/uploads\/2024\/05\/art_log-mou20m18520azul_1.jpg?fit=448%2C448&ssl=1","contentUrl":"https:\/\/i0.wp.com\/www.pcmadrid.es\/tienda\/wp-content\/uploads\/2024\/05\/art_log-mou20m18520azul_1.jpg?fit=448%2C448&ssl=1","width":448,"height":448},{"@type":"BreadcrumbList","@id":"https:\/\/www.pcmadrid.es\/tienda\/producto\/raton-inalambrico-logitech-m185-hasta-1000-dpi-azul\/#breadcrumb","itemListElement":[{"@type":"ListItem","position":1,"name":"Portada","item":"https:\/\/www.pcmadrid.es\/tienda\/"},{"@type":"ListItem","position":2,"name":"Todos los productos","item":"https:\/\/www.pcmadrid.es\/tienda\/todos-los-productos\/"},{"@type":"ListItem","position":3,"name":"Rat\u00f3n Inal\u00e1mbrico Logitech M185\/ Hasta 1000 DPI\/ Azul"}]},{"@type":"WebSite","@id":"https:\/\/www.pcmadrid.es\/tienda\/#website","url":"https:\/\/www.pcmadrid.es\/tienda\/","name":"Tienda PCMADRID","description":"Venta y reparaciones de ordenadores","publisher":{"@id":"https:\/\/www.pcmadrid.es\/tienda\/#organization"},"potentialAction":[{"@type":"SearchAction","target":{"@type":"EntryPoint","urlTemplate":"https:\/\/www.pcmadrid.es\/tienda\/?s={search_term_string}"},"query-input":{"@type":"PropertyValueSpecification","valueRequired":true,"valueName":"search_term_string"}}],"inLanguage":"es"},{"@type":"Organization","@id":"https:\/\/www.pcmadrid.es\/tienda\/#organization","name":"PCMADRID","url":"https:\/\/www.pcmadrid.es\/tienda\/","logo":{"@type":"ImageObject","inLanguage":"es","@id":"https:\/\/www.pcmadrid.es\/tienda\/#\/schema\/logo\/image\/","url":"https:\/\/i0.wp.com\/www.pcmadrid.es\/tienda\/wp-content\/uploads\/2019\/10\/pcmadridlogo..png?fit=750%2C300&ssl=1","contentUrl":"https:\/\/i0.wp.com\/www.pcmadrid.es\/tienda\/wp-content\/uploads\/2019\/10\/pcmadridlogo..png?fit=750%2C300&ssl=1","width":750,"height":300,"caption":"PCMADRID"},"image":{"@id":"https:\/\/www.pcmadrid.es\/tienda\/#\/schema\/logo\/image\/"},"sameAs":["https:\/\/www.facebook.com\/pcmadridinformatica","https:\/\/x.com\/pc_madrid","https:\/\/www.youtube.com\/channel\/UCIbQq9k6BBrU5x2wqDIHr7A","https:\/\/www.instagram.com\/pcmadrid_informatica\/?hl=es","https:\/\/www.linkedin.com\/company\/9348326\/admin\/","https:\/\/www.pinterest.es\/pcmadrid_informatica\/"]}]}},"jetpack_sharing_enabled":true,"_links":{"self":[{"href":"https:\/\/www.pcmadrid.es\/tienda\/wp-json\/wp\/v2\/product\/13256","targetHints":{"allow":["GET"]}}],"collection":[{"href":"https:\/\/www.pcmadrid.es\/tienda\/wp-json\/wp\/v2\/product"}],"about":[{"href":"https:\/\/www.pcmadrid.es\/tienda\/wp-json\/wp\/v2\/types\/product"}],"replies":[{"embeddable":true,"href":"https:\/\/www.pcmadrid.es\/tienda\/wp-json\/wp\/v2\/comments?post=13256"}],"wp:featuredmedia":[{"embeddable":true,"href":"https:\/\/www.pcmadrid.es\/tienda\/wp-json\/wp\/v2\/media\/13255"}],"wp:attachment":[{"href":"https:\/\/www.pcmadrid.es\/tienda\/wp-json\/wp\/v2\/media?parent=13256"}],"wp:term":[{"taxonomy":"product_brand","embeddable":true,"href":"https:\/\/www.pcmadrid.es\/tienda\/wp-json\/wp\/v2\/product_brand?post=13256"},{"taxonomy":"product_cat","embeddable":true,"href":"https:\/\/www.pcmadrid.es\/tienda\/wp-json\/wp\/v2\/product_cat?post=13256"},{"taxonomy":"product_tag","embeddable":true,"href":"https:\/\/www.pcmadrid.es\/tienda\/wp-json\/wp\/v2\/product_tag?post=13256"}],"curies":[{"name":"wp","href":"https:\/\/api.w.org\/{rel}","templated":true}]}}