{"id":13282,"date":"2024-05-20T16:52:25","date_gmt":"2024-05-20T14:52:25","guid":{"rendered":"https:\/\/www.pcmadrid.es\/tienda\/producto\/raton-inalambrico-por-bluetooth-logitech-mx-master-2s-bateria-recargable-hasta-4000-dpi\/"},"modified":"2025-05-09T10:50:35","modified_gmt":"2025-05-09T08:50:35","slug":"raton-inalambrico-por-bluetooth-logitech-mx-master-2s-bateria-recargable-hasta-4000-dpi","status":"publish","type":"product","link":"https:\/\/www.pcmadrid.es\/tienda\/producto\/raton-inalambrico-por-bluetooth-logitech-mx-master-2s-bateria-recargable-hasta-4000-dpi\/","title":{"rendered":"Rat\u00f3n Inal\u00e1mbrico por Bluetooth Logitech MX Master 2S\/ Bater\u00eda recargable\/ Hasta 4000 DPI"},"content":{"rendered":"<p>&#8221;                                                                                                <\/p>\n<ul>\n<li>\n<h2>Rat\u00f3n<\/h2>\n<\/li>\n<li>Interfaz del dispositivo: RF inal\u00e1mbrica + Bluetooth<\/li>\n<li>Tecnolog\u00eda de detecci\u00f3n de movimientos: Laser<\/li>\n<li>Tipo de botones: Botones presionados<\/li>\n<li>Tipo de desplazamiento: Rueda<\/li>\n<li>Cantidad de botones: 7<\/li>\n<li>Resoluci\u00f3n de movimiento: 4000 DPI<\/li>\n<li>Personalizable resoluci\u00f3n movimiento: Si<\/li>\n<li>Frecuencia de banda: 2.4 GHz<\/li>\n<li>Versi\u00f3n de Bluetooth: 5.0<\/li>\n<li>Bluetooth de baja energ\u00eda (BLE, Bluetooth Low Energy): Si<\/li>\n<li>\n<h2>Dise\u00f1o<\/h2>\n<\/li>\n<li>Factor de forma: mano derecha<\/li>\n<li>Dise\u00f1o de plancha ergon\u00f3mico: Si<\/li>\n<li>Color del producto: Grafito<\/li>\n<li>Coloraci\u00f3n de superficie: Mon\u00f3tono<\/li>\n<li>Control de energ\u00eda<\/li>\n<li>Fuente de energ\u00eda: Bater\u00edas<\/li>\n<li>Recargable: Si<\/li>\n<li>Tipo de puerto de carga: MicroUSB tipo B<\/li>\n<li>Tipo de bater\u00eda: Bater\u00eda integrada<\/li>\n<li>Tecnolog\u00eda de bater\u00eda: Pol\u00edmero de litio<\/li>\n<li>Capacidad de bater\u00eda: 500 mAh<\/li>\n<li>Requisitos del sistema<\/li>\n<li>Sistema operativo Windows soportado: Windows 10,Windows 7,Windows 8,Windows 8.1<\/li>\n<li>Sistema operativo MAC soportado: Mac OS X 10.10 Yosemite, Mac OS X<br \/>\n 10.11 El Capitan, Mac OS X 10.12 Sierra, Mac OS X 10.13 High Sierra,<br \/>\nMac OS X 10.14 Mojave, Mac OS X 10.15 Catalina, Mac OS X 10.15.3<br \/>\nCatalina, Mac OS X 11.0 Big Sur<\/li>\n<li>Sistema operativo Linux soportado: Si<\/li>\n<li>\n<h2>Peso y dimensiones<\/h2>\n<\/li>\n<li>Ancho: 85,7 mm<\/li>\n<li>Profundidad: 126 mm<\/li>\n<li>Altura: 48,4 mm<\/li>\n<li>Peso: 145 g<\/li>\n<li>Ancho de receptor: 1,44 cm<\/li>\n<li>Fondo del receptor: 6,6 mm<\/li>\n<li>Altura de receptor: 1,84 cm<\/li>\n<li>Peso del receptor: 2 g<\/li>\n<li>\n<h2>Contenido de la caja<\/h2>\n<\/li>\n<li>Receptor incluido: Si<\/li>\n<li>Interfaz de receptor inal\u00e1mbrico: USB tipo A<\/li>\n<li>Tipo de receptor: Nanorreceptor<\/li>\n<li>Receptor unificador: Si<\/li>\n<li>Cables incluidos: MicroUSB<\/li>\n<li>Cantidad: 1<\/li>\n<\/ul>\n<p>                                                                                        &#8220;<\/p>\n","protected":false},"excerpt":{"rendered":"<p>Rat\u00f3n inal\u00e1mbrico por bluetooth logitech mx master 2s\/ bater\u00eda recargable\/ hasta 4000 dpi<\/p>\n","protected":false},"featured_media":13281,"comment_status":"open","ping_status":"closed","template":"","meta":{"_et_pb_use_builder":"","_et_pb_old_content":"","_et_gb_content_width":""},"product_brand":[],"product_cat":[531,65],"product_tag":[],"class_list":{"0":"post-13282","1":"product","2":"type-product","3":"status-publish","4":"has-post-thumbnail","6":"product_cat-ratones","7":"product_cat-todos","9":"first","10":"outofstock","11":"taxable","12":"shipping-taxable","13":"purchasable","14":"product-type-simple"},"yoast_head":"<!-- This site is optimized with the Yoast SEO plugin v27.5 - https:\/\/yoast.com\/product\/yoast-seo-wordpress\/ -->\n<title>Rat\u00f3n Inal\u00e1mbrico por Bluetooth Logitech MX Master 2S\/ Bater\u00eda recargable\/ Hasta 4000 DPI | Tienda PCMADRID<\/title>\n<meta name=\"robots\" content=\"index, follow, max-snippet:-1, max-image-preview:large, max-video-preview:-1\" \/>\n<link rel=\"canonical\" href=\"https:\/\/www.pcmadrid.es\/tienda\/producto\/raton-inalambrico-por-bluetooth-logitech-mx-master-2s-bateria-recargable-hasta-4000-dpi\/\" \/>\n<meta name=\"twitter:label1\" content=\"Tiempo de lectura\" \/>\n\t<meta name=\"twitter:data1\" content=\"1 minuto\" \/>\n<script type=\"application\/ld+json\" class=\"yoast-schema-graph\">{\"@context\":\"https:\\\/\\\/schema.org\",\"@graph\":[{\"@type\":\"WebPage\",\"@id\":\"https:\\\/\\\/www.pcmadrid.es\\\/tienda\\\/producto\\\/raton-inalambrico-por-bluetooth-logitech-mx-master-2s-bateria-recargable-hasta-4000-dpi\\\/\",\"url\":\"https:\\\/\\\/www.pcmadrid.es\\\/tienda\\\/producto\\\/raton-inalambrico-por-bluetooth-logitech-mx-master-2s-bateria-recargable-hasta-4000-dpi\\\/\",\"name\":\"Rat\u00f3n Inal\u00e1mbrico por Bluetooth Logitech MX Master 2S\\\/ Bater\u00eda recargable\\\/ Hasta 4000 DPI | Tienda PCMADRID\",\"isPartOf\":{\"@id\":\"https:\\\/\\\/www.pcmadrid.es\\\/tienda\\\/#website\"},\"primaryImageOfPage\":{\"@id\":\"https:\\\/\\\/www.pcmadrid.es\\\/tienda\\\/producto\\\/raton-inalambrico-por-bluetooth-logitech-mx-master-2s-bateria-recargable-hasta-4000-dpi\\\/#primaryimage\"},\"image\":{\"@id\":\"https:\\\/\\\/www.pcmadrid.es\\\/tienda\\\/producto\\\/raton-inalambrico-por-bluetooth-logitech-mx-master-2s-bateria-recargable-hasta-4000-dpi\\\/#primaryimage\"},\"thumbnailUrl\":\"https:\\\/\\\/i0.wp.com\\\/www.pcmadrid.es\\\/tienda\\\/wp-content\\\/uploads\\\/2024\\\/05\\\/art_log-mou20mx20master202s20bk_1.jpg?fit=448%2C448&ssl=1\",\"datePublished\":\"2024-05-20T14:52:25+00:00\",\"dateModified\":\"2025-05-09T08:50:35+00:00\",\"breadcrumb\":{\"@id\":\"https:\\\/\\\/www.pcmadrid.es\\\/tienda\\\/producto\\\/raton-inalambrico-por-bluetooth-logitech-mx-master-2s-bateria-recargable-hasta-4000-dpi\\\/#breadcrumb\"},\"inLanguage\":\"es\",\"potentialAction\":[{\"@type\":\"ReadAction\",\"target\":[\"https:\\\/\\\/www.pcmadrid.es\\\/tienda\\\/producto\\\/raton-inalambrico-por-bluetooth-logitech-mx-master-2s-bateria-recargable-hasta-4000-dpi\\\/\"]}]},{\"@type\":\"ImageObject\",\"inLanguage\":\"es\",\"@id\":\"https:\\\/\\\/www.pcmadrid.es\\\/tienda\\\/producto\\\/raton-inalambrico-por-bluetooth-logitech-mx-master-2s-bateria-recargable-hasta-4000-dpi\\\/#primaryimage\",\"url\":\"https:\\\/\\\/i0.wp.com\\\/www.pcmadrid.es\\\/tienda\\\/wp-content\\\/uploads\\\/2024\\\/05\\\/art_log-mou20mx20master202s20bk_1.jpg?fit=448%2C448&ssl=1\",\"contentUrl\":\"https:\\\/\\\/i0.wp.com\\\/www.pcmadrid.es\\\/tienda\\\/wp-content\\\/uploads\\\/2024\\\/05\\\/art_log-mou20mx20master202s20bk_1.jpg?fit=448%2C448&ssl=1\",\"width\":448,\"height\":448},{\"@type\":\"BreadcrumbList\",\"@id\":\"https:\\\/\\\/www.pcmadrid.es\\\/tienda\\\/producto\\\/raton-inalambrico-por-bluetooth-logitech-mx-master-2s-bateria-recargable-hasta-4000-dpi\\\/#breadcrumb\",\"itemListElement\":[{\"@type\":\"ListItem\",\"position\":1,\"name\":\"Portada\",\"item\":\"https:\\\/\\\/www.pcmadrid.es\\\/tienda\\\/\"},{\"@type\":\"ListItem\",\"position\":2,\"name\":\"Todos los productos\",\"item\":\"https:\\\/\\\/www.pcmadrid.es\\\/tienda\\\/todos-los-productos\\\/\"},{\"@type\":\"ListItem\",\"position\":3,\"name\":\"Rat\u00f3n Inal\u00e1mbrico por Bluetooth Logitech MX Master 2S\\\/ Bater\u00eda recargable\\\/ Hasta 4000 DPI\"}]},{\"@type\":\"WebSite\",\"@id\":\"https:\\\/\\\/www.pcmadrid.es\\\/tienda\\\/#website\",\"url\":\"https:\\\/\\\/www.pcmadrid.es\\\/tienda\\\/\",\"name\":\"Tienda PCMADRID\",\"description\":\"Venta y reparaciones de ordenadores\",\"publisher\":{\"@id\":\"https:\\\/\\\/www.pcmadrid.es\\\/tienda\\\/#organization\"},\"potentialAction\":[{\"@type\":\"SearchAction\",\"target\":{\"@type\":\"EntryPoint\",\"urlTemplate\":\"https:\\\/\\\/www.pcmadrid.es\\\/tienda\\\/?s={search_term_string}\"},\"query-input\":{\"@type\":\"PropertyValueSpecification\",\"valueRequired\":true,\"valueName\":\"search_term_string\"}}],\"inLanguage\":\"es\"},{\"@type\":\"Organization\",\"@id\":\"https:\\\/\\\/www.pcmadrid.es\\\/tienda\\\/#organization\",\"name\":\"PCMADRID\",\"url\":\"https:\\\/\\\/www.pcmadrid.es\\\/tienda\\\/\",\"logo\":{\"@type\":\"ImageObject\",\"inLanguage\":\"es\",\"@id\":\"https:\\\/\\\/www.pcmadrid.es\\\/tienda\\\/#\\\/schema\\\/logo\\\/image\\\/\",\"url\":\"https:\\\/\\\/www.pcmadrid.es\\\/tienda\\\/wp-content\\\/uploads\\\/2019\\\/10\\\/pcmadridlogo..png\",\"contentUrl\":\"https:\\\/\\\/www.pcmadrid.es\\\/tienda\\\/wp-content\\\/uploads\\\/2019\\\/10\\\/pcmadridlogo..png\",\"width\":750,\"height\":300,\"caption\":\"PCMADRID\"},\"image\":{\"@id\":\"https:\\\/\\\/www.pcmadrid.es\\\/tienda\\\/#\\\/schema\\\/logo\\\/image\\\/\"},\"sameAs\":[\"https:\\\/\\\/www.facebook.com\\\/pcmadridinformatica\",\"https:\\\/\\\/x.com\\\/pc_madrid\",\"https:\\\/\\\/www.youtube.com\\\/channel\\\/UCIbQq9k6BBrU5x2wqDIHr7A\",\"https:\\\/\\\/www.instagram.com\\\/pcmadrid_informatica\\\/?hl=es\",\"https:\\\/\\\/www.linkedin.com\\\/company\\\/9348326\\\/admin\\\/\",\"https:\\\/\\\/www.pinterest.es\\\/pcmadrid_informatica\\\/\"]}]}<\/script>\n<!-- \/ Yoast SEO plugin. -->","yoast_head_json":{"title":"Rat\u00f3n Inal\u00e1mbrico por Bluetooth Logitech MX Master 2S\/ Bater\u00eda recargable\/ Hasta 4000 DPI | Tienda PCMADRID","robots":{"index":"index","follow":"follow","max-snippet":"max-snippet:-1","max-image-preview":"max-image-preview:large","max-video-preview":"max-video-preview:-1"},"canonical":"https:\/\/www.pcmadrid.es\/tienda\/producto\/raton-inalambrico-por-bluetooth-logitech-mx-master-2s-bateria-recargable-hasta-4000-dpi\/","twitter_misc":{"Tiempo de lectura":"1 minuto"},"schema":{"@context":"https:\/\/schema.org","@graph":[{"@type":"WebPage","@id":"https:\/\/www.pcmadrid.es\/tienda\/producto\/raton-inalambrico-por-bluetooth-logitech-mx-master-2s-bateria-recargable-hasta-4000-dpi\/","url":"https:\/\/www.pcmadrid.es\/tienda\/producto\/raton-inalambrico-por-bluetooth-logitech-mx-master-2s-bateria-recargable-hasta-4000-dpi\/","name":"Rat\u00f3n Inal\u00e1mbrico por Bluetooth Logitech MX Master 2S\/ Bater\u00eda recargable\/ Hasta 4000 DPI | Tienda PCMADRID","isPartOf":{"@id":"https:\/\/www.pcmadrid.es\/tienda\/#website"},"primaryImageOfPage":{"@id":"https:\/\/www.pcmadrid.es\/tienda\/producto\/raton-inalambrico-por-bluetooth-logitech-mx-master-2s-bateria-recargable-hasta-4000-dpi\/#primaryimage"},"image":{"@id":"https:\/\/www.pcmadrid.es\/tienda\/producto\/raton-inalambrico-por-bluetooth-logitech-mx-master-2s-bateria-recargable-hasta-4000-dpi\/#primaryimage"},"thumbnailUrl":"https:\/\/i0.wp.com\/www.pcmadrid.es\/tienda\/wp-content\/uploads\/2024\/05\/art_log-mou20mx20master202s20bk_1.jpg?fit=448%2C448&ssl=1","datePublished":"2024-05-20T14:52:25+00:00","dateModified":"2025-05-09T08:50:35+00:00","breadcrumb":{"@id":"https:\/\/www.pcmadrid.es\/tienda\/producto\/raton-inalambrico-por-bluetooth-logitech-mx-master-2s-bateria-recargable-hasta-4000-dpi\/#breadcrumb"},"inLanguage":"es","potentialAction":[{"@type":"ReadAction","target":["https:\/\/www.pcmadrid.es\/tienda\/producto\/raton-inalambrico-por-bluetooth-logitech-mx-master-2s-bateria-recargable-hasta-4000-dpi\/"]}]},{"@type":"ImageObject","inLanguage":"es","@id":"https:\/\/www.pcmadrid.es\/tienda\/producto\/raton-inalambrico-por-bluetooth-logitech-mx-master-2s-bateria-recargable-hasta-4000-dpi\/#primaryimage","url":"https:\/\/i0.wp.com\/www.pcmadrid.es\/tienda\/wp-content\/uploads\/2024\/05\/art_log-mou20mx20master202s20bk_1.jpg?fit=448%2C448&ssl=1","contentUrl":"https:\/\/i0.wp.com\/www.pcmadrid.es\/tienda\/wp-content\/uploads\/2024\/05\/art_log-mou20mx20master202s20bk_1.jpg?fit=448%2C448&ssl=1","width":448,"height":448},{"@type":"BreadcrumbList","@id":"https:\/\/www.pcmadrid.es\/tienda\/producto\/raton-inalambrico-por-bluetooth-logitech-mx-master-2s-bateria-recargable-hasta-4000-dpi\/#breadcrumb","itemListElement":[{"@type":"ListItem","position":1,"name":"Portada","item":"https:\/\/www.pcmadrid.es\/tienda\/"},{"@type":"ListItem","position":2,"name":"Todos los productos","item":"https:\/\/www.pcmadrid.es\/tienda\/todos-los-productos\/"},{"@type":"ListItem","position":3,"name":"Rat\u00f3n Inal\u00e1mbrico por Bluetooth Logitech MX Master 2S\/ Bater\u00eda recargable\/ Hasta 4000 DPI"}]},{"@type":"WebSite","@id":"https:\/\/www.pcmadrid.es\/tienda\/#website","url":"https:\/\/www.pcmadrid.es\/tienda\/","name":"Tienda PCMADRID","description":"Venta y reparaciones de ordenadores","publisher":{"@id":"https:\/\/www.pcmadrid.es\/tienda\/#organization"},"potentialAction":[{"@type":"SearchAction","target":{"@type":"EntryPoint","urlTemplate":"https:\/\/www.pcmadrid.es\/tienda\/?s={search_term_string}"},"query-input":{"@type":"PropertyValueSpecification","valueRequired":true,"valueName":"search_term_string"}}],"inLanguage":"es"},{"@type":"Organization","@id":"https:\/\/www.pcmadrid.es\/tienda\/#organization","name":"PCMADRID","url":"https:\/\/www.pcmadrid.es\/tienda\/","logo":{"@type":"ImageObject","inLanguage":"es","@id":"https:\/\/www.pcmadrid.es\/tienda\/#\/schema\/logo\/image\/","url":"https:\/\/www.pcmadrid.es\/tienda\/wp-content\/uploads\/2019\/10\/pcmadridlogo..png","contentUrl":"https:\/\/www.pcmadrid.es\/tienda\/wp-content\/uploads\/2019\/10\/pcmadridlogo..png","width":750,"height":300,"caption":"PCMADRID"},"image":{"@id":"https:\/\/www.pcmadrid.es\/tienda\/#\/schema\/logo\/image\/"},"sameAs":["https:\/\/www.facebook.com\/pcmadridinformatica","https:\/\/x.com\/pc_madrid","https:\/\/www.youtube.com\/channel\/UCIbQq9k6BBrU5x2wqDIHr7A","https:\/\/www.instagram.com\/pcmadrid_informatica\/?hl=es","https:\/\/www.linkedin.com\/company\/9348326\/admin\/","https:\/\/www.pinterest.es\/pcmadrid_informatica\/"]}]}},"jetpack_sharing_enabled":true,"_links":{"self":[{"href":"https:\/\/www.pcmadrid.es\/tienda\/wp-json\/wp\/v2\/product\/13282","targetHints":{"allow":["GET"]}}],"collection":[{"href":"https:\/\/www.pcmadrid.es\/tienda\/wp-json\/wp\/v2\/product"}],"about":[{"href":"https:\/\/www.pcmadrid.es\/tienda\/wp-json\/wp\/v2\/types\/product"}],"replies":[{"embeddable":true,"href":"https:\/\/www.pcmadrid.es\/tienda\/wp-json\/wp\/v2\/comments?post=13282"}],"wp:featuredmedia":[{"embeddable":true,"href":"https:\/\/www.pcmadrid.es\/tienda\/wp-json\/wp\/v2\/media\/13281"}],"wp:attachment":[{"href":"https:\/\/www.pcmadrid.es\/tienda\/wp-json\/wp\/v2\/media?parent=13282"}],"wp:term":[{"taxonomy":"product_brand","embeddable":true,"href":"https:\/\/www.pcmadrid.es\/tienda\/wp-json\/wp\/v2\/product_brand?post=13282"},{"taxonomy":"product_cat","embeddable":true,"href":"https:\/\/www.pcmadrid.es\/tienda\/wp-json\/wp\/v2\/product_cat?post=13282"},{"taxonomy":"product_tag","embeddable":true,"href":"https:\/\/www.pcmadrid.es\/tienda\/wp-json\/wp\/v2\/product_tag?post=13282"}],"curies":[{"name":"wp","href":"https:\/\/api.w.org\/{rel}","templated":true}]}}