{"id":13284,"date":"2024-05-20T16:52:26","date_gmt":"2024-05-20T14:52:26","guid":{"rendered":"https:\/\/www.pcmadrid.es\/tienda\/producto\/raton-ergonomico-inalambrico-por-bluetooth-logitech-mx-master-3s-bateria-recargable-hasta-8000-dpi-grafito\/"},"modified":"2025-05-09T10:50:35","modified_gmt":"2025-05-09T08:50:35","slug":"raton-ergonomico-inalambrico-por-bluetooth-logitech-mx-master-3s-bateria-recargable-hasta-8000-dpi-grafito","status":"publish","type":"product","link":"https:\/\/www.pcmadrid.es\/tienda\/producto\/raton-ergonomico-inalambrico-por-bluetooth-logitech-mx-master-3s-bateria-recargable-hasta-8000-dpi-grafito\/","title":{"rendered":"Rat\u00f3n Ergon\u00f3mico Inal\u00e1mbrico por Bluetooth Logitech MX Master 3S\/ Bater\u00eda recargable\/ Hasta 8000 DPI\/ Grafito"},"content":{"rendered":"<p>&#8221;                                                                                                <\/p>\n<h2>UN CL\u00c1SICO. REINVENTADO.<\/h2>\n<p>\u00c9ste es MX Master 3S, un emblem\u00e1tico rat\u00f3n reinventado.<br \/>Siente cada momento de tu flujo de trabajo con m\u00e1s precisi\u00f3n, sensaci\u00f3n t\u00e1ctil y rendimiento, gracias a los clics silenciosos y un sensor de seguimiento sobre cristal de 8.000 dpi<\/p>\n<\/p>\n<h2>SI\u00c9NTELO &#8211; SIN APENAS O\u00cdRLO<\/h2>\n<p>Con clics silenciosos: crea y haz todo tipo de cosas con la misma sensaci\u00f3n de clic, pero con menos ruido. Los clics silenciosos ofrecen una sensaci\u00f3n t\u00e1ctil satisfactoria y producen un 90% menos de ruido Comparado con MX Master 3, MX Master 3S tiene un 90% menos de nivel de potencia de sonido de clic izquierdo y derecho, medido a 1 m..<\/p>\n<p>Y si a eso se a\u00f1ade un bot\u00f3n de desplazamiento electromagn\u00e9tico MagSpeed sumamente discreto, se obtiene una experiencia de alto rendimiento sin distracciones.<\/p>\n<h2>SEGUIMIENTO DE 8000 DPI EN CUALQUIER SUPERFICIE<\/h2>\n<p>MX Master 3S est\u00e1 equipado con nuestro sensor m\u00e1s preciso hasta la fecha, con precisi\u00f3n y capacidad de respuesta de pr\u00f3xima generaci\u00f3n.<\/p>\n<p>El sensor \u00f3ptico de 8.000 dpi hace seguimiento casi en cualquier superficie, incluso sobre cristal. Grosor m\u00ednimo de cristal: 4 mm. Puedes ajustar la sensibilidad de seguimiento en Logi Options+. Requiere software Logi Options+, disponible para Windows y macOS y establecer el nivel adecuado seg\u00fan tu flujo de trabajo y la resoluci\u00f3n del monitor.<\/p>\n<h2>DESPLAZAMIENTO A 1000 L\u00cdNEAS POR SEGUNDO<\/h2>\n<p>El desplazamiento electromagn\u00e9tico MagSpeed es suficientemente preciso como para detenerse en un p\u00edxel y suficientemente r\u00e1pido como para desplazarse 1.000 l\u00edneas\/segundo. Ah, y es pr\u00e1cticamente silencioso.\u00a0<\/p>\n<p>El acero mecanizado del bot\u00f3n rueda le da esa sensaci\u00f3n t\u00e1ctil premium y el peso suficiente para ofrecer inercia din\u00e1mica que se siente pero que no se oye.<\/p>\n<h2>OPTIMIZA TU FLUJO DE TRABAJO<\/h2>\n<p>Trabaja alternando entre dispositivos y sistemas operativos, personaliza botones individuales, define personalizaciones espec\u00edficas de aplicaciones, optimiza casi todas las acciones de tu flujo de trabajo y configura la velocidad de seguimiento en Logi Options+. Requiere software Logi Options+, disponible para Windows y macOS.<\/p>\n<h2>CARGA R\u00c1PIDA, CONEXI\u00d3N AL INSTANTE<\/h2>\n<p>MX Master 3S funciona hasta 70 d\u00edas con una carga completa, y permite tres horas de uso con un minuto de carga r\u00e1pida. La duraci\u00f3n de las pilas\/bater\u00edas depende del uso y de los dispositivos. Usa el cable de carga USB-C incluido para recargar la energ\u00eda.<\/p>\n<p>MX Master 3S es compatible inmediatamente con los principales sistemas operativos, como Windows, macOS, Chrome OS&#8482; o Linux\u00ae. El rat\u00f3n se empareja al instante con hasta tres dispositivos a trav\u00e9s de Bluetooth de bajo consumo o con el receptor USB Logi Bolt incluido.<\/p>\n<\/p>\n<ul>\n<li>70 D\u00cdAS<\/li>\n<li>CON UNA CARGA COMPLETA<\/li>\n<li>3 HORAS<\/li>\n<li>DE USO DE UNA CARGA DE 1 MINUTO<\/li>\n<\/ul>\n<h2>ADAPTADO A LA MANO, PARA COMODIDAD PROLONGADA.<\/h2>\n<p>Trabaja c\u00f3modamente con una silueta ergon\u00f3mica dise\u00f1ada para soportar la palma y los dedos. Las superficies texturizadas proporcionan un agarre seguro para un control total. El exclusivo \u00e1ngulo de inclinaci\u00f3n de MX Master 3S coloca el brazo en una postura m\u00e1s natural, para una mayor comodidad.<\/p>\n<p>Los controles para el pulgar est\u00e1n colocados de forma id\u00f3nea para un acceso r\u00e1pido e intuitivo, y una navegaci\u00f3n r\u00e1pida. La rueda de desplazamiento lateral sigue el movimiento natural del pulgar, para una navegaci\u00f3n horizontal fluida e intuitiva.<\/p>\n<p><\/p>\n<\/p>\n<h2>\n<ul>\n<li>Especificaciones y detalles<\/li>\n<\/ul>\n<\/h2>\n<ul>\n<li><b>Dimensiones<\/b><\/li>\n<li>Rat\u00f3n MX Master 3S<\/li>\n<li>Altura: 124,9 mm<\/li>\n<li>Anchura: 84,3 mm<\/li>\n<li>Profundidad: 51 mm<\/li>\n<li>Peso: 141 g<\/li>\n<li>Receptor USB Logi Bolt<\/li>\n<li>Altura: 18,4 mm<\/li>\n<li>Anchura: 14,4 mm<\/li>\n<li>Profundidad: 6,6 mm<\/li>\n<li>Peso: 2 g<\/li>\n<\/ul>\n<h2>\n<ul>\n<li>Especificaciones t\u00e9cnicas<\/li>\n<\/ul>\n<\/h2>\n<ul>\n<li><b>Tecnolog\u00eda de sensor<\/b><\/li>\n<li>Tecnolog\u00eda de sensor: Alta precisi\u00f3n Darkfield<\/li>\n<li>Valor nominal: 1.000 dpi<\/li>\n<li>dpi (valores m\u00ednimo y m\u00e1ximo): 200-8000 dpi (ajustable en incrementos de 50 dpi)<\/li>\n<li><b>Botones<\/b><\/li>\n<li>7 botones (clic izquierdo\/derecho, avance\/retroceso, cambio de aplicaciones, cambio de modo de bot\u00f3n rueda, clic con el bot\u00f3n central)<\/li>\n<li>Bot\u00f3n rueda: S\u00ed, con SmartShift<\/li>\n<li>Bot\u00f3n para el pulgar: S\u00ed<\/li>\n<li>Bot\u00f3n de gestos: S\u00ed<\/li>\n<li>Distancia de funcionamiento inal\u00e1mbrico<\/li>\n<li>10 m. El radio de acci\u00f3n inal\u00e1mbrico depende del entorno operativo y de la configuraci\u00f3n de dispositivos.<\/li>\n<li><b>Tecnolog\u00eda inal\u00e1mbrica<\/b><\/li>\n<li>Tecnolog\u00eda inal\u00e1mbrica avanzada de 2,4 GHz<\/li>\n<li>Pilas\/Bater\u00edas<\/li>\n<li>Bater\u00eda recargable Li-Po (500 mAh)<\/li>\n<li>Consigue tres horas de uso con un minuto de carga r\u00e1pida. La duraci\u00f3n de las bater\u00edas depende del uso y de los dispositivos.<\/li>\n<li><b>Software opcional<\/b><\/li>\n<li>Logi Options+ y Logitech Flow<\/li>\n<\/ul>\n<p><\/p>\n<p>                                                                                        &#8220;<\/p>\n","protected":false},"excerpt":{"rendered":"<p>Rat\u00f3n ergon\u00f3mico inal\u00e1mbrico por bluetooth logitech mx master 3s\/ bater\u00eda recargable\/ hasta 8000 dpi\/ grafito<\/p>\n","protected":false},"featured_media":13283,"comment_status":"open","ping_status":"closed","template":"","meta":{"_et_pb_use_builder":"","_et_pb_old_content":"","_et_gb_content_width":""},"product_brand":[],"product_cat":[531,65],"product_tag":[],"class_list":{"0":"post-13284","1":"product","2":"type-product","3":"status-publish","4":"has-post-thumbnail","6":"product_cat-ratones","7":"product_cat-todos","9":"first","10":"outofstock","11":"taxable","12":"shipping-taxable","13":"purchasable","14":"product-type-simple"},"yoast_head":"<!-- This site is optimized with the Yoast SEO plugin v26.5 - https:\/\/yoast.com\/wordpress\/plugins\/seo\/ -->\n<title>Rat\u00f3n Ergon\u00f3mico Inal\u00e1mbrico por Bluetooth Logitech MX Master 3S\/ Bater\u00eda recargable\/ Hasta 8000 DPI\/ Grafito | Tienda PCMADRID<\/title>\n<meta name=\"robots\" content=\"index, follow, max-snippet:-1, max-image-preview:large, max-video-preview:-1\" \/>\n<link rel=\"canonical\" href=\"https:\/\/www.pcmadrid.es\/tienda\/producto\/raton-ergonomico-inalambrico-por-bluetooth-logitech-mx-master-3s-bateria-recargable-hasta-8000-dpi-grafito\/\" \/>\n<meta name=\"twitter:label1\" content=\"Tiempo de lectura\" \/>\n\t<meta name=\"twitter:data1\" content=\"4 minutos\" \/>\n<script type=\"application\/ld+json\" class=\"yoast-schema-graph\">{\"@context\":\"https:\/\/schema.org\",\"@graph\":[{\"@type\":\"WebPage\",\"@id\":\"https:\/\/www.pcmadrid.es\/tienda\/producto\/raton-ergonomico-inalambrico-por-bluetooth-logitech-mx-master-3s-bateria-recargable-hasta-8000-dpi-grafito\/\",\"url\":\"https:\/\/www.pcmadrid.es\/tienda\/producto\/raton-ergonomico-inalambrico-por-bluetooth-logitech-mx-master-3s-bateria-recargable-hasta-8000-dpi-grafito\/\",\"name\":\"Rat\u00f3n Ergon\u00f3mico Inal\u00e1mbrico por Bluetooth Logitech MX Master 3S\/ Bater\u00eda recargable\/ Hasta 8000 DPI\/ Grafito | Tienda PCMADRID\",\"isPartOf\":{\"@id\":\"https:\/\/www.pcmadrid.es\/tienda\/#website\"},\"primaryImageOfPage\":{\"@id\":\"https:\/\/www.pcmadrid.es\/tienda\/producto\/raton-ergonomico-inalambrico-por-bluetooth-logitech-mx-master-3s-bateria-recargable-hasta-8000-dpi-grafito\/#primaryimage\"},\"image\":{\"@id\":\"https:\/\/www.pcmadrid.es\/tienda\/producto\/raton-ergonomico-inalambrico-por-bluetooth-logitech-mx-master-3s-bateria-recargable-hasta-8000-dpi-grafito\/#primaryimage\"},\"thumbnailUrl\":\"https:\/\/i0.wp.com\/www.pcmadrid.es\/tienda\/wp-content\/uploads\/2024\/05\/art_log-mou20mx20master203s20bk_1.jpg?fit=448%2C448&ssl=1\",\"datePublished\":\"2024-05-20T14:52:26+00:00\",\"dateModified\":\"2025-05-09T08:50:35+00:00\",\"breadcrumb\":{\"@id\":\"https:\/\/www.pcmadrid.es\/tienda\/producto\/raton-ergonomico-inalambrico-por-bluetooth-logitech-mx-master-3s-bateria-recargable-hasta-8000-dpi-grafito\/#breadcrumb\"},\"inLanguage\":\"es\",\"potentialAction\":[{\"@type\":\"ReadAction\",\"target\":[\"https:\/\/www.pcmadrid.es\/tienda\/producto\/raton-ergonomico-inalambrico-por-bluetooth-logitech-mx-master-3s-bateria-recargable-hasta-8000-dpi-grafito\/\"]}]},{\"@type\":\"ImageObject\",\"inLanguage\":\"es\",\"@id\":\"https:\/\/www.pcmadrid.es\/tienda\/producto\/raton-ergonomico-inalambrico-por-bluetooth-logitech-mx-master-3s-bateria-recargable-hasta-8000-dpi-grafito\/#primaryimage\",\"url\":\"https:\/\/i0.wp.com\/www.pcmadrid.es\/tienda\/wp-content\/uploads\/2024\/05\/art_log-mou20mx20master203s20bk_1.jpg?fit=448%2C448&ssl=1\",\"contentUrl\":\"https:\/\/i0.wp.com\/www.pcmadrid.es\/tienda\/wp-content\/uploads\/2024\/05\/art_log-mou20mx20master203s20bk_1.jpg?fit=448%2C448&ssl=1\",\"width\":448,\"height\":448},{\"@type\":\"BreadcrumbList\",\"@id\":\"https:\/\/www.pcmadrid.es\/tienda\/producto\/raton-ergonomico-inalambrico-por-bluetooth-logitech-mx-master-3s-bateria-recargable-hasta-8000-dpi-grafito\/#breadcrumb\",\"itemListElement\":[{\"@type\":\"ListItem\",\"position\":1,\"name\":\"Portada\",\"item\":\"https:\/\/www.pcmadrid.es\/tienda\/\"},{\"@type\":\"ListItem\",\"position\":2,\"name\":\"Todos los productos\",\"item\":\"https:\/\/www.pcmadrid.es\/tienda\/todos-los-productos\/\"},{\"@type\":\"ListItem\",\"position\":3,\"name\":\"Rat\u00f3n Ergon\u00f3mico Inal\u00e1mbrico por Bluetooth Logitech MX Master 3S\/ Bater\u00eda recargable\/ Hasta 8000 DPI\/ Grafito\"}]},{\"@type\":\"WebSite\",\"@id\":\"https:\/\/www.pcmadrid.es\/tienda\/#website\",\"url\":\"https:\/\/www.pcmadrid.es\/tienda\/\",\"name\":\"Tienda PCMADRID\",\"description\":\"Venta y reparaciones de ordenadores\",\"publisher\":{\"@id\":\"https:\/\/www.pcmadrid.es\/tienda\/#organization\"},\"potentialAction\":[{\"@type\":\"SearchAction\",\"target\":{\"@type\":\"EntryPoint\",\"urlTemplate\":\"https:\/\/www.pcmadrid.es\/tienda\/?s={search_term_string}\"},\"query-input\":{\"@type\":\"PropertyValueSpecification\",\"valueRequired\":true,\"valueName\":\"search_term_string\"}}],\"inLanguage\":\"es\"},{\"@type\":\"Organization\",\"@id\":\"https:\/\/www.pcmadrid.es\/tienda\/#organization\",\"name\":\"PCMADRID\",\"url\":\"https:\/\/www.pcmadrid.es\/tienda\/\",\"logo\":{\"@type\":\"ImageObject\",\"inLanguage\":\"es\",\"@id\":\"https:\/\/www.pcmadrid.es\/tienda\/#\/schema\/logo\/image\/\",\"url\":\"https:\/\/i0.wp.com\/www.pcmadrid.es\/tienda\/wp-content\/uploads\/2019\/10\/pcmadridlogo..png?fit=750%2C300&ssl=1\",\"contentUrl\":\"https:\/\/i0.wp.com\/www.pcmadrid.es\/tienda\/wp-content\/uploads\/2019\/10\/pcmadridlogo..png?fit=750%2C300&ssl=1\",\"width\":750,\"height\":300,\"caption\":\"PCMADRID\"},\"image\":{\"@id\":\"https:\/\/www.pcmadrid.es\/tienda\/#\/schema\/logo\/image\/\"},\"sameAs\":[\"https:\/\/www.facebook.com\/pcmadridinformatica\",\"https:\/\/x.com\/pc_madrid\",\"https:\/\/www.youtube.com\/channel\/UCIbQq9k6BBrU5x2wqDIHr7A\",\"https:\/\/www.instagram.com\/pcmadrid_informatica\/?hl=es\",\"https:\/\/www.linkedin.com\/company\/9348326\/admin\/\",\"https:\/\/www.pinterest.es\/pcmadrid_informatica\/\"]}]}<\/script>\n<!-- \/ Yoast SEO plugin. -->","yoast_head_json":{"title":"Rat\u00f3n Ergon\u00f3mico Inal\u00e1mbrico por Bluetooth Logitech MX Master 3S\/ Bater\u00eda recargable\/ Hasta 8000 DPI\/ Grafito | Tienda PCMADRID","robots":{"index":"index","follow":"follow","max-snippet":"max-snippet:-1","max-image-preview":"max-image-preview:large","max-video-preview":"max-video-preview:-1"},"canonical":"https:\/\/www.pcmadrid.es\/tienda\/producto\/raton-ergonomico-inalambrico-por-bluetooth-logitech-mx-master-3s-bateria-recargable-hasta-8000-dpi-grafito\/","twitter_misc":{"Tiempo de lectura":"4 minutos"},"schema":{"@context":"https:\/\/schema.org","@graph":[{"@type":"WebPage","@id":"https:\/\/www.pcmadrid.es\/tienda\/producto\/raton-ergonomico-inalambrico-por-bluetooth-logitech-mx-master-3s-bateria-recargable-hasta-8000-dpi-grafito\/","url":"https:\/\/www.pcmadrid.es\/tienda\/producto\/raton-ergonomico-inalambrico-por-bluetooth-logitech-mx-master-3s-bateria-recargable-hasta-8000-dpi-grafito\/","name":"Rat\u00f3n Ergon\u00f3mico Inal\u00e1mbrico por Bluetooth Logitech MX Master 3S\/ Bater\u00eda recargable\/ Hasta 8000 DPI\/ Grafito | Tienda PCMADRID","isPartOf":{"@id":"https:\/\/www.pcmadrid.es\/tienda\/#website"},"primaryImageOfPage":{"@id":"https:\/\/www.pcmadrid.es\/tienda\/producto\/raton-ergonomico-inalambrico-por-bluetooth-logitech-mx-master-3s-bateria-recargable-hasta-8000-dpi-grafito\/#primaryimage"},"image":{"@id":"https:\/\/www.pcmadrid.es\/tienda\/producto\/raton-ergonomico-inalambrico-por-bluetooth-logitech-mx-master-3s-bateria-recargable-hasta-8000-dpi-grafito\/#primaryimage"},"thumbnailUrl":"https:\/\/i0.wp.com\/www.pcmadrid.es\/tienda\/wp-content\/uploads\/2024\/05\/art_log-mou20mx20master203s20bk_1.jpg?fit=448%2C448&ssl=1","datePublished":"2024-05-20T14:52:26+00:00","dateModified":"2025-05-09T08:50:35+00:00","breadcrumb":{"@id":"https:\/\/www.pcmadrid.es\/tienda\/producto\/raton-ergonomico-inalambrico-por-bluetooth-logitech-mx-master-3s-bateria-recargable-hasta-8000-dpi-grafito\/#breadcrumb"},"inLanguage":"es","potentialAction":[{"@type":"ReadAction","target":["https:\/\/www.pcmadrid.es\/tienda\/producto\/raton-ergonomico-inalambrico-por-bluetooth-logitech-mx-master-3s-bateria-recargable-hasta-8000-dpi-grafito\/"]}]},{"@type":"ImageObject","inLanguage":"es","@id":"https:\/\/www.pcmadrid.es\/tienda\/producto\/raton-ergonomico-inalambrico-por-bluetooth-logitech-mx-master-3s-bateria-recargable-hasta-8000-dpi-grafito\/#primaryimage","url":"https:\/\/i0.wp.com\/www.pcmadrid.es\/tienda\/wp-content\/uploads\/2024\/05\/art_log-mou20mx20master203s20bk_1.jpg?fit=448%2C448&ssl=1","contentUrl":"https:\/\/i0.wp.com\/www.pcmadrid.es\/tienda\/wp-content\/uploads\/2024\/05\/art_log-mou20mx20master203s20bk_1.jpg?fit=448%2C448&ssl=1","width":448,"height":448},{"@type":"BreadcrumbList","@id":"https:\/\/www.pcmadrid.es\/tienda\/producto\/raton-ergonomico-inalambrico-por-bluetooth-logitech-mx-master-3s-bateria-recargable-hasta-8000-dpi-grafito\/#breadcrumb","itemListElement":[{"@type":"ListItem","position":1,"name":"Portada","item":"https:\/\/www.pcmadrid.es\/tienda\/"},{"@type":"ListItem","position":2,"name":"Todos los productos","item":"https:\/\/www.pcmadrid.es\/tienda\/todos-los-productos\/"},{"@type":"ListItem","position":3,"name":"Rat\u00f3n Ergon\u00f3mico Inal\u00e1mbrico por Bluetooth Logitech MX Master 3S\/ Bater\u00eda recargable\/ Hasta 8000 DPI\/ Grafito"}]},{"@type":"WebSite","@id":"https:\/\/www.pcmadrid.es\/tienda\/#website","url":"https:\/\/www.pcmadrid.es\/tienda\/","name":"Tienda PCMADRID","description":"Venta y reparaciones de ordenadores","publisher":{"@id":"https:\/\/www.pcmadrid.es\/tienda\/#organization"},"potentialAction":[{"@type":"SearchAction","target":{"@type":"EntryPoint","urlTemplate":"https:\/\/www.pcmadrid.es\/tienda\/?s={search_term_string}"},"query-input":{"@type":"PropertyValueSpecification","valueRequired":true,"valueName":"search_term_string"}}],"inLanguage":"es"},{"@type":"Organization","@id":"https:\/\/www.pcmadrid.es\/tienda\/#organization","name":"PCMADRID","url":"https:\/\/www.pcmadrid.es\/tienda\/","logo":{"@type":"ImageObject","inLanguage":"es","@id":"https:\/\/www.pcmadrid.es\/tienda\/#\/schema\/logo\/image\/","url":"https:\/\/i0.wp.com\/www.pcmadrid.es\/tienda\/wp-content\/uploads\/2019\/10\/pcmadridlogo..png?fit=750%2C300&ssl=1","contentUrl":"https:\/\/i0.wp.com\/www.pcmadrid.es\/tienda\/wp-content\/uploads\/2019\/10\/pcmadridlogo..png?fit=750%2C300&ssl=1","width":750,"height":300,"caption":"PCMADRID"},"image":{"@id":"https:\/\/www.pcmadrid.es\/tienda\/#\/schema\/logo\/image\/"},"sameAs":["https:\/\/www.facebook.com\/pcmadridinformatica","https:\/\/x.com\/pc_madrid","https:\/\/www.youtube.com\/channel\/UCIbQq9k6BBrU5x2wqDIHr7A","https:\/\/www.instagram.com\/pcmadrid_informatica\/?hl=es","https:\/\/www.linkedin.com\/company\/9348326\/admin\/","https:\/\/www.pinterest.es\/pcmadrid_informatica\/"]}]}},"jetpack_sharing_enabled":true,"_links":{"self":[{"href":"https:\/\/www.pcmadrid.es\/tienda\/wp-json\/wp\/v2\/product\/13284","targetHints":{"allow":["GET"]}}],"collection":[{"href":"https:\/\/www.pcmadrid.es\/tienda\/wp-json\/wp\/v2\/product"}],"about":[{"href":"https:\/\/www.pcmadrid.es\/tienda\/wp-json\/wp\/v2\/types\/product"}],"replies":[{"embeddable":true,"href":"https:\/\/www.pcmadrid.es\/tienda\/wp-json\/wp\/v2\/comments?post=13284"}],"wp:featuredmedia":[{"embeddable":true,"href":"https:\/\/www.pcmadrid.es\/tienda\/wp-json\/wp\/v2\/media\/13283"}],"wp:attachment":[{"href":"https:\/\/www.pcmadrid.es\/tienda\/wp-json\/wp\/v2\/media?parent=13284"}],"wp:term":[{"taxonomy":"product_brand","embeddable":true,"href":"https:\/\/www.pcmadrid.es\/tienda\/wp-json\/wp\/v2\/product_brand?post=13284"},{"taxonomy":"product_cat","embeddable":true,"href":"https:\/\/www.pcmadrid.es\/tienda\/wp-json\/wp\/v2\/product_cat?post=13284"},{"taxonomy":"product_tag","embeddable":true,"href":"https:\/\/www.pcmadrid.es\/tienda\/wp-json\/wp\/v2\/product_tag?post=13284"}],"curies":[{"name":"wp","href":"https:\/\/api.w.org\/{rel}","templated":true}]}}