{"id":13298,"date":"2024-05-20T16:52:33","date_gmt":"2024-05-20T14:52:33","guid":{"rendered":"https:\/\/www.pcmadrid.es\/tienda\/producto\/presentador-inalambrico-por-bluetooth-logitech-spotlight-presentation-remote-2-4ghz-gris-pizarra\/"},"modified":"2025-05-09T10:50:36","modified_gmt":"2025-05-09T08:50:36","slug":"presentador-inalambrico-por-bluetooth-logitech-spotlight-presentation-remote-2-4ghz-gris-pizarra","status":"publish","type":"product","link":"https:\/\/www.pcmadrid.es\/tienda\/producto\/presentador-inalambrico-por-bluetooth-logitech-spotlight-presentation-remote-2-4ghz-gris-pizarra\/","title":{"rendered":"Presentador Inal\u00e1mbrico por Bluetooth Logitech Spotlight Presentation Remote\/ 2.4GHz\/ Gris Pizarra"},"content":{"rendered":"<p>&#8220;<\/p>\n<h2>SPOTLIGHT PRESENTATION REMOTE<\/h2>\n<p>El puntero digital avanzado funciona en situaciones presenciales, virtuales o h\u00edbridas.<\/p>\n<h2>SUBA EL NIVEL DE SUS PRESENTACIONES<\/h2>\n<p>Spotlight define un nuevo est\u00e1ndar de control de presentaciones,<br \/>\ndise\u00f1ado espec\u00edficamente para mantener la atenci\u00f3n. Es posible controlar<br \/>\n una presentaci\u00f3n desde la sala de juntas, el aula o el sal\u00f3n de casa y<br \/>\nlograr que la audiencia siga perfectamente lo que se est\u00e1 diciendo,<br \/>\ntanto si est\u00e1n presentes en la ubicaci\u00f3n como si participan virtualmente<br \/>\n o de forma h\u00edbrida.<\/p>\n<h2>INDIQUE CLARAMENTE A QU\u00c9 SE REFIERE EN TODO MOMENTO<\/h2>\n<p>Spotlight tiene tres modos avanzados para apuntar a objetos 3Se puede<br \/>\nhabilitar mediante la aplicaci\u00f3n Logitech Presentation que funcionan en<br \/>\ndiversos medios de presentaci\u00f3n: proyectores, pantallas de TV,<br \/>\nvideoconferencias y entornos con varias pantallas. Foco crea un efecto<br \/>\nde foco en pantalla. Lupa ampl\u00eda la visualizaci\u00f3n de detalles. Y L\u00e1ser<br \/>\ndigital se\u00f1ala informaci\u00f3n con total precisi\u00f3n.<\/p>\n<h2>NAVEGACI\u00d3N INTUITIVA POR DIAPOSITIVAS<\/h2>\n<p>Enfoque y familiaridad instant\u00e1nea con la intuitiva interfaz de tres botones de Spotlight.<\/p>\n<h2>AMPLIO RADIO DE ACCI\u00d3N<\/h2>\n<p>Mu\u00e9vete y presenta libremente a una distancia de hasta 30 metros4Depende de las condiciones del entorno y de los dispositivos..<\/p>\n<h2>AMPLIA COMPATIBILIDAD<\/h2>\n<p>Use Spotlight en plataformas Windows\u00ae y macOS; Powerpoint\u00ae, Keynote\u00ae,<br \/>\nAcrobat\u00ae, presentaciones con Google&#8482; Slide y Prezi&#8482;; as\u00ed como en<br \/>\naplicaciones de videoconferencia como Zoom\u00ae, Microsoft Teams\u00ae y Blue<br \/>\nJeans.<\/p>\n<h2>DOS FORMAS DE CONEXI\u00d3N<\/h2>\n<p>Conecte Spotlight a cualquier ordenador compatible y \u00faselo al instante a<br \/>\n trav\u00e9s del receptor USB, o con\u00e9ctelo mediante tecnolog\u00eda inal\u00e1mbrica<br \/>\nBluetooth\u00ae de bajo consumo. Spotlight tambi\u00e9n mantiene el ordenador<br \/>\nconectado y activo mientras realiza las presentaciones.<\/p>\n<h2>RECARGA R\u00c1PIDA<\/h2>\n<p>Conecte el cable de carga USB-C incluido a Spotlight y a cualquier<br \/>\npuerto USB-A con alimentaci\u00f3n para obtener 3 horas de presentaci\u00f3n<br \/>\ndespu\u00e9s de 1 minuto de carga. Spotlight se carga completamente en tan<br \/>\ns\u00f3lo 60 minutos Cuando llega el momento de recargarlo, el dispositivo<br \/>\nvibra y el indicador de carga emite una luz roja.<\/p>\n<h2>SOFTWARE Y CONTROLES PERSONALIZADOS<\/h2>\n<p>Elija entre diversos controles personalizados adaptados a cada<br \/>\npresentaci\u00f3n. Use la aplicaci\u00f3n para configurar las funciones de resalte<br \/>\n de Spotlight, las funciones de los botones, los controles por gestos,<br \/>\nlos ajustes de volumen, etc.<\/p>\n<h2>ADMINISTRACI\u00d3N DE TIEMPO INTELIGENTE<\/h2>\n<p>Use la aplicaci\u00f3n para configurar un cron\u00f3metro en pantalla que se<br \/>\ninicie en cuanto haga clic en la primera diapositiva. Tambi\u00e9n puede<br \/>\nconfigurar varios hitos de tiempo clave para enviar alertas por<br \/>\nvibraci\u00f3n directamente a Spotlight para tener pleno control de todo<br \/>\nhasta la \u00faltima diapositiva.<\/p>\n<ul>\n<li><b>Especificaciones y detalles<\/b><\/li>\n<li><b>Dimensiones<\/b><\/li>\n<li><b>Mando inal\u00e1mbrico para presentaciones<\/b><\/li>\n<li>Altura: 131,3 mm<\/li>\n<li>Anchura: 28,1 mm<\/li>\n<li>Profundidad: 12,1 mm<\/li>\n<li>Peso: 49,2 g incluida bater\u00eda<\/li>\n<li><b>Receptor<\/b><\/li>\n<li>Altura: 40,4 mm<\/li>\n<li>Anchura: 17,2 mm<\/li>\n<li>Profundidad: 6,8 mm<\/li>\n<li>Peso: 3,3 g<\/li>\n<li><b>Cable de carga<\/b><\/li>\n<li>Longitud: 140 mm<\/li>\n<li><b>Especificaciones t\u00e9cnicas<\/b><\/li>\n<li><b>Tecnolog\u00eda de sensor<\/b><\/li>\n<li>Sensor de movimiento<\/li>\n<li>Aceler\u00f3metro y giroscopio 3D<\/li>\n<li><b>Pilas\/Bater\u00edas<\/b><\/li>\n<li>Duraci\u00f3n de bater\u00eda (recargable): 3 meses Depende del uso.<\/li>\n<li>Detalles de las pilas: Recargable de pol\u00edmero de litio, 85 mAh<\/li>\n<li><b>Conectividad<\/b><\/li>\n<li>Tipo de conexi\u00f3n: Conexi\u00f3n inal\u00e1mbrica Bluetooth de bajo consumo y de 2,4 GHz<\/li>\n<li>Radio de acci\u00f3n inal\u00e1mbrico: 30 m 2Depende de las condiciones del entorno y de los dispositivos.<\/li>\n<li><b>Indicadores luminosos<\/b><\/li>\n<li>LED: Carga y conectividad<\/li>\n<\/ul>\n<p>&#8220;<\/p>\n","protected":false},"excerpt":{"rendered":"<p>Presentador inal\u00e1mbrico por bluetooth logitech spotlight presentation remote\/ 2.4ghz\/ gris pizarra<\/p>\n","protected":false},"featured_media":13297,"comment_status":"open","ping_status":"closed","template":"","meta":{"_et_pb_use_builder":"","_et_pb_old_content":"","_et_gb_content_width":""},"product_brand":[],"product_cat":[531,65],"product_tag":[],"class_list":{"0":"post-13298","1":"product","2":"type-product","3":"status-publish","4":"has-post-thumbnail","6":"product_cat-ratones","7":"product_cat-todos","9":"first","10":"instock","11":"taxable","12":"shipping-taxable","13":"purchasable","14":"product-type-simple"},"yoast_head":"<!-- This site is optimized with the Yoast SEO plugin v27.5 - https:\/\/yoast.com\/product\/yoast-seo-wordpress\/ -->\n<title>Presentador Inal\u00e1mbrico por Bluetooth Logitech Spotlight Presentation Remote\/ 2.4GHz\/ Gris Pizarra | Tienda PCMADRID<\/title>\n<meta name=\"robots\" content=\"index, follow, max-snippet:-1, max-image-preview:large, max-video-preview:-1\" \/>\n<link rel=\"canonical\" href=\"https:\/\/www.pcmadrid.es\/tienda\/producto\/presentador-inalambrico-por-bluetooth-logitech-spotlight-presentation-remote-2-4ghz-gris-pizarra\/\" \/>\n<meta name=\"twitter:label1\" content=\"Tiempo de lectura\" \/>\n\t<meta name=\"twitter:data1\" content=\"3 minutos\" \/>\n<script type=\"application\/ld+json\" class=\"yoast-schema-graph\">{\"@context\":\"https:\\\/\\\/schema.org\",\"@graph\":[{\"@type\":\"WebPage\",\"@id\":\"https:\\\/\\\/www.pcmadrid.es\\\/tienda\\\/producto\\\/presentador-inalambrico-por-bluetooth-logitech-spotlight-presentation-remote-2-4ghz-gris-pizarra\\\/\",\"url\":\"https:\\\/\\\/www.pcmadrid.es\\\/tienda\\\/producto\\\/presentador-inalambrico-por-bluetooth-logitech-spotlight-presentation-remote-2-4ghz-gris-pizarra\\\/\",\"name\":\"Presentador Inal\u00e1mbrico por Bluetooth Logitech Spotlight Presentation Remote\\\/ 2.4GHz\\\/ Gris Pizarra | Tienda PCMADRID\",\"isPartOf\":{\"@id\":\"https:\\\/\\\/www.pcmadrid.es\\\/tienda\\\/#website\"},\"primaryImageOfPage\":{\"@id\":\"https:\\\/\\\/www.pcmadrid.es\\\/tienda\\\/producto\\\/presentador-inalambrico-por-bluetooth-logitech-spotlight-presentation-remote-2-4ghz-gris-pizarra\\\/#primaryimage\"},\"image\":{\"@id\":\"https:\\\/\\\/www.pcmadrid.es\\\/tienda\\\/producto\\\/presentador-inalambrico-por-bluetooth-logitech-spotlight-presentation-remote-2-4ghz-gris-pizarra\\\/#primaryimage\"},\"thumbnailUrl\":\"https:\\\/\\\/i0.wp.com\\\/www.pcmadrid.es\\\/tienda\\\/wp-content\\\/uploads\\\/2024\\\/05\\\/art_log-presenter20spotl20pr20gy_1.jpg?fit=448%2C448&ssl=1\",\"datePublished\":\"2024-05-20T14:52:33+00:00\",\"dateModified\":\"2025-05-09T08:50:36+00:00\",\"breadcrumb\":{\"@id\":\"https:\\\/\\\/www.pcmadrid.es\\\/tienda\\\/producto\\\/presentador-inalambrico-por-bluetooth-logitech-spotlight-presentation-remote-2-4ghz-gris-pizarra\\\/#breadcrumb\"},\"inLanguage\":\"es\",\"potentialAction\":[{\"@type\":\"ReadAction\",\"target\":[\"https:\\\/\\\/www.pcmadrid.es\\\/tienda\\\/producto\\\/presentador-inalambrico-por-bluetooth-logitech-spotlight-presentation-remote-2-4ghz-gris-pizarra\\\/\"]}]},{\"@type\":\"ImageObject\",\"inLanguage\":\"es\",\"@id\":\"https:\\\/\\\/www.pcmadrid.es\\\/tienda\\\/producto\\\/presentador-inalambrico-por-bluetooth-logitech-spotlight-presentation-remote-2-4ghz-gris-pizarra\\\/#primaryimage\",\"url\":\"https:\\\/\\\/i0.wp.com\\\/www.pcmadrid.es\\\/tienda\\\/wp-content\\\/uploads\\\/2024\\\/05\\\/art_log-presenter20spotl20pr20gy_1.jpg?fit=448%2C448&ssl=1\",\"contentUrl\":\"https:\\\/\\\/i0.wp.com\\\/www.pcmadrid.es\\\/tienda\\\/wp-content\\\/uploads\\\/2024\\\/05\\\/art_log-presenter20spotl20pr20gy_1.jpg?fit=448%2C448&ssl=1\",\"width\":448,\"height\":448},{\"@type\":\"BreadcrumbList\",\"@id\":\"https:\\\/\\\/www.pcmadrid.es\\\/tienda\\\/producto\\\/presentador-inalambrico-por-bluetooth-logitech-spotlight-presentation-remote-2-4ghz-gris-pizarra\\\/#breadcrumb\",\"itemListElement\":[{\"@type\":\"ListItem\",\"position\":1,\"name\":\"Portada\",\"item\":\"https:\\\/\\\/www.pcmadrid.es\\\/tienda\\\/\"},{\"@type\":\"ListItem\",\"position\":2,\"name\":\"Todos los productos\",\"item\":\"https:\\\/\\\/www.pcmadrid.es\\\/tienda\\\/todos-los-productos\\\/\"},{\"@type\":\"ListItem\",\"position\":3,\"name\":\"Presentador Inal\u00e1mbrico por Bluetooth Logitech Spotlight Presentation Remote\\\/ 2.4GHz\\\/ Gris Pizarra\"}]},{\"@type\":\"WebSite\",\"@id\":\"https:\\\/\\\/www.pcmadrid.es\\\/tienda\\\/#website\",\"url\":\"https:\\\/\\\/www.pcmadrid.es\\\/tienda\\\/\",\"name\":\"Tienda PCMADRID\",\"description\":\"Venta y reparaciones de ordenadores\",\"publisher\":{\"@id\":\"https:\\\/\\\/www.pcmadrid.es\\\/tienda\\\/#organization\"},\"potentialAction\":[{\"@type\":\"SearchAction\",\"target\":{\"@type\":\"EntryPoint\",\"urlTemplate\":\"https:\\\/\\\/www.pcmadrid.es\\\/tienda\\\/?s={search_term_string}\"},\"query-input\":{\"@type\":\"PropertyValueSpecification\",\"valueRequired\":true,\"valueName\":\"search_term_string\"}}],\"inLanguage\":\"es\"},{\"@type\":\"Organization\",\"@id\":\"https:\\\/\\\/www.pcmadrid.es\\\/tienda\\\/#organization\",\"name\":\"PCMADRID\",\"url\":\"https:\\\/\\\/www.pcmadrid.es\\\/tienda\\\/\",\"logo\":{\"@type\":\"ImageObject\",\"inLanguage\":\"es\",\"@id\":\"https:\\\/\\\/www.pcmadrid.es\\\/tienda\\\/#\\\/schema\\\/logo\\\/image\\\/\",\"url\":\"https:\\\/\\\/www.pcmadrid.es\\\/tienda\\\/wp-content\\\/uploads\\\/2019\\\/10\\\/pcmadridlogo..png\",\"contentUrl\":\"https:\\\/\\\/www.pcmadrid.es\\\/tienda\\\/wp-content\\\/uploads\\\/2019\\\/10\\\/pcmadridlogo..png\",\"width\":750,\"height\":300,\"caption\":\"PCMADRID\"},\"image\":{\"@id\":\"https:\\\/\\\/www.pcmadrid.es\\\/tienda\\\/#\\\/schema\\\/logo\\\/image\\\/\"},\"sameAs\":[\"https:\\\/\\\/www.facebook.com\\\/pcmadridinformatica\",\"https:\\\/\\\/x.com\\\/pc_madrid\",\"https:\\\/\\\/www.youtube.com\\\/channel\\\/UCIbQq9k6BBrU5x2wqDIHr7A\",\"https:\\\/\\\/www.instagram.com\\\/pcmadrid_informatica\\\/?hl=es\",\"https:\\\/\\\/www.linkedin.com\\\/company\\\/9348326\\\/admin\\\/\",\"https:\\\/\\\/www.pinterest.es\\\/pcmadrid_informatica\\\/\"]}]}<\/script>\n<!-- \/ Yoast SEO plugin. -->","yoast_head_json":{"title":"Presentador Inal\u00e1mbrico por Bluetooth Logitech Spotlight Presentation Remote\/ 2.4GHz\/ Gris Pizarra | Tienda PCMADRID","robots":{"index":"index","follow":"follow","max-snippet":"max-snippet:-1","max-image-preview":"max-image-preview:large","max-video-preview":"max-video-preview:-1"},"canonical":"https:\/\/www.pcmadrid.es\/tienda\/producto\/presentador-inalambrico-por-bluetooth-logitech-spotlight-presentation-remote-2-4ghz-gris-pizarra\/","twitter_misc":{"Tiempo de lectura":"3 minutos"},"schema":{"@context":"https:\/\/schema.org","@graph":[{"@type":"WebPage","@id":"https:\/\/www.pcmadrid.es\/tienda\/producto\/presentador-inalambrico-por-bluetooth-logitech-spotlight-presentation-remote-2-4ghz-gris-pizarra\/","url":"https:\/\/www.pcmadrid.es\/tienda\/producto\/presentador-inalambrico-por-bluetooth-logitech-spotlight-presentation-remote-2-4ghz-gris-pizarra\/","name":"Presentador Inal\u00e1mbrico por Bluetooth Logitech Spotlight Presentation Remote\/ 2.4GHz\/ Gris Pizarra | Tienda PCMADRID","isPartOf":{"@id":"https:\/\/www.pcmadrid.es\/tienda\/#website"},"primaryImageOfPage":{"@id":"https:\/\/www.pcmadrid.es\/tienda\/producto\/presentador-inalambrico-por-bluetooth-logitech-spotlight-presentation-remote-2-4ghz-gris-pizarra\/#primaryimage"},"image":{"@id":"https:\/\/www.pcmadrid.es\/tienda\/producto\/presentador-inalambrico-por-bluetooth-logitech-spotlight-presentation-remote-2-4ghz-gris-pizarra\/#primaryimage"},"thumbnailUrl":"https:\/\/i0.wp.com\/www.pcmadrid.es\/tienda\/wp-content\/uploads\/2024\/05\/art_log-presenter20spotl20pr20gy_1.jpg?fit=448%2C448&ssl=1","datePublished":"2024-05-20T14:52:33+00:00","dateModified":"2025-05-09T08:50:36+00:00","breadcrumb":{"@id":"https:\/\/www.pcmadrid.es\/tienda\/producto\/presentador-inalambrico-por-bluetooth-logitech-spotlight-presentation-remote-2-4ghz-gris-pizarra\/#breadcrumb"},"inLanguage":"es","potentialAction":[{"@type":"ReadAction","target":["https:\/\/www.pcmadrid.es\/tienda\/producto\/presentador-inalambrico-por-bluetooth-logitech-spotlight-presentation-remote-2-4ghz-gris-pizarra\/"]}]},{"@type":"ImageObject","inLanguage":"es","@id":"https:\/\/www.pcmadrid.es\/tienda\/producto\/presentador-inalambrico-por-bluetooth-logitech-spotlight-presentation-remote-2-4ghz-gris-pizarra\/#primaryimage","url":"https:\/\/i0.wp.com\/www.pcmadrid.es\/tienda\/wp-content\/uploads\/2024\/05\/art_log-presenter20spotl20pr20gy_1.jpg?fit=448%2C448&ssl=1","contentUrl":"https:\/\/i0.wp.com\/www.pcmadrid.es\/tienda\/wp-content\/uploads\/2024\/05\/art_log-presenter20spotl20pr20gy_1.jpg?fit=448%2C448&ssl=1","width":448,"height":448},{"@type":"BreadcrumbList","@id":"https:\/\/www.pcmadrid.es\/tienda\/producto\/presentador-inalambrico-por-bluetooth-logitech-spotlight-presentation-remote-2-4ghz-gris-pizarra\/#breadcrumb","itemListElement":[{"@type":"ListItem","position":1,"name":"Portada","item":"https:\/\/www.pcmadrid.es\/tienda\/"},{"@type":"ListItem","position":2,"name":"Todos los productos","item":"https:\/\/www.pcmadrid.es\/tienda\/todos-los-productos\/"},{"@type":"ListItem","position":3,"name":"Presentador Inal\u00e1mbrico por Bluetooth Logitech Spotlight Presentation Remote\/ 2.4GHz\/ Gris Pizarra"}]},{"@type":"WebSite","@id":"https:\/\/www.pcmadrid.es\/tienda\/#website","url":"https:\/\/www.pcmadrid.es\/tienda\/","name":"Tienda PCMADRID","description":"Venta y reparaciones de ordenadores","publisher":{"@id":"https:\/\/www.pcmadrid.es\/tienda\/#organization"},"potentialAction":[{"@type":"SearchAction","target":{"@type":"EntryPoint","urlTemplate":"https:\/\/www.pcmadrid.es\/tienda\/?s={search_term_string}"},"query-input":{"@type":"PropertyValueSpecification","valueRequired":true,"valueName":"search_term_string"}}],"inLanguage":"es"},{"@type":"Organization","@id":"https:\/\/www.pcmadrid.es\/tienda\/#organization","name":"PCMADRID","url":"https:\/\/www.pcmadrid.es\/tienda\/","logo":{"@type":"ImageObject","inLanguage":"es","@id":"https:\/\/www.pcmadrid.es\/tienda\/#\/schema\/logo\/image\/","url":"https:\/\/www.pcmadrid.es\/tienda\/wp-content\/uploads\/2019\/10\/pcmadridlogo..png","contentUrl":"https:\/\/www.pcmadrid.es\/tienda\/wp-content\/uploads\/2019\/10\/pcmadridlogo..png","width":750,"height":300,"caption":"PCMADRID"},"image":{"@id":"https:\/\/www.pcmadrid.es\/tienda\/#\/schema\/logo\/image\/"},"sameAs":["https:\/\/www.facebook.com\/pcmadridinformatica","https:\/\/x.com\/pc_madrid","https:\/\/www.youtube.com\/channel\/UCIbQq9k6BBrU5x2wqDIHr7A","https:\/\/www.instagram.com\/pcmadrid_informatica\/?hl=es","https:\/\/www.linkedin.com\/company\/9348326\/admin\/","https:\/\/www.pinterest.es\/pcmadrid_informatica\/"]}]}},"jetpack_sharing_enabled":true,"_links":{"self":[{"href":"https:\/\/www.pcmadrid.es\/tienda\/wp-json\/wp\/v2\/product\/13298","targetHints":{"allow":["GET"]}}],"collection":[{"href":"https:\/\/www.pcmadrid.es\/tienda\/wp-json\/wp\/v2\/product"}],"about":[{"href":"https:\/\/www.pcmadrid.es\/tienda\/wp-json\/wp\/v2\/types\/product"}],"replies":[{"embeddable":true,"href":"https:\/\/www.pcmadrid.es\/tienda\/wp-json\/wp\/v2\/comments?post=13298"}],"wp:featuredmedia":[{"embeddable":true,"href":"https:\/\/www.pcmadrid.es\/tienda\/wp-json\/wp\/v2\/media\/13297"}],"wp:attachment":[{"href":"https:\/\/www.pcmadrid.es\/tienda\/wp-json\/wp\/v2\/media?parent=13298"}],"wp:term":[{"taxonomy":"product_brand","embeddable":true,"href":"https:\/\/www.pcmadrid.es\/tienda\/wp-json\/wp\/v2\/product_brand?post=13298"},{"taxonomy":"product_cat","embeddable":true,"href":"https:\/\/www.pcmadrid.es\/tienda\/wp-json\/wp\/v2\/product_cat?post=13298"},{"taxonomy":"product_tag","embeddable":true,"href":"https:\/\/www.pcmadrid.es\/tienda\/wp-json\/wp\/v2\/product_tag?post=13298"}],"curies":[{"name":"wp","href":"https:\/\/api.w.org\/{rel}","templated":true}]}}