{"id":13682,"date":"2024-07-01T21:45:08","date_gmt":"2024-07-01T19:45:08","guid":{"rendered":"https:\/\/www.pcmadrid.es\/tienda\/producto\/disco-externo-ssd-samsung-portable-t9-2tb-usb-3-2-negro\/"},"modified":"2026-02-17T10:50:20","modified_gmt":"2026-02-17T09:50:20","slug":"disco-externo-ssd-samsung-portable-t9-2tb","status":"publish","type":"product","link":"https:\/\/www.pcmadrid.es\/tienda\/producto\/disco-externo-ssd-samsung-portable-t9-2tb\/","title":{"rendered":"Disco Externo SSD Samsung Portable T9 2TB (USB 3.2 Negro)"},"content":{"rendered":"<p>&nbsp;<\/p>\n<h2 style=\"text-align: center;\"><span style=\"color: #99cc00; line-height: 125%;\">Disco Externo SSD Samsung Portable T9 2TB (USB 3.2 Negro)<\/span><\/h2>\n<p>&nbsp;<\/p>\n<h3>Rendimiento ultrarr\u00e1pido en almacenamiento port\u00e1til resistente y duradero<\/h3>\n<p style=\"text-align: justify;\">El Disco Externo <strong><span style=\"color: #99cc00;\"><a style=\"color: #99cc00;\" href=\"https:\/\/download.semiconductor.samsung.com\/resources\/data-sheet\/samsung_portable_ssd_t9_datasheet_rev1_0.pdf\">SSD Samsung Portable T9<\/a><\/span><\/strong> 2TB combina velocidad y resistencia en un dise\u00f1o port\u00e1til y robusto. Con velocidades de lectura y escritura secuenciales de hasta 2000 MB\/s, permite transferencias de archivos ultrarr\u00e1pidas, ideal para creadores de contenido y usuarios profesionales. Su dise\u00f1o resistente soporta ca\u00eddas de hasta 3 metros y cuenta con cifrado AES de 256 bits, asegurando la seguridad de tus datos. Compatible con dispositivos Windows, macOS y Android, adem\u00e1s de consolas y c\u00e1maras, este SSD de alto rendimiento es la elecci\u00f3n perfecta para quienes buscan fiabilidad y velocidad en el almacenamiento externo.<\/p>\n<p style=\"text-align: justify; padding-left: 40px;\"><strong>Ahorro de tiempo y aumento del flujo de trabajo: <\/strong>Con una interfaz USB 3.2 Gen 2&#215;2 y utilizando el protocolo NVMe\u2122, el T9 puede transferir un archivo de 2 GB en casi 1 segundo logrando velocidades de lectura\/escritura secuenciales de hasta 2000 MB\/s. Ahorre tiempo de carga y acelere su flujo de trabajo y productividad.<\/p>\n<p style=\"text-align: justify; padding-left: 40px;\"><strong>Funciona en toda tu configuraci\u00f3n tecnol\u00f3gica: <\/strong>El T9 es compatible con tel\u00e9fonos y tabletas Windows\u00ae, macOS\u00ae, Android\u2122, consolas de juegos, c\u00e1maras de 12K y m\u00e1s. Tambi\u00e9n incluye un cable USB-C\u00ae a C y un cable USB-C\u00ae a A para una conectividad fluida.<\/p>\n<p style=\"text-align: justify; padding-left: 40px;\"><strong>Mantente fresco hasta el final: <\/strong>Equipado con Dynamic Thermal Guard de Samsung, el T9 minimiza la posible ca\u00edda del rendimiento debido al sobrecalentamiento y mantiene velocidades de transferencia r\u00e1pidas. Adem\u00e1s, el T9 est\u00e1 dise\u00f1ado de conformidad con la norma internacional de seguridad IEC 62368-1, lo que proporciona una capa adicional de tranquilidad y seguridad.<\/p>\n<p style=\"text-align: justify; padding-left: 40px;\"><strong>Proteja sus datos con confianza:<\/strong> Dise\u00f1ado para proteger los datos de golpes externos con resistencia a ca\u00eddas de hasta 3 metros y respaldado por una garant\u00eda limitada de 5 a\u00f1os. La unidad tambi\u00e9n se puede proteger con una contrase\u00f1a cifrada AES de 256 bits.<\/p>\n<p style=\"text-align: justify; padding-left: 40px;\"><strong>Software Samsung Mago: <\/strong>Libere toda la potencia del T9 con el software Samsung Magician, un conjunto de herramientas de optimizaci\u00f3n f\u00e1cil de usar que permite un rendimiento \u00f3ptimo de SSD port\u00e1til. Proteja datos valiosos, supervise el estado de la unidad y obtenga las \u00faltimas actualizaciones de firmware.<\/p>\n<p style=\"text-align: justify; padding-left: 40px;\"><strong>Dando vida a las innovaciones: <\/strong>La tecnolog\u00eda de memoria flash NAND de Samsung que tambi\u00e9n alimenta nuestros SSD ha impulsado tecnolog\u00edas innovadoras que han cambiado cada aspecto de nuestra vida diaria.<\/p>\n<h4>Especificaciones Disco Externo <strong><span style=\"color: #99cc00;\"><a style=\"color: #99cc00;\" href=\"https:\/\/download.semiconductor.samsung.com\/resources\/data-sheet\/samsung_portable_ssd_t9_datasheet_rev1_0.pdf\">SSD Samsung Portable T9<\/a><\/span><\/strong> 2TB :<\/h4>\n<ul>\n<li style=\"text-align: justify;\"><strong>Caracter\u00edsticas<\/strong>: Capacidad de 2 TB; velocidades de lectura y escritura de hasta 2000 MB\/s; interfaz USB 3.2 Gen 2&#215;2 (20 Gbps); soporte de Dynamic Thermal Guard para gestionar la temperatura.<\/li>\n<li style=\"text-align: justify;\"><strong>Conectividad<\/strong>: Interfaz USB 3.2 Gen 2&#215;2, incluye cables de USB-C a USB-C y USB-C a USB-A para una conectividad vers\u00e1til.<\/li>\n<li style=\"text-align: justify;\"><strong>Compatibilidad<\/strong>: Compatible con Windows\u00ae, macOS\u00ae, Android\u2122 y dispositivos como consolas, c\u00e1maras y televisores inteligentes.<\/li>\n<li style=\"text-align: justify;\"><strong>Seguridad<\/strong>: Cifrado por hardware AES de 256 bits; resistencia a ca\u00eddas de hasta 3 metros; garant\u00eda limitada de 5 a\u00f1os; certificaciones internacionales de seguridad y conformidad con la RoHS.<\/li>\n<li style=\"text-align: justify;\"><strong>Uso recomendado<\/strong>: Ideal para profesionales en movimiento, fot\u00f3grafos, vide\u00f3grafos y creadores de contenido que requieren almacenamiento r\u00e1pido, duradero y seguro para archivos grandes y copias de seguridad en cualquier entorno.<\/li>\n<\/ul>\n<h3>Especificaciones Disco Externo SSD Samsung Portable T9 2TB<\/h3>\n<table style=\"width: 100%; border-collapse: collapse;\" border=\"1\">\n<tbody>\n<tr>\n<th style=\"background-color: #f0f0f0; text-align: left; padding-left: 20px;\" colspan=\"2\"><span style=\"font-size: 14pt;\"><strong>Disco Duro Samsung Portable T9 2TB SSD USB 3.2 Generaci\u00f3n 2&#215;2<\/strong><\/span><\/th>\n<\/tr>\n<tr>\n<td style=\"padding-left: 40px; width: 43%;\">Capacidad<\/td>\n<td style=\"padding-left: 40px; width: 57%;\">2 TB<\/td>\n<\/tr>\n<tr>\n<td style=\"padding-left: 40px; width: 43%;\">Interfaz<\/td>\n<td style=\"padding-left: 40px; width: 57%;\">USB 3.2 Generaci\u00f3n 2&#215;2 (20 Gbps)<\/td>\n<\/tr>\n<tr>\n<td style=\"padding-left: 40px; width: 43%;\">Dimensi\u00f3n (Ancho x Alto x Largo)<\/td>\n<td style=\"padding-left: 40px; width: 57%;\">88 x 60 x 14 mm<\/td>\n<\/tr>\n<tr>\n<td style=\"padding-left: 40px; width: 43%;\">Peso<\/td>\n<td style=\"padding-left: 40px; width: 57%;\">122 gramos<\/td>\n<\/tr>\n<tr>\n<td style=\"padding-left: 40px; width: 43%;\">Lectura secuencial<\/td>\n<td style=\"padding-left: 40px; width: 57%;\">Hasta 2000 MB\/s<\/td>\n<\/tr>\n<tr>\n<td style=\"padding-left: 40px; width: 43%;\">Escritura secuencial<\/td>\n<td style=\"padding-left: 40px; width: 57%;\">Hasta 2000 MB\/s<\/td>\n<\/tr>\n<tr>\n<td style=\"padding-left: 40px; width: 43%;\">Durabilidad<\/td>\n<td style=\"padding-left: 40px; width: 57%;\">Resistente a ca\u00eddas de hasta 3 metros<\/td>\n<\/tr>\n<tr>\n<td style=\"padding-left: 40px; width: 43%;\">Software de gesti\u00f3n<\/td>\n<td style=\"padding-left: 40px; width: 57%;\">Software mago de Samsung<\/td>\n<\/tr>\n<tr>\n<td style=\"padding-left: 40px; width: 43%;\">Dispositivos compatibles<\/td>\n<td style=\"padding-left: 40px; width: 57%;\">PC, port\u00e1tiles, tel\u00e9fonos inteligentes y tabletas con Android, consolas de juegos, televisores inteligentes, c\u00e1maras<\/td>\n<\/tr>\n<tr>\n<td style=\"padding-left: 40px; width: 43%;\">Temperatura de funcionamiento<\/td>\n<td style=\"padding-left: 40px; width: 57%;\">0\u00b0C a 60\u00b0C<\/td>\n<\/tr>\n<tr>\n<td style=\"padding-left: 40px; width: 43%;\">Temperatura no operativa<\/td>\n<td style=\"padding-left: 40px; width: 57%;\">-40\u00b0C a 85\u00b0C<\/td>\n<\/tr>\n<tr>\n<td style=\"padding-left: 40px; width: 43%;\">Modo UASP<\/td>\n<td style=\"padding-left: 40px; width: 57%;\">Soportado<\/td>\n<\/tr>\n<tr>\n<td style=\"padding-left: 40px; width: 43%;\">Cifrado<\/td>\n<td style=\"padding-left: 40px; width: 57%;\">Cifrado de hardware AES de 256 bits<\/td>\n<\/tr>\n<tr>\n<td style=\"padding-left: 40px; width: 43%;\">Compatibilidad del sistema operativo<\/td>\n<td style=\"padding-left: 40px; width: 57%;\">Windows\u00ae, macOS\u00ae, Android\u2122<\/td>\n<\/tr>\n<tr>\n<td style=\"padding-left: 40px; width: 43%;\">Certificaci\u00f3n<\/td>\n<td style=\"padding-left: 40px; width: 57%;\">CE, BSMI, KC, VCCI, RCM, FCC, IC, UL, TUV, CB, EAC, UKCA, BIS<\/td>\n<\/tr>\n<tr>\n<td style=\"padding-left: 40px; width: 43%;\">Conformidad con la RoHS<\/td>\n<td style=\"padding-left: 40px; width: 57%;\">RoHS 2<\/td>\n<\/tr>\n<\/tbody>\n<\/table>\n<h2><span style=\"color: #99cc00; font-size: 22px;\">Garant\u00eda y soporte: Seguridad para tus necesidades<\/span><\/h2>\n<p>Incluye una garant\u00eda de 3 a\u00f1os para asegurar que tu inversi\u00f3n est\u00e9 protegida. Adem\u00e1s, ofrecemos <a href=\"https:\/\/www.pcmadrid.es\/tienda\/categoria-producto\/reparaciones\/\"><span style=\"color: #99cc00;\">soporte t\u00e9cnico especializado<\/span><\/a> para garantizar el \u00f3ptimo funcionamiento de tu equipo.<\/p>\n","protected":false},"excerpt":{"rendered":"<p style=\"text-align: justify;\">El Disco Externo SSD Samsung Portable T9 2TB ofrece almacenamiento r\u00e1pido y seguro con velocidades de lectura y escritura de hasta 2000 MB\/s gracias a su interfaz USB 3.2 Gen 2&#215;2. Dise\u00f1ado para resistir condiciones extremas, es ideal para usuarios m\u00f3viles que buscan rendimiento y protecci\u00f3n en sus archivos m\u00e1s importantes.<\/p>\n","protected":false},"featured_media":13681,"comment_status":"open","ping_status":"closed","template":"","meta":{"_et_pb_use_builder":"","_et_pb_old_content":"","_et_gb_content_width":""},"product_brand":[],"product_cat":[536,65],"product_tag":[],"class_list":{"0":"post-13682","1":"product","2":"type-product","3":"status-publish","4":"has-post-thumbnail","6":"product_cat-discos-duros-externos","7":"product_cat-todos","9":"first","10":"outofstock","11":"taxable","12":"shipping-taxable","13":"purchasable","14":"product-type-simple"},"yoast_head":"<!-- This site is optimized with the Yoast SEO plugin v26.5 - https:\/\/yoast.com\/wordpress\/plugins\/seo\/ -->\n<title>Disco Externo SSD Samsung Portable T9 2TB (USB 3.2 Negro) | Tienda PCMADRID<\/title>\n<meta name=\"description\" content=\"Disco Externo SSD Samsung Portable T9 2TB, 2000 MB\/s, USB 3.2, NVMe, cifrado AES 256bit, anti sobrecalentamiento, soporta ca\u00eddas, Windows\u00ae, macOS\u00ae, Android\" \/>\n<meta name=\"robots\" content=\"index, follow, max-snippet:-1, max-image-preview:large, max-video-preview:-1\" \/>\n<link rel=\"canonical\" href=\"https:\/\/www.pcmadrid.es\/tienda\/producto\/disco-externo-ssd-samsung-portable-t9-2tb\/\" \/>\n<meta name=\"twitter:label1\" content=\"Tiempo de lectura\" \/>\n\t<meta name=\"twitter:data1\" content=\"4 minutos\" \/>\n<script type=\"application\/ld+json\" class=\"yoast-schema-graph\">{\"@context\":\"https:\/\/schema.org\",\"@graph\":[{\"@type\":\"WebPage\",\"@id\":\"https:\/\/www.pcmadrid.es\/tienda\/producto\/disco-externo-ssd-samsung-portable-t9-2tb\/\",\"url\":\"https:\/\/www.pcmadrid.es\/tienda\/producto\/disco-externo-ssd-samsung-portable-t9-2tb\/\",\"name\":\"Disco Externo SSD Samsung Portable T9 2TB (USB 3.2 Negro) | Tienda PCMADRID\",\"isPartOf\":{\"@id\":\"https:\/\/www.pcmadrid.es\/tienda\/#website\"},\"primaryImageOfPage\":{\"@id\":\"https:\/\/www.pcmadrid.es\/tienda\/producto\/disco-externo-ssd-samsung-portable-t9-2tb\/#primaryimage\"},\"image\":{\"@id\":\"https:\/\/www.pcmadrid.es\/tienda\/producto\/disco-externo-ssd-samsung-portable-t9-2tb\/#primaryimage\"},\"thumbnailUrl\":\"https:\/\/i0.wp.com\/www.pcmadrid.es\/tienda\/wp-content\/uploads\/2024\/07\/art_sam-ssd20t9202tb20bk_1.jpg?fit=448%2C448&ssl=1\",\"datePublished\":\"2024-07-01T19:45:08+00:00\",\"dateModified\":\"2026-02-17T09:50:20+00:00\",\"description\":\"Disco Externo SSD Samsung Portable T9 2TB, 2000 MB\/s, USB 3.2, NVMe, cifrado AES 256bit, anti sobrecalentamiento, soporta ca\u00eddas, Windows\u00ae, macOS\u00ae, Android\",\"breadcrumb\":{\"@id\":\"https:\/\/www.pcmadrid.es\/tienda\/producto\/disco-externo-ssd-samsung-portable-t9-2tb\/#breadcrumb\"},\"inLanguage\":\"es\",\"potentialAction\":[{\"@type\":\"ReadAction\",\"target\":[\"https:\/\/www.pcmadrid.es\/tienda\/producto\/disco-externo-ssd-samsung-portable-t9-2tb\/\"]}]},{\"@type\":\"ImageObject\",\"inLanguage\":\"es\",\"@id\":\"https:\/\/www.pcmadrid.es\/tienda\/producto\/disco-externo-ssd-samsung-portable-t9-2tb\/#primaryimage\",\"url\":\"https:\/\/i0.wp.com\/www.pcmadrid.es\/tienda\/wp-content\/uploads\/2024\/07\/art_sam-ssd20t9202tb20bk_1.jpg?fit=448%2C448&ssl=1\",\"contentUrl\":\"https:\/\/i0.wp.com\/www.pcmadrid.es\/tienda\/wp-content\/uploads\/2024\/07\/art_sam-ssd20t9202tb20bk_1.jpg?fit=448%2C448&ssl=1\",\"width\":448,\"height\":448},{\"@type\":\"BreadcrumbList\",\"@id\":\"https:\/\/www.pcmadrid.es\/tienda\/producto\/disco-externo-ssd-samsung-portable-t9-2tb\/#breadcrumb\",\"itemListElement\":[{\"@type\":\"ListItem\",\"position\":1,\"name\":\"Portada\",\"item\":\"https:\/\/www.pcmadrid.es\/tienda\/\"},{\"@type\":\"ListItem\",\"position\":2,\"name\":\"Todos los productos\",\"item\":\"https:\/\/www.pcmadrid.es\/tienda\/todos-los-productos\/\"},{\"@type\":\"ListItem\",\"position\":3,\"name\":\"Disco Externo SSD Samsung Portable T9 2TB (USB 3.2 Negro)\"}]},{\"@type\":\"WebSite\",\"@id\":\"https:\/\/www.pcmadrid.es\/tienda\/#website\",\"url\":\"https:\/\/www.pcmadrid.es\/tienda\/\",\"name\":\"Tienda PCMADRID\",\"description\":\"Venta y reparaciones de ordenadores\",\"publisher\":{\"@id\":\"https:\/\/www.pcmadrid.es\/tienda\/#organization\"},\"potentialAction\":[{\"@type\":\"SearchAction\",\"target\":{\"@type\":\"EntryPoint\",\"urlTemplate\":\"https:\/\/www.pcmadrid.es\/tienda\/?s={search_term_string}\"},\"query-input\":{\"@type\":\"PropertyValueSpecification\",\"valueRequired\":true,\"valueName\":\"search_term_string\"}}],\"inLanguage\":\"es\"},{\"@type\":\"Organization\",\"@id\":\"https:\/\/www.pcmadrid.es\/tienda\/#organization\",\"name\":\"PCMADRID\",\"url\":\"https:\/\/www.pcmadrid.es\/tienda\/\",\"logo\":{\"@type\":\"ImageObject\",\"inLanguage\":\"es\",\"@id\":\"https:\/\/www.pcmadrid.es\/tienda\/#\/schema\/logo\/image\/\",\"url\":\"https:\/\/i0.wp.com\/www.pcmadrid.es\/tienda\/wp-content\/uploads\/2019\/10\/pcmadridlogo..png?fit=750%2C300&ssl=1\",\"contentUrl\":\"https:\/\/i0.wp.com\/www.pcmadrid.es\/tienda\/wp-content\/uploads\/2019\/10\/pcmadridlogo..png?fit=750%2C300&ssl=1\",\"width\":750,\"height\":300,\"caption\":\"PCMADRID\"},\"image\":{\"@id\":\"https:\/\/www.pcmadrid.es\/tienda\/#\/schema\/logo\/image\/\"},\"sameAs\":[\"https:\/\/www.facebook.com\/pcmadridinformatica\",\"https:\/\/x.com\/pc_madrid\",\"https:\/\/www.youtube.com\/channel\/UCIbQq9k6BBrU5x2wqDIHr7A\",\"https:\/\/www.instagram.com\/pcmadrid_informatica\/?hl=es\",\"https:\/\/www.linkedin.com\/company\/9348326\/admin\/\",\"https:\/\/www.pinterest.es\/pcmadrid_informatica\/\"]}]}<\/script>\n<!-- \/ Yoast SEO plugin. -->","yoast_head_json":{"title":"Disco Externo SSD Samsung Portable T9 2TB (USB 3.2 Negro) | Tienda PCMADRID","description":"Disco Externo SSD Samsung Portable T9 2TB, 2000 MB\/s, USB 3.2, NVMe, cifrado AES 256bit, anti sobrecalentamiento, soporta ca\u00eddas, Windows\u00ae, macOS\u00ae, Android","robots":{"index":"index","follow":"follow","max-snippet":"max-snippet:-1","max-image-preview":"max-image-preview:large","max-video-preview":"max-video-preview:-1"},"canonical":"https:\/\/www.pcmadrid.es\/tienda\/producto\/disco-externo-ssd-samsung-portable-t9-2tb\/","twitter_misc":{"Tiempo de lectura":"4 minutos"},"schema":{"@context":"https:\/\/schema.org","@graph":[{"@type":"WebPage","@id":"https:\/\/www.pcmadrid.es\/tienda\/producto\/disco-externo-ssd-samsung-portable-t9-2tb\/","url":"https:\/\/www.pcmadrid.es\/tienda\/producto\/disco-externo-ssd-samsung-portable-t9-2tb\/","name":"Disco Externo SSD Samsung Portable T9 2TB (USB 3.2 Negro) | Tienda PCMADRID","isPartOf":{"@id":"https:\/\/www.pcmadrid.es\/tienda\/#website"},"primaryImageOfPage":{"@id":"https:\/\/www.pcmadrid.es\/tienda\/producto\/disco-externo-ssd-samsung-portable-t9-2tb\/#primaryimage"},"image":{"@id":"https:\/\/www.pcmadrid.es\/tienda\/producto\/disco-externo-ssd-samsung-portable-t9-2tb\/#primaryimage"},"thumbnailUrl":"https:\/\/i0.wp.com\/www.pcmadrid.es\/tienda\/wp-content\/uploads\/2024\/07\/art_sam-ssd20t9202tb20bk_1.jpg?fit=448%2C448&ssl=1","datePublished":"2024-07-01T19:45:08+00:00","dateModified":"2026-02-17T09:50:20+00:00","description":"Disco Externo SSD Samsung Portable T9 2TB, 2000 MB\/s, USB 3.2, NVMe, cifrado AES 256bit, anti sobrecalentamiento, soporta ca\u00eddas, Windows\u00ae, macOS\u00ae, Android","breadcrumb":{"@id":"https:\/\/www.pcmadrid.es\/tienda\/producto\/disco-externo-ssd-samsung-portable-t9-2tb\/#breadcrumb"},"inLanguage":"es","potentialAction":[{"@type":"ReadAction","target":["https:\/\/www.pcmadrid.es\/tienda\/producto\/disco-externo-ssd-samsung-portable-t9-2tb\/"]}]},{"@type":"ImageObject","inLanguage":"es","@id":"https:\/\/www.pcmadrid.es\/tienda\/producto\/disco-externo-ssd-samsung-portable-t9-2tb\/#primaryimage","url":"https:\/\/i0.wp.com\/www.pcmadrid.es\/tienda\/wp-content\/uploads\/2024\/07\/art_sam-ssd20t9202tb20bk_1.jpg?fit=448%2C448&ssl=1","contentUrl":"https:\/\/i0.wp.com\/www.pcmadrid.es\/tienda\/wp-content\/uploads\/2024\/07\/art_sam-ssd20t9202tb20bk_1.jpg?fit=448%2C448&ssl=1","width":448,"height":448},{"@type":"BreadcrumbList","@id":"https:\/\/www.pcmadrid.es\/tienda\/producto\/disco-externo-ssd-samsung-portable-t9-2tb\/#breadcrumb","itemListElement":[{"@type":"ListItem","position":1,"name":"Portada","item":"https:\/\/www.pcmadrid.es\/tienda\/"},{"@type":"ListItem","position":2,"name":"Todos los productos","item":"https:\/\/www.pcmadrid.es\/tienda\/todos-los-productos\/"},{"@type":"ListItem","position":3,"name":"Disco Externo SSD Samsung Portable T9 2TB (USB 3.2 Negro)"}]},{"@type":"WebSite","@id":"https:\/\/www.pcmadrid.es\/tienda\/#website","url":"https:\/\/www.pcmadrid.es\/tienda\/","name":"Tienda PCMADRID","description":"Venta y reparaciones de ordenadores","publisher":{"@id":"https:\/\/www.pcmadrid.es\/tienda\/#organization"},"potentialAction":[{"@type":"SearchAction","target":{"@type":"EntryPoint","urlTemplate":"https:\/\/www.pcmadrid.es\/tienda\/?s={search_term_string}"},"query-input":{"@type":"PropertyValueSpecification","valueRequired":true,"valueName":"search_term_string"}}],"inLanguage":"es"},{"@type":"Organization","@id":"https:\/\/www.pcmadrid.es\/tienda\/#organization","name":"PCMADRID","url":"https:\/\/www.pcmadrid.es\/tienda\/","logo":{"@type":"ImageObject","inLanguage":"es","@id":"https:\/\/www.pcmadrid.es\/tienda\/#\/schema\/logo\/image\/","url":"https:\/\/i0.wp.com\/www.pcmadrid.es\/tienda\/wp-content\/uploads\/2019\/10\/pcmadridlogo..png?fit=750%2C300&ssl=1","contentUrl":"https:\/\/i0.wp.com\/www.pcmadrid.es\/tienda\/wp-content\/uploads\/2019\/10\/pcmadridlogo..png?fit=750%2C300&ssl=1","width":750,"height":300,"caption":"PCMADRID"},"image":{"@id":"https:\/\/www.pcmadrid.es\/tienda\/#\/schema\/logo\/image\/"},"sameAs":["https:\/\/www.facebook.com\/pcmadridinformatica","https:\/\/x.com\/pc_madrid","https:\/\/www.youtube.com\/channel\/UCIbQq9k6BBrU5x2wqDIHr7A","https:\/\/www.instagram.com\/pcmadrid_informatica\/?hl=es","https:\/\/www.linkedin.com\/company\/9348326\/admin\/","https:\/\/www.pinterest.es\/pcmadrid_informatica\/"]}]}},"jetpack_sharing_enabled":true,"_links":{"self":[{"href":"https:\/\/www.pcmadrid.es\/tienda\/wp-json\/wp\/v2\/product\/13682","targetHints":{"allow":["GET"]}}],"collection":[{"href":"https:\/\/www.pcmadrid.es\/tienda\/wp-json\/wp\/v2\/product"}],"about":[{"href":"https:\/\/www.pcmadrid.es\/tienda\/wp-json\/wp\/v2\/types\/product"}],"replies":[{"embeddable":true,"href":"https:\/\/www.pcmadrid.es\/tienda\/wp-json\/wp\/v2\/comments?post=13682"}],"wp:featuredmedia":[{"embeddable":true,"href":"https:\/\/www.pcmadrid.es\/tienda\/wp-json\/wp\/v2\/media\/13681"}],"wp:attachment":[{"href":"https:\/\/www.pcmadrid.es\/tienda\/wp-json\/wp\/v2\/media?parent=13682"}],"wp:term":[{"taxonomy":"product_brand","embeddable":true,"href":"https:\/\/www.pcmadrid.es\/tienda\/wp-json\/wp\/v2\/product_brand?post=13682"},{"taxonomy":"product_cat","embeddable":true,"href":"https:\/\/www.pcmadrid.es\/tienda\/wp-json\/wp\/v2\/product_cat?post=13682"},{"taxonomy":"product_tag","embeddable":true,"href":"https:\/\/www.pcmadrid.es\/tienda\/wp-json\/wp\/v2\/product_tag?post=13682"}],"curies":[{"name":"wp","href":"https:\/\/api.w.org\/{rel}","templated":true}]}}