{"id":13710,"date":"2024-07-01T22:40:13","date_gmt":"2024-07-01T20:40:13","guid":{"rendered":"https:\/\/www.pcmadrid.es\/tienda\/producto\/disco-externo-seagate-basic-1tb-2-5-usb-3-0\/"},"modified":"2026-02-17T10:50:19","modified_gmt":"2026-02-17T09:50:19","slug":"disco-externo-seagate-basic-1tb","status":"publish","type":"product","link":"https:\/\/www.pcmadrid.es\/tienda\/producto\/disco-externo-seagate-basic-1tb\/","title":{"rendered":"Disco Externo Seagate Basic 1TB (2.5&#8243; USB 3.0 Negro)"},"content":{"rendered":"<p>&nbsp;<\/p>\n<h2 style=\"text-align: center\"><span style=\"color: #99cc00;line-height: 125%\">Disco Externo Seagate Basic 1 TB (2.5&#8243; USB 3.0 Negro)<\/span><\/h2>\n<p>&nbsp;<\/p>\n<h3>Dise\u00f1o compacto y ligero, ideal para llevar y con copia de seguridad sencilla y sin software adicional<\/h3>\n<p style=\"text-align: justify\">El Disco Externo <strong><span style=\"color: #99cc00\"><a style=\"color: #99cc00\" href=\"https:\/\/www.seagate.com\/files\/www-content\/datasheets\/pdfs\/basic-portable-drive-DS2025-1-1909ES-es_ES.pdf\">Seagate Basic<\/a><\/span><\/strong> 1TB es una soluci\u00f3n perfecta para quienes buscan un almacenamiento adicional confiable y f\u00e1cil de usar. Con capacidad de 1 TB y conectividad USB 3.0, puedes realizar transferencias r\u00e1pidas de datos y almacenar grandes vol\u00famenes de archivos, fotos, v\u00eddeos y documentos. Su dise\u00f1o compacto y ligero permite transportarlo c\u00f3modamente, mientras que su funci\u00f3n plug-and-play asegura una experiencia sin complicaciones para usuarios de Windows. Ideal para aquellos que buscan una soluci\u00f3n sencilla y eficiente de almacenamiento en movimiento.<\/p>\n<p style=\"padding-left: 40px;text-align: justify\"><strong>La forma f\u00e1cil de almacenar y transportar: <\/strong>Seagate Basic proporciona copias de seguridad con solo arrastrar y soltar en un dise\u00f1o liviano y compacto.<\/p>\n<p style=\"padding-left: 40px;text-align: justify\"><strong>Lleve su disco duro para copias de seguridad a cualquier lugar: <\/strong>Ligera, compacta y totalmente port\u00e1til, Seagate Basic est\u00e1 dise\u00f1ada para que pueda llevar cargas de archivos a donde vaya. Solo ponga el disco duro externo con cable USB 3.0 en su bolso, s\u00e1quelo y con\u00e9ctelo a su computadora con el cable incluido.<\/p>\n<p style=\"padding-left: 40px;text-align: justify\"><strong>Sin software. Sin problemas: <\/strong>Cuando se trata de copias de seguridad para Windows, Seagate Basic va directo al grano. No necesita preocuparse por instalar un software o algo m\u00e1s, est\u00e1 lista para usarse desde el inicio. Para usarlo con ordenadores Mac, simplemente vuelva a formatear.<\/p>\n<p><strong>Especificaciones Disco Externo <span style=\"color: #99cc00\"><a style=\"color: #99cc00\" href=\"https:\/\/www.seagate.com\/files\/www-content\/datasheets\/pdfs\/basic-portable-drive-DS2025-1-1909ES-es_ES.pdf\">Seagate Basic<\/a><\/span> 1TB:<\/strong><\/p>\n<ul>\n<li style=\"text-align: justify\"><strong>Caracter\u00edsticas:<\/strong> Capacidad: 1 TB, Velocidad de transferencia: hasta 5 Gb\/s con USB 3.0, Interfaz: USB 3.0 (compatible con USB 2.0). Permite arrastrar y soltar archivos para copias de seguridad r\u00e1pidas y sencillas.<\/li>\n<li style=\"text-align: justify\"><strong>Conectividad:<\/strong> Interfaz: USB 3.0 (compatible con USB 2.0). No requiere un adaptador de corriente externo, solo necesita el cable USB 3.0 incluido.<\/li>\n<li style=\"text-align: justify\"><strong>Compatibilidad:<\/strong> Compatible con sistemas operativos Windows 10, Windows 8.1, Windows 7 (listo para usar); requiere reformateo para Mac OS X.<\/li>\n<li style=\"text-align: justify\"><strong>Seguridad:<\/strong> Fabricado con altos est\u00e1ndares de durabilidad y resistencia, dise\u00f1ado para ser un dispositivo confiable y seguro para almacenamiento adicional.<\/li>\n<li style=\"text-align: justify\"><strong>Uso recomendado:<\/strong> Ideal para usuarios que necesitan almacenamiento adicional de gran capacidad, como profesionales que manejan grandes vol\u00famenes de datos, entusiastas de multimedia y cualquier persona que busque una soluci\u00f3n confiable para respaldar y transportar informaci\u00f3n esencial.<\/li>\n<\/ul>\n<h3>Especificaciones del producto Disco Externo Seagate Basic 1TB<\/h3>\n<table style=\"width: 100%;border-collapse: collapse\" border=\"1\">\n<tbody>\n<tr>\n<th style=\"background-color: #f0f0f0;text-align: left;padding-left: 20px\" colspan=\"2\"><span style=\"font-size: 14pt\"><strong>Seagate Basic<\/strong><\/span><\/th>\n<\/tr>\n<tr>\n<td style=\"padding-left: 40px;width: 43%\">Interfaz<\/td>\n<td style=\"padding-left: 40px;width: 57%\">USB 3.0<\/td>\n<\/tr>\n<tr>\n<td style=\"padding-left: 40px\">Cable incluido<\/td>\n<td style=\"padding-left: 40px\">Cable USB 3.0 de 20 cm<\/td>\n<\/tr>\n<tr>\n<td style=\"padding-left: 40px\">Gu\u00eda<\/td>\n<td style=\"padding-left: 40px\">Gu\u00eda de inicio r\u00e1pido<\/td>\n<\/tr>\n<tr>\n<th style=\"background-color: #f0f0f0;text-align: left;padding-left: 20px\" colspan=\"2\"><span style=\"font-size: 14pt\"><strong>Especificaciones F\u00edsicas<\/strong><\/span><\/th>\n<\/tr>\n<tr>\n<td style=\"padding-left: 40px\">Dimensiones (L x W x D)<\/td>\n<td style=\"padding-left: 40px\">4.61 pulg.\/117.0 mm x 3.15 pulg.\/80.0 mm x 0.787 in\/20.0 mm<\/td>\n<\/tr>\n<tr>\n<td style=\"padding-left: 40px\">Capacidad<\/td>\n<td style=\"padding-left: 40px\">1 TB<\/td>\n<\/tr>\n<tr>\n<td style=\"padding-left: 40px\">Peso<\/td>\n<td style=\"padding-left: 40px\">270 g \/ 0.595 lb<\/td>\n<\/tr>\n<tr>\n<th style=\"background-color: #f0f0f0;text-align: left;padding-left: 20px\" colspan=\"2\"><span style=\"font-size: 14pt\"><strong>Material Incluido<\/strong><\/span><\/th>\n<\/tr>\n<tr>\n<td style=\"padding-left: 40px\">Contenido de la caja<\/td>\n<td style=\"padding-left: 40px\">Seagate Basic, Cable USB, Gu\u00eda de inicio r\u00e1pido<\/td>\n<\/tr>\n<\/tbody>\n<\/table>\n<h2><span style=\"color: #99cc00;font-size: 22px\">Garant\u00eda y soporte: Seguridad para tus necesidades<\/span><\/h2>\n<p>Incluye una garant\u00eda de 3 a\u00f1os para asegurar que tu inversi\u00f3n est\u00e9 protegida. Adem\u00e1s, ofrecemos <a href=\"https:\/\/www.pcmadrid.es\/tienda\/categoria-producto\/reparaciones\/\"><span style=\"color: #99cc00\">soporte t\u00e9cnico especializado<\/span><\/a> para garantizar el \u00f3ptimo funcionamiento de tu equipo.<\/p>\n","protected":false},"excerpt":{"rendered":"<p style=\"text-align: justify\">El Disco Externo Seagate Basic 1TB es un disco duro port\u00e1til que proporciona almacenamiento adicional con una sencilla funci\u00f3n de arrastrar y soltar, ideal para aquellos que necesitan guardar grandes vol\u00famenes de datos en un dise\u00f1o compacto. Con conectividad USB 3.0, permite transferencias r\u00e1pidas y es compatible con Windows y Mac, brindando una experiencia sin complicaciones.<\/p>\n","protected":false},"featured_media":13709,"comment_status":"open","ping_status":"closed","template":"","meta":{"_et_pb_use_builder":"","_et_pb_old_content":"","_et_gb_content_width":""},"product_brand":[],"product_cat":[536,65],"product_tag":[],"class_list":{"0":"post-13710","1":"product","2":"type-product","3":"status-publish","4":"has-post-thumbnail","6":"product_cat-discos-duros-externos","7":"product_cat-todos","9":"first","10":"outofstock","11":"taxable","12":"shipping-taxable","13":"purchasable","14":"product-type-simple"},"yoast_head":"<!-- This site is optimized with the Yoast SEO plugin v26.5 - https:\/\/yoast.com\/wordpress\/plugins\/seo\/ -->\n<title>Disco Externo Seagate Basic 1TB (2.5&quot; USB 3.0 Negro) | Tienda PCMADRID<\/title>\n<meta name=\"description\" content=\"Disco Externo Seagate Basic 1TB, ultrarr\u00e1pido 5 Gb\/s, USB 3.0. Formato 2.5&quot;. Compacto, port\u00e1til, ligero, plug-and-play, permite transportarlo c\u00f3modamente.\" \/>\n<meta name=\"robots\" content=\"index, follow, max-snippet:-1, max-image-preview:large, max-video-preview:-1\" \/>\n<link rel=\"canonical\" href=\"https:\/\/www.pcmadrid.es\/tienda\/producto\/disco-externo-seagate-basic-1tb\/\" \/>\n<meta name=\"twitter:label1\" content=\"Tiempo de lectura\" \/>\n\t<meta name=\"twitter:data1\" content=\"3 minutos\" \/>\n<script type=\"application\/ld+json\" class=\"yoast-schema-graph\">{\"@context\":\"https:\/\/schema.org\",\"@graph\":[{\"@type\":\"WebPage\",\"@id\":\"https:\/\/www.pcmadrid.es\/tienda\/producto\/disco-externo-seagate-basic-1tb\/\",\"url\":\"https:\/\/www.pcmadrid.es\/tienda\/producto\/disco-externo-seagate-basic-1tb\/\",\"name\":\"Disco Externo Seagate Basic 1TB (2.5\\\" USB 3.0 Negro) | Tienda PCMADRID\",\"isPartOf\":{\"@id\":\"https:\/\/www.pcmadrid.es\/tienda\/#website\"},\"primaryImageOfPage\":{\"@id\":\"https:\/\/www.pcmadrid.es\/tienda\/producto\/disco-externo-seagate-basic-1tb\/#primaryimage\"},\"image\":{\"@id\":\"https:\/\/www.pcmadrid.es\/tienda\/producto\/disco-externo-seagate-basic-1tb\/#primaryimage\"},\"thumbnailUrl\":\"https:\/\/i0.wp.com\/www.pcmadrid.es\/tienda\/wp-content\/uploads\/2024\/07\/art_sea-hdd20stjl1000400_1.jpg?fit=448%2C448&ssl=1\",\"datePublished\":\"2024-07-01T20:40:13+00:00\",\"dateModified\":\"2026-02-17T09:50:19+00:00\",\"description\":\"Disco Externo Seagate Basic 1TB, ultrarr\u00e1pido 5 Gb\/s, USB 3.0. Formato 2.5\\\". Compacto, port\u00e1til, ligero, plug-and-play, permite transportarlo c\u00f3modamente.\",\"breadcrumb\":{\"@id\":\"https:\/\/www.pcmadrid.es\/tienda\/producto\/disco-externo-seagate-basic-1tb\/#breadcrumb\"},\"inLanguage\":\"es\",\"potentialAction\":[{\"@type\":\"ReadAction\",\"target\":[\"https:\/\/www.pcmadrid.es\/tienda\/producto\/disco-externo-seagate-basic-1tb\/\"]}]},{\"@type\":\"ImageObject\",\"inLanguage\":\"es\",\"@id\":\"https:\/\/www.pcmadrid.es\/tienda\/producto\/disco-externo-seagate-basic-1tb\/#primaryimage\",\"url\":\"https:\/\/i0.wp.com\/www.pcmadrid.es\/tienda\/wp-content\/uploads\/2024\/07\/art_sea-hdd20stjl1000400_1.jpg?fit=448%2C448&ssl=1\",\"contentUrl\":\"https:\/\/i0.wp.com\/www.pcmadrid.es\/tienda\/wp-content\/uploads\/2024\/07\/art_sea-hdd20stjl1000400_1.jpg?fit=448%2C448&ssl=1\",\"width\":448,\"height\":448},{\"@type\":\"BreadcrumbList\",\"@id\":\"https:\/\/www.pcmadrid.es\/tienda\/producto\/disco-externo-seagate-basic-1tb\/#breadcrumb\",\"itemListElement\":[{\"@type\":\"ListItem\",\"position\":1,\"name\":\"Portada\",\"item\":\"https:\/\/www.pcmadrid.es\/tienda\/\"},{\"@type\":\"ListItem\",\"position\":2,\"name\":\"Todos los productos\",\"item\":\"https:\/\/www.pcmadrid.es\/tienda\/todos-los-productos\/\"},{\"@type\":\"ListItem\",\"position\":3,\"name\":\"Disco Externo Seagate Basic 1TB (2.5&#8243; USB 3.0 Negro)\"}]},{\"@type\":\"WebSite\",\"@id\":\"https:\/\/www.pcmadrid.es\/tienda\/#website\",\"url\":\"https:\/\/www.pcmadrid.es\/tienda\/\",\"name\":\"Tienda PCMADRID\",\"description\":\"Venta y reparaciones de ordenadores\",\"publisher\":{\"@id\":\"https:\/\/www.pcmadrid.es\/tienda\/#organization\"},\"potentialAction\":[{\"@type\":\"SearchAction\",\"target\":{\"@type\":\"EntryPoint\",\"urlTemplate\":\"https:\/\/www.pcmadrid.es\/tienda\/?s={search_term_string}\"},\"query-input\":{\"@type\":\"PropertyValueSpecification\",\"valueRequired\":true,\"valueName\":\"search_term_string\"}}],\"inLanguage\":\"es\"},{\"@type\":\"Organization\",\"@id\":\"https:\/\/www.pcmadrid.es\/tienda\/#organization\",\"name\":\"PCMADRID\",\"url\":\"https:\/\/www.pcmadrid.es\/tienda\/\",\"logo\":{\"@type\":\"ImageObject\",\"inLanguage\":\"es\",\"@id\":\"https:\/\/www.pcmadrid.es\/tienda\/#\/schema\/logo\/image\/\",\"url\":\"https:\/\/i0.wp.com\/www.pcmadrid.es\/tienda\/wp-content\/uploads\/2019\/10\/pcmadridlogo..png?fit=750%2C300&ssl=1\",\"contentUrl\":\"https:\/\/i0.wp.com\/www.pcmadrid.es\/tienda\/wp-content\/uploads\/2019\/10\/pcmadridlogo..png?fit=750%2C300&ssl=1\",\"width\":750,\"height\":300,\"caption\":\"PCMADRID\"},\"image\":{\"@id\":\"https:\/\/www.pcmadrid.es\/tienda\/#\/schema\/logo\/image\/\"},\"sameAs\":[\"https:\/\/www.facebook.com\/pcmadridinformatica\",\"https:\/\/x.com\/pc_madrid\",\"https:\/\/www.youtube.com\/channel\/UCIbQq9k6BBrU5x2wqDIHr7A\",\"https:\/\/www.instagram.com\/pcmadrid_informatica\/?hl=es\",\"https:\/\/www.linkedin.com\/company\/9348326\/admin\/\",\"https:\/\/www.pinterest.es\/pcmadrid_informatica\/\"]}]}<\/script>\n<!-- \/ Yoast SEO plugin. -->","yoast_head_json":{"title":"Disco Externo Seagate Basic 1TB (2.5\" USB 3.0 Negro) | Tienda PCMADRID","description":"Disco Externo Seagate Basic 1TB, ultrarr\u00e1pido 5 Gb\/s, USB 3.0. Formato 2.5\". Compacto, port\u00e1til, ligero, plug-and-play, permite transportarlo c\u00f3modamente.","robots":{"index":"index","follow":"follow","max-snippet":"max-snippet:-1","max-image-preview":"max-image-preview:large","max-video-preview":"max-video-preview:-1"},"canonical":"https:\/\/www.pcmadrid.es\/tienda\/producto\/disco-externo-seagate-basic-1tb\/","twitter_misc":{"Tiempo de lectura":"3 minutos"},"schema":{"@context":"https:\/\/schema.org","@graph":[{"@type":"WebPage","@id":"https:\/\/www.pcmadrid.es\/tienda\/producto\/disco-externo-seagate-basic-1tb\/","url":"https:\/\/www.pcmadrid.es\/tienda\/producto\/disco-externo-seagate-basic-1tb\/","name":"Disco Externo Seagate Basic 1TB (2.5\" USB 3.0 Negro) | Tienda PCMADRID","isPartOf":{"@id":"https:\/\/www.pcmadrid.es\/tienda\/#website"},"primaryImageOfPage":{"@id":"https:\/\/www.pcmadrid.es\/tienda\/producto\/disco-externo-seagate-basic-1tb\/#primaryimage"},"image":{"@id":"https:\/\/www.pcmadrid.es\/tienda\/producto\/disco-externo-seagate-basic-1tb\/#primaryimage"},"thumbnailUrl":"https:\/\/i0.wp.com\/www.pcmadrid.es\/tienda\/wp-content\/uploads\/2024\/07\/art_sea-hdd20stjl1000400_1.jpg?fit=448%2C448&ssl=1","datePublished":"2024-07-01T20:40:13+00:00","dateModified":"2026-02-17T09:50:19+00:00","description":"Disco Externo Seagate Basic 1TB, ultrarr\u00e1pido 5 Gb\/s, USB 3.0. Formato 2.5\". Compacto, port\u00e1til, ligero, plug-and-play, permite transportarlo c\u00f3modamente.","breadcrumb":{"@id":"https:\/\/www.pcmadrid.es\/tienda\/producto\/disco-externo-seagate-basic-1tb\/#breadcrumb"},"inLanguage":"es","potentialAction":[{"@type":"ReadAction","target":["https:\/\/www.pcmadrid.es\/tienda\/producto\/disco-externo-seagate-basic-1tb\/"]}]},{"@type":"ImageObject","inLanguage":"es","@id":"https:\/\/www.pcmadrid.es\/tienda\/producto\/disco-externo-seagate-basic-1tb\/#primaryimage","url":"https:\/\/i0.wp.com\/www.pcmadrid.es\/tienda\/wp-content\/uploads\/2024\/07\/art_sea-hdd20stjl1000400_1.jpg?fit=448%2C448&ssl=1","contentUrl":"https:\/\/i0.wp.com\/www.pcmadrid.es\/tienda\/wp-content\/uploads\/2024\/07\/art_sea-hdd20stjl1000400_1.jpg?fit=448%2C448&ssl=1","width":448,"height":448},{"@type":"BreadcrumbList","@id":"https:\/\/www.pcmadrid.es\/tienda\/producto\/disco-externo-seagate-basic-1tb\/#breadcrumb","itemListElement":[{"@type":"ListItem","position":1,"name":"Portada","item":"https:\/\/www.pcmadrid.es\/tienda\/"},{"@type":"ListItem","position":2,"name":"Todos los productos","item":"https:\/\/www.pcmadrid.es\/tienda\/todos-los-productos\/"},{"@type":"ListItem","position":3,"name":"Disco Externo Seagate Basic 1TB (2.5&#8243; USB 3.0 Negro)"}]},{"@type":"WebSite","@id":"https:\/\/www.pcmadrid.es\/tienda\/#website","url":"https:\/\/www.pcmadrid.es\/tienda\/","name":"Tienda PCMADRID","description":"Venta y reparaciones de ordenadores","publisher":{"@id":"https:\/\/www.pcmadrid.es\/tienda\/#organization"},"potentialAction":[{"@type":"SearchAction","target":{"@type":"EntryPoint","urlTemplate":"https:\/\/www.pcmadrid.es\/tienda\/?s={search_term_string}"},"query-input":{"@type":"PropertyValueSpecification","valueRequired":true,"valueName":"search_term_string"}}],"inLanguage":"es"},{"@type":"Organization","@id":"https:\/\/www.pcmadrid.es\/tienda\/#organization","name":"PCMADRID","url":"https:\/\/www.pcmadrid.es\/tienda\/","logo":{"@type":"ImageObject","inLanguage":"es","@id":"https:\/\/www.pcmadrid.es\/tienda\/#\/schema\/logo\/image\/","url":"https:\/\/i0.wp.com\/www.pcmadrid.es\/tienda\/wp-content\/uploads\/2019\/10\/pcmadridlogo..png?fit=750%2C300&ssl=1","contentUrl":"https:\/\/i0.wp.com\/www.pcmadrid.es\/tienda\/wp-content\/uploads\/2019\/10\/pcmadridlogo..png?fit=750%2C300&ssl=1","width":750,"height":300,"caption":"PCMADRID"},"image":{"@id":"https:\/\/www.pcmadrid.es\/tienda\/#\/schema\/logo\/image\/"},"sameAs":["https:\/\/www.facebook.com\/pcmadridinformatica","https:\/\/x.com\/pc_madrid","https:\/\/www.youtube.com\/channel\/UCIbQq9k6BBrU5x2wqDIHr7A","https:\/\/www.instagram.com\/pcmadrid_informatica\/?hl=es","https:\/\/www.linkedin.com\/company\/9348326\/admin\/","https:\/\/www.pinterest.es\/pcmadrid_informatica\/"]}]}},"jetpack_sharing_enabled":true,"_links":{"self":[{"href":"https:\/\/www.pcmadrid.es\/tienda\/wp-json\/wp\/v2\/product\/13710","targetHints":{"allow":["GET"]}}],"collection":[{"href":"https:\/\/www.pcmadrid.es\/tienda\/wp-json\/wp\/v2\/product"}],"about":[{"href":"https:\/\/www.pcmadrid.es\/tienda\/wp-json\/wp\/v2\/types\/product"}],"replies":[{"embeddable":true,"href":"https:\/\/www.pcmadrid.es\/tienda\/wp-json\/wp\/v2\/comments?post=13710"}],"wp:featuredmedia":[{"embeddable":true,"href":"https:\/\/www.pcmadrid.es\/tienda\/wp-json\/wp\/v2\/media\/13709"}],"wp:attachment":[{"href":"https:\/\/www.pcmadrid.es\/tienda\/wp-json\/wp\/v2\/media?parent=13710"}],"wp:term":[{"taxonomy":"product_brand","embeddable":true,"href":"https:\/\/www.pcmadrid.es\/tienda\/wp-json\/wp\/v2\/product_brand?post=13710"},{"taxonomy":"product_cat","embeddable":true,"href":"https:\/\/www.pcmadrid.es\/tienda\/wp-json\/wp\/v2\/product_cat?post=13710"},{"taxonomy":"product_tag","embeddable":true,"href":"https:\/\/www.pcmadrid.es\/tienda\/wp-json\/wp\/v2\/product_tag?post=13710"}],"curies":[{"name":"wp","href":"https:\/\/api.w.org\/{rel}","templated":true}]}}