{"id":14084,"date":"2024-11-07T12:08:15","date_gmt":"2024-11-07T11:08:15","guid":{"rendered":"https:\/\/www.pcmadrid.es\/tienda\/?post_type=product&#038;p=14084"},"modified":"2025-06-23T13:58:45","modified_gmt":"2025-06-23T11:58:45","slug":"procesador-amd-ryzen-7-9800x3d-5-2ghz","status":"publish","type":"product","link":"https:\/\/www.pcmadrid.es\/tienda\/producto\/procesador-amd-ryzen-7-9800x3d-5-2ghz\/","title":{"rendered":"Procesador AMD Ryzen 7 9800X3D 5.2GHz"},"content":{"rendered":"<h2 data-sourcepos=\"5:1-5:70\"><\/h2>\n<h2 style=\"text-align: center;\" data-sourcepos=\"5:1-5:70\">Procesador AMD Ryzen 7 9800X3D 5.2GHz<\/h2>\n<p>&nbsp;<\/p>\n<h3 data-sourcepos=\"5:1-5:70\"><strong>El AMD Ryzen 7 9800X3D es el cerebro m\u00e1s r\u00e1pido para tu PC gamer.<img data-recalc-dims=\"1\" loading=\"lazy\" decoding=\"async\" class=\" wp-image-14085 aligncenter\" src=\"https:\/\/i0.wp.com\/www.pcmadrid.es\/tienda\/wp-content\/uploads\/2024\/11\/AMDRyzen9800X3D.jpg?resize=342%2C342&#038;ssl=1\" alt=\"\" width=\"342\" height=\"342\" \/><\/strong><\/h3>\n<p data-sourcepos=\"7:1-7:228\">\u00bfQuieres disfrutar de los juegos m\u00e1s exigentes con los gr\u00e1ficos m\u00e1s incre\u00edbles? Este procesador es perfecto para ti. Con su tecnolog\u00eda de \u00faltima generaci\u00f3n, podr\u00e1s ejecutar cualquier juego sin problemas y con la m\u00e1xima fluidez.<\/p>\n<ul data-sourcepos=\"9:1-12:0\">\n<li data-sourcepos=\"9:1-9:147\"><strong>M\u00e1s velocidad, m\u00e1s potencia:<\/strong> Gracias a sus 8 n\u00facleos y 16 hilos, podr\u00e1s realizar m\u00faltiples tareas al mismo tiempo sin que tu PC se ralentice.<\/li>\n<li data-sourcepos=\"10:1-10:124\"><strong>Dise\u00f1ado para gamers:<\/strong> La tecnolog\u00eda 3D V-Cache hace que los juegos carguen m\u00e1s r\u00e1pido y funcionen de manera m\u00e1s suave.<\/li>\n<li data-sourcepos=\"11:1-12:0\"><strong>Compatible con las \u00faltimas tecnolog\u00edas:<\/strong> Funciona a la perfecci\u00f3n con las memorias DDR5 m\u00e1s r\u00e1pidas y las tarjetas gr\u00e1ficas m\u00e1s potentes.&#8221;<\/li>\n<\/ul>\n<p>&nbsp;<\/p>\n<p><a href=\"https:\/\/www.amd.com\/en\/products\/processors\/desktops\/ryzen\/9000-series\/amd-ryzen-7-9800x3d.html\">Informaci\u00f3n del fabricante<\/a><\/p>\n","protected":false},"excerpt":{"rendered":"<p>El AMD Ryzen 7 9800X3D es el procesador definitivo para los gamers. Con su tecnolog\u00eda 3D V-Cache, ofrece un rendimiento excepcional en juegos, permitiendo disfrutar de altas tasas de fotogramas y una experiencia de juego fluida. Ideal para los jugadores m\u00e1s exigentes que buscan lo \u00faltimo en tecnolog\u00eda.<\/p>\n","protected":false},"featured_media":14085,"comment_status":"open","ping_status":"closed","template":"","meta":{"_et_pb_use_builder":"","_et_pb_old_content":"","_et_gb_content_width":""},"product_brand":[],"product_cat":[658,659,65],"product_tag":[],"class_list":{"0":"post-14084","1":"product","2":"type-product","3":"status-publish","4":"has-post-thumbnail","6":"product_cat-componentes","7":"product_cat-procesadores","8":"product_cat-todos","10":"first","11":"instock","12":"taxable","13":"shipping-taxable","14":"purchasable","15":"product-type-simple"},"yoast_head":"<!-- This site is optimized with the Yoast SEO plugin v26.5 - https:\/\/yoast.com\/wordpress\/plugins\/seo\/ -->\n<title>Procesador AMD Ryzen 7 9800X3D 5.2GHz | Tienda PCMADRID<\/title>\n<meta name=\"description\" content=\"Procesador AMD Ryzen 7 9800X3D. EL cerebro de la best\u00eda. EL procesador m\u00e1s avanzado y potente del mundo para videojuegos.\" \/>\n<meta name=\"robots\" content=\"index, follow, max-snippet:-1, max-image-preview:large, max-video-preview:-1\" \/>\n<link rel=\"canonical\" href=\"https:\/\/www.pcmadrid.es\/tienda\/producto\/procesador-amd-ryzen-7-9800x3d-5-2ghz\/\" \/>\n<meta name=\"twitter:label1\" content=\"Tiempo de lectura\" \/>\n\t<meta name=\"twitter:data1\" content=\"1 minuto\" \/>\n<script type=\"application\/ld+json\" class=\"yoast-schema-graph\">{\"@context\":\"https:\/\/schema.org\",\"@graph\":[{\"@type\":\"WebPage\",\"@id\":\"https:\/\/www.pcmadrid.es\/tienda\/producto\/procesador-amd-ryzen-7-9800x3d-5-2ghz\/\",\"url\":\"https:\/\/www.pcmadrid.es\/tienda\/producto\/procesador-amd-ryzen-7-9800x3d-5-2ghz\/\",\"name\":\"Procesador AMD Ryzen 7 9800X3D 5.2GHz | Tienda PCMADRID\",\"isPartOf\":{\"@id\":\"https:\/\/www.pcmadrid.es\/tienda\/#website\"},\"primaryImageOfPage\":{\"@id\":\"https:\/\/www.pcmadrid.es\/tienda\/producto\/procesador-amd-ryzen-7-9800x3d-5-2ghz\/#primaryimage\"},\"image\":{\"@id\":\"https:\/\/www.pcmadrid.es\/tienda\/producto\/procesador-amd-ryzen-7-9800x3d-5-2ghz\/#primaryimage\"},\"thumbnailUrl\":\"https:\/\/i0.wp.com\/www.pcmadrid.es\/tienda\/wp-content\/uploads\/2024\/11\/AMDRyzen9800X3D.jpg?fit=800%2C800&ssl=1\",\"datePublished\":\"2024-11-07T11:08:15+00:00\",\"dateModified\":\"2025-06-23T11:58:45+00:00\",\"description\":\"Procesador AMD Ryzen 7 9800X3D. EL cerebro de la best\u00eda. EL procesador m\u00e1s avanzado y potente del mundo para videojuegos.\",\"breadcrumb\":{\"@id\":\"https:\/\/www.pcmadrid.es\/tienda\/producto\/procesador-amd-ryzen-7-9800x3d-5-2ghz\/#breadcrumb\"},\"inLanguage\":\"es\",\"potentialAction\":[{\"@type\":\"ReadAction\",\"target\":[\"https:\/\/www.pcmadrid.es\/tienda\/producto\/procesador-amd-ryzen-7-9800x3d-5-2ghz\/\"]}]},{\"@type\":\"ImageObject\",\"inLanguage\":\"es\",\"@id\":\"https:\/\/www.pcmadrid.es\/tienda\/producto\/procesador-amd-ryzen-7-9800x3d-5-2ghz\/#primaryimage\",\"url\":\"https:\/\/i0.wp.com\/www.pcmadrid.es\/tienda\/wp-content\/uploads\/2024\/11\/AMDRyzen9800X3D.jpg?fit=800%2C800&ssl=1\",\"contentUrl\":\"https:\/\/i0.wp.com\/www.pcmadrid.es\/tienda\/wp-content\/uploads\/2024\/11\/AMDRyzen9800X3D.jpg?fit=800%2C800&ssl=1\",\"width\":800,\"height\":800},{\"@type\":\"BreadcrumbList\",\"@id\":\"https:\/\/www.pcmadrid.es\/tienda\/producto\/procesador-amd-ryzen-7-9800x3d-5-2ghz\/#breadcrumb\",\"itemListElement\":[{\"@type\":\"ListItem\",\"position\":1,\"name\":\"Portada\",\"item\":\"https:\/\/www.pcmadrid.es\/tienda\/\"},{\"@type\":\"ListItem\",\"position\":2,\"name\":\"Todos los productos\",\"item\":\"https:\/\/www.pcmadrid.es\/tienda\/todos-los-productos\/\"},{\"@type\":\"ListItem\",\"position\":3,\"name\":\"Procesador AMD Ryzen 7 9800X3D 5.2GHz\"}]},{\"@type\":\"WebSite\",\"@id\":\"https:\/\/www.pcmadrid.es\/tienda\/#website\",\"url\":\"https:\/\/www.pcmadrid.es\/tienda\/\",\"name\":\"Tienda PCMADRID\",\"description\":\"Venta y reparaciones de ordenadores\",\"publisher\":{\"@id\":\"https:\/\/www.pcmadrid.es\/tienda\/#organization\"},\"potentialAction\":[{\"@type\":\"SearchAction\",\"target\":{\"@type\":\"EntryPoint\",\"urlTemplate\":\"https:\/\/www.pcmadrid.es\/tienda\/?s={search_term_string}\"},\"query-input\":{\"@type\":\"PropertyValueSpecification\",\"valueRequired\":true,\"valueName\":\"search_term_string\"}}],\"inLanguage\":\"es\"},{\"@type\":\"Organization\",\"@id\":\"https:\/\/www.pcmadrid.es\/tienda\/#organization\",\"name\":\"PCMADRID\",\"url\":\"https:\/\/www.pcmadrid.es\/tienda\/\",\"logo\":{\"@type\":\"ImageObject\",\"inLanguage\":\"es\",\"@id\":\"https:\/\/www.pcmadrid.es\/tienda\/#\/schema\/logo\/image\/\",\"url\":\"https:\/\/i0.wp.com\/www.pcmadrid.es\/tienda\/wp-content\/uploads\/2019\/10\/pcmadridlogo..png?fit=750%2C300&ssl=1\",\"contentUrl\":\"https:\/\/i0.wp.com\/www.pcmadrid.es\/tienda\/wp-content\/uploads\/2019\/10\/pcmadridlogo..png?fit=750%2C300&ssl=1\",\"width\":750,\"height\":300,\"caption\":\"PCMADRID\"},\"image\":{\"@id\":\"https:\/\/www.pcmadrid.es\/tienda\/#\/schema\/logo\/image\/\"},\"sameAs\":[\"https:\/\/www.facebook.com\/pcmadridinformatica\",\"https:\/\/x.com\/pc_madrid\",\"https:\/\/www.youtube.com\/channel\/UCIbQq9k6BBrU5x2wqDIHr7A\",\"https:\/\/www.instagram.com\/pcmadrid_informatica\/?hl=es\",\"https:\/\/www.linkedin.com\/company\/9348326\/admin\/\",\"https:\/\/www.pinterest.es\/pcmadrid_informatica\/\"]}]}<\/script>\n<!-- \/ Yoast SEO plugin. -->","yoast_head_json":{"title":"Procesador AMD Ryzen 7 9800X3D 5.2GHz | Tienda PCMADRID","description":"Procesador AMD Ryzen 7 9800X3D. EL cerebro de la best\u00eda. EL procesador m\u00e1s avanzado y potente del mundo para videojuegos.","robots":{"index":"index","follow":"follow","max-snippet":"max-snippet:-1","max-image-preview":"max-image-preview:large","max-video-preview":"max-video-preview:-1"},"canonical":"https:\/\/www.pcmadrid.es\/tienda\/producto\/procesador-amd-ryzen-7-9800x3d-5-2ghz\/","twitter_misc":{"Tiempo de lectura":"1 minuto"},"schema":{"@context":"https:\/\/schema.org","@graph":[{"@type":"WebPage","@id":"https:\/\/www.pcmadrid.es\/tienda\/producto\/procesador-amd-ryzen-7-9800x3d-5-2ghz\/","url":"https:\/\/www.pcmadrid.es\/tienda\/producto\/procesador-amd-ryzen-7-9800x3d-5-2ghz\/","name":"Procesador AMD Ryzen 7 9800X3D 5.2GHz | Tienda PCMADRID","isPartOf":{"@id":"https:\/\/www.pcmadrid.es\/tienda\/#website"},"primaryImageOfPage":{"@id":"https:\/\/www.pcmadrid.es\/tienda\/producto\/procesador-amd-ryzen-7-9800x3d-5-2ghz\/#primaryimage"},"image":{"@id":"https:\/\/www.pcmadrid.es\/tienda\/producto\/procesador-amd-ryzen-7-9800x3d-5-2ghz\/#primaryimage"},"thumbnailUrl":"https:\/\/i0.wp.com\/www.pcmadrid.es\/tienda\/wp-content\/uploads\/2024\/11\/AMDRyzen9800X3D.jpg?fit=800%2C800&ssl=1","datePublished":"2024-11-07T11:08:15+00:00","dateModified":"2025-06-23T11:58:45+00:00","description":"Procesador AMD Ryzen 7 9800X3D. EL cerebro de la best\u00eda. EL procesador m\u00e1s avanzado y potente del mundo para videojuegos.","breadcrumb":{"@id":"https:\/\/www.pcmadrid.es\/tienda\/producto\/procesador-amd-ryzen-7-9800x3d-5-2ghz\/#breadcrumb"},"inLanguage":"es","potentialAction":[{"@type":"ReadAction","target":["https:\/\/www.pcmadrid.es\/tienda\/producto\/procesador-amd-ryzen-7-9800x3d-5-2ghz\/"]}]},{"@type":"ImageObject","inLanguage":"es","@id":"https:\/\/www.pcmadrid.es\/tienda\/producto\/procesador-amd-ryzen-7-9800x3d-5-2ghz\/#primaryimage","url":"https:\/\/i0.wp.com\/www.pcmadrid.es\/tienda\/wp-content\/uploads\/2024\/11\/AMDRyzen9800X3D.jpg?fit=800%2C800&ssl=1","contentUrl":"https:\/\/i0.wp.com\/www.pcmadrid.es\/tienda\/wp-content\/uploads\/2024\/11\/AMDRyzen9800X3D.jpg?fit=800%2C800&ssl=1","width":800,"height":800},{"@type":"BreadcrumbList","@id":"https:\/\/www.pcmadrid.es\/tienda\/producto\/procesador-amd-ryzen-7-9800x3d-5-2ghz\/#breadcrumb","itemListElement":[{"@type":"ListItem","position":1,"name":"Portada","item":"https:\/\/www.pcmadrid.es\/tienda\/"},{"@type":"ListItem","position":2,"name":"Todos los productos","item":"https:\/\/www.pcmadrid.es\/tienda\/todos-los-productos\/"},{"@type":"ListItem","position":3,"name":"Procesador AMD Ryzen 7 9800X3D 5.2GHz"}]},{"@type":"WebSite","@id":"https:\/\/www.pcmadrid.es\/tienda\/#website","url":"https:\/\/www.pcmadrid.es\/tienda\/","name":"Tienda PCMADRID","description":"Venta y reparaciones de ordenadores","publisher":{"@id":"https:\/\/www.pcmadrid.es\/tienda\/#organization"},"potentialAction":[{"@type":"SearchAction","target":{"@type":"EntryPoint","urlTemplate":"https:\/\/www.pcmadrid.es\/tienda\/?s={search_term_string}"},"query-input":{"@type":"PropertyValueSpecification","valueRequired":true,"valueName":"search_term_string"}}],"inLanguage":"es"},{"@type":"Organization","@id":"https:\/\/www.pcmadrid.es\/tienda\/#organization","name":"PCMADRID","url":"https:\/\/www.pcmadrid.es\/tienda\/","logo":{"@type":"ImageObject","inLanguage":"es","@id":"https:\/\/www.pcmadrid.es\/tienda\/#\/schema\/logo\/image\/","url":"https:\/\/i0.wp.com\/www.pcmadrid.es\/tienda\/wp-content\/uploads\/2019\/10\/pcmadridlogo..png?fit=750%2C300&ssl=1","contentUrl":"https:\/\/i0.wp.com\/www.pcmadrid.es\/tienda\/wp-content\/uploads\/2019\/10\/pcmadridlogo..png?fit=750%2C300&ssl=1","width":750,"height":300,"caption":"PCMADRID"},"image":{"@id":"https:\/\/www.pcmadrid.es\/tienda\/#\/schema\/logo\/image\/"},"sameAs":["https:\/\/www.facebook.com\/pcmadridinformatica","https:\/\/x.com\/pc_madrid","https:\/\/www.youtube.com\/channel\/UCIbQq9k6BBrU5x2wqDIHr7A","https:\/\/www.instagram.com\/pcmadrid_informatica\/?hl=es","https:\/\/www.linkedin.com\/company\/9348326\/admin\/","https:\/\/www.pinterest.es\/pcmadrid_informatica\/"]}]}},"jetpack_sharing_enabled":true,"_links":{"self":[{"href":"https:\/\/www.pcmadrid.es\/tienda\/wp-json\/wp\/v2\/product\/14084","targetHints":{"allow":["GET"]}}],"collection":[{"href":"https:\/\/www.pcmadrid.es\/tienda\/wp-json\/wp\/v2\/product"}],"about":[{"href":"https:\/\/www.pcmadrid.es\/tienda\/wp-json\/wp\/v2\/types\/product"}],"replies":[{"embeddable":true,"href":"https:\/\/www.pcmadrid.es\/tienda\/wp-json\/wp\/v2\/comments?post=14084"}],"wp:featuredmedia":[{"embeddable":true,"href":"https:\/\/www.pcmadrid.es\/tienda\/wp-json\/wp\/v2\/media\/14085"}],"wp:attachment":[{"href":"https:\/\/www.pcmadrid.es\/tienda\/wp-json\/wp\/v2\/media?parent=14084"}],"wp:term":[{"taxonomy":"product_brand","embeddable":true,"href":"https:\/\/www.pcmadrid.es\/tienda\/wp-json\/wp\/v2\/product_brand?post=14084"},{"taxonomy":"product_cat","embeddable":true,"href":"https:\/\/www.pcmadrid.es\/tienda\/wp-json\/wp\/v2\/product_cat?post=14084"},{"taxonomy":"product_tag","embeddable":true,"href":"https:\/\/www.pcmadrid.es\/tienda\/wp-json\/wp\/v2\/product_tag?post=14084"}],"curies":[{"name":"wp","href":"https:\/\/api.w.org\/{rel}","templated":true}]}}