{"id":14850,"date":"2025-05-29T13:59:27","date_gmt":"2025-05-29T11:59:27","guid":{"rendered":"https:\/\/www.pcmadrid.es\/tienda\/?post_type=product&#038;p=14850"},"modified":"2025-06-23T13:58:41","modified_gmt":"2025-06-23T11:58:41","slug":"adaptador-usb-3-0-rj45-aisens-a106-0897-1000mbps","status":"publish","type":"product","link":"https:\/\/www.pcmadrid.es\/tienda\/producto\/adaptador-usb-3-0-rj45-aisens-a106-0897-1000mbps\/","title":{"rendered":"Adaptador USB 3.0 &#8211; RJ45 Aisens A106-0897\/ 1000Mbps"},"content":{"rendered":"<h2>Adaptador USB 3.0 Aisens A106-0897<\/h2>\n<p>La soluci\u00f3n m\u00e1s r\u00e1pida de USB 3.0 a Gigabit ethernet que garantiza gran velocidad de transferencia con USB 3.0 macho en un extremo y RJ45 hembra en el otro.<\/p>\n<h2><\/h2>\n<h2>Especificaciones<\/h2>\n<p>&nbsp;<\/p>\n<ul>\n<li>Conexi\u00f3n USB 3.0, retrocompatible con USB 2.0 y 1.1.<\/li>\n<li>Conectar y listo en Windows 10\/11, Mac OS X 10.6 o superior, Linux OS etc. Nota: se requiere Driver para algunos sistemas operativos<\/li>\n<li>Compatible con IEEE 802.3, 802.3u and 802.3<\/li>\n<li><b>Chipset:\u00a0<\/b>AX88179A<\/li>\n<li><b>Velocidad de transferencia de datos:<\/b>\u00a010, 100, 1000 Mbit\/s<\/li>\n<li>El dispositivo se alimenta directamente del puerto USB sin necesidad de fuente alimentaci\u00f3n externa.<\/li>\n<li>Soporta detecci\u00f3n de crossover y correcci\u00f3n autom\u00e1tica.<\/li>\n<li><b>Longitud:<\/b>\u00a015CM<\/li>\n<li><b>Color:<\/b>\u00a0Gris<\/li>\n<li><b>Normativas:<\/b>\u00a0RoHS, CE<\/li>\n<li><b>Test de funcionamiento:<\/b>\u00a0100% testeado<\/li>\n<\/ul>\n","protected":false},"excerpt":{"rendered":"<p>Adaptador USB 3.0 Aisens A106-0897 La soluci\u00f3n m\u00e1s r\u00e1pida de USB 3.0 a Gigabit ethernet que garantiza gran velocidad de transferencia con USB 3.0 macho en un extremo y RJ45 hembra en el otro. Especificaciones &nbsp; Conexi\u00f3n USB 3.0, retrocompatible con USB 2.0 y 1.1. Conectar y listo en Windows 10\/11, Mac OS X 10.6 [&hellip;]<\/p>\n","protected":false},"featured_media":14851,"comment_status":"open","ping_status":"closed","template":"","meta":{"_et_pb_use_builder":"","_et_pb_old_content":"","_et_gb_content_width":""},"product_brand":[],"product_cat":[65],"product_tag":[],"class_list":{"0":"post-14850","1":"product","2":"type-product","3":"status-publish","4":"has-post-thumbnail","6":"product_cat-todos","7":"product_shipping_class-gratis","9":"first","10":"instock","11":"taxable","12":"shipping-taxable","13":"purchasable","14":"product-type-simple"},"yoast_head":"<!-- This site is optimized with the Yoast SEO plugin v27.5 - https:\/\/yoast.com\/product\/yoast-seo-wordpress\/ -->\n<title>Adaptador USB 3.0 - RJ45 Aisens A106-0897\/ 1000Mbps | Tienda PCMADRID<\/title>\n<meta name=\"robots\" content=\"index, follow, max-snippet:-1, max-image-preview:large, max-video-preview:-1\" \/>\n<link rel=\"canonical\" href=\"https:\/\/www.pcmadrid.es\/tienda\/producto\/adaptador-usb-3-0-rj45-aisens-a106-0897-1000mbps\/\" \/>\n<meta name=\"twitter:label1\" content=\"Tiempo de lectura\" \/>\n\t<meta name=\"twitter:data1\" content=\"1 minuto\" \/>\n<script type=\"application\/ld+json\" class=\"yoast-schema-graph\">{\"@context\":\"https:\\\/\\\/schema.org\",\"@graph\":[{\"@type\":\"WebPage\",\"@id\":\"https:\\\/\\\/www.pcmadrid.es\\\/tienda\\\/producto\\\/adaptador-usb-3-0-rj45-aisens-a106-0897-1000mbps\\\/\",\"url\":\"https:\\\/\\\/www.pcmadrid.es\\\/tienda\\\/producto\\\/adaptador-usb-3-0-rj45-aisens-a106-0897-1000mbps\\\/\",\"name\":\"Adaptador USB 3.0 - RJ45 Aisens A106-0897\\\/ 1000Mbps | Tienda PCMADRID\",\"isPartOf\":{\"@id\":\"https:\\\/\\\/www.pcmadrid.es\\\/tienda\\\/#website\"},\"primaryImageOfPage\":{\"@id\":\"https:\\\/\\\/www.pcmadrid.es\\\/tienda\\\/producto\\\/adaptador-usb-3-0-rj45-aisens-a106-0897-1000mbps\\\/#primaryimage\"},\"image\":{\"@id\":\"https:\\\/\\\/www.pcmadrid.es\\\/tienda\\\/producto\\\/adaptador-usb-3-0-rj45-aisens-a106-0897-1000mbps\\\/#primaryimage\"},\"thumbnailUrl\":\"https:\\\/\\\/i0.wp.com\\\/www.pcmadrid.es\\\/tienda\\\/wp-content\\\/uploads\\\/2025\\\/05\\\/art_ais-adp-a106-0897_1.jpg?fit=800%2C800&ssl=1\",\"datePublished\":\"2025-05-29T11:59:27+00:00\",\"dateModified\":\"2025-06-23T11:58:41+00:00\",\"breadcrumb\":{\"@id\":\"https:\\\/\\\/www.pcmadrid.es\\\/tienda\\\/producto\\\/adaptador-usb-3-0-rj45-aisens-a106-0897-1000mbps\\\/#breadcrumb\"},\"inLanguage\":\"es\",\"potentialAction\":[{\"@type\":\"ReadAction\",\"target\":[\"https:\\\/\\\/www.pcmadrid.es\\\/tienda\\\/producto\\\/adaptador-usb-3-0-rj45-aisens-a106-0897-1000mbps\\\/\"]}]},{\"@type\":\"ImageObject\",\"inLanguage\":\"es\",\"@id\":\"https:\\\/\\\/www.pcmadrid.es\\\/tienda\\\/producto\\\/adaptador-usb-3-0-rj45-aisens-a106-0897-1000mbps\\\/#primaryimage\",\"url\":\"https:\\\/\\\/i0.wp.com\\\/www.pcmadrid.es\\\/tienda\\\/wp-content\\\/uploads\\\/2025\\\/05\\\/art_ais-adp-a106-0897_1.jpg?fit=800%2C800&ssl=1\",\"contentUrl\":\"https:\\\/\\\/i0.wp.com\\\/www.pcmadrid.es\\\/tienda\\\/wp-content\\\/uploads\\\/2025\\\/05\\\/art_ais-adp-a106-0897_1.jpg?fit=800%2C800&ssl=1\",\"width\":800,\"height\":800},{\"@type\":\"BreadcrumbList\",\"@id\":\"https:\\\/\\\/www.pcmadrid.es\\\/tienda\\\/producto\\\/adaptador-usb-3-0-rj45-aisens-a106-0897-1000mbps\\\/#breadcrumb\",\"itemListElement\":[{\"@type\":\"ListItem\",\"position\":1,\"name\":\"Portada\",\"item\":\"https:\\\/\\\/www.pcmadrid.es\\\/tienda\\\/\"},{\"@type\":\"ListItem\",\"position\":2,\"name\":\"Todos los productos\",\"item\":\"https:\\\/\\\/www.pcmadrid.es\\\/tienda\\\/todos-los-productos\\\/\"},{\"@type\":\"ListItem\",\"position\":3,\"name\":\"Adaptador USB 3.0 &#8211; RJ45 Aisens A106-0897\\\/ 1000Mbps\"}]},{\"@type\":\"WebSite\",\"@id\":\"https:\\\/\\\/www.pcmadrid.es\\\/tienda\\\/#website\",\"url\":\"https:\\\/\\\/www.pcmadrid.es\\\/tienda\\\/\",\"name\":\"Tienda PCMADRID\",\"description\":\"Venta y reparaciones de ordenadores\",\"publisher\":{\"@id\":\"https:\\\/\\\/www.pcmadrid.es\\\/tienda\\\/#organization\"},\"potentialAction\":[{\"@type\":\"SearchAction\",\"target\":{\"@type\":\"EntryPoint\",\"urlTemplate\":\"https:\\\/\\\/www.pcmadrid.es\\\/tienda\\\/?s={search_term_string}\"},\"query-input\":{\"@type\":\"PropertyValueSpecification\",\"valueRequired\":true,\"valueName\":\"search_term_string\"}}],\"inLanguage\":\"es\"},{\"@type\":\"Organization\",\"@id\":\"https:\\\/\\\/www.pcmadrid.es\\\/tienda\\\/#organization\",\"name\":\"PCMADRID\",\"url\":\"https:\\\/\\\/www.pcmadrid.es\\\/tienda\\\/\",\"logo\":{\"@type\":\"ImageObject\",\"inLanguage\":\"es\",\"@id\":\"https:\\\/\\\/www.pcmadrid.es\\\/tienda\\\/#\\\/schema\\\/logo\\\/image\\\/\",\"url\":\"https:\\\/\\\/www.pcmadrid.es\\\/tienda\\\/wp-content\\\/uploads\\\/2019\\\/10\\\/pcmadridlogo..png\",\"contentUrl\":\"https:\\\/\\\/www.pcmadrid.es\\\/tienda\\\/wp-content\\\/uploads\\\/2019\\\/10\\\/pcmadridlogo..png\",\"width\":750,\"height\":300,\"caption\":\"PCMADRID\"},\"image\":{\"@id\":\"https:\\\/\\\/www.pcmadrid.es\\\/tienda\\\/#\\\/schema\\\/logo\\\/image\\\/\"},\"sameAs\":[\"https:\\\/\\\/www.facebook.com\\\/pcmadridinformatica\",\"https:\\\/\\\/x.com\\\/pc_madrid\",\"https:\\\/\\\/www.youtube.com\\\/channel\\\/UCIbQq9k6BBrU5x2wqDIHr7A\",\"https:\\\/\\\/www.instagram.com\\\/pcmadrid_informatica\\\/?hl=es\",\"https:\\\/\\\/www.linkedin.com\\\/company\\\/9348326\\\/admin\\\/\",\"https:\\\/\\\/www.pinterest.es\\\/pcmadrid_informatica\\\/\"]}]}<\/script>\n<!-- \/ Yoast SEO plugin. -->","yoast_head_json":{"title":"Adaptador USB 3.0 - RJ45 Aisens A106-0897\/ 1000Mbps | Tienda PCMADRID","robots":{"index":"index","follow":"follow","max-snippet":"max-snippet:-1","max-image-preview":"max-image-preview:large","max-video-preview":"max-video-preview:-1"},"canonical":"https:\/\/www.pcmadrid.es\/tienda\/producto\/adaptador-usb-3-0-rj45-aisens-a106-0897-1000mbps\/","twitter_misc":{"Tiempo de lectura":"1 minuto"},"schema":{"@context":"https:\/\/schema.org","@graph":[{"@type":"WebPage","@id":"https:\/\/www.pcmadrid.es\/tienda\/producto\/adaptador-usb-3-0-rj45-aisens-a106-0897-1000mbps\/","url":"https:\/\/www.pcmadrid.es\/tienda\/producto\/adaptador-usb-3-0-rj45-aisens-a106-0897-1000mbps\/","name":"Adaptador USB 3.0 - RJ45 Aisens A106-0897\/ 1000Mbps | Tienda PCMADRID","isPartOf":{"@id":"https:\/\/www.pcmadrid.es\/tienda\/#website"},"primaryImageOfPage":{"@id":"https:\/\/www.pcmadrid.es\/tienda\/producto\/adaptador-usb-3-0-rj45-aisens-a106-0897-1000mbps\/#primaryimage"},"image":{"@id":"https:\/\/www.pcmadrid.es\/tienda\/producto\/adaptador-usb-3-0-rj45-aisens-a106-0897-1000mbps\/#primaryimage"},"thumbnailUrl":"https:\/\/i0.wp.com\/www.pcmadrid.es\/tienda\/wp-content\/uploads\/2025\/05\/art_ais-adp-a106-0897_1.jpg?fit=800%2C800&ssl=1","datePublished":"2025-05-29T11:59:27+00:00","dateModified":"2025-06-23T11:58:41+00:00","breadcrumb":{"@id":"https:\/\/www.pcmadrid.es\/tienda\/producto\/adaptador-usb-3-0-rj45-aisens-a106-0897-1000mbps\/#breadcrumb"},"inLanguage":"es","potentialAction":[{"@type":"ReadAction","target":["https:\/\/www.pcmadrid.es\/tienda\/producto\/adaptador-usb-3-0-rj45-aisens-a106-0897-1000mbps\/"]}]},{"@type":"ImageObject","inLanguage":"es","@id":"https:\/\/www.pcmadrid.es\/tienda\/producto\/adaptador-usb-3-0-rj45-aisens-a106-0897-1000mbps\/#primaryimage","url":"https:\/\/i0.wp.com\/www.pcmadrid.es\/tienda\/wp-content\/uploads\/2025\/05\/art_ais-adp-a106-0897_1.jpg?fit=800%2C800&ssl=1","contentUrl":"https:\/\/i0.wp.com\/www.pcmadrid.es\/tienda\/wp-content\/uploads\/2025\/05\/art_ais-adp-a106-0897_1.jpg?fit=800%2C800&ssl=1","width":800,"height":800},{"@type":"BreadcrumbList","@id":"https:\/\/www.pcmadrid.es\/tienda\/producto\/adaptador-usb-3-0-rj45-aisens-a106-0897-1000mbps\/#breadcrumb","itemListElement":[{"@type":"ListItem","position":1,"name":"Portada","item":"https:\/\/www.pcmadrid.es\/tienda\/"},{"@type":"ListItem","position":2,"name":"Todos los productos","item":"https:\/\/www.pcmadrid.es\/tienda\/todos-los-productos\/"},{"@type":"ListItem","position":3,"name":"Adaptador USB 3.0 &#8211; RJ45 Aisens A106-0897\/ 1000Mbps"}]},{"@type":"WebSite","@id":"https:\/\/www.pcmadrid.es\/tienda\/#website","url":"https:\/\/www.pcmadrid.es\/tienda\/","name":"Tienda PCMADRID","description":"Venta y reparaciones de ordenadores","publisher":{"@id":"https:\/\/www.pcmadrid.es\/tienda\/#organization"},"potentialAction":[{"@type":"SearchAction","target":{"@type":"EntryPoint","urlTemplate":"https:\/\/www.pcmadrid.es\/tienda\/?s={search_term_string}"},"query-input":{"@type":"PropertyValueSpecification","valueRequired":true,"valueName":"search_term_string"}}],"inLanguage":"es"},{"@type":"Organization","@id":"https:\/\/www.pcmadrid.es\/tienda\/#organization","name":"PCMADRID","url":"https:\/\/www.pcmadrid.es\/tienda\/","logo":{"@type":"ImageObject","inLanguage":"es","@id":"https:\/\/www.pcmadrid.es\/tienda\/#\/schema\/logo\/image\/","url":"https:\/\/www.pcmadrid.es\/tienda\/wp-content\/uploads\/2019\/10\/pcmadridlogo..png","contentUrl":"https:\/\/www.pcmadrid.es\/tienda\/wp-content\/uploads\/2019\/10\/pcmadridlogo..png","width":750,"height":300,"caption":"PCMADRID"},"image":{"@id":"https:\/\/www.pcmadrid.es\/tienda\/#\/schema\/logo\/image\/"},"sameAs":["https:\/\/www.facebook.com\/pcmadridinformatica","https:\/\/x.com\/pc_madrid","https:\/\/www.youtube.com\/channel\/UCIbQq9k6BBrU5x2wqDIHr7A","https:\/\/www.instagram.com\/pcmadrid_informatica\/?hl=es","https:\/\/www.linkedin.com\/company\/9348326\/admin\/","https:\/\/www.pinterest.es\/pcmadrid_informatica\/"]}]}},"jetpack_sharing_enabled":true,"_links":{"self":[{"href":"https:\/\/www.pcmadrid.es\/tienda\/wp-json\/wp\/v2\/product\/14850","targetHints":{"allow":["GET"]}}],"collection":[{"href":"https:\/\/www.pcmadrid.es\/tienda\/wp-json\/wp\/v2\/product"}],"about":[{"href":"https:\/\/www.pcmadrid.es\/tienda\/wp-json\/wp\/v2\/types\/product"}],"replies":[{"embeddable":true,"href":"https:\/\/www.pcmadrid.es\/tienda\/wp-json\/wp\/v2\/comments?post=14850"}],"wp:featuredmedia":[{"embeddable":true,"href":"https:\/\/www.pcmadrid.es\/tienda\/wp-json\/wp\/v2\/media\/14851"}],"wp:attachment":[{"href":"https:\/\/www.pcmadrid.es\/tienda\/wp-json\/wp\/v2\/media?parent=14850"}],"wp:term":[{"taxonomy":"product_brand","embeddable":true,"href":"https:\/\/www.pcmadrid.es\/tienda\/wp-json\/wp\/v2\/product_brand?post=14850"},{"taxonomy":"product_cat","embeddable":true,"href":"https:\/\/www.pcmadrid.es\/tienda\/wp-json\/wp\/v2\/product_cat?post=14850"},{"taxonomy":"product_tag","embeddable":true,"href":"https:\/\/www.pcmadrid.es\/tienda\/wp-json\/wp\/v2\/product_tag?post=14850"}],"curies":[{"name":"wp","href":"https:\/\/api.w.org\/{rel}","templated":true}]}}