{"id":15636,"date":"2026-02-07T20:25:35","date_gmt":"2026-02-07T19:25:35","guid":{"rendered":"https:\/\/www.pcmadrid.es\/tienda\/?post_type=product&#038;p=15636"},"modified":"2026-02-07T20:26:20","modified_gmt":"2026-02-07T19:26:20","slug":"microsoft-office-2024-hogar-pc-macos-licencia-fisica-permanente","status":"publish","type":"product","link":"https:\/\/www.pcmadrid.es\/tienda\/producto\/microsoft-office-2024-hogar-pc-macos-licencia-fisica-permanente\/","title":{"rendered":"Microsoft Office 2024 Hogar | PC \/ macOS &#8211; Licencia f\u00edsica permanente"},"content":{"rendered":"<h2 style=\"text-align: center;\">Microsoft Office 2024 Hogar | PC \/ macOS &#8211; Licencia f\u00edsica permanente<\/h2>\n<p style=\"text-align: center;\"><span style=\"color: #ff0000;\">ATENCI\u00d3N: Paquete con licenc\u00eda f\u00edsica, se entrega en 24\/48Horas en la direcci\u00f3n indicada.<\/span><\/p>\n<h2>Office Hogar 2024<\/h2>\n<ul>\n<li>Compra de pago \u00fanico para 1 PC o Mac<\/li>\n<li>Versiones de escritorio cl\u00e1sicas de 2024 de <strong>Word, Excel, PowerPoint y OneNote.<\/strong><\/li>\n<li>Acceso a recursos de soporte t\u00e9cnico<\/li>\n<li>Compatible con Windows 11, Windows 10 o macOS*<\/li>\n<li>Para uso no comercial<\/li>\n<li>Funciona con Microsoft Teams<\/li>\n<\/ul>\n<p>&nbsp;<\/p>\n<h2>Ventajas clave<\/h2>\n<p>Lo imprescindible para todo. Office Hogar 2024 es ideal para estudiantes y familias que quieren tener las aplicaciones cl\u00e1sicas de Office como Word, Excel y PowerPoint para Windows 11 y Windows 10. Es una compra de pago \u00fanico que se instala en 1 PC o Mac para su uso dom\u00e9stico o en la escuela<\/p>\n<p>&nbsp;<\/p>\n<h2>Especificaciones<\/h2>\n<ul>\n<li><b>Procesador<\/b><\/li>\n<li>Windows 11 o Windows 10 con procesador de 2 n\u00facleos a 1,6 GHz\/macOS reciente<\/li>\n<li><b>Sistema operativo<\/b><\/li>\n<li>Windows 11 o Windows 10 para PC; macOS para Mac<\/li>\n<li><b>Memoria<\/b><\/li>\n<li>4 GB (64 bits), 2 GB (32 bits) de RAM para PC; 4 GB de RAM para Mac<\/li>\n<li><b>Espacio en disco duro<\/b><\/li>\n<li>4 GB de espacio disponible en disco para PC, 10 GB para Mac<\/li>\n<li><b>Pantalla<\/b><\/li>\n<li>Resoluci\u00f3n de 1024 x 768 para PC, 1280 x 800 para Mac<\/li>\n<li><b>Gr\u00e1ficos<\/b><\/li>\n<li>Tarjeta gr\u00e1fica DirectX 10 para la aceleraci\u00f3n de gr\u00e1ficos por hardware en PC<\/li>\n<li><b>Requisitos adicionales del sistema<\/b><\/li>\n<li>Acceso a Internet<\/li>\n<li>Cuenta Microsoft<\/li>\n<\/ul>\n","protected":false},"excerpt":{"rendered":"<p>Lo imprescindible para todo. Office Hogar 2024 es ideal para estudiantes y familias que quieren tener las aplicaciones cl\u00e1sicas de Office como Word, Excel y PowerPoint para Windows 11 y Windows 10. Es una compra de pago \u00fanico que se instala en 1 PC o Mac para su uso dom\u00e9stico o en la escuela<\/p>\n","protected":false},"featured_media":15637,"comment_status":"open","ping_status":"closed","template":"","meta":{"_et_pb_use_builder":"","_et_pb_old_content":"","_et_gb_content_width":""},"product_brand":[],"product_cat":[95,477],"product_tag":[],"class_list":{"0":"post-15636","1":"product","2":"type-product","3":"status-publish","4":"has-post-thumbnail","6":"product_cat-licencias-programas","7":"product_cat-software-aplicaciones","9":"first","10":"instock","11":"taxable","12":"shipping-taxable","13":"purchasable","14":"product-type-simple"},"yoast_head":"<!-- This site is optimized with the Yoast SEO plugin v27.5 - https:\/\/yoast.com\/product\/yoast-seo-wordpress\/ -->\n<title>Microsoft Office 2024 Hogar | PC \/ macOS - Licencia f\u00edsica permanente | Tienda PCMADRID<\/title>\n<meta name=\"robots\" content=\"index, follow, max-snippet:-1, max-image-preview:large, max-video-preview:-1\" \/>\n<link rel=\"canonical\" href=\"https:\/\/www.pcmadrid.es\/tienda\/producto\/microsoft-office-2024-hogar-pc-macos-licencia-fisica-permanente\/\" \/>\n<meta name=\"twitter:label1\" content=\"Tiempo de lectura\" \/>\n\t<meta name=\"twitter:data1\" content=\"2 minutos\" \/>\n<script type=\"application\/ld+json\" class=\"yoast-schema-graph\">{\"@context\":\"https:\\\/\\\/schema.org\",\"@graph\":[{\"@type\":\"WebPage\",\"@id\":\"https:\\\/\\\/www.pcmadrid.es\\\/tienda\\\/producto\\\/microsoft-office-2024-hogar-pc-macos-licencia-fisica-permanente\\\/\",\"url\":\"https:\\\/\\\/www.pcmadrid.es\\\/tienda\\\/producto\\\/microsoft-office-2024-hogar-pc-macos-licencia-fisica-permanente\\\/\",\"name\":\"Microsoft Office 2024 Hogar | PC \\\/ macOS - Licencia f\u00edsica permanente | Tienda PCMADRID\",\"isPartOf\":{\"@id\":\"https:\\\/\\\/www.pcmadrid.es\\\/tienda\\\/#website\"},\"primaryImageOfPage\":{\"@id\":\"https:\\\/\\\/www.pcmadrid.es\\\/tienda\\\/producto\\\/microsoft-office-2024-hogar-pc-macos-licencia-fisica-permanente\\\/#primaryimage\"},\"image\":{\"@id\":\"https:\\\/\\\/www.pcmadrid.es\\\/tienda\\\/producto\\\/microsoft-office-2024-hogar-pc-macos-licencia-fisica-permanente\\\/#primaryimage\"},\"thumbnailUrl\":\"https:\\\/\\\/i0.wp.com\\\/www.pcmadrid.es\\\/tienda\\\/wp-content\\\/uploads\\\/2026\\\/02\\\/art_microsoft-off-hogar-2024-1u_1.jpg?fit=800%2C800&ssl=1\",\"datePublished\":\"2026-02-07T19:25:35+00:00\",\"dateModified\":\"2026-02-07T19:26:20+00:00\",\"breadcrumb\":{\"@id\":\"https:\\\/\\\/www.pcmadrid.es\\\/tienda\\\/producto\\\/microsoft-office-2024-hogar-pc-macos-licencia-fisica-permanente\\\/#breadcrumb\"},\"inLanguage\":\"es\",\"potentialAction\":[{\"@type\":\"ReadAction\",\"target\":[\"https:\\\/\\\/www.pcmadrid.es\\\/tienda\\\/producto\\\/microsoft-office-2024-hogar-pc-macos-licencia-fisica-permanente\\\/\"]}]},{\"@type\":\"ImageObject\",\"inLanguage\":\"es\",\"@id\":\"https:\\\/\\\/www.pcmadrid.es\\\/tienda\\\/producto\\\/microsoft-office-2024-hogar-pc-macos-licencia-fisica-permanente\\\/#primaryimage\",\"url\":\"https:\\\/\\\/i0.wp.com\\\/www.pcmadrid.es\\\/tienda\\\/wp-content\\\/uploads\\\/2026\\\/02\\\/art_microsoft-off-hogar-2024-1u_1.jpg?fit=800%2C800&ssl=1\",\"contentUrl\":\"https:\\\/\\\/i0.wp.com\\\/www.pcmadrid.es\\\/tienda\\\/wp-content\\\/uploads\\\/2026\\\/02\\\/art_microsoft-off-hogar-2024-1u_1.jpg?fit=800%2C800&ssl=1\",\"width\":800,\"height\":800},{\"@type\":\"BreadcrumbList\",\"@id\":\"https:\\\/\\\/www.pcmadrid.es\\\/tienda\\\/producto\\\/microsoft-office-2024-hogar-pc-macos-licencia-fisica-permanente\\\/#breadcrumb\",\"itemListElement\":[{\"@type\":\"ListItem\",\"position\":1,\"name\":\"Portada\",\"item\":\"https:\\\/\\\/www.pcmadrid.es\\\/tienda\\\/\"},{\"@type\":\"ListItem\",\"position\":2,\"name\":\"Todos los productos\",\"item\":\"https:\\\/\\\/www.pcmadrid.es\\\/tienda\\\/todos-los-productos\\\/\"},{\"@type\":\"ListItem\",\"position\":3,\"name\":\"Microsoft Office 2024 Hogar | PC \\\/ macOS &#8211; Licencia f\u00edsica permanente\"}]},{\"@type\":\"WebSite\",\"@id\":\"https:\\\/\\\/www.pcmadrid.es\\\/tienda\\\/#website\",\"url\":\"https:\\\/\\\/www.pcmadrid.es\\\/tienda\\\/\",\"name\":\"Tienda PCMADRID\",\"description\":\"Venta y reparaciones de ordenadores\",\"publisher\":{\"@id\":\"https:\\\/\\\/www.pcmadrid.es\\\/tienda\\\/#organization\"},\"potentialAction\":[{\"@type\":\"SearchAction\",\"target\":{\"@type\":\"EntryPoint\",\"urlTemplate\":\"https:\\\/\\\/www.pcmadrid.es\\\/tienda\\\/?s={search_term_string}\"},\"query-input\":{\"@type\":\"PropertyValueSpecification\",\"valueRequired\":true,\"valueName\":\"search_term_string\"}}],\"inLanguage\":\"es\"},{\"@type\":\"Organization\",\"@id\":\"https:\\\/\\\/www.pcmadrid.es\\\/tienda\\\/#organization\",\"name\":\"PCMADRID\",\"url\":\"https:\\\/\\\/www.pcmadrid.es\\\/tienda\\\/\",\"logo\":{\"@type\":\"ImageObject\",\"inLanguage\":\"es\",\"@id\":\"https:\\\/\\\/www.pcmadrid.es\\\/tienda\\\/#\\\/schema\\\/logo\\\/image\\\/\",\"url\":\"https:\\\/\\\/www.pcmadrid.es\\\/tienda\\\/wp-content\\\/uploads\\\/2019\\\/10\\\/pcmadridlogo..png\",\"contentUrl\":\"https:\\\/\\\/www.pcmadrid.es\\\/tienda\\\/wp-content\\\/uploads\\\/2019\\\/10\\\/pcmadridlogo..png\",\"width\":750,\"height\":300,\"caption\":\"PCMADRID\"},\"image\":{\"@id\":\"https:\\\/\\\/www.pcmadrid.es\\\/tienda\\\/#\\\/schema\\\/logo\\\/image\\\/\"},\"sameAs\":[\"https:\\\/\\\/www.facebook.com\\\/pcmadridinformatica\",\"https:\\\/\\\/x.com\\\/pc_madrid\",\"https:\\\/\\\/www.youtube.com\\\/channel\\\/UCIbQq9k6BBrU5x2wqDIHr7A\",\"https:\\\/\\\/www.instagram.com\\\/pcmadrid_informatica\\\/?hl=es\",\"https:\\\/\\\/www.linkedin.com\\\/company\\\/9348326\\\/admin\\\/\",\"https:\\\/\\\/www.pinterest.es\\\/pcmadrid_informatica\\\/\"]}]}<\/script>\n<!-- \/ Yoast SEO plugin. -->","yoast_head_json":{"title":"Microsoft Office 2024 Hogar | PC \/ macOS - Licencia f\u00edsica permanente | Tienda PCMADRID","robots":{"index":"index","follow":"follow","max-snippet":"max-snippet:-1","max-image-preview":"max-image-preview:large","max-video-preview":"max-video-preview:-1"},"canonical":"https:\/\/www.pcmadrid.es\/tienda\/producto\/microsoft-office-2024-hogar-pc-macos-licencia-fisica-permanente\/","twitter_misc":{"Tiempo de lectura":"2 minutos"},"schema":{"@context":"https:\/\/schema.org","@graph":[{"@type":"WebPage","@id":"https:\/\/www.pcmadrid.es\/tienda\/producto\/microsoft-office-2024-hogar-pc-macos-licencia-fisica-permanente\/","url":"https:\/\/www.pcmadrid.es\/tienda\/producto\/microsoft-office-2024-hogar-pc-macos-licencia-fisica-permanente\/","name":"Microsoft Office 2024 Hogar | PC \/ macOS - Licencia f\u00edsica permanente | Tienda PCMADRID","isPartOf":{"@id":"https:\/\/www.pcmadrid.es\/tienda\/#website"},"primaryImageOfPage":{"@id":"https:\/\/www.pcmadrid.es\/tienda\/producto\/microsoft-office-2024-hogar-pc-macos-licencia-fisica-permanente\/#primaryimage"},"image":{"@id":"https:\/\/www.pcmadrid.es\/tienda\/producto\/microsoft-office-2024-hogar-pc-macos-licencia-fisica-permanente\/#primaryimage"},"thumbnailUrl":"https:\/\/i0.wp.com\/www.pcmadrid.es\/tienda\/wp-content\/uploads\/2026\/02\/art_microsoft-off-hogar-2024-1u_1.jpg?fit=800%2C800&ssl=1","datePublished":"2026-02-07T19:25:35+00:00","dateModified":"2026-02-07T19:26:20+00:00","breadcrumb":{"@id":"https:\/\/www.pcmadrid.es\/tienda\/producto\/microsoft-office-2024-hogar-pc-macos-licencia-fisica-permanente\/#breadcrumb"},"inLanguage":"es","potentialAction":[{"@type":"ReadAction","target":["https:\/\/www.pcmadrid.es\/tienda\/producto\/microsoft-office-2024-hogar-pc-macos-licencia-fisica-permanente\/"]}]},{"@type":"ImageObject","inLanguage":"es","@id":"https:\/\/www.pcmadrid.es\/tienda\/producto\/microsoft-office-2024-hogar-pc-macos-licencia-fisica-permanente\/#primaryimage","url":"https:\/\/i0.wp.com\/www.pcmadrid.es\/tienda\/wp-content\/uploads\/2026\/02\/art_microsoft-off-hogar-2024-1u_1.jpg?fit=800%2C800&ssl=1","contentUrl":"https:\/\/i0.wp.com\/www.pcmadrid.es\/tienda\/wp-content\/uploads\/2026\/02\/art_microsoft-off-hogar-2024-1u_1.jpg?fit=800%2C800&ssl=1","width":800,"height":800},{"@type":"BreadcrumbList","@id":"https:\/\/www.pcmadrid.es\/tienda\/producto\/microsoft-office-2024-hogar-pc-macos-licencia-fisica-permanente\/#breadcrumb","itemListElement":[{"@type":"ListItem","position":1,"name":"Portada","item":"https:\/\/www.pcmadrid.es\/tienda\/"},{"@type":"ListItem","position":2,"name":"Todos los productos","item":"https:\/\/www.pcmadrid.es\/tienda\/todos-los-productos\/"},{"@type":"ListItem","position":3,"name":"Microsoft Office 2024 Hogar | PC \/ macOS &#8211; Licencia f\u00edsica permanente"}]},{"@type":"WebSite","@id":"https:\/\/www.pcmadrid.es\/tienda\/#website","url":"https:\/\/www.pcmadrid.es\/tienda\/","name":"Tienda PCMADRID","description":"Venta y reparaciones de ordenadores","publisher":{"@id":"https:\/\/www.pcmadrid.es\/tienda\/#organization"},"potentialAction":[{"@type":"SearchAction","target":{"@type":"EntryPoint","urlTemplate":"https:\/\/www.pcmadrid.es\/tienda\/?s={search_term_string}"},"query-input":{"@type":"PropertyValueSpecification","valueRequired":true,"valueName":"search_term_string"}}],"inLanguage":"es"},{"@type":"Organization","@id":"https:\/\/www.pcmadrid.es\/tienda\/#organization","name":"PCMADRID","url":"https:\/\/www.pcmadrid.es\/tienda\/","logo":{"@type":"ImageObject","inLanguage":"es","@id":"https:\/\/www.pcmadrid.es\/tienda\/#\/schema\/logo\/image\/","url":"https:\/\/www.pcmadrid.es\/tienda\/wp-content\/uploads\/2019\/10\/pcmadridlogo..png","contentUrl":"https:\/\/www.pcmadrid.es\/tienda\/wp-content\/uploads\/2019\/10\/pcmadridlogo..png","width":750,"height":300,"caption":"PCMADRID"},"image":{"@id":"https:\/\/www.pcmadrid.es\/tienda\/#\/schema\/logo\/image\/"},"sameAs":["https:\/\/www.facebook.com\/pcmadridinformatica","https:\/\/x.com\/pc_madrid","https:\/\/www.youtube.com\/channel\/UCIbQq9k6BBrU5x2wqDIHr7A","https:\/\/www.instagram.com\/pcmadrid_informatica\/?hl=es","https:\/\/www.linkedin.com\/company\/9348326\/admin\/","https:\/\/www.pinterest.es\/pcmadrid_informatica\/"]}]}},"jetpack_sharing_enabled":true,"_links":{"self":[{"href":"https:\/\/www.pcmadrid.es\/tienda\/wp-json\/wp\/v2\/product\/15636","targetHints":{"allow":["GET"]}}],"collection":[{"href":"https:\/\/www.pcmadrid.es\/tienda\/wp-json\/wp\/v2\/product"}],"about":[{"href":"https:\/\/www.pcmadrid.es\/tienda\/wp-json\/wp\/v2\/types\/product"}],"replies":[{"embeddable":true,"href":"https:\/\/www.pcmadrid.es\/tienda\/wp-json\/wp\/v2\/comments?post=15636"}],"wp:featuredmedia":[{"embeddable":true,"href":"https:\/\/www.pcmadrid.es\/tienda\/wp-json\/wp\/v2\/media\/15637"}],"wp:attachment":[{"href":"https:\/\/www.pcmadrid.es\/tienda\/wp-json\/wp\/v2\/media?parent=15636"}],"wp:term":[{"taxonomy":"product_brand","embeddable":true,"href":"https:\/\/www.pcmadrid.es\/tienda\/wp-json\/wp\/v2\/product_brand?post=15636"},{"taxonomy":"product_cat","embeddable":true,"href":"https:\/\/www.pcmadrid.es\/tienda\/wp-json\/wp\/v2\/product_cat?post=15636"},{"taxonomy":"product_tag","embeddable":true,"href":"https:\/\/www.pcmadrid.es\/tienda\/wp-json\/wp\/v2\/product_tag?post=15636"}],"curies":[{"name":"wp","href":"https:\/\/api.w.org\/{rel}","templated":true}]}}