{"id":2354,"date":"2019-11-15T18:21:07","date_gmt":"2019-11-15T17:21:07","guid":{"rendered":"https:\/\/www.pcmadrid.es\/?post_type=product&#038;p=2354"},"modified":"2026-01-22T05:40:15","modified_gmt":"2026-01-22T04:40:15","slug":"microsoft-office-2019-pro-licencia-digital","status":"publish","type":"product","link":"https:\/\/www.pcmadrid.es\/tienda\/producto\/microsoft-office-2019-pro-licencia-digital\/","title":{"rendered":"Licencia Office 2019 Pro Plus | Windows"},"content":{"rendered":"<h2 style=\"text-align: center;\"><strong><span style=\"color: #99cc00;\">Comprar licencia Microsoft Office 2019 PRO Plus barata para Windows<\/span><\/strong><\/h2>\n<p>Con la <strong><span style=\"color: #99cc00;\">licencia Office 2019 PRO<\/span><\/strong> Plus para Windows podr\u00e1s disponer de una licencia de Office 2019 PRO permanente. Esta es una licencia para un equipo \u00fanico. <span style=\"color: #808080;\"><strong>Ahorra gracias a la licencia Office 2019 que tiene de TODAS LAS FUNCIONES de la licencia en paquete f\u00edsico RETAIL<\/strong>.<\/span><\/p>\n<p>A diferencia de las licencias no certificadas esta licencia es <span style=\"color: #99cc00;\"><strong>PERMANENTE y OFICIAL<\/strong><\/span> para el cliente \u00fanico. Es ideal para aut\u00f3nomos, profesionales, peque\u00f1as empresas y usuarios privados.<\/p>\n<p>Adem\u00e1s incluimos<strong> soporte gratuito para su instalaci\u00f3n<\/strong> para los clientes que tengan alg\u00fan problema con la instalaci\u00f3n o activaci\u00f3n de su programa.<\/p>\n<ul>\n<li><strong>Al realizar tu pedido,<\/strong> recibir\u00e1s tu licencia por email junto a las instrucciones de instalaci\u00f3n y enlaces oficiales de descarga.<\/li>\n<li><strong>Recibir\u00e1s tu pedido en menos de 2 horas en la mayor\u00eda de ocasiones <\/strong>(aunque a veces tu licencia podr\u00eda tardar hasta 24 horas en ser entregada en funci\u00f3n del horario en que realices tu pedido y la disponibilidad).<\/li>\n<li>Adem\u00e1s incluimos<strong> soporte gratuito para su instalaci\u00f3n<\/strong> para los clientes que tengan alg\u00fan problema con la instalaci\u00f3n o activaci\u00f3n de su programa.<\/li>\n<\/ul>\n<p>&nbsp;<\/p>\n<p><img data-recalc-dims=\"1\" loading=\"lazy\" decoding=\"async\" class=\"size-full wp-image-7300 aligncenter\" src=\"https:\/\/i0.wp.com\/www.pcmadrid.es\/tienda\/wp-content\/uploads\/2018\/05\/Licencia-Office-2019.jpg?resize=1080%2C566&#038;ssl=1\" alt=\"licencia office 2019 barata\" width=\"1080\" height=\"566\" srcset=\"https:\/\/i0.wp.com\/www.pcmadrid.es\/tienda\/wp-content\/uploads\/2018\/05\/Licencia-Office-2019.jpg?w=1268&amp;ssl=1 1268w, https:\/\/i0.wp.com\/www.pcmadrid.es\/tienda\/wp-content\/uploads\/2018\/05\/Licencia-Office-2019.jpg?resize=300%2C157&amp;ssl=1 300w, https:\/\/i0.wp.com\/www.pcmadrid.es\/tienda\/wp-content\/uploads\/2018\/05\/Licencia-Office-2019.jpg?resize=1024%2C536&amp;ssl=1 1024w, https:\/\/i0.wp.com\/www.pcmadrid.es\/tienda\/wp-content\/uploads\/2018\/05\/Licencia-Office-2019.jpg?resize=768%2C402&amp;ssl=1 768w, https:\/\/i0.wp.com\/www.pcmadrid.es\/tienda\/wp-content\/uploads\/2018\/05\/Licencia-Office-2019.jpg?resize=600%2C314&amp;ssl=1 600w\" sizes=\"(max-width: 1080px) 100vw, 1080px\" \/><\/p>\n<h2><\/h2>\n<h2 style=\"text-align: center;\"><span style=\"color: #99cc00;\"><strong>La licencia Microsoft Office 2019 Pro Plus incluye:<\/strong><\/span><\/h2>\n<ul>\n<li><strong><span style=\"color: #0000ff;\">Word 2019:<\/span><\/strong> Crear documentos profesionales y transformar sus ideas.<\/li>\n<li><strong><span style=\"color: #008000;\">Excel 2019:<\/span><\/strong> Crear tablas, f\u00f3rmulas y evaluar \u00e9stos con funciones de an\u00e1lisis de calidad.<\/li>\n<li><strong><span style=\"color: #ff6600;\">PowerPoint 2019:<\/span><\/strong> Convencer con efectivas presentaciones.<\/li>\n<li><strong><span style=\"color: #800080;\">OneNote 2019:<\/span><\/strong> Agrupar sus notas en un solo lugar.<\/li>\n<li><strong><span style=\"color: #3366ff;\">Outlook 2019:<\/span><\/strong> Mantenerse en contactos al d\u00eda con los correos electr\u00f3nicos y organizar sus citas.<\/li>\n<li><strong><span style=\"color: #808080;\">Publisher 2019:<\/span><\/strong> Dise\u00f1ar profesionales publicaciones y materiales de marketing.<\/li>\n<li><strong><span style=\"color: #993366;\">Access 2019:<\/span><\/strong> Administrar sus bases de datos y personalizar los informes de estado.<\/li>\n<\/ul>\n<p>Los programas en <strong>Microsoft Office 2019<\/strong>\u00a0cumplen con los m\u00e1s altos est\u00e1ndares. Con las actualizaciones regulares de Microsoft esta su software siempre al d\u00eda. Aprovecha de la constante evoluci\u00f3n de los programas de Office.<\/p>\n<p>&nbsp;<\/p>\n<p><img data-recalc-dims=\"1\" loading=\"lazy\" decoding=\"async\" class=\"aligncenter wp-image-2356 size-large\" src=\"https:\/\/i0.wp.com\/www.pcmadrid.es\/wp-content\/uploads\/2018\/05\/office-2016-licencia-original.-comprar-licencia-office-2016-digital-oem-madrid-1024x576.jpg?resize=640%2C360&#038;ssl=1\" alt=\"comprar licencia office 2019 barata\" width=\"640\" height=\"360\" \/><\/p>\n<p>&nbsp;<\/p>\n<h3 style=\"text-align: center;\"><strong>Office Profesional 2019 y Windows 10<\/strong><\/h3>\n<p>Office 2019 Professional se adapta perfectamente a Windows 10 (<a href=\"https:\/\/www.pcmadrid.es\/tienda\/producto\/microsoft-windows-10-pro-licencia-digital\/\"><span style=\"color: #00ccff;\">Licencia Windows 10 Pro<\/span><\/a>). El dise\u00f1o e interfaz de usuario son muy similares, de tal modo los programas de Office se ajustan perfectamente en Windows. Usted podr\u00e1 elegir la optimizaci\u00f3n para dispositivos de pantalla t\u00e1ctil, Si usas teclado y rat\u00f3n, el estilete o el trabajo con el dedo. Con los dispositivos m\u00f3viles y Office Professional 2019 pueden trabajar m\u00e1s flexible y en cualquier lugar. Sea productivo, tambi\u00e9n en el camino!<\/p>\n<h4 style=\"text-align: center;\"><strong>Trabaja en equipo con la licencia Office 2019 Pro<\/strong><\/h4>\n<p>Trabaja en Office Profesional 2019, junto con otros en proyectos y documentos. Con las redes en tiempo real pueden trabajar todos al mismo tiempo en un archivo, los resultados son inmediatamente visibles. Esto es posible gracias al servicio en la nube \u201cOneDrive\u201d. Aqu\u00ed se almacenan los documentos en linea y se puede acceder desde cualquier lugar. Comparte sus contenidos con colegas y amigos. Con Office Mobile Apps consiste en cualquier dispositivo acceso libre en cualquier lugar.<\/p>\n<p>Si tienes alguna duda acerca de Office para Windows puedes acudir a los <a href=\"https:\/\/support.microsoft.com\/es-es\" target=\"_blank\" rel=\"noopener noreferrer\">foros de soporte de Microsoft<\/a><\/p>\n<p>Microsoft Office Professional 2019 trae todos los programas necesarios para la oficina. Con Publisher y Access incluyen dos programas, que especialmente son interesante para el sector empresarial. Office Profesional 2019 se dirige para el uso privado, peque\u00f1as empresas y aut\u00f3nomos. Con Microsoft Office 2019 est\u00e1n bien equipado para un trabajo eficiente y r\u00e1pido.<\/p>\n<p>&nbsp;<\/p>\n<p><img data-recalc-dims=\"1\" loading=\"lazy\" decoding=\"async\" class=\"size-full wp-image-7302 aligncenter\" src=\"https:\/\/i0.wp.com\/www.pcmadrid.es\/tienda\/wp-content\/uploads\/2018\/05\/compatibilidad-office-2019.jpg?resize=736%2C324&#038;ssl=1\" alt=\"compatibilidad de office 2019 con versiones de windows\" width=\"736\" height=\"324\" srcset=\"https:\/\/i0.wp.com\/www.pcmadrid.es\/tienda\/wp-content\/uploads\/2018\/05\/compatibilidad-office-2019.jpg?w=736&amp;ssl=1 736w, https:\/\/i0.wp.com\/www.pcmadrid.es\/tienda\/wp-content\/uploads\/2018\/05\/compatibilidad-office-2019.jpg?resize=300%2C132&amp;ssl=1 300w, https:\/\/i0.wp.com\/www.pcmadrid.es\/tienda\/wp-content\/uploads\/2018\/05\/compatibilidad-office-2019.jpg?resize=600%2C264&amp;ssl=1 600w\" sizes=\"(max-width: 736px) 100vw, 736px\" \/><\/p>\n<p>&nbsp;<\/p>\n<h3 style=\"text-align: center;\"><span style=\"color: #ff9900;\">Compatible con sistemas operativos Windows 10 y Windows 11<\/span><\/h3>\n<ul>\n<li>Office 2019 Pro es compatible con Windows 10 y Windows 11 en todas sus versiones, no es compatible con versiones anteriores de Windows.<\/li>\n<li>Para usuarios de equipos Apple, existe <a href=\"https:\/\/www.pcmadrid.es\/tienda\/producto\/microsoft-office-2019-pro-1-usuario-licencia-digital\/\"><strong><strong><span style=\"color: #808080;\"><u>un Office 2019 Hogar y empresas para Mac que se puede comprar aqu\u00ed.<\/u><\/span><\/strong><\/strong><\/a><\/li>\n<\/ul>\n<p>&nbsp;<\/p>\n<p>En el siguiente enlace puedes acceder a las<a href=\"https:\/\/www.pcmadrid.es\/tutorial-instalacion-office-2019\/\"><span style=\"color: #00ccff;\"> <strong><u>instrucciones para descargar y activar tu licencia de Office 2019.<\/u><\/strong><\/span><\/a><\/p>\n<p>&nbsp;<\/p>\n<hr \/>\n<p>Si necesitas otras licencias digitales puedes visitar la Tienda Artista: <a href=\"https:\/\/www.artistapirata.com\/tienda\/\" target=\"_blank\" rel=\"noopener nofollow\">Tienda de licencias originales<\/a><\/p>\n","protected":false},"excerpt":{"rendered":"<p>Con <strong><span style=\"color: #99cc00;\">Microsoft Office Professional 2019 PRO<\/span><\/strong> para Windows podr\u00e1s disponer de una <strong>licencia de Office 2019 PRO<\/strong> permanente. Esta es una licencia de usuario \u00fanico. <span style=\"color: #ff6600;\"><strong>Ahorra<\/strong><\/span>\u00a0<span style=\"color: #808080;\"><strong>gracias a la licencia digital disponiendo de TODAS LAS FUNCIONES de la licencia en paquete f\u00edsico RETAIL<\/strong>.<\/span><\/p>\n<ul>\n<li><strong>Al realizar tu pedido,<\/strong> recibir\u00e1s tu licencia por email junto a las instrucciones de instalaci\u00f3n y enlaces oficiales de descarga.<\/li>\n<li><strong>Recibir\u00e1s tu pedido en menos de 2 horas en la mayor\u00eda de ocasiones <\/strong>(aunque a veces tu licencia podr\u00eda tardar hasta 24 horas en ser entregada en funci\u00f3n del horario en que realices tu pedido y la disponibilidad).<\/li>\n<li>Adem\u00e1s incluimos<strong> soporte gratuito para su instalaci\u00f3n<\/strong> para los clientes que tengan alg\u00fan problema con la instalaci\u00f3n o activaci\u00f3n de su programa.<\/li>\n<\/ul>\n<p>&nbsp;<\/p>\n","protected":false},"featured_media":8102,"comment_status":"open","ping_status":"closed","template":"","meta":{"_et_pb_use_builder":"","_et_pb_old_content":"","_et_gb_content_width":""},"product_brand":[],"product_cat":[95,96,477,65],"product_tag":[62,273,64,274],"class_list":{"0":"post-2354","1":"product","2":"type-product","3":"status-publish","4":"has-post-thumbnail","6":"product_cat-licencias-programas","7":"product_cat-ofertas","8":"product_cat-software-aplicaciones","9":"product_cat-todos","10":"product_tag-licencia-office-2016-permanente","11":"product_tag-licencia-office-2019-permanente","12":"product_tag-microsoft-office-2016-profesioanl-licencia-digital","13":"product_tag-microsoft-office-2019-profesional-licencia-digital","15":"first","16":"outofstock","17":"sale","18":"taxable","19":"shipping-taxable","20":"purchasable","21":"product-type-variable"},"yoast_head":"<!-- This site is optimized with the Yoast SEO plugin v27.5 - https:\/\/yoast.com\/product\/yoast-seo-wordpress\/ -->\n<title>Licencia Office 2019 Pro Plus | Windows | OFERTA<\/title>\n<meta name=\"description\" content=\"\ud83d\udcd8 Con la oferta en licencia Office 2019 PRO PLUS podr\u00e1s disponer de una licencia de Office 2019 barata y permanente\u00a0en tu ordenador Windows.\" \/>\n<meta name=\"robots\" content=\"index, follow, max-snippet:-1, max-image-preview:large, max-video-preview:-1\" \/>\n<link rel=\"canonical\" href=\"https:\/\/www.pcmadrid.es\/tienda\/producto\/microsoft-office-2019-pro-licencia-digital\/\" \/>\n<meta name=\"twitter:label1\" content=\"Tiempo de lectura\" \/>\n\t<meta name=\"twitter:data1\" content=\"4 minutos\" \/>\n<script type=\"application\/ld+json\" class=\"yoast-schema-graph\">{\"@context\":\"https:\\\/\\\/schema.org\",\"@graph\":[{\"@type\":\"WebPage\",\"@id\":\"https:\\\/\\\/www.pcmadrid.es\\\/tienda\\\/producto\\\/microsoft-office-2019-pro-licencia-digital\\\/\",\"url\":\"https:\\\/\\\/www.pcmadrid.es\\\/tienda\\\/producto\\\/microsoft-office-2019-pro-licencia-digital\\\/\",\"name\":\"Licencia Office 2019 Pro Plus | Windows | OFERTA\",\"isPartOf\":{\"@id\":\"https:\\\/\\\/www.pcmadrid.es\\\/tienda\\\/#website\"},\"primaryImageOfPage\":{\"@id\":\"https:\\\/\\\/www.pcmadrid.es\\\/tienda\\\/producto\\\/microsoft-office-2019-pro-licencia-digital\\\/#primaryimage\"},\"image\":{\"@id\":\"https:\\\/\\\/www.pcmadrid.es\\\/tienda\\\/producto\\\/microsoft-office-2019-pro-licencia-digital\\\/#primaryimage\"},\"thumbnailUrl\":\"https:\\\/\\\/i0.wp.com\\\/www.pcmadrid.es\\\/tienda\\\/wp-content\\\/uploads\\\/2019\\\/11\\\/licencia-office-2019.jpg?fit=1200%2C1200&ssl=1\",\"datePublished\":\"2019-11-15T17:21:07+00:00\",\"dateModified\":\"2026-01-22T04:40:15+00:00\",\"description\":\"\ud83d\udcd8 Con la oferta en licencia Office 2019 PRO PLUS podr\u00e1s disponer de una licencia de Office 2019 barata y permanente\u00a0en tu ordenador Windows.\",\"breadcrumb\":{\"@id\":\"https:\\\/\\\/www.pcmadrid.es\\\/tienda\\\/producto\\\/microsoft-office-2019-pro-licencia-digital\\\/#breadcrumb\"},\"inLanguage\":\"es\",\"potentialAction\":[{\"@type\":\"ReadAction\",\"target\":[\"https:\\\/\\\/www.pcmadrid.es\\\/tienda\\\/producto\\\/microsoft-office-2019-pro-licencia-digital\\\/\"]}]},{\"@type\":\"ImageObject\",\"inLanguage\":\"es\",\"@id\":\"https:\\\/\\\/www.pcmadrid.es\\\/tienda\\\/producto\\\/microsoft-office-2019-pro-licencia-digital\\\/#primaryimage\",\"url\":\"https:\\\/\\\/i0.wp.com\\\/www.pcmadrid.es\\\/tienda\\\/wp-content\\\/uploads\\\/2019\\\/11\\\/licencia-office-2019.jpg?fit=1200%2C1200&ssl=1\",\"contentUrl\":\"https:\\\/\\\/i0.wp.com\\\/www.pcmadrid.es\\\/tienda\\\/wp-content\\\/uploads\\\/2019\\\/11\\\/licencia-office-2019.jpg?fit=1200%2C1200&ssl=1\",\"width\":1200,\"height\":1200,\"caption\":\"licencia office 2019 barata\"},{\"@type\":\"BreadcrumbList\",\"@id\":\"https:\\\/\\\/www.pcmadrid.es\\\/tienda\\\/producto\\\/microsoft-office-2019-pro-licencia-digital\\\/#breadcrumb\",\"itemListElement\":[{\"@type\":\"ListItem\",\"position\":1,\"name\":\"Portada\",\"item\":\"https:\\\/\\\/www.pcmadrid.es\\\/tienda\\\/\"},{\"@type\":\"ListItem\",\"position\":2,\"name\":\"Todos los productos\",\"item\":\"https:\\\/\\\/www.pcmadrid.es\\\/tienda\\\/todos-los-productos\\\/\"},{\"@type\":\"ListItem\",\"position\":3,\"name\":\"Licencia Office 2019 Pro Plus | Windows\"}]},{\"@type\":\"WebSite\",\"@id\":\"https:\\\/\\\/www.pcmadrid.es\\\/tienda\\\/#website\",\"url\":\"https:\\\/\\\/www.pcmadrid.es\\\/tienda\\\/\",\"name\":\"Tienda PCMADRID\",\"description\":\"Venta y reparaciones de ordenadores\",\"publisher\":{\"@id\":\"https:\\\/\\\/www.pcmadrid.es\\\/tienda\\\/#organization\"},\"potentialAction\":[{\"@type\":\"SearchAction\",\"target\":{\"@type\":\"EntryPoint\",\"urlTemplate\":\"https:\\\/\\\/www.pcmadrid.es\\\/tienda\\\/?s={search_term_string}\"},\"query-input\":{\"@type\":\"PropertyValueSpecification\",\"valueRequired\":true,\"valueName\":\"search_term_string\"}}],\"inLanguage\":\"es\"},{\"@type\":\"Organization\",\"@id\":\"https:\\\/\\\/www.pcmadrid.es\\\/tienda\\\/#organization\",\"name\":\"PCMADRID\",\"url\":\"https:\\\/\\\/www.pcmadrid.es\\\/tienda\\\/\",\"logo\":{\"@type\":\"ImageObject\",\"inLanguage\":\"es\",\"@id\":\"https:\\\/\\\/www.pcmadrid.es\\\/tienda\\\/#\\\/schema\\\/logo\\\/image\\\/\",\"url\":\"https:\\\/\\\/www.pcmadrid.es\\\/tienda\\\/wp-content\\\/uploads\\\/2019\\\/10\\\/pcmadridlogo..png\",\"contentUrl\":\"https:\\\/\\\/www.pcmadrid.es\\\/tienda\\\/wp-content\\\/uploads\\\/2019\\\/10\\\/pcmadridlogo..png\",\"width\":750,\"height\":300,\"caption\":\"PCMADRID\"},\"image\":{\"@id\":\"https:\\\/\\\/www.pcmadrid.es\\\/tienda\\\/#\\\/schema\\\/logo\\\/image\\\/\"},\"sameAs\":[\"https:\\\/\\\/www.facebook.com\\\/pcmadridinformatica\",\"https:\\\/\\\/x.com\\\/pc_madrid\",\"https:\\\/\\\/www.youtube.com\\\/channel\\\/UCIbQq9k6BBrU5x2wqDIHr7A\",\"https:\\\/\\\/www.instagram.com\\\/pcmadrid_informatica\\\/?hl=es\",\"https:\\\/\\\/www.linkedin.com\\\/company\\\/9348326\\\/admin\\\/\",\"https:\\\/\\\/www.pinterest.es\\\/pcmadrid_informatica\\\/\"]}]}<\/script>\n<!-- \/ Yoast SEO plugin. -->","yoast_head_json":{"title":"Licencia Office 2019 Pro Plus | Windows | OFERTA","description":"\ud83d\udcd8 Con la oferta en licencia Office 2019 PRO PLUS podr\u00e1s disponer de una licencia de Office 2019 barata y permanente\u00a0en tu ordenador Windows.","robots":{"index":"index","follow":"follow","max-snippet":"max-snippet:-1","max-image-preview":"max-image-preview:large","max-video-preview":"max-video-preview:-1"},"canonical":"https:\/\/www.pcmadrid.es\/tienda\/producto\/microsoft-office-2019-pro-licencia-digital\/","twitter_misc":{"Tiempo de lectura":"4 minutos"},"schema":{"@context":"https:\/\/schema.org","@graph":[{"@type":"WebPage","@id":"https:\/\/www.pcmadrid.es\/tienda\/producto\/microsoft-office-2019-pro-licencia-digital\/","url":"https:\/\/www.pcmadrid.es\/tienda\/producto\/microsoft-office-2019-pro-licencia-digital\/","name":"Licencia Office 2019 Pro Plus | Windows | OFERTA","isPartOf":{"@id":"https:\/\/www.pcmadrid.es\/tienda\/#website"},"primaryImageOfPage":{"@id":"https:\/\/www.pcmadrid.es\/tienda\/producto\/microsoft-office-2019-pro-licencia-digital\/#primaryimage"},"image":{"@id":"https:\/\/www.pcmadrid.es\/tienda\/producto\/microsoft-office-2019-pro-licencia-digital\/#primaryimage"},"thumbnailUrl":"https:\/\/i0.wp.com\/www.pcmadrid.es\/tienda\/wp-content\/uploads\/2019\/11\/licencia-office-2019.jpg?fit=1200%2C1200&ssl=1","datePublished":"2019-11-15T17:21:07+00:00","dateModified":"2026-01-22T04:40:15+00:00","description":"\ud83d\udcd8 Con la oferta en licencia Office 2019 PRO PLUS podr\u00e1s disponer de una licencia de Office 2019 barata y permanente\u00a0en tu ordenador Windows.","breadcrumb":{"@id":"https:\/\/www.pcmadrid.es\/tienda\/producto\/microsoft-office-2019-pro-licencia-digital\/#breadcrumb"},"inLanguage":"es","potentialAction":[{"@type":"ReadAction","target":["https:\/\/www.pcmadrid.es\/tienda\/producto\/microsoft-office-2019-pro-licencia-digital\/"]}]},{"@type":"ImageObject","inLanguage":"es","@id":"https:\/\/www.pcmadrid.es\/tienda\/producto\/microsoft-office-2019-pro-licencia-digital\/#primaryimage","url":"https:\/\/i0.wp.com\/www.pcmadrid.es\/tienda\/wp-content\/uploads\/2019\/11\/licencia-office-2019.jpg?fit=1200%2C1200&ssl=1","contentUrl":"https:\/\/i0.wp.com\/www.pcmadrid.es\/tienda\/wp-content\/uploads\/2019\/11\/licencia-office-2019.jpg?fit=1200%2C1200&ssl=1","width":1200,"height":1200,"caption":"licencia office 2019 barata"},{"@type":"BreadcrumbList","@id":"https:\/\/www.pcmadrid.es\/tienda\/producto\/microsoft-office-2019-pro-licencia-digital\/#breadcrumb","itemListElement":[{"@type":"ListItem","position":1,"name":"Portada","item":"https:\/\/www.pcmadrid.es\/tienda\/"},{"@type":"ListItem","position":2,"name":"Todos los productos","item":"https:\/\/www.pcmadrid.es\/tienda\/todos-los-productos\/"},{"@type":"ListItem","position":3,"name":"Licencia Office 2019 Pro Plus | Windows"}]},{"@type":"WebSite","@id":"https:\/\/www.pcmadrid.es\/tienda\/#website","url":"https:\/\/www.pcmadrid.es\/tienda\/","name":"Tienda PCMADRID","description":"Venta y reparaciones de ordenadores","publisher":{"@id":"https:\/\/www.pcmadrid.es\/tienda\/#organization"},"potentialAction":[{"@type":"SearchAction","target":{"@type":"EntryPoint","urlTemplate":"https:\/\/www.pcmadrid.es\/tienda\/?s={search_term_string}"},"query-input":{"@type":"PropertyValueSpecification","valueRequired":true,"valueName":"search_term_string"}}],"inLanguage":"es"},{"@type":"Organization","@id":"https:\/\/www.pcmadrid.es\/tienda\/#organization","name":"PCMADRID","url":"https:\/\/www.pcmadrid.es\/tienda\/","logo":{"@type":"ImageObject","inLanguage":"es","@id":"https:\/\/www.pcmadrid.es\/tienda\/#\/schema\/logo\/image\/","url":"https:\/\/www.pcmadrid.es\/tienda\/wp-content\/uploads\/2019\/10\/pcmadridlogo..png","contentUrl":"https:\/\/www.pcmadrid.es\/tienda\/wp-content\/uploads\/2019\/10\/pcmadridlogo..png","width":750,"height":300,"caption":"PCMADRID"},"image":{"@id":"https:\/\/www.pcmadrid.es\/tienda\/#\/schema\/logo\/image\/"},"sameAs":["https:\/\/www.facebook.com\/pcmadridinformatica","https:\/\/x.com\/pc_madrid","https:\/\/www.youtube.com\/channel\/UCIbQq9k6BBrU5x2wqDIHr7A","https:\/\/www.instagram.com\/pcmadrid_informatica\/?hl=es","https:\/\/www.linkedin.com\/company\/9348326\/admin\/","https:\/\/www.pinterest.es\/pcmadrid_informatica\/"]}]}},"jetpack_sharing_enabled":true,"_links":{"self":[{"href":"https:\/\/www.pcmadrid.es\/tienda\/wp-json\/wp\/v2\/product\/2354","targetHints":{"allow":["GET"]}}],"collection":[{"href":"https:\/\/www.pcmadrid.es\/tienda\/wp-json\/wp\/v2\/product"}],"about":[{"href":"https:\/\/www.pcmadrid.es\/tienda\/wp-json\/wp\/v2\/types\/product"}],"replies":[{"embeddable":true,"href":"https:\/\/www.pcmadrid.es\/tienda\/wp-json\/wp\/v2\/comments?post=2354"}],"wp:featuredmedia":[{"embeddable":true,"href":"https:\/\/www.pcmadrid.es\/tienda\/wp-json\/wp\/v2\/media\/8102"}],"wp:attachment":[{"href":"https:\/\/www.pcmadrid.es\/tienda\/wp-json\/wp\/v2\/media?parent=2354"}],"wp:term":[{"taxonomy":"product_brand","embeddable":true,"href":"https:\/\/www.pcmadrid.es\/tienda\/wp-json\/wp\/v2\/product_brand?post=2354"},{"taxonomy":"product_cat","embeddable":true,"href":"https:\/\/www.pcmadrid.es\/tienda\/wp-json\/wp\/v2\/product_cat?post=2354"},{"taxonomy":"product_tag","embeddable":true,"href":"https:\/\/www.pcmadrid.es\/tienda\/wp-json\/wp\/v2\/product_tag?post=2354"}],"curies":[{"name":"wp","href":"https:\/\/api.w.org\/{rel}","templated":true}]}}