{"id":2363,"date":"2018-05-04T18:36:00","date_gmt":"2018-05-04T16:36:00","guid":{"rendered":"https:\/\/www.pcmadrid.es\/?post_type=product&#038;p=2363"},"modified":"2024-03-21T18:20:33","modified_gmt":"2024-03-21T17:20:33","slug":"windows-server-standard-2016-2019","status":"publish","type":"product","link":"https:\/\/www.pcmadrid.es\/tienda\/producto\/windows-server-standard-2016-2019\/","title":{"rendered":"Windows Server Standard &#8211; Datacenter 2016\/2019"},"content":{"rendered":"<h2 style=\"text-align: center;\"><span style=\"color: #00ccff;\">WINDOWS SERVER STANDARD Y DATACENTER 2016\/2019 en oferta<\/span><\/h2>\n<p>WINDOWS SERVER STANDARD Y DATACENTER 2016\/2019 es el sistema operativo para servidores de Microsoft. Puedes comprar una licencia para su versi\u00f3n standard de 2016 o 2019 o Datacenter 2019 en oferta.<\/p>\n<p>Windows Server Standar es una licencia perfecta para entorno f\u00edsicos o poco virtualizados.<\/p>\n<p>Sin embargo Windows Server Datacenter se usa en entornos de cloud y centros de datos con gran virtualizaci\u00f3n.<\/p>\n<p>Ambas licencias necesitan adquirir por separado licencias de usuarios CAL, Client Access Licenses seg\u00fan el n\u00famero de usuarios que se requieran.<\/p>\n<p>Tipo de software: Delivery Service Partner (DSP)<\/p>\n<p>Tipo de licencia: Windows Server Standard<\/p>\n<p>Cantidad de licencia: depende de la cantidad de CAL<\/p>\n<p>Espacio m\u00ednimo del disco duro: 32 GB<\/p>\n<p>Memoria RAM m\u00ednima: 0.5 GB<\/p>\n<p>Velocidad m\u00ednima del procesador: 1.4 GHz<\/p>\n<p>Versi\u00f3n de idioma: ESPA\u00d1OL<\/p>\n<ul>\n<li><strong>Al realizar tu pedido,<\/strong> recibir\u00e1s tu licencia por email junto a las instrucciones de instalaci\u00f3n y enlaces oficiales de descarga.<\/li>\n<li><strong>Recibir\u00e1s tu pedido en menos de 2 horas en la mayor\u00eda de ocasiones <\/strong>(aunque a veces tu licencia podr\u00eda tardar hasta 24 horas en ser entregada en funci\u00f3n del horario en que realices tu pedido y la disponibilidad).<\/li>\n<li>Adem\u00e1s incluimos<strong> soporte gratuito para su instalaci\u00f3n<\/strong> para los clientes que tengan alg\u00fan problema con la instalaci\u00f3n o activaci\u00f3n de su programa.<\/li>\n<\/ul>\n<p><img data-recalc-dims=\"1\" loading=\"lazy\" decoding=\"async\" class=\"aligncenter wp-image-7455 size-full\" src=\"https:\/\/i0.wp.com\/www.pcmadrid.es\/tienda\/wp-content\/uploads\/2018\/05\/lenovo-windows-server-standard-2019-downgrade-to-microsoft-windows-server-2016-7s05001zww.jpg?resize=800%2C800&#038;ssl=1\" alt=\"licencia windows server 2019 standard\" width=\"800\" height=\"800\" srcset=\"https:\/\/i0.wp.com\/www.pcmadrid.es\/tienda\/wp-content\/uploads\/2018\/05\/lenovo-windows-server-standard-2019-downgrade-to-microsoft-windows-server-2016-7s05001zww.jpg?w=800&amp;ssl=1 800w, https:\/\/i0.wp.com\/www.pcmadrid.es\/tienda\/wp-content\/uploads\/2018\/05\/lenovo-windows-server-standard-2019-downgrade-to-microsoft-windows-server-2016-7s05001zww.jpg?resize=300%2C300&amp;ssl=1 300w, https:\/\/i0.wp.com\/www.pcmadrid.es\/tienda\/wp-content\/uploads\/2018\/05\/lenovo-windows-server-standard-2019-downgrade-to-microsoft-windows-server-2016-7s05001zww.jpg?resize=150%2C150&amp;ssl=1 150w, https:\/\/i0.wp.com\/www.pcmadrid.es\/tienda\/wp-content\/uploads\/2018\/05\/lenovo-windows-server-standard-2019-downgrade-to-microsoft-windows-server-2016-7s05001zww.jpg?resize=768%2C768&amp;ssl=1 768w, https:\/\/i0.wp.com\/www.pcmadrid.es\/tienda\/wp-content\/uploads\/2018\/05\/lenovo-windows-server-standard-2019-downgrade-to-microsoft-windows-server-2016-7s05001zww.jpg?resize=65%2C65&amp;ssl=1 65w, https:\/\/i0.wp.com\/www.pcmadrid.es\/tienda\/wp-content\/uploads\/2018\/05\/lenovo-windows-server-standard-2019-downgrade-to-microsoft-windows-server-2016-7s05001zww.jpg?resize=600%2C600&amp;ssl=1 600w, https:\/\/i0.wp.com\/www.pcmadrid.es\/tienda\/wp-content\/uploads\/2018\/05\/lenovo-windows-server-standard-2019-downgrade-to-microsoft-windows-server-2016-7s05001zww.jpg?resize=100%2C100&amp;ssl=1 100w\" sizes=\"(max-width: 800px) 100vw, 800px\" \/><\/p>\n<h3 style=\"text-align: left;\">Caracter\u00edsticas Standard:<\/h3>\n<ul>\n<li>Funcionalidad b\u00e1sica de Windows Server<\/li>\n<li>Integraci\u00f3n h\u00edbrida<\/li>\n<li>OSE*\/contenedores Hyper-V (Permisos para 2 entornos de sistema operativo o m\u00e1quinas virtuales).<\/li>\n<li>Contenedores de Windows Server sin l\u00edmite<\/li>\n<li>Servicio de protecci\u00f3n de host<\/li>\n<li>R\u00e9plica de almacenamiento (Limitada para un solo volumen de r\u00e9plica de almacenamiento \u00fanico de hasta 2TB.<\/li>\n<\/ul>\n<hr \/>\n<h3><strong>Caracter\u00edsticas Datacencer:<\/strong><\/h3>\n<ul>\n<li>Todas las caracter\u00edsticas de Windows Server Standard.<\/li>\n<li>M\u00e1quinas virtuales blindadas<\/li>\n<li>Software-defined networking<\/li>\n<li>Almacenamiento definido por software<\/li>\n<li>Infraestructura hiperconvergente<\/li>\n<li>OSE*\/contenedores Hyper-V sin l\u00edmite<\/li>\n<\/ul>\n<p>&nbsp;<\/p>\n<hr \/>\n<h3 style=\"text-align: center;\"><span style=\"color: #3366ff;\">Prueba gratis Windows Server Standard o Datacenter 2019<\/span><\/h3>\n<p>Si quieres descargar y probar Windows Server Standard antes de comprar una clave, puedes descargar y probar gratis Windows server on-premises o en Azure <a href=\"https:\/\/www.microsoft.com\/es-ES\/windows-server\/trial\">desde Microsoft aqu\u00ed.<\/a><\/p>\n<hr \/>\n<p>&nbsp;<\/p>\n<p>Tambi\u00e9n puedes comprar Windows 10 pro: Si necesitas la \u00faltima versi\u00f3n de Windows para tus ordenadores puedes encontrar <span style=\"color: #3366ff;\"><a style=\"color: #3366ff;\" href=\"https:\/\/www.pcmadrid.es\/tienda\/producto\/microsoft-windows-10-pro-licencia-digital\/\">Windows 10 Pro barato aqu\u00ed.<\/a><\/span><\/p>\n<p>&nbsp;<\/p>\n","protected":false},"excerpt":{"rendered":"<p>Licencia de WINDOWS SERVER STANDARD &#8211; DATACENTER 2016\/2019. Esta licencia activa un sistema operativo WINDOWS SERVER STANDARD 2016\/2019 o DATACENTER 2019.<\/p>\n<ul>\n<li><strong>Al realizar tu pedido,<\/strong> recibir\u00e1s tu licencia por email junto a las instrucciones de instalaci\u00f3n y enlaces oficiales de descarga.<\/li>\n<li><strong>Recibir\u00e1s tu pedido en menos de 2 horas en la mayor\u00eda de ocasiones <\/strong>(aunque a veces tu licencia podr\u00eda tardar hasta 24 horas en ser entregada en funci\u00f3n del horario en que realices tu pedido y la disponibilidad).<\/li>\n<li>Adem\u00e1s incluimos<strong> soporte gratuito para su instalaci\u00f3n<\/strong> para los clientes que tengan alg\u00fan problema con la instalaci\u00f3n o activaci\u00f3n de su programa.<\/li>\n<\/ul>\n<p>&nbsp;<\/p>\n","protected":false},"featured_media":7456,"comment_status":"open","ping_status":"closed","template":"","meta":{"_et_pb_use_builder":"","_et_pb_old_content":"","_et_gb_content_width":""},"product_brand":[],"product_cat":[95,478,65],"product_tag":[66,67],"class_list":{"0":"post-2363","1":"product","2":"type-product","3":"status-publish","4":"has-post-thumbnail","6":"product_cat-licencias-programas","7":"product_cat-sistemas-operativos","8":"product_cat-todos","9":"product_tag-oferta-windows-server-2012-sp1","10":"product_tag-windows-server-2012-sp1-1-usuario","12":"first","13":"instock","14":"sale","15":"taxable","16":"shipping-taxable","17":"purchasable","18":"product-type-variable"},"yoast_head":"<!-- This site is optimized with the Yoast SEO plugin v26.5 - https:\/\/yoast.com\/wordpress\/plugins\/seo\/ -->\n<title>Windows Server Standard - Datacenter 2016\/2019<\/title>\n<meta name=\"description\" content=\"WINDOWS SERVER STANDARD Y DATACENTER 2016\/2019: licencia de Windows server 2019 al mejor precio en PCMADRID. Licencia digital.\" \/>\n<meta name=\"robots\" content=\"index, follow, max-snippet:-1, max-image-preview:large, max-video-preview:-1\" \/>\n<link rel=\"canonical\" href=\"https:\/\/www.pcmadrid.es\/tienda\/producto\/windows-server-standard-2016-2019\/\" \/>\n<meta name=\"twitter:label1\" content=\"Tiempo de lectura\" \/>\n\t<meta name=\"twitter:data1\" content=\"2 minutos\" \/>\n<script type=\"application\/ld+json\" class=\"yoast-schema-graph\">{\"@context\":\"https:\/\/schema.org\",\"@graph\":[{\"@type\":\"WebPage\",\"@id\":\"https:\/\/www.pcmadrid.es\/tienda\/producto\/windows-server-standard-2016-2019\/\",\"url\":\"https:\/\/www.pcmadrid.es\/tienda\/producto\/windows-server-standard-2016-2019\/\",\"name\":\"Windows Server Standard - Datacenter 2016\/2019\",\"isPartOf\":{\"@id\":\"https:\/\/www.pcmadrid.es\/tienda\/#website\"},\"primaryImageOfPage\":{\"@id\":\"https:\/\/www.pcmadrid.es\/tienda\/producto\/windows-server-standard-2016-2019\/#primaryimage\"},\"image\":{\"@id\":\"https:\/\/www.pcmadrid.es\/tienda\/producto\/windows-server-standard-2016-2019\/#primaryimage\"},\"thumbnailUrl\":\"https:\/\/i0.wp.com\/www.pcmadrid.es\/tienda\/wp-content\/uploads\/2018\/05\/windows-server-standard.jpg?fit=1200%2C1200&ssl=1\",\"datePublished\":\"2018-05-04T16:36:00+00:00\",\"dateModified\":\"2024-03-21T17:20:33+00:00\",\"description\":\"WINDOWS SERVER STANDARD Y DATACENTER 2016\/2019: licencia de Windows server 2019 al mejor precio en PCMADRID. Licencia digital.\",\"breadcrumb\":{\"@id\":\"https:\/\/www.pcmadrid.es\/tienda\/producto\/windows-server-standard-2016-2019\/#breadcrumb\"},\"inLanguage\":\"es\",\"potentialAction\":[{\"@type\":\"ReadAction\",\"target\":[\"https:\/\/www.pcmadrid.es\/tienda\/producto\/windows-server-standard-2016-2019\/\"]}]},{\"@type\":\"ImageObject\",\"inLanguage\":\"es\",\"@id\":\"https:\/\/www.pcmadrid.es\/tienda\/producto\/windows-server-standard-2016-2019\/#primaryimage\",\"url\":\"https:\/\/i0.wp.com\/www.pcmadrid.es\/tienda\/wp-content\/uploads\/2018\/05\/windows-server-standard.jpg?fit=1200%2C1200&ssl=1\",\"contentUrl\":\"https:\/\/i0.wp.com\/www.pcmadrid.es\/tienda\/wp-content\/uploads\/2018\/05\/windows-server-standard.jpg?fit=1200%2C1200&ssl=1\",\"width\":1200,\"height\":1200},{\"@type\":\"BreadcrumbList\",\"@id\":\"https:\/\/www.pcmadrid.es\/tienda\/producto\/windows-server-standard-2016-2019\/#breadcrumb\",\"itemListElement\":[{\"@type\":\"ListItem\",\"position\":1,\"name\":\"Portada\",\"item\":\"https:\/\/www.pcmadrid.es\/tienda\/\"},{\"@type\":\"ListItem\",\"position\":2,\"name\":\"Todos los productos\",\"item\":\"https:\/\/www.pcmadrid.es\/tienda\/todos-los-productos\/\"},{\"@type\":\"ListItem\",\"position\":3,\"name\":\"Windows Server Standard &#8211; Datacenter 2016\/2019\"}]},{\"@type\":\"WebSite\",\"@id\":\"https:\/\/www.pcmadrid.es\/tienda\/#website\",\"url\":\"https:\/\/www.pcmadrid.es\/tienda\/\",\"name\":\"Tienda PCMADRID\",\"description\":\"Venta y reparaciones de ordenadores\",\"publisher\":{\"@id\":\"https:\/\/www.pcmadrid.es\/tienda\/#organization\"},\"potentialAction\":[{\"@type\":\"SearchAction\",\"target\":{\"@type\":\"EntryPoint\",\"urlTemplate\":\"https:\/\/www.pcmadrid.es\/tienda\/?s={search_term_string}\"},\"query-input\":{\"@type\":\"PropertyValueSpecification\",\"valueRequired\":true,\"valueName\":\"search_term_string\"}}],\"inLanguage\":\"es\"},{\"@type\":\"Organization\",\"@id\":\"https:\/\/www.pcmadrid.es\/tienda\/#organization\",\"name\":\"PCMADRID\",\"url\":\"https:\/\/www.pcmadrid.es\/tienda\/\",\"logo\":{\"@type\":\"ImageObject\",\"inLanguage\":\"es\",\"@id\":\"https:\/\/www.pcmadrid.es\/tienda\/#\/schema\/logo\/image\/\",\"url\":\"https:\/\/i0.wp.com\/www.pcmadrid.es\/tienda\/wp-content\/uploads\/2019\/10\/pcmadridlogo..png?fit=750%2C300&ssl=1\",\"contentUrl\":\"https:\/\/i0.wp.com\/www.pcmadrid.es\/tienda\/wp-content\/uploads\/2019\/10\/pcmadridlogo..png?fit=750%2C300&ssl=1\",\"width\":750,\"height\":300,\"caption\":\"PCMADRID\"},\"image\":{\"@id\":\"https:\/\/www.pcmadrid.es\/tienda\/#\/schema\/logo\/image\/\"},\"sameAs\":[\"https:\/\/www.facebook.com\/pcmadridinformatica\",\"https:\/\/x.com\/pc_madrid\",\"https:\/\/www.youtube.com\/channel\/UCIbQq9k6BBrU5x2wqDIHr7A\",\"https:\/\/www.instagram.com\/pcmadrid_informatica\/?hl=es\",\"https:\/\/www.linkedin.com\/company\/9348326\/admin\/\",\"https:\/\/www.pinterest.es\/pcmadrid_informatica\/\"]}]}<\/script>\n<!-- \/ Yoast SEO plugin. -->","yoast_head_json":{"title":"Windows Server Standard - Datacenter 2016\/2019","description":"WINDOWS SERVER STANDARD Y DATACENTER 2016\/2019: licencia de Windows server 2019 al mejor precio en PCMADRID. Licencia digital.","robots":{"index":"index","follow":"follow","max-snippet":"max-snippet:-1","max-image-preview":"max-image-preview:large","max-video-preview":"max-video-preview:-1"},"canonical":"https:\/\/www.pcmadrid.es\/tienda\/producto\/windows-server-standard-2016-2019\/","twitter_misc":{"Tiempo de lectura":"2 minutos"},"schema":{"@context":"https:\/\/schema.org","@graph":[{"@type":"WebPage","@id":"https:\/\/www.pcmadrid.es\/tienda\/producto\/windows-server-standard-2016-2019\/","url":"https:\/\/www.pcmadrid.es\/tienda\/producto\/windows-server-standard-2016-2019\/","name":"Windows Server Standard - Datacenter 2016\/2019","isPartOf":{"@id":"https:\/\/www.pcmadrid.es\/tienda\/#website"},"primaryImageOfPage":{"@id":"https:\/\/www.pcmadrid.es\/tienda\/producto\/windows-server-standard-2016-2019\/#primaryimage"},"image":{"@id":"https:\/\/www.pcmadrid.es\/tienda\/producto\/windows-server-standard-2016-2019\/#primaryimage"},"thumbnailUrl":"https:\/\/i0.wp.com\/www.pcmadrid.es\/tienda\/wp-content\/uploads\/2018\/05\/windows-server-standard.jpg?fit=1200%2C1200&ssl=1","datePublished":"2018-05-04T16:36:00+00:00","dateModified":"2024-03-21T17:20:33+00:00","description":"WINDOWS SERVER STANDARD Y DATACENTER 2016\/2019: licencia de Windows server 2019 al mejor precio en PCMADRID. Licencia digital.","breadcrumb":{"@id":"https:\/\/www.pcmadrid.es\/tienda\/producto\/windows-server-standard-2016-2019\/#breadcrumb"},"inLanguage":"es","potentialAction":[{"@type":"ReadAction","target":["https:\/\/www.pcmadrid.es\/tienda\/producto\/windows-server-standard-2016-2019\/"]}]},{"@type":"ImageObject","inLanguage":"es","@id":"https:\/\/www.pcmadrid.es\/tienda\/producto\/windows-server-standard-2016-2019\/#primaryimage","url":"https:\/\/i0.wp.com\/www.pcmadrid.es\/tienda\/wp-content\/uploads\/2018\/05\/windows-server-standard.jpg?fit=1200%2C1200&ssl=1","contentUrl":"https:\/\/i0.wp.com\/www.pcmadrid.es\/tienda\/wp-content\/uploads\/2018\/05\/windows-server-standard.jpg?fit=1200%2C1200&ssl=1","width":1200,"height":1200},{"@type":"BreadcrumbList","@id":"https:\/\/www.pcmadrid.es\/tienda\/producto\/windows-server-standard-2016-2019\/#breadcrumb","itemListElement":[{"@type":"ListItem","position":1,"name":"Portada","item":"https:\/\/www.pcmadrid.es\/tienda\/"},{"@type":"ListItem","position":2,"name":"Todos los productos","item":"https:\/\/www.pcmadrid.es\/tienda\/todos-los-productos\/"},{"@type":"ListItem","position":3,"name":"Windows Server Standard &#8211; Datacenter 2016\/2019"}]},{"@type":"WebSite","@id":"https:\/\/www.pcmadrid.es\/tienda\/#website","url":"https:\/\/www.pcmadrid.es\/tienda\/","name":"Tienda PCMADRID","description":"Venta y reparaciones de ordenadores","publisher":{"@id":"https:\/\/www.pcmadrid.es\/tienda\/#organization"},"potentialAction":[{"@type":"SearchAction","target":{"@type":"EntryPoint","urlTemplate":"https:\/\/www.pcmadrid.es\/tienda\/?s={search_term_string}"},"query-input":{"@type":"PropertyValueSpecification","valueRequired":true,"valueName":"search_term_string"}}],"inLanguage":"es"},{"@type":"Organization","@id":"https:\/\/www.pcmadrid.es\/tienda\/#organization","name":"PCMADRID","url":"https:\/\/www.pcmadrid.es\/tienda\/","logo":{"@type":"ImageObject","inLanguage":"es","@id":"https:\/\/www.pcmadrid.es\/tienda\/#\/schema\/logo\/image\/","url":"https:\/\/i0.wp.com\/www.pcmadrid.es\/tienda\/wp-content\/uploads\/2019\/10\/pcmadridlogo..png?fit=750%2C300&ssl=1","contentUrl":"https:\/\/i0.wp.com\/www.pcmadrid.es\/tienda\/wp-content\/uploads\/2019\/10\/pcmadridlogo..png?fit=750%2C300&ssl=1","width":750,"height":300,"caption":"PCMADRID"},"image":{"@id":"https:\/\/www.pcmadrid.es\/tienda\/#\/schema\/logo\/image\/"},"sameAs":["https:\/\/www.facebook.com\/pcmadridinformatica","https:\/\/x.com\/pc_madrid","https:\/\/www.youtube.com\/channel\/UCIbQq9k6BBrU5x2wqDIHr7A","https:\/\/www.instagram.com\/pcmadrid_informatica\/?hl=es","https:\/\/www.linkedin.com\/company\/9348326\/admin\/","https:\/\/www.pinterest.es\/pcmadrid_informatica\/"]}]}},"jetpack_sharing_enabled":true,"_links":{"self":[{"href":"https:\/\/www.pcmadrid.es\/tienda\/wp-json\/wp\/v2\/product\/2363","targetHints":{"allow":["GET"]}}],"collection":[{"href":"https:\/\/www.pcmadrid.es\/tienda\/wp-json\/wp\/v2\/product"}],"about":[{"href":"https:\/\/www.pcmadrid.es\/tienda\/wp-json\/wp\/v2\/types\/product"}],"replies":[{"embeddable":true,"href":"https:\/\/www.pcmadrid.es\/tienda\/wp-json\/wp\/v2\/comments?post=2363"}],"wp:featuredmedia":[{"embeddable":true,"href":"https:\/\/www.pcmadrid.es\/tienda\/wp-json\/wp\/v2\/media\/7456"}],"wp:attachment":[{"href":"https:\/\/www.pcmadrid.es\/tienda\/wp-json\/wp\/v2\/media?parent=2363"}],"wp:term":[{"taxonomy":"product_brand","embeddable":true,"href":"https:\/\/www.pcmadrid.es\/tienda\/wp-json\/wp\/v2\/product_brand?post=2363"},{"taxonomy":"product_cat","embeddable":true,"href":"https:\/\/www.pcmadrid.es\/tienda\/wp-json\/wp\/v2\/product_cat?post=2363"},{"taxonomy":"product_tag","embeddable":true,"href":"https:\/\/www.pcmadrid.es\/tienda\/wp-json\/wp\/v2\/product_tag?post=2363"}],"curies":[{"name":"wp","href":"https:\/\/api.w.org\/{rel}","templated":true}]}}