{"id":3742,"date":"2019-03-27T13:39:57","date_gmt":"2019-03-27T11:39:57","guid":{"rendered":"https:\/\/www.pcmadrid.es\/?post_type=product&#038;p=3742"},"modified":"2024-10-30T20:27:21","modified_gmt":"2024-10-30T19:27:21","slug":"pcm-basic-2020-ssd-240-8gb-ram","status":"publish","type":"product","link":"https:\/\/www.pcmadrid.es\/tienda\/producto\/pcm-basic-2020-ssd-240-8gb-ram\/","title":{"rendered":"PCM Basic 2024 &#8211; SSD 240 &#8211; 8GB RAM WINDOWS 11 Pro"},"content":{"rendered":"<p>Sin duda, una buena forma de comenzar en el mundo inform\u00e1tico de sobremesa, es el PCM Basic 2024, un ordenador de sobremesa con Disco S\u00f3lido de 240GB, algo que no encontraremos en ning\u00fan ordenador de marca por menos de 500\u20ac.<\/p>\n<p>Gracias a su SSD de 240GB, podremos iniciar Windows 11 PRO en tan solo 10 segundos, contaremos adem\u00e1s con 8GB de memoria RAM DDR4 ampliables hasta 16GB para aguantar las tareas ofim\u00e1ticas, multimedia y edici\u00f3n de fotos.<\/p>\n<p>Cuenta con adem\u00e1s con teclado, rat\u00f3n y altavoces incluidos en el Pack, permitiendo disponer de un equipo completo compatible con nuestro televisor o monitor.<\/p>\n<p>No faltan las salidas VGA D-SUB y HDMI, compatibilidad con FullHD y decodificaci\u00f3n HEVC de 10Bits.<\/p>\n<p>No faltan los puertos USB 3.1 Gen1, contaremos con 3 puertos traseros, adem\u00e1s de 1 x USB 2.0 trasero y 2 x Frontales, respaldados por un lector de tarjetas SD ubicado estrat\u00e9gicamente en el frontal.<\/p>\n<h4><a href=\"https:\/\/www.pcmadrid.es\/ordenador-de-sobremesa-pcm-basic-2019\"><span style=\"color: #99cc00;\"><strong>VER LA REVIEW COMPLETA EN NUESTRO BLOG<\/strong><\/span><\/a><\/h4>\n<p>&nbsp;<\/p>\n","protected":false},"excerpt":{"rendered":"<p>Sin duda, una buena forma de comenzar en el mundo inform\u00e1tico de sobremesa, es el PCM Basic 2024, un ordenador de sobremesa con Disco S\u00f3lido de 240GB, algo que no encontraremos en ning\u00fan ordenador de marca por menos de 500\u20ac.<\/p>\n","protected":false},"featured_media":10756,"comment_status":"open","ping_status":"closed","template":"","meta":{"_et_pb_use_builder":"","_et_pb_old_content":"","_et_gb_content_width":""},"product_brand":[],"product_cat":[96,102,382,94,65],"product_tag":[],"class_list":{"0":"post-3742","1":"product","2":"type-product","3":"status-publish","4":"has-post-thumbnail","6":"product_cat-ofertas","7":"product_cat-comprar-ordenadores","8":"product_cat-pc-hogar","9":"product_cat-pc-sobremesa","10":"product_cat-todos","12":"first","13":"instock","14":"taxable","15":"shipping-taxable","16":"purchasable","17":"product-type-variable","18":"has-default-attributes"},"yoast_head":"<!-- This site is optimized with the Yoast SEO plugin v27.5 - https:\/\/yoast.com\/product\/yoast-seo-wordpress\/ -->\n<title>PCM Basic 2024 - SSD 240 - 8GB RAM WINDOWS 11 Pro | Tienda PCMADRID<\/title>\n<meta name=\"description\" content=\"Ordenador de sobremesa desde 289,90\u20ac, SSD 240 incluido en todas las gamas, 8GB RAM, Windows 11 PRO. USB 3.1 y lector de tarjetas SD.\" \/>\n<meta name=\"robots\" content=\"index, follow, max-snippet:-1, max-image-preview:large, max-video-preview:-1\" \/>\n<link rel=\"canonical\" href=\"https:\/\/www.pcmadrid.es\/tienda\/producto\/pcm-basic-2020-ssd-240-8gb-ram\/\" \/>\n<meta name=\"twitter:label1\" content=\"Tiempo de lectura\" \/>\n\t<meta name=\"twitter:data1\" content=\"1 minuto\" \/>\n<script type=\"application\/ld+json\" class=\"yoast-schema-graph\">{\"@context\":\"https:\\\/\\\/schema.org\",\"@graph\":[{\"@type\":\"WebPage\",\"@id\":\"https:\\\/\\\/www.pcmadrid.es\\\/tienda\\\/producto\\\/pcm-basic-2020-ssd-240-8gb-ram\\\/\",\"url\":\"https:\\\/\\\/www.pcmadrid.es\\\/tienda\\\/producto\\\/pcm-basic-2020-ssd-240-8gb-ram\\\/\",\"name\":\"PCM Basic 2024 - SSD 240 - 8GB RAM WINDOWS 11 Pro | Tienda PCMADRID\",\"isPartOf\":{\"@id\":\"https:\\\/\\\/www.pcmadrid.es\\\/tienda\\\/#website\"},\"primaryImageOfPage\":{\"@id\":\"https:\\\/\\\/www.pcmadrid.es\\\/tienda\\\/producto\\\/pcm-basic-2020-ssd-240-8gb-ram\\\/#primaryimage\"},\"image\":{\"@id\":\"https:\\\/\\\/www.pcmadrid.es\\\/tienda\\\/producto\\\/pcm-basic-2020-ssd-240-8gb-ram\\\/#primaryimage\"},\"thumbnailUrl\":\"https:\\\/\\\/i0.wp.com\\\/www.pcmadrid.es\\\/tienda\\\/wp-content\\\/uploads\\\/2019\\\/03\\\/pcm-basichome.jpg?fit=600%2C600&ssl=1\",\"datePublished\":\"2019-03-27T11:39:57+00:00\",\"dateModified\":\"2024-10-30T19:27:21+00:00\",\"description\":\"Ordenador de sobremesa desde 289,90\u20ac, SSD 240 incluido en todas las gamas, 8GB RAM, Windows 11 PRO. USB 3.1 y lector de tarjetas SD.\",\"breadcrumb\":{\"@id\":\"https:\\\/\\\/www.pcmadrid.es\\\/tienda\\\/producto\\\/pcm-basic-2020-ssd-240-8gb-ram\\\/#breadcrumb\"},\"inLanguage\":\"es\",\"potentialAction\":[{\"@type\":\"ReadAction\",\"target\":[\"https:\\\/\\\/www.pcmadrid.es\\\/tienda\\\/producto\\\/pcm-basic-2020-ssd-240-8gb-ram\\\/\"]}]},{\"@type\":\"ImageObject\",\"inLanguage\":\"es\",\"@id\":\"https:\\\/\\\/www.pcmadrid.es\\\/tienda\\\/producto\\\/pcm-basic-2020-ssd-240-8gb-ram\\\/#primaryimage\",\"url\":\"https:\\\/\\\/i0.wp.com\\\/www.pcmadrid.es\\\/tienda\\\/wp-content\\\/uploads\\\/2019\\\/03\\\/pcm-basichome.jpg?fit=600%2C600&ssl=1\",\"contentUrl\":\"https:\\\/\\\/i0.wp.com\\\/www.pcmadrid.es\\\/tienda\\\/wp-content\\\/uploads\\\/2019\\\/03\\\/pcm-basichome.jpg?fit=600%2C600&ssl=1\",\"width\":600,\"height\":600},{\"@type\":\"BreadcrumbList\",\"@id\":\"https:\\\/\\\/www.pcmadrid.es\\\/tienda\\\/producto\\\/pcm-basic-2020-ssd-240-8gb-ram\\\/#breadcrumb\",\"itemListElement\":[{\"@type\":\"ListItem\",\"position\":1,\"name\":\"Portada\",\"item\":\"https:\\\/\\\/www.pcmadrid.es\\\/tienda\\\/\"},{\"@type\":\"ListItem\",\"position\":2,\"name\":\"Todos los productos\",\"item\":\"https:\\\/\\\/www.pcmadrid.es\\\/tienda\\\/todos-los-productos\\\/\"},{\"@type\":\"ListItem\",\"position\":3,\"name\":\"PCM Basic 2024 &#8211; SSD 240 &#8211; 8GB RAM WINDOWS 11 Pro\"}]},{\"@type\":\"WebSite\",\"@id\":\"https:\\\/\\\/www.pcmadrid.es\\\/tienda\\\/#website\",\"url\":\"https:\\\/\\\/www.pcmadrid.es\\\/tienda\\\/\",\"name\":\"Tienda PCMADRID\",\"description\":\"Venta y reparaciones de ordenadores\",\"publisher\":{\"@id\":\"https:\\\/\\\/www.pcmadrid.es\\\/tienda\\\/#organization\"},\"potentialAction\":[{\"@type\":\"SearchAction\",\"target\":{\"@type\":\"EntryPoint\",\"urlTemplate\":\"https:\\\/\\\/www.pcmadrid.es\\\/tienda\\\/?s={search_term_string}\"},\"query-input\":{\"@type\":\"PropertyValueSpecification\",\"valueRequired\":true,\"valueName\":\"search_term_string\"}}],\"inLanguage\":\"es\"},{\"@type\":\"Organization\",\"@id\":\"https:\\\/\\\/www.pcmadrid.es\\\/tienda\\\/#organization\",\"name\":\"PCMADRID\",\"url\":\"https:\\\/\\\/www.pcmadrid.es\\\/tienda\\\/\",\"logo\":{\"@type\":\"ImageObject\",\"inLanguage\":\"es\",\"@id\":\"https:\\\/\\\/www.pcmadrid.es\\\/tienda\\\/#\\\/schema\\\/logo\\\/image\\\/\",\"url\":\"https:\\\/\\\/www.pcmadrid.es\\\/tienda\\\/wp-content\\\/uploads\\\/2019\\\/10\\\/pcmadridlogo..png\",\"contentUrl\":\"https:\\\/\\\/www.pcmadrid.es\\\/tienda\\\/wp-content\\\/uploads\\\/2019\\\/10\\\/pcmadridlogo..png\",\"width\":750,\"height\":300,\"caption\":\"PCMADRID\"},\"image\":{\"@id\":\"https:\\\/\\\/www.pcmadrid.es\\\/tienda\\\/#\\\/schema\\\/logo\\\/image\\\/\"},\"sameAs\":[\"https:\\\/\\\/www.facebook.com\\\/pcmadridinformatica\",\"https:\\\/\\\/x.com\\\/pc_madrid\",\"https:\\\/\\\/www.youtube.com\\\/channel\\\/UCIbQq9k6BBrU5x2wqDIHr7A\",\"https:\\\/\\\/www.instagram.com\\\/pcmadrid_informatica\\\/?hl=es\",\"https:\\\/\\\/www.linkedin.com\\\/company\\\/9348326\\\/admin\\\/\",\"https:\\\/\\\/www.pinterest.es\\\/pcmadrid_informatica\\\/\"]}]}<\/script>\n<!-- \/ Yoast SEO plugin. -->","yoast_head_json":{"title":"PCM Basic 2024 - SSD 240 - 8GB RAM WINDOWS 11 Pro | Tienda PCMADRID","description":"Ordenador de sobremesa desde 289,90\u20ac, SSD 240 incluido en todas las gamas, 8GB RAM, Windows 11 PRO. USB 3.1 y lector de tarjetas SD.","robots":{"index":"index","follow":"follow","max-snippet":"max-snippet:-1","max-image-preview":"max-image-preview:large","max-video-preview":"max-video-preview:-1"},"canonical":"https:\/\/www.pcmadrid.es\/tienda\/producto\/pcm-basic-2020-ssd-240-8gb-ram\/","twitter_misc":{"Tiempo de lectura":"1 minuto"},"schema":{"@context":"https:\/\/schema.org","@graph":[{"@type":"WebPage","@id":"https:\/\/www.pcmadrid.es\/tienda\/producto\/pcm-basic-2020-ssd-240-8gb-ram\/","url":"https:\/\/www.pcmadrid.es\/tienda\/producto\/pcm-basic-2020-ssd-240-8gb-ram\/","name":"PCM Basic 2024 - SSD 240 - 8GB RAM WINDOWS 11 Pro | Tienda PCMADRID","isPartOf":{"@id":"https:\/\/www.pcmadrid.es\/tienda\/#website"},"primaryImageOfPage":{"@id":"https:\/\/www.pcmadrid.es\/tienda\/producto\/pcm-basic-2020-ssd-240-8gb-ram\/#primaryimage"},"image":{"@id":"https:\/\/www.pcmadrid.es\/tienda\/producto\/pcm-basic-2020-ssd-240-8gb-ram\/#primaryimage"},"thumbnailUrl":"https:\/\/i0.wp.com\/www.pcmadrid.es\/tienda\/wp-content\/uploads\/2019\/03\/pcm-basichome.jpg?fit=600%2C600&ssl=1","datePublished":"2019-03-27T11:39:57+00:00","dateModified":"2024-10-30T19:27:21+00:00","description":"Ordenador de sobremesa desde 289,90\u20ac, SSD 240 incluido en todas las gamas, 8GB RAM, Windows 11 PRO. USB 3.1 y lector de tarjetas SD.","breadcrumb":{"@id":"https:\/\/www.pcmadrid.es\/tienda\/producto\/pcm-basic-2020-ssd-240-8gb-ram\/#breadcrumb"},"inLanguage":"es","potentialAction":[{"@type":"ReadAction","target":["https:\/\/www.pcmadrid.es\/tienda\/producto\/pcm-basic-2020-ssd-240-8gb-ram\/"]}]},{"@type":"ImageObject","inLanguage":"es","@id":"https:\/\/www.pcmadrid.es\/tienda\/producto\/pcm-basic-2020-ssd-240-8gb-ram\/#primaryimage","url":"https:\/\/i0.wp.com\/www.pcmadrid.es\/tienda\/wp-content\/uploads\/2019\/03\/pcm-basichome.jpg?fit=600%2C600&ssl=1","contentUrl":"https:\/\/i0.wp.com\/www.pcmadrid.es\/tienda\/wp-content\/uploads\/2019\/03\/pcm-basichome.jpg?fit=600%2C600&ssl=1","width":600,"height":600},{"@type":"BreadcrumbList","@id":"https:\/\/www.pcmadrid.es\/tienda\/producto\/pcm-basic-2020-ssd-240-8gb-ram\/#breadcrumb","itemListElement":[{"@type":"ListItem","position":1,"name":"Portada","item":"https:\/\/www.pcmadrid.es\/tienda\/"},{"@type":"ListItem","position":2,"name":"Todos los productos","item":"https:\/\/www.pcmadrid.es\/tienda\/todos-los-productos\/"},{"@type":"ListItem","position":3,"name":"PCM Basic 2024 &#8211; SSD 240 &#8211; 8GB RAM WINDOWS 11 Pro"}]},{"@type":"WebSite","@id":"https:\/\/www.pcmadrid.es\/tienda\/#website","url":"https:\/\/www.pcmadrid.es\/tienda\/","name":"Tienda PCMADRID","description":"Venta y reparaciones de ordenadores","publisher":{"@id":"https:\/\/www.pcmadrid.es\/tienda\/#organization"},"potentialAction":[{"@type":"SearchAction","target":{"@type":"EntryPoint","urlTemplate":"https:\/\/www.pcmadrid.es\/tienda\/?s={search_term_string}"},"query-input":{"@type":"PropertyValueSpecification","valueRequired":true,"valueName":"search_term_string"}}],"inLanguage":"es"},{"@type":"Organization","@id":"https:\/\/www.pcmadrid.es\/tienda\/#organization","name":"PCMADRID","url":"https:\/\/www.pcmadrid.es\/tienda\/","logo":{"@type":"ImageObject","inLanguage":"es","@id":"https:\/\/www.pcmadrid.es\/tienda\/#\/schema\/logo\/image\/","url":"https:\/\/www.pcmadrid.es\/tienda\/wp-content\/uploads\/2019\/10\/pcmadridlogo..png","contentUrl":"https:\/\/www.pcmadrid.es\/tienda\/wp-content\/uploads\/2019\/10\/pcmadridlogo..png","width":750,"height":300,"caption":"PCMADRID"},"image":{"@id":"https:\/\/www.pcmadrid.es\/tienda\/#\/schema\/logo\/image\/"},"sameAs":["https:\/\/www.facebook.com\/pcmadridinformatica","https:\/\/x.com\/pc_madrid","https:\/\/www.youtube.com\/channel\/UCIbQq9k6BBrU5x2wqDIHr7A","https:\/\/www.instagram.com\/pcmadrid_informatica\/?hl=es","https:\/\/www.linkedin.com\/company\/9348326\/admin\/","https:\/\/www.pinterest.es\/pcmadrid_informatica\/"]}]}},"jetpack_sharing_enabled":true,"_links":{"self":[{"href":"https:\/\/www.pcmadrid.es\/tienda\/wp-json\/wp\/v2\/product\/3742","targetHints":{"allow":["GET"]}}],"collection":[{"href":"https:\/\/www.pcmadrid.es\/tienda\/wp-json\/wp\/v2\/product"}],"about":[{"href":"https:\/\/www.pcmadrid.es\/tienda\/wp-json\/wp\/v2\/types\/product"}],"replies":[{"embeddable":true,"href":"https:\/\/www.pcmadrid.es\/tienda\/wp-json\/wp\/v2\/comments?post=3742"}],"wp:featuredmedia":[{"embeddable":true,"href":"https:\/\/www.pcmadrid.es\/tienda\/wp-json\/wp\/v2\/media\/10756"}],"wp:attachment":[{"href":"https:\/\/www.pcmadrid.es\/tienda\/wp-json\/wp\/v2\/media?parent=3742"}],"wp:term":[{"taxonomy":"product_brand","embeddable":true,"href":"https:\/\/www.pcmadrid.es\/tienda\/wp-json\/wp\/v2\/product_brand?post=3742"},{"taxonomy":"product_cat","embeddable":true,"href":"https:\/\/www.pcmadrid.es\/tienda\/wp-json\/wp\/v2\/product_cat?post=3742"},{"taxonomy":"product_tag","embeddable":true,"href":"https:\/\/www.pcmadrid.es\/tienda\/wp-json\/wp\/v2\/product_tag?post=3742"}],"curies":[{"name":"wp","href":"https:\/\/api.w.org\/{rel}","templated":true}]}}