{"id":5623,"date":"2019-06-19T02:53:44","date_gmt":"2019-06-19T00:53:44","guid":{"rendered":"https:\/\/www.pcmadrid.es\/?post_type=product&#038;p=5623"},"modified":"2024-03-21T18:20:52","modified_gmt":"2024-03-21T17:20:52","slug":"xiaomi-redmi-10-128","status":"publish","type":"product","link":"https:\/\/www.pcmadrid.es\/tienda\/producto\/xiaomi-redmi-10-128\/","title":{"rendered":"Xiaomi Redmi 10 2022 NFC 4GB\/ 128GB"},"content":{"rendered":"<div class=\"section section-intro black is-visible preload\">\n<div class=\"container common-container\">\n<div class=\"context\">\n<h2 style=\"text-align: left;\">Smartphone Xiaomi Redmi 10 2022 NFC 4GB\/ 128GB\/ 6.5&#8243;\/ Gris Carb\u00f3n<\/h2>\n<div class=\"main-content\">\n<div id=\"productDetail\" class=\"margin-top border-box\"><\/div>\n<\/div>\n<div class=\"main-content\">\n<div><\/div>\n<div><\/div>\n<\/div>\n<div><img data-recalc-dims=\"1\" loading=\"lazy\" decoding=\"async\" class=\"wp-image-10512 size-full aligncenter\" src=\"https:\/\/i0.wp.com\/www.pcmadrid.es\/tienda\/wp-content\/uploads\/2019\/06\/art_xia-sp-redmi-10-22-4-128-gy_1.webp?resize=448%2C448&#038;ssl=1\" alt=\"xiaomi redmi 10 2022 gris oferta\" width=\"448\" height=\"448\" srcset=\"https:\/\/i0.wp.com\/www.pcmadrid.es\/tienda\/wp-content\/uploads\/2019\/06\/art_xia-sp-redmi-10-22-4-128-gy_1.webp?w=448&amp;ssl=1 448w, https:\/\/i0.wp.com\/www.pcmadrid.es\/tienda\/wp-content\/uploads\/2019\/06\/art_xia-sp-redmi-10-22-4-128-gy_1.webp?resize=300%2C300&amp;ssl=1 300w, https:\/\/i0.wp.com\/www.pcmadrid.es\/tienda\/wp-content\/uploads\/2019\/06\/art_xia-sp-redmi-10-22-4-128-gy_1.webp?resize=150%2C150&amp;ssl=1 150w, https:\/\/i0.wp.com\/www.pcmadrid.es\/tienda\/wp-content\/uploads\/2019\/06\/art_xia-sp-redmi-10-22-4-128-gy_1.webp?resize=65%2C65&amp;ssl=1 65w, https:\/\/i0.wp.com\/www.pcmadrid.es\/tienda\/wp-content\/uploads\/2019\/06\/art_xia-sp-redmi-10-22-4-128-gy_1.webp?resize=100%2C100&amp;ssl=1 100w\" sizes=\"(max-width: 448px) 100vw, 448px\" \/><\/div>\n<h3><\/h3>\n<p>Disfruta de tu tel\u00e9fono Xiaomi Redmi 10 en oferta con env\u00edo gratuito.<\/p>\n<h2 style=\"text-align: left;\">Caracter\u00edsticas del Xiaomi Redmi 10<\/h2>\n<h3 style=\"text-align: left;\">Un tel\u00e9fono m\u00f3vil barato con c\u00e1mara de 50MP con IA<\/h3>\n<p>C\u00e1mara cu\u00e1druple de 50 MP con IA | Pantalla FHD+ de 90 Hz<\/p>\n<p>Descubre la configuraci\u00f3n de la c\u00e1mara de tus sue\u00f1os<\/p>\n<p>Una c\u00e1mara siempre lista para ti. Con la c\u00e1mara cu\u00e1druple con IA, lo tendr\u00e1s todo siempre listo para cualquier escenario fotogr\u00e1fico. Da rienda suelta a tu creatividad con v\u00eddeos cortos. Utiliza filtros para llevar tus v\u00eddeos cortos a otro nivel. Captura m\u00e1s con tus selfies.<\/p>\n<h3 style=\"text-align: left;\">Pantalla de 90HZ para mejor experiencia de uso.<\/h3>\n<p>Desplazamiento m\u00e1s fluido con una <strong>alta tasa de refresco de 90 Hz<\/strong>, podr\u00e1s disfrutar de una experiencia de visualizaci\u00f3n m\u00e1s fluida al desplazarte o jugar. AdaptiveSync con ahorro de energ\u00eda<\/p>\n<p>AdaptiveSync, que normalmente solo est\u00e1 disponible en los tel\u00e9fonos de alta gama, ajusta autom\u00e1ticamente la tasa de refresco a la velocidad de fotogramas del contenido, lo que ofrece un resultado m\u00e1s fluido a la vez que ampl\u00eda la duraci\u00f3n de la bater\u00eda.<\/p>\n<h3 style=\"text-align: left;\">Altavoces del Xiaomi redmi 10<\/h3>\n<p>Disfruta de un mejor sonido con los altavoces duales.<br \/>\nEscucha m\u00fasica con un sonido est\u00e9reo n\u00edtido directamente desde el tel\u00e9fono.<\/p>\n<h3 style=\"text-align: left;\">Compatible con NFC para una mayor comodidad<\/h3>\n<p>Ya no necesitas llevar encima otras tarjetas, puedes realizar transacciones seguras y utilizar el transporte p\u00fablico f\u00e1cilmente con el tel\u00e9fono.<\/p>\n<h3 style=\"text-align: left;\">Mejores fotos y experiencia de juego<\/h3>\n<p>Potente procesador de ocho n\u00facleosEl procesador MediaTek Helio G88 hace su debut mundial con el Redmi 10. El nuevo procesador hace fotos m\u00e1s claras y proporciona una experiencia de juego mejora<\/p>\n<h3 style=\"text-align: left;\">Carga r\u00e1pida<\/h3>\n<p>La bater\u00eda de gran tama\u00f1o tiene suficiente energ\u00eda para aguantar f\u00e1cilmente durante todo el d\u00eda. C\u00e1rgala en poco tiempo con una carga r\u00e1pida de 18 W o una carga con cable con polaridad inversa de 9 W.<\/p>\n<p><img data-recalc-dims=\"1\" loading=\"lazy\" decoding=\"async\" class=\"wp-image-10514 aligncenter\" src=\"https:\/\/i0.wp.com\/www.pcmadrid.es\/tienda\/wp-content\/uploads\/2019\/06\/art_xia-sp-redmi-10-22-4-128-gy_5.jpg?resize=408%2C408&#038;ssl=1\" alt=\"oferta xiaomi redmi 10\" width=\"408\" height=\"408\" srcset=\"https:\/\/i0.wp.com\/www.pcmadrid.es\/tienda\/wp-content\/uploads\/2019\/06\/art_xia-sp-redmi-10-22-4-128-gy_5.jpg?w=800&amp;ssl=1 800w, https:\/\/i0.wp.com\/www.pcmadrid.es\/tienda\/wp-content\/uploads\/2019\/06\/art_xia-sp-redmi-10-22-4-128-gy_5.jpg?resize=300%2C300&amp;ssl=1 300w, https:\/\/i0.wp.com\/www.pcmadrid.es\/tienda\/wp-content\/uploads\/2019\/06\/art_xia-sp-redmi-10-22-4-128-gy_5.jpg?resize=150%2C150&amp;ssl=1 150w, https:\/\/i0.wp.com\/www.pcmadrid.es\/tienda\/wp-content\/uploads\/2019\/06\/art_xia-sp-redmi-10-22-4-128-gy_5.jpg?resize=768%2C768&amp;ssl=1 768w, https:\/\/i0.wp.com\/www.pcmadrid.es\/tienda\/wp-content\/uploads\/2019\/06\/art_xia-sp-redmi-10-22-4-128-gy_5.jpg?resize=65%2C65&amp;ssl=1 65w, https:\/\/i0.wp.com\/www.pcmadrid.es\/tienda\/wp-content\/uploads\/2019\/06\/art_xia-sp-redmi-10-22-4-128-gy_5.jpg?resize=600%2C600&amp;ssl=1 600w, https:\/\/i0.wp.com\/www.pcmadrid.es\/tienda\/wp-content\/uploads\/2019\/06\/art_xia-sp-redmi-10-22-4-128-gy_5.jpg?resize=100%2C100&amp;ssl=1 100w\" sizes=\"(max-width: 408px) 100vw, 408px\" \/><\/p>\n<h3 style=\"text-align: left;\"><b>Especificaciones t\u00e9cnicas del Xiaomi Redmi 10 2022 NFC 4GB\/ 128GB<\/b><\/h3>\n<ul>\n<li>Sistema operativo MIUI 12.5 (basado en Android 11)<\/li>\n<li>Procesador MediaTek Helio G88<\/li>\n<li>Proceso de fabricaci\u00f3n de 12nm<\/li>\n<li>Octa-core, hasta 2.0GHz<\/li>\n<li>GPU: ARM Mali-G52<\/li>\n<li>Pantalla 6.5&#8243; FHD+ DotDisplay<\/li>\n<li>Tasa de refresco: Hasta 90 Hz<\/li>\n<li>AdaptiveSync: 45\/60\/90Hz<\/li>\n<li>Resoluci\u00f3n: 2400 x 1080 p\u00edxeles<\/li>\n<li>Pantalla de luz solar<\/li>\n<li>Modo de lectura 3.0<\/li>\n<li><a href=\"https:\/\/www.corning.com\/gorillaglass\/ar\/es\/glass-types\/gorilla-glass-3-with-ndr.html\" target=\"_blank\" rel=\"noopener nofollow\">Corning\u00ae Gorilla\u00ae Glass 3<\/a><\/li>\n<li>SIM<\/li>\n<li>Dual SIM (SIM 1 +SIM\/MicroSD)<\/li>\n<li>Memoria<\/li>\n<li>RAM: 4 GB<\/li>\n<li>Almacenamiento interno: 128 GB (Ampliable con tarjeta Micro SD hasta 512 GB)<\/li>\n<li>C\u00e1maras<\/li>\n<li>C\u00e1mara trasera cu\u00e1druple de 50 MP con IA:<\/li>\n<li>C\u00e1mara principal de 50MP, f\/1.8<\/li>\n<li>C\u00e1mara gran angular de 8MP, FOV 120\u00ba, f\/2.2<\/li>\n<li>C\u00e1mara macro de 2MP, f\/2.4<\/li>\n<li>C\u00e1mara de profundidad 2MP, f\/2.4<\/li>\n<li>C\u00e1mara frontal:<\/li>\n<li>8MP, f\/2.0<\/li>\n<li>Audio<\/li>\n<li>Altavoces duales<\/li>\n<li>Conector para auriculares jack 3.5mm<\/li>\n<li>Redes<\/li>\n<li>2G: GSM: 850 900 1800 1900MHz<\/li>\n<li>3G: WCDMA: 1\/2\/4\/5\/8<\/li>\n<li>4G: LTE FDD: 1\/2\/3\/4\/5\/7\/8\/20\/28<\/li>\n<li>4G: LTE TDD: 38\/40\/41 (B41 2535-2655MHz)<\/li>\n<li>Conectividad<\/li>\n<li>Wi-Fi 2.4GHz\/5GHz<\/li>\n<li>Bluetooth 5.1<\/li>\n<li>NFC<\/li>\n<li>Radio FM<\/li>\n<li>Seguridad<\/li>\n<li>Sensor de huellas lateral<\/li>\n<li>Desbloqueo facial con IA<\/li>\n<li>Dimensiones y peso<\/li>\n<li>Dimensiones: 161.95 x 75.53 x 8.92 mm<\/li>\n<li>Peso: 181 g<\/li>\n<li>Bater\u00eda<\/li>\n<li>Bater\u00eda de 5000 mAh (t\u00edpico)<\/li>\n<li>Carga r\u00e1pida de 18 W<\/li>\n<li>Carga por cable inversa de 9 W<\/li>\n<li>Cargador integrado de 22,5 W<\/li>\n<li>USB-C<\/li>\n<\/ul>\n<h4 style=\"text-align: left;\">Quieres proteger tu tel\u00e9fono y otros dispositivos con un software antivirus por muy poco?<\/h4>\n<p>Con nuestras versiones en oferta de Panda Dome podr\u00e1s proteger tu Smartphone, ordenador y tablet por muy poco dinero. Puedes ver m\u00e1s detalles de la oferta y seleccionar tu versi\u00f3n <span style=\"color: #99cc00;\"><strong><a style=\"color: #99cc00;\" href=\"https:\/\/www.pcmadrid.es\/tienda\/producto\/antivirus-panda-dome-1-ano-oferta\/\">aqu\u00ed<\/a><\/strong><\/span>.<\/p>\n<p>&nbsp;<\/p>\n<p><img data-recalc-dims=\"1\" loading=\"lazy\" decoding=\"async\" class=\"wp-image-10513 aligncenter\" src=\"https:\/\/i0.wp.com\/www.pcmadrid.es\/tienda\/wp-content\/uploads\/2019\/06\/art_xia-sp-redmi-10-22-4-128-gy_2.jpg?resize=377%2C377&#038;ssl=1\" alt=\"movil barato para jugar xiaomi\" width=\"377\" height=\"377\" srcset=\"https:\/\/i0.wp.com\/www.pcmadrid.es\/tienda\/wp-content\/uploads\/2019\/06\/art_xia-sp-redmi-10-22-4-128-gy_2.jpg?w=800&amp;ssl=1 800w, https:\/\/i0.wp.com\/www.pcmadrid.es\/tienda\/wp-content\/uploads\/2019\/06\/art_xia-sp-redmi-10-22-4-128-gy_2.jpg?resize=300%2C300&amp;ssl=1 300w, https:\/\/i0.wp.com\/www.pcmadrid.es\/tienda\/wp-content\/uploads\/2019\/06\/art_xia-sp-redmi-10-22-4-128-gy_2.jpg?resize=150%2C150&amp;ssl=1 150w, https:\/\/i0.wp.com\/www.pcmadrid.es\/tienda\/wp-content\/uploads\/2019\/06\/art_xia-sp-redmi-10-22-4-128-gy_2.jpg?resize=768%2C768&amp;ssl=1 768w, https:\/\/i0.wp.com\/www.pcmadrid.es\/tienda\/wp-content\/uploads\/2019\/06\/art_xia-sp-redmi-10-22-4-128-gy_2.jpg?resize=65%2C65&amp;ssl=1 65w, https:\/\/i0.wp.com\/www.pcmadrid.es\/tienda\/wp-content\/uploads\/2019\/06\/art_xia-sp-redmi-10-22-4-128-gy_2.jpg?resize=600%2C600&amp;ssl=1 600w, https:\/\/i0.wp.com\/www.pcmadrid.es\/tienda\/wp-content\/uploads\/2019\/06\/art_xia-sp-redmi-10-22-4-128-gy_2.jpg?resize=100%2C100&amp;ssl=1 100w\" sizes=\"(max-width: 377px) 100vw, 377px\" \/><\/p>\n<\/div>\n<\/div>\n<\/div>\n","protected":false},"excerpt":{"rendered":"<p>Con el SMARTPHONE MI 9 SE tendr\u00e1s una gran c\u00e1mara a un precio asequible, con su pantalla Samsung Amoled FHD+ y su triple c\u00e1mara podr\u00e1s capturar tus momentos en HDR e incluso grabar videos en 4k.<\/p>\n","protected":false},"featured_media":10512,"comment_status":"open","ping_status":"closed","template":"","meta":{"_et_pb_use_builder":"","_et_pb_old_content":"","_et_gb_content_width":""},"product_brand":[],"product_cat":[96,65],"product_tag":[],"class_list":{"0":"post-5623","1":"product","2":"type-product","3":"status-publish","4":"has-post-thumbnail","6":"product_cat-ofertas","7":"product_cat-todos","9":"first","10":"instock","11":"sale","12":"taxable","13":"shipping-taxable","14":"purchasable","15":"product-type-simple"},"yoast_head":"<!-- This site is optimized with the Yoast SEO plugin v26.5 - https:\/\/yoast.com\/wordpress\/plugins\/seo\/ -->\n<title>Xiaomi Redmi 10 2022 NFC 4GB\/ 128GB | En oferta<\/title>\n<meta name=\"description\" content=\"Con el Xiaomi Redmi 10 tendr\u00e1s un tel\u00e9fono con c\u00e1mara de 50MP, 128GB de almacenamiento, 4GB de RAM, NFC, carga r\u00e1pida y pantalla de 90HZ.\" \/>\n<meta name=\"robots\" content=\"index, follow, max-snippet:-1, max-image-preview:large, max-video-preview:-1\" \/>\n<link rel=\"canonical\" href=\"https:\/\/www.pcmadrid.es\/tienda\/producto\/xiaomi-redmi-10-128\/\" \/>\n<meta name=\"twitter:label1\" content=\"Tiempo de lectura\" \/>\n\t<meta name=\"twitter:data1\" content=\"4 minutos\" \/>\n<script type=\"application\/ld+json\" class=\"yoast-schema-graph\">{\"@context\":\"https:\/\/schema.org\",\"@graph\":[{\"@type\":\"WebPage\",\"@id\":\"https:\/\/www.pcmadrid.es\/tienda\/producto\/xiaomi-redmi-10-128\/\",\"url\":\"https:\/\/www.pcmadrid.es\/tienda\/producto\/xiaomi-redmi-10-128\/\",\"name\":\"Xiaomi Redmi 10 2022 NFC 4GB\/ 128GB | En oferta\",\"isPartOf\":{\"@id\":\"https:\/\/www.pcmadrid.es\/tienda\/#website\"},\"primaryImageOfPage\":{\"@id\":\"https:\/\/www.pcmadrid.es\/tienda\/producto\/xiaomi-redmi-10-128\/#primaryimage\"},\"image\":{\"@id\":\"https:\/\/www.pcmadrid.es\/tienda\/producto\/xiaomi-redmi-10-128\/#primaryimage\"},\"thumbnailUrl\":\"https:\/\/i0.wp.com\/www.pcmadrid.es\/tienda\/wp-content\/uploads\/2019\/06\/art_xia-sp-redmi-10-22-4-128-gy_1.webp?fit=448%2C448&ssl=1\",\"datePublished\":\"2019-06-19T00:53:44+00:00\",\"dateModified\":\"2024-03-21T17:20:52+00:00\",\"description\":\"Con el Xiaomi Redmi 10 tendr\u00e1s un tel\u00e9fono con c\u00e1mara de 50MP, 128GB de almacenamiento, 4GB de RAM, NFC, carga r\u00e1pida y pantalla de 90HZ.\",\"breadcrumb\":{\"@id\":\"https:\/\/www.pcmadrid.es\/tienda\/producto\/xiaomi-redmi-10-128\/#breadcrumb\"},\"inLanguage\":\"es\",\"potentialAction\":[{\"@type\":\"ReadAction\",\"target\":[\"https:\/\/www.pcmadrid.es\/tienda\/producto\/xiaomi-redmi-10-128\/\"]}]},{\"@type\":\"ImageObject\",\"inLanguage\":\"es\",\"@id\":\"https:\/\/www.pcmadrid.es\/tienda\/producto\/xiaomi-redmi-10-128\/#primaryimage\",\"url\":\"https:\/\/i0.wp.com\/www.pcmadrid.es\/tienda\/wp-content\/uploads\/2019\/06\/art_xia-sp-redmi-10-22-4-128-gy_1.webp?fit=448%2C448&ssl=1\",\"contentUrl\":\"https:\/\/i0.wp.com\/www.pcmadrid.es\/tienda\/wp-content\/uploads\/2019\/06\/art_xia-sp-redmi-10-22-4-128-gy_1.webp?fit=448%2C448&ssl=1\",\"width\":448,\"height\":448,\"caption\":\"xiaomi redmi 10 2022 gris oferta\"},{\"@type\":\"BreadcrumbList\",\"@id\":\"https:\/\/www.pcmadrid.es\/tienda\/producto\/xiaomi-redmi-10-128\/#breadcrumb\",\"itemListElement\":[{\"@type\":\"ListItem\",\"position\":1,\"name\":\"Portada\",\"item\":\"https:\/\/www.pcmadrid.es\/tienda\/\"},{\"@type\":\"ListItem\",\"position\":2,\"name\":\"Todos los productos\",\"item\":\"https:\/\/www.pcmadrid.es\/tienda\/todos-los-productos\/\"},{\"@type\":\"ListItem\",\"position\":3,\"name\":\"Xiaomi Redmi 10 2022 NFC 4GB\/ 128GB\"}]},{\"@type\":\"WebSite\",\"@id\":\"https:\/\/www.pcmadrid.es\/tienda\/#website\",\"url\":\"https:\/\/www.pcmadrid.es\/tienda\/\",\"name\":\"Tienda PCMADRID\",\"description\":\"Venta y reparaciones de ordenadores\",\"publisher\":{\"@id\":\"https:\/\/www.pcmadrid.es\/tienda\/#organization\"},\"potentialAction\":[{\"@type\":\"SearchAction\",\"target\":{\"@type\":\"EntryPoint\",\"urlTemplate\":\"https:\/\/www.pcmadrid.es\/tienda\/?s={search_term_string}\"},\"query-input\":{\"@type\":\"PropertyValueSpecification\",\"valueRequired\":true,\"valueName\":\"search_term_string\"}}],\"inLanguage\":\"es\"},{\"@type\":\"Organization\",\"@id\":\"https:\/\/www.pcmadrid.es\/tienda\/#organization\",\"name\":\"PCMADRID\",\"url\":\"https:\/\/www.pcmadrid.es\/tienda\/\",\"logo\":{\"@type\":\"ImageObject\",\"inLanguage\":\"es\",\"@id\":\"https:\/\/www.pcmadrid.es\/tienda\/#\/schema\/logo\/image\/\",\"url\":\"https:\/\/i0.wp.com\/www.pcmadrid.es\/tienda\/wp-content\/uploads\/2019\/10\/pcmadridlogo..png?fit=750%2C300&ssl=1\",\"contentUrl\":\"https:\/\/i0.wp.com\/www.pcmadrid.es\/tienda\/wp-content\/uploads\/2019\/10\/pcmadridlogo..png?fit=750%2C300&ssl=1\",\"width\":750,\"height\":300,\"caption\":\"PCMADRID\"},\"image\":{\"@id\":\"https:\/\/www.pcmadrid.es\/tienda\/#\/schema\/logo\/image\/\"},\"sameAs\":[\"https:\/\/www.facebook.com\/pcmadridinformatica\",\"https:\/\/x.com\/pc_madrid\",\"https:\/\/www.youtube.com\/channel\/UCIbQq9k6BBrU5x2wqDIHr7A\",\"https:\/\/www.instagram.com\/pcmadrid_informatica\/?hl=es\",\"https:\/\/www.linkedin.com\/company\/9348326\/admin\/\",\"https:\/\/www.pinterest.es\/pcmadrid_informatica\/\"]}]}<\/script>\n<!-- \/ Yoast SEO plugin. -->","yoast_head_json":{"title":"Xiaomi Redmi 10 2022 NFC 4GB\/ 128GB | En oferta","description":"Con el Xiaomi Redmi 10 tendr\u00e1s un tel\u00e9fono con c\u00e1mara de 50MP, 128GB de almacenamiento, 4GB de RAM, NFC, carga r\u00e1pida y pantalla de 90HZ.","robots":{"index":"index","follow":"follow","max-snippet":"max-snippet:-1","max-image-preview":"max-image-preview:large","max-video-preview":"max-video-preview:-1"},"canonical":"https:\/\/www.pcmadrid.es\/tienda\/producto\/xiaomi-redmi-10-128\/","twitter_misc":{"Tiempo de lectura":"4 minutos"},"schema":{"@context":"https:\/\/schema.org","@graph":[{"@type":"WebPage","@id":"https:\/\/www.pcmadrid.es\/tienda\/producto\/xiaomi-redmi-10-128\/","url":"https:\/\/www.pcmadrid.es\/tienda\/producto\/xiaomi-redmi-10-128\/","name":"Xiaomi Redmi 10 2022 NFC 4GB\/ 128GB | En oferta","isPartOf":{"@id":"https:\/\/www.pcmadrid.es\/tienda\/#website"},"primaryImageOfPage":{"@id":"https:\/\/www.pcmadrid.es\/tienda\/producto\/xiaomi-redmi-10-128\/#primaryimage"},"image":{"@id":"https:\/\/www.pcmadrid.es\/tienda\/producto\/xiaomi-redmi-10-128\/#primaryimage"},"thumbnailUrl":"https:\/\/i0.wp.com\/www.pcmadrid.es\/tienda\/wp-content\/uploads\/2019\/06\/art_xia-sp-redmi-10-22-4-128-gy_1.webp?fit=448%2C448&ssl=1","datePublished":"2019-06-19T00:53:44+00:00","dateModified":"2024-03-21T17:20:52+00:00","description":"Con el Xiaomi Redmi 10 tendr\u00e1s un tel\u00e9fono con c\u00e1mara de 50MP, 128GB de almacenamiento, 4GB de RAM, NFC, carga r\u00e1pida y pantalla de 90HZ.","breadcrumb":{"@id":"https:\/\/www.pcmadrid.es\/tienda\/producto\/xiaomi-redmi-10-128\/#breadcrumb"},"inLanguage":"es","potentialAction":[{"@type":"ReadAction","target":["https:\/\/www.pcmadrid.es\/tienda\/producto\/xiaomi-redmi-10-128\/"]}]},{"@type":"ImageObject","inLanguage":"es","@id":"https:\/\/www.pcmadrid.es\/tienda\/producto\/xiaomi-redmi-10-128\/#primaryimage","url":"https:\/\/i0.wp.com\/www.pcmadrid.es\/tienda\/wp-content\/uploads\/2019\/06\/art_xia-sp-redmi-10-22-4-128-gy_1.webp?fit=448%2C448&ssl=1","contentUrl":"https:\/\/i0.wp.com\/www.pcmadrid.es\/tienda\/wp-content\/uploads\/2019\/06\/art_xia-sp-redmi-10-22-4-128-gy_1.webp?fit=448%2C448&ssl=1","width":448,"height":448,"caption":"xiaomi redmi 10 2022 gris oferta"},{"@type":"BreadcrumbList","@id":"https:\/\/www.pcmadrid.es\/tienda\/producto\/xiaomi-redmi-10-128\/#breadcrumb","itemListElement":[{"@type":"ListItem","position":1,"name":"Portada","item":"https:\/\/www.pcmadrid.es\/tienda\/"},{"@type":"ListItem","position":2,"name":"Todos los productos","item":"https:\/\/www.pcmadrid.es\/tienda\/todos-los-productos\/"},{"@type":"ListItem","position":3,"name":"Xiaomi Redmi 10 2022 NFC 4GB\/ 128GB"}]},{"@type":"WebSite","@id":"https:\/\/www.pcmadrid.es\/tienda\/#website","url":"https:\/\/www.pcmadrid.es\/tienda\/","name":"Tienda PCMADRID","description":"Venta y reparaciones de ordenadores","publisher":{"@id":"https:\/\/www.pcmadrid.es\/tienda\/#organization"},"potentialAction":[{"@type":"SearchAction","target":{"@type":"EntryPoint","urlTemplate":"https:\/\/www.pcmadrid.es\/tienda\/?s={search_term_string}"},"query-input":{"@type":"PropertyValueSpecification","valueRequired":true,"valueName":"search_term_string"}}],"inLanguage":"es"},{"@type":"Organization","@id":"https:\/\/www.pcmadrid.es\/tienda\/#organization","name":"PCMADRID","url":"https:\/\/www.pcmadrid.es\/tienda\/","logo":{"@type":"ImageObject","inLanguage":"es","@id":"https:\/\/www.pcmadrid.es\/tienda\/#\/schema\/logo\/image\/","url":"https:\/\/i0.wp.com\/www.pcmadrid.es\/tienda\/wp-content\/uploads\/2019\/10\/pcmadridlogo..png?fit=750%2C300&ssl=1","contentUrl":"https:\/\/i0.wp.com\/www.pcmadrid.es\/tienda\/wp-content\/uploads\/2019\/10\/pcmadridlogo..png?fit=750%2C300&ssl=1","width":750,"height":300,"caption":"PCMADRID"},"image":{"@id":"https:\/\/www.pcmadrid.es\/tienda\/#\/schema\/logo\/image\/"},"sameAs":["https:\/\/www.facebook.com\/pcmadridinformatica","https:\/\/x.com\/pc_madrid","https:\/\/www.youtube.com\/channel\/UCIbQq9k6BBrU5x2wqDIHr7A","https:\/\/www.instagram.com\/pcmadrid_informatica\/?hl=es","https:\/\/www.linkedin.com\/company\/9348326\/admin\/","https:\/\/www.pinterest.es\/pcmadrid_informatica\/"]}]}},"jetpack_sharing_enabled":true,"_links":{"self":[{"href":"https:\/\/www.pcmadrid.es\/tienda\/wp-json\/wp\/v2\/product\/5623","targetHints":{"allow":["GET"]}}],"collection":[{"href":"https:\/\/www.pcmadrid.es\/tienda\/wp-json\/wp\/v2\/product"}],"about":[{"href":"https:\/\/www.pcmadrid.es\/tienda\/wp-json\/wp\/v2\/types\/product"}],"replies":[{"embeddable":true,"href":"https:\/\/www.pcmadrid.es\/tienda\/wp-json\/wp\/v2\/comments?post=5623"}],"wp:featuredmedia":[{"embeddable":true,"href":"https:\/\/www.pcmadrid.es\/tienda\/wp-json\/wp\/v2\/media\/10512"}],"wp:attachment":[{"href":"https:\/\/www.pcmadrid.es\/tienda\/wp-json\/wp\/v2\/media?parent=5623"}],"wp:term":[{"taxonomy":"product_brand","embeddable":true,"href":"https:\/\/www.pcmadrid.es\/tienda\/wp-json\/wp\/v2\/product_brand?post=5623"},{"taxonomy":"product_cat","embeddable":true,"href":"https:\/\/www.pcmadrid.es\/tienda\/wp-json\/wp\/v2\/product_cat?post=5623"},{"taxonomy":"product_tag","embeddable":true,"href":"https:\/\/www.pcmadrid.es\/tienda\/wp-json\/wp\/v2\/product_tag?post=5623"}],"curies":[{"name":"wp","href":"https:\/\/api.w.org\/{rel}","templated":true}]}}