{"id":6641,"date":"2019-09-16T12:47:37","date_gmt":"2019-09-16T10:47:37","guid":{"rendered":"https:\/\/tienda.pcmadrid.es\/?post_type=product&#038;p=6641"},"modified":"2025-05-09T10:49:28","modified_gmt":"2025-05-09T08:49:28","slug":"instalacion-ssd120gb-macbook-2008-2012-macos","status":"publish","type":"product","link":"https:\/\/www.pcmadrid.es\/tienda\/producto\/instalacion-ssd120gb-macbook-2008-2012-macos\/","title":{"rendered":"Ampliaci\u00f3n disco SSD Macbook (2008-2012)"},"content":{"rendered":"<p>Ampliar disco SSD MacBook: Servicio t\u00e9cnico de ampliaci\u00f3n desde tu viejo disco duro mec\u00e1nico a SSD (Unidad de estado s\u00f3lido). Este cambio aumentar\u00e1 la velocidad y tiempo de respuesta de tu Macbook entre un 2000% hasta un 4000%.<\/p>\n<p>Las ventajas del SSD adem\u00e1s de su enorme velocidad en comparaci\u00f3n al disco duro convencional, es su duraci\u00f3n y resistencia a los golpes y vibraciones.<\/p>\n<p>Todas nuestras ampliaciones de SSD en Macbook cuentan con unidades de estado s\u00f3lido de primeras marcas como Samsung, Intel y Western Digital, asegurando la compatibilidad y m\u00e1ximo rendimiento con tu Macbook.<\/p>\n<p><img data-recalc-dims=\"1\" loading=\"lazy\" decoding=\"async\" class=\"wp-image-6651 size-full aligncenter\" src=\"https:\/\/i0.wp.com\/tienda.pcmadrid.es\/wp-content\/uploads\/2019\/09\/ampliar-ssd-macbook-madrid-con-instalacion-sierra.jpg?resize=450%2C281&#038;ssl=1\" alt=\"ampliar ssd macbook madrid con instalacion sierra\" width=\"450\" height=\"281\" srcset=\"https:\/\/i0.wp.com\/www.pcmadrid.es\/tienda\/wp-content\/uploads\/2019\/09\/ampliar-ssd-macbook-madrid-con-instalacion-sierra.jpg?w=450&amp;ssl=1 450w, https:\/\/i0.wp.com\/www.pcmadrid.es\/tienda\/wp-content\/uploads\/2019\/09\/ampliar-ssd-macbook-madrid-con-instalacion-sierra.jpg?resize=300%2C187&amp;ssl=1 300w\" sizes=\"(max-width: 450px) 100vw, 450px\" \/><\/p>\n<p>Con tu ampliaci\u00f3n a SSD, contar\u00e1s con una instalaci\u00f3n limpia del \u00faltimo sistema operativo MacOS compatible con tu equipo adem\u00e1s de programas esenciales y configuraci\u00f3n antivirus con antimalware.<\/p>\n<h2><strong><span style=\"color: #808080;\">Caracter\u00edsticas ampliar disco SSD MacBook:<\/span><\/strong><\/h2>\n<ul>\n<li>Aumento de tiempo de respuesta hasta 40 veces<\/li>\n<li>Aumento de velocidad de inicio y apagado hasta 4000% m\u00e1s r\u00e1pido<\/li>\n<li>Inicio de programas m\u00e1s fluido<\/li>\n<li>Navegaci\u00f3n y descargas con mejor tiempo de respuesta<\/li>\n<li>Resistencia a golpes y ca\u00eddas<\/li>\n<li>Seguridad en datos reforzada<\/li>\n<\/ul>\n<p>En la siguiente comparativa, podemos apreciar la diferencia entre un disco duro HDD y un SSD en transferencias de archivos aleatorios, funci\u00f3n que exige mucho m\u00e1s al disco duro debido al retraso que supone la b\u00fasqueda de archivos ubicados en diferentes cl\u00fasters del disco duro. Este funci\u00f3n no ejerce un impacto tan negativo en el SSD a diferencia de como ocurre en el disco duro mec\u00e1nico (HDD).<\/p>\n<p><img data-recalc-dims=\"1\" loading=\"lazy\" decoding=\"async\" class=\"wp-image-6653 size-full aligncenter\" src=\"https:\/\/i0.wp.com\/tienda.pcmadrid.es\/wp-content\/uploads\/2019\/09\/macbook-hdd-vs-ssd.jpg?resize=540%2C266&#038;ssl=1\" alt=\"macbook hdd vs ssd\" width=\"540\" height=\"266\" srcset=\"https:\/\/i0.wp.com\/www.pcmadrid.es\/tienda\/wp-content\/uploads\/2019\/09\/macbook-hdd-vs-ssd.jpg?w=540&amp;ssl=1 540w, https:\/\/i0.wp.com\/www.pcmadrid.es\/tienda\/wp-content\/uploads\/2019\/09\/macbook-hdd-vs-ssd.jpg?resize=300%2C148&amp;ssl=1 300w\" sizes=\"(max-width: 540px) 100vw, 540px\" \/><\/p>\n<h3><span style=\"color: #808080;\">PREGUNTAS FRECUENTES SOBRE AMPLIACI\u00d3N SSD EN MACBOOK:<\/span><\/h3>\n<h4><span style=\"color: #808080;\">\u00bfCuanto tiempo estar\u00e9 sin mi equipo?<\/span><\/h4>\n<p>Las ampliaciones de SSD en Macbook 2008-2012 pueden tardar entre 24 horas hasta 48 horas desde la recepci\u00f3n del equipo. Puede realizarse el mismo d\u00eda en caso de que solicites el bono PCM Expr\u00e9s.<\/p>\n<h4><span style=\"color: #808080;\">\u00bfPerder\u00e9 mis datos?<\/span><\/h4>\n<p>Si tu anterior disco duro mec\u00e1nico ten\u00eda 500GB por ejemplo, tendr\u00e1s que adquirir la ampliaci\u00f3n de SSD 500GB para clonar tu sistema completamente. Si tu disco duro mec\u00e1nico tiene mayor capacidad que la ampliaci\u00f3n de SSD que quieres contratar, entonces se instalar\u00e1 el sistema desde cero en el SSD. En este \u00faltimo caso, tienes la posibilidad de convertir tu antiguo disco duro en un disco externo usb desde el que podr\u00e1s acceder a todos tus datos anteriores.<\/p>\n<h4><span style=\"color: #808080;\">\u00bfQue versi\u00f3n de MacOS se me instalar\u00e1 en el equipo?<\/span><\/h4>\n<p>Por lo general, instalamos la \u00faltima versi\u00f3n de MacOS compatible con el modelo de tu equipo, no obstante, puedes solicitar informaci\u00f3n sobre &#8220;forzar&#8221; la instalaci\u00f3n de un sistema MacOS superior en un equipo no compatible.<\/p>\n<hr \/>\n<p>Para otro modelos de MacBook y de iMac, consultar el apartado<span style=\"color: #ff6600;\"><strong><a style=\"color: #ff6600;\" href=\"https:\/\/tienda.pcmadrid.es\/categoria-producto\/ampliar-macbook\/\">\u00a0ampliaciones MacBook<\/a><\/strong><\/span>\u00a0o realizar\u00a0<span style=\"color: #00ccff;\"><a style=\"color: #00ccff;\" href=\"https:\/\/tienda.pcmadrid.es\/contacto\/\"><strong>consulta mediante formulario antes dudas.<\/strong><\/a><\/span><\/p>\n<p>Para otras dudas sobre equipos de Apple en garant\u00eda:\u00a0<span style=\"color: #808080;\"><a style=\"color: #808080;\" href=\"https:\/\/support.apple.com\/es-es\"><strong>foros soporte Apple.<\/strong><\/a><\/span><\/p>\n<p><img data-recalc-dims=\"1\" loading=\"lazy\" decoding=\"async\" class=\"size-medium wp-image-6652 aligncenter\" src=\"https:\/\/i0.wp.com\/tienda.pcmadrid.es\/wp-content\/uploads\/2019\/09\/ssd-certificado-apple-300x114.png?resize=300%2C114&#038;ssl=1\" alt=\"ssd certificado apple\" width=\"300\" height=\"114\" srcset=\"https:\/\/i0.wp.com\/www.pcmadrid.es\/tienda\/wp-content\/uploads\/2019\/09\/ssd-certificado-apple.png?resize=300%2C114&amp;ssl=1 300w, https:\/\/i0.wp.com\/www.pcmadrid.es\/tienda\/wp-content\/uploads\/2019\/09\/ssd-certificado-apple.png?w=575&amp;ssl=1 575w\" sizes=\"(max-width: 300px) 100vw, 300px\" \/><\/p>\n","protected":false},"excerpt":{"rendered":"<p>Servicio t\u00e9cnico de ampliaci\u00f3n desde tu viejo disco duro mec\u00e1nico a SSD (Unidad de estado s\u00f3lido). Este cambio <span style=\"color: #808080;\"><strong>aumentar\u00e1 la velocidad y tiempo de respuesta de tu Macbook entre un 2000% hasta un 4000%<\/strong><\/span>.<br \/>\nLas ventajas del SSD adem\u00e1s de su enorme velocidad en comparaci\u00f3n al disco duro convencional, es su duraci\u00f3n y resistencia a los golpes y vibraciones.<\/p>\n<p>Todas nuestras ampliaciones de SSD en Macbook cuentan con unidades de estado s\u00f3lido de primeras marcas como <span style=\"color: #808080;\"><strong>Samsung, Intel y Western Digital<\/strong><\/span>, asegurando la compatibilidad y m\u00e1ximo rendimiento con tu Macbook.<\/p>\n","protected":false},"featured_media":8196,"comment_status":"open","ping_status":"closed","template":"","meta":{"_et_pb_use_builder":"","_et_pb_old_content":"","_et_gb_content_width":""},"product_brand":[],"product_cat":[87,89],"product_tag":[],"class_list":{"0":"post-6641","1":"product","2":"type-product","3":"status-publish","4":"has-post-thumbnail","6":"product_cat-ampliaciones","7":"product_cat-ampliar-macbook","8":"product_shipping_class-recogida-y-entrega","10":"first","11":"instock","12":"taxable","13":"shipping-taxable","14":"purchasable","15":"product-type-variable"},"yoast_head":"<!-- This site is optimized with the Yoast SEO plugin v27.5 - https:\/\/yoast.com\/product\/yoast-seo-wordpress\/ -->\n<title>Ampliar disco SSD MacBook con HDD | Tienda PCMADRID<\/title>\n<meta name=\"description\" content=\"Ampliar disco SSD MacBook: Aumenta la velocidad de tu Macbook hasta 40 veces con la ampliaci\u00f3n SSD todo incluido. Compatible Macbook hasta 2012.\" \/>\n<meta name=\"robots\" content=\"index, follow, max-snippet:-1, max-image-preview:large, max-video-preview:-1\" \/>\n<link rel=\"canonical\" href=\"https:\/\/www.pcmadrid.es\/tienda\/producto\/instalacion-ssd120gb-macbook-2008-2012-macos\/\" \/>\n<meta name=\"twitter:label1\" content=\"Tiempo de lectura\" \/>\n\t<meta name=\"twitter:data1\" content=\"3 minutos\" \/>\n<script type=\"application\/ld+json\" class=\"yoast-schema-graph\">{\"@context\":\"https:\\\/\\\/schema.org\",\"@graph\":[{\"@type\":\"WebPage\",\"@id\":\"https:\\\/\\\/www.pcmadrid.es\\\/tienda\\\/producto\\\/instalacion-ssd120gb-macbook-2008-2012-macos\\\/\",\"url\":\"https:\\\/\\\/www.pcmadrid.es\\\/tienda\\\/producto\\\/instalacion-ssd120gb-macbook-2008-2012-macos\\\/\",\"name\":\"Ampliar disco SSD MacBook con HDD | Tienda PCMADRID\",\"isPartOf\":{\"@id\":\"https:\\\/\\\/www.pcmadrid.es\\\/tienda\\\/#website\"},\"primaryImageOfPage\":{\"@id\":\"https:\\\/\\\/www.pcmadrid.es\\\/tienda\\\/producto\\\/instalacion-ssd120gb-macbook-2008-2012-macos\\\/#primaryimage\"},\"image\":{\"@id\":\"https:\\\/\\\/www.pcmadrid.es\\\/tienda\\\/producto\\\/instalacion-ssd120gb-macbook-2008-2012-macos\\\/#primaryimage\"},\"thumbnailUrl\":\"https:\\\/\\\/i0.wp.com\\\/www.pcmadrid.es\\\/tienda\\\/wp-content\\\/uploads\\\/2019\\\/09\\\/ampliar-ssd-macbook-cambiar-disco.jpg?fit=800%2C800&ssl=1\",\"datePublished\":\"2019-09-16T10:47:37+00:00\",\"dateModified\":\"2025-05-09T08:49:28+00:00\",\"description\":\"Ampliar disco SSD MacBook: Aumenta la velocidad de tu Macbook hasta 40 veces con la ampliaci\u00f3n SSD todo incluido. Compatible Macbook hasta 2012.\",\"breadcrumb\":{\"@id\":\"https:\\\/\\\/www.pcmadrid.es\\\/tienda\\\/producto\\\/instalacion-ssd120gb-macbook-2008-2012-macos\\\/#breadcrumb\"},\"inLanguage\":\"es\",\"potentialAction\":[{\"@type\":\"ReadAction\",\"target\":[\"https:\\\/\\\/www.pcmadrid.es\\\/tienda\\\/producto\\\/instalacion-ssd120gb-macbook-2008-2012-macos\\\/\"]}]},{\"@type\":\"ImageObject\",\"inLanguage\":\"es\",\"@id\":\"https:\\\/\\\/www.pcmadrid.es\\\/tienda\\\/producto\\\/instalacion-ssd120gb-macbook-2008-2012-macos\\\/#primaryimage\",\"url\":\"https:\\\/\\\/i0.wp.com\\\/www.pcmadrid.es\\\/tienda\\\/wp-content\\\/uploads\\\/2019\\\/09\\\/ampliar-ssd-macbook-cambiar-disco.jpg?fit=800%2C800&ssl=1\",\"contentUrl\":\"https:\\\/\\\/i0.wp.com\\\/www.pcmadrid.es\\\/tienda\\\/wp-content\\\/uploads\\\/2019\\\/09\\\/ampliar-ssd-macbook-cambiar-disco.jpg?fit=800%2C800&ssl=1\",\"width\":800,\"height\":800,\"caption\":\"ampliar ssd macbook madrid\"},{\"@type\":\"BreadcrumbList\",\"@id\":\"https:\\\/\\\/www.pcmadrid.es\\\/tienda\\\/producto\\\/instalacion-ssd120gb-macbook-2008-2012-macos\\\/#breadcrumb\",\"itemListElement\":[{\"@type\":\"ListItem\",\"position\":1,\"name\":\"Portada\",\"item\":\"https:\\\/\\\/www.pcmadrid.es\\\/tienda\\\/\"},{\"@type\":\"ListItem\",\"position\":2,\"name\":\"Todos los productos\",\"item\":\"https:\\\/\\\/www.pcmadrid.es\\\/tienda\\\/todos-los-productos\\\/\"},{\"@type\":\"ListItem\",\"position\":3,\"name\":\"Ampliaci\u00f3n disco SSD Macbook (2008-2012)\"}]},{\"@type\":\"WebSite\",\"@id\":\"https:\\\/\\\/www.pcmadrid.es\\\/tienda\\\/#website\",\"url\":\"https:\\\/\\\/www.pcmadrid.es\\\/tienda\\\/\",\"name\":\"Tienda PCMADRID\",\"description\":\"Venta y reparaciones de ordenadores\",\"publisher\":{\"@id\":\"https:\\\/\\\/www.pcmadrid.es\\\/tienda\\\/#organization\"},\"potentialAction\":[{\"@type\":\"SearchAction\",\"target\":{\"@type\":\"EntryPoint\",\"urlTemplate\":\"https:\\\/\\\/www.pcmadrid.es\\\/tienda\\\/?s={search_term_string}\"},\"query-input\":{\"@type\":\"PropertyValueSpecification\",\"valueRequired\":true,\"valueName\":\"search_term_string\"}}],\"inLanguage\":\"es\"},{\"@type\":\"Organization\",\"@id\":\"https:\\\/\\\/www.pcmadrid.es\\\/tienda\\\/#organization\",\"name\":\"PCMADRID\",\"url\":\"https:\\\/\\\/www.pcmadrid.es\\\/tienda\\\/\",\"logo\":{\"@type\":\"ImageObject\",\"inLanguage\":\"es\",\"@id\":\"https:\\\/\\\/www.pcmadrid.es\\\/tienda\\\/#\\\/schema\\\/logo\\\/image\\\/\",\"url\":\"https:\\\/\\\/www.pcmadrid.es\\\/tienda\\\/wp-content\\\/uploads\\\/2019\\\/10\\\/pcmadridlogo..png\",\"contentUrl\":\"https:\\\/\\\/www.pcmadrid.es\\\/tienda\\\/wp-content\\\/uploads\\\/2019\\\/10\\\/pcmadridlogo..png\",\"width\":750,\"height\":300,\"caption\":\"PCMADRID\"},\"image\":{\"@id\":\"https:\\\/\\\/www.pcmadrid.es\\\/tienda\\\/#\\\/schema\\\/logo\\\/image\\\/\"},\"sameAs\":[\"https:\\\/\\\/www.facebook.com\\\/pcmadridinformatica\",\"https:\\\/\\\/x.com\\\/pc_madrid\",\"https:\\\/\\\/www.youtube.com\\\/channel\\\/UCIbQq9k6BBrU5x2wqDIHr7A\",\"https:\\\/\\\/www.instagram.com\\\/pcmadrid_informatica\\\/?hl=es\",\"https:\\\/\\\/www.linkedin.com\\\/company\\\/9348326\\\/admin\\\/\",\"https:\\\/\\\/www.pinterest.es\\\/pcmadrid_informatica\\\/\"]}]}<\/script>\n<!-- \/ Yoast SEO plugin. -->","yoast_head_json":{"title":"Ampliar disco SSD MacBook con HDD | Tienda PCMADRID","description":"Ampliar disco SSD MacBook: Aumenta la velocidad de tu Macbook hasta 40 veces con la ampliaci\u00f3n SSD todo incluido. Compatible Macbook hasta 2012.","robots":{"index":"index","follow":"follow","max-snippet":"max-snippet:-1","max-image-preview":"max-image-preview:large","max-video-preview":"max-video-preview:-1"},"canonical":"https:\/\/www.pcmadrid.es\/tienda\/producto\/instalacion-ssd120gb-macbook-2008-2012-macos\/","twitter_misc":{"Tiempo de lectura":"3 minutos"},"schema":{"@context":"https:\/\/schema.org","@graph":[{"@type":"WebPage","@id":"https:\/\/www.pcmadrid.es\/tienda\/producto\/instalacion-ssd120gb-macbook-2008-2012-macos\/","url":"https:\/\/www.pcmadrid.es\/tienda\/producto\/instalacion-ssd120gb-macbook-2008-2012-macos\/","name":"Ampliar disco SSD MacBook con HDD | Tienda PCMADRID","isPartOf":{"@id":"https:\/\/www.pcmadrid.es\/tienda\/#website"},"primaryImageOfPage":{"@id":"https:\/\/www.pcmadrid.es\/tienda\/producto\/instalacion-ssd120gb-macbook-2008-2012-macos\/#primaryimage"},"image":{"@id":"https:\/\/www.pcmadrid.es\/tienda\/producto\/instalacion-ssd120gb-macbook-2008-2012-macos\/#primaryimage"},"thumbnailUrl":"https:\/\/i0.wp.com\/www.pcmadrid.es\/tienda\/wp-content\/uploads\/2019\/09\/ampliar-ssd-macbook-cambiar-disco.jpg?fit=800%2C800&ssl=1","datePublished":"2019-09-16T10:47:37+00:00","dateModified":"2025-05-09T08:49:28+00:00","description":"Ampliar disco SSD MacBook: Aumenta la velocidad de tu Macbook hasta 40 veces con la ampliaci\u00f3n SSD todo incluido. Compatible Macbook hasta 2012.","breadcrumb":{"@id":"https:\/\/www.pcmadrid.es\/tienda\/producto\/instalacion-ssd120gb-macbook-2008-2012-macos\/#breadcrumb"},"inLanguage":"es","potentialAction":[{"@type":"ReadAction","target":["https:\/\/www.pcmadrid.es\/tienda\/producto\/instalacion-ssd120gb-macbook-2008-2012-macos\/"]}]},{"@type":"ImageObject","inLanguage":"es","@id":"https:\/\/www.pcmadrid.es\/tienda\/producto\/instalacion-ssd120gb-macbook-2008-2012-macos\/#primaryimage","url":"https:\/\/i0.wp.com\/www.pcmadrid.es\/tienda\/wp-content\/uploads\/2019\/09\/ampliar-ssd-macbook-cambiar-disco.jpg?fit=800%2C800&ssl=1","contentUrl":"https:\/\/i0.wp.com\/www.pcmadrid.es\/tienda\/wp-content\/uploads\/2019\/09\/ampliar-ssd-macbook-cambiar-disco.jpg?fit=800%2C800&ssl=1","width":800,"height":800,"caption":"ampliar ssd macbook madrid"},{"@type":"BreadcrumbList","@id":"https:\/\/www.pcmadrid.es\/tienda\/producto\/instalacion-ssd120gb-macbook-2008-2012-macos\/#breadcrumb","itemListElement":[{"@type":"ListItem","position":1,"name":"Portada","item":"https:\/\/www.pcmadrid.es\/tienda\/"},{"@type":"ListItem","position":2,"name":"Todos los productos","item":"https:\/\/www.pcmadrid.es\/tienda\/todos-los-productos\/"},{"@type":"ListItem","position":3,"name":"Ampliaci\u00f3n disco SSD Macbook (2008-2012)"}]},{"@type":"WebSite","@id":"https:\/\/www.pcmadrid.es\/tienda\/#website","url":"https:\/\/www.pcmadrid.es\/tienda\/","name":"Tienda PCMADRID","description":"Venta y reparaciones de ordenadores","publisher":{"@id":"https:\/\/www.pcmadrid.es\/tienda\/#organization"},"potentialAction":[{"@type":"SearchAction","target":{"@type":"EntryPoint","urlTemplate":"https:\/\/www.pcmadrid.es\/tienda\/?s={search_term_string}"},"query-input":{"@type":"PropertyValueSpecification","valueRequired":true,"valueName":"search_term_string"}}],"inLanguage":"es"},{"@type":"Organization","@id":"https:\/\/www.pcmadrid.es\/tienda\/#organization","name":"PCMADRID","url":"https:\/\/www.pcmadrid.es\/tienda\/","logo":{"@type":"ImageObject","inLanguage":"es","@id":"https:\/\/www.pcmadrid.es\/tienda\/#\/schema\/logo\/image\/","url":"https:\/\/www.pcmadrid.es\/tienda\/wp-content\/uploads\/2019\/10\/pcmadridlogo..png","contentUrl":"https:\/\/www.pcmadrid.es\/tienda\/wp-content\/uploads\/2019\/10\/pcmadridlogo..png","width":750,"height":300,"caption":"PCMADRID"},"image":{"@id":"https:\/\/www.pcmadrid.es\/tienda\/#\/schema\/logo\/image\/"},"sameAs":["https:\/\/www.facebook.com\/pcmadridinformatica","https:\/\/x.com\/pc_madrid","https:\/\/www.youtube.com\/channel\/UCIbQq9k6BBrU5x2wqDIHr7A","https:\/\/www.instagram.com\/pcmadrid_informatica\/?hl=es","https:\/\/www.linkedin.com\/company\/9348326\/admin\/","https:\/\/www.pinterest.es\/pcmadrid_informatica\/"]}]}},"jetpack_sharing_enabled":true,"_links":{"self":[{"href":"https:\/\/www.pcmadrid.es\/tienda\/wp-json\/wp\/v2\/product\/6641","targetHints":{"allow":["GET"]}}],"collection":[{"href":"https:\/\/www.pcmadrid.es\/tienda\/wp-json\/wp\/v2\/product"}],"about":[{"href":"https:\/\/www.pcmadrid.es\/tienda\/wp-json\/wp\/v2\/types\/product"}],"replies":[{"embeddable":true,"href":"https:\/\/www.pcmadrid.es\/tienda\/wp-json\/wp\/v2\/comments?post=6641"}],"wp:featuredmedia":[{"embeddable":true,"href":"https:\/\/www.pcmadrid.es\/tienda\/wp-json\/wp\/v2\/media\/8196"}],"wp:attachment":[{"href":"https:\/\/www.pcmadrid.es\/tienda\/wp-json\/wp\/v2\/media?parent=6641"}],"wp:term":[{"taxonomy":"product_brand","embeddable":true,"href":"https:\/\/www.pcmadrid.es\/tienda\/wp-json\/wp\/v2\/product_brand?post=6641"},{"taxonomy":"product_cat","embeddable":true,"href":"https:\/\/www.pcmadrid.es\/tienda\/wp-json\/wp\/v2\/product_cat?post=6641"},{"taxonomy":"product_tag","embeddable":true,"href":"https:\/\/www.pcmadrid.es\/tienda\/wp-json\/wp\/v2\/product_tag?post=6641"}],"curies":[{"name":"wp","href":"https:\/\/api.w.org\/{rel}","templated":true}]}}