{"id":6839,"date":"2019-10-21T18:04:07","date_gmt":"2019-10-21T16:04:07","guid":{"rendered":"https:\/\/tienda.pcmadrid.es\/?post_type=product&#038;p=6839"},"modified":"2025-10-04T23:18:29","modified_gmt":"2025-10-04T21:18:29","slug":"reinstalacion-sistema-operativo","status":"publish","type":"product","link":"https:\/\/www.pcmadrid.es\/tienda\/producto\/reinstalacion-sistema-operativo\/","title":{"rendered":"Reinstalaci\u00f3n sistema operativo"},"content":{"rendered":"<h2 style=\"text-align: center;\"><span style=\"color: #00ccff;\">Reinstalaci\u00f3n de sistema operativo Windows, Mac OS o Ubuntu<\/span><\/h2>\n<p><img data-recalc-dims=\"1\" loading=\"lazy\" decoding=\"async\" class=\"wp-image-6842 size-full aligncenter\" src=\"https:\/\/i0.wp.com\/tienda.pcmadrid.es\/wp-content\/uploads\/2019\/10\/reinstalar-sistema-operativo-en-madrid.jpg?resize=1000%2C358&#038;ssl=1\" alt=\"Reinstalaci\u00f3n sistema operativo\" width=\"1000\" height=\"358\" srcset=\"https:\/\/i0.wp.com\/www.pcmadrid.es\/tienda\/wp-content\/uploads\/2019\/10\/reinstalar-sistema-operativo-en-madrid.jpg?w=1000&amp;ssl=1 1000w, https:\/\/i0.wp.com\/www.pcmadrid.es\/tienda\/wp-content\/uploads\/2019\/10\/reinstalar-sistema-operativo-en-madrid.jpg?resize=300%2C107&amp;ssl=1 300w, https:\/\/i0.wp.com\/www.pcmadrid.es\/tienda\/wp-content\/uploads\/2019\/10\/reinstalar-sistema-operativo-en-madrid.jpg?resize=768%2C275&amp;ssl=1 768w, https:\/\/i0.wp.com\/www.pcmadrid.es\/tienda\/wp-content\/uploads\/2019\/10\/reinstalar-sistema-operativo-en-madrid.jpg?resize=600%2C215&amp;ssl=1 600w\" sizes=\"(max-width: 1000px) 100vw, 1000px\" \/><\/p>\n<p><strong>Reinstalamos el sistema operativo de tu ordenador<\/strong> ante problemas con el registro da\u00f1ado, virus, lentitud o ordenador que simplemente no inicia.<\/p>\n<p>Instalamos en el PC o port\u00e1til el \u00faltimo sistema operativo disponible con todos los parches de seguridad incluidos.<\/p>\n<h3 style=\"text-align: center;\"><span style=\"color: #808080;\">En nuestro proceso de reinstalaci\u00f3n del sistema operativo realizamos:<\/span><\/h3>\n<ul>\n<li>Un formateo completo del disco duro.<\/li>\n<li>Una instalaci\u00f3n limpia con la \u00faltima imagen oficial de Microsoft, Apple o compilaci\u00f3n Linux.<\/li>\n<li>Una actualizaci\u00f3n de la BIOS del ordenador o port\u00e1til a su \u00faltima versi\u00f3n.<\/li>\n<li>La instalaci\u00f3n de todos los controladores o drivers de los fabricantes del hardware del equipo.<\/li>\n<li>Un paquete de programas gratuitos para que el equipo sea 100% funcional desde su entrega al cliente.<\/li>\n<li>Una copia de los datos de usuario cuando el cliente solicite esta opci\u00f3n. ( Escritorio, documentos, im\u00e1genes, m\u00fasica, etc.).<\/li>\n<\/ul>\n<p><strong>Este paquete de programas incluye<\/strong> OpenOffice ( Con una versi\u00f3n gratuita de Word, Excel, Power Point&#8230;), Google Chrome, VLC, WinRar, etc.<\/p>\n<p>Incluimos la instalaci\u00f3n de bloqueadores de publicidad en el navegador como Ublock y un antivirus gratuito permamente.<\/p>\n<hr \/>\n<h3 style=\"text-align: center;\"><span style=\"color: #99cc00;\">En el caso de reinstalaci\u00f3n de ordenadores Windows:<\/span><\/h3>\n<p>Si tu ordenador fue comprado con Windows 10, ya tiene una licencia para este sistema operativo por lo que esta licencia se conservar\u00e1 y no har\u00e1 falta renovarla.<\/p>\n<p><img data-recalc-dims=\"1\" loading=\"lazy\" decoding=\"async\" class=\"aligncenter wp-image-6845 size-full\" src=\"https:\/\/i0.wp.com\/tienda.pcmadrid.es\/wp-content\/uploads\/2019\/10\/sistema-operativo-windows-10.png?resize=300%2C143&#038;ssl=1\" alt=\"licencia de windows 10 en reinstalaciones\" width=\"300\" height=\"143\" \/><\/p>\n<p>En el caso de <strong>ordenadores que ten\u00edan de serie Windows 7, Windows Vista o Windows 8 y 8.1:<\/strong> Es recomendable adquirir una licencia de Windows 10 Pro permanente para no tener problemas de activaci\u00f3n y de software no original.<\/p>\n<p>Esto mismo ocurrir\u00e1 en<strong> ordenadores de sobremesa o PC a los que se les realice un cambio de placa<\/strong> porque esta se haya da\u00f1ado. Al instalar una nueva placa base, habr\u00e1 que usar una nueva licencia digital a no ser que se haya rescatado antes<\/p>\n<p>Este problema se puede solucionar con parches de diferentes Webs, pero desde <span style=\"color: #99cc00;\"><strong>PCMADRID<\/strong><\/span> no podemos ayudar al usuario con pirater\u00eda.<\/p>\n<p>En el caso de clientes con ordenadores sin licencia de Windows 10 y que no deseen adquirir una licencia, realizaremos todo el proceso de reinstalaci\u00f3n y Windows quedar\u00e1 en su periodo de prueba gratuita pero no activado.<\/p>\n<p>Al cabo de un tiempo el ordenador empezar\u00e1 a mostrar mensajes sobre que Windows no es original y debe de ser activado.<\/p>\n<p>Recomendamos por lo tanto a los usuarios particulares y de empresa que vengan de un sistema m\u00e1s antiguo y no posean licencia, que adquieran <strong><span style=\"color: #00ccff;\"><a style=\"color: #00ccff;\" href=\"https:\/\/tienda.pcmadrid.es\/producto\/microsoft-windows-10-pro-licencia-digital\/\">una licencia Windows 10 Pro en nuestra tienda.<\/a><\/span><\/strong><\/p>\n<hr \/>\n<p>&nbsp;<\/p>\n<h3 style=\"text-align: center;\">En el caso de la reinstalaci\u00f3n de ordenadores Apple:<\/h3>\n<p>En el caso de Mac OS, no es necesario el uso de una licencia, ya que Apple es el \u00fanico fabricante de sus ordenadores y todos tienen derecho al uso de su sistema operativo. Para acceder a los dem\u00e1s servicios de Apple lo haremos con una cuenta de iCloud que vincularemos al dispositivo.<\/p>\n<p>En estos ordenadores, tanto en MacBook como en iMac, instalaremos el \u00faltimo Mac OS disponible para el modelo.<\/p>\n<p>No todos los equipos de Apple se pueden <strong><span style=\"color: #993366;\"><a style=\"color: #993366;\" href=\"https:\/\/www.pcmadrid.es\/macos-catalina-varios-cambios-y-novedades\/\">actualizar a Catalina.<\/a><\/span><\/strong><\/p>\n<p>En el caso de los equipos m\u00e1s antiguos, la \u00faltima versi\u00f3n de Mac OS permitida por Apple es, OSX El Capit\u00e1n, OSX Mavericks o Yosemite.<\/p>\n<p>De la misma manera que en Windows, los equipos quedar\u00e1n protegidos contra el adware y la publicidad en los navegadores.<\/p>\n<p>&nbsp;<\/p>\n<p>&nbsp;<\/p>\n","protected":false},"excerpt":{"rendered":"<p>Realizamos la reinstalaci\u00f3n y actualizaci\u00f3n de tu sistema operativo con actualizaci\u00f3n de BIOS, drivers y pack de programas gratuitos. Si se desea una copia de los datos de usuario, se debe de seleccionar la <strong>reinstalaci\u00f3n con copia de datos<\/strong><\/p>\n","protected":false},"featured_media":8195,"comment_status":"open","ping_status":"closed","template":"","meta":{"_et_pb_use_builder":"","_et_pb_old_content":"","_et_gb_content_width":""},"product_brand":[],"product_cat":[89,98,105,104,106],"product_tag":[],"class_list":{"0":"post-6839","1":"product","2":"type-product","3":"status-publish","4":"has-post-thumbnail","6":"product_cat-ampliar-macbook","7":"product_cat-reparaciones","8":"product_cat-reparaciones-imac","9":"product_cat-reparaciones-macbook","10":"product_cat-reparaciones-windows","11":"product_shipping_class-recogida-y-entrega","13":"first","14":"instock","15":"sale","16":"taxable","17":"shipping-taxable","18":"purchasable","19":"product-type-variable","20":"has-default-attributes"},"yoast_head":"<!-- This site is optimized with the Yoast SEO plugin v27.5 - https:\/\/yoast.com\/product\/yoast-seo-wordpress\/ -->\n<title>Reinstalaci\u00f3n sistema operativo | Tienda PCMADRID<\/title>\n<meta name=\"robots\" content=\"index, follow, max-snippet:-1, max-image-preview:large, max-video-preview:-1\" \/>\n<link rel=\"canonical\" href=\"https:\/\/www.pcmadrid.es\/tienda\/producto\/reinstalacion-sistema-operativo\/\" \/>\n<meta name=\"twitter:label1\" content=\"Tiempo de lectura\" \/>\n\t<meta name=\"twitter:data1\" content=\"4 minutos\" \/>\n<script type=\"application\/ld+json\" class=\"yoast-schema-graph\">{\"@context\":\"https:\\\/\\\/schema.org\",\"@graph\":[{\"@type\":\"WebPage\",\"@id\":\"https:\\\/\\\/www.pcmadrid.es\\\/tienda\\\/producto\\\/reinstalacion-sistema-operativo\\\/\",\"url\":\"https:\\\/\\\/www.pcmadrid.es\\\/tienda\\\/producto\\\/reinstalacion-sistema-operativo\\\/\",\"name\":\"Reinstalaci\u00f3n sistema operativo | Tienda PCMADRID\",\"isPartOf\":{\"@id\":\"https:\\\/\\\/www.pcmadrid.es\\\/tienda\\\/#website\"},\"primaryImageOfPage\":{\"@id\":\"https:\\\/\\\/www.pcmadrid.es\\\/tienda\\\/producto\\\/reinstalacion-sistema-operativo\\\/#primaryimage\"},\"image\":{\"@id\":\"https:\\\/\\\/www.pcmadrid.es\\\/tienda\\\/producto\\\/reinstalacion-sistema-operativo\\\/#primaryimage\"},\"thumbnailUrl\":\"https:\\\/\\\/i0.wp.com\\\/www.pcmadrid.es\\\/tienda\\\/wp-content\\\/uploads\\\/2019\\\/10\\\/reinstalar-sistema-operativo-formatear-1.jpg?fit=800%2C800&ssl=1\",\"datePublished\":\"2019-10-21T16:04:07+00:00\",\"dateModified\":\"2025-10-04T21:18:29+00:00\",\"breadcrumb\":{\"@id\":\"https:\\\/\\\/www.pcmadrid.es\\\/tienda\\\/producto\\\/reinstalacion-sistema-operativo\\\/#breadcrumb\"},\"inLanguage\":\"es\",\"potentialAction\":[{\"@type\":\"ReadAction\",\"target\":[\"https:\\\/\\\/www.pcmadrid.es\\\/tienda\\\/producto\\\/reinstalacion-sistema-operativo\\\/\"]}]},{\"@type\":\"ImageObject\",\"inLanguage\":\"es\",\"@id\":\"https:\\\/\\\/www.pcmadrid.es\\\/tienda\\\/producto\\\/reinstalacion-sistema-operativo\\\/#primaryimage\",\"url\":\"https:\\\/\\\/i0.wp.com\\\/www.pcmadrid.es\\\/tienda\\\/wp-content\\\/uploads\\\/2019\\\/10\\\/reinstalar-sistema-operativo-formatear-1.jpg?fit=800%2C800&ssl=1\",\"contentUrl\":\"https:\\\/\\\/i0.wp.com\\\/www.pcmadrid.es\\\/tienda\\\/wp-content\\\/uploads\\\/2019\\\/10\\\/reinstalar-sistema-operativo-formatear-1.jpg?fit=800%2C800&ssl=1\",\"width\":800,\"height\":800,\"caption\":\"Reinstalaci\u00f3n sistema operativo\"},{\"@type\":\"BreadcrumbList\",\"@id\":\"https:\\\/\\\/www.pcmadrid.es\\\/tienda\\\/producto\\\/reinstalacion-sistema-operativo\\\/#breadcrumb\",\"itemListElement\":[{\"@type\":\"ListItem\",\"position\":1,\"name\":\"Portada\",\"item\":\"https:\\\/\\\/www.pcmadrid.es\\\/tienda\\\/\"},{\"@type\":\"ListItem\",\"position\":2,\"name\":\"Todos los productos\",\"item\":\"https:\\\/\\\/www.pcmadrid.es\\\/tienda\\\/todos-los-productos\\\/\"},{\"@type\":\"ListItem\",\"position\":3,\"name\":\"Reinstalaci\u00f3n sistema operativo\"}]},{\"@type\":\"WebSite\",\"@id\":\"https:\\\/\\\/www.pcmadrid.es\\\/tienda\\\/#website\",\"url\":\"https:\\\/\\\/www.pcmadrid.es\\\/tienda\\\/\",\"name\":\"Tienda PCMADRID\",\"description\":\"Venta y reparaciones de ordenadores\",\"publisher\":{\"@id\":\"https:\\\/\\\/www.pcmadrid.es\\\/tienda\\\/#organization\"},\"potentialAction\":[{\"@type\":\"SearchAction\",\"target\":{\"@type\":\"EntryPoint\",\"urlTemplate\":\"https:\\\/\\\/www.pcmadrid.es\\\/tienda\\\/?s={search_term_string}\"},\"query-input\":{\"@type\":\"PropertyValueSpecification\",\"valueRequired\":true,\"valueName\":\"search_term_string\"}}],\"inLanguage\":\"es\"},{\"@type\":\"Organization\",\"@id\":\"https:\\\/\\\/www.pcmadrid.es\\\/tienda\\\/#organization\",\"name\":\"PCMADRID\",\"url\":\"https:\\\/\\\/www.pcmadrid.es\\\/tienda\\\/\",\"logo\":{\"@type\":\"ImageObject\",\"inLanguage\":\"es\",\"@id\":\"https:\\\/\\\/www.pcmadrid.es\\\/tienda\\\/#\\\/schema\\\/logo\\\/image\\\/\",\"url\":\"https:\\\/\\\/www.pcmadrid.es\\\/tienda\\\/wp-content\\\/uploads\\\/2019\\\/10\\\/pcmadridlogo..png\",\"contentUrl\":\"https:\\\/\\\/www.pcmadrid.es\\\/tienda\\\/wp-content\\\/uploads\\\/2019\\\/10\\\/pcmadridlogo..png\",\"width\":750,\"height\":300,\"caption\":\"PCMADRID\"},\"image\":{\"@id\":\"https:\\\/\\\/www.pcmadrid.es\\\/tienda\\\/#\\\/schema\\\/logo\\\/image\\\/\"},\"sameAs\":[\"https:\\\/\\\/www.facebook.com\\\/pcmadridinformatica\",\"https:\\\/\\\/x.com\\\/pc_madrid\",\"https:\\\/\\\/www.youtube.com\\\/channel\\\/UCIbQq9k6BBrU5x2wqDIHr7A\",\"https:\\\/\\\/www.instagram.com\\\/pcmadrid_informatica\\\/?hl=es\",\"https:\\\/\\\/www.linkedin.com\\\/company\\\/9348326\\\/admin\\\/\",\"https:\\\/\\\/www.pinterest.es\\\/pcmadrid_informatica\\\/\"]}]}<\/script>\n<!-- \/ Yoast SEO plugin. -->","yoast_head_json":{"title":"Reinstalaci\u00f3n sistema operativo | Tienda PCMADRID","robots":{"index":"index","follow":"follow","max-snippet":"max-snippet:-1","max-image-preview":"max-image-preview:large","max-video-preview":"max-video-preview:-1"},"canonical":"https:\/\/www.pcmadrid.es\/tienda\/producto\/reinstalacion-sistema-operativo\/","twitter_misc":{"Tiempo de lectura":"4 minutos"},"schema":{"@context":"https:\/\/schema.org","@graph":[{"@type":"WebPage","@id":"https:\/\/www.pcmadrid.es\/tienda\/producto\/reinstalacion-sistema-operativo\/","url":"https:\/\/www.pcmadrid.es\/tienda\/producto\/reinstalacion-sistema-operativo\/","name":"Reinstalaci\u00f3n sistema operativo | Tienda PCMADRID","isPartOf":{"@id":"https:\/\/www.pcmadrid.es\/tienda\/#website"},"primaryImageOfPage":{"@id":"https:\/\/www.pcmadrid.es\/tienda\/producto\/reinstalacion-sistema-operativo\/#primaryimage"},"image":{"@id":"https:\/\/www.pcmadrid.es\/tienda\/producto\/reinstalacion-sistema-operativo\/#primaryimage"},"thumbnailUrl":"https:\/\/i0.wp.com\/www.pcmadrid.es\/tienda\/wp-content\/uploads\/2019\/10\/reinstalar-sistema-operativo-formatear-1.jpg?fit=800%2C800&ssl=1","datePublished":"2019-10-21T16:04:07+00:00","dateModified":"2025-10-04T21:18:29+00:00","breadcrumb":{"@id":"https:\/\/www.pcmadrid.es\/tienda\/producto\/reinstalacion-sistema-operativo\/#breadcrumb"},"inLanguage":"es","potentialAction":[{"@type":"ReadAction","target":["https:\/\/www.pcmadrid.es\/tienda\/producto\/reinstalacion-sistema-operativo\/"]}]},{"@type":"ImageObject","inLanguage":"es","@id":"https:\/\/www.pcmadrid.es\/tienda\/producto\/reinstalacion-sistema-operativo\/#primaryimage","url":"https:\/\/i0.wp.com\/www.pcmadrid.es\/tienda\/wp-content\/uploads\/2019\/10\/reinstalar-sistema-operativo-formatear-1.jpg?fit=800%2C800&ssl=1","contentUrl":"https:\/\/i0.wp.com\/www.pcmadrid.es\/tienda\/wp-content\/uploads\/2019\/10\/reinstalar-sistema-operativo-formatear-1.jpg?fit=800%2C800&ssl=1","width":800,"height":800,"caption":"Reinstalaci\u00f3n sistema operativo"},{"@type":"BreadcrumbList","@id":"https:\/\/www.pcmadrid.es\/tienda\/producto\/reinstalacion-sistema-operativo\/#breadcrumb","itemListElement":[{"@type":"ListItem","position":1,"name":"Portada","item":"https:\/\/www.pcmadrid.es\/tienda\/"},{"@type":"ListItem","position":2,"name":"Todos los productos","item":"https:\/\/www.pcmadrid.es\/tienda\/todos-los-productos\/"},{"@type":"ListItem","position":3,"name":"Reinstalaci\u00f3n sistema operativo"}]},{"@type":"WebSite","@id":"https:\/\/www.pcmadrid.es\/tienda\/#website","url":"https:\/\/www.pcmadrid.es\/tienda\/","name":"Tienda PCMADRID","description":"Venta y reparaciones de ordenadores","publisher":{"@id":"https:\/\/www.pcmadrid.es\/tienda\/#organization"},"potentialAction":[{"@type":"SearchAction","target":{"@type":"EntryPoint","urlTemplate":"https:\/\/www.pcmadrid.es\/tienda\/?s={search_term_string}"},"query-input":{"@type":"PropertyValueSpecification","valueRequired":true,"valueName":"search_term_string"}}],"inLanguage":"es"},{"@type":"Organization","@id":"https:\/\/www.pcmadrid.es\/tienda\/#organization","name":"PCMADRID","url":"https:\/\/www.pcmadrid.es\/tienda\/","logo":{"@type":"ImageObject","inLanguage":"es","@id":"https:\/\/www.pcmadrid.es\/tienda\/#\/schema\/logo\/image\/","url":"https:\/\/www.pcmadrid.es\/tienda\/wp-content\/uploads\/2019\/10\/pcmadridlogo..png","contentUrl":"https:\/\/www.pcmadrid.es\/tienda\/wp-content\/uploads\/2019\/10\/pcmadridlogo..png","width":750,"height":300,"caption":"PCMADRID"},"image":{"@id":"https:\/\/www.pcmadrid.es\/tienda\/#\/schema\/logo\/image\/"},"sameAs":["https:\/\/www.facebook.com\/pcmadridinformatica","https:\/\/x.com\/pc_madrid","https:\/\/www.youtube.com\/channel\/UCIbQq9k6BBrU5x2wqDIHr7A","https:\/\/www.instagram.com\/pcmadrid_informatica\/?hl=es","https:\/\/www.linkedin.com\/company\/9348326\/admin\/","https:\/\/www.pinterest.es\/pcmadrid_informatica\/"]}]}},"jetpack_sharing_enabled":true,"_links":{"self":[{"href":"https:\/\/www.pcmadrid.es\/tienda\/wp-json\/wp\/v2\/product\/6839","targetHints":{"allow":["GET"]}}],"collection":[{"href":"https:\/\/www.pcmadrid.es\/tienda\/wp-json\/wp\/v2\/product"}],"about":[{"href":"https:\/\/www.pcmadrid.es\/tienda\/wp-json\/wp\/v2\/types\/product"}],"replies":[{"embeddable":true,"href":"https:\/\/www.pcmadrid.es\/tienda\/wp-json\/wp\/v2\/comments?post=6839"}],"wp:featuredmedia":[{"embeddable":true,"href":"https:\/\/www.pcmadrid.es\/tienda\/wp-json\/wp\/v2\/media\/8195"}],"wp:attachment":[{"href":"https:\/\/www.pcmadrid.es\/tienda\/wp-json\/wp\/v2\/media?parent=6839"}],"wp:term":[{"taxonomy":"product_brand","embeddable":true,"href":"https:\/\/www.pcmadrid.es\/tienda\/wp-json\/wp\/v2\/product_brand?post=6839"},{"taxonomy":"product_cat","embeddable":true,"href":"https:\/\/www.pcmadrid.es\/tienda\/wp-json\/wp\/v2\/product_cat?post=6839"},{"taxonomy":"product_tag","embeddable":true,"href":"https:\/\/www.pcmadrid.es\/tienda\/wp-json\/wp\/v2\/product_tag?post=6839"}],"curies":[{"name":"wp","href":"https:\/\/api.w.org\/{rel}","templated":true}]}}