{"id":6851,"date":"2019-10-21T19:30:18","date_gmt":"2019-10-21T17:30:18","guid":{"rendered":"https:\/\/tienda.pcmadrid.es\/?post_type=product&#038;p=6851"},"modified":"2025-04-11T18:01:10","modified_gmt":"2025-04-11T16:01:10","slug":"cambio-de-pantalla-portatil-156","status":"publish","type":"product","link":"https:\/\/www.pcmadrid.es\/tienda\/producto\/cambio-de-pantalla-portatil-156\/","title":{"rendered":"Cambio de pantalla port\u00e1til 15,6"},"content":{"rendered":"<h2 style=\"text-align: center;\"><span style=\"color: #808080;\">\u00bfNecesitas cambiar la pantalla de tu port\u00e1til?<\/span><\/h2>\n<p>Realizamos el cambio de la pantalla de tu port\u00e1til de 15,6 pulgadas. Instalamos solo pantallas de alta calidad con garant\u00eda de 1 a\u00f1o.<\/p>\n<p>Si tu pantalla ha sufrido un golpe, se ha mojado o ha fallado el panel con el tiempo, disponemos de pantallas de reemplazo de alta calidad y t\u00e9cnicos cualificados en nuestros talleres.<\/p>\n<hr \/>\n<p><strong>Este producto incluye el nuevo panel o flex, la mano de obra y el iva.<\/strong><\/p>\n<p><img data-recalc-dims=\"1\" loading=\"lazy\" decoding=\"async\" class=\"wp-image-6853 size-full aligncenter\" src=\"https:\/\/i0.wp.com\/tienda.pcmadrid.es\/wp-content\/uploads\/2019\/10\/pantalla-de-port%C3%A1til-rota.jpg?resize=773%2C371&#038;ssl=1\" alt=\"Cambio de pantalla port\u00e1til 15,6\" width=\"773\" height=\"371\" srcset=\"https:\/\/i0.wp.com\/www.pcmadrid.es\/tienda\/wp-content\/uploads\/2019\/10\/pantalla-de-port%C3%A1til-rota.jpg?w=773&amp;ssl=1 773w, https:\/\/i0.wp.com\/www.pcmadrid.es\/tienda\/wp-content\/uploads\/2019\/10\/pantalla-de-port%C3%A1til-rota.jpg?resize=300%2C144&amp;ssl=1 300w, https:\/\/i0.wp.com\/www.pcmadrid.es\/tienda\/wp-content\/uploads\/2019\/10\/pantalla-de-port%C3%A1til-rota.jpg?resize=768%2C369&amp;ssl=1 768w, https:\/\/i0.wp.com\/www.pcmadrid.es\/tienda\/wp-content\/uploads\/2019\/10\/pantalla-de-port%C3%A1til-rota.jpg?resize=600%2C288&amp;ssl=1 600w\" sizes=\"(max-width: 773px) 100vw, 773px\" \/><\/p>\n<h3 style=\"text-align: center;\"><span style=\"color: #99cc00;\">Ordenadores port\u00e1tiles con da\u00f1os en la pantalla<\/span><\/h3>\n<h4><span style=\"color: #808080;\">Por norma general, antes de enviar el equipo tenemos que revisar a ser posible que nos encontramos en uno de estos casos:<\/span><\/h4>\n<p>1- <strong>No hay imagen en la pantalla<\/strong> que se muestra en negro, pero el ordenador enciende y podemos ver el led de encendido, carga y\/o sonido de los ventiladores.<\/p>\n<p>En este caso podemos <strong>conectar el port\u00e1til por HDMI<\/strong>\u00a0 a un monitor para observar si aparece imagen:<\/p>\n<ul>\n<li>Si sale imagen correctamente a trav\u00e9s de HDMI. La pantalla o el flex est\u00e1n da\u00f1ados y se puede proceder a enviar el equipo para su reparaci\u00f3n.<\/li>\n<li>No sale imagen a trav\u00e9s de HDMI. Probablemente no es la pantalla lo que est\u00e1 fallando, el fallo se puede deber a un fallo de GPU o de placa base.<\/li>\n<li>Si el monitor si que recibe imagen pero esta es en negro, puede deberse nuevamente a un fallo de GPU o a un fallo del propio sistema operativo.<\/li>\n<\/ul>\n<p>2- <strong>La pantalla muestra s\u00edntomas evidentes de un golpe o da\u00f1o f\u00edsico.<\/strong> Mostrando cortes y partes en negro con la tinta del panel da\u00f1ada.<\/p>\n<p>En esta caso no hay lugar a dudas y el cambio de pantalla es necesario.<\/p>\n<h3 style=\"text-align: center;\"><span style=\"color: #99cc00;\">Consideraciones y garant\u00eda de pantalla de port\u00e1til<\/span><\/h3>\n<p>*Si el equipo recibido no ten\u00eda un fallo en el panel sino que la aver\u00eda es otra, informaremos al cliente, elaborando un presupuesto de forma gratuita. En caso de que el cliente no acepte el nuevo presupuesto de reparaci\u00f3n del sistema, GPU o placa base, reembolsaremos el importe pagado por la reparaci\u00f3n de la pantalla. Descontaremos \u00fanicamente el coste de los portes de recogida y env\u00edo en el caso.<\/p>\n<p>*La garant\u00eda del nuevo panel, cubre un LCD defectuoso, que deja de mostrar la imagen en parte o en su totalidad o lo hace con tonos quemados. En ning\u00fan caso cubre el da\u00f1o por golpes, cortocircuitos, incendios y agua.<\/p>\n<p>*Nuestras pantallas son de los primeros fabricantes del mercado y de alta calidad. Ante la existencia de alg\u00fan p\u00edxel muerto, nos regimos por lo que dicta la ley del consumidor:<\/p>\n<p><img data-recalc-dims=\"1\" loading=\"lazy\" decoding=\"async\" class=\"wp-image-6852 size-full aligncenter\" src=\"https:\/\/i0.wp.com\/tienda.pcmadrid.es\/wp-content\/uploads\/2019\/10\/garantia-pixeles-muertos-pantalla.jpg?resize=624%2C297&#038;ssl=1\" alt=\"cambio de pantalla madrid portatil\" width=\"624\" height=\"297\" srcset=\"https:\/\/i0.wp.com\/www.pcmadrid.es\/tienda\/wp-content\/uploads\/2019\/10\/garantia-pixeles-muertos-pantalla.jpg?w=624&amp;ssl=1 624w, https:\/\/i0.wp.com\/www.pcmadrid.es\/tienda\/wp-content\/uploads\/2019\/10\/garantia-pixeles-muertos-pantalla.jpg?resize=300%2C143&amp;ssl=1 300w, https:\/\/i0.wp.com\/www.pcmadrid.es\/tienda\/wp-content\/uploads\/2019\/10\/garantia-pixeles-muertos-pantalla.jpg?resize=600%2C286&amp;ssl=1 600w\" sizes=\"(max-width: 624px) 100vw, 624px\" \/><\/p>\n<p>En el caso de las pantallas para port\u00e1til, ser\u00edan paneles de clase II,<\/p>\n<ul>\n<li><strong>Tipo 1:<\/strong> p\u00edxel defectuoso encendido en blanco.<\/li>\n<li><strong>Tipo 2:<\/strong> p\u00edxel que est\u00e1 siempre en negro.<\/li>\n<li><strong>Tipo 3: <\/strong>Alguno de los subp\u00edxeles no funciona correctamente.<\/li>\n<\/ul>\n<p>&nbsp;<\/p>\n<p>*Para pantallas t\u00e1ctiles, otros formatos o para cualquier duda sobre el cambio de pantalla de port\u00e1til de 15,6 pulgadas, pod\u00e9is<strong><span style=\"color: #00ccff;\"><a style=\"color: #00ccff;\" href=\"https:\/\/www.pcmadrid.es\/contacto\/\"> contactar a nuestras tiendas de inform\u00e1tica<\/a><\/span><\/strong> o llamar al 91-5996504.<\/p>\n","protected":false},"excerpt":{"rendered":"<p>Cambio de pantalla port\u00e1til 15,6 pulgadas con <strong>pantallas LCD de alta calidad, componentes originales y 1 a\u00f1o de garant\u00eda. <\/strong>Para pantalla t\u00e1ctil u otros tama\u00f1os consultar.<\/p>\n","protected":false},"featured_media":8221,"comment_status":"open","ping_status":"closed","template":"","meta":{"_et_pb_use_builder":"","_et_pb_old_content":"","_et_gb_content_width":""},"product_brand":[],"product_cat":[98,106],"product_tag":[],"class_list":{"0":"post-6851","1":"product","2":"type-product","3":"status-publish","4":"has-post-thumbnail","6":"product_cat-reparaciones","7":"product_cat-reparaciones-windows","8":"product_shipping_class-recogida-y-entrega","10":"first","11":"instock","12":"sale","13":"taxable","14":"shipping-taxable","15":"purchasable","16":"product-type-variable"},"yoast_head":"<!-- This site is optimized with the Yoast SEO plugin v27.5 - https:\/\/yoast.com\/product\/yoast-seo-wordpress\/ -->\n<title>Cambio de pantalla port\u00e1til 15,6 | Tienda PCMADRID<\/title>\n<meta name=\"robots\" content=\"index, follow, max-snippet:-1, max-image-preview:large, max-video-preview:-1\" \/>\n<link rel=\"canonical\" href=\"https:\/\/www.pcmadrid.es\/tienda\/producto\/cambio-de-pantalla-portatil-156\/\" \/>\n<meta name=\"twitter:label1\" content=\"Tiempo de lectura\" \/>\n\t<meta name=\"twitter:data1\" content=\"3 minutos\" \/>\n<script type=\"application\/ld+json\" class=\"yoast-schema-graph\">{\"@context\":\"https:\\\/\\\/schema.org\",\"@graph\":[{\"@type\":\"WebPage\",\"@id\":\"https:\\\/\\\/www.pcmadrid.es\\\/tienda\\\/producto\\\/cambio-de-pantalla-portatil-156\\\/\",\"url\":\"https:\\\/\\\/www.pcmadrid.es\\\/tienda\\\/producto\\\/cambio-de-pantalla-portatil-156\\\/\",\"name\":\"Cambio de pantalla port\u00e1til 15,6 | Tienda PCMADRID\",\"isPartOf\":{\"@id\":\"https:\\\/\\\/www.pcmadrid.es\\\/tienda\\\/#website\"},\"primaryImageOfPage\":{\"@id\":\"https:\\\/\\\/www.pcmadrid.es\\\/tienda\\\/producto\\\/cambio-de-pantalla-portatil-156\\\/#primaryimage\"},\"image\":{\"@id\":\"https:\\\/\\\/www.pcmadrid.es\\\/tienda\\\/producto\\\/cambio-de-pantalla-portatil-156\\\/#primaryimage\"},\"thumbnailUrl\":\"https:\\\/\\\/i0.wp.com\\\/www.pcmadrid.es\\\/tienda\\\/wp-content\\\/uploads\\\/2019\\\/10\\\/cambiar-pantalla-portatil-madrid-1.jpg?fit=800%2C800&ssl=1\",\"datePublished\":\"2019-10-21T17:30:18+00:00\",\"dateModified\":\"2025-04-11T16:01:10+00:00\",\"breadcrumb\":{\"@id\":\"https:\\\/\\\/www.pcmadrid.es\\\/tienda\\\/producto\\\/cambio-de-pantalla-portatil-156\\\/#breadcrumb\"},\"inLanguage\":\"es\",\"potentialAction\":[{\"@type\":\"ReadAction\",\"target\":[\"https:\\\/\\\/www.pcmadrid.es\\\/tienda\\\/producto\\\/cambio-de-pantalla-portatil-156\\\/\"]}]},{\"@type\":\"ImageObject\",\"inLanguage\":\"es\",\"@id\":\"https:\\\/\\\/www.pcmadrid.es\\\/tienda\\\/producto\\\/cambio-de-pantalla-portatil-156\\\/#primaryimage\",\"url\":\"https:\\\/\\\/i0.wp.com\\\/www.pcmadrid.es\\\/tienda\\\/wp-content\\\/uploads\\\/2019\\\/10\\\/cambiar-pantalla-portatil-madrid-1.jpg?fit=800%2C800&ssl=1\",\"contentUrl\":\"https:\\\/\\\/i0.wp.com\\\/www.pcmadrid.es\\\/tienda\\\/wp-content\\\/uploads\\\/2019\\\/10\\\/cambiar-pantalla-portatil-madrid-1.jpg?fit=800%2C800&ssl=1\",\"width\":800,\"height\":800,\"caption\":\"cambiar pantalla port\u00e1til madrid\"},{\"@type\":\"BreadcrumbList\",\"@id\":\"https:\\\/\\\/www.pcmadrid.es\\\/tienda\\\/producto\\\/cambio-de-pantalla-portatil-156\\\/#breadcrumb\",\"itemListElement\":[{\"@type\":\"ListItem\",\"position\":1,\"name\":\"Portada\",\"item\":\"https:\\\/\\\/www.pcmadrid.es\\\/tienda\\\/\"},{\"@type\":\"ListItem\",\"position\":2,\"name\":\"Todos los productos\",\"item\":\"https:\\\/\\\/www.pcmadrid.es\\\/tienda\\\/todos-los-productos\\\/\"},{\"@type\":\"ListItem\",\"position\":3,\"name\":\"Cambio de pantalla port\u00e1til 15,6\"}]},{\"@type\":\"WebSite\",\"@id\":\"https:\\\/\\\/www.pcmadrid.es\\\/tienda\\\/#website\",\"url\":\"https:\\\/\\\/www.pcmadrid.es\\\/tienda\\\/\",\"name\":\"Tienda PCMADRID\",\"description\":\"Venta y reparaciones de ordenadores\",\"publisher\":{\"@id\":\"https:\\\/\\\/www.pcmadrid.es\\\/tienda\\\/#organization\"},\"potentialAction\":[{\"@type\":\"SearchAction\",\"target\":{\"@type\":\"EntryPoint\",\"urlTemplate\":\"https:\\\/\\\/www.pcmadrid.es\\\/tienda\\\/?s={search_term_string}\"},\"query-input\":{\"@type\":\"PropertyValueSpecification\",\"valueRequired\":true,\"valueName\":\"search_term_string\"}}],\"inLanguage\":\"es\"},{\"@type\":\"Organization\",\"@id\":\"https:\\\/\\\/www.pcmadrid.es\\\/tienda\\\/#organization\",\"name\":\"PCMADRID\",\"url\":\"https:\\\/\\\/www.pcmadrid.es\\\/tienda\\\/\",\"logo\":{\"@type\":\"ImageObject\",\"inLanguage\":\"es\",\"@id\":\"https:\\\/\\\/www.pcmadrid.es\\\/tienda\\\/#\\\/schema\\\/logo\\\/image\\\/\",\"url\":\"https:\\\/\\\/www.pcmadrid.es\\\/tienda\\\/wp-content\\\/uploads\\\/2019\\\/10\\\/pcmadridlogo..png\",\"contentUrl\":\"https:\\\/\\\/www.pcmadrid.es\\\/tienda\\\/wp-content\\\/uploads\\\/2019\\\/10\\\/pcmadridlogo..png\",\"width\":750,\"height\":300,\"caption\":\"PCMADRID\"},\"image\":{\"@id\":\"https:\\\/\\\/www.pcmadrid.es\\\/tienda\\\/#\\\/schema\\\/logo\\\/image\\\/\"},\"sameAs\":[\"https:\\\/\\\/www.facebook.com\\\/pcmadridinformatica\",\"https:\\\/\\\/x.com\\\/pc_madrid\",\"https:\\\/\\\/www.youtube.com\\\/channel\\\/UCIbQq9k6BBrU5x2wqDIHr7A\",\"https:\\\/\\\/www.instagram.com\\\/pcmadrid_informatica\\\/?hl=es\",\"https:\\\/\\\/www.linkedin.com\\\/company\\\/9348326\\\/admin\\\/\",\"https:\\\/\\\/www.pinterest.es\\\/pcmadrid_informatica\\\/\"]}]}<\/script>\n<!-- \/ Yoast SEO plugin. -->","yoast_head_json":{"title":"Cambio de pantalla port\u00e1til 15,6 | Tienda PCMADRID","robots":{"index":"index","follow":"follow","max-snippet":"max-snippet:-1","max-image-preview":"max-image-preview:large","max-video-preview":"max-video-preview:-1"},"canonical":"https:\/\/www.pcmadrid.es\/tienda\/producto\/cambio-de-pantalla-portatil-156\/","twitter_misc":{"Tiempo de lectura":"3 minutos"},"schema":{"@context":"https:\/\/schema.org","@graph":[{"@type":"WebPage","@id":"https:\/\/www.pcmadrid.es\/tienda\/producto\/cambio-de-pantalla-portatil-156\/","url":"https:\/\/www.pcmadrid.es\/tienda\/producto\/cambio-de-pantalla-portatil-156\/","name":"Cambio de pantalla port\u00e1til 15,6 | Tienda PCMADRID","isPartOf":{"@id":"https:\/\/www.pcmadrid.es\/tienda\/#website"},"primaryImageOfPage":{"@id":"https:\/\/www.pcmadrid.es\/tienda\/producto\/cambio-de-pantalla-portatil-156\/#primaryimage"},"image":{"@id":"https:\/\/www.pcmadrid.es\/tienda\/producto\/cambio-de-pantalla-portatil-156\/#primaryimage"},"thumbnailUrl":"https:\/\/i0.wp.com\/www.pcmadrid.es\/tienda\/wp-content\/uploads\/2019\/10\/cambiar-pantalla-portatil-madrid-1.jpg?fit=800%2C800&ssl=1","datePublished":"2019-10-21T17:30:18+00:00","dateModified":"2025-04-11T16:01:10+00:00","breadcrumb":{"@id":"https:\/\/www.pcmadrid.es\/tienda\/producto\/cambio-de-pantalla-portatil-156\/#breadcrumb"},"inLanguage":"es","potentialAction":[{"@type":"ReadAction","target":["https:\/\/www.pcmadrid.es\/tienda\/producto\/cambio-de-pantalla-portatil-156\/"]}]},{"@type":"ImageObject","inLanguage":"es","@id":"https:\/\/www.pcmadrid.es\/tienda\/producto\/cambio-de-pantalla-portatil-156\/#primaryimage","url":"https:\/\/i0.wp.com\/www.pcmadrid.es\/tienda\/wp-content\/uploads\/2019\/10\/cambiar-pantalla-portatil-madrid-1.jpg?fit=800%2C800&ssl=1","contentUrl":"https:\/\/i0.wp.com\/www.pcmadrid.es\/tienda\/wp-content\/uploads\/2019\/10\/cambiar-pantalla-portatil-madrid-1.jpg?fit=800%2C800&ssl=1","width":800,"height":800,"caption":"cambiar pantalla port\u00e1til madrid"},{"@type":"BreadcrumbList","@id":"https:\/\/www.pcmadrid.es\/tienda\/producto\/cambio-de-pantalla-portatil-156\/#breadcrumb","itemListElement":[{"@type":"ListItem","position":1,"name":"Portada","item":"https:\/\/www.pcmadrid.es\/tienda\/"},{"@type":"ListItem","position":2,"name":"Todos los productos","item":"https:\/\/www.pcmadrid.es\/tienda\/todos-los-productos\/"},{"@type":"ListItem","position":3,"name":"Cambio de pantalla port\u00e1til 15,6"}]},{"@type":"WebSite","@id":"https:\/\/www.pcmadrid.es\/tienda\/#website","url":"https:\/\/www.pcmadrid.es\/tienda\/","name":"Tienda PCMADRID","description":"Venta y reparaciones de ordenadores","publisher":{"@id":"https:\/\/www.pcmadrid.es\/tienda\/#organization"},"potentialAction":[{"@type":"SearchAction","target":{"@type":"EntryPoint","urlTemplate":"https:\/\/www.pcmadrid.es\/tienda\/?s={search_term_string}"},"query-input":{"@type":"PropertyValueSpecification","valueRequired":true,"valueName":"search_term_string"}}],"inLanguage":"es"},{"@type":"Organization","@id":"https:\/\/www.pcmadrid.es\/tienda\/#organization","name":"PCMADRID","url":"https:\/\/www.pcmadrid.es\/tienda\/","logo":{"@type":"ImageObject","inLanguage":"es","@id":"https:\/\/www.pcmadrid.es\/tienda\/#\/schema\/logo\/image\/","url":"https:\/\/www.pcmadrid.es\/tienda\/wp-content\/uploads\/2019\/10\/pcmadridlogo..png","contentUrl":"https:\/\/www.pcmadrid.es\/tienda\/wp-content\/uploads\/2019\/10\/pcmadridlogo..png","width":750,"height":300,"caption":"PCMADRID"},"image":{"@id":"https:\/\/www.pcmadrid.es\/tienda\/#\/schema\/logo\/image\/"},"sameAs":["https:\/\/www.facebook.com\/pcmadridinformatica","https:\/\/x.com\/pc_madrid","https:\/\/www.youtube.com\/channel\/UCIbQq9k6BBrU5x2wqDIHr7A","https:\/\/www.instagram.com\/pcmadrid_informatica\/?hl=es","https:\/\/www.linkedin.com\/company\/9348326\/admin\/","https:\/\/www.pinterest.es\/pcmadrid_informatica\/"]}]}},"jetpack_sharing_enabled":true,"_links":{"self":[{"href":"https:\/\/www.pcmadrid.es\/tienda\/wp-json\/wp\/v2\/product\/6851","targetHints":{"allow":["GET"]}}],"collection":[{"href":"https:\/\/www.pcmadrid.es\/tienda\/wp-json\/wp\/v2\/product"}],"about":[{"href":"https:\/\/www.pcmadrid.es\/tienda\/wp-json\/wp\/v2\/types\/product"}],"replies":[{"embeddable":true,"href":"https:\/\/www.pcmadrid.es\/tienda\/wp-json\/wp\/v2\/comments?post=6851"}],"wp:featuredmedia":[{"embeddable":true,"href":"https:\/\/www.pcmadrid.es\/tienda\/wp-json\/wp\/v2\/media\/8221"}],"wp:attachment":[{"href":"https:\/\/www.pcmadrid.es\/tienda\/wp-json\/wp\/v2\/media?parent=6851"}],"wp:term":[{"taxonomy":"product_brand","embeddable":true,"href":"https:\/\/www.pcmadrid.es\/tienda\/wp-json\/wp\/v2\/product_brand?post=6851"},{"taxonomy":"product_cat","embeddable":true,"href":"https:\/\/www.pcmadrid.es\/tienda\/wp-json\/wp\/v2\/product_cat?post=6851"},{"taxonomy":"product_tag","embeddable":true,"href":"https:\/\/www.pcmadrid.es\/tienda\/wp-json\/wp\/v2\/product_tag?post=6851"}],"curies":[{"name":"wp","href":"https:\/\/api.w.org\/{rel}","templated":true}]}}