{"id":6922,"date":"2019-10-23T14:51:43","date_gmt":"2019-10-23T12:51:43","guid":{"rendered":"https:\/\/tienda.pcmadrid.es\/?post_type=product&#038;p=6922"},"modified":"2024-07-22T20:10:11","modified_gmt":"2024-07-22T18:10:11","slug":"ampliar-disco-duro-ssd-en-pc","status":"publish","type":"product","link":"https:\/\/www.pcmadrid.es\/tienda\/producto\/ampliar-disco-duro-ssd-en-pc\/","title":{"rendered":"Ampliar disco duro SSD en PC"},"content":{"rendered":"<h2 style=\"text-align: center;\"><span style=\"color: #00ccff;\">Cambia el disco duro de tu PC a un disco de estado s\u00f3lido<\/span><\/h2>\n<p>Si est\u00e1s cansado de esperar tiempos de carga eternos en tu sobremesa, tienes un i3, i5 o i7 pero tu experiencia de uso es desesperante. Quiz\u00e1s no te hayan contado que a pesar de que tu procesador es muy capaz de ejecutar el sistema y los programas, tu disco no lo es.<\/p>\n<hr \/>\n<p><img data-recalc-dims=\"1\" loading=\"lazy\" decoding=\"async\" class=\"wp-image-6892 size-full aligncenter\" src=\"https:\/\/i0.wp.com\/tienda.pcmadrid.es\/wp-content\/uploads\/2019\/10\/aHR0cDovL3d3dy5sYXB0b3BtYWcuY29tL2ltYWdlcy93cC9wdXJjaC1hcGkvaW5jb250ZW50LzIwMTYvMDcvMTQ2OTYzNzg0Ny5wbmc.png?resize=675%2C200&#038;ssl=1\" alt=\"cambiar a disco ssd portatil\" width=\"675\" height=\"200\" srcset=\"https:\/\/i0.wp.com\/www.pcmadrid.es\/tienda\/wp-content\/uploads\/2019\/10\/aHR0cDovL3d3dy5sYXB0b3BtYWcuY29tL2ltYWdlcy93cC9wdXJjaC1hcGkvaW5jb250ZW50LzIwMTYvMDcvMTQ2OTYzNzg0Ny5wbmc.png?w=675&amp;ssl=1 675w, https:\/\/i0.wp.com\/www.pcmadrid.es\/tienda\/wp-content\/uploads\/2019\/10\/aHR0cDovL3d3dy5sYXB0b3BtYWcuY29tL2ltYWdlcy93cC9wdXJjaC1hcGkvaW5jb250ZW50LzIwMTYvMDcvMTQ2OTYzNzg0Ny5wbmc.png?resize=300%2C89&amp;ssl=1 300w, https:\/\/i0.wp.com\/www.pcmadrid.es\/tienda\/wp-content\/uploads\/2019\/10\/aHR0cDovL3d3dy5sYXB0b3BtYWcuY29tL2ltYWdlcy93cC9wdXJjaC1hcGkvaW5jb250ZW50LzIwMTYvMDcvMTQ2OTYzNzg0Ny5wbmc.png?resize=600%2C178&amp;ssl=1 600w\" sizes=\"(max-width: 675px) 100vw, 675px\" \/><\/p>\n<p>Muchos usuarios piensan en comprar otro ordenador cuando el \u00fanico motivo del mal funcionamiento de tu PC es el disco duro.<\/p>\n<p>Los disco duros mec\u00e1nicos tienen una velocidad de lectura y de escritura mucho mas lenta que los discos SSD. Su funcionamiento es, salvando las diferencias, como el un vinilo antiguo que gira para que una aguja con sus cabezales sea capaz de leer el contenido.<\/p>\n<p>Adem\u00e1s de esto el contenido en el disco queda fragmentado y sus sectores se van da\u00f1ando con el uso. El sistema se queda por lo tanto esperando a que el disco le entregue la informaci\u00f3n que ha solicitado.<\/p>\n<p>Esto resulta en un sistema operativo lento y con cuelgues y bloqueos.<\/p>\n<p>Los ordenadores de sobremesa con disco duro s\u00f3lido pasan a funcionar mucho m\u00e1s r\u00e1pido que incluso cuando eran nuevos. Es la reparaci\u00f3n\/ampliaci\u00f3n m\u00e1s recomendable para dar una nueva vida a un ordenador.<\/p>\n<p><img data-recalc-dims=\"1\" loading=\"lazy\" decoding=\"async\" class=\"wp-image-6894 size-full aligncenter\" src=\"https:\/\/i0.wp.com\/tienda.pcmadrid.es\/wp-content\/uploads\/2019\/10\/HDD-vs-SSD.png?resize=800%2C360&#038;ssl=1\" alt=\"oferta en ssd madrid informatica\" width=\"800\" height=\"360\" srcset=\"https:\/\/i0.wp.com\/www.pcmadrid.es\/tienda\/wp-content\/uploads\/2019\/10\/HDD-vs-SSD.png?w=800&amp;ssl=1 800w, https:\/\/i0.wp.com\/www.pcmadrid.es\/tienda\/wp-content\/uploads\/2019\/10\/HDD-vs-SSD.png?resize=300%2C135&amp;ssl=1 300w, https:\/\/i0.wp.com\/www.pcmadrid.es\/tienda\/wp-content\/uploads\/2019\/10\/HDD-vs-SSD.png?resize=768%2C346&amp;ssl=1 768w, https:\/\/i0.wp.com\/www.pcmadrid.es\/tienda\/wp-content\/uploads\/2019\/10\/HDD-vs-SSD.png?resize=600%2C270&amp;ssl=1 600w\" sizes=\"(max-width: 800px) 100vw, 800px\" \/><\/p>\n<h3 style=\"text-align: center;\"><span style=\"color: #99cc00;\">Cambia a SSD\u00a0 en tu PC si tu disco duro est\u00e1 da\u00f1ado<\/span><\/h3>\n<p>Se pueden dar 3 casos en que quieras cambiar a disco duro SSD en tu PC:<\/p>\n<ol>\n<li><strong>Tu disco duro est\u00e1 da\u00f1ado<\/strong>, en este caso tu sistema no inicia y aparece un error de &#8220;hard disk not found&#8221; o tu pantalla est\u00e1 completamente en negro con un cursor que parpadea.<\/li>\n<\/ol>\n<ul>\n<li>En este caso no podremos conservar tu disco HDD como secundario ya que el disco est\u00e1 roto. Si necesitas recuperar tus datos podr\u00e1s indicarlo a nuestros t\u00e9cnicos para que nuestro laboratorio de recuperaci\u00f3n elabore un <strong>presupuesto de recuperaci\u00f3n de datos<\/strong>. Este presupuesto depender\u00e1 de si el fallo es electr\u00f3nico, o mec\u00e1nico y de si es necesario usar un disco donante. El presupuesto es gratuito y sin compromiso como en todos nuestros servicios.<\/li>\n<\/ul>\n<ol>\n<li><strong>Tu disco duro est\u00e1 en mal estado<\/strong>, con sectores da\u00f1ados\u00a0 y tu sistema funciona muy lento y con bloqueos. Puedes analizarlo con &#8220;Cristal Disk&#8221; para analizar el estado de tu disco duro y asegurarte de ello.<\/li>\n<\/ol>\n<ul>\n<li>Si tu disco es funcional, se podr\u00e1 seguir usando como disco secundario dentro de tu PC. Recomendamos realizar una copia del contenido importante de este disco al recibir nuestro env\u00edo, ya que probablemente al cabo de un tiempo este disco acabe dando problemas.<\/li>\n<\/ul>\n<ol>\n<li><strong>Tu disco duro funciona perfectamente<\/strong> pero quieres cambiar a un disco s\u00f3lido para que el rendimiento de tu ordenador y velocidad sea muy superior.<\/li>\n<\/ol>\n<ul>\n<li>En este caso, podremos dejar tu disco duro mec\u00e1nico como secundario para que puedas seguir almacenando datos en el que no sean de sistema operativo.<br \/>\n<hr \/>\n<\/li>\n<\/ul>\n<h3 style=\"text-align: center;\"><span style=\"color: #808080;\">Qu\u00e9 hacemos si tu port\u00e1til tiene otro tipo de fallo y te has equivocado?<\/span><\/h3>\n<p>Si recibimos tu ordenador y nuestros t\u00e9cnicos detectan que <strong>el problema no es el disco duro, sino otro fallo<\/strong>, te llamaremos para comunicarte la aver\u00eda detectada y te daremos un presupuesto de la reparaci\u00f3n.<\/p>\n<p>En el caso de que rechaces el presupuesto de la nueva aver\u00eda, te reembolsaremos el importe abonado por el cambio de disco, descontando los portes de env\u00edo.<\/p>\n","protected":false},"excerpt":{"rendered":"<p>Cambio de disco en PC por disco de estado s\u00f3lido. Disfruta de una <strong>velocidad hasta 20 veces mayor<\/strong> en tu ordenador. El cambio a disco duro SSD es la mejor inversi\u00f3n que se puede realizar en un PC de sobremesa.Podr\u00e1s conservar tu antiguo disco a modo de disco secundario para almacenar informaci\u00f3n.<\/p>\n","protected":false},"featured_media":8220,"comment_status":"open","ping_status":"closed","template":"","meta":{"_et_pb_use_builder":"","_et_pb_old_content":"","_et_gb_content_width":""},"product_brand":[],"product_cat":[87,97,96,98,106],"product_tag":[],"class_list":{"0":"post-6922","1":"product","2":"type-product","3":"status-publish","4":"has-post-thumbnail","6":"product_cat-ampliaciones","7":"product_cat-ampliar-ordenadores-windows","8":"product_cat-ofertas","9":"product_cat-reparaciones","10":"product_cat-reparaciones-windows","11":"product_shipping_class-recogida-y-entrega","13":"first","14":"instock","15":"sale","16":"taxable","17":"shipping-taxable","18":"purchasable","19":"product-type-variable"},"yoast_head":"<!-- This site is optimized with the Yoast SEO plugin v27.5 - https:\/\/yoast.com\/product\/yoast-seo-wordpress\/ -->\n<title>Ampliar disco duro SSD en PC | Tienda PCMADRID<\/title>\n<meta name=\"description\" content=\"Ampliaci\u00f3n de disco duro a SSD en PC. Ampliar el HDD a SSD en tu ordenador aumentar\u00e1 su velocidad hasta 40 veces iniciar sistema, abrir aplicaciones, etc.\" \/>\n<meta name=\"robots\" content=\"index, follow, max-snippet:-1, max-image-preview:large, max-video-preview:-1\" \/>\n<link rel=\"canonical\" href=\"https:\/\/www.pcmadrid.es\/tienda\/producto\/ampliar-disco-duro-ssd-en-pc\/\" \/>\n<meta name=\"twitter:label1\" content=\"Tiempo de lectura\" \/>\n\t<meta name=\"twitter:data1\" content=\"4 minutos\" \/>\n<script type=\"application\/ld+json\" class=\"yoast-schema-graph\">{\"@context\":\"https:\\\/\\\/schema.org\",\"@graph\":[{\"@type\":\"WebPage\",\"@id\":\"https:\\\/\\\/www.pcmadrid.es\\\/tienda\\\/producto\\\/ampliar-disco-duro-ssd-en-pc\\\/\",\"url\":\"https:\\\/\\\/www.pcmadrid.es\\\/tienda\\\/producto\\\/ampliar-disco-duro-ssd-en-pc\\\/\",\"name\":\"Ampliar disco duro SSD en PC | Tienda PCMADRID\",\"isPartOf\":{\"@id\":\"https:\\\/\\\/www.pcmadrid.es\\\/tienda\\\/#website\"},\"primaryImageOfPage\":{\"@id\":\"https:\\\/\\\/www.pcmadrid.es\\\/tienda\\\/producto\\\/ampliar-disco-duro-ssd-en-pc\\\/#primaryimage\"},\"image\":{\"@id\":\"https:\\\/\\\/www.pcmadrid.es\\\/tienda\\\/producto\\\/ampliar-disco-duro-ssd-en-pc\\\/#primaryimage\"},\"thumbnailUrl\":\"https:\\\/\\\/i0.wp.com\\\/www.pcmadrid.es\\\/tienda\\\/wp-content\\\/uploads\\\/2019\\\/10\\\/cambiar-ssd-portatil.jpg?fit=800%2C800&ssl=1\",\"datePublished\":\"2019-10-23T12:51:43+00:00\",\"dateModified\":\"2024-07-22T18:10:11+00:00\",\"description\":\"Ampliaci\u00f3n de disco duro a SSD en PC. Ampliar el HDD a SSD en tu ordenador aumentar\u00e1 su velocidad hasta 40 veces iniciar sistema, abrir aplicaciones, etc.\",\"breadcrumb\":{\"@id\":\"https:\\\/\\\/www.pcmadrid.es\\\/tienda\\\/producto\\\/ampliar-disco-duro-ssd-en-pc\\\/#breadcrumb\"},\"inLanguage\":\"es\",\"potentialAction\":[{\"@type\":\"ReadAction\",\"target\":[\"https:\\\/\\\/www.pcmadrid.es\\\/tienda\\\/producto\\\/ampliar-disco-duro-ssd-en-pc\\\/\"]}]},{\"@type\":\"ImageObject\",\"inLanguage\":\"es\",\"@id\":\"https:\\\/\\\/www.pcmadrid.es\\\/tienda\\\/producto\\\/ampliar-disco-duro-ssd-en-pc\\\/#primaryimage\",\"url\":\"https:\\\/\\\/i0.wp.com\\\/www.pcmadrid.es\\\/tienda\\\/wp-content\\\/uploads\\\/2019\\\/10\\\/cambiar-ssd-portatil.jpg?fit=800%2C800&ssl=1\",\"contentUrl\":\"https:\\\/\\\/i0.wp.com\\\/www.pcmadrid.es\\\/tienda\\\/wp-content\\\/uploads\\\/2019\\\/10\\\/cambiar-ssd-portatil.jpg?fit=800%2C800&ssl=1\",\"width\":800,\"height\":800,\"caption\":\"ampliar ssd port\u00e1til pc madrid cambiar\"},{\"@type\":\"BreadcrumbList\",\"@id\":\"https:\\\/\\\/www.pcmadrid.es\\\/tienda\\\/producto\\\/ampliar-disco-duro-ssd-en-pc\\\/#breadcrumb\",\"itemListElement\":[{\"@type\":\"ListItem\",\"position\":1,\"name\":\"Portada\",\"item\":\"https:\\\/\\\/www.pcmadrid.es\\\/tienda\\\/\"},{\"@type\":\"ListItem\",\"position\":2,\"name\":\"Todos los productos\",\"item\":\"https:\\\/\\\/www.pcmadrid.es\\\/tienda\\\/todos-los-productos\\\/\"},{\"@type\":\"ListItem\",\"position\":3,\"name\":\"Ampliar disco duro SSD en PC\"}]},{\"@type\":\"WebSite\",\"@id\":\"https:\\\/\\\/www.pcmadrid.es\\\/tienda\\\/#website\",\"url\":\"https:\\\/\\\/www.pcmadrid.es\\\/tienda\\\/\",\"name\":\"Tienda PCMADRID\",\"description\":\"Venta y reparaciones de ordenadores\",\"publisher\":{\"@id\":\"https:\\\/\\\/www.pcmadrid.es\\\/tienda\\\/#organization\"},\"potentialAction\":[{\"@type\":\"SearchAction\",\"target\":{\"@type\":\"EntryPoint\",\"urlTemplate\":\"https:\\\/\\\/www.pcmadrid.es\\\/tienda\\\/?s={search_term_string}\"},\"query-input\":{\"@type\":\"PropertyValueSpecification\",\"valueRequired\":true,\"valueName\":\"search_term_string\"}}],\"inLanguage\":\"es\"},{\"@type\":\"Organization\",\"@id\":\"https:\\\/\\\/www.pcmadrid.es\\\/tienda\\\/#organization\",\"name\":\"PCMADRID\",\"url\":\"https:\\\/\\\/www.pcmadrid.es\\\/tienda\\\/\",\"logo\":{\"@type\":\"ImageObject\",\"inLanguage\":\"es\",\"@id\":\"https:\\\/\\\/www.pcmadrid.es\\\/tienda\\\/#\\\/schema\\\/logo\\\/image\\\/\",\"url\":\"https:\\\/\\\/www.pcmadrid.es\\\/tienda\\\/wp-content\\\/uploads\\\/2019\\\/10\\\/pcmadridlogo..png\",\"contentUrl\":\"https:\\\/\\\/www.pcmadrid.es\\\/tienda\\\/wp-content\\\/uploads\\\/2019\\\/10\\\/pcmadridlogo..png\",\"width\":750,\"height\":300,\"caption\":\"PCMADRID\"},\"image\":{\"@id\":\"https:\\\/\\\/www.pcmadrid.es\\\/tienda\\\/#\\\/schema\\\/logo\\\/image\\\/\"},\"sameAs\":[\"https:\\\/\\\/www.facebook.com\\\/pcmadridinformatica\",\"https:\\\/\\\/x.com\\\/pc_madrid\",\"https:\\\/\\\/www.youtube.com\\\/channel\\\/UCIbQq9k6BBrU5x2wqDIHr7A\",\"https:\\\/\\\/www.instagram.com\\\/pcmadrid_informatica\\\/?hl=es\",\"https:\\\/\\\/www.linkedin.com\\\/company\\\/9348326\\\/admin\\\/\",\"https:\\\/\\\/www.pinterest.es\\\/pcmadrid_informatica\\\/\"]}]}<\/script>\n<!-- \/ Yoast SEO plugin. -->","yoast_head_json":{"title":"Ampliar disco duro SSD en PC | Tienda PCMADRID","description":"Ampliaci\u00f3n de disco duro a SSD en PC. Ampliar el HDD a SSD en tu ordenador aumentar\u00e1 su velocidad hasta 40 veces iniciar sistema, abrir aplicaciones, etc.","robots":{"index":"index","follow":"follow","max-snippet":"max-snippet:-1","max-image-preview":"max-image-preview:large","max-video-preview":"max-video-preview:-1"},"canonical":"https:\/\/www.pcmadrid.es\/tienda\/producto\/ampliar-disco-duro-ssd-en-pc\/","twitter_misc":{"Tiempo de lectura":"4 minutos"},"schema":{"@context":"https:\/\/schema.org","@graph":[{"@type":"WebPage","@id":"https:\/\/www.pcmadrid.es\/tienda\/producto\/ampliar-disco-duro-ssd-en-pc\/","url":"https:\/\/www.pcmadrid.es\/tienda\/producto\/ampliar-disco-duro-ssd-en-pc\/","name":"Ampliar disco duro SSD en PC | Tienda PCMADRID","isPartOf":{"@id":"https:\/\/www.pcmadrid.es\/tienda\/#website"},"primaryImageOfPage":{"@id":"https:\/\/www.pcmadrid.es\/tienda\/producto\/ampliar-disco-duro-ssd-en-pc\/#primaryimage"},"image":{"@id":"https:\/\/www.pcmadrid.es\/tienda\/producto\/ampliar-disco-duro-ssd-en-pc\/#primaryimage"},"thumbnailUrl":"https:\/\/i0.wp.com\/www.pcmadrid.es\/tienda\/wp-content\/uploads\/2019\/10\/cambiar-ssd-portatil.jpg?fit=800%2C800&ssl=1","datePublished":"2019-10-23T12:51:43+00:00","dateModified":"2024-07-22T18:10:11+00:00","description":"Ampliaci\u00f3n de disco duro a SSD en PC. Ampliar el HDD a SSD en tu ordenador aumentar\u00e1 su velocidad hasta 40 veces iniciar sistema, abrir aplicaciones, etc.","breadcrumb":{"@id":"https:\/\/www.pcmadrid.es\/tienda\/producto\/ampliar-disco-duro-ssd-en-pc\/#breadcrumb"},"inLanguage":"es","potentialAction":[{"@type":"ReadAction","target":["https:\/\/www.pcmadrid.es\/tienda\/producto\/ampliar-disco-duro-ssd-en-pc\/"]}]},{"@type":"ImageObject","inLanguage":"es","@id":"https:\/\/www.pcmadrid.es\/tienda\/producto\/ampliar-disco-duro-ssd-en-pc\/#primaryimage","url":"https:\/\/i0.wp.com\/www.pcmadrid.es\/tienda\/wp-content\/uploads\/2019\/10\/cambiar-ssd-portatil.jpg?fit=800%2C800&ssl=1","contentUrl":"https:\/\/i0.wp.com\/www.pcmadrid.es\/tienda\/wp-content\/uploads\/2019\/10\/cambiar-ssd-portatil.jpg?fit=800%2C800&ssl=1","width":800,"height":800,"caption":"ampliar ssd port\u00e1til pc madrid cambiar"},{"@type":"BreadcrumbList","@id":"https:\/\/www.pcmadrid.es\/tienda\/producto\/ampliar-disco-duro-ssd-en-pc\/#breadcrumb","itemListElement":[{"@type":"ListItem","position":1,"name":"Portada","item":"https:\/\/www.pcmadrid.es\/tienda\/"},{"@type":"ListItem","position":2,"name":"Todos los productos","item":"https:\/\/www.pcmadrid.es\/tienda\/todos-los-productos\/"},{"@type":"ListItem","position":3,"name":"Ampliar disco duro SSD en PC"}]},{"@type":"WebSite","@id":"https:\/\/www.pcmadrid.es\/tienda\/#website","url":"https:\/\/www.pcmadrid.es\/tienda\/","name":"Tienda PCMADRID","description":"Venta y reparaciones de ordenadores","publisher":{"@id":"https:\/\/www.pcmadrid.es\/tienda\/#organization"},"potentialAction":[{"@type":"SearchAction","target":{"@type":"EntryPoint","urlTemplate":"https:\/\/www.pcmadrid.es\/tienda\/?s={search_term_string}"},"query-input":{"@type":"PropertyValueSpecification","valueRequired":true,"valueName":"search_term_string"}}],"inLanguage":"es"},{"@type":"Organization","@id":"https:\/\/www.pcmadrid.es\/tienda\/#organization","name":"PCMADRID","url":"https:\/\/www.pcmadrid.es\/tienda\/","logo":{"@type":"ImageObject","inLanguage":"es","@id":"https:\/\/www.pcmadrid.es\/tienda\/#\/schema\/logo\/image\/","url":"https:\/\/www.pcmadrid.es\/tienda\/wp-content\/uploads\/2019\/10\/pcmadridlogo..png","contentUrl":"https:\/\/www.pcmadrid.es\/tienda\/wp-content\/uploads\/2019\/10\/pcmadridlogo..png","width":750,"height":300,"caption":"PCMADRID"},"image":{"@id":"https:\/\/www.pcmadrid.es\/tienda\/#\/schema\/logo\/image\/"},"sameAs":["https:\/\/www.facebook.com\/pcmadridinformatica","https:\/\/x.com\/pc_madrid","https:\/\/www.youtube.com\/channel\/UCIbQq9k6BBrU5x2wqDIHr7A","https:\/\/www.instagram.com\/pcmadrid_informatica\/?hl=es","https:\/\/www.linkedin.com\/company\/9348326\/admin\/","https:\/\/www.pinterest.es\/pcmadrid_informatica\/"]}]}},"jetpack_sharing_enabled":true,"_links":{"self":[{"href":"https:\/\/www.pcmadrid.es\/tienda\/wp-json\/wp\/v2\/product\/6922","targetHints":{"allow":["GET"]}}],"collection":[{"href":"https:\/\/www.pcmadrid.es\/tienda\/wp-json\/wp\/v2\/product"}],"about":[{"href":"https:\/\/www.pcmadrid.es\/tienda\/wp-json\/wp\/v2\/types\/product"}],"replies":[{"embeddable":true,"href":"https:\/\/www.pcmadrid.es\/tienda\/wp-json\/wp\/v2\/comments?post=6922"}],"wp:featuredmedia":[{"embeddable":true,"href":"https:\/\/www.pcmadrid.es\/tienda\/wp-json\/wp\/v2\/media\/8220"}],"wp:attachment":[{"href":"https:\/\/www.pcmadrid.es\/tienda\/wp-json\/wp\/v2\/media?parent=6922"}],"wp:term":[{"taxonomy":"product_brand","embeddable":true,"href":"https:\/\/www.pcmadrid.es\/tienda\/wp-json\/wp\/v2\/product_brand?post=6922"},{"taxonomy":"product_cat","embeddable":true,"href":"https:\/\/www.pcmadrid.es\/tienda\/wp-json\/wp\/v2\/product_cat?post=6922"},{"taxonomy":"product_tag","embeddable":true,"href":"https:\/\/www.pcmadrid.es\/tienda\/wp-json\/wp\/v2\/product_tag?post=6922"}],"curies":[{"name":"wp","href":"https:\/\/api.w.org\/{rel}","templated":true}]}}