{"id":6967,"date":"2019-10-23T22:07:02","date_gmt":"2019-10-23T20:07:02","guid":{"rendered":"https:\/\/tienda.pcmadrid.es\/?post_type=product&#038;p=6967"},"modified":"2024-07-22T20:09:58","modified_gmt":"2024-07-22T18:09:58","slug":"limpieza-interna-portatil","status":"publish","type":"product","link":"https:\/\/www.pcmadrid.es\/tienda\/producto\/limpieza-interna-portatil\/","title":{"rendered":"Limpieza interna ordenador port\u00e1til"},"content":{"rendered":"<h2 style=\"text-align: center;\"><span style=\"color: #99cc00;\">Cambio de compuestos t\u00e9rmicos y limpieza de ventiladores en port\u00e1tiles<\/span><\/h2>\n<p>Realizar un cambio de los compuestos t\u00e9rmicos y una <strong>limpieza de los ventiladores en tus port\u00e1tiles<\/strong> es muy importante. Este mantenimiento cada 2 a 3 a\u00f1os evitar\u00e1 en gran medida los problemas de CPU, GPU y aver\u00edas de placa provocadas por sobrecalentamiento.<\/p>\n<p>Con el tiempo las part\u00edculas de polvo del ambiente entran por las ranuras de ventilaci\u00f3n de tu port\u00e1til, a su vez, los compuestos t\u00e9rmicos se secan y endurecen y ya no son capaces de transmitir el calor de la gr\u00e1fica y procesador al disipador de los port\u00e1tiles.<\/p>\n<p>Esto provoca que la la CPU\u00a0 y el chip gr\u00e1fico o CPU se acaben quemando o soltando de la posici\u00f3n donde quedaron soldados de f\u00e1brica.<\/p>\n<p>Cuando la temperatura de estos chips supera un l\u00edmite previamente establecido por el fabricante, este empieza a ofrecer un rendimiento muy inferior para emitir menos calor y no quemarse. El resultado es un port\u00e1til que empieza a ofrecer mucho peor rendimiento.<\/p>\n<p>Si forzamos este uso durante meses, finalmente el port\u00e1til dejar\u00e1 de encender, o encender\u00e1 con la pantalla en negro.<\/p>\n<p>Es por lo tanto muy recomendable realizar este mantenimiento a los port\u00e1tiles cada 2 a 3 a\u00f1os de vida \u00fatil.<\/p>\n<hr \/>\n<h3 style=\"text-align: center;\">Consideraciones y garant\u00eda de limpieza de port\u00e1til<\/h3>\n<p>*Si el port\u00e1til se calentaba y ya no enciende o no saca im\u00e1gen, no se trata de una limpieza lo que hay que realizar, habr\u00eda que realizar una reparaci\u00f3n de placa base o reballing.<\/p>\n<p>*La garant\u00eda de la limpieza interna de port\u00e1til garantiza que el ordenador ya no se sobrecalentar\u00e1 ni apagar\u00e1 debido al exceso de temperatura.<\/p>\n<p>*Ante un problema de sonido o mal funcionamiento del ventilador:<\/p>\n<ul>\n<li>Si el port\u00e1til emit\u00eda mucho sonido por una velocidad excesiva y suciedad en el ventilador, <strong>esta volver\u00e1 al estado normal <\/strong>con esta reparaci\u00f3n.<\/li>\n<li>Sin embargo <span style=\"color: #ff0000;\"><strong>si el ventilador estaba da\u00f1ado<\/strong><\/span>, partido, torcido en su eje o no funcionaba: Ser\u00e1 necesario<strong> sustituir el ventilador por uno nuevo.<\/strong> Si este fuese el caso, uno de nuestros t\u00e9cnicos te llamar\u00e1 al n\u00famero proporcionado para informarte del precio del ventilador que deber\u00e1 de pagarse de forma adicional a la reparaci\u00f3n de limpieza. El precio de los ventiladores de port\u00e1til est\u00e1 comprendido por norma general entre 15 y 40 euros. Puede haber sin embargo port\u00e1tiles de gama alta o Ultrabook que tengan un mayor precio del ventilador y disipador.<\/li>\n<\/ul>\n<p>*Rogamos se env\u00ede el port\u00e1til sin cargador ni perif\u00e9ricos adicionales.<\/p>\n<p>*Ante cualquier duda o comprobaci\u00f3n previa necesaria pod\u00e9is contactar con nuestros t\u00e9cnicos en el 91 5996504 y en el 91 1397078.<\/p>\n","protected":false},"excerpt":{"rendered":"<p><strong>Cambio de pasta t\u00e9rmica y limpieza de ventiladores en port\u00e1tiles<\/strong>. Si tu port\u00e1til se calienta y ha bajado su rendimiento, lo mejor es realizar una limpieza interna y cambio de compuestos t\u00e9rmicos.\u00a0 Es un mantenimiento necesario cada 2 a 3 a\u00f1os para evitar aver\u00edas de GPU y CPU.<\/p>\n","protected":false},"featured_media":8219,"comment_status":"open","ping_status":"closed","template":"","meta":{"_et_pb_use_builder":"","_et_pb_old_content":"","_et_gb_content_width":""},"product_brand":[],"product_cat":[98,106],"product_tag":[],"class_list":{"0":"post-6967","1":"product","2":"type-product","3":"status-publish","4":"has-post-thumbnail","6":"product_cat-reparaciones","7":"product_cat-reparaciones-windows","8":"product_shipping_class-recogida-y-entrega","10":"first","11":"instock","12":"taxable","13":"shipping-taxable","14":"purchasable","15":"product-type-simple"},"yoast_head":"<!-- This site is optimized with the Yoast SEO plugin v27.5 - https:\/\/yoast.com\/product\/yoast-seo-wordpress\/ -->\n<title>Limpieza interna ordenador port\u00e1til | Tienda PCMADRID<\/title>\n<meta name=\"description\" content=\"Limpieza interna de ordenador port\u00e1til. Reemplazamos la pasta t\u00e9rmica, lubricaci\u00f3n de ejes de ventilador de cpu y limpieza de polvo interno.\" \/>\n<meta name=\"robots\" content=\"index, follow, max-snippet:-1, max-image-preview:large, max-video-preview:-1\" \/>\n<link rel=\"canonical\" href=\"https:\/\/www.pcmadrid.es\/tienda\/producto\/limpieza-interna-portatil\/\" \/>\n<meta name=\"twitter:label1\" content=\"Tiempo de lectura\" \/>\n\t<meta name=\"twitter:data1\" content=\"3 minutos\" \/>\n<script type=\"application\/ld+json\" class=\"yoast-schema-graph\">{\"@context\":\"https:\\\/\\\/schema.org\",\"@graph\":[{\"@type\":\"WebPage\",\"@id\":\"https:\\\/\\\/www.pcmadrid.es\\\/tienda\\\/producto\\\/limpieza-interna-portatil\\\/\",\"url\":\"https:\\\/\\\/www.pcmadrid.es\\\/tienda\\\/producto\\\/limpieza-interna-portatil\\\/\",\"name\":\"Limpieza interna ordenador port\u00e1til | Tienda PCMADRID\",\"isPartOf\":{\"@id\":\"https:\\\/\\\/www.pcmadrid.es\\\/tienda\\\/#website\"},\"primaryImageOfPage\":{\"@id\":\"https:\\\/\\\/www.pcmadrid.es\\\/tienda\\\/producto\\\/limpieza-interna-portatil\\\/#primaryimage\"},\"image\":{\"@id\":\"https:\\\/\\\/www.pcmadrid.es\\\/tienda\\\/producto\\\/limpieza-interna-portatil\\\/#primaryimage\"},\"thumbnailUrl\":\"https:\\\/\\\/i0.wp.com\\\/www.pcmadrid.es\\\/tienda\\\/wp-content\\\/uploads\\\/2019\\\/10\\\/cambio-pasta-termica-portatil-limpieza-1.jpg?fit=800%2C800&ssl=1\",\"datePublished\":\"2019-10-23T20:07:02+00:00\",\"dateModified\":\"2024-07-22T18:09:58+00:00\",\"description\":\"Limpieza interna de ordenador port\u00e1til. Reemplazamos la pasta t\u00e9rmica, lubricaci\u00f3n de ejes de ventilador de cpu y limpieza de polvo interno.\",\"breadcrumb\":{\"@id\":\"https:\\\/\\\/www.pcmadrid.es\\\/tienda\\\/producto\\\/limpieza-interna-portatil\\\/#breadcrumb\"},\"inLanguage\":\"es\",\"potentialAction\":[{\"@type\":\"ReadAction\",\"target\":[\"https:\\\/\\\/www.pcmadrid.es\\\/tienda\\\/producto\\\/limpieza-interna-portatil\\\/\"]}]},{\"@type\":\"ImageObject\",\"inLanguage\":\"es\",\"@id\":\"https:\\\/\\\/www.pcmadrid.es\\\/tienda\\\/producto\\\/limpieza-interna-portatil\\\/#primaryimage\",\"url\":\"https:\\\/\\\/i0.wp.com\\\/www.pcmadrid.es\\\/tienda\\\/wp-content\\\/uploads\\\/2019\\\/10\\\/cambio-pasta-termica-portatil-limpieza-1.jpg?fit=800%2C800&ssl=1\",\"contentUrl\":\"https:\\\/\\\/i0.wp.com\\\/www.pcmadrid.es\\\/tienda\\\/wp-content\\\/uploads\\\/2019\\\/10\\\/cambio-pasta-termica-portatil-limpieza-1.jpg?fit=800%2C800&ssl=1\",\"width\":800,\"height\":800,\"caption\":\"Limpieza interna port\u00e1til MADRID\"},{\"@type\":\"BreadcrumbList\",\"@id\":\"https:\\\/\\\/www.pcmadrid.es\\\/tienda\\\/producto\\\/limpieza-interna-portatil\\\/#breadcrumb\",\"itemListElement\":[{\"@type\":\"ListItem\",\"position\":1,\"name\":\"Portada\",\"item\":\"https:\\\/\\\/www.pcmadrid.es\\\/tienda\\\/\"},{\"@type\":\"ListItem\",\"position\":2,\"name\":\"Todos los productos\",\"item\":\"https:\\\/\\\/www.pcmadrid.es\\\/tienda\\\/todos-los-productos\\\/\"},{\"@type\":\"ListItem\",\"position\":3,\"name\":\"Limpieza interna ordenador port\u00e1til\"}]},{\"@type\":\"WebSite\",\"@id\":\"https:\\\/\\\/www.pcmadrid.es\\\/tienda\\\/#website\",\"url\":\"https:\\\/\\\/www.pcmadrid.es\\\/tienda\\\/\",\"name\":\"Tienda PCMADRID\",\"description\":\"Venta y reparaciones de ordenadores\",\"publisher\":{\"@id\":\"https:\\\/\\\/www.pcmadrid.es\\\/tienda\\\/#organization\"},\"potentialAction\":[{\"@type\":\"SearchAction\",\"target\":{\"@type\":\"EntryPoint\",\"urlTemplate\":\"https:\\\/\\\/www.pcmadrid.es\\\/tienda\\\/?s={search_term_string}\"},\"query-input\":{\"@type\":\"PropertyValueSpecification\",\"valueRequired\":true,\"valueName\":\"search_term_string\"}}],\"inLanguage\":\"es\"},{\"@type\":\"Organization\",\"@id\":\"https:\\\/\\\/www.pcmadrid.es\\\/tienda\\\/#organization\",\"name\":\"PCMADRID\",\"url\":\"https:\\\/\\\/www.pcmadrid.es\\\/tienda\\\/\",\"logo\":{\"@type\":\"ImageObject\",\"inLanguage\":\"es\",\"@id\":\"https:\\\/\\\/www.pcmadrid.es\\\/tienda\\\/#\\\/schema\\\/logo\\\/image\\\/\",\"url\":\"https:\\\/\\\/www.pcmadrid.es\\\/tienda\\\/wp-content\\\/uploads\\\/2019\\\/10\\\/pcmadridlogo..png\",\"contentUrl\":\"https:\\\/\\\/www.pcmadrid.es\\\/tienda\\\/wp-content\\\/uploads\\\/2019\\\/10\\\/pcmadridlogo..png\",\"width\":750,\"height\":300,\"caption\":\"PCMADRID\"},\"image\":{\"@id\":\"https:\\\/\\\/www.pcmadrid.es\\\/tienda\\\/#\\\/schema\\\/logo\\\/image\\\/\"},\"sameAs\":[\"https:\\\/\\\/www.facebook.com\\\/pcmadridinformatica\",\"https:\\\/\\\/x.com\\\/pc_madrid\",\"https:\\\/\\\/www.youtube.com\\\/channel\\\/UCIbQq9k6BBrU5x2wqDIHr7A\",\"https:\\\/\\\/www.instagram.com\\\/pcmadrid_informatica\\\/?hl=es\",\"https:\\\/\\\/www.linkedin.com\\\/company\\\/9348326\\\/admin\\\/\",\"https:\\\/\\\/www.pinterest.es\\\/pcmadrid_informatica\\\/\"]}]}<\/script>\n<!-- \/ Yoast SEO plugin. -->","yoast_head_json":{"title":"Limpieza interna ordenador port\u00e1til | Tienda PCMADRID","description":"Limpieza interna de ordenador port\u00e1til. Reemplazamos la pasta t\u00e9rmica, lubricaci\u00f3n de ejes de ventilador de cpu y limpieza de polvo interno.","robots":{"index":"index","follow":"follow","max-snippet":"max-snippet:-1","max-image-preview":"max-image-preview:large","max-video-preview":"max-video-preview:-1"},"canonical":"https:\/\/www.pcmadrid.es\/tienda\/producto\/limpieza-interna-portatil\/","twitter_misc":{"Tiempo de lectura":"3 minutos"},"schema":{"@context":"https:\/\/schema.org","@graph":[{"@type":"WebPage","@id":"https:\/\/www.pcmadrid.es\/tienda\/producto\/limpieza-interna-portatil\/","url":"https:\/\/www.pcmadrid.es\/tienda\/producto\/limpieza-interna-portatil\/","name":"Limpieza interna ordenador port\u00e1til | Tienda PCMADRID","isPartOf":{"@id":"https:\/\/www.pcmadrid.es\/tienda\/#website"},"primaryImageOfPage":{"@id":"https:\/\/www.pcmadrid.es\/tienda\/producto\/limpieza-interna-portatil\/#primaryimage"},"image":{"@id":"https:\/\/www.pcmadrid.es\/tienda\/producto\/limpieza-interna-portatil\/#primaryimage"},"thumbnailUrl":"https:\/\/i0.wp.com\/www.pcmadrid.es\/tienda\/wp-content\/uploads\/2019\/10\/cambio-pasta-termica-portatil-limpieza-1.jpg?fit=800%2C800&ssl=1","datePublished":"2019-10-23T20:07:02+00:00","dateModified":"2024-07-22T18:09:58+00:00","description":"Limpieza interna de ordenador port\u00e1til. Reemplazamos la pasta t\u00e9rmica, lubricaci\u00f3n de ejes de ventilador de cpu y limpieza de polvo interno.","breadcrumb":{"@id":"https:\/\/www.pcmadrid.es\/tienda\/producto\/limpieza-interna-portatil\/#breadcrumb"},"inLanguage":"es","potentialAction":[{"@type":"ReadAction","target":["https:\/\/www.pcmadrid.es\/tienda\/producto\/limpieza-interna-portatil\/"]}]},{"@type":"ImageObject","inLanguage":"es","@id":"https:\/\/www.pcmadrid.es\/tienda\/producto\/limpieza-interna-portatil\/#primaryimage","url":"https:\/\/i0.wp.com\/www.pcmadrid.es\/tienda\/wp-content\/uploads\/2019\/10\/cambio-pasta-termica-portatil-limpieza-1.jpg?fit=800%2C800&ssl=1","contentUrl":"https:\/\/i0.wp.com\/www.pcmadrid.es\/tienda\/wp-content\/uploads\/2019\/10\/cambio-pasta-termica-portatil-limpieza-1.jpg?fit=800%2C800&ssl=1","width":800,"height":800,"caption":"Limpieza interna port\u00e1til MADRID"},{"@type":"BreadcrumbList","@id":"https:\/\/www.pcmadrid.es\/tienda\/producto\/limpieza-interna-portatil\/#breadcrumb","itemListElement":[{"@type":"ListItem","position":1,"name":"Portada","item":"https:\/\/www.pcmadrid.es\/tienda\/"},{"@type":"ListItem","position":2,"name":"Todos los productos","item":"https:\/\/www.pcmadrid.es\/tienda\/todos-los-productos\/"},{"@type":"ListItem","position":3,"name":"Limpieza interna ordenador port\u00e1til"}]},{"@type":"WebSite","@id":"https:\/\/www.pcmadrid.es\/tienda\/#website","url":"https:\/\/www.pcmadrid.es\/tienda\/","name":"Tienda PCMADRID","description":"Venta y reparaciones de ordenadores","publisher":{"@id":"https:\/\/www.pcmadrid.es\/tienda\/#organization"},"potentialAction":[{"@type":"SearchAction","target":{"@type":"EntryPoint","urlTemplate":"https:\/\/www.pcmadrid.es\/tienda\/?s={search_term_string}"},"query-input":{"@type":"PropertyValueSpecification","valueRequired":true,"valueName":"search_term_string"}}],"inLanguage":"es"},{"@type":"Organization","@id":"https:\/\/www.pcmadrid.es\/tienda\/#organization","name":"PCMADRID","url":"https:\/\/www.pcmadrid.es\/tienda\/","logo":{"@type":"ImageObject","inLanguage":"es","@id":"https:\/\/www.pcmadrid.es\/tienda\/#\/schema\/logo\/image\/","url":"https:\/\/www.pcmadrid.es\/tienda\/wp-content\/uploads\/2019\/10\/pcmadridlogo..png","contentUrl":"https:\/\/www.pcmadrid.es\/tienda\/wp-content\/uploads\/2019\/10\/pcmadridlogo..png","width":750,"height":300,"caption":"PCMADRID"},"image":{"@id":"https:\/\/www.pcmadrid.es\/tienda\/#\/schema\/logo\/image\/"},"sameAs":["https:\/\/www.facebook.com\/pcmadridinformatica","https:\/\/x.com\/pc_madrid","https:\/\/www.youtube.com\/channel\/UCIbQq9k6BBrU5x2wqDIHr7A","https:\/\/www.instagram.com\/pcmadrid_informatica\/?hl=es","https:\/\/www.linkedin.com\/company\/9348326\/admin\/","https:\/\/www.pinterest.es\/pcmadrid_informatica\/"]}]}},"jetpack_sharing_enabled":true,"_links":{"self":[{"href":"https:\/\/www.pcmadrid.es\/tienda\/wp-json\/wp\/v2\/product\/6967","targetHints":{"allow":["GET"]}}],"collection":[{"href":"https:\/\/www.pcmadrid.es\/tienda\/wp-json\/wp\/v2\/product"}],"about":[{"href":"https:\/\/www.pcmadrid.es\/tienda\/wp-json\/wp\/v2\/types\/product"}],"replies":[{"embeddable":true,"href":"https:\/\/www.pcmadrid.es\/tienda\/wp-json\/wp\/v2\/comments?post=6967"}],"wp:featuredmedia":[{"embeddable":true,"href":"https:\/\/www.pcmadrid.es\/tienda\/wp-json\/wp\/v2\/media\/8219"}],"wp:attachment":[{"href":"https:\/\/www.pcmadrid.es\/tienda\/wp-json\/wp\/v2\/media?parent=6967"}],"wp:term":[{"taxonomy":"product_brand","embeddable":true,"href":"https:\/\/www.pcmadrid.es\/tienda\/wp-json\/wp\/v2\/product_brand?post=6967"},{"taxonomy":"product_cat","embeddable":true,"href":"https:\/\/www.pcmadrid.es\/tienda\/wp-json\/wp\/v2\/product_cat?post=6967"},{"taxonomy":"product_tag","embeddable":true,"href":"https:\/\/www.pcmadrid.es\/tienda\/wp-json\/wp\/v2\/product_tag?post=6967"}],"curies":[{"name":"wp","href":"https:\/\/api.w.org\/{rel}","templated":true}]}}