{"id":7113,"date":"2019-11-14T15:52:40","date_gmt":"2019-11-14T14:52:40","guid":{"rendered":"https:\/\/tienda.pcmadrid.es\/?post_type=product&#038;p=7113"},"modified":"2024-11-29T16:17:53","modified_gmt":"2024-11-29T15:17:53","slug":"licencia-office-hogar-y-empresas-mac","status":"publish","type":"product","link":"https:\/\/www.pcmadrid.es\/tienda\/producto\/licencia-office-hogar-y-empresas-mac\/","title":{"rendered":"Office Hogar y empresas 2019 para Mac"},"content":{"rendered":"<p>Con <strong><span style=\"color: #99cc00;\">la licencia Office Office 2019 Hogar y Empresas para Mac,<\/span><\/strong>\u00a0podr\u00e1s disponer de una <strong>licencia de Office<\/strong> Barata y permanente en tu ordenador Apple, MacBook, iMac o Mac Mini. Esta es una licencia de usuario \u00fanico.<span style=\"color: #333333;\"> Ahorra gracias a la<strong> licencia Office 2019 Hogar y empresas para Mac <\/strong>disponiendo de TODAS LAS FUNCIONES de la licencia en paquete f\u00edsico.<\/span><\/p>\n<p>A diferencia de las licencias OEM no certificadas esta licencia VL es <strong>PERMANENTE y OFICIAL<\/strong> para el cliente \u00fanico. Es ideal para aut\u00f3nomos, profesionales, peque\u00f1as empresas y usuarios privados.<\/p>\n<h2 style=\"text-align: center;\"><span style=\"color: #00ccff;\"><strong>La licencia Office 2019 Hogar y empresas para Mac incluye:<\/strong><\/span><\/h2>\n<ul>\n<li><strong>Word 2019:<\/strong> Crear documentos profesionales y transformar sus ideas.<\/li>\n<li><strong>Excel 2019:<\/strong> Crear tablas, f\u00f3rmulas y evaluar \u00e9stos con funciones de an\u00e1lisis de calidad.<\/li>\n<li><strong>PowerPoint 2019:<\/strong> Convencer con efectivas presentaciones.<\/li>\n<li><strong>OneNote 2019:<\/strong> Agrupar sus notas en un solo lugar.<\/li>\n<li><strong>Outlook 2019:<\/strong> Mantenerse en contactos al d\u00eda con los correos electr\u00f3nicos y organizar sus citas.<\/li>\n<\/ul>\n<hr \/>\n<p>Los programas en <strong>Microsoft Office 2019 Hogar y Empresas<\/strong> cumplen con los m\u00e1s altos est\u00e1ndares. Con las actualizaciones regulares de Microsoft esta su software siempre al d\u00eda. Aprovecha de la constante evoluci\u00f3n de los programas de Office.<\/p>\n<p><img data-recalc-dims=\"1\" loading=\"lazy\" decoding=\"async\" class=\"aligncenter wp-image-7114 size-full\" src=\"https:\/\/i0.wp.com\/www.pcmadrid.es\/tienda\/wp-content\/uploads\/2019\/11\/ertgertg-1.jpg?resize=800%2C441&#038;ssl=1\" alt=\"comprar Office Hogar y empresas barato\" width=\"800\" height=\"441\" srcset=\"https:\/\/i0.wp.com\/www.pcmadrid.es\/tienda\/wp-content\/uploads\/2019\/11\/ertgertg-1.jpg?w=800&amp;ssl=1 800w, https:\/\/i0.wp.com\/www.pcmadrid.es\/tienda\/wp-content\/uploads\/2019\/11\/ertgertg-1.jpg?resize=300%2C165&amp;ssl=1 300w, https:\/\/i0.wp.com\/www.pcmadrid.es\/tienda\/wp-content\/uploads\/2019\/11\/ertgertg-1.jpg?resize=768%2C423&amp;ssl=1 768w, https:\/\/i0.wp.com\/www.pcmadrid.es\/tienda\/wp-content\/uploads\/2019\/11\/ertgertg-1.jpg?resize=600%2C331&amp;ssl=1 600w\" sizes=\"(max-width: 800px) 100vw, 800px\" \/><\/p>\n<p>&nbsp;<\/p>\n<h2 style=\"text-align: center;\">Licencia Microsoft Office 2019 Hogar y empresas para Mac<\/h2>\n<p>Trabaja en Office Hogar y empresas 2019 para Mac, junto con otros en proyectos y documentos. Con las redes en tiempo real pueden trabajar todos al mismo tiempo en un archivo, los resultados son inmediatamente visibles. Esto es posible gracias al servicio en la nube \u201cOneDrive\u201d. Aqu\u00ed se almacenan los documentos en linea y se puede acceder desde cualquier lugar. Comparte sus contenidos con colegas y amigos. Con Office Mobile Apps consiste en cualquier dispositivo acceso libre en cualquier lugar.<\/p>\n<ul>\n<li><strong>Al realizar tu pedido,<\/strong> recibir\u00e1s tu licencia por email junto a las instrucciones de instalaci\u00f3n y enlaces oficiales de descarga.<\/li>\n<li><strong>Recibir\u00e1s tu pedido en menos de 2 horas en la mayor\u00eda de ocasiones <\/strong>(aunque a veces tu licencia podr\u00eda tardar hasta 24 horas en ser entregada en funci\u00f3n del horario en que realices tu pedido y la disponibilidad).<\/li>\n<li>Adem\u00e1s incluimos<strong> soporte gratuito para su instalaci\u00f3n<\/strong> para los clientes que tengan alg\u00fan problema con la instalaci\u00f3n o activaci\u00f3n de su programa.<\/li>\n<\/ul>\n<h3><\/h3>\n<h3 style=\"text-align: center;\"><strong>Caracter\u00edsticas de Office 2019 Hogar y Empresas para <\/strong><strong>iMac y <\/strong><strong>MacBook\u00a0\u00a0<\/strong><\/h3>\n<ul>\n<li>El compa\u00f1ero de la b\u00fasqueda \u201cTell Me\u201d le ayuda a encontrar ciertas funciones m\u00e1s f\u00e1cil dentro de los programas y aplicarlos correctamente. As\u00ed logra su destino m\u00e1s r\u00e1pido.<\/li>\n<li>Con \u201cInsights\u201d puede buscar Usted en la red para obtener informaci\u00f3n relevante, mientras que usted est\u00e1 en un programa de Office. El contenido puede utilizar directamente a su documento.<\/li>\n<li>Nuevas herramientas en Excel reconocen el tipo de datos y los completa de forma autom\u00e1tica. As\u00ed ahorra tiempo y obtienen incluso m\u00e1s r\u00e1pido nuevos conocimientos de sus datos. Tambi\u00e9n puede crear con un s\u00f3lo clic simples pron\u00f3stico de sus datos. Por lo tanto, puede demostrar tendencias futuras y usar para presentaciones.<\/li>\n<li>Compartir presentaciones de PowerPoint directamente a trav\u00e9s de la web. Su p\u00fablico puede utilizar el servicio de presentaci\u00f3n de oficina gratis, desde cualquier lugar, sin tener que instalar PowerPoint.<\/li>\n<\/ul>\n<h3 style=\"text-align: center;\"><strong>Licencia de Office 2019 para Mac y Big Sur<\/strong><\/h3>\n<p>Office 2019 Hogar y Empresas para Mac se adapta perfectamente a <strong><span style=\"color: #808080;\"><a style=\"color: #808080;\" href=\"https:\/\/www.pcmadrid.es\/macos-catalina-varios-cambios-y-novedades\/\">macOS Catalina<\/a><\/span><\/strong> y tambi\u00e9n al nuevo <strong><span style=\"color: #808080;\"><a style=\"color: #808080;\" href=\"https:\/\/www.apple.com\/es\/macos\/big-sur\/\" target=\"_blank\" rel=\"noopener noreferrer\">Big Sur.<\/a><\/span><\/strong> El dise\u00f1o e interfaz de usuario son muy similares, de tal modo los programas de Office se ajustan perfectamente en todas las versiones actuales de los ordenadores Apple. Se puede elegir la optimizaci\u00f3n para dispositivos de pantalla t\u00e1ctil, Si usas teclado y rat\u00f3n, el estilete o el trabajo con el dedo.<\/p>\n<p>Microsoft Office 2019 Hogar y empresas para MAC trae todos los programas necesarios para la oficina. Se dirige para el uso privado, peque\u00f1as empresas y aut\u00f3nomos o particulares. Con esta licencia barata est\u00e1s bien equipado para un trabajo eficiente y r\u00e1pido.<\/p>\n<p>&nbsp;<\/p>\n<h3 style=\"text-align: center;\"><span style=\"color: #ff9900;\">Compatibilidad con sistemas operativos Apple<\/span><\/h3>\n<blockquote><p><strong>Office 2019 Hogar y Empresas MAC es compatible con los sistemas operativos de equipos Apple, tanto MacBook como iMac a partir de\u00a0<span style=\"color: #ff0000;\">macOS 10.14<\/span><\/strong><\/p><\/blockquote>\n<ul>\n<li>Recomendamos <strong><span style=\"color: #00ccff;\"><a href=\"https:\/\/www.pcmadrid.es\/tienda\/producto\/microsoft-office-2019-pro-1-usuario-licencia-digital\/\">comprar Office 2019 Pro Plus<\/a><\/span><\/strong><span style=\"color: #00ccff;\"><span style=\"color: #808080;\">\u00a0<span style=\"color: #333333;\">a los usuarios de Windows 10 que necesiten Access, Outlook y Publisher y Office hogar<\/span><\/span><\/span><\/li>\n<li><span style=\"color: #00ccff;\"><span style=\"color: #808080;\"><span style=\"color: #333333;\">Y <strong><a href=\"https:\/\/www.pcmadrid.es\/tienda\/producto\/microsoft-office-hogar-estudiantes-2019-barato\/\">comprar Office Hogar y Estudiantes<\/a><\/strong> a los usuario de Windows que solamente necesiten Word, excel y PowerPoint.<\/span><\/span><\/span><\/li>\n<\/ul>\n","protected":false},"excerpt":{"rendered":"<p>Con <strong><span style=\"color: #99cc00;\">la licencia Office Office 2019 Hogar y Empresas para Mac,<\/span><\/strong>\u00a0podr\u00e1s disponer de una <strong>licencia de Office<\/strong> Barata y permanente en tu ordenador Apple, esta es una licencia VL de usuario \u00fanico.<span style=\"color: #333333;\"> Ahorra gracias a la<strong> licencia Office 2019 Hogar y empresas para Mac <\/strong>disponiendo de TODAS LAS FUNCIONES de la licencia en paquete f\u00edsico.<\/span><\/p>\n<ul>\n<li><strong>Al realizar tu pedido,<\/strong> recibir\u00e1s tu licencia por email junto a las instrucciones de instalaci\u00f3n y enlaces oficiales de descarga.<\/li>\n<li><strong>Recibir\u00e1s tu pedido en menos de 2 horas en la mayor\u00eda de ocasiones <\/strong>(aunque a veces tu licencia podr\u00eda tardar hasta 24 horas en ser entregada en funci\u00f3n del horario en que realices tu pedido y la disponibilidad).<\/li>\n<li>Adem\u00e1s incluimos<strong> soporte gratuito para su instalaci\u00f3n<\/strong> para los clientes que tengan alg\u00fan problema con la instalaci\u00f3n o activaci\u00f3n de su programa.<\/li>\n<\/ul>\n<p>&nbsp;<\/p>\n","protected":false},"featured_media":7320,"comment_status":"open","ping_status":"closed","template":"","meta":{"_et_pb_use_builder":"","_et_pb_old_content":"","_et_gb_content_width":""},"product_brand":[],"product_cat":[95,96,477,65],"product_tag":[62,64],"class_list":{"0":"post-7113","1":"product","2":"type-product","3":"status-publish","4":"has-post-thumbnail","6":"product_cat-licencias-programas","7":"product_cat-ofertas","8":"product_cat-software-aplicaciones","9":"product_cat-todos","10":"product_tag-licencia-office-2016-permanente","11":"product_tag-microsoft-office-2016-profesioanl-licencia-digital","13":"first","14":"instock","15":"sale","16":"virtual","17":"taxable","18":"purchasable","19":"product-type-simple"},"yoast_head":"<!-- This site is optimized with the Yoast SEO plugin v26.5 - https:\/\/yoast.com\/wordpress\/plugins\/seo\/ -->\n<title>Office Hogar y empresas 2019 para Mac |Tienda PCMADRID<\/title>\n<meta name=\"description\" content=\"\ud83c\udf4fCon la oferta en licencia Office Hogar y Empresas 2019 para Mac podr\u00e1s disponer de una licencia de Office 2019 barata y permanente\u00a0en tu Mac.\" \/>\n<meta name=\"robots\" content=\"index, follow, max-snippet:-1, max-image-preview:large, max-video-preview:-1\" \/>\n<link rel=\"canonical\" href=\"https:\/\/www.pcmadrid.es\/tienda\/producto\/licencia-office-hogar-y-empresas-mac\/\" \/>\n<meta name=\"twitter:label1\" content=\"Tiempo de lectura\" \/>\n\t<meta name=\"twitter:data1\" content=\"4 minutos\" \/>\n<script type=\"application\/ld+json\" class=\"yoast-schema-graph\">{\"@context\":\"https:\/\/schema.org\",\"@graph\":[{\"@type\":\"WebPage\",\"@id\":\"https:\/\/www.pcmadrid.es\/tienda\/producto\/licencia-office-hogar-y-empresas-mac\/\",\"url\":\"https:\/\/www.pcmadrid.es\/tienda\/producto\/licencia-office-hogar-y-empresas-mac\/\",\"name\":\"Office Hogar y empresas 2019 para Mac |Tienda PCMADRID\",\"isPartOf\":{\"@id\":\"https:\/\/www.pcmadrid.es\/tienda\/#website\"},\"primaryImageOfPage\":{\"@id\":\"https:\/\/www.pcmadrid.es\/tienda\/producto\/licencia-office-hogar-y-empresas-mac\/#primaryimage\"},\"image\":{\"@id\":\"https:\/\/www.pcmadrid.es\/tienda\/producto\/licencia-office-hogar-y-empresas-mac\/#primaryimage\"},\"thumbnailUrl\":\"https:\/\/i0.wp.com\/www.pcmadrid.es\/tienda\/wp-content\/uploads\/2019\/11\/office-2019-mac.jpg?fit=1144%2C1144&ssl=1\",\"datePublished\":\"2019-11-14T14:52:40+00:00\",\"dateModified\":\"2024-11-29T15:17:53+00:00\",\"description\":\"\ud83c\udf4fCon la oferta en licencia Office Hogar y Empresas 2019 para Mac podr\u00e1s disponer de una licencia de Office 2019 barata y permanente\u00a0en tu Mac.\",\"breadcrumb\":{\"@id\":\"https:\/\/www.pcmadrid.es\/tienda\/producto\/licencia-office-hogar-y-empresas-mac\/#breadcrumb\"},\"inLanguage\":\"es\",\"potentialAction\":[{\"@type\":\"ReadAction\",\"target\":[\"https:\/\/www.pcmadrid.es\/tienda\/producto\/licencia-office-hogar-y-empresas-mac\/\"]}]},{\"@type\":\"ImageObject\",\"inLanguage\":\"es\",\"@id\":\"https:\/\/www.pcmadrid.es\/tienda\/producto\/licencia-office-hogar-y-empresas-mac\/#primaryimage\",\"url\":\"https:\/\/i0.wp.com\/www.pcmadrid.es\/tienda\/wp-content\/uploads\/2019\/11\/office-2019-mac.jpg?fit=1144%2C1144&ssl=1\",\"contentUrl\":\"https:\/\/i0.wp.com\/www.pcmadrid.es\/tienda\/wp-content\/uploads\/2019\/11\/office-2019-mac.jpg?fit=1144%2C1144&ssl=1\",\"width\":1144,\"height\":1144,\"caption\":\"licencia office mac 2019 barata\"},{\"@type\":\"BreadcrumbList\",\"@id\":\"https:\/\/www.pcmadrid.es\/tienda\/producto\/licencia-office-hogar-y-empresas-mac\/#breadcrumb\",\"itemListElement\":[{\"@type\":\"ListItem\",\"position\":1,\"name\":\"Portada\",\"item\":\"https:\/\/www.pcmadrid.es\/tienda\/\"},{\"@type\":\"ListItem\",\"position\":2,\"name\":\"Todos los productos\",\"item\":\"https:\/\/www.pcmadrid.es\/tienda\/todos-los-productos\/\"},{\"@type\":\"ListItem\",\"position\":3,\"name\":\"Office Hogar y empresas 2019 para Mac\"}]},{\"@type\":\"WebSite\",\"@id\":\"https:\/\/www.pcmadrid.es\/tienda\/#website\",\"url\":\"https:\/\/www.pcmadrid.es\/tienda\/\",\"name\":\"Tienda PCMADRID\",\"description\":\"Venta y reparaciones de ordenadores\",\"publisher\":{\"@id\":\"https:\/\/www.pcmadrid.es\/tienda\/#organization\"},\"potentialAction\":[{\"@type\":\"SearchAction\",\"target\":{\"@type\":\"EntryPoint\",\"urlTemplate\":\"https:\/\/www.pcmadrid.es\/tienda\/?s={search_term_string}\"},\"query-input\":{\"@type\":\"PropertyValueSpecification\",\"valueRequired\":true,\"valueName\":\"search_term_string\"}}],\"inLanguage\":\"es\"},{\"@type\":\"Organization\",\"@id\":\"https:\/\/www.pcmadrid.es\/tienda\/#organization\",\"name\":\"PCMADRID\",\"url\":\"https:\/\/www.pcmadrid.es\/tienda\/\",\"logo\":{\"@type\":\"ImageObject\",\"inLanguage\":\"es\",\"@id\":\"https:\/\/www.pcmadrid.es\/tienda\/#\/schema\/logo\/image\/\",\"url\":\"https:\/\/i0.wp.com\/www.pcmadrid.es\/tienda\/wp-content\/uploads\/2019\/10\/pcmadridlogo..png?fit=750%2C300&ssl=1\",\"contentUrl\":\"https:\/\/i0.wp.com\/www.pcmadrid.es\/tienda\/wp-content\/uploads\/2019\/10\/pcmadridlogo..png?fit=750%2C300&ssl=1\",\"width\":750,\"height\":300,\"caption\":\"PCMADRID\"},\"image\":{\"@id\":\"https:\/\/www.pcmadrid.es\/tienda\/#\/schema\/logo\/image\/\"},\"sameAs\":[\"https:\/\/www.facebook.com\/pcmadridinformatica\",\"https:\/\/x.com\/pc_madrid\",\"https:\/\/www.youtube.com\/channel\/UCIbQq9k6BBrU5x2wqDIHr7A\",\"https:\/\/www.instagram.com\/pcmadrid_informatica\/?hl=es\",\"https:\/\/www.linkedin.com\/company\/9348326\/admin\/\",\"https:\/\/www.pinterest.es\/pcmadrid_informatica\/\"]}]}<\/script>\n<!-- \/ Yoast SEO plugin. -->","yoast_head_json":{"title":"Office Hogar y empresas 2019 para Mac |Tienda PCMADRID","description":"\ud83c\udf4fCon la oferta en licencia Office Hogar y Empresas 2019 para Mac podr\u00e1s disponer de una licencia de Office 2019 barata y permanente\u00a0en tu Mac.","robots":{"index":"index","follow":"follow","max-snippet":"max-snippet:-1","max-image-preview":"max-image-preview:large","max-video-preview":"max-video-preview:-1"},"canonical":"https:\/\/www.pcmadrid.es\/tienda\/producto\/licencia-office-hogar-y-empresas-mac\/","twitter_misc":{"Tiempo de lectura":"4 minutos"},"schema":{"@context":"https:\/\/schema.org","@graph":[{"@type":"WebPage","@id":"https:\/\/www.pcmadrid.es\/tienda\/producto\/licencia-office-hogar-y-empresas-mac\/","url":"https:\/\/www.pcmadrid.es\/tienda\/producto\/licencia-office-hogar-y-empresas-mac\/","name":"Office Hogar y empresas 2019 para Mac |Tienda PCMADRID","isPartOf":{"@id":"https:\/\/www.pcmadrid.es\/tienda\/#website"},"primaryImageOfPage":{"@id":"https:\/\/www.pcmadrid.es\/tienda\/producto\/licencia-office-hogar-y-empresas-mac\/#primaryimage"},"image":{"@id":"https:\/\/www.pcmadrid.es\/tienda\/producto\/licencia-office-hogar-y-empresas-mac\/#primaryimage"},"thumbnailUrl":"https:\/\/i0.wp.com\/www.pcmadrid.es\/tienda\/wp-content\/uploads\/2019\/11\/office-2019-mac.jpg?fit=1144%2C1144&ssl=1","datePublished":"2019-11-14T14:52:40+00:00","dateModified":"2024-11-29T15:17:53+00:00","description":"\ud83c\udf4fCon la oferta en licencia Office Hogar y Empresas 2019 para Mac podr\u00e1s disponer de una licencia de Office 2019 barata y permanente\u00a0en tu Mac.","breadcrumb":{"@id":"https:\/\/www.pcmadrid.es\/tienda\/producto\/licencia-office-hogar-y-empresas-mac\/#breadcrumb"},"inLanguage":"es","potentialAction":[{"@type":"ReadAction","target":["https:\/\/www.pcmadrid.es\/tienda\/producto\/licencia-office-hogar-y-empresas-mac\/"]}]},{"@type":"ImageObject","inLanguage":"es","@id":"https:\/\/www.pcmadrid.es\/tienda\/producto\/licencia-office-hogar-y-empresas-mac\/#primaryimage","url":"https:\/\/i0.wp.com\/www.pcmadrid.es\/tienda\/wp-content\/uploads\/2019\/11\/office-2019-mac.jpg?fit=1144%2C1144&ssl=1","contentUrl":"https:\/\/i0.wp.com\/www.pcmadrid.es\/tienda\/wp-content\/uploads\/2019\/11\/office-2019-mac.jpg?fit=1144%2C1144&ssl=1","width":1144,"height":1144,"caption":"licencia office mac 2019 barata"},{"@type":"BreadcrumbList","@id":"https:\/\/www.pcmadrid.es\/tienda\/producto\/licencia-office-hogar-y-empresas-mac\/#breadcrumb","itemListElement":[{"@type":"ListItem","position":1,"name":"Portada","item":"https:\/\/www.pcmadrid.es\/tienda\/"},{"@type":"ListItem","position":2,"name":"Todos los productos","item":"https:\/\/www.pcmadrid.es\/tienda\/todos-los-productos\/"},{"@type":"ListItem","position":3,"name":"Office Hogar y empresas 2019 para Mac"}]},{"@type":"WebSite","@id":"https:\/\/www.pcmadrid.es\/tienda\/#website","url":"https:\/\/www.pcmadrid.es\/tienda\/","name":"Tienda PCMADRID","description":"Venta y reparaciones de ordenadores","publisher":{"@id":"https:\/\/www.pcmadrid.es\/tienda\/#organization"},"potentialAction":[{"@type":"SearchAction","target":{"@type":"EntryPoint","urlTemplate":"https:\/\/www.pcmadrid.es\/tienda\/?s={search_term_string}"},"query-input":{"@type":"PropertyValueSpecification","valueRequired":true,"valueName":"search_term_string"}}],"inLanguage":"es"},{"@type":"Organization","@id":"https:\/\/www.pcmadrid.es\/tienda\/#organization","name":"PCMADRID","url":"https:\/\/www.pcmadrid.es\/tienda\/","logo":{"@type":"ImageObject","inLanguage":"es","@id":"https:\/\/www.pcmadrid.es\/tienda\/#\/schema\/logo\/image\/","url":"https:\/\/i0.wp.com\/www.pcmadrid.es\/tienda\/wp-content\/uploads\/2019\/10\/pcmadridlogo..png?fit=750%2C300&ssl=1","contentUrl":"https:\/\/i0.wp.com\/www.pcmadrid.es\/tienda\/wp-content\/uploads\/2019\/10\/pcmadridlogo..png?fit=750%2C300&ssl=1","width":750,"height":300,"caption":"PCMADRID"},"image":{"@id":"https:\/\/www.pcmadrid.es\/tienda\/#\/schema\/logo\/image\/"},"sameAs":["https:\/\/www.facebook.com\/pcmadridinformatica","https:\/\/x.com\/pc_madrid","https:\/\/www.youtube.com\/channel\/UCIbQq9k6BBrU5x2wqDIHr7A","https:\/\/www.instagram.com\/pcmadrid_informatica\/?hl=es","https:\/\/www.linkedin.com\/company\/9348326\/admin\/","https:\/\/www.pinterest.es\/pcmadrid_informatica\/"]}]}},"jetpack_sharing_enabled":true,"_links":{"self":[{"href":"https:\/\/www.pcmadrid.es\/tienda\/wp-json\/wp\/v2\/product\/7113","targetHints":{"allow":["GET"]}}],"collection":[{"href":"https:\/\/www.pcmadrid.es\/tienda\/wp-json\/wp\/v2\/product"}],"about":[{"href":"https:\/\/www.pcmadrid.es\/tienda\/wp-json\/wp\/v2\/types\/product"}],"replies":[{"embeddable":true,"href":"https:\/\/www.pcmadrid.es\/tienda\/wp-json\/wp\/v2\/comments?post=7113"}],"wp:featuredmedia":[{"embeddable":true,"href":"https:\/\/www.pcmadrid.es\/tienda\/wp-json\/wp\/v2\/media\/7320"}],"wp:attachment":[{"href":"https:\/\/www.pcmadrid.es\/tienda\/wp-json\/wp\/v2\/media?parent=7113"}],"wp:term":[{"taxonomy":"product_brand","embeddable":true,"href":"https:\/\/www.pcmadrid.es\/tienda\/wp-json\/wp\/v2\/product_brand?post=7113"},{"taxonomy":"product_cat","embeddable":true,"href":"https:\/\/www.pcmadrid.es\/tienda\/wp-json\/wp\/v2\/product_cat?post=7113"},{"taxonomy":"product_tag","embeddable":true,"href":"https:\/\/www.pcmadrid.es\/tienda\/wp-json\/wp\/v2\/product_tag?post=7113"}],"curies":[{"name":"wp","href":"https:\/\/api.w.org\/{rel}","templated":true}]}}